{"id":18899,"date":"2023-05-07T19:22:50","date_gmt":"2023-05-07T19:22:50","guid":{"rendered":"https:\/\/lapainteriordesign.com\/product\/havasu-i\/"},"modified":"2025-12-22T23:24:01","modified_gmt":"2025-12-22T23:24:01","slug":"mesa-jantar-havasu-i","status":"publish","type":"product","link":"https:\/\/lapainteriordesign.com\/pt-pt\/product\/mesa-jantar-havasu-i\/","title":{"rendered":"Mesa jantar Havasu I"},"content":{"rendered":"<h5 data-start=\"164\" data-end=\"219\"><strong data-start=\"168\" data-end=\"217\">Mesa de Jantar Havasu I \u2013 Eleg\u00e2ncia e Fluidez<\/strong><\/h5>\n<p data-start=\"220\" data-end=\"668\">A <strong data-start=\"222\" data-end=\"249\">Mesa de Jantar Havasu I<\/strong> inspira-se na beleza das cascatas paradis\u00edacas, traduzindo a fluidez e a leveza das linhas naturais em design contempor\u00e2neo. Com quatro p\u00e9s curvos, detalhados com incrusta\u00e7\u00f5es met\u00e1licas em dourado, a mesa suporta um tampo oval que se destaca pela sofistica\u00e7\u00e3o e presen\u00e7a. Esta combina\u00e7\u00e3o de materiais e formas faz da Havasu uma pe\u00e7a perfeita para ambientes modernos, trazendo charme e requinte para a sala de jantar.<\/p>\n<p data-start=\"670\" data-end=\"1011\">O tampo em <strong data-start=\"681\" data-end=\"699\">Macassar Ebony<\/strong>, aliado aos detalhes em a\u00e7o dourado, garante durabilidade e eleg\u00e2ncia. Al\u00e9m disso, a mesa Havasu pode ser personalizada em diferentes tamanhos e acabamentos, permitindo adapt\u00e1-la ao estilo e espa\u00e7o do cliente. Ideal para criar um ponto focal na decora\u00e7\u00e3o, alia est\u00e9tica, funcionalidade e luxo em cada detalhe.<\/p>\n<p data-start=\"1013\" data-end=\"1145\"><strong data-start=\"1013\" data-end=\"1027\">Estrutura:<\/strong> Macassar Ebony com detalhes em a\u00e7o dourado<br data-start=\"1070\" data-end=\"1073\" \/><strong data-start=\"1073\" data-end=\"1092\">Personaliza\u00e7\u00e3o:<\/strong> Tamanhos e acabamentos dispon\u00edveis mediante pedido<\/p>\n<p>&nbsp;<\/p>\n","protected":false},"excerpt":{"rendered":"<p>Mesa de Jantar Havasu I com tampo oval em Macassar Ebony e detalhes em a\u00e7o dourado. Design elegante e fluido para salas de jantar modernas.<\/p>\n<p>&nbsp;<\/p>\n","protected":false},"featured_media":18894,"template":"","meta":{"_joinchat":{"telephone":"+351910131778","message_text":"Questions about this piece?"}},"product_brand":[],"product_cat":[905,909,878],"product_tag":[3142,4011,4009,4010,739,4013,4012],"class_list":{"0":"post-18899","1":"product","2":"type-product","3":"status-publish","4":"has-post-thumbnail","6":"product_cat-mesas","7":"product_cat-mesas-de-jantar","8":"product_cat-mobilia","9":"product_tag-design-moderno","10":"product_tag-detalhes-em-aco-dourado","11":"product_tag-havasu-i","12":"product_tag-macassar-ebony","13":"product_tag-mesa-de-jantar","14":"product_tag-mesa-de-luxo","15":"product_tag-mesa-oval","17":"first","18":"instock","19":"taxable","20":"shipping-taxable","21":"product-type-simple"},"yoast_head":"<!-- This site is optimized with the Yoast SEO plugin v26.7 - https:\/\/yoast.com\/wordpress\/plugins\/seo\/ -->\n<title>Mesa jantar Havasu I - lapainteriordesign.com<\/title>\n<meta name=\"description\" content=\"Mesa de Jantar Havasu I com tampo oval em Macassar Ebony e detalhes em a\u00e7o dourado. Design elegante e fluido para salas de jantar modernas.\" \/>\n<meta name=\"robots\" content=\"index, follow, max-snippet:-1, max-image-preview:large, max-video-preview:-1\" \/>\n<link rel=\"canonical\" href=\"https:\/\/lapainteriordesign.com\/product\/havasu-i-dining-table\/\" \/>\n<meta property=\"og:locale\" content=\"pt_PT\" \/>\n<meta property=\"og:type\" content=\"article\" \/>\n<meta property=\"og:title\" content=\"Mesa jantar Havasu I - lapainteriordesign.com\" \/>\n<meta property=\"og:description\" content=\"Mesa de Jantar Havasu I com tampo oval em Macassar Ebony e detalhes em a\u00e7o dourado. Design elegante e fluido para salas de jantar modernas.\" \/>\n<meta property=\"og:url\" content=\"https:\/\/lapainteriordesign.com\/product\/havasu-i-dining-table\/\" \/>\n<meta property=\"og:site_name\" content=\"lapainteriordesign.com\" \/>\n<meta property=\"article:publisher\" content=\"https:\/\/www.facebook.com\/LapaInteriorDesign\" \/>\n<meta property=\"article:modified_time\" content=\"2025-12-22T23:24:01+00:00\" \/>\n<meta property=\"og:image\" content=\"https:\/\/lapainteriordesign.com\/wp-content\/uploads\/2023\/05\/Havasu-I-dining-table-1-Praddy-lapa1100x1100.jpg\" \/>\n\t<meta property=\"og:image:width\" content=\"1000\" \/>\n\t<meta property=\"og:image:height\" content=\"1000\" \/>\n\t<meta property=\"og:image:type\" content=\"image\/jpeg\" \/>\n<meta name=\"twitter:card\" content=\"summary_large_image\" \/>\n<meta name=\"twitter:site\" content=\"@lapainterior\" \/>\n<meta name=\"twitter:label1\" content=\"Tempo estimado de leitura\" \/>\n\t<meta name=\"twitter:data1\" content=\"1 minuto\" \/>\n<script type=\"application\/ld+json\" class=\"yoast-schema-graph\">{\"@context\":\"https:\/\/schema.org\",\"@graph\":[{\"@type\":\"WebPage\",\"@id\":\"https:\/\/lapainteriordesign.com\/product\/havasu-i-dining-table\/\",\"url\":\"https:\/\/lapainteriordesign.com\/product\/havasu-i-dining-table\/\",\"name\":\"Mesa jantar Havasu I - lapainteriordesign.com\",\"isPartOf\":{\"@id\":\"https:\/\/lapainteriordesign.com\/#website\"},\"primaryImageOfPage\":{\"@id\":\"https:\/\/lapainteriordesign.com\/product\/havasu-i-dining-table\/#primaryimage\"},\"image\":{\"@id\":\"https:\/\/lapainteriordesign.com\/product\/havasu-i-dining-table\/#primaryimage\"},\"thumbnailUrl\":\"https:\/\/lapainteriordesign.com\/wp-content\/uploads\/2023\/05\/Havasu-I-dining-table-1-Praddy-lapa1100x1100.jpg\",\"datePublished\":\"2023-05-07T19:22:50+00:00\",\"dateModified\":\"2025-12-22T23:24:01+00:00\",\"description\":\"Mesa de Jantar Havasu I com tampo oval em Macassar Ebony e detalhes em a\u00e7o dourado. Design elegante e fluido para salas de jantar modernas.\",\"breadcrumb\":{\"@id\":\"https:\/\/lapainteriordesign.com\/product\/havasu-i-dining-table\/#breadcrumb\"},\"inLanguage\":\"pt-PT\",\"potentialAction\":[{\"@type\":\"ReadAction\",\"target\":[\"https:\/\/lapainteriordesign.com\/product\/havasu-i-dining-table\/\"]}]},{\"@type\":\"ImageObject\",\"inLanguage\":\"pt-PT\",\"@id\":\"https:\/\/lapainteriordesign.com\/product\/havasu-i-dining-table\/#primaryimage\",\"url\":\"https:\/\/lapainteriordesign.com\/wp-content\/uploads\/2023\/05\/Havasu-I-dining-table-1-Praddy-lapa1100x1100.jpg\",\"contentUrl\":\"https:\/\/lapainteriordesign.com\/wp-content\/uploads\/2023\/05\/Havasu-I-dining-table-1-Praddy-lapa1100x1100.jpg\",\"width\":1000,\"height\":1000,\"caption\":\"Lapa_interior_Design: table_mesa_Havasu-I-dining-table-1-Praddy-lapa1100x1100.jpg\"},{\"@type\":\"BreadcrumbList\",\"@id\":\"https:\/\/lapainteriordesign.com\/product\/havasu-i-dining-table\/#breadcrumb\",\"itemListElement\":[{\"@type\":\"ListItem\",\"position\":1,\"name\":\"Home\",\"item\":\"https:\/\/lapainteriordesign.com\/pt-pt\/\"},{\"@type\":\"ListItem\",\"position\":2,\"name\":\"Products\",\"item\":\"https:\/\/lapainteriordesign.com\/products\/\"},{\"@type\":\"ListItem\",\"position\":3,\"name\":\"Mesa jantar Havasu I\"}]},{\"@type\":\"WebSite\",\"@id\":\"https:\/\/lapainteriordesign.com\/#website\",\"url\":\"https:\/\/lapainteriordesign.com\/\",\"name\":\"lapainteriordesign.com\",\"description\":\"Luxury Interior Design\",\"publisher\":{\"@id\":\"https:\/\/lapainteriordesign.com\/#organization\"},\"potentialAction\":[{\"@type\":\"SearchAction\",\"target\":{\"@type\":\"EntryPoint\",\"urlTemplate\":\"https:\/\/lapainteriordesign.com\/?s={search_term_string}\"},\"query-input\":{\"@type\":\"PropertyValueSpecification\",\"valueRequired\":true,\"valueName\":\"search_term_string\"}}],\"inLanguage\":\"pt-PT\"},{\"@type\":\"Organization\",\"@id\":\"https:\/\/lapainteriordesign.com\/#organization\",\"name\":\"Lapa Interior Design\",\"url\":\"https:\/\/lapainteriordesign.com\/\",\"logo\":{\"@type\":\"ImageObject\",\"inLanguage\":\"pt-PT\",\"@id\":\"https:\/\/lapainteriordesign.com\/#\/schema\/logo\/image\/\",\"url\":\"https:\/\/lapainteriordesign.com\/wp-content\/uploads\/2026\/05\/cropped-Design-sem-nome-2026-05-06T092324.284.png\",\"contentUrl\":\"https:\/\/lapainteriordesign.com\/wp-content\/uploads\/2026\/05\/cropped-Design-sem-nome-2026-05-06T092324.284.png\",\"width\":512,\"height\":512,\"caption\":\"Lapa Interior Design\"},\"image\":{\"@id\":\"https:\/\/lapainteriordesign.com\/#\/schema\/logo\/image\/\"},\"sameAs\":[\"https:\/\/www.facebook.com\/LapaInteriorDesign\",\"https:\/\/x.com\/lapainterior\",\"https:\/\/www.instagram.com\/lapainteriordesign\/\",\"https:\/\/www.linkedin.com\/in\/lapa-interior-design-376823206\/\"]}]}<\/script>\n<!-- \/ Yoast SEO plugin. -->","yoast_head_json":{"title":"Mesa jantar Havasu I - lapainteriordesign.com","description":"Mesa de Jantar Havasu I com tampo oval em Macassar Ebony e detalhes em a\u00e7o dourado. Design elegante e fluido para salas de jantar modernas.","robots":{"index":"index","follow":"follow","max-snippet":"max-snippet:-1","max-image-preview":"max-image-preview:large","max-video-preview":"max-video-preview:-1"},"canonical":"https:\/\/lapainteriordesign.com\/product\/havasu-i-dining-table\/","og_locale":"pt_PT","og_type":"article","og_title":"Mesa jantar Havasu I - lapainteriordesign.com","og_description":"Mesa de Jantar Havasu I com tampo oval em Macassar Ebony e detalhes em a\u00e7o dourado. Design elegante e fluido para salas de jantar modernas.","og_url":"https:\/\/lapainteriordesign.com\/product\/havasu-i-dining-table\/","og_site_name":"lapainteriordesign.com","article_publisher":"https:\/\/www.facebook.com\/LapaInteriorDesign","article_modified_time":"2025-12-22T23:24:01+00:00","og_image":[{"width":1000,"height":1000,"url":"https:\/\/lapainteriordesign.com\/wp-content\/uploads\/2023\/05\/Havasu-I-dining-table-1-Praddy-lapa1100x1100.jpg","type":"image\/jpeg"}],"twitter_card":"summary_large_image","twitter_site":"@lapainterior","twitter_misc":{"Tempo estimado de leitura":"1 minuto"},"schema":{"@context":"https:\/\/schema.org","@graph":[{"@type":"WebPage","@id":"https:\/\/lapainteriordesign.com\/product\/havasu-i-dining-table\/","url":"https:\/\/lapainteriordesign.com\/product\/havasu-i-dining-table\/","name":"Mesa jantar Havasu I - lapainteriordesign.com","isPartOf":{"@id":"https:\/\/lapainteriordesign.com\/#website"},"primaryImageOfPage":{"@id":"https:\/\/lapainteriordesign.com\/product\/havasu-i-dining-table\/#primaryimage"},"image":{"@id":"https:\/\/lapainteriordesign.com\/product\/havasu-i-dining-table\/#primaryimage"},"thumbnailUrl":"https:\/\/lapainteriordesign.com\/wp-content\/uploads\/2023\/05\/Havasu-I-dining-table-1-Praddy-lapa1100x1100.jpg","datePublished":"2023-05-07T19:22:50+00:00","dateModified":"2025-12-22T23:24:01+00:00","description":"Mesa de Jantar Havasu I com tampo oval em Macassar Ebony e detalhes em a\u00e7o dourado. Design elegante e fluido para salas de jantar modernas.","breadcrumb":{"@id":"https:\/\/lapainteriordesign.com\/product\/havasu-i-dining-table\/#breadcrumb"},"inLanguage":"pt-PT","potentialAction":[{"@type":"ReadAction","target":["https:\/\/lapainteriordesign.com\/product\/havasu-i-dining-table\/"]}]},{"@type":"ImageObject","inLanguage":"pt-PT","@id":"https:\/\/lapainteriordesign.com\/product\/havasu-i-dining-table\/#primaryimage","url":"https:\/\/lapainteriordesign.com\/wp-content\/uploads\/2023\/05\/Havasu-I-dining-table-1-Praddy-lapa1100x1100.jpg","contentUrl":"https:\/\/lapainteriordesign.com\/wp-content\/uploads\/2023\/05\/Havasu-I-dining-table-1-Praddy-lapa1100x1100.jpg","width":1000,"height":1000,"caption":"Lapa_interior_Design: table_mesa_Havasu-I-dining-table-1-Praddy-lapa1100x1100.jpg"},{"@type":"BreadcrumbList","@id":"https:\/\/lapainteriordesign.com\/product\/havasu-i-dining-table\/#breadcrumb","itemListElement":[{"@type":"ListItem","position":1,"name":"Home","item":"https:\/\/lapainteriordesign.com\/pt-pt\/"},{"@type":"ListItem","position":2,"name":"Products","item":"https:\/\/lapainteriordesign.com\/products\/"},{"@type":"ListItem","position":3,"name":"Mesa jantar Havasu I"}]},{"@type":"WebSite","@id":"https:\/\/lapainteriordesign.com\/#website","url":"https:\/\/lapainteriordesign.com\/","name":"lapainteriordesign.com","description":"Luxury Interior Design","publisher":{"@id":"https:\/\/lapainteriordesign.com\/#organization"},"potentialAction":[{"@type":"SearchAction","target":{"@type":"EntryPoint","urlTemplate":"https:\/\/lapainteriordesign.com\/?s={search_term_string}"},"query-input":{"@type":"PropertyValueSpecification","valueRequired":true,"valueName":"search_term_string"}}],"inLanguage":"pt-PT"},{"@type":"Organization","@id":"https:\/\/lapainteriordesign.com\/#organization","name":"Lapa Interior Design","url":"https:\/\/lapainteriordesign.com\/","logo":{"@type":"ImageObject","inLanguage":"pt-PT","@id":"https:\/\/lapainteriordesign.com\/#\/schema\/logo\/image\/","url":"https:\/\/lapainteriordesign.com\/wp-content\/uploads\/2026\/05\/cropped-Design-sem-nome-2026-05-06T092324.284.png","contentUrl":"https:\/\/lapainteriordesign.com\/wp-content\/uploads\/2026\/05\/cropped-Design-sem-nome-2026-05-06T092324.284.png","width":512,"height":512,"caption":"Lapa Interior Design"},"image":{"@id":"https:\/\/lapainteriordesign.com\/#\/schema\/logo\/image\/"},"sameAs":["https:\/\/www.facebook.com\/LapaInteriorDesign","https:\/\/x.com\/lapainterior","https:\/\/www.instagram.com\/lapainteriordesign\/","https:\/\/www.linkedin.com\/in\/lapa-interior-design-376823206\/"]}]}},"_links":{"self":[{"href":"https:\/\/lapainteriordesign.com\/pt-pt\/wp-json\/wp\/v2\/product\/18899","targetHints":{"allow":["GET"]}}],"collection":[{"href":"https:\/\/lapainteriordesign.com\/pt-pt\/wp-json\/wp\/v2\/product"}],"about":[{"href":"https:\/\/lapainteriordesign.com\/pt-pt\/wp-json\/wp\/v2\/types\/product"}],"version-history":[{"count":0,"href":"https:\/\/lapainteriordesign.com\/pt-pt\/wp-json\/wp\/v2\/product\/18899\/revisions"}],"wp:featuredmedia":[{"embeddable":true,"href":"https:\/\/lapainteriordesign.com\/pt-pt\/wp-json\/wp\/v2\/media\/18894"}],"wp:attachment":[{"href":"https:\/\/lapainteriordesign.com\/pt-pt\/wp-json\/wp\/v2\/media?parent=18899"}],"wp:term":[{"taxonomy":"product_brand","embeddable":true,"href":"https:\/\/lapainteriordesign.com\/pt-pt\/wp-json\/wp\/v2\/product_brand?post=18899"},{"taxonomy":"product_cat","embeddable":true,"href":"https:\/\/lapainteriordesign.com\/pt-pt\/wp-json\/wp\/v2\/product_cat?post=18899"},{"taxonomy":"product_tag","embeddable":true,"href":"https:\/\/lapainteriordesign.com\/pt-pt\/wp-json\/wp\/v2\/product_tag?post=18899"}],"curies":[{"name":"wp","href":"https:\/\/api.w.org\/{rel}","templated":true}]}}