{"id":18715,"date":"2023-05-24T18:16:46","date_gmt":"2023-05-24T18:16:46","guid":{"rendered":"https:\/\/lapainteriordesign.com\/product\/caress-chair\/"},"modified":"2025-12-21T21:02:18","modified_gmt":"2025-12-21T21:02:18","slug":"cadeira-caress","status":"publish","type":"product","link":"https:\/\/lapainteriordesign.com\/pt-pt\/product\/cadeira-caress\/","title":{"rendered":"Cadeira Caress"},"content":{"rendered":"<h5 data-start=\"170\" data-end=\"233\"><strong data-start=\"174\" data-end=\"233\">Cadeira Caress \u2013 Luxo e Conforto com Design Sofisticado<\/strong><\/h5>\n<p data-start=\"235\" data-end=\"579\">A <strong data-start=\"237\" data-end=\"255\">Cadeira Caress<\/strong> \u00e9 uma pe\u00e7a de mobili\u00e1rio luxuosa que combina diferentes elementos de grande charme. Este modelo elegante apresenta um <strong data-start=\"374\" data-end=\"395\">assento aveludado<\/strong> e um tecido macio e texturizado no restante da estrutura, ambos estofados. O <strong data-start=\"473\" data-end=\"504\">perfil envolvente em concha<\/strong> do encosto e dos bra\u00e7os real\u00e7a a sensa\u00e7\u00e3o de acolhimento e sofistica\u00e7\u00e3o.<\/p>\n<p data-start=\"581\" data-end=\"937\">As pernas tamb\u00e9m s\u00e3o estofadas com o mesmo tecido macio e texturizado, criando harmonia e coer\u00eancia em toda a pe\u00e7a. No conjunto,\u00a0equilibra diferentes texturas, tornando-se uma escolha perfeita para <strong data-start=\"800\" data-end=\"860\">salas de jantar, escrit\u00f3rios ou ambientes contempor\u00e2neos<\/strong>. Este design transforma qualquer interior em um espa\u00e7o \u00fanico e requintado.<\/p>\n<p data-start=\"939\" data-end=\"1098\"><strong data-start=\"939\" data-end=\"950\">Tecido:<\/strong> Osbornsurf Ivory (Com: 3m) | Sintelux 12 Dirty White (Com: 1m)<br data-start=\"1013\" data-end=\"1016\" \/><strong data-start=\"1016\" data-end=\"1035\">Personaliza\u00e7\u00e3o:<\/strong> Tamanhos e acabamentos personalizados dispon\u00edveis sob pedido<\/p>\n","protected":false},"excerpt":{"rendered":"<p>Descubra a Cadeira Caress, estofada em tecidos aveludados e texturizados, perfeita para salas de jantar ou escrit\u00f3rios contempor\u00e2neos. Conforto, luxo e personaliza\u00e7\u00e3o.<\/p>\n","protected":false},"featured_media":18706,"template":"","meta":{"_joinchat":{"telephone":"+351910131778","message_text":"Questions about this piece?"}},"product_brand":[],"product_cat":[895,878],"product_tag":[3901,3899,2172,1483,1390,3900,1528,3902,3903,1087],"class_list":{"0":"post-18715","1":"product","2":"type-product","3":"status-publish","4":"has-post-thumbnail","6":"product_cat-cadeiras","7":"product_cat-mobilia","8":"product_tag-cadeira-aveludada","9":"product_tag-cadeira-caress","10":"product_tag-cadeira-contemporanea","11":"product_tag-cadeira-de-design","12":"product_tag-cadeira-estofada","13":"product_tag-cadeira-luxuosa","14":"product_tag-cadeira-para-escritorio","15":"product_tag-cadeira-para-sala-de-jantar","16":"product_tag-cadeira-personalizada","17":"product_tag-mobiliario-de-luxo","19":"first","20":"onbackorder","21":"taxable","22":"shipping-taxable","23":"purchasable","24":"product-type-simple"},"yoast_head":"<!-- This site is optimized with the Yoast SEO plugin v26.7 - https:\/\/yoast.com\/wordpress\/plugins\/seo\/ -->\n<title>Cadeira Caress - lapainteriordesign.com<\/title>\n<meta name=\"description\" content=\"Descubra a Cadeira Caress, estofada em tecidos aveludados e texturizados, perfeita para salas de jantar ou escrit\u00f3rios contempor\u00e2neos.\" \/>\n<meta name=\"robots\" content=\"index, follow, max-snippet:-1, max-image-preview:large, max-video-preview:-1\" \/>\n<link rel=\"canonical\" href=\"https:\/\/lapainteriordesign.com\/pt-pt\/product\/cadeira-caress\/\" \/>\n<meta property=\"og:locale\" content=\"pt_PT\" \/>\n<meta property=\"og:type\" content=\"article\" \/>\n<meta property=\"og:title\" content=\"Cadeira Caress - lapainteriordesign.com\" \/>\n<meta property=\"og:description\" content=\"Descubra a Cadeira Caress, estofada em tecidos aveludados e texturizados, perfeita para salas de jantar ou escrit\u00f3rios contempor\u00e2neos.\" \/>\n<meta property=\"og:url\" content=\"https:\/\/lapainteriordesign.com\/pt-pt\/product\/cadeira-caress\/\" \/>\n<meta property=\"og:site_name\" content=\"lapainteriordesign.com\" \/>\n<meta property=\"article:publisher\" content=\"https:\/\/www.facebook.com\/LapaInteriorDesign\" \/>\n<meta property=\"article:modified_time\" content=\"2025-12-21T21:02:18+00:00\" \/>\n<meta property=\"og:image\" content=\"https:\/\/lapainteriordesign.com\/wp-content\/uploads\/2023\/05\/Lapa-AMliving-caress-chair-front-D19042.TC-1578x1140-1.jpg\" \/>\n\t<meta property=\"og:image:width\" content=\"1000\" \/>\n\t<meta property=\"og:image:height\" content=\"1000\" \/>\n\t<meta property=\"og:image:type\" content=\"image\/jpeg\" \/>\n<meta name=\"twitter:card\" content=\"summary_large_image\" \/>\n<meta name=\"twitter:site\" content=\"@lapainterior\" \/>\n<meta name=\"twitter:label1\" content=\"Tempo estimado de leitura\" \/>\n\t<meta name=\"twitter:data1\" content=\"1 minuto\" \/>\n<script type=\"application\/ld+json\" class=\"yoast-schema-graph\">{\"@context\":\"https:\/\/schema.org\",\"@graph\":[{\"@type\":\"WebPage\",\"@id\":\"https:\/\/lapainteriordesign.com\/pt-pt\/product\/cadeira-caress\/\",\"url\":\"https:\/\/lapainteriordesign.com\/pt-pt\/product\/cadeira-caress\/\",\"name\":\"Cadeira Caress - lapainteriordesign.com\",\"isPartOf\":{\"@id\":\"https:\/\/lapainteriordesign.com\/#website\"},\"primaryImageOfPage\":{\"@id\":\"https:\/\/lapainteriordesign.com\/pt-pt\/product\/cadeira-caress\/#primaryimage\"},\"image\":{\"@id\":\"https:\/\/lapainteriordesign.com\/pt-pt\/product\/cadeira-caress\/#primaryimage\"},\"thumbnailUrl\":\"https:\/\/lapainteriordesign.com\/wp-content\/uploads\/2023\/05\/Lapa-AMliving-caress-chair-front-D19042.TC-1578x1140-1.jpg\",\"datePublished\":\"2023-05-24T18:16:46+00:00\",\"dateModified\":\"2025-12-21T21:02:18+00:00\",\"description\":\"Descubra a Cadeira Caress, estofada em tecidos aveludados e texturizados, perfeita para salas de jantar ou escrit\u00f3rios contempor\u00e2neos.\",\"breadcrumb\":{\"@id\":\"https:\/\/lapainteriordesign.com\/pt-pt\/product\/cadeira-caress\/#breadcrumb\"},\"inLanguage\":\"pt-PT\",\"potentialAction\":[{\"@type\":\"ReadAction\",\"target\":[\"https:\/\/lapainteriordesign.com\/pt-pt\/product\/cadeira-caress\/\"]}]},{\"@type\":\"ImageObject\",\"inLanguage\":\"pt-PT\",\"@id\":\"https:\/\/lapainteriordesign.com\/pt-pt\/product\/cadeira-caress\/#primaryimage\",\"url\":\"https:\/\/lapainteriordesign.com\/wp-content\/uploads\/2023\/05\/Lapa-AMliving-caress-chair-front-D19042.TC-1578x1140-1.jpg\",\"contentUrl\":\"https:\/\/lapainteriordesign.com\/wp-content\/uploads\/2023\/05\/Lapa-AMliving-caress-chair-front-D19042.TC-1578x1140-1.jpg\",\"width\":1000,\"height\":1000,\"caption\":\"Lapa-Interior_Design_cadeira_ AMliving-caress-chair-front-D19042.TC-1578x1140-1.jpg\"},{\"@type\":\"BreadcrumbList\",\"@id\":\"https:\/\/lapainteriordesign.com\/pt-pt\/product\/cadeira-caress\/#breadcrumb\",\"itemListElement\":[{\"@type\":\"ListItem\",\"position\":1,\"name\":\"Home\",\"item\":\"https:\/\/lapainteriordesign.com\/pt-pt\/\"},{\"@type\":\"ListItem\",\"position\":2,\"name\":\"Products\",\"item\":\"https:\/\/lapainteriordesign.com\/products\/\"},{\"@type\":\"ListItem\",\"position\":3,\"name\":\"Cadeira Caress\"}]},{\"@type\":\"WebSite\",\"@id\":\"https:\/\/lapainteriordesign.com\/#website\",\"url\":\"https:\/\/lapainteriordesign.com\/\",\"name\":\"lapainteriordesign.com\",\"description\":\"Luxury Interior Design\",\"publisher\":{\"@id\":\"https:\/\/lapainteriordesign.com\/#organization\"},\"potentialAction\":[{\"@type\":\"SearchAction\",\"target\":{\"@type\":\"EntryPoint\",\"urlTemplate\":\"https:\/\/lapainteriordesign.com\/?s={search_term_string}\"},\"query-input\":{\"@type\":\"PropertyValueSpecification\",\"valueRequired\":true,\"valueName\":\"search_term_string\"}}],\"inLanguage\":\"pt-PT\"},{\"@type\":\"Organization\",\"@id\":\"https:\/\/lapainteriordesign.com\/#organization\",\"name\":\"Lapa Interior Design\",\"url\":\"https:\/\/lapainteriordesign.com\/\",\"logo\":{\"@type\":\"ImageObject\",\"inLanguage\":\"pt-PT\",\"@id\":\"https:\/\/lapainteriordesign.com\/#\/schema\/logo\/image\/\",\"url\":\"https:\/\/lapainteriordesign.com\/wp-content\/uploads\/2026\/02\/cropped-Design-sem-nome-2026-02-04T094114.020.jpg\",\"contentUrl\":\"https:\/\/lapainteriordesign.com\/wp-content\/uploads\/2026\/02\/cropped-Design-sem-nome-2026-02-04T094114.020.jpg\",\"width\":512,\"height\":512,\"caption\":\"Lapa Interior Design\"},\"image\":{\"@id\":\"https:\/\/lapainteriordesign.com\/#\/schema\/logo\/image\/\"},\"sameAs\":[\"https:\/\/www.facebook.com\/LapaInteriorDesign\",\"https:\/\/x.com\/lapainterior\",\"https:\/\/www.instagram.com\/lapainteriordesign\/\",\"https:\/\/www.linkedin.com\/in\/lapa-interior-design-376823206\/\"]}]}<\/script>\n<!-- \/ Yoast SEO plugin. -->","yoast_head_json":{"title":"Cadeira Caress - lapainteriordesign.com","description":"Descubra a Cadeira Caress, estofada em tecidos aveludados e texturizados, perfeita para salas de jantar ou escrit\u00f3rios contempor\u00e2neos.","robots":{"index":"index","follow":"follow","max-snippet":"max-snippet:-1","max-image-preview":"max-image-preview:large","max-video-preview":"max-video-preview:-1"},"canonical":"https:\/\/lapainteriordesign.com\/pt-pt\/product\/cadeira-caress\/","og_locale":"pt_PT","og_type":"article","og_title":"Cadeira Caress - lapainteriordesign.com","og_description":"Descubra a Cadeira Caress, estofada em tecidos aveludados e texturizados, perfeita para salas de jantar ou escrit\u00f3rios contempor\u00e2neos.","og_url":"https:\/\/lapainteriordesign.com\/pt-pt\/product\/cadeira-caress\/","og_site_name":"lapainteriordesign.com","article_publisher":"https:\/\/www.facebook.com\/LapaInteriorDesign","article_modified_time":"2025-12-21T21:02:18+00:00","og_image":[{"width":1000,"height":1000,"url":"https:\/\/lapainteriordesign.com\/wp-content\/uploads\/2023\/05\/Lapa-AMliving-caress-chair-front-D19042.TC-1578x1140-1.jpg","type":"image\/jpeg"}],"twitter_card":"summary_large_image","twitter_site":"@lapainterior","twitter_misc":{"Tempo estimado de leitura":"1 minuto"},"schema":{"@context":"https:\/\/schema.org","@graph":[{"@type":"WebPage","@id":"https:\/\/lapainteriordesign.com\/pt-pt\/product\/cadeira-caress\/","url":"https:\/\/lapainteriordesign.com\/pt-pt\/product\/cadeira-caress\/","name":"Cadeira Caress - lapainteriordesign.com","isPartOf":{"@id":"https:\/\/lapainteriordesign.com\/#website"},"primaryImageOfPage":{"@id":"https:\/\/lapainteriordesign.com\/pt-pt\/product\/cadeira-caress\/#primaryimage"},"image":{"@id":"https:\/\/lapainteriordesign.com\/pt-pt\/product\/cadeira-caress\/#primaryimage"},"thumbnailUrl":"https:\/\/lapainteriordesign.com\/wp-content\/uploads\/2023\/05\/Lapa-AMliving-caress-chair-front-D19042.TC-1578x1140-1.jpg","datePublished":"2023-05-24T18:16:46+00:00","dateModified":"2025-12-21T21:02:18+00:00","description":"Descubra a Cadeira Caress, estofada em tecidos aveludados e texturizados, perfeita para salas de jantar ou escrit\u00f3rios contempor\u00e2neos.","breadcrumb":{"@id":"https:\/\/lapainteriordesign.com\/pt-pt\/product\/cadeira-caress\/#breadcrumb"},"inLanguage":"pt-PT","potentialAction":[{"@type":"ReadAction","target":["https:\/\/lapainteriordesign.com\/pt-pt\/product\/cadeira-caress\/"]}]},{"@type":"ImageObject","inLanguage":"pt-PT","@id":"https:\/\/lapainteriordesign.com\/pt-pt\/product\/cadeira-caress\/#primaryimage","url":"https:\/\/lapainteriordesign.com\/wp-content\/uploads\/2023\/05\/Lapa-AMliving-caress-chair-front-D19042.TC-1578x1140-1.jpg","contentUrl":"https:\/\/lapainteriordesign.com\/wp-content\/uploads\/2023\/05\/Lapa-AMliving-caress-chair-front-D19042.TC-1578x1140-1.jpg","width":1000,"height":1000,"caption":"Lapa-Interior_Design_cadeira_ AMliving-caress-chair-front-D19042.TC-1578x1140-1.jpg"},{"@type":"BreadcrumbList","@id":"https:\/\/lapainteriordesign.com\/pt-pt\/product\/cadeira-caress\/#breadcrumb","itemListElement":[{"@type":"ListItem","position":1,"name":"Home","item":"https:\/\/lapainteriordesign.com\/pt-pt\/"},{"@type":"ListItem","position":2,"name":"Products","item":"https:\/\/lapainteriordesign.com\/products\/"},{"@type":"ListItem","position":3,"name":"Cadeira Caress"}]},{"@type":"WebSite","@id":"https:\/\/lapainteriordesign.com\/#website","url":"https:\/\/lapainteriordesign.com\/","name":"lapainteriordesign.com","description":"Luxury Interior Design","publisher":{"@id":"https:\/\/lapainteriordesign.com\/#organization"},"potentialAction":[{"@type":"SearchAction","target":{"@type":"EntryPoint","urlTemplate":"https:\/\/lapainteriordesign.com\/?s={search_term_string}"},"query-input":{"@type":"PropertyValueSpecification","valueRequired":true,"valueName":"search_term_string"}}],"inLanguage":"pt-PT"},{"@type":"Organization","@id":"https:\/\/lapainteriordesign.com\/#organization","name":"Lapa Interior Design","url":"https:\/\/lapainteriordesign.com\/","logo":{"@type":"ImageObject","inLanguage":"pt-PT","@id":"https:\/\/lapainteriordesign.com\/#\/schema\/logo\/image\/","url":"https:\/\/lapainteriordesign.com\/wp-content\/uploads\/2026\/02\/cropped-Design-sem-nome-2026-02-04T094114.020.jpg","contentUrl":"https:\/\/lapainteriordesign.com\/wp-content\/uploads\/2026\/02\/cropped-Design-sem-nome-2026-02-04T094114.020.jpg","width":512,"height":512,"caption":"Lapa Interior Design"},"image":{"@id":"https:\/\/lapainteriordesign.com\/#\/schema\/logo\/image\/"},"sameAs":["https:\/\/www.facebook.com\/LapaInteriorDesign","https:\/\/x.com\/lapainterior","https:\/\/www.instagram.com\/lapainteriordesign\/","https:\/\/www.linkedin.com\/in\/lapa-interior-design-376823206\/"]}]}},"_links":{"self":[{"href":"https:\/\/lapainteriordesign.com\/pt-pt\/wp-json\/wp\/v2\/product\/18715","targetHints":{"allow":["GET"]}}],"collection":[{"href":"https:\/\/lapainteriordesign.com\/pt-pt\/wp-json\/wp\/v2\/product"}],"about":[{"href":"https:\/\/lapainteriordesign.com\/pt-pt\/wp-json\/wp\/v2\/types\/product"}],"version-history":[{"count":0,"href":"https:\/\/lapainteriordesign.com\/pt-pt\/wp-json\/wp\/v2\/product\/18715\/revisions"}],"wp:featuredmedia":[{"embeddable":true,"href":"https:\/\/lapainteriordesign.com\/pt-pt\/wp-json\/wp\/v2\/media\/18706"}],"wp:attachment":[{"href":"https:\/\/lapainteriordesign.com\/pt-pt\/wp-json\/wp\/v2\/media?parent=18715"}],"wp:term":[{"taxonomy":"product_brand","embeddable":true,"href":"https:\/\/lapainteriordesign.com\/pt-pt\/wp-json\/wp\/v2\/product_brand?post=18715"},{"taxonomy":"product_cat","embeddable":true,"href":"https:\/\/lapainteriordesign.com\/pt-pt\/wp-json\/wp\/v2\/product_cat?post=18715"},{"taxonomy":"product_tag","embeddable":true,"href":"https:\/\/lapainteriordesign.com\/pt-pt\/wp-json\/wp\/v2\/product_tag?post=18715"}],"curies":[{"name":"wp","href":"https:\/\/api.w.org\/{rel}","templated":true}]}}