{"id":18450,"date":"2023-05-25T20:33:34","date_gmt":"2023-05-25T20:33:34","guid":{"rendered":"https:\/\/lapainteriordesign.com\/product\/zeus-trimming-square\/"},"modified":"2025-12-19T23:26:13","modified_gmt":"2025-12-19T23:26:13","slug":"almofada-quadrada-zeus-trimming","status":"publish","type":"product","link":"https:\/\/lapainteriordesign.com\/pt-pt\/product\/almofada-quadrada-zeus-trimming\/","title":{"rendered":"Almofada quadrada Zeus Trimming"},"content":{"rendered":"<p data-start=\"193\" data-end=\"257\"><strong data-start=\"193\" data-end=\"257\">Almofada Quadrada Zeus Trimming \u2013 Luxo e Natureza em Bordado<\/strong><\/p>\n<p data-start=\"259\" data-end=\"614\">A <strong data-start=\"261\" data-end=\"296\">Almofada Quadrada Zeus Trimming<\/strong> destaca-se pela riqueza do bordado inspirado na natureza, onde elementos imponentes encontram a beleza delicada. Animais e motivos de carrossel parecem dan\u00e7ar e celebrar a natureza, tornando cada pe\u00e7a \u00fanica. O bordado Zeus combina diversas t\u00e9cnicas, conferindo um efeito tridimensional sofisticado ao tecido de cetim.<\/p>\n<p data-start=\"616\" data-end=\"864\">O verso da almofada \u00e9 em <strong data-start=\"641\" data-end=\"668\">Fondant Cetin CS Col 14<\/strong>, garantindo contraste e eleg\u00e2ncia. O acabamento com <strong data-start=\"721\" data-end=\"769\">trimming S290210101 ROUCHE 81903 \/ 050 \/ NAT<\/strong> acrescenta sofistica\u00e7\u00e3o extra, ideal para almofadas de decora\u00e7\u00e3o, sof\u00e1s ou interiores de luxo.<\/p>\n<p data-start=\"866\" data-end=\"887\"><strong data-start=\"866\" data-end=\"885\">Especifica\u00e7\u00f5es:<\/strong><\/p>\n<ul data-start=\"888\" data-end=\"1041\">\n<li data-start=\"888\" data-end=\"925\">\n<p data-start=\"890\" data-end=\"925\">Tecido: Zeus Col 01 Baby\u2019s Breath<\/p>\n<\/li>\n<li data-start=\"926\" data-end=\"962\">\n<p data-start=\"928\" data-end=\"962\">Reverso: Fondant Cetin CS Col 14<\/p>\n<\/li>\n<li data-start=\"963\" data-end=\"991\">\n<p data-start=\"965\" data-end=\"991\">Composi\u00e7\u00e3o: 100% algod\u00e3o<\/p>\n<\/li>\n<li data-start=\"992\" data-end=\"1041\">\n<p data-start=\"994\" data-end=\"1041\">Trimming: S290210101 ROUCHE 81903 \/ 050 \/ NAT<\/p>\n<\/li>\n<\/ul>\n<p data-start=\"1043\" data-end=\"1140\">As cores apresentadas s\u00e3o meramente ilustrativas e podem variar ligeiramente consoante o monitor.<\/p>\n","protected":false},"excerpt":{"rendered":"<p>In bright vivid tones, this luxurious decorative square cushion, has exquisite flowers, foliage\u00a0 are fully embroidered in an artful kaleidoscopic mirrored form to create a contemporary floral cushion. Finished on all sides with a striking fringed trimming.<\/p>\n","protected":false},"featured_media":18447,"template":"","meta":{"_joinchat":{"telephone":"+351910131778","message_text":"Questions about this piece?"}},"product_brand":[],"product_cat":[869,874],"product_tag":[3667,3666,3671,3670,3668,3674,3672,3669,3673,3656],"class_list":{"0":"post-18450","1":"product","2":"type-product","3":"status-publish","4":"has-post-thumbnail","6":"product_cat-acessorios","7":"product_cat-almofadas","8":"product_tag-almofada-bordada","9":"product_tag-almofada-zeus","10":"product_tag-almofadas-artesanais","11":"product_tag-almofadas-de-interior","12":"product_tag-almofadas-de-luxo","13":"product_tag-almofadas-exclusivas","14":"product_tag-bordado-de-carrossel","15":"product_tag-bordado-decorativo","16":"product_tag-decoracao-de-sofas","17":"product_tag-zeus-trimming","19":"first","20":"onbackorder","21":"taxable","22":"shipping-taxable","23":"purchasable","24":"product-type-simple"},"yoast_head":"<!-- This site is optimized with the Yoast SEO plugin v26.7 - https:\/\/yoast.com\/wordpress\/plugins\/seo\/ -->\n<title>Almofada quadrada Zeus Trimming - lapainteriordesign.com<\/title>\n<meta name=\"description\" content=\"Almofada Quadrada Zeus Trimming com bordado inspirado na natureza e carrossel. Ideal para decora\u00e7\u00e3o de interiores de luxo e pe\u00e7as \u00fanicas.\" \/>\n<meta name=\"robots\" content=\"index, follow, max-snippet:-1, max-image-preview:large, max-video-preview:-1\" \/>\n<link rel=\"canonical\" href=\"https:\/\/lapainteriordesign.com\/pt-pt\/product\/almofada-quadrada-zeus-trimming\/\" \/>\n<meta property=\"og:locale\" content=\"pt_PT\" \/>\n<meta property=\"og:type\" content=\"article\" \/>\n<meta property=\"og:title\" content=\"Almofada quadrada Zeus Trimming - lapainteriordesign.com\" \/>\n<meta property=\"og:description\" content=\"Almofada Quadrada Zeus Trimming com bordado inspirado na natureza e carrossel. Ideal para decora\u00e7\u00e3o de interiores de luxo e pe\u00e7as \u00fanicas.\" \/>\n<meta property=\"og:url\" content=\"https:\/\/lapainteriordesign.com\/pt-pt\/product\/almofada-quadrada-zeus-trimming\/\" \/>\n<meta property=\"og:site_name\" content=\"lapainteriordesign.com\" \/>\n<meta property=\"article:publisher\" content=\"https:\/\/www.facebook.com\/LapaInteriorDesign\" \/>\n<meta property=\"article:modified_time\" content=\"2025-12-19T23:26:13+00:00\" \/>\n<meta property=\"og:image\" content=\"https:\/\/lapainteriordesign.com\/wp-content\/uploads\/2023\/05\/Lapa-Aldeco-ZEUS-Babys-Breath-50X50-S1119_1_prod_v_1675435494-920x920-1.jpg\" \/>\n\t<meta property=\"og:image:width\" content=\"1000\" \/>\n\t<meta property=\"og:image:height\" content=\"1000\" \/>\n\t<meta property=\"og:image:type\" content=\"image\/jpeg\" \/>\n<meta name=\"twitter:card\" content=\"summary_large_image\" \/>\n<meta name=\"twitter:site\" content=\"@lapainterior\" \/>\n<meta name=\"twitter:label1\" content=\"Tempo estimado de leitura\" \/>\n\t<meta name=\"twitter:data1\" content=\"1 minuto\" \/>\n<script type=\"application\/ld+json\" class=\"yoast-schema-graph\">{\"@context\":\"https:\/\/schema.org\",\"@graph\":[{\"@type\":\"WebPage\",\"@id\":\"https:\/\/lapainteriordesign.com\/pt-pt\/product\/almofada-quadrada-zeus-trimming\/\",\"url\":\"https:\/\/lapainteriordesign.com\/pt-pt\/product\/almofada-quadrada-zeus-trimming\/\",\"name\":\"Almofada quadrada Zeus Trimming - lapainteriordesign.com\",\"isPartOf\":{\"@id\":\"https:\/\/lapainteriordesign.com\/#website\"},\"primaryImageOfPage\":{\"@id\":\"https:\/\/lapainteriordesign.com\/pt-pt\/product\/almofada-quadrada-zeus-trimming\/#primaryimage\"},\"image\":{\"@id\":\"https:\/\/lapainteriordesign.com\/pt-pt\/product\/almofada-quadrada-zeus-trimming\/#primaryimage\"},\"thumbnailUrl\":\"https:\/\/lapainteriordesign.com\/wp-content\/uploads\/2023\/05\/Lapa-Aldeco-ZEUS-Babys-Breath-50X50-S1119_1_prod_v_1675435494-920x920-1.jpg\",\"datePublished\":\"2023-05-25T20:33:34+00:00\",\"dateModified\":\"2025-12-19T23:26:13+00:00\",\"description\":\"Almofada Quadrada Zeus Trimming com bordado inspirado na natureza e carrossel. Ideal para decora\u00e7\u00e3o de interiores de luxo e pe\u00e7as \u00fanicas.\",\"breadcrumb\":{\"@id\":\"https:\/\/lapainteriordesign.com\/pt-pt\/product\/almofada-quadrada-zeus-trimming\/#breadcrumb\"},\"inLanguage\":\"pt-PT\",\"potentialAction\":[{\"@type\":\"ReadAction\",\"target\":[\"https:\/\/lapainteriordesign.com\/pt-pt\/product\/almofada-quadrada-zeus-trimming\/\"]}]},{\"@type\":\"ImageObject\",\"inLanguage\":\"pt-PT\",\"@id\":\"https:\/\/lapainteriordesign.com\/pt-pt\/product\/almofada-quadrada-zeus-trimming\/#primaryimage\",\"url\":\"https:\/\/lapainteriordesign.com\/wp-content\/uploads\/2023\/05\/Lapa-Aldeco-ZEUS-Babys-Breath-50X50-S1119_1_prod_v_1675435494-920x920-1.jpg\",\"contentUrl\":\"https:\/\/lapainteriordesign.com\/wp-content\/uploads\/2023\/05\/Lapa-Aldeco-ZEUS-Babys-Breath-50X50-S1119_1_prod_v_1675435494-920x920-1.jpg\",\"width\":1000,\"height\":1000},{\"@type\":\"BreadcrumbList\",\"@id\":\"https:\/\/lapainteriordesign.com\/pt-pt\/product\/almofada-quadrada-zeus-trimming\/#breadcrumb\",\"itemListElement\":[{\"@type\":\"ListItem\",\"position\":1,\"name\":\"Home\",\"item\":\"https:\/\/lapainteriordesign.com\/pt-pt\/\"},{\"@type\":\"ListItem\",\"position\":2,\"name\":\"Products\",\"item\":\"https:\/\/lapainteriordesign.com\/products\/\"},{\"@type\":\"ListItem\",\"position\":3,\"name\":\"Almofada quadrada Zeus Trimming\"}]},{\"@type\":\"WebSite\",\"@id\":\"https:\/\/lapainteriordesign.com\/#website\",\"url\":\"https:\/\/lapainteriordesign.com\/\",\"name\":\"lapainteriordesign.com\",\"description\":\"Luxury Interior Design\",\"publisher\":{\"@id\":\"https:\/\/lapainteriordesign.com\/#organization\"},\"potentialAction\":[{\"@type\":\"SearchAction\",\"target\":{\"@type\":\"EntryPoint\",\"urlTemplate\":\"https:\/\/lapainteriordesign.com\/?s={search_term_string}\"},\"query-input\":{\"@type\":\"PropertyValueSpecification\",\"valueRequired\":true,\"valueName\":\"search_term_string\"}}],\"inLanguage\":\"pt-PT\"},{\"@type\":\"Organization\",\"@id\":\"https:\/\/lapainteriordesign.com\/#organization\",\"name\":\"Lapa Interior Design\",\"url\":\"https:\/\/lapainteriordesign.com\/\",\"logo\":{\"@type\":\"ImageObject\",\"inLanguage\":\"pt-PT\",\"@id\":\"https:\/\/lapainteriordesign.com\/#\/schema\/logo\/image\/\",\"url\":\"https:\/\/lapainteriordesign.com\/wp-content\/uploads\/2026\/02\/cropped-Design-sem-nome-2026-02-04T094114.020.jpg\",\"contentUrl\":\"https:\/\/lapainteriordesign.com\/wp-content\/uploads\/2026\/02\/cropped-Design-sem-nome-2026-02-04T094114.020.jpg\",\"width\":512,\"height\":512,\"caption\":\"Lapa Interior Design\"},\"image\":{\"@id\":\"https:\/\/lapainteriordesign.com\/#\/schema\/logo\/image\/\"},\"sameAs\":[\"https:\/\/www.facebook.com\/LapaInteriorDesign\",\"https:\/\/x.com\/lapainterior\",\"https:\/\/www.instagram.com\/lapainteriordesign\/\",\"https:\/\/www.linkedin.com\/in\/lapa-interior-design-376823206\/\"]}]}<\/script>\n<!-- \/ Yoast SEO plugin. -->","yoast_head_json":{"title":"Almofada quadrada Zeus Trimming - lapainteriordesign.com","description":"Almofada Quadrada Zeus Trimming com bordado inspirado na natureza e carrossel. Ideal para decora\u00e7\u00e3o de interiores de luxo e pe\u00e7as \u00fanicas.","robots":{"index":"index","follow":"follow","max-snippet":"max-snippet:-1","max-image-preview":"max-image-preview:large","max-video-preview":"max-video-preview:-1"},"canonical":"https:\/\/lapainteriordesign.com\/pt-pt\/product\/almofada-quadrada-zeus-trimming\/","og_locale":"pt_PT","og_type":"article","og_title":"Almofada quadrada Zeus Trimming - lapainteriordesign.com","og_description":"Almofada Quadrada Zeus Trimming com bordado inspirado na natureza e carrossel. Ideal para decora\u00e7\u00e3o de interiores de luxo e pe\u00e7as \u00fanicas.","og_url":"https:\/\/lapainteriordesign.com\/pt-pt\/product\/almofada-quadrada-zeus-trimming\/","og_site_name":"lapainteriordesign.com","article_publisher":"https:\/\/www.facebook.com\/LapaInteriorDesign","article_modified_time":"2025-12-19T23:26:13+00:00","og_image":[{"width":1000,"height":1000,"url":"https:\/\/lapainteriordesign.com\/wp-content\/uploads\/2023\/05\/Lapa-Aldeco-ZEUS-Babys-Breath-50X50-S1119_1_prod_v_1675435494-920x920-1.jpg","type":"image\/jpeg"}],"twitter_card":"summary_large_image","twitter_site":"@lapainterior","twitter_misc":{"Tempo estimado de leitura":"1 minuto"},"schema":{"@context":"https:\/\/schema.org","@graph":[{"@type":"WebPage","@id":"https:\/\/lapainteriordesign.com\/pt-pt\/product\/almofada-quadrada-zeus-trimming\/","url":"https:\/\/lapainteriordesign.com\/pt-pt\/product\/almofada-quadrada-zeus-trimming\/","name":"Almofada quadrada Zeus Trimming - lapainteriordesign.com","isPartOf":{"@id":"https:\/\/lapainteriordesign.com\/#website"},"primaryImageOfPage":{"@id":"https:\/\/lapainteriordesign.com\/pt-pt\/product\/almofada-quadrada-zeus-trimming\/#primaryimage"},"image":{"@id":"https:\/\/lapainteriordesign.com\/pt-pt\/product\/almofada-quadrada-zeus-trimming\/#primaryimage"},"thumbnailUrl":"https:\/\/lapainteriordesign.com\/wp-content\/uploads\/2023\/05\/Lapa-Aldeco-ZEUS-Babys-Breath-50X50-S1119_1_prod_v_1675435494-920x920-1.jpg","datePublished":"2023-05-25T20:33:34+00:00","dateModified":"2025-12-19T23:26:13+00:00","description":"Almofada Quadrada Zeus Trimming com bordado inspirado na natureza e carrossel. Ideal para decora\u00e7\u00e3o de interiores de luxo e pe\u00e7as \u00fanicas.","breadcrumb":{"@id":"https:\/\/lapainteriordesign.com\/pt-pt\/product\/almofada-quadrada-zeus-trimming\/#breadcrumb"},"inLanguage":"pt-PT","potentialAction":[{"@type":"ReadAction","target":["https:\/\/lapainteriordesign.com\/pt-pt\/product\/almofada-quadrada-zeus-trimming\/"]}]},{"@type":"ImageObject","inLanguage":"pt-PT","@id":"https:\/\/lapainteriordesign.com\/pt-pt\/product\/almofada-quadrada-zeus-trimming\/#primaryimage","url":"https:\/\/lapainteriordesign.com\/wp-content\/uploads\/2023\/05\/Lapa-Aldeco-ZEUS-Babys-Breath-50X50-S1119_1_prod_v_1675435494-920x920-1.jpg","contentUrl":"https:\/\/lapainteriordesign.com\/wp-content\/uploads\/2023\/05\/Lapa-Aldeco-ZEUS-Babys-Breath-50X50-S1119_1_prod_v_1675435494-920x920-1.jpg","width":1000,"height":1000},{"@type":"BreadcrumbList","@id":"https:\/\/lapainteriordesign.com\/pt-pt\/product\/almofada-quadrada-zeus-trimming\/#breadcrumb","itemListElement":[{"@type":"ListItem","position":1,"name":"Home","item":"https:\/\/lapainteriordesign.com\/pt-pt\/"},{"@type":"ListItem","position":2,"name":"Products","item":"https:\/\/lapainteriordesign.com\/products\/"},{"@type":"ListItem","position":3,"name":"Almofada quadrada Zeus Trimming"}]},{"@type":"WebSite","@id":"https:\/\/lapainteriordesign.com\/#website","url":"https:\/\/lapainteriordesign.com\/","name":"lapainteriordesign.com","description":"Luxury Interior Design","publisher":{"@id":"https:\/\/lapainteriordesign.com\/#organization"},"potentialAction":[{"@type":"SearchAction","target":{"@type":"EntryPoint","urlTemplate":"https:\/\/lapainteriordesign.com\/?s={search_term_string}"},"query-input":{"@type":"PropertyValueSpecification","valueRequired":true,"valueName":"search_term_string"}}],"inLanguage":"pt-PT"},{"@type":"Organization","@id":"https:\/\/lapainteriordesign.com\/#organization","name":"Lapa Interior Design","url":"https:\/\/lapainteriordesign.com\/","logo":{"@type":"ImageObject","inLanguage":"pt-PT","@id":"https:\/\/lapainteriordesign.com\/#\/schema\/logo\/image\/","url":"https:\/\/lapainteriordesign.com\/wp-content\/uploads\/2026\/02\/cropped-Design-sem-nome-2026-02-04T094114.020.jpg","contentUrl":"https:\/\/lapainteriordesign.com\/wp-content\/uploads\/2026\/02\/cropped-Design-sem-nome-2026-02-04T094114.020.jpg","width":512,"height":512,"caption":"Lapa Interior Design"},"image":{"@id":"https:\/\/lapainteriordesign.com\/#\/schema\/logo\/image\/"},"sameAs":["https:\/\/www.facebook.com\/LapaInteriorDesign","https:\/\/x.com\/lapainterior","https:\/\/www.instagram.com\/lapainteriordesign\/","https:\/\/www.linkedin.com\/in\/lapa-interior-design-376823206\/"]}]}},"_links":{"self":[{"href":"https:\/\/lapainteriordesign.com\/pt-pt\/wp-json\/wp\/v2\/product\/18450","targetHints":{"allow":["GET"]}}],"collection":[{"href":"https:\/\/lapainteriordesign.com\/pt-pt\/wp-json\/wp\/v2\/product"}],"about":[{"href":"https:\/\/lapainteriordesign.com\/pt-pt\/wp-json\/wp\/v2\/types\/product"}],"version-history":[{"count":0,"href":"https:\/\/lapainteriordesign.com\/pt-pt\/wp-json\/wp\/v2\/product\/18450\/revisions"}],"wp:featuredmedia":[{"embeddable":true,"href":"https:\/\/lapainteriordesign.com\/pt-pt\/wp-json\/wp\/v2\/media\/18447"}],"wp:attachment":[{"href":"https:\/\/lapainteriordesign.com\/pt-pt\/wp-json\/wp\/v2\/media?parent=18450"}],"wp:term":[{"taxonomy":"product_brand","embeddable":true,"href":"https:\/\/lapainteriordesign.com\/pt-pt\/wp-json\/wp\/v2\/product_brand?post=18450"},{"taxonomy":"product_cat","embeddable":true,"href":"https:\/\/lapainteriordesign.com\/pt-pt\/wp-json\/wp\/v2\/product_cat?post=18450"},{"taxonomy":"product_tag","embeddable":true,"href":"https:\/\/lapainteriordesign.com\/pt-pt\/wp-json\/wp\/v2\/product_tag?post=18450"}],"curies":[{"name":"wp","href":"https:\/\/api.w.org\/{rel}","templated":true}]}}