{"id":18242,"date":"2023-05-27T10:08:17","date_gmt":"2023-05-27T10:08:17","guid":{"rendered":"https:\/\/lapainteriordesign.com\/product\/a-blackbird-evidently\/"},"modified":"2026-01-03T19:46:09","modified_gmt":"2026-01-03T19:46:09","slug":"a-blackbird-evidently","status":"publish","type":"product","link":"https:\/\/lapainteriordesign.com\/pt-pt\/product\/a-blackbird-evidently\/","title":{"rendered":"A blackbird, evidently"},"content":{"rendered":"<h5 data-start=\"194\" data-end=\"276\"><strong data-start=\"197\" data-end=\"276\">A Blackbird, Evidently \u2013 Escultura Artesanal em Faian\u00e7a com Pernas em Lat\u00e3o<\/strong><\/h5>\n<p data-start=\"278\" data-end=\"556\"><strong data-start=\"278\" data-end=\"304\">A Blackbird, Evidently<\/strong> \u00e9 uma pe\u00e7a decorativa po\u00e9tica que representa <strong data-start=\"350\" data-end=\"365\">dois melros<\/strong>, cuidadosamente produzidos em <strong data-start=\"396\" data-end=\"432\">faian\u00e7a, vidrada e pintada \u00e0 m\u00e3o<\/strong>. Esta escultura alia <strong data-start=\"454\" data-end=\"486\">arte, artesanato e narrativa<\/strong>, tornando-se um elemento distintivo para interiores contempor\u00e2neos.<\/p>\n<p data-start=\"558\" data-end=\"823\">Cada melro \u00e9 elevado por <strong data-start=\"583\" data-end=\"607\">duas pernas em lat\u00e3o<\/strong>, dispon\u00edveis em acabamento <strong data-start=\"635\" data-end=\"657\">natural ou oxidado<\/strong>, fundidas manualmente atrav\u00e9s da t\u00e9cnica tradicional de <strong data-start=\"714\" data-end=\"733\">moldes de areia<\/strong>. <strong data-start=\"735\" data-end=\"747\">Por isso<\/strong>, cada pe\u00e7a apresenta caracter\u00edsticas \u00fanicas e um elevado valor artesanal.<\/p>\n<p data-start=\"825\" data-end=\"1076\">Sendo uma cria\u00e7\u00e3o <strong data-start=\"843\" data-end=\"869\">totalmente feita \u00e0 m\u00e3o<\/strong>, a <strong data-start=\"873\" data-end=\"899\">A Blackbird, Evidently<\/strong> pode apresentar pequenas varia\u00e7\u00f5es de cor, textura ou acabamento. <strong data-start=\"966\" data-end=\"980\">No entanto<\/strong>, essas diferen\u00e7as refor\u00e7am o car\u00e1cter exclusivo da pe\u00e7a e a autenticidade do trabalho manual.<\/p>\n<p data-start=\"1078\" data-end=\"1619\">Al\u00e9m da escultura, <strong data-start=\"1097\" data-end=\"1123\">A Blackbird, Evidently<\/strong> inclui uma embalagem cuidadosamente pensada. A caixa \u00e9 produzida em <strong data-start=\"1192\" data-end=\"1216\">cart\u00e3o microcanelado<\/strong> e envolvida por uma <strong data-start=\"1237\" data-end=\"1260\">cinta de papel olin<\/strong>, que cont\u00e9m uma <strong data-start=\"1277\" data-end=\"1301\">ilustra\u00e7\u00e3o exclusiva<\/strong> e a sinopse da hist\u00f3ria <em data-start=\"1326\" data-end=\"1352\">\u201cA Blackbird, Evidently\u201d<\/em>. <strong data-start=\"1354\" data-end=\"1368\">Al\u00e9m disso<\/strong>, a narrativa apresenta melros m\u00e1gicos que qualquer pessoa pode ter em casa, seja apenas para decora\u00e7\u00e3o ou para a admir\u00e1vel tarefa de os fazer voar, alimentando-os com esperan\u00e7a genu\u00edna e imagina\u00e7\u00e3o. O conte\u00fado \u00e9 <strong data-start=\"1581\" data-end=\"1616\">bilingue, em portugu\u00eas e ingl\u00eas<\/strong>.<\/p>\n<p data-start=\"1621\" data-end=\"1912\">Com <strong data-start=\"1625\" data-end=\"1688\">14,4 cm de largura, 16 cm de profundidade e 16 cm de altura<\/strong>, esta pe\u00e7a adapta-se facilmente a prateleiras, aparadores ou secret\u00e1rias. Apesar da sua presen\u00e7a visual, \u00e9 um objeto delicado, com um peso aproximado de <strong data-start=\"1842\" data-end=\"1850\">39 g<\/strong>, permitindo uma coloca\u00e7\u00e3o vers\u00e1til em diferentes ambientes.<\/p>\n<p data-start=\"1914\" data-end=\"2136\"><strong data-start=\"1914\" data-end=\"1940\">A Blackbird, Evidently<\/strong> \u00e9 mais do que um objeto decorativo. <strong data-start=\"1977\" data-end=\"1982\">\u00c9<\/strong>, acima de tudo, uma celebra\u00e7\u00e3o do <strong data-start=\"2017\" data-end=\"2070\">design artesanal, da criatividade e da imagina\u00e7\u00e3o<\/strong>, ideal para quem valoriza pe\u00e7as \u00fanicas com significado emocional.<\/p>\n<div class=\"cell large-3 medium-12 small-12 content-column\">\n<div class=\"textbox h6\">\n<div class=\"text-wrap\">\n<p>&nbsp;<\/p>\n<\/div>\n<\/div>\n<\/div>\n","protected":false},"excerpt":{"rendered":"<p>Descobre A Blackbird, Evidently, uma escultura artesanal em faian\u00e7a com pernas em lat\u00e3o, feita \u00e0 m\u00e3o e apresentada numa embalagem po\u00e9tica e bilingue.<\/p>\n<p>&nbsp;<\/p>\n","protected":false},"featured_media":18240,"template":"","meta":{"_joinchat":{"telephone":"+351910131778","message_text":"Questions about this piece?"}},"product_brand":[],"product_cat":[869,875],"product_tag":[3458,3473,3471,1097,3470,3468,3459,3472,3469],"class_list":{"0":"post-18242","1":"product","2":"type-product","3":"status-publish","4":"has-post-thumbnail","6":"product_cat-acessorios","7":"product_cat-decoracao","8":"product_tag-a-blackbird","9":"product_tag-arte-feita-a-mao","10":"product_tag-decoracao-artistica","11":"product_tag-decoracao-contemporanea","12":"product_tag-design-poetico","13":"product_tag-escultura-artesanal-em-faianca","14":"product_tag-evidently","15":"product_tag-objeto-decorativo-em-ceramica","16":"product_tag-peca-decorativa-artesanal","18":"first","19":"onbackorder","20":"taxable","21":"shipping-taxable","22":"purchasable","23":"product-type-variable"},"yoast_head":"<!-- This site is optimized with the Yoast SEO plugin v26.7 - https:\/\/yoast.com\/wordpress\/plugins\/seo\/ -->\n<title>A blackbird, evidently - lapainteriordesign.com<\/title>\n<meta name=\"description\" content=\"Descobre A Blackbird, Evidently, uma escultura artesanal em faian\u00e7a com pernas em lat\u00e3o, feita \u00e0 m\u00e3o e apresentada numa embalagem po\u00e9tica e bilingue.\" \/>\n<meta name=\"robots\" content=\"index, follow, max-snippet:-1, max-image-preview:large, max-video-preview:-1\" \/>\n<link rel=\"canonical\" href=\"https:\/\/lapainteriordesign.com\/pt-pt\/product\/a-blackbird-evidently\/\" \/>\n<meta property=\"og:locale\" content=\"pt_PT\" \/>\n<meta property=\"og:type\" content=\"article\" \/>\n<meta property=\"og:title\" content=\"A blackbird, evidently - lapainteriordesign.com\" \/>\n<meta property=\"og:description\" content=\"Descobre A Blackbird, Evidently, uma escultura artesanal em faian\u00e7a com pernas em lat\u00e3o, feita \u00e0 m\u00e3o e apresentada numa embalagem po\u00e9tica e bilingue.\" \/>\n<meta property=\"og:url\" content=\"https:\/\/lapainteriordesign.com\/pt-pt\/product\/a-blackbird-evidently\/\" \/>\n<meta property=\"og:site_name\" content=\"lapainteriordesign.com\" \/>\n<meta property=\"article:publisher\" content=\"https:\/\/www.facebook.com\/LapaInteriorDesign\" \/>\n<meta property=\"article:modified_time\" content=\"2026-01-03T19:46:09+00:00\" \/>\n<meta property=\"og:image\" content=\"https:\/\/lapainteriordesign.com\/wp-content\/uploads\/2023\/05\/LAPA-LDE_Melro_HORtail_black.png\" \/>\n\t<meta property=\"og:image:width\" content=\"2362\" \/>\n\t<meta property=\"og:image:height\" content=\"2362\" \/>\n\t<meta property=\"og:image:type\" content=\"image\/png\" \/>\n<meta name=\"twitter:card\" content=\"summary_large_image\" \/>\n<meta name=\"twitter:site\" content=\"@lapainterior\" \/>\n<meta name=\"twitter:label1\" content=\"Tempo estimado de leitura\" \/>\n\t<meta name=\"twitter:data1\" content=\"2 minutos\" \/>\n<script type=\"application\/ld+json\" class=\"yoast-schema-graph\">{\"@context\":\"https:\/\/schema.org\",\"@graph\":[{\"@type\":\"WebPage\",\"@id\":\"https:\/\/lapainteriordesign.com\/pt-pt\/product\/a-blackbird-evidently\/\",\"url\":\"https:\/\/lapainteriordesign.com\/pt-pt\/product\/a-blackbird-evidently\/\",\"name\":\"A blackbird, evidently - lapainteriordesign.com\",\"isPartOf\":{\"@id\":\"https:\/\/lapainteriordesign.com\/#website\"},\"primaryImageOfPage\":{\"@id\":\"https:\/\/lapainteriordesign.com\/pt-pt\/product\/a-blackbird-evidently\/#primaryimage\"},\"image\":{\"@id\":\"https:\/\/lapainteriordesign.com\/pt-pt\/product\/a-blackbird-evidently\/#primaryimage\"},\"thumbnailUrl\":\"https:\/\/lapainteriordesign.com\/wp-content\/uploads\/2023\/05\/LAPA-LDE_Melro_HORtail_black.png\",\"datePublished\":\"2023-05-27T10:08:17+00:00\",\"dateModified\":\"2026-01-03T19:46:09+00:00\",\"description\":\"Descobre A Blackbird, Evidently, uma escultura artesanal em faian\u00e7a com pernas em lat\u00e3o, feita \u00e0 m\u00e3o e apresentada numa embalagem po\u00e9tica e bilingue.\",\"breadcrumb\":{\"@id\":\"https:\/\/lapainteriordesign.com\/pt-pt\/product\/a-blackbird-evidently\/#breadcrumb\"},\"inLanguage\":\"pt-PT\",\"potentialAction\":[{\"@type\":\"ReadAction\",\"target\":[\"https:\/\/lapainteriordesign.com\/pt-pt\/product\/a-blackbird-evidently\/\"]}]},{\"@type\":\"ImageObject\",\"inLanguage\":\"pt-PT\",\"@id\":\"https:\/\/lapainteriordesign.com\/pt-pt\/product\/a-blackbird-evidently\/#primaryimage\",\"url\":\"https:\/\/lapainteriordesign.com\/wp-content\/uploads\/2023\/05\/LAPA-LDE_Melro_HORtail_black.png\",\"contentUrl\":\"https:\/\/lapainteriordesign.com\/wp-content\/uploads\/2023\/05\/LAPA-LDE_Melro_HORtail_black.png\",\"width\":2362,\"height\":2362,\"caption\":\"LAPA-interior-design LDE_Melro_HORtail_black\"},{\"@type\":\"BreadcrumbList\",\"@id\":\"https:\/\/lapainteriordesign.com\/pt-pt\/product\/a-blackbird-evidently\/#breadcrumb\",\"itemListElement\":[{\"@type\":\"ListItem\",\"position\":1,\"name\":\"Home\",\"item\":\"https:\/\/lapainteriordesign.com\/pt-pt\/\"},{\"@type\":\"ListItem\",\"position\":2,\"name\":\"Products\",\"item\":\"https:\/\/lapainteriordesign.com\/products\/\"},{\"@type\":\"ListItem\",\"position\":3,\"name\":\"A blackbird, evidently\"}]},{\"@type\":\"WebSite\",\"@id\":\"https:\/\/lapainteriordesign.com\/#website\",\"url\":\"https:\/\/lapainteriordesign.com\/\",\"name\":\"lapainteriordesign.com\",\"description\":\"Luxury Interior Design\",\"publisher\":{\"@id\":\"https:\/\/lapainteriordesign.com\/#organization\"},\"potentialAction\":[{\"@type\":\"SearchAction\",\"target\":{\"@type\":\"EntryPoint\",\"urlTemplate\":\"https:\/\/lapainteriordesign.com\/?s={search_term_string}\"},\"query-input\":{\"@type\":\"PropertyValueSpecification\",\"valueRequired\":true,\"valueName\":\"search_term_string\"}}],\"inLanguage\":\"pt-PT\"},{\"@type\":\"Organization\",\"@id\":\"https:\/\/lapainteriordesign.com\/#organization\",\"name\":\"Lapa Interior Design\",\"url\":\"https:\/\/lapainteriordesign.com\/\",\"logo\":{\"@type\":\"ImageObject\",\"inLanguage\":\"pt-PT\",\"@id\":\"https:\/\/lapainteriordesign.com\/#\/schema\/logo\/image\/\",\"url\":\"https:\/\/lapainteriordesign.com\/wp-content\/uploads\/2026\/02\/cropped-Design-sem-nome-2026-02-04T094114.020.jpg\",\"contentUrl\":\"https:\/\/lapainteriordesign.com\/wp-content\/uploads\/2026\/02\/cropped-Design-sem-nome-2026-02-04T094114.020.jpg\",\"width\":512,\"height\":512,\"caption\":\"Lapa Interior Design\"},\"image\":{\"@id\":\"https:\/\/lapainteriordesign.com\/#\/schema\/logo\/image\/\"},\"sameAs\":[\"https:\/\/www.facebook.com\/LapaInteriorDesign\",\"https:\/\/x.com\/lapainterior\",\"https:\/\/www.instagram.com\/lapainteriordesign\/\",\"https:\/\/www.linkedin.com\/in\/lapa-interior-design-376823206\/\"]}]}<\/script>\n<!-- \/ Yoast SEO plugin. -->","yoast_head_json":{"title":"A blackbird, evidently - lapainteriordesign.com","description":"Descobre A Blackbird, Evidently, uma escultura artesanal em faian\u00e7a com pernas em lat\u00e3o, feita \u00e0 m\u00e3o e apresentada numa embalagem po\u00e9tica e bilingue.","robots":{"index":"index","follow":"follow","max-snippet":"max-snippet:-1","max-image-preview":"max-image-preview:large","max-video-preview":"max-video-preview:-1"},"canonical":"https:\/\/lapainteriordesign.com\/pt-pt\/product\/a-blackbird-evidently\/","og_locale":"pt_PT","og_type":"article","og_title":"A blackbird, evidently - lapainteriordesign.com","og_description":"Descobre A Blackbird, Evidently, uma escultura artesanal em faian\u00e7a com pernas em lat\u00e3o, feita \u00e0 m\u00e3o e apresentada numa embalagem po\u00e9tica e bilingue.","og_url":"https:\/\/lapainteriordesign.com\/pt-pt\/product\/a-blackbird-evidently\/","og_site_name":"lapainteriordesign.com","article_publisher":"https:\/\/www.facebook.com\/LapaInteriorDesign","article_modified_time":"2026-01-03T19:46:09+00:00","og_image":[{"width":2362,"height":2362,"url":"https:\/\/lapainteriordesign.com\/wp-content\/uploads\/2023\/05\/LAPA-LDE_Melro_HORtail_black.png","type":"image\/png"}],"twitter_card":"summary_large_image","twitter_site":"@lapainterior","twitter_misc":{"Tempo estimado de leitura":"2 minutos"},"schema":{"@context":"https:\/\/schema.org","@graph":[{"@type":"WebPage","@id":"https:\/\/lapainteriordesign.com\/pt-pt\/product\/a-blackbird-evidently\/","url":"https:\/\/lapainteriordesign.com\/pt-pt\/product\/a-blackbird-evidently\/","name":"A blackbird, evidently - lapainteriordesign.com","isPartOf":{"@id":"https:\/\/lapainteriordesign.com\/#website"},"primaryImageOfPage":{"@id":"https:\/\/lapainteriordesign.com\/pt-pt\/product\/a-blackbird-evidently\/#primaryimage"},"image":{"@id":"https:\/\/lapainteriordesign.com\/pt-pt\/product\/a-blackbird-evidently\/#primaryimage"},"thumbnailUrl":"https:\/\/lapainteriordesign.com\/wp-content\/uploads\/2023\/05\/LAPA-LDE_Melro_HORtail_black.png","datePublished":"2023-05-27T10:08:17+00:00","dateModified":"2026-01-03T19:46:09+00:00","description":"Descobre A Blackbird, Evidently, uma escultura artesanal em faian\u00e7a com pernas em lat\u00e3o, feita \u00e0 m\u00e3o e apresentada numa embalagem po\u00e9tica e bilingue.","breadcrumb":{"@id":"https:\/\/lapainteriordesign.com\/pt-pt\/product\/a-blackbird-evidently\/#breadcrumb"},"inLanguage":"pt-PT","potentialAction":[{"@type":"ReadAction","target":["https:\/\/lapainteriordesign.com\/pt-pt\/product\/a-blackbird-evidently\/"]}]},{"@type":"ImageObject","inLanguage":"pt-PT","@id":"https:\/\/lapainteriordesign.com\/pt-pt\/product\/a-blackbird-evidently\/#primaryimage","url":"https:\/\/lapainteriordesign.com\/wp-content\/uploads\/2023\/05\/LAPA-LDE_Melro_HORtail_black.png","contentUrl":"https:\/\/lapainteriordesign.com\/wp-content\/uploads\/2023\/05\/LAPA-LDE_Melro_HORtail_black.png","width":2362,"height":2362,"caption":"LAPA-interior-design LDE_Melro_HORtail_black"},{"@type":"BreadcrumbList","@id":"https:\/\/lapainteriordesign.com\/pt-pt\/product\/a-blackbird-evidently\/#breadcrumb","itemListElement":[{"@type":"ListItem","position":1,"name":"Home","item":"https:\/\/lapainteriordesign.com\/pt-pt\/"},{"@type":"ListItem","position":2,"name":"Products","item":"https:\/\/lapainteriordesign.com\/products\/"},{"@type":"ListItem","position":3,"name":"A blackbird, evidently"}]},{"@type":"WebSite","@id":"https:\/\/lapainteriordesign.com\/#website","url":"https:\/\/lapainteriordesign.com\/","name":"lapainteriordesign.com","description":"Luxury Interior Design","publisher":{"@id":"https:\/\/lapainteriordesign.com\/#organization"},"potentialAction":[{"@type":"SearchAction","target":{"@type":"EntryPoint","urlTemplate":"https:\/\/lapainteriordesign.com\/?s={search_term_string}"},"query-input":{"@type":"PropertyValueSpecification","valueRequired":true,"valueName":"search_term_string"}}],"inLanguage":"pt-PT"},{"@type":"Organization","@id":"https:\/\/lapainteriordesign.com\/#organization","name":"Lapa Interior Design","url":"https:\/\/lapainteriordesign.com\/","logo":{"@type":"ImageObject","inLanguage":"pt-PT","@id":"https:\/\/lapainteriordesign.com\/#\/schema\/logo\/image\/","url":"https:\/\/lapainteriordesign.com\/wp-content\/uploads\/2026\/02\/cropped-Design-sem-nome-2026-02-04T094114.020.jpg","contentUrl":"https:\/\/lapainteriordesign.com\/wp-content\/uploads\/2026\/02\/cropped-Design-sem-nome-2026-02-04T094114.020.jpg","width":512,"height":512,"caption":"Lapa Interior Design"},"image":{"@id":"https:\/\/lapainteriordesign.com\/#\/schema\/logo\/image\/"},"sameAs":["https:\/\/www.facebook.com\/LapaInteriorDesign","https:\/\/x.com\/lapainterior","https:\/\/www.instagram.com\/lapainteriordesign\/","https:\/\/www.linkedin.com\/in\/lapa-interior-design-376823206\/"]}]}},"_links":{"self":[{"href":"https:\/\/lapainteriordesign.com\/pt-pt\/wp-json\/wp\/v2\/product\/18242","targetHints":{"allow":["GET"]}}],"collection":[{"href":"https:\/\/lapainteriordesign.com\/pt-pt\/wp-json\/wp\/v2\/product"}],"about":[{"href":"https:\/\/lapainteriordesign.com\/pt-pt\/wp-json\/wp\/v2\/types\/product"}],"version-history":[{"count":0,"href":"https:\/\/lapainteriordesign.com\/pt-pt\/wp-json\/wp\/v2\/product\/18242\/revisions"}],"wp:featuredmedia":[{"embeddable":true,"href":"https:\/\/lapainteriordesign.com\/pt-pt\/wp-json\/wp\/v2\/media\/18240"}],"wp:attachment":[{"href":"https:\/\/lapainteriordesign.com\/pt-pt\/wp-json\/wp\/v2\/media?parent=18242"}],"wp:term":[{"taxonomy":"product_brand","embeddable":true,"href":"https:\/\/lapainteriordesign.com\/pt-pt\/wp-json\/wp\/v2\/product_brand?post=18242"},{"taxonomy":"product_cat","embeddable":true,"href":"https:\/\/lapainteriordesign.com\/pt-pt\/wp-json\/wp\/v2\/product_cat?post=18242"},{"taxonomy":"product_tag","embeddable":true,"href":"https:\/\/lapainteriordesign.com\/pt-pt\/wp-json\/wp\/v2\/product_tag?post=18242"}],"curies":[{"name":"wp","href":"https:\/\/api.w.org\/{rel}","templated":true}]}}