{"id":17853,"date":"2023-06-18T13:20:13","date_gmt":"2023-06-18T13:20:13","guid":{"rendered":"https:\/\/lapainteriordesign.com\/product\/lola-small-side-table\/"},"modified":"2025-12-08T14:50:35","modified_gmt":"2025-12-08T14:50:35","slug":"mesa-apoio-pequena-lola","status":"publish","type":"product","link":"https:\/\/lapainteriordesign.com\/pt-pt\/product\/mesa-apoio-pequena-lola\/","title":{"rendered":"Mesa apoio pequena Lola"},"content":{"rendered":"<h5 data-start=\"236\" data-end=\"315\"><strong data-start=\"238\" data-end=\"315\">Mesa de Apoio Pequena Lola \u2013 Um Cl\u00e1ssico Intemporal com Fabrico Artesanal<\/strong><\/h5>\n<p data-start=\"317\" data-end=\"724\">A <strong data-start=\"319\" data-end=\"349\">Mesa de Apoio Pequena Lola<\/strong>, da Lapa Interior Design, \u00e9 um cl\u00e1ssico que nunca passa de moda. Desde o primeiro olhar, percebe-se como esta pe\u00e7a elegante se adapta facilmente a interiores cl\u00e1ssicos ou contempor\u00e2neos. Gra\u00e7as \u00e0 sua forma equilibrada e ao uso de materiais refinados, a <strong data-start=\"603\" data-end=\"633\">Mesa de Apoio Pequena Lola<\/strong> acrescenta charme a salas de estar, quartos, halls, lounges de hotel e espa\u00e7os comerciais.<\/p>\n<h5 data-start=\"726\" data-end=\"796\">Versatilidade para Qualquer Ambiente<\/h5>\n<p data-start=\"798\" data-end=\"1287\">A mesa Lola\u00a0destaca-se pela sua versatilidade. A sua silhueta simples, mas marcante, integra-se sem esfor\u00e7o em decora\u00e7\u00f5es minimalistas, modernas, tradicionais ou ecl\u00e9ticas. Al\u00e9m disso, as dimens\u00f5es compactas tornam-na ideal para pequenos recantos, zonas de leitura ou como apoio lateral a cadeir\u00f5es e sof\u00e1s. Para quem procura criar uma composi\u00e7\u00e3o harmoniosa, a cole\u00e7\u00e3o de mobili\u00e1rio da Lapa Interior Design oferece outras pe\u00e7as que complementam esta mesa na perfei\u00e7\u00e3o.<\/p>\n<h5 data-start=\"1289\" data-end=\"1360\">Fabrico Artesanal que Torna Cada Mesa de Apoio \u00danica<\/h5>\n<p data-start=\"1362\" data-end=\"1795\">Cada mesa Lola \u00e9 produzida artesanalmente. Como resultado, podem surgir pequenas varia\u00e7\u00f5es nas medidas ou nos acabamentos. Longe de serem imperfei\u00e7\u00f5es, estas nuances revelam a autenticidade do processo artesanal e conferem car\u00e1ter \u00fanico a cada pe\u00e7a. Al\u00e9m disso, a estrutura em folha de madeira assegura durabilidade, textura e um aspeto acolhedor, permitindo que a mesa envelhe\u00e7a com eleg\u00e2ncia ao longo do tempo.<\/p>\n<h5 data-start=\"1797\" data-end=\"1843\">Personaliza\u00e7\u00e3o para Interiores Exigentes<\/h5>\n<p data-start=\"1845\" data-end=\"2229\">A <strong data-start=\"1847\" data-end=\"1877\">Mesa de Apoio <\/strong>pode ser personalizada para se adaptar a diferentes estilos de decora\u00e7\u00e3o. Est\u00e3o dispon\u00edveis tamanhos personalizados e acabamentos alternativos mediante pedido, permitindo criar uma vers\u00e3o totalmente alinhada com o ambiente pretendido. Al\u00e9m disso, o seu design neutro facilita a combina\u00e7\u00e3o com obras de arte, ilumina\u00e7\u00e3o escult\u00f3rica ou tecidos luxuosos.<\/p>\n<p data-start=\"2231\" data-end=\"2330\"><strong data-start=\"2231\" data-end=\"2245\">Estrutura:<\/strong> Folha de madeira<br data-start=\"2262\" data-end=\"2265\" \/><strong data-start=\"2265\" data-end=\"2284\">Personaliza\u00e7\u00e3o:<\/strong> Tamanhos e acabamentos dispon\u00edveis sob pedido<\/p>\n","protected":false},"excerpt":{"rendered":"<p>Lola side table is an amazing classic that never goes out of style. This side table fits perfectly into any room and ambiance, whether it is classic or <span class=\"Y2IQFc\" lang=\"en\">contemporary.<\/span><\/p>\n","protected":false},"featured_media":17847,"template":"","meta":{"_joinchat":{"telephone":"+351910131778","message_text":"Questions about this piece?"}},"product_brand":[],"product_cat":[869,910],"product_tag":[1109,1439,3002,2999,3003,3000,2998,3001,1360,2791],"class_list":{"0":"post-17853","1":"product","2":"type-product","3":"status-publish","4":"has-post-thumbnail","6":"product_cat-acessorios","7":"product_cat-mesas-laterais","8":"product_tag-decoracao-de-interiores","9":"product_tag-design-portugues","10":"product_tag-mesa-de-apoio-classica","11":"product_tag-mesa-de-apoio-lapa-interior-design","12":"product_tag-mesa-de-apoio-luxo","13":"product_tag-mesa-de-apoio-madeira","14":"product_tag-mesa-de-apoio-pequena-lola","15":"product_tag-mesa-lateral-moderna","16":"product_tag-mobiliario-artesanal","17":"product_tag-mobiliario-personalizavel","19":"first","20":"outofstock","21":"taxable","22":"shipping-taxable","23":"purchasable","24":"product-type-variable"},"yoast_head":"<!-- This site is optimized with the Yoast SEO plugin v26.7 - https:\/\/yoast.com\/wordpress\/plugins\/seo\/ -->\n<title>Mesa apoio pequena Lola - lapainteriordesign.com<\/title>\n<meta name=\"description\" content=\"A Mesa de Apoio Pequena Lola, da Lapa Interior Design, \u00e9 um cl\u00e1ssico artesanal que se adapta a interiores modernos ou cl\u00e1ssicos.\" \/>\n<meta name=\"robots\" content=\"index, follow, max-snippet:-1, max-image-preview:large, max-video-preview:-1\" \/>\n<link rel=\"canonical\" href=\"https:\/\/lapainteriordesign.com\/pt-pt\/product\/mesa-apoio-pequena-lola\/\" \/>\n<meta property=\"og:locale\" content=\"pt_PT\" \/>\n<meta property=\"og:type\" content=\"article\" \/>\n<meta property=\"og:title\" content=\"Mesa apoio pequena Lola - lapainteriordesign.com\" \/>\n<meta property=\"og:description\" content=\"A Mesa de Apoio Pequena Lola, da Lapa Interior Design, \u00e9 um cl\u00e1ssico artesanal que se adapta a interiores modernos ou cl\u00e1ssicos.\" \/>\n<meta property=\"og:url\" content=\"https:\/\/lapainteriordesign.com\/pt-pt\/product\/mesa-apoio-pequena-lola\/\" \/>\n<meta property=\"og:site_name\" content=\"lapainteriordesign.com\" \/>\n<meta property=\"article:publisher\" content=\"https:\/\/www.facebook.com\/LapaInteriorDesign\" \/>\n<meta property=\"article:modified_time\" content=\"2025-12-08T14:50:35+00:00\" \/>\n<meta property=\"og:image\" content=\"https:\/\/lapainteriordesign.com\/wp-content\/uploads\/2023\/06\/Lapa-HMD_interiores_Lola-Side-table2-1114x1300-1.jpg\" \/>\n\t<meta property=\"og:image:width\" content=\"1000\" \/>\n\t<meta property=\"og:image:height\" content=\"1000\" \/>\n\t<meta property=\"og:image:type\" content=\"image\/jpeg\" \/>\n<meta name=\"twitter:card\" content=\"summary_large_image\" \/>\n<meta name=\"twitter:site\" content=\"@lapainterior\" \/>\n<meta name=\"twitter:label1\" content=\"Tempo estimado de leitura\" \/>\n\t<meta name=\"twitter:data1\" content=\"2 minutos\" \/>\n<script type=\"application\/ld+json\" class=\"yoast-schema-graph\">{\"@context\":\"https:\/\/schema.org\",\"@graph\":[{\"@type\":\"WebPage\",\"@id\":\"https:\/\/lapainteriordesign.com\/pt-pt\/product\/mesa-apoio-pequena-lola\/\",\"url\":\"https:\/\/lapainteriordesign.com\/pt-pt\/product\/mesa-apoio-pequena-lola\/\",\"name\":\"Mesa apoio pequena Lola - lapainteriordesign.com\",\"isPartOf\":{\"@id\":\"https:\/\/lapainteriordesign.com\/#website\"},\"primaryImageOfPage\":{\"@id\":\"https:\/\/lapainteriordesign.com\/pt-pt\/product\/mesa-apoio-pequena-lola\/#primaryimage\"},\"image\":{\"@id\":\"https:\/\/lapainteriordesign.com\/pt-pt\/product\/mesa-apoio-pequena-lola\/#primaryimage\"},\"thumbnailUrl\":\"https:\/\/lapainteriordesign.com\/wp-content\/uploads\/2023\/06\/Lapa-HMD_interiores_Lola-Side-table2-1114x1300-1.jpg\",\"datePublished\":\"2023-06-18T13:20:13+00:00\",\"dateModified\":\"2025-12-08T14:50:35+00:00\",\"description\":\"A Mesa de Apoio Pequena Lola, da Lapa Interior Design, \u00e9 um cl\u00e1ssico artesanal que se adapta a interiores modernos ou cl\u00e1ssicos.\",\"breadcrumb\":{\"@id\":\"https:\/\/lapainteriordesign.com\/pt-pt\/product\/mesa-apoio-pequena-lola\/#breadcrumb\"},\"inLanguage\":\"pt-PT\",\"potentialAction\":[{\"@type\":\"ReadAction\",\"target\":[\"https:\/\/lapainteriordesign.com\/pt-pt\/product\/mesa-apoio-pequena-lola\/\"]}]},{\"@type\":\"ImageObject\",\"inLanguage\":\"pt-PT\",\"@id\":\"https:\/\/lapainteriordesign.com\/pt-pt\/product\/mesa-apoio-pequena-lola\/#primaryimage\",\"url\":\"https:\/\/lapainteriordesign.com\/wp-content\/uploads\/2023\/06\/Lapa-HMD_interiores_Lola-Side-table2-1114x1300-1.jpg\",\"contentUrl\":\"https:\/\/lapainteriordesign.com\/wp-content\/uploads\/2023\/06\/Lapa-HMD_interiores_Lola-Side-table2-1114x1300-1.jpg\",\"width\":1000,\"height\":1000,\"caption\":\"Lapa-interiors_design_interiores_Lola-Side-table7\"},{\"@type\":\"BreadcrumbList\",\"@id\":\"https:\/\/lapainteriordesign.com\/pt-pt\/product\/mesa-apoio-pequena-lola\/#breadcrumb\",\"itemListElement\":[{\"@type\":\"ListItem\",\"position\":1,\"name\":\"Home\",\"item\":\"https:\/\/lapainteriordesign.com\/pt-pt\/\"},{\"@type\":\"ListItem\",\"position\":2,\"name\":\"Products\",\"item\":\"https:\/\/lapainteriordesign.com\/products\/\"},{\"@type\":\"ListItem\",\"position\":3,\"name\":\"Mesa apoio pequena Lola\"}]},{\"@type\":\"WebSite\",\"@id\":\"https:\/\/lapainteriordesign.com\/#website\",\"url\":\"https:\/\/lapainteriordesign.com\/\",\"name\":\"lapainteriordesign.com\",\"description\":\"Luxury Interior Design\",\"publisher\":{\"@id\":\"https:\/\/lapainteriordesign.com\/#organization\"},\"potentialAction\":[{\"@type\":\"SearchAction\",\"target\":{\"@type\":\"EntryPoint\",\"urlTemplate\":\"https:\/\/lapainteriordesign.com\/?s={search_term_string}\"},\"query-input\":{\"@type\":\"PropertyValueSpecification\",\"valueRequired\":true,\"valueName\":\"search_term_string\"}}],\"inLanguage\":\"pt-PT\"},{\"@type\":\"Organization\",\"@id\":\"https:\/\/lapainteriordesign.com\/#organization\",\"name\":\"Lapa Interior Design\",\"url\":\"https:\/\/lapainteriordesign.com\/\",\"logo\":{\"@type\":\"ImageObject\",\"inLanguage\":\"pt-PT\",\"@id\":\"https:\/\/lapainteriordesign.com\/#\/schema\/logo\/image\/\",\"url\":\"https:\/\/lapainteriordesign.com\/wp-content\/uploads\/2026\/02\/cropped-Design-sem-nome-2026-02-04T094114.020.jpg\",\"contentUrl\":\"https:\/\/lapainteriordesign.com\/wp-content\/uploads\/2026\/02\/cropped-Design-sem-nome-2026-02-04T094114.020.jpg\",\"width\":512,\"height\":512,\"caption\":\"Lapa Interior Design\"},\"image\":{\"@id\":\"https:\/\/lapainteriordesign.com\/#\/schema\/logo\/image\/\"},\"sameAs\":[\"https:\/\/www.facebook.com\/LapaInteriorDesign\",\"https:\/\/x.com\/lapainterior\",\"https:\/\/www.instagram.com\/lapainteriordesign\/\",\"https:\/\/www.linkedin.com\/in\/lapa-interior-design-376823206\/\"]}]}<\/script>\n<!-- \/ Yoast SEO plugin. -->","yoast_head_json":{"title":"Mesa apoio pequena Lola - lapainteriordesign.com","description":"A Mesa de Apoio Pequena Lola, da Lapa Interior Design, \u00e9 um cl\u00e1ssico artesanal que se adapta a interiores modernos ou cl\u00e1ssicos.","robots":{"index":"index","follow":"follow","max-snippet":"max-snippet:-1","max-image-preview":"max-image-preview:large","max-video-preview":"max-video-preview:-1"},"canonical":"https:\/\/lapainteriordesign.com\/pt-pt\/product\/mesa-apoio-pequena-lola\/","og_locale":"pt_PT","og_type":"article","og_title":"Mesa apoio pequena Lola - lapainteriordesign.com","og_description":"A Mesa de Apoio Pequena Lola, da Lapa Interior Design, \u00e9 um cl\u00e1ssico artesanal que se adapta a interiores modernos ou cl\u00e1ssicos.","og_url":"https:\/\/lapainteriordesign.com\/pt-pt\/product\/mesa-apoio-pequena-lola\/","og_site_name":"lapainteriordesign.com","article_publisher":"https:\/\/www.facebook.com\/LapaInteriorDesign","article_modified_time":"2025-12-08T14:50:35+00:00","og_image":[{"width":1000,"height":1000,"url":"https:\/\/lapainteriordesign.com\/wp-content\/uploads\/2023\/06\/Lapa-HMD_interiores_Lola-Side-table2-1114x1300-1.jpg","type":"image\/jpeg"}],"twitter_card":"summary_large_image","twitter_site":"@lapainterior","twitter_misc":{"Tempo estimado de leitura":"2 minutos"},"schema":{"@context":"https:\/\/schema.org","@graph":[{"@type":"WebPage","@id":"https:\/\/lapainteriordesign.com\/pt-pt\/product\/mesa-apoio-pequena-lola\/","url":"https:\/\/lapainteriordesign.com\/pt-pt\/product\/mesa-apoio-pequena-lola\/","name":"Mesa apoio pequena Lola - lapainteriordesign.com","isPartOf":{"@id":"https:\/\/lapainteriordesign.com\/#website"},"primaryImageOfPage":{"@id":"https:\/\/lapainteriordesign.com\/pt-pt\/product\/mesa-apoio-pequena-lola\/#primaryimage"},"image":{"@id":"https:\/\/lapainteriordesign.com\/pt-pt\/product\/mesa-apoio-pequena-lola\/#primaryimage"},"thumbnailUrl":"https:\/\/lapainteriordesign.com\/wp-content\/uploads\/2023\/06\/Lapa-HMD_interiores_Lola-Side-table2-1114x1300-1.jpg","datePublished":"2023-06-18T13:20:13+00:00","dateModified":"2025-12-08T14:50:35+00:00","description":"A Mesa de Apoio Pequena Lola, da Lapa Interior Design, \u00e9 um cl\u00e1ssico artesanal que se adapta a interiores modernos ou cl\u00e1ssicos.","breadcrumb":{"@id":"https:\/\/lapainteriordesign.com\/pt-pt\/product\/mesa-apoio-pequena-lola\/#breadcrumb"},"inLanguage":"pt-PT","potentialAction":[{"@type":"ReadAction","target":["https:\/\/lapainteriordesign.com\/pt-pt\/product\/mesa-apoio-pequena-lola\/"]}]},{"@type":"ImageObject","inLanguage":"pt-PT","@id":"https:\/\/lapainteriordesign.com\/pt-pt\/product\/mesa-apoio-pequena-lola\/#primaryimage","url":"https:\/\/lapainteriordesign.com\/wp-content\/uploads\/2023\/06\/Lapa-HMD_interiores_Lola-Side-table2-1114x1300-1.jpg","contentUrl":"https:\/\/lapainteriordesign.com\/wp-content\/uploads\/2023\/06\/Lapa-HMD_interiores_Lola-Side-table2-1114x1300-1.jpg","width":1000,"height":1000,"caption":"Lapa-interiors_design_interiores_Lola-Side-table7"},{"@type":"BreadcrumbList","@id":"https:\/\/lapainteriordesign.com\/pt-pt\/product\/mesa-apoio-pequena-lola\/#breadcrumb","itemListElement":[{"@type":"ListItem","position":1,"name":"Home","item":"https:\/\/lapainteriordesign.com\/pt-pt\/"},{"@type":"ListItem","position":2,"name":"Products","item":"https:\/\/lapainteriordesign.com\/products\/"},{"@type":"ListItem","position":3,"name":"Mesa apoio pequena Lola"}]},{"@type":"WebSite","@id":"https:\/\/lapainteriordesign.com\/#website","url":"https:\/\/lapainteriordesign.com\/","name":"lapainteriordesign.com","description":"Luxury Interior Design","publisher":{"@id":"https:\/\/lapainteriordesign.com\/#organization"},"potentialAction":[{"@type":"SearchAction","target":{"@type":"EntryPoint","urlTemplate":"https:\/\/lapainteriordesign.com\/?s={search_term_string}"},"query-input":{"@type":"PropertyValueSpecification","valueRequired":true,"valueName":"search_term_string"}}],"inLanguage":"pt-PT"},{"@type":"Organization","@id":"https:\/\/lapainteriordesign.com\/#organization","name":"Lapa Interior Design","url":"https:\/\/lapainteriordesign.com\/","logo":{"@type":"ImageObject","inLanguage":"pt-PT","@id":"https:\/\/lapainteriordesign.com\/#\/schema\/logo\/image\/","url":"https:\/\/lapainteriordesign.com\/wp-content\/uploads\/2026\/02\/cropped-Design-sem-nome-2026-02-04T094114.020.jpg","contentUrl":"https:\/\/lapainteriordesign.com\/wp-content\/uploads\/2026\/02\/cropped-Design-sem-nome-2026-02-04T094114.020.jpg","width":512,"height":512,"caption":"Lapa Interior Design"},"image":{"@id":"https:\/\/lapainteriordesign.com\/#\/schema\/logo\/image\/"},"sameAs":["https:\/\/www.facebook.com\/LapaInteriorDesign","https:\/\/x.com\/lapainterior","https:\/\/www.instagram.com\/lapainteriordesign\/","https:\/\/www.linkedin.com\/in\/lapa-interior-design-376823206\/"]}]}},"_links":{"self":[{"href":"https:\/\/lapainteriordesign.com\/pt-pt\/wp-json\/wp\/v2\/product\/17853","targetHints":{"allow":["GET"]}}],"collection":[{"href":"https:\/\/lapainteriordesign.com\/pt-pt\/wp-json\/wp\/v2\/product"}],"about":[{"href":"https:\/\/lapainteriordesign.com\/pt-pt\/wp-json\/wp\/v2\/types\/product"}],"version-history":[{"count":0,"href":"https:\/\/lapainteriordesign.com\/pt-pt\/wp-json\/wp\/v2\/product\/17853\/revisions"}],"wp:featuredmedia":[{"embeddable":true,"href":"https:\/\/lapainteriordesign.com\/pt-pt\/wp-json\/wp\/v2\/media\/17847"}],"wp:attachment":[{"href":"https:\/\/lapainteriordesign.com\/pt-pt\/wp-json\/wp\/v2\/media?parent=17853"}],"wp:term":[{"taxonomy":"product_brand","embeddable":true,"href":"https:\/\/lapainteriordesign.com\/pt-pt\/wp-json\/wp\/v2\/product_brand?post=17853"},{"taxonomy":"product_cat","embeddable":true,"href":"https:\/\/lapainteriordesign.com\/pt-pt\/wp-json\/wp\/v2\/product_cat?post=17853"},{"taxonomy":"product_tag","embeddable":true,"href":"https:\/\/lapainteriordesign.com\/pt-pt\/wp-json\/wp\/v2\/product_tag?post=17853"}],"curies":[{"name":"wp","href":"https:\/\/api.w.org\/{rel}","templated":true}]}}