{"id":17383,"date":"2024-11-27T19:08:14","date_gmt":"2024-11-27T19:08:14","guid":{"rendered":"https:\/\/lapainteriordesign.com\/product\/vintage-1956-throw\/"},"modified":"2025-11-01T22:28:16","modified_gmt":"2025-11-01T22:28:16","slug":"manta-vintage-1956","status":"publish","type":"product","link":"https:\/\/lapainteriordesign.com\/pt-pt\/product\/manta-vintage-1956\/","title":{"rendered":"Manta Vintage 1956"},"content":{"rendered":"<h2 data-start=\"160\" data-end=\"215\">Manta Vintage 1956 \u2013 Tradi\u00e7\u00e3o e Artesanato Portugu\u00eas<\/h2>\n<p data-start=\"217\" data-end=\"556\">A <strong data-start=\"219\" data-end=\"241\">Manta Vintage 1956<\/strong> \u00e9 um exemplo excepcional de <strong data-start=\"270\" data-end=\"302\">artesanato de alta qualidade<\/strong>. Produzida com as melhores fibras de <strong data-start=\"340\" data-end=\"353\">l\u00e3 merino<\/strong>, esta manta \u00e9 tecida em teares antigos e finalizada \u00e0 m\u00e3o com t\u00e9cnicas tradicionais. O tecido Burel, com origens medievais, est\u00e1 profundamente ligado \u00e0s <strong data-start=\"507\" data-end=\"540\">montanhas da Serra da Estrela<\/strong>, em Portugal.<\/p>\n<h2 data-start=\"558\" data-end=\"585\">Processo Artesanal \u00danico<\/h2>\n<p data-start=\"587\" data-end=\"904\">O processo artesanal come\u00e7a com a lavagem, fia\u00e7\u00e3o e tecelagem da l\u00e3. Em seguida, os artes\u00e3os aplicam a t\u00e9cnica do <strong data-start=\"701\" data-end=\"710\">pis\u00e3o<\/strong>, que envolve bater e escaldar o tecido. Este m\u00e9todo confere \u00e0 l\u00e3 maior <strong data-start=\"782\" data-end=\"830\">densidade, durabilidade e resist\u00eancia \u00e0 \u00e1gua<\/strong>, resultando numa manta de qualidade superior e preparada para uso di\u00e1rio.<\/p>\n<h2 data-start=\"906\" data-end=\"939\">Conex\u00e3o com a Serra da Estrela<\/h2>\n<p data-start=\"941\" data-end=\"1360\">A nossa <strong data-start=\"949\" data-end=\"974\">Home Decor Collection<\/strong> convida-te a uma viagem sensorial \u00e0s montanhas da Serra da Estrela. Os <strong data-start=\"1046\" data-end=\"1083\">materiais naturais e sustent\u00e1veis<\/strong>, como a l\u00e3 local, capturam a ess\u00eancia desta regi\u00e3o \u00fanica. Al\u00e9m disso, a textura tridimensional dos <strong data-start=\"1183\" data-end=\"1199\">pontos Burel<\/strong> reflete as formas org\u00e2nicas da paisagem, ligando-nos \u00e0 rica <strong data-start=\"1260\" data-end=\"1294\">cultura montanhosa de Portugal<\/strong>, \u00e0 sua arte, tradi\u00e7\u00e3o e conex\u00e3o profunda com a natureza intocada.<\/p>\n<h2 data-start=\"1362\" data-end=\"1390\">Conforto e Funcionalidade<\/h2>\n<p data-start=\"1392\" data-end=\"1873\">A <strong data-start=\"1394\" data-end=\"1416\">Manta Vintage 1956<\/strong> destaca-se pela <strong data-start=\"1433\" data-end=\"1443\">maciez<\/strong> e pela excelente <strong data-start=\"1461\" data-end=\"1481\">isola\u00e7\u00e3o t\u00e9rmica<\/strong>. Consequentemente, proporciona o equil\u00edbrio perfeito entre <strong data-start=\"1541\" data-end=\"1563\">luxo e praticidade<\/strong>. Quer seja para enfrentar os invernos mais rigorosos ou para desfrutar de uma noite aconchegante, esta manta oferece <strong data-start=\"1681\" data-end=\"1701\">calor e conforto<\/strong>. Al\u00e9m disso, o seu <strong data-start=\"1721\" data-end=\"1741\">design atemporal<\/strong> adiciona um toque elegante de heran\u00e7a portuguesa a qualquer ambiente, combinando harmoniosamente com diversos estilos de decora\u00e7\u00e3o.<\/p>\n<h2 data-start=\"1875\" data-end=\"1906\">Sofistica\u00e7\u00e3o e Versatilidade<\/h2>\n<p data-start=\"1908\" data-end=\"2281\">A <strong data-start=\"1910\" data-end=\"1946\">Manta Burel Vintage em L\u00e3 Merino<\/strong> eleva instantaneamente qualquer espa\u00e7o. Colocada na sala, no quarto ou em outro ambiente, transmite <strong data-start=\"2047\" data-end=\"2074\">sofistica\u00e7\u00e3o e requinte<\/strong>. Esta manta n\u00e3o \u00e9 apenas funcional, mas tamb\u00e9m um <strong data-start=\"2125\" data-end=\"2168\">s\u00edmbolo da hist\u00f3ria cultural portuguesa<\/strong>, unindo tradi\u00e7\u00e3o e <strong data-start=\"2188\" data-end=\"2215\">eleg\u00e2ncia contempor\u00e2nea<\/strong>. Assim, torna-se uma adi\u00e7\u00e3o vers\u00e1til e duradoura a qualquer casa.<\/p>\n<h2 data-start=\"2283\" data-end=\"2317\">Sustentabilidade e Durabilidade<\/h2>\n<p data-start=\"2319\" data-end=\"2467\">Com a sua composi\u00e7\u00e3o sustent\u00e1vel e apelo intemporal, a <strong data-start=\"2374\" data-end=\"2396\">Manta Vintage 1956<\/strong> ser\u00e1 uma pe\u00e7a <strong data-start=\"2411\" data-end=\"2435\">preciosa e duradoura<\/strong> no teu lar durante muitos anos.<\/p>\n<p data-start=\"2469\" data-end=\"2535\"><strong data-start=\"2469\" data-end=\"2484\">Composi\u00e7\u00e3o:<\/strong> 100% l\u00e3<br data-start=\"2492\" data-end=\"2495\" \/><strong data-start=\"2495\" data-end=\"2535\">Produzido em Portugal, naturalmente.<\/strong><\/p>\n","protected":false},"excerpt":{"rendered":"<p>Manta Vintage 1956 em l\u00e3 merino Burel: conforto, eleg\u00e2ncia e tradi\u00e7\u00e3o portuguesa. Ideal para sala ou quarto, feita \u00e0 m\u00e3o nas montanhas da Serra da Estrela.<\/p>\n","protected":false},"featured_media":17380,"template":"","meta":{"_joinchat":{"telephone":"+351910131778","message_text":"Questions about this piece?"}},"product_brand":[],"product_cat":[872],"product_tag":[2313,2309,2308,2317,2318,2319,2311,2307,2316,2315,2310,2320,2314,2312,2306],"class_list":{"0":"post-17383","1":"product","2":"type-product","3":"status-publish","4":"has-post-thumbnail","6":"product_cat-cobertores","7":"product_tag-decoracao-portuguesa","8":"product_tag-manta-artesanal","9":"product_tag-manta-burel","10":"product_tag-manta-de-inverno","11":"product_tag-manta-de-luxo","12":"product_tag-manta-de-qualidade","13":"product_tag-manta-elegante","14":"product_tag-manta-em-la-merino","15":"product_tag-manta-para-quarto","16":"product_tag-manta-para-sala","17":"product_tag-manta-portuguesa","18":"product_tag-manta-produzida-em-portugal","19":"product_tag-manta-sustentavel","20":"product_tag-manta-termica","21":"product_tag-manta-vintage","23":"first","24":"onbackorder","25":"taxable","26":"shipping-taxable","27":"purchasable","28":"product-type-variable"},"yoast_head":"<!-- This site is optimized with the Yoast SEO plugin v26.7 - https:\/\/yoast.com\/wordpress\/plugins\/seo\/ -->\n<title>Manta Vintage 1956 - lapainteriordesign.com<\/title>\n<meta name=\"description\" content=\"Manta Vintage 1956 em l\u00e3 merino Burel: conforto, eleg\u00e2ncia e tradi\u00e7\u00e3o portuguesa. Ideal para sala ou quarto, feita \u00e0 m\u00e3o nas montanhas da Serra da Estrela.\" \/>\n<meta name=\"robots\" content=\"index, follow, max-snippet:-1, max-image-preview:large, max-video-preview:-1\" \/>\n<link rel=\"canonical\" href=\"https:\/\/lapainteriordesign.com\/pt-pt\/product\/manta-vintage-1956\/\" \/>\n<meta property=\"og:locale\" content=\"pt_PT\" \/>\n<meta property=\"og:type\" content=\"article\" \/>\n<meta property=\"og:title\" content=\"Vintage 1956 Throw\" \/>\n<meta property=\"og:description\" content=\"Experience the ultimate in coziness with Vintage 1974 Throw. Crafted from 100% wool, it&#039;s a perfect blend of style and warmth.\" \/>\n<meta property=\"og:url\" content=\"https:\/\/lapainteriordesign.com\/pt-pt\/product\/manta-vintage-1956\/\" \/>\n<meta property=\"og:site_name\" content=\"lapainteriordesign.com\" \/>\n<meta property=\"article:publisher\" content=\"https:\/\/www.facebook.com\/LapaInteriorDesign\" \/>\n<meta property=\"article:modified_time\" content=\"2025-11-01T22:28:16+00:00\" \/>\n<meta property=\"og:image\" content=\"https:\/\/lapainteriordesign.com\/wp-content\/uploads\/2024\/11\/vintage-mos-23.39.png\" \/>\n\t<meta property=\"og:image:width\" content=\"419\" \/>\n\t<meta property=\"og:image:height\" content=\"588\" \/>\n\t<meta property=\"og:image:type\" content=\"image\/png\" \/>\n<meta name=\"twitter:card\" content=\"summary_large_image\" \/>\n<meta name=\"twitter:title\" content=\"Vintage 1974 Throw\" \/>\n<meta name=\"twitter:description\" content=\"Experience the ultimate in coziness with Mustard Vintage 1956 Throw. Crafted from 100% wool, it&#039;s a perfect blend of style and warmth.\" \/>\n<meta name=\"twitter:image\" content=\"https:\/\/lapainteriordesign.com\/wp-content\/uploads\/2024\/11\/vintage-mos-23.39.png\" \/>\n<meta name=\"twitter:site\" content=\"@lapainterior\" \/>\n<meta name=\"twitter:label1\" content=\"Tempo estimado de leitura\" \/>\n\t<meta name=\"twitter:data1\" content=\"2 minutos\" \/>\n<script type=\"application\/ld+json\" class=\"yoast-schema-graph\">{\"@context\":\"https:\/\/schema.org\",\"@graph\":[{\"@type\":\"WebPage\",\"@id\":\"https:\/\/lapainteriordesign.com\/pt-pt\/product\/manta-vintage-1956\/\",\"url\":\"https:\/\/lapainteriordesign.com\/pt-pt\/product\/manta-vintage-1956\/\",\"name\":\"Manta Vintage 1956 - lapainteriordesign.com\",\"isPartOf\":{\"@id\":\"https:\/\/lapainteriordesign.com\/#website\"},\"primaryImageOfPage\":{\"@id\":\"https:\/\/lapainteriordesign.com\/pt-pt\/product\/manta-vintage-1956\/#primaryimage\"},\"image\":{\"@id\":\"https:\/\/lapainteriordesign.com\/pt-pt\/product\/manta-vintage-1956\/#primaryimage\"},\"thumbnailUrl\":\"https:\/\/lapainteriordesign.com\/wp-content\/uploads\/2024\/11\/vintage-mos-23.39.png\",\"datePublished\":\"2024-11-27T19:08:14+00:00\",\"dateModified\":\"2025-11-01T22:28:16+00:00\",\"description\":\"Manta Vintage 1956 em l\u00e3 merino Burel: conforto, eleg\u00e2ncia e tradi\u00e7\u00e3o portuguesa. Ideal para sala ou quarto, feita \u00e0 m\u00e3o nas montanhas da Serra da Estrela.\",\"breadcrumb\":{\"@id\":\"https:\/\/lapainteriordesign.com\/pt-pt\/product\/manta-vintage-1956\/#breadcrumb\"},\"inLanguage\":\"pt-PT\",\"potentialAction\":[{\"@type\":\"ReadAction\",\"target\":[\"https:\/\/lapainteriordesign.com\/pt-pt\/product\/manta-vintage-1956\/\"]}]},{\"@type\":\"ImageObject\",\"inLanguage\":\"pt-PT\",\"@id\":\"https:\/\/lapainteriordesign.com\/pt-pt\/product\/manta-vintage-1956\/#primaryimage\",\"url\":\"https:\/\/lapainteriordesign.com\/wp-content\/uploads\/2024\/11\/vintage-mos-23.39.png\",\"contentUrl\":\"https:\/\/lapainteriordesign.com\/wp-content\/uploads\/2024\/11\/vintage-mos-23.39.png\",\"width\":419,\"height\":588,\"caption\":\"Lapa interior design- Vintage 1956 Throw\"},{\"@type\":\"BreadcrumbList\",\"@id\":\"https:\/\/lapainteriordesign.com\/pt-pt\/product\/manta-vintage-1956\/#breadcrumb\",\"itemListElement\":[{\"@type\":\"ListItem\",\"position\":1,\"name\":\"Home\",\"item\":\"https:\/\/lapainteriordesign.com\/pt-pt\/\"},{\"@type\":\"ListItem\",\"position\":2,\"name\":\"Products\",\"item\":\"https:\/\/lapainteriordesign.com\/products\/\"},{\"@type\":\"ListItem\",\"position\":3,\"name\":\"Manta Vintage 1956\"}]},{\"@type\":\"WebSite\",\"@id\":\"https:\/\/lapainteriordesign.com\/#website\",\"url\":\"https:\/\/lapainteriordesign.com\/\",\"name\":\"lapainteriordesign.com\",\"description\":\"Luxury Interior Design\",\"publisher\":{\"@id\":\"https:\/\/lapainteriordesign.com\/#organization\"},\"potentialAction\":[{\"@type\":\"SearchAction\",\"target\":{\"@type\":\"EntryPoint\",\"urlTemplate\":\"https:\/\/lapainteriordesign.com\/?s={search_term_string}\"},\"query-input\":{\"@type\":\"PropertyValueSpecification\",\"valueRequired\":true,\"valueName\":\"search_term_string\"}}],\"inLanguage\":\"pt-PT\"},{\"@type\":\"Organization\",\"@id\":\"https:\/\/lapainteriordesign.com\/#organization\",\"name\":\"Lapa Interior Design\",\"url\":\"https:\/\/lapainteriordesign.com\/\",\"logo\":{\"@type\":\"ImageObject\",\"inLanguage\":\"pt-PT\",\"@id\":\"https:\/\/lapainteriordesign.com\/#\/schema\/logo\/image\/\",\"url\":\"https:\/\/lapainteriordesign.com\/wp-content\/uploads\/2026\/05\/cropped-Design-sem-nome-2026-05-06T092324.284.png\",\"contentUrl\":\"https:\/\/lapainteriordesign.com\/wp-content\/uploads\/2026\/05\/cropped-Design-sem-nome-2026-05-06T092324.284.png\",\"width\":512,\"height\":512,\"caption\":\"Lapa Interior Design\"},\"image\":{\"@id\":\"https:\/\/lapainteriordesign.com\/#\/schema\/logo\/image\/\"},\"sameAs\":[\"https:\/\/www.facebook.com\/LapaInteriorDesign\",\"https:\/\/x.com\/lapainterior\",\"https:\/\/www.instagram.com\/lapainteriordesign\/\",\"https:\/\/www.linkedin.com\/in\/lapa-interior-design-376823206\/\"]}]}<\/script>\n<!-- \/ Yoast SEO plugin. -->","yoast_head_json":{"title":"Manta Vintage 1956 - lapainteriordesign.com","description":"Manta Vintage 1956 em l\u00e3 merino Burel: conforto, eleg\u00e2ncia e tradi\u00e7\u00e3o portuguesa. Ideal para sala ou quarto, feita \u00e0 m\u00e3o nas montanhas da Serra da Estrela.","robots":{"index":"index","follow":"follow","max-snippet":"max-snippet:-1","max-image-preview":"max-image-preview:large","max-video-preview":"max-video-preview:-1"},"canonical":"https:\/\/lapainteriordesign.com\/pt-pt\/product\/manta-vintage-1956\/","og_locale":"pt_PT","og_type":"article","og_title":"Vintage 1956 Throw","og_description":"Experience the ultimate in coziness with Vintage 1974 Throw. Crafted from 100% wool, it's a perfect blend of style and warmth.","og_url":"https:\/\/lapainteriordesign.com\/pt-pt\/product\/manta-vintage-1956\/","og_site_name":"lapainteriordesign.com","article_publisher":"https:\/\/www.facebook.com\/LapaInteriorDesign","article_modified_time":"2025-11-01T22:28:16+00:00","og_image":[{"width":419,"height":588,"url":"https:\/\/lapainteriordesign.com\/wp-content\/uploads\/2024\/11\/vintage-mos-23.39.png","type":"image\/png"}],"twitter_card":"summary_large_image","twitter_title":"Vintage 1974 Throw","twitter_description":"Experience the ultimate in coziness with Mustard Vintage 1956 Throw. Crafted from 100% wool, it's a perfect blend of style and warmth.","twitter_image":"https:\/\/lapainteriordesign.com\/wp-content\/uploads\/2024\/11\/vintage-mos-23.39.png","twitter_site":"@lapainterior","twitter_misc":{"Tempo estimado de leitura":"2 minutos"},"schema":{"@context":"https:\/\/schema.org","@graph":[{"@type":"WebPage","@id":"https:\/\/lapainteriordesign.com\/pt-pt\/product\/manta-vintage-1956\/","url":"https:\/\/lapainteriordesign.com\/pt-pt\/product\/manta-vintage-1956\/","name":"Manta Vintage 1956 - lapainteriordesign.com","isPartOf":{"@id":"https:\/\/lapainteriordesign.com\/#website"},"primaryImageOfPage":{"@id":"https:\/\/lapainteriordesign.com\/pt-pt\/product\/manta-vintage-1956\/#primaryimage"},"image":{"@id":"https:\/\/lapainteriordesign.com\/pt-pt\/product\/manta-vintage-1956\/#primaryimage"},"thumbnailUrl":"https:\/\/lapainteriordesign.com\/wp-content\/uploads\/2024\/11\/vintage-mos-23.39.png","datePublished":"2024-11-27T19:08:14+00:00","dateModified":"2025-11-01T22:28:16+00:00","description":"Manta Vintage 1956 em l\u00e3 merino Burel: conforto, eleg\u00e2ncia e tradi\u00e7\u00e3o portuguesa. Ideal para sala ou quarto, feita \u00e0 m\u00e3o nas montanhas da Serra da Estrela.","breadcrumb":{"@id":"https:\/\/lapainteriordesign.com\/pt-pt\/product\/manta-vintage-1956\/#breadcrumb"},"inLanguage":"pt-PT","potentialAction":[{"@type":"ReadAction","target":["https:\/\/lapainteriordesign.com\/pt-pt\/product\/manta-vintage-1956\/"]}]},{"@type":"ImageObject","inLanguage":"pt-PT","@id":"https:\/\/lapainteriordesign.com\/pt-pt\/product\/manta-vintage-1956\/#primaryimage","url":"https:\/\/lapainteriordesign.com\/wp-content\/uploads\/2024\/11\/vintage-mos-23.39.png","contentUrl":"https:\/\/lapainteriordesign.com\/wp-content\/uploads\/2024\/11\/vintage-mos-23.39.png","width":419,"height":588,"caption":"Lapa interior design- Vintage 1956 Throw"},{"@type":"BreadcrumbList","@id":"https:\/\/lapainteriordesign.com\/pt-pt\/product\/manta-vintage-1956\/#breadcrumb","itemListElement":[{"@type":"ListItem","position":1,"name":"Home","item":"https:\/\/lapainteriordesign.com\/pt-pt\/"},{"@type":"ListItem","position":2,"name":"Products","item":"https:\/\/lapainteriordesign.com\/products\/"},{"@type":"ListItem","position":3,"name":"Manta Vintage 1956"}]},{"@type":"WebSite","@id":"https:\/\/lapainteriordesign.com\/#website","url":"https:\/\/lapainteriordesign.com\/","name":"lapainteriordesign.com","description":"Luxury Interior Design","publisher":{"@id":"https:\/\/lapainteriordesign.com\/#organization"},"potentialAction":[{"@type":"SearchAction","target":{"@type":"EntryPoint","urlTemplate":"https:\/\/lapainteriordesign.com\/?s={search_term_string}"},"query-input":{"@type":"PropertyValueSpecification","valueRequired":true,"valueName":"search_term_string"}}],"inLanguage":"pt-PT"},{"@type":"Organization","@id":"https:\/\/lapainteriordesign.com\/#organization","name":"Lapa Interior Design","url":"https:\/\/lapainteriordesign.com\/","logo":{"@type":"ImageObject","inLanguage":"pt-PT","@id":"https:\/\/lapainteriordesign.com\/#\/schema\/logo\/image\/","url":"https:\/\/lapainteriordesign.com\/wp-content\/uploads\/2026\/05\/cropped-Design-sem-nome-2026-05-06T092324.284.png","contentUrl":"https:\/\/lapainteriordesign.com\/wp-content\/uploads\/2026\/05\/cropped-Design-sem-nome-2026-05-06T092324.284.png","width":512,"height":512,"caption":"Lapa Interior Design"},"image":{"@id":"https:\/\/lapainteriordesign.com\/#\/schema\/logo\/image\/"},"sameAs":["https:\/\/www.facebook.com\/LapaInteriorDesign","https:\/\/x.com\/lapainterior","https:\/\/www.instagram.com\/lapainteriordesign\/","https:\/\/www.linkedin.com\/in\/lapa-interior-design-376823206\/"]}]}},"_links":{"self":[{"href":"https:\/\/lapainteriordesign.com\/pt-pt\/wp-json\/wp\/v2\/product\/17383","targetHints":{"allow":["GET"]}}],"collection":[{"href":"https:\/\/lapainteriordesign.com\/pt-pt\/wp-json\/wp\/v2\/product"}],"about":[{"href":"https:\/\/lapainteriordesign.com\/pt-pt\/wp-json\/wp\/v2\/types\/product"}],"version-history":[{"count":0,"href":"https:\/\/lapainteriordesign.com\/pt-pt\/wp-json\/wp\/v2\/product\/17383\/revisions"}],"wp:featuredmedia":[{"embeddable":true,"href":"https:\/\/lapainteriordesign.com\/pt-pt\/wp-json\/wp\/v2\/media\/17380"}],"wp:attachment":[{"href":"https:\/\/lapainteriordesign.com\/pt-pt\/wp-json\/wp\/v2\/media?parent=17383"}],"wp:term":[{"taxonomy":"product_brand","embeddable":true,"href":"https:\/\/lapainteriordesign.com\/pt-pt\/wp-json\/wp\/v2\/product_brand?post=17383"},{"taxonomy":"product_cat","embeddable":true,"href":"https:\/\/lapainteriordesign.com\/pt-pt\/wp-json\/wp\/v2\/product_cat?post=17383"},{"taxonomy":"product_tag","embeddable":true,"href":"https:\/\/lapainteriordesign.com\/pt-pt\/wp-json\/wp\/v2\/product_tag?post=17383"}],"curies":[{"name":"wp","href":"https:\/\/api.w.org\/{rel}","templated":true}]}}