{"id":16942,"date":"2025-01-20T22:43:06","date_gmt":"2025-01-20T22:43:06","guid":{"rendered":"https:\/\/lapainteriordesign.com\/product\/plank-ii-side-table\/"},"modified":"2026-01-19T21:40:21","modified_gmt":"2026-01-19T21:40:21","slug":"mesa-apoio-plank-ii","status":"publish","type":"product","link":"https:\/\/lapainteriordesign.com\/pt-pt\/product\/mesa-apoio-plank-ii\/","title":{"rendered":"Mesa apoio Plank II"},"content":{"rendered":"<p data-start=\"225\" data-end=\"470\">A <strong data-start=\"227\" data-end=\"253\">mesa de apoio Plank II<\/strong> \u00e9 uma pe\u00e7a lindamente trabalhada em <strong data-start=\"290\" data-end=\"318\">madeira maci\u00e7a de freixo<\/strong>, que combina <strong data-start=\"332\" data-end=\"372\">leveza, estabilidade e versatilidade<\/strong>. Como resultado, adapta-se facilmente a qualquer ambiente \u2014 seja na sala de estar ou no quarto.<\/p>\n<p data-start=\"472\" data-end=\"764\">O seu <strong data-start=\"478\" data-end=\"521\">design curvil\u00edneo e cantos arredondados<\/strong> conferem-lhe eleg\u00e2ncia e charme. Al\u00e9m disso, o <strong data-start=\"569\" data-end=\"596\">veio natural da madeira<\/strong> acrescenta calor e car\u00e1ter, tornando cada mesa \u00fanica. Gra\u00e7as a esta aten\u00e7\u00e3o ao detalhe, a Plank II enquadra-se perfeitamente em interiores <strong data-start=\"736\" data-end=\"761\">modernos ou cl\u00e1ssicos<\/strong>.<\/p>\n<p data-start=\"766\" data-end=\"1047\">Mais do que est\u00e9tica, oferece <strong data-start=\"796\" data-end=\"822\">funcionalidade pr\u00e1tica<\/strong>. Pode servir de apoio para <strong data-start=\"850\" data-end=\"892\">plantas, livros ou uma ch\u00e1vena de caf\u00e9<\/strong>, e tamb\u00e9m como <strong data-start=\"908\" data-end=\"929\">mesa de cabeceira<\/strong> para candeeiros, despertadores ou objetos pessoais. Assim, ajuda a manter o teu espa\u00e7o <strong data-start=\"1017\" data-end=\"1044\">organizado e harmonioso<\/strong>.<\/p>\n<p data-start=\"1049\" data-end=\"1258\">Produzida em <strong data-start=\"1062\" data-end=\"1095\">100% madeira maci\u00e7a de freixo<\/strong>, \u00e9 resistente e feita para durar. O <strong data-start=\"1132\" data-end=\"1162\">acabamento em \u00f3leo natural<\/strong> real\u00e7a a beleza da madeira e protege-a, garantindo uma apar\u00eancia impec\u00e1vel ao longo dos anos.<\/p>\n<p data-start=\"1260\" data-end=\"1375\">Para preservar a sua apar\u00eancia, limpa-a com um pano macio e seco e evita a exposi\u00e7\u00e3o direta ao sol ou \u00e0 humidade.<\/p>\n<p data-start=\"1377\" data-end=\"1557\"><strong data-start=\"1377\" data-end=\"1402\">Produzida em Portugal<\/strong>, a mesa Plank II reflete a melhor <strong data-start=\"1437\" data-end=\"1473\">artesania e design contempor\u00e2neo<\/strong>, oferecendo uma combina\u00e7\u00e3o perfeita de <strong data-start=\"1513\" data-end=\"1554\">estilo, funcionalidade e durabilidade<\/strong>.<\/p>\n<hr data-start=\"1559\" data-end=\"1562\" \/>\n<h3 data-start=\"1564\" data-end=\"1598\">\ud83e\udeb5 <strong data-start=\"1571\" data-end=\"1598\">Materiais e Acabamentos<\/strong><\/h3>\n<ul data-start=\"1599\" data-end=\"1683\">\n<li data-start=\"1599\" data-end=\"1638\">\n<p data-start=\"1601\" data-end=\"1638\">Estrutura: Madeira maci\u00e7a de freixo<\/p>\n<\/li>\n<li data-start=\"1639\" data-end=\"1683\">\n<p data-start=\"1641\" data-end=\"1683\">Acabamento: \u00d3leo natural com prote\u00e7\u00e3o UV<\/p>\n<\/li>\n<\/ul>\n<p>&nbsp;<\/p>\n<p><a class=\"btn btn-style-bordered btn-shape-rectangle btn-size-large btn-color-black btn-icon-pos-right\" href=\"https:\/\/lapainteriordesign.com\/wp-content\/uploads\/2025\/01\/PlankBench_technicalsheet-Lapa-Interior-Design.pdf\" target=\"_blank\" rel=\"noopener\">Technical Sheet<\/a><\/p>\n<p><a class=\"btn btn-style-bordered btn-shape-rectangle btn-size-large btn-color-black btn-icon-pos-right\" href=\"https:\/\/lapainteriordesign.com\/wp-content\/uploads\/2025\/01\/A6_Assembly-instrutions_PLANK_II.pdf\" target=\"_blank\" rel=\"noopener\">Assembly Instrutions<\/a><\/p>\n","protected":false},"excerpt":{"rendered":"<p data-start=\"1899\" data-end=\"2036\">A mesa de apoio Plank II combina eleg\u00e2ncia e funcionalidade em madeira de freixo maci\u00e7a, com design curvo e acabamento em \u00f3leo natural.<\/p>\n","protected":false},"featured_media":16931,"template":"","meta":{"_joinchat":{"telephone":"+351910131778","message_text":"Questions about this piece?"}},"product_brand":[],"product_cat":[898,886,905,884,910,878,889],"product_tag":[1992,1997,724,1168,1993,1995,1994,1738,1786,1996,642,1991,1971],"class_list":{"0":"post-16942","1":"product","2":"type-product","3":"status-publish","4":"has-post-thumbnail","6":"product_cat-armazenamentos","7":"product_cat-pronto-para-enviar","8":"product_cat-mesas","9":"product_cat-mesas-de-cabeceira","10":"product_cat-mesas-laterais","11":"product_cat-mobilia","12":"product_cat-sala-de-estar","13":"product_tag-ash-wood-furniture","14":"product_tag-bedroom-furniture","15":"product_tag-bedside-table","16":"product_tag-living-room-decor","17":"product_tag-minimalist-furniture","18":"product_tag-modern-furniture","19":"product_tag-natural-finish","20":"product_tag-portuguese-design","21":"product_tag-produced-in-portugal","22":"product_tag-scandinavian-style","23":"product_tag-side-table","24":"product_tag-solid-wood-table","25":"product_tag-sustainable-furniture","27":"first","28":"instock","29":"taxable","30":"shipping-taxable","31":"purchasable","32":"product-type-simple"},"yoast_head":"<!-- This site is optimized with the Yoast SEO plugin v26.7 - https:\/\/yoast.com\/wordpress\/plugins\/seo\/ -->\n<title>Mesa apoio Plank II - lapainteriordesign.com<\/title>\n<meta name=\"description\" content=\"A mesa de apoio Plank II combina eleg\u00e2ncia e funcionalidade em madeira de freixo maci\u00e7a, com design curvo e acabamento em \u00f3leo natural.\" \/>\n<meta name=\"robots\" content=\"index, follow, max-snippet:-1, max-image-preview:large, max-video-preview:-1\" \/>\n<link rel=\"canonical\" href=\"https:\/\/lapainteriordesign.com\/pt-pt\/product\/mesa-apoio-plank-ii\/\" \/>\n<meta property=\"og:locale\" content=\"pt_PT\" \/>\n<meta property=\"og:type\" content=\"article\" \/>\n<meta property=\"og:title\" content=\"Plank II\" \/>\n<meta property=\"og:description\" content=\"Plank Side Table: a versatile solid ash wood piece with a fluid design, perfect as a side or bedside table. Stylish, functional, and made in Portugal.\" \/>\n<meta property=\"og:url\" content=\"https:\/\/lapainteriordesign.com\/pt-pt\/product\/mesa-apoio-plank-ii\/\" \/>\n<meta property=\"og:site_name\" content=\"lapainteriordesign.com\" \/>\n<meta property=\"article:publisher\" content=\"https:\/\/www.facebook.com\/LapaInteriorDesign\" \/>\n<meta property=\"article:modified_time\" content=\"2026-01-19T21:40:21+00:00\" \/>\n<meta property=\"og:image\" content=\"https:\/\/lapainteriordesign.com\/wp-content\/uploads\/2025\/01\/wood-ash-sidetable-home-Lapa-Interior-Design-plankII-1.jpg\" \/>\n\t<meta property=\"og:image:width\" content=\"1000\" \/>\n\t<meta property=\"og:image:height\" content=\"1000\" \/>\n\t<meta property=\"og:image:type\" content=\"image\/jpeg\" \/>\n<meta name=\"twitter:card\" content=\"summary_large_image\" \/>\n<meta name=\"twitter:title\" content=\"Vintage 1974 Throw\" \/>\n<meta name=\"twitter:description\" content=\"Experience the ultimate in coziness with Mustard Vintage 1956 Throw. Crafted from 100% wool, it&#039;s a perfect blend of style and warmth.\" \/>\n<meta name=\"twitter:image\" content=\"https:\/\/lapainteriordesign.com\/wp-content\/uploads\/2024\/11\/vintage-mos-23.39.png\" \/>\n<meta name=\"twitter:site\" content=\"@lapainterior\" \/>\n<meta name=\"twitter:label1\" content=\"Tempo estimado de leitura\" \/>\n\t<meta name=\"twitter:data1\" content=\"2 minutos\" \/>\n<script type=\"application\/ld+json\" class=\"yoast-schema-graph\">{\"@context\":\"https:\/\/schema.org\",\"@graph\":[{\"@type\":\"WebPage\",\"@id\":\"https:\/\/lapainteriordesign.com\/pt-pt\/product\/mesa-apoio-plank-ii\/\",\"url\":\"https:\/\/lapainteriordesign.com\/pt-pt\/product\/mesa-apoio-plank-ii\/\",\"name\":\"Mesa apoio Plank II - lapainteriordesign.com\",\"isPartOf\":{\"@id\":\"https:\/\/lapainteriordesign.com\/#website\"},\"primaryImageOfPage\":{\"@id\":\"https:\/\/lapainteriordesign.com\/pt-pt\/product\/mesa-apoio-plank-ii\/#primaryimage\"},\"image\":{\"@id\":\"https:\/\/lapainteriordesign.com\/pt-pt\/product\/mesa-apoio-plank-ii\/#primaryimage\"},\"thumbnailUrl\":\"https:\/\/lapainteriordesign.com\/wp-content\/uploads\/2025\/01\/wood-ash-sidetable-home-Lapa-Interior-Design-plankII-1_V2.jpg\",\"datePublished\":\"2025-01-20T22:43:06+00:00\",\"dateModified\":\"2026-01-19T21:40:21+00:00\",\"description\":\"A mesa de apoio Plank II combina eleg\u00e2ncia e funcionalidade em madeira de freixo maci\u00e7a, com design curvo e acabamento em \u00f3leo natural.\",\"breadcrumb\":{\"@id\":\"https:\/\/lapainteriordesign.com\/pt-pt\/product\/mesa-apoio-plank-ii\/#breadcrumb\"},\"inLanguage\":\"pt-PT\",\"potentialAction\":[{\"@type\":\"ReadAction\",\"target\":[\"https:\/\/lapainteriordesign.com\/pt-pt\/product\/mesa-apoio-plank-ii\/\"]}]},{\"@type\":\"ImageObject\",\"inLanguage\":\"pt-PT\",\"@id\":\"https:\/\/lapainteriordesign.com\/pt-pt\/product\/mesa-apoio-plank-ii\/#primaryimage\",\"url\":\"https:\/\/lapainteriordesign.com\/wp-content\/uploads\/2025\/01\/wood-ash-sidetable-home-Lapa-Interior-Design-plankII-1_V2.jpg\",\"contentUrl\":\"https:\/\/lapainteriordesign.com\/wp-content\/uploads\/2025\/01\/wood-ash-sidetable-home-Lapa-Interior-Design-plankII-1_V2.jpg\",\"width\":1000,\"height\":1000,\"caption\":\"wood-ash-sidetable-home-Lapa-Interior-Design-plankII-1_V2\"},{\"@type\":\"BreadcrumbList\",\"@id\":\"https:\/\/lapainteriordesign.com\/pt-pt\/product\/mesa-apoio-plank-ii\/#breadcrumb\",\"itemListElement\":[{\"@type\":\"ListItem\",\"position\":1,\"name\":\"Home\",\"item\":\"https:\/\/lapainteriordesign.com\/pt-pt\/\"},{\"@type\":\"ListItem\",\"position\":2,\"name\":\"Products\",\"item\":\"https:\/\/lapainteriordesign.com\/products\/\"},{\"@type\":\"ListItem\",\"position\":3,\"name\":\"Mesa apoio Plank II\"}]},{\"@type\":\"WebSite\",\"@id\":\"https:\/\/lapainteriordesign.com\/#website\",\"url\":\"https:\/\/lapainteriordesign.com\/\",\"name\":\"lapainteriordesign.com\",\"description\":\"Luxury Interior Design\",\"publisher\":{\"@id\":\"https:\/\/lapainteriordesign.com\/#organization\"},\"potentialAction\":[{\"@type\":\"SearchAction\",\"target\":{\"@type\":\"EntryPoint\",\"urlTemplate\":\"https:\/\/lapainteriordesign.com\/?s={search_term_string}\"},\"query-input\":{\"@type\":\"PropertyValueSpecification\",\"valueRequired\":true,\"valueName\":\"search_term_string\"}}],\"inLanguage\":\"pt-PT\"},{\"@type\":\"Organization\",\"@id\":\"https:\/\/lapainteriordesign.com\/#organization\",\"name\":\"Lapa Interior Design\",\"url\":\"https:\/\/lapainteriordesign.com\/\",\"logo\":{\"@type\":\"ImageObject\",\"inLanguage\":\"pt-PT\",\"@id\":\"https:\/\/lapainteriordesign.com\/#\/schema\/logo\/image\/\",\"url\":\"https:\/\/lapainteriordesign.com\/wp-content\/uploads\/2026\/02\/cropped-Design-sem-nome-2026-02-04T094114.020.jpg\",\"contentUrl\":\"https:\/\/lapainteriordesign.com\/wp-content\/uploads\/2026\/02\/cropped-Design-sem-nome-2026-02-04T094114.020.jpg\",\"width\":512,\"height\":512,\"caption\":\"Lapa Interior Design\"},\"image\":{\"@id\":\"https:\/\/lapainteriordesign.com\/#\/schema\/logo\/image\/\"},\"sameAs\":[\"https:\/\/www.facebook.com\/LapaInteriorDesign\",\"https:\/\/x.com\/lapainterior\",\"https:\/\/www.instagram.com\/lapainteriordesign\/\",\"https:\/\/www.linkedin.com\/in\/lapa-interior-design-376823206\/\"]}]}<\/script>\n<!-- \/ Yoast SEO plugin. -->","yoast_head_json":{"title":"Mesa apoio Plank II - lapainteriordesign.com","description":"A mesa de apoio Plank II combina eleg\u00e2ncia e funcionalidade em madeira de freixo maci\u00e7a, com design curvo e acabamento em \u00f3leo natural.","robots":{"index":"index","follow":"follow","max-snippet":"max-snippet:-1","max-image-preview":"max-image-preview:large","max-video-preview":"max-video-preview:-1"},"canonical":"https:\/\/lapainteriordesign.com\/pt-pt\/product\/mesa-apoio-plank-ii\/","og_locale":"pt_PT","og_type":"article","og_title":"Plank II","og_description":"Plank Side Table: a versatile solid ash wood piece with a fluid design, perfect as a side or bedside table. Stylish, functional, and made in Portugal.","og_url":"https:\/\/lapainteriordesign.com\/pt-pt\/product\/mesa-apoio-plank-ii\/","og_site_name":"lapainteriordesign.com","article_publisher":"https:\/\/www.facebook.com\/LapaInteriorDesign","article_modified_time":"2026-01-19T21:40:21+00:00","og_image":[{"width":1000,"height":1000,"url":"https:\/\/lapainteriordesign.com\/wp-content\/uploads\/2025\/01\/wood-ash-sidetable-home-Lapa-Interior-Design-plankII-1.jpg","type":"image\/jpeg"}],"twitter_card":"summary_large_image","twitter_title":"Vintage 1974 Throw","twitter_description":"Experience the ultimate in coziness with Mustard Vintage 1956 Throw. Crafted from 100% wool, it's a perfect blend of style and warmth.","twitter_image":"https:\/\/lapainteriordesign.com\/wp-content\/uploads\/2024\/11\/vintage-mos-23.39.png","twitter_site":"@lapainterior","twitter_misc":{"Tempo estimado de leitura":"2 minutos"},"schema":{"@context":"https:\/\/schema.org","@graph":[{"@type":"WebPage","@id":"https:\/\/lapainteriordesign.com\/pt-pt\/product\/mesa-apoio-plank-ii\/","url":"https:\/\/lapainteriordesign.com\/pt-pt\/product\/mesa-apoio-plank-ii\/","name":"Mesa apoio Plank II - lapainteriordesign.com","isPartOf":{"@id":"https:\/\/lapainteriordesign.com\/#website"},"primaryImageOfPage":{"@id":"https:\/\/lapainteriordesign.com\/pt-pt\/product\/mesa-apoio-plank-ii\/#primaryimage"},"image":{"@id":"https:\/\/lapainteriordesign.com\/pt-pt\/product\/mesa-apoio-plank-ii\/#primaryimage"},"thumbnailUrl":"https:\/\/lapainteriordesign.com\/wp-content\/uploads\/2025\/01\/wood-ash-sidetable-home-Lapa-Interior-Design-plankII-1_V2.jpg","datePublished":"2025-01-20T22:43:06+00:00","dateModified":"2026-01-19T21:40:21+00:00","description":"A mesa de apoio Plank II combina eleg\u00e2ncia e funcionalidade em madeira de freixo maci\u00e7a, com design curvo e acabamento em \u00f3leo natural.","breadcrumb":{"@id":"https:\/\/lapainteriordesign.com\/pt-pt\/product\/mesa-apoio-plank-ii\/#breadcrumb"},"inLanguage":"pt-PT","potentialAction":[{"@type":"ReadAction","target":["https:\/\/lapainteriordesign.com\/pt-pt\/product\/mesa-apoio-plank-ii\/"]}]},{"@type":"ImageObject","inLanguage":"pt-PT","@id":"https:\/\/lapainteriordesign.com\/pt-pt\/product\/mesa-apoio-plank-ii\/#primaryimage","url":"https:\/\/lapainteriordesign.com\/wp-content\/uploads\/2025\/01\/wood-ash-sidetable-home-Lapa-Interior-Design-plankII-1_V2.jpg","contentUrl":"https:\/\/lapainteriordesign.com\/wp-content\/uploads\/2025\/01\/wood-ash-sidetable-home-Lapa-Interior-Design-plankII-1_V2.jpg","width":1000,"height":1000,"caption":"wood-ash-sidetable-home-Lapa-Interior-Design-plankII-1_V2"},{"@type":"BreadcrumbList","@id":"https:\/\/lapainteriordesign.com\/pt-pt\/product\/mesa-apoio-plank-ii\/#breadcrumb","itemListElement":[{"@type":"ListItem","position":1,"name":"Home","item":"https:\/\/lapainteriordesign.com\/pt-pt\/"},{"@type":"ListItem","position":2,"name":"Products","item":"https:\/\/lapainteriordesign.com\/products\/"},{"@type":"ListItem","position":3,"name":"Mesa apoio Plank II"}]},{"@type":"WebSite","@id":"https:\/\/lapainteriordesign.com\/#website","url":"https:\/\/lapainteriordesign.com\/","name":"lapainteriordesign.com","description":"Luxury Interior Design","publisher":{"@id":"https:\/\/lapainteriordesign.com\/#organization"},"potentialAction":[{"@type":"SearchAction","target":{"@type":"EntryPoint","urlTemplate":"https:\/\/lapainteriordesign.com\/?s={search_term_string}"},"query-input":{"@type":"PropertyValueSpecification","valueRequired":true,"valueName":"search_term_string"}}],"inLanguage":"pt-PT"},{"@type":"Organization","@id":"https:\/\/lapainteriordesign.com\/#organization","name":"Lapa Interior Design","url":"https:\/\/lapainteriordesign.com\/","logo":{"@type":"ImageObject","inLanguage":"pt-PT","@id":"https:\/\/lapainteriordesign.com\/#\/schema\/logo\/image\/","url":"https:\/\/lapainteriordesign.com\/wp-content\/uploads\/2026\/02\/cropped-Design-sem-nome-2026-02-04T094114.020.jpg","contentUrl":"https:\/\/lapainteriordesign.com\/wp-content\/uploads\/2026\/02\/cropped-Design-sem-nome-2026-02-04T094114.020.jpg","width":512,"height":512,"caption":"Lapa Interior Design"},"image":{"@id":"https:\/\/lapainteriordesign.com\/#\/schema\/logo\/image\/"},"sameAs":["https:\/\/www.facebook.com\/LapaInteriorDesign","https:\/\/x.com\/lapainterior","https:\/\/www.instagram.com\/lapainteriordesign\/","https:\/\/www.linkedin.com\/in\/lapa-interior-design-376823206\/"]}]}},"_links":{"self":[{"href":"https:\/\/lapainteriordesign.com\/pt-pt\/wp-json\/wp\/v2\/product\/16942","targetHints":{"allow":["GET"]}}],"collection":[{"href":"https:\/\/lapainteriordesign.com\/pt-pt\/wp-json\/wp\/v2\/product"}],"about":[{"href":"https:\/\/lapainteriordesign.com\/pt-pt\/wp-json\/wp\/v2\/types\/product"}],"version-history":[{"count":0,"href":"https:\/\/lapainteriordesign.com\/pt-pt\/wp-json\/wp\/v2\/product\/16942\/revisions"}],"wp:featuredmedia":[{"embeddable":true,"href":"https:\/\/lapainteriordesign.com\/pt-pt\/wp-json\/wp\/v2\/media\/16931"}],"wp:attachment":[{"href":"https:\/\/lapainteriordesign.com\/pt-pt\/wp-json\/wp\/v2\/media?parent=16942"}],"wp:term":[{"taxonomy":"product_brand","embeddable":true,"href":"https:\/\/lapainteriordesign.com\/pt-pt\/wp-json\/wp\/v2\/product_brand?post=16942"},{"taxonomy":"product_cat","embeddable":true,"href":"https:\/\/lapainteriordesign.com\/pt-pt\/wp-json\/wp\/v2\/product_cat?post=16942"},{"taxonomy":"product_tag","embeddable":true,"href":"https:\/\/lapainteriordesign.com\/pt-pt\/wp-json\/wp\/v2\/product_tag?post=16942"}],"curies":[{"name":"wp","href":"https:\/\/api.w.org\/{rel}","templated":true}]}}