{"id":16914,"date":"2025-01-22T22:00:58","date_gmt":"2025-01-22T22:00:58","guid":{"rendered":"https:\/\/lapainteriordesign.com\/product\/sliced-dining-table\/"},"modified":"2026-01-19T21:34:56","modified_gmt":"2026-01-19T21:34:56","slug":"sliced-dining-table","status":"publish","type":"product","link":"https:\/\/lapainteriordesign.com\/pt-pt\/product\/sliced-dining-table\/","title":{"rendered":"Sliced dining table"},"content":{"rendered":"<h2 data-start=\"308\" data-end=\"388\"><strong data-start=\"311\" data-end=\"388\">Mesa de Jantar Redonda Sliced: Onde a Eleg\u00e2ncia Encontra a Funcionalidade<\/strong><\/h2>\n<p data-start=\"390\" data-end=\"704\">A <strong data-start=\"392\" data-end=\"425\">Mesa de Jantar Redonda Sliced<\/strong> combina <strong data-start=\"434\" data-end=\"464\">eleg\u00e2ncia e funcionalidade<\/strong> num design contempor\u00e2neo. Pensada para a vida moderna, adapta-se facilmente a diferentes ambientes. Com <strong data-start=\"569\" data-end=\"596\">base em carvalho maci\u00e7o<\/strong> e <strong data-start=\"599\" data-end=\"653\">tampo em contraplacado dividido em duas meias-luas<\/strong>, oferece <strong data-start=\"663\" data-end=\"679\">durabilidade<\/strong> e <strong data-start=\"682\" data-end=\"703\">estilo requintado<\/strong>.<\/p>\n<h3 data-start=\"706\" data-end=\"746\"><strong data-start=\"710\" data-end=\"746\">Design Vers\u00e1til para o Dia-a-Dia<\/strong><\/h3>\n<p data-start=\"747\" data-end=\"1160\">Uma das principais caracter\u00edsticas da Sliced \u00e9 a sua <strong data-start=\"800\" data-end=\"817\">versatilidade<\/strong>. Com dimens\u00f5es ideais para cozinhas e salas de jantar, adapta-se facilmente a v\u00e1rios contextos.<br data-start=\"913\" data-end=\"916\" \/>Por exemplo, pode funcionar como <strong data-start=\"949\" data-end=\"975\">mesa de jantar \u00e0 noite<\/strong> e <strong data-start=\"978\" data-end=\"1006\">secret\u00e1ria durante o dia<\/strong>.<br data-start=\"1007\" data-end=\"1010\" \/>Al\u00e9m disso, o tampo dividido permite a <strong data-start=\"1049\" data-end=\"1079\">passagem discreta de cabos<\/strong>, tornando-a perfeita tamb\u00e9m para <strong data-start=\"1113\" data-end=\"1159\">escrit\u00f3rios ou espa\u00e7os de trabalho em casa<\/strong>.<\/p>\n<h3 data-start=\"1162\" data-end=\"1206\"><strong data-start=\"1166\" data-end=\"1206\">Constru\u00e7\u00e3o Inteligente e Sustent\u00e1vel<\/strong><\/h3>\n<p data-start=\"1207\" data-end=\"1565\">Para al\u00e9m da sua multifuncionalidade, o design dividido do tampo garante <strong data-start=\"1280\" data-end=\"1331\">embalagem, transporte e entrega mais eficientes<\/strong>.<br data-start=\"1332\" data-end=\"1335\" \/>Por conseguinte, reduz o desperd\u00edcio e otimiza o espa\u00e7o, sem comprometer a estabilidade nem o estilo.<br data-start=\"1436\" data-end=\"1439\" \/>Al\u00e9m disso, esta estrutura facilita o <strong data-start=\"1477\" data-end=\"1506\">manuseamento e a montagem<\/strong>, oferecendo uma solu\u00e7\u00e3o pr\u00e1tica para a vida contempor\u00e2nea.<\/p>\n<h3 data-start=\"1567\" data-end=\"1610\"><strong data-start=\"1571\" data-end=\"1610\">Materiais Dur\u00e1veis e Beleza Natural<\/strong><\/h3>\n<p data-start=\"1611\" data-end=\"2059\">A combina\u00e7\u00e3o de <strong data-start=\"1627\" data-end=\"1647\">carvalho natural<\/strong> e <strong data-start=\"1650\" data-end=\"1697\">contraplacado de b\u00e9tula folheado a carvalho<\/strong> proporciona <strong data-start=\"1710\" data-end=\"1726\">calor visual<\/strong> e <strong data-start=\"1729\" data-end=\"1744\">longevidade<\/strong>.<br data-start=\"1745\" data-end=\"1748\" \/>Adicionalmente, a superf\u00edcie \u00e9 tratada com <strong data-start=\"1791\" data-end=\"1815\">\u00f3leo com prote\u00e7\u00e3o UV<\/strong>, o que preserva o <strong data-start=\"1834\" data-end=\"1861\">veio natural da madeira<\/strong> ao longo do tempo.<br data-start=\"1880\" data-end=\"1883\" \/>Por outro lado, os <strong data-start=\"1902\" data-end=\"1951\">detalhes met\u00e1licos com acabamento em p\u00f3 preto<\/strong> acrescentam um contraste moderno e elegante, criando um equil\u00edbrio perfeito entre <strong data-start=\"2034\" data-end=\"2058\">for\u00e7a e sofistica\u00e7\u00e3o<\/strong>.<\/p>\n<h3 data-start=\"2061\" data-end=\"2105\"><strong data-start=\"2065\" data-end=\"2105\">Produzida com Excel\u00eancia em Portugal<\/strong><\/h3>\n<p data-start=\"2106\" data-end=\"2375\"><strong data-start=\"2106\" data-end=\"2131\">Produzida em Portugal<\/strong>, a Mesa Sliced \u00e9 o reflexo de uma <strong data-start=\"2166\" data-end=\"2196\">produ\u00e7\u00e3o artesanal cuidada<\/strong> e <strong data-start=\"2199\" data-end=\"2221\">aten\u00e7\u00e3o ao detalhe<\/strong>.<br data-start=\"2222\" data-end=\"2225\" \/>Dessa forma, oferece uma solu\u00e7\u00e3o <strong data-start=\"2258\" data-end=\"2311\">sustent\u00e1vel, funcional e esteticamente harmoniosa<\/strong> para casas contempor\u00e2neas que valorizam a qualidade e o design.<\/p>\n<p data-start=\"2377\" data-end=\"2618\">Em suma, a Mesa de Jantar Redonda Sliced transforma qualquer espa\u00e7o com a sua <strong data-start=\"2455\" data-end=\"2501\">eleg\u00e2ncia, versatilidade e intemporalidade<\/strong>.<br data-start=\"2502\" data-end=\"2505\" \/>Quer seja para <strong data-start=\"2520\" data-end=\"2567\">refei\u00e7\u00f5es, trabalho ou momentos de conv\u00edvio<\/strong>, adapta-se com naturalidade ao teu estilo de vida.<\/p>\n<hr data-start=\"2620\" data-end=\"2623\" \/>\n<h3 data-start=\"2625\" data-end=\"2656\"><strong data-start=\"2629\" data-end=\"2656\">Materiais e Acabamentos<\/strong><\/h3>\n<ul data-start=\"2657\" data-end=\"2796\">\n<li data-start=\"2657\" data-end=\"2689\">\n<p data-start=\"2659\" data-end=\"2689\">Estrutura em carvalho maci\u00e7o<\/p>\n<\/li>\n<li data-start=\"2690\" data-end=\"2746\">\n<p data-start=\"2692\" data-end=\"2746\">Tampo em contraplacado de b\u00e9tula folheado a carvalho<\/p>\n<\/li>\n<li data-start=\"2747\" data-end=\"2796\">\n<p data-start=\"2749\" data-end=\"2796\">Acabamento em p\u00f3 preto e \u00f3leo com prote\u00e7\u00e3o UV<\/p>\n<\/li>\n<\/ul>\n<p><a class=\"btn btn-style-bordered btn-shape-rectangle btn-size-large btn-color-black btn-icon-pos-right\" href=\"https:\/\/lapainteriordesign.com\/wp-content\/uploads\/2025\/01\/SlicedTable_technicalsheet-Lapa-Interior-Design.pdf\" target=\"_blank\" rel=\"noopener\">Technical Sheet<\/a><\/p>\n<p><a class=\"btn btn-style-bordered btn-shape-rectangle btn-size-large btn-color-black btn-icon-pos-right\" href=\"https:\/\/lapainteriordesign.com\/wp-content\/uploads\/2025\/01\/A6_Assembly-instrutions_Sliced_Table-Lapa-Interior-Design.pdf\" target=\"_blank\" rel=\"noopener\">Assembly Instrutions<\/a><\/p>\n","protected":false},"excerpt":{"rendered":"<p>Mesa de jantar redonda em carvalho com tampo dividido. Elegante, funcional e produzida em Portugal. Ideal para espa\u00e7os modernos.<\/p>\n","protected":false},"featured_media":16901,"template":"","meta":{"_joinchat":{"telephone":"+351910131778","message_text":"Questions about this piece?"}},"product_brand":[],"product_cat":[887,905,909,878,890],"product_tag":[1960,1961,1957,1410,1959,1612,1962,1958,1508,1416],"class_list":{"0":"post-16914","1":"product","2":"type-product","3":"status-publish","4":"has-post-thumbnail","6":"product_cat-escritorio","7":"product_cat-mesas","8":"product_cat-mesas-de-jantar","9":"product_cat-mobilia","10":"product_cat-sala-de-jantar","11":"product_tag-mesa-contemporanea","12":"product_tag-mesa-de-design","13":"product_tag-mesa-de-jantar-redonda","14":"product_tag-mesa-de-madeira","15":"product_tag-mesa-minimalista","16":"product_tag-mesa-moderna","17":"product_tag-mesa-produzida-em-portugal","18":"product_tag-mesa-redonda-carvalho","19":"product_tag-mobiliario-portugues","20":"product_tag-mobiliario-sustentavel","21":"product_shipping_class-ready-to-ship-01","23":"first","24":"instock","25":"taxable","26":"shipping-taxable","27":"purchasable","28":"product-type-simple"},"yoast_head":"<!-- This site is optimized with the Yoast SEO plugin v26.7 - https:\/\/yoast.com\/wordpress\/plugins\/seo\/ -->\n<title>Sliced dining table - lapainteriordesign.com<\/title>\n<meta name=\"description\" content=\"Mesa de jantar redonda em carvalho com tampo dividido. Elegante, funcional e produzida em Portugal. Ideal para espa\u00e7os modernos.\" \/>\n<meta name=\"robots\" content=\"index, follow, max-snippet:-1, max-image-preview:large, max-video-preview:-1\" \/>\n<link rel=\"canonical\" href=\"https:\/\/lapainteriordesign.com\/pt-pt\/product\/sliced-dining-table\/\" \/>\n<meta property=\"og:locale\" content=\"pt_PT\" \/>\n<meta property=\"og:type\" content=\"article\" \/>\n<meta property=\"og:title\" content=\"Sliced\" \/>\n<meta property=\"og:description\" content=\"Sliced Round Dining Table \u2013 A versatile table with a solid oak base and a two-piece plywood top, perfect for dining or work. Smart design, produced in Portugal.\" \/>\n<meta property=\"og:url\" content=\"https:\/\/lapainteriordesign.com\/pt-pt\/product\/sliced-dining-table\/\" \/>\n<meta property=\"og:site_name\" content=\"lapainteriordesign.com\" \/>\n<meta property=\"article:publisher\" content=\"https:\/\/www.facebook.com\/LapaInteriorDesign\" \/>\n<meta property=\"article:modified_time\" content=\"2026-01-19T21:34:56+00:00\" \/>\n<meta property=\"og:image\" content=\"https:\/\/lapainteriordesign.com\/wp-content\/uploads\/2025\/01\/wood-dining-table-Lapa-Interior-Dersign-sliced-1.jpg\" \/>\n\t<meta property=\"og:image:width\" content=\"1000\" \/>\n\t<meta property=\"og:image:height\" content=\"1000\" \/>\n\t<meta property=\"og:image:type\" content=\"image\/jpeg\" \/>\n<meta name=\"twitter:card\" content=\"summary_large_image\" \/>\n<meta name=\"twitter:title\" content=\"Vintage 1974 Throw\" \/>\n<meta name=\"twitter:description\" content=\"Experience the ultimate in coziness with Mustard Vintage 1956 Throw. Crafted from 100% wool, it&#039;s a perfect blend of style and warmth.\" \/>\n<meta name=\"twitter:image\" content=\"https:\/\/lapainteriordesign.com\/wp-content\/uploads\/2024\/11\/vintage-mos-23.39.png\" \/>\n<meta name=\"twitter:site\" content=\"@lapainterior\" \/>\n<meta name=\"twitter:label1\" content=\"Tempo estimado de leitura\" \/>\n\t<meta name=\"twitter:data1\" content=\"2 minutos\" \/>\n<script type=\"application\/ld+json\" class=\"yoast-schema-graph\">{\"@context\":\"https:\/\/schema.org\",\"@graph\":[{\"@type\":\"WebPage\",\"@id\":\"https:\/\/lapainteriordesign.com\/pt-pt\/product\/sliced-dining-table\/\",\"url\":\"https:\/\/lapainteriordesign.com\/pt-pt\/product\/sliced-dining-table\/\",\"name\":\"Sliced dining table - lapainteriordesign.com\",\"isPartOf\":{\"@id\":\"https:\/\/lapainteriordesign.com\/#website\"},\"primaryImageOfPage\":{\"@id\":\"https:\/\/lapainteriordesign.com\/pt-pt\/product\/sliced-dining-table\/#primaryimage\"},\"image\":{\"@id\":\"https:\/\/lapainteriordesign.com\/pt-pt\/product\/sliced-dining-table\/#primaryimage\"},\"thumbnailUrl\":\"https:\/\/lapainteriordesign.com\/wp-content\/uploads\/2025\/01\/wood-dining-table-Lapa-Interior-Dersign-sliced-1_V3.jpg\",\"datePublished\":\"2025-01-22T22:00:58+00:00\",\"dateModified\":\"2026-01-19T21:34:56+00:00\",\"description\":\"Mesa de jantar redonda em carvalho com tampo dividido. Elegante, funcional e produzida em Portugal. Ideal para espa\u00e7os modernos.\",\"breadcrumb\":{\"@id\":\"https:\/\/lapainteriordesign.com\/pt-pt\/product\/sliced-dining-table\/#breadcrumb\"},\"inLanguage\":\"pt-PT\",\"potentialAction\":[{\"@type\":\"ReadAction\",\"target\":[\"https:\/\/lapainteriordesign.com\/pt-pt\/product\/sliced-dining-table\/\"]}]},{\"@type\":\"ImageObject\",\"inLanguage\":\"pt-PT\",\"@id\":\"https:\/\/lapainteriordesign.com\/pt-pt\/product\/sliced-dining-table\/#primaryimage\",\"url\":\"https:\/\/lapainteriordesign.com\/wp-content\/uploads\/2025\/01\/wood-dining-table-Lapa-Interior-Dersign-sliced-1_V3.jpg\",\"contentUrl\":\"https:\/\/lapainteriordesign.com\/wp-content\/uploads\/2025\/01\/wood-dining-table-Lapa-Interior-Dersign-sliced-1_V3.jpg\",\"width\":1000,\"height\":1000,\"caption\":\"wood-dining-table-Lapa-Interior-Dersign-sliced-1_V3\"},{\"@type\":\"BreadcrumbList\",\"@id\":\"https:\/\/lapainteriordesign.com\/pt-pt\/product\/sliced-dining-table\/#breadcrumb\",\"itemListElement\":[{\"@type\":\"ListItem\",\"position\":1,\"name\":\"Home\",\"item\":\"https:\/\/lapainteriordesign.com\/pt-pt\/\"},{\"@type\":\"ListItem\",\"position\":2,\"name\":\"Products\",\"item\":\"https:\/\/lapainteriordesign.com\/products\/\"},{\"@type\":\"ListItem\",\"position\":3,\"name\":\"Sliced dining table\"}]},{\"@type\":\"WebSite\",\"@id\":\"https:\/\/lapainteriordesign.com\/#website\",\"url\":\"https:\/\/lapainteriordesign.com\/\",\"name\":\"lapainteriordesign.com\",\"description\":\"Luxury Interior Design\",\"publisher\":{\"@id\":\"https:\/\/lapainteriordesign.com\/#organization\"},\"potentialAction\":[{\"@type\":\"SearchAction\",\"target\":{\"@type\":\"EntryPoint\",\"urlTemplate\":\"https:\/\/lapainteriordesign.com\/?s={search_term_string}\"},\"query-input\":{\"@type\":\"PropertyValueSpecification\",\"valueRequired\":true,\"valueName\":\"search_term_string\"}}],\"inLanguage\":\"pt-PT\"},{\"@type\":\"Organization\",\"@id\":\"https:\/\/lapainteriordesign.com\/#organization\",\"name\":\"Lapa Interior Design\",\"url\":\"https:\/\/lapainteriordesign.com\/\",\"logo\":{\"@type\":\"ImageObject\",\"inLanguage\":\"pt-PT\",\"@id\":\"https:\/\/lapainteriordesign.com\/#\/schema\/logo\/image\/\",\"url\":\"https:\/\/lapainteriordesign.com\/wp-content\/uploads\/2026\/02\/cropped-Design-sem-nome-2026-02-04T094114.020.jpg\",\"contentUrl\":\"https:\/\/lapainteriordesign.com\/wp-content\/uploads\/2026\/02\/cropped-Design-sem-nome-2026-02-04T094114.020.jpg\",\"width\":512,\"height\":512,\"caption\":\"Lapa Interior Design\"},\"image\":{\"@id\":\"https:\/\/lapainteriordesign.com\/#\/schema\/logo\/image\/\"},\"sameAs\":[\"https:\/\/www.facebook.com\/LapaInteriorDesign\",\"https:\/\/x.com\/lapainterior\",\"https:\/\/www.instagram.com\/lapainteriordesign\/\",\"https:\/\/www.linkedin.com\/in\/lapa-interior-design-376823206\/\"]}]}<\/script>\n<!-- \/ Yoast SEO plugin. -->","yoast_head_json":{"title":"Sliced dining table - lapainteriordesign.com","description":"Mesa de jantar redonda em carvalho com tampo dividido. Elegante, funcional e produzida em Portugal. Ideal para espa\u00e7os modernos.","robots":{"index":"index","follow":"follow","max-snippet":"max-snippet:-1","max-image-preview":"max-image-preview:large","max-video-preview":"max-video-preview:-1"},"canonical":"https:\/\/lapainteriordesign.com\/pt-pt\/product\/sliced-dining-table\/","og_locale":"pt_PT","og_type":"article","og_title":"Sliced","og_description":"Sliced Round Dining Table \u2013 A versatile table with a solid oak base and a two-piece plywood top, perfect for dining or work. Smart design, produced in Portugal.","og_url":"https:\/\/lapainteriordesign.com\/pt-pt\/product\/sliced-dining-table\/","og_site_name":"lapainteriordesign.com","article_publisher":"https:\/\/www.facebook.com\/LapaInteriorDesign","article_modified_time":"2026-01-19T21:34:56+00:00","og_image":[{"width":1000,"height":1000,"url":"https:\/\/lapainteriordesign.com\/wp-content\/uploads\/2025\/01\/wood-dining-table-Lapa-Interior-Dersign-sliced-1.jpg","type":"image\/jpeg"}],"twitter_card":"summary_large_image","twitter_title":"Vintage 1974 Throw","twitter_description":"Experience the ultimate in coziness with Mustard Vintage 1956 Throw. Crafted from 100% wool, it's a perfect blend of style and warmth.","twitter_image":"https:\/\/lapainteriordesign.com\/wp-content\/uploads\/2024\/11\/vintage-mos-23.39.png","twitter_site":"@lapainterior","twitter_misc":{"Tempo estimado de leitura":"2 minutos"},"schema":{"@context":"https:\/\/schema.org","@graph":[{"@type":"WebPage","@id":"https:\/\/lapainteriordesign.com\/pt-pt\/product\/sliced-dining-table\/","url":"https:\/\/lapainteriordesign.com\/pt-pt\/product\/sliced-dining-table\/","name":"Sliced dining table - lapainteriordesign.com","isPartOf":{"@id":"https:\/\/lapainteriordesign.com\/#website"},"primaryImageOfPage":{"@id":"https:\/\/lapainteriordesign.com\/pt-pt\/product\/sliced-dining-table\/#primaryimage"},"image":{"@id":"https:\/\/lapainteriordesign.com\/pt-pt\/product\/sliced-dining-table\/#primaryimage"},"thumbnailUrl":"https:\/\/lapainteriordesign.com\/wp-content\/uploads\/2025\/01\/wood-dining-table-Lapa-Interior-Dersign-sliced-1_V3.jpg","datePublished":"2025-01-22T22:00:58+00:00","dateModified":"2026-01-19T21:34:56+00:00","description":"Mesa de jantar redonda em carvalho com tampo dividido. Elegante, funcional e produzida em Portugal. Ideal para espa\u00e7os modernos.","breadcrumb":{"@id":"https:\/\/lapainteriordesign.com\/pt-pt\/product\/sliced-dining-table\/#breadcrumb"},"inLanguage":"pt-PT","potentialAction":[{"@type":"ReadAction","target":["https:\/\/lapainteriordesign.com\/pt-pt\/product\/sliced-dining-table\/"]}]},{"@type":"ImageObject","inLanguage":"pt-PT","@id":"https:\/\/lapainteriordesign.com\/pt-pt\/product\/sliced-dining-table\/#primaryimage","url":"https:\/\/lapainteriordesign.com\/wp-content\/uploads\/2025\/01\/wood-dining-table-Lapa-Interior-Dersign-sliced-1_V3.jpg","contentUrl":"https:\/\/lapainteriordesign.com\/wp-content\/uploads\/2025\/01\/wood-dining-table-Lapa-Interior-Dersign-sliced-1_V3.jpg","width":1000,"height":1000,"caption":"wood-dining-table-Lapa-Interior-Dersign-sliced-1_V3"},{"@type":"BreadcrumbList","@id":"https:\/\/lapainteriordesign.com\/pt-pt\/product\/sliced-dining-table\/#breadcrumb","itemListElement":[{"@type":"ListItem","position":1,"name":"Home","item":"https:\/\/lapainteriordesign.com\/pt-pt\/"},{"@type":"ListItem","position":2,"name":"Products","item":"https:\/\/lapainteriordesign.com\/products\/"},{"@type":"ListItem","position":3,"name":"Sliced dining table"}]},{"@type":"WebSite","@id":"https:\/\/lapainteriordesign.com\/#website","url":"https:\/\/lapainteriordesign.com\/","name":"lapainteriordesign.com","description":"Luxury Interior Design","publisher":{"@id":"https:\/\/lapainteriordesign.com\/#organization"},"potentialAction":[{"@type":"SearchAction","target":{"@type":"EntryPoint","urlTemplate":"https:\/\/lapainteriordesign.com\/?s={search_term_string}"},"query-input":{"@type":"PropertyValueSpecification","valueRequired":true,"valueName":"search_term_string"}}],"inLanguage":"pt-PT"},{"@type":"Organization","@id":"https:\/\/lapainteriordesign.com\/#organization","name":"Lapa Interior Design","url":"https:\/\/lapainteriordesign.com\/","logo":{"@type":"ImageObject","inLanguage":"pt-PT","@id":"https:\/\/lapainteriordesign.com\/#\/schema\/logo\/image\/","url":"https:\/\/lapainteriordesign.com\/wp-content\/uploads\/2026\/02\/cropped-Design-sem-nome-2026-02-04T094114.020.jpg","contentUrl":"https:\/\/lapainteriordesign.com\/wp-content\/uploads\/2026\/02\/cropped-Design-sem-nome-2026-02-04T094114.020.jpg","width":512,"height":512,"caption":"Lapa Interior Design"},"image":{"@id":"https:\/\/lapainteriordesign.com\/#\/schema\/logo\/image\/"},"sameAs":["https:\/\/www.facebook.com\/LapaInteriorDesign","https:\/\/x.com\/lapainterior","https:\/\/www.instagram.com\/lapainteriordesign\/","https:\/\/www.linkedin.com\/in\/lapa-interior-design-376823206\/"]}]}},"_links":{"self":[{"href":"https:\/\/lapainteriordesign.com\/pt-pt\/wp-json\/wp\/v2\/product\/16914","targetHints":{"allow":["GET"]}}],"collection":[{"href":"https:\/\/lapainteriordesign.com\/pt-pt\/wp-json\/wp\/v2\/product"}],"about":[{"href":"https:\/\/lapainteriordesign.com\/pt-pt\/wp-json\/wp\/v2\/types\/product"}],"version-history":[{"count":0,"href":"https:\/\/lapainteriordesign.com\/pt-pt\/wp-json\/wp\/v2\/product\/16914\/revisions"}],"wp:featuredmedia":[{"embeddable":true,"href":"https:\/\/lapainteriordesign.com\/pt-pt\/wp-json\/wp\/v2\/media\/16901"}],"wp:attachment":[{"href":"https:\/\/lapainteriordesign.com\/pt-pt\/wp-json\/wp\/v2\/media?parent=16914"}],"wp:term":[{"taxonomy":"product_brand","embeddable":true,"href":"https:\/\/lapainteriordesign.com\/pt-pt\/wp-json\/wp\/v2\/product_brand?post=16914"},{"taxonomy":"product_cat","embeddable":true,"href":"https:\/\/lapainteriordesign.com\/pt-pt\/wp-json\/wp\/v2\/product_cat?post=16914"},{"taxonomy":"product_tag","embeddable":true,"href":"https:\/\/lapainteriordesign.com\/pt-pt\/wp-json\/wp\/v2\/product_tag?post=16914"}],"curies":[{"name":"wp","href":"https:\/\/api.w.org\/{rel}","templated":true}]}}