{"id":16671,"date":"2025-01-27T15:50:25","date_gmt":"2025-01-27T15:50:25","guid":{"rendered":"https:\/\/lapainteriordesign.com\/product\/black-orchid-lily-xl-candle\/"},"modified":"2025-11-01T14:13:17","modified_gmt":"2025-11-01T14:13:17","slug":"vela-black-orchid-lily-xl","status":"publish","type":"product","link":"https:\/\/lapainteriordesign.com\/pt-pt\/product\/vela-black-orchid-lily-xl\/","title":{"rendered":"Vela Black Orchid &#038; Lily XL"},"content":{"rendered":"<h2 data-start=\"498\" data-end=\"560\"><strong data-start=\"501\" data-end=\"560\">Vela Black Orchid \u2013 Uma Experi\u00eancia Sensorial Majestosa<\/strong><\/h2>\n<p data-start=\"562\" data-end=\"1070\">Descobre a <strong data-start=\"573\" data-end=\"594\">Vela Black Orchid<\/strong> no seu impressionante tamanho de <strong data-start=\"628\" data-end=\"636\">600g<\/strong>. Criada para transformar o teu espa\u00e7o, possui <strong data-start=\"683\" data-end=\"700\">quatro pavios<\/strong> que proporcionam uma experi\u00eancia \u00fanica de luz e aroma.<br data-start=\"755\" data-end=\"758\" \/>Desde o primeiro instante, o <strong data-start=\"787\" data-end=\"812\">aroma floral luminoso<\/strong> combinado com <strong data-start=\"827\" data-end=\"852\">notas frutadas suaves<\/strong> transporta-te para a primavera. Assim, enche a tua casa de alegria, frescura e eleg\u00e2ncia.<br data-start=\"942\" data-end=\"945\" \/>Explora tamb\u00e9m a <a class=\"decorated-link cursor-pointer\" target=\"_new\" rel=\"noopener\" data-start=\"962\" data-end=\"1045\">cole\u00e7\u00e3o de velas perfumadas<\/a> da Lapa Interior Design.<\/p>\n<h2 data-start=\"1077\" data-end=\"1117\"><strong data-start=\"1080\" data-end=\"1117\">Fragr\u00e2ncia Envolvente e Duradoura<\/strong><\/h2>\n<p data-start=\"1119\" data-end=\"1656\">A <strong data-start=\"1121\" data-end=\"1142\">Vela Black Orchid<\/strong> n\u00e3o s\u00f3 decora como oferece uma experi\u00eancia sensorial inesquec\u00edvel.<br data-start=\"1209\" data-end=\"1212\" \/>Com <strong data-start=\"1216\" data-end=\"1240\">dura\u00e7\u00e3o at\u00e9 80 horas<\/strong>, envolve o ambiente num perfume acolhedor e sofisticado.<br data-start=\"1297\" data-end=\"1300\" \/>Cada queima liberta a fus\u00e3o de <strong data-start=\"1331\" data-end=\"1369\">framboesa e baunilha de Madag\u00e1scar<\/strong>, criando uma fragr\u00e2ncia rica e envolvente.<br data-start=\"1412\" data-end=\"1415\" \/>Como resultado, esta combina\u00e7\u00e3o transforma qualquer divis\u00e3o num espa\u00e7o relaxante e elegante.<br data-start=\"1507\" data-end=\"1510\" \/>Se preferires uma op\u00e7\u00e3o mais compacta, visita a <a class=\"decorated-link cursor-pointer\" target=\"_new\" rel=\"noopener\" data-start=\"1558\" data-end=\"1655\">Vela Mini Black Orchid<\/a>.<\/p>\n<h2 data-start=\"1663\" data-end=\"1704\"><strong data-start=\"1666\" data-end=\"1704\">Compromisso com a Sustentabilidade<\/strong><\/h2>\n<p data-start=\"1706\" data-end=\"2193\">A nossa prioridade \u00e9 o respeito pelo ambiente. Por isso, a <strong data-start=\"1765\" data-end=\"1786\">Vela Black Orchid<\/strong> \u00e9 feita com <strong data-start=\"1799\" data-end=\"1823\">cera vegetal de soja<\/strong> e fragr\u00e2ncias naturais de alta qualidade.<br data-start=\"1865\" data-end=\"1868\" \/>Os pavios s\u00e3o <strong data-start=\"1882\" data-end=\"1898\">100% algod\u00e3o<\/strong>, garantindo uma queima limpa e segura.<br data-start=\"1937\" data-end=\"1940\" \/>Al\u00e9m disso, utilizamos <strong data-start=\"1963\" data-end=\"2062\">embalagens recicl\u00e1veis certificadas pelo <a class=\"decorated-link cursor-pointer\" target=\"_new\" rel=\"noopener\" data-start=\"2006\" data-end=\"2060\">FSC \u2013 Forest Stewardship Council<\/a><\/strong>, promovendo pr\u00e1ticas ecol\u00f3gicas e florestas geridas de forma respons\u00e1vel.<br data-start=\"2136\" data-end=\"2139\" \/>Assim, cada vela combina luxo e consci\u00eancia ambiental.<\/p>\n<h2 data-start=\"2200\" data-end=\"2234\"><strong data-start=\"2203\" data-end=\"2234\">Design Elegante e Duradouro<\/strong><\/h2>\n<p data-start=\"2236\" data-end=\"2563\">A <strong data-start=\"2238\" data-end=\"2259\">Vela Black Orchid<\/strong> apresenta-se num <strong data-start=\"2277\" data-end=\"2300\">copo de vidro creme<\/strong> que se adapta facilmente a qualquer decora\u00e7\u00e3o.<br data-start=\"2347\" data-end=\"2350\" \/>Os seus <strong data-start=\"2358\" data-end=\"2375\">quatro pavios<\/strong> asseguram uma queima uniforme e uma luz constante que real\u00e7a o perfume.<br data-start=\"2447\" data-end=\"2450\" \/>Deste modo, acrescenta um toque de luxo e conforto ao teu lar, ideal para momentos especiais ou para o dia a dia.<\/p>\n<ul data-start=\"2565\" data-end=\"2690\">\n<li data-start=\"2565\" data-end=\"2602\">\n<p data-start=\"2567\" data-end=\"2602\"><strong data-start=\"2567\" data-end=\"2587\">Tempo de queima:<\/strong> at\u00e9 80 horas<\/p>\n<\/li>\n<li data-start=\"2603\" data-end=\"2624\">\n<p data-start=\"2605\" data-end=\"2624\"><strong data-start=\"2605\" data-end=\"2617\">Tamanho:<\/strong> 600g<\/p>\n<\/li>\n<li data-start=\"2625\" data-end=\"2662\">\n<p data-start=\"2627\" data-end=\"2662\"><strong data-start=\"2627\" data-end=\"2638\">Pavios:<\/strong> 4 pavios 100% algod\u00e3o<\/p>\n<\/li>\n<li data-start=\"2663\" data-end=\"2690\">\n<p data-start=\"2665\" data-end=\"2690\"><strong data-start=\"2665\" data-end=\"2690\">Produzido em Portugal<\/strong><\/p>\n<\/li>\n<\/ul>\n<h2 data-start=\"2697\" data-end=\"2734\"><strong data-start=\"2700\" data-end=\"2734\">Um Toque de Luxo no Teu Espa\u00e7o<\/strong><\/h2>\n<p data-start=\"2736\" data-end=\"3050\">Acende a <strong data-start=\"2745\" data-end=\"2766\">Vela Black Orchid<\/strong> e deixa que o seu perfume envolvente transforme o ambiente.<br data-start=\"2826\" data-end=\"2829\" \/>Deste modo, o teu espa\u00e7o torna-se mais fresco e acolhedor.<br data-start=\"2887\" data-end=\"2890\" \/>Como complemento, descobre tamb\u00e9m os nossos <a class=\"decorated-link cursor-pointer\" target=\"_new\" rel=\"noopener\" data-start=\"2934\" data-end=\"3010\">difusores de aroma<\/a> para prolongar a sensa\u00e7\u00e3o de bem-estar.<\/p>\n","protected":false},"excerpt":{"rendered":"<p>A Vela Black Orchid combina notas florais e frutadas num design elegante e sustent\u00e1vel. Descobre esta vela perfumada de 600g com quatro pavios.<\/p>\n","protected":false},"featured_media":16663,"template":"","meta":{"_joinchat":{"telephone":"+351910131778","message_text":"Questions about this piece?"}},"product_brand":[],"product_cat":[869,873],"product_tag":[1776,1195,1768,1769,1194,1767,1772,1054,1632,1746,1770,1766,1774,1765,1771,1180,1197,1775,1177],"class_list":{"0":"post-16671","1":"product","2":"type-product","3":"status-publish","4":"has-post-thumbnail","6":"product_cat-acessorios","7":"product_cat-velas","8":"product_tag-4-pavios","9":"product_tag-ambiente-acolhedor","10":"product_tag-aroma-para-casa","11":"product_tag-baunilha-de-madagascar","12":"product_tag-bem-estar","13":"product_tag-cera-de-soja","14":"product_tag-decoracao-aromatica","15":"product_tag-design-elegante","16":"product_tag-feita-em-portugal","17":"product_tag-fragrancia-floral","18":"product_tag-framboesa","19":"product_tag-lirio","20":"product_tag-luxo-discreto","21":"product_tag-orquidea-negra","22":"product_tag-sustentavel","23":"product_tag-vela-artesanal","24":"product_tag-vela-ecologica","25":"product_tag-vela-grande","26":"product_tag-vela-perfumada","28":"first","29":"instock","30":"taxable","31":"shipping-taxable","32":"purchasable","33":"product-type-simple"},"yoast_head":"<!-- This site is optimized with the Yoast SEO plugin v26.7 - https:\/\/yoast.com\/wordpress\/plugins\/seo\/ -->\n<title>Vela Black Orchid &amp; Lily XL - lapainteriordesign.com<\/title>\n<meta name=\"description\" content=\"A Vela Black Orchid combina notas florais e frutadas num design elegante e sustent\u00e1vel. Descobre esta vela perfumada de 600g com quatro pavios.\" \/>\n<meta name=\"robots\" content=\"index, follow, max-snippet:-1, max-image-preview:large, max-video-preview:-1\" \/>\n<link rel=\"canonical\" href=\"https:\/\/lapainteriordesign.com\/pt-pt\/product\/vela-black-orchid-lily-xl\/\" \/>\n<meta property=\"og:locale\" content=\"pt_PT\" \/>\n<meta property=\"og:type\" content=\"article\" \/>\n<meta property=\"og:title\" content=\"Black Orchid &amp; Lily XL Candle\" \/>\n<meta property=\"og:description\" content=\"Descubre la vela Black Orchid &amp; Lily de 600 g con 4 mechas. Una fragancia floral y frutal que llena tu hogar de elegancia y luminosidad, con 80 horas de duraci\u00f3n.\" \/>\n<meta property=\"og:url\" content=\"https:\/\/lapainteriordesign.com\/pt-pt\/product\/vela-black-orchid-lily-xl\/\" \/>\n<meta property=\"og:site_name\" content=\"lapainteriordesign.com\" \/>\n<meta property=\"article:publisher\" content=\"https:\/\/www.facebook.com\/LapaInteriorDesign\" \/>\n<meta property=\"article:modified_time\" content=\"2025-11-01T14:13:17+00:00\" \/>\n<meta property=\"og:image\" content=\"https:\/\/lapainteriordesign.com\/wp-content\/uploads\/2025\/01\/Black-Orchid-Lily-XL-candle-6643-Lapa-Interior-Design.jpg\" \/>\n\t<meta property=\"og:image:width\" content=\"1200\" \/>\n\t<meta property=\"og:image:height\" content=\"1200\" \/>\n\t<meta property=\"og:image:type\" content=\"image\/jpeg\" \/>\n<meta name=\"twitter:card\" content=\"summary_large_image\" \/>\n<meta name=\"twitter:title\" content=\"Vintage 1974 Throw\" \/>\n<meta name=\"twitter:description\" content=\"Experience the ultimate in coziness with Mustard Vintage 1956 Throw. Crafted from 100% wool, it&#039;s a perfect blend of style and warmth.\" \/>\n<meta name=\"twitter:image\" content=\"https:\/\/lapainteriordesign.com\/wp-content\/uploads\/2024\/11\/vintage-mos-23.39.png\" \/>\n<meta name=\"twitter:site\" content=\"@lapainterior\" \/>\n<meta name=\"twitter:label1\" content=\"Tempo estimado de leitura\" \/>\n\t<meta name=\"twitter:data1\" content=\"2 minutos\" \/>\n<script type=\"application\/ld+json\" class=\"yoast-schema-graph\">{\"@context\":\"https:\/\/schema.org\",\"@graph\":[{\"@type\":\"WebPage\",\"@id\":\"https:\/\/lapainteriordesign.com\/pt-pt\/product\/vela-black-orchid-lily-xl\/\",\"url\":\"https:\/\/lapainteriordesign.com\/pt-pt\/product\/vela-black-orchid-lily-xl\/\",\"name\":\"Vela Black Orchid & Lily XL - lapainteriordesign.com\",\"isPartOf\":{\"@id\":\"https:\/\/lapainteriordesign.com\/#website\"},\"primaryImageOfPage\":{\"@id\":\"https:\/\/lapainteriordesign.com\/pt-pt\/product\/vela-black-orchid-lily-xl\/#primaryimage\"},\"image\":{\"@id\":\"https:\/\/lapainteriordesign.com\/pt-pt\/product\/vela-black-orchid-lily-xl\/#primaryimage\"},\"thumbnailUrl\":\"https:\/\/lapainteriordesign.com\/wp-content\/uploads\/2025\/01\/Black-Orchid-Lily-XL-candle-6643-Lapa-Interior-Design_V2.jpg\",\"datePublished\":\"2025-01-27T15:50:25+00:00\",\"dateModified\":\"2025-11-01T14:13:17+00:00\",\"description\":\"A Vela Black Orchid combina notas florais e frutadas num design elegante e sustent\u00e1vel. Descobre esta vela perfumada de 600g com quatro pavios.\",\"breadcrumb\":{\"@id\":\"https:\/\/lapainteriordesign.com\/pt-pt\/product\/vela-black-orchid-lily-xl\/#breadcrumb\"},\"inLanguage\":\"pt-PT\",\"potentialAction\":[{\"@type\":\"ReadAction\",\"target\":[\"https:\/\/lapainteriordesign.com\/pt-pt\/product\/vela-black-orchid-lily-xl\/\"]}]},{\"@type\":\"ImageObject\",\"inLanguage\":\"pt-PT\",\"@id\":\"https:\/\/lapainteriordesign.com\/pt-pt\/product\/vela-black-orchid-lily-xl\/#primaryimage\",\"url\":\"https:\/\/lapainteriordesign.com\/wp-content\/uploads\/2025\/01\/Black-Orchid-Lily-XL-candle-6643-Lapa-Interior-Design_V2.jpg\",\"contentUrl\":\"https:\/\/lapainteriordesign.com\/wp-content\/uploads\/2025\/01\/Black-Orchid-Lily-XL-candle-6643-Lapa-Interior-Design_V2.jpg\",\"width\":1000,\"height\":1000,\"caption\":\"Black-Orchid-Lily-XL-candle-6643-Lapa-Interior-Design_V2\"},{\"@type\":\"BreadcrumbList\",\"@id\":\"https:\/\/lapainteriordesign.com\/pt-pt\/product\/vela-black-orchid-lily-xl\/#breadcrumb\",\"itemListElement\":[{\"@type\":\"ListItem\",\"position\":1,\"name\":\"Home\",\"item\":\"https:\/\/lapainteriordesign.com\/pt-pt\/\"},{\"@type\":\"ListItem\",\"position\":2,\"name\":\"Products\",\"item\":\"https:\/\/lapainteriordesign.com\/products\/\"},{\"@type\":\"ListItem\",\"position\":3,\"name\":\"Vela Black Orchid &#038; Lily XL\"}]},{\"@type\":\"WebSite\",\"@id\":\"https:\/\/lapainteriordesign.com\/#website\",\"url\":\"https:\/\/lapainteriordesign.com\/\",\"name\":\"lapainteriordesign.com\",\"description\":\"Luxury Interior Design\",\"publisher\":{\"@id\":\"https:\/\/lapainteriordesign.com\/#organization\"},\"potentialAction\":[{\"@type\":\"SearchAction\",\"target\":{\"@type\":\"EntryPoint\",\"urlTemplate\":\"https:\/\/lapainteriordesign.com\/?s={search_term_string}\"},\"query-input\":{\"@type\":\"PropertyValueSpecification\",\"valueRequired\":true,\"valueName\":\"search_term_string\"}}],\"inLanguage\":\"pt-PT\"},{\"@type\":\"Organization\",\"@id\":\"https:\/\/lapainteriordesign.com\/#organization\",\"name\":\"Lapa Interior Design\",\"url\":\"https:\/\/lapainteriordesign.com\/\",\"logo\":{\"@type\":\"ImageObject\",\"inLanguage\":\"pt-PT\",\"@id\":\"https:\/\/lapainteriordesign.com\/#\/schema\/logo\/image\/\",\"url\":\"https:\/\/lapainteriordesign.com\/wp-content\/uploads\/2026\/02\/cropped-Design-sem-nome-2026-02-04T094114.020.jpg\",\"contentUrl\":\"https:\/\/lapainteriordesign.com\/wp-content\/uploads\/2026\/02\/cropped-Design-sem-nome-2026-02-04T094114.020.jpg\",\"width\":512,\"height\":512,\"caption\":\"Lapa Interior Design\"},\"image\":{\"@id\":\"https:\/\/lapainteriordesign.com\/#\/schema\/logo\/image\/\"},\"sameAs\":[\"https:\/\/www.facebook.com\/LapaInteriorDesign\",\"https:\/\/x.com\/lapainterior\",\"https:\/\/www.instagram.com\/lapainteriordesign\/\",\"https:\/\/www.linkedin.com\/in\/lapa-interior-design-376823206\/\"]}]}<\/script>\n<!-- \/ Yoast SEO plugin. -->","yoast_head_json":{"title":"Vela Black Orchid & Lily XL - lapainteriordesign.com","description":"A Vela Black Orchid combina notas florais e frutadas num design elegante e sustent\u00e1vel. Descobre esta vela perfumada de 600g com quatro pavios.","robots":{"index":"index","follow":"follow","max-snippet":"max-snippet:-1","max-image-preview":"max-image-preview:large","max-video-preview":"max-video-preview:-1"},"canonical":"https:\/\/lapainteriordesign.com\/pt-pt\/product\/vela-black-orchid-lily-xl\/","og_locale":"pt_PT","og_type":"article","og_title":"Black Orchid & Lily XL Candle","og_description":"Descubre la vela Black Orchid & Lily de 600 g con 4 mechas. Una fragancia floral y frutal que llena tu hogar de elegancia y luminosidad, con 80 horas de duraci\u00f3n.","og_url":"https:\/\/lapainteriordesign.com\/pt-pt\/product\/vela-black-orchid-lily-xl\/","og_site_name":"lapainteriordesign.com","article_publisher":"https:\/\/www.facebook.com\/LapaInteriorDesign","article_modified_time":"2025-11-01T14:13:17+00:00","og_image":[{"width":1200,"height":1200,"url":"https:\/\/lapainteriordesign.com\/wp-content\/uploads\/2025\/01\/Black-Orchid-Lily-XL-candle-6643-Lapa-Interior-Design.jpg","type":"image\/jpeg"}],"twitter_card":"summary_large_image","twitter_title":"Vintage 1974 Throw","twitter_description":"Experience the ultimate in coziness with Mustard Vintage 1956 Throw. Crafted from 100% wool, it's a perfect blend of style and warmth.","twitter_image":"https:\/\/lapainteriordesign.com\/wp-content\/uploads\/2024\/11\/vintage-mos-23.39.png","twitter_site":"@lapainterior","twitter_misc":{"Tempo estimado de leitura":"2 minutos"},"schema":{"@context":"https:\/\/schema.org","@graph":[{"@type":"WebPage","@id":"https:\/\/lapainteriordesign.com\/pt-pt\/product\/vela-black-orchid-lily-xl\/","url":"https:\/\/lapainteriordesign.com\/pt-pt\/product\/vela-black-orchid-lily-xl\/","name":"Vela Black Orchid & Lily XL - lapainteriordesign.com","isPartOf":{"@id":"https:\/\/lapainteriordesign.com\/#website"},"primaryImageOfPage":{"@id":"https:\/\/lapainteriordesign.com\/pt-pt\/product\/vela-black-orchid-lily-xl\/#primaryimage"},"image":{"@id":"https:\/\/lapainteriordesign.com\/pt-pt\/product\/vela-black-orchid-lily-xl\/#primaryimage"},"thumbnailUrl":"https:\/\/lapainteriordesign.com\/wp-content\/uploads\/2025\/01\/Black-Orchid-Lily-XL-candle-6643-Lapa-Interior-Design_V2.jpg","datePublished":"2025-01-27T15:50:25+00:00","dateModified":"2025-11-01T14:13:17+00:00","description":"A Vela Black Orchid combina notas florais e frutadas num design elegante e sustent\u00e1vel. Descobre esta vela perfumada de 600g com quatro pavios.","breadcrumb":{"@id":"https:\/\/lapainteriordesign.com\/pt-pt\/product\/vela-black-orchid-lily-xl\/#breadcrumb"},"inLanguage":"pt-PT","potentialAction":[{"@type":"ReadAction","target":["https:\/\/lapainteriordesign.com\/pt-pt\/product\/vela-black-orchid-lily-xl\/"]}]},{"@type":"ImageObject","inLanguage":"pt-PT","@id":"https:\/\/lapainteriordesign.com\/pt-pt\/product\/vela-black-orchid-lily-xl\/#primaryimage","url":"https:\/\/lapainteriordesign.com\/wp-content\/uploads\/2025\/01\/Black-Orchid-Lily-XL-candle-6643-Lapa-Interior-Design_V2.jpg","contentUrl":"https:\/\/lapainteriordesign.com\/wp-content\/uploads\/2025\/01\/Black-Orchid-Lily-XL-candle-6643-Lapa-Interior-Design_V2.jpg","width":1000,"height":1000,"caption":"Black-Orchid-Lily-XL-candle-6643-Lapa-Interior-Design_V2"},{"@type":"BreadcrumbList","@id":"https:\/\/lapainteriordesign.com\/pt-pt\/product\/vela-black-orchid-lily-xl\/#breadcrumb","itemListElement":[{"@type":"ListItem","position":1,"name":"Home","item":"https:\/\/lapainteriordesign.com\/pt-pt\/"},{"@type":"ListItem","position":2,"name":"Products","item":"https:\/\/lapainteriordesign.com\/products\/"},{"@type":"ListItem","position":3,"name":"Vela Black Orchid &#038; Lily XL"}]},{"@type":"WebSite","@id":"https:\/\/lapainteriordesign.com\/#website","url":"https:\/\/lapainteriordesign.com\/","name":"lapainteriordesign.com","description":"Luxury Interior Design","publisher":{"@id":"https:\/\/lapainteriordesign.com\/#organization"},"potentialAction":[{"@type":"SearchAction","target":{"@type":"EntryPoint","urlTemplate":"https:\/\/lapainteriordesign.com\/?s={search_term_string}"},"query-input":{"@type":"PropertyValueSpecification","valueRequired":true,"valueName":"search_term_string"}}],"inLanguage":"pt-PT"},{"@type":"Organization","@id":"https:\/\/lapainteriordesign.com\/#organization","name":"Lapa Interior Design","url":"https:\/\/lapainteriordesign.com\/","logo":{"@type":"ImageObject","inLanguage":"pt-PT","@id":"https:\/\/lapainteriordesign.com\/#\/schema\/logo\/image\/","url":"https:\/\/lapainteriordesign.com\/wp-content\/uploads\/2026\/02\/cropped-Design-sem-nome-2026-02-04T094114.020.jpg","contentUrl":"https:\/\/lapainteriordesign.com\/wp-content\/uploads\/2026\/02\/cropped-Design-sem-nome-2026-02-04T094114.020.jpg","width":512,"height":512,"caption":"Lapa Interior Design"},"image":{"@id":"https:\/\/lapainteriordesign.com\/#\/schema\/logo\/image\/"},"sameAs":["https:\/\/www.facebook.com\/LapaInteriorDesign","https:\/\/x.com\/lapainterior","https:\/\/www.instagram.com\/lapainteriordesign\/","https:\/\/www.linkedin.com\/in\/lapa-interior-design-376823206\/"]}]}},"_links":{"self":[{"href":"https:\/\/lapainteriordesign.com\/pt-pt\/wp-json\/wp\/v2\/product\/16671","targetHints":{"allow":["GET"]}}],"collection":[{"href":"https:\/\/lapainteriordesign.com\/pt-pt\/wp-json\/wp\/v2\/product"}],"about":[{"href":"https:\/\/lapainteriordesign.com\/pt-pt\/wp-json\/wp\/v2\/types\/product"}],"version-history":[{"count":0,"href":"https:\/\/lapainteriordesign.com\/pt-pt\/wp-json\/wp\/v2\/product\/16671\/revisions"}],"wp:featuredmedia":[{"embeddable":true,"href":"https:\/\/lapainteriordesign.com\/pt-pt\/wp-json\/wp\/v2\/media\/16663"}],"wp:attachment":[{"href":"https:\/\/lapainteriordesign.com\/pt-pt\/wp-json\/wp\/v2\/media?parent=16671"}],"wp:term":[{"taxonomy":"product_brand","embeddable":true,"href":"https:\/\/lapainteriordesign.com\/pt-pt\/wp-json\/wp\/v2\/product_brand?post=16671"},{"taxonomy":"product_cat","embeddable":true,"href":"https:\/\/lapainteriordesign.com\/pt-pt\/wp-json\/wp\/v2\/product_cat?post=16671"},{"taxonomy":"product_tag","embeddable":true,"href":"https:\/\/lapainteriordesign.com\/pt-pt\/wp-json\/wp\/v2\/product_tag?post=16671"}],"curies":[{"name":"wp","href":"https:\/\/api.w.org\/{rel}","templated":true}]}}