{"id":16443,"date":"2025-08-03T22:15:14","date_gmt":"2025-08-03T22:15:14","guid":{"rendered":"https:\/\/lapainteriordesign.com\/product\/lawrence-hanger\/"},"modified":"2025-10-27T22:47:20","modified_gmt":"2025-10-27T22:47:20","slug":"cabide-lawrence","status":"publish","type":"product","link":"https:\/\/lapainteriordesign.com\/pt-pt\/product\/cabide-lawrence\/","title":{"rendered":"Cabide Lawrence"},"content":{"rendered":"<h2 data-start=\"851\" data-end=\"920\"><strong data-start=\"854\" data-end=\"920\">Cabideiro Lawrence \u2013 Eleg\u00e2ncia e Funcionalidade para a Entrada<\/strong><\/h2>\n<p data-start=\"922\" data-end=\"1346\">O <strong data-start=\"924\" data-end=\"946\">Cabideiro Lawrence<\/strong> da Lapa Interior Design combina <strong data-start=\"979\" data-end=\"1006\">design cl\u00e1ssico franc\u00eas<\/strong> com funcionalidade moderna. <strong data-start=\"1035\" data-end=\"1049\">Al\u00e9m disso<\/strong>, fabricado artesanalmente em Portugal, este cabideiro \u00e9 perfeito para organizar casacos, chap\u00e9us e acess\u00f3rios, mantendo qualquer hall ou entrada elegante e organizado. Com o <strong data-start=\"1224\" data-end=\"1246\">Cabideiro Lawrence<\/strong>, transformas o teu espa\u00e7o de entrada num ambiente sofisticado e pr\u00e1tico desde o primeiro momento.<\/p>\n<h2 data-start=\"1353\" data-end=\"1400\"><strong data-start=\"1356\" data-end=\"1400\">Design e Dimens\u00f5es do Cabideiro Lawrence<\/strong><\/h2>\n<p data-start=\"1402\" data-end=\"1879\">O cabideiro mede 47\u202fcm de largura \u00d7 37\u202fcm de profundidade \u00d7 145\u202fcm de altura. <strong data-start=\"1480\" data-end=\"1498\">Como resultado<\/strong>, adapta-se facilmente a corredores estreitos ou halls compactos, sem comprometer a sua utilidade. A estrutura vertical e os detalhes entalhados conferem charme e refor\u00e7am a identidade cl\u00e1ssica da pe\u00e7a. Para ideias de decora\u00e7\u00e3o, podes consultar outros artigos de <a class=\"decorated-link cursor-pointer\" target=\"_new\" rel=\"noopener\" data-start=\"1761\" data-end=\"1820\">m\u00f3veis cl\u00e1ssicos franceses<\/a> ou explorar refer\u00eancias na <a class=\"decorated-link\" href=\"#\" rel=\"noopener\" data-start=\"1848\" data-end=\"1876\">Cole\u00e7\u00e3o Classic da Lapa<\/a>.<\/p>\n<h2 data-start=\"1886\" data-end=\"1915\"><strong data-start=\"1889\" data-end=\"1915\">Materiais e Acabamento<\/strong><\/h2>\n<p data-start=\"1917\" data-end=\"2214\">O <strong data-start=\"1919\" data-end=\"1941\">Cabideiro Lawrence<\/strong> \u00e9 produzido com madeira de alta qualidade e acabamento em <strong data-start=\"2000\" data-end=\"2020\">Paris Antiqu\u00e1rio<\/strong>, oferecendo resist\u00eancia e uma apar\u00eancia intemporal. <strong data-start=\"2073\" data-end=\"2091\">Adicionalmente<\/strong>, a pe\u00e7a combina durabilidade e est\u00e9tica refinada, garantindo que o cabideiro seja funcional e decorativo ao mesmo tempo.<\/p>\n<h2 data-start=\"2221\" data-end=\"2262\"><strong data-start=\"2224\" data-end=\"2262\">Estilo, Versatilidade e Integra\u00e7\u00e3o<\/strong><\/h2>\n<p data-start=\"2264\" data-end=\"2576\">Ideal para entradas, halls ou mesmo escrit\u00f3rios, o <strong data-start=\"2315\" data-end=\"2337\">Cabideiro Lawrence<\/strong> harmoniza-se com outras pe\u00e7as da Cole\u00e7\u00e3o Classic, como o <a class=\"decorated-link\" href=\"#\" rel=\"noopener\" data-start=\"2395\" data-end=\"2411\">Banco Vogue<\/a> ou o <a class=\"decorated-link\" href=\"#\" rel=\"noopener\" data-start=\"2417\" data-end=\"2434\">Espelho Gala<\/a>. <strong data-start=\"2436\" data-end=\"2450\">Al\u00e9m disso<\/strong>, o seu design vers\u00e1til permite integra\u00e7\u00e3o em ambientes tradicionais ou modernos, oferecendo sempre um ponto focal elegante.<\/p>\n<h2 data-start=\"2583\" data-end=\"2628\"><strong data-start=\"2586\" data-end=\"2628\">Por que Escolher o Cabideiro Lawrence?<\/strong><\/h2>\n<ul data-start=\"2630\" data-end=\"2937\">\n<li data-start=\"2630\" data-end=\"2676\">\n<p data-start=\"2632\" data-end=\"2676\">Cabideiro cl\u00e1ssico com detalhes entalhados<\/p>\n<\/li>\n<li data-start=\"2677\" data-end=\"2716\">\n<p data-start=\"2679\" data-end=\"2716\">Estrutura vertical que poupa espa\u00e7o<\/p>\n<\/li>\n<li data-start=\"2717\" data-end=\"2767\">\n<p data-start=\"2719\" data-end=\"2767\">Acabamento Paris Antiqu\u00e1rio elegante e dur\u00e1vel<\/p>\n<\/li>\n<li data-start=\"2768\" data-end=\"2830\">\n<p data-start=\"2770\" data-end=\"2830\">Produzido artesanalmente em Portugal com materiais premium<\/p>\n<\/li>\n<li data-start=\"2831\" data-end=\"2882\">\n<p data-start=\"2833\" data-end=\"2882\">Combina com outros elementos da Cole\u00e7\u00e3o Classic<\/p>\n<\/li>\n<li data-start=\"2883\" data-end=\"2937\">\n<p data-start=\"2885\" data-end=\"2937\">Pe\u00e7a intemporal que eleva qualquer hall ou entrada<\/p>\n<\/li>\n<\/ul>\n<p data-start=\"2939\" data-end=\"3042\"><strong data-start=\"2939\" data-end=\"2953\">Dimens\u00f5es:<\/strong> Comprimento 0,47\u202fm | Largura 0,37\u202fm | Altura 1,45\u202fm<br data-start=\"3005\" data-end=\"3008\" \/><strong data-start=\"3008\" data-end=\"3023\">Acabamento:<\/strong> Paris Antiqu\u00e1rio<\/p>\n","protected":false},"excerpt":{"rendered":"<p>O Cabideiro Lawrence da Lapa Interior Design combina design cl\u00e1ssico com funcionalidade. Fabricado artesanalmente em Portugal com acabamento Paris Antiqu\u00e1rio, ideal para entradas e halls.<\/p>\n","protected":false},"featured_media":16437,"template":"","meta":{"_joinchat":{"telephone":"+351910131778","message_text":"Questions about this piece?"}},"product_brand":[],"product_cat":[898,881,900,878,879],"product_tag":[1308,1603,1602,1606,1607,1608,1605,816,1604,1579],"class_list":{"0":"post-16443","1":"product","2":"type-product","3":"status-publish","4":"has-post-thumbnail","6":"product_cat-armazenamentos","7":"product_cat-cabides","9":"product_cat-mobilia","10":"product_cat-quarto","11":"product_tag-armazenamento-elegante","12":"product_tag-cabideiro-classico","13":"product_tag-cabideiro-lawrence","14":"product_tag-colecao-classic","15":"product_tag-decoracao-de-luxo","16":"product_tag-design-funcional","17":"product_tag-feito-a-mao-em-portugal","18":"product_tag-lapa-interior-design","19":"product_tag-mobiliario-de-entrada","20":"product_tag-moveis-classicos-franceses","22":"first","23":"onbackorder","24":"taxable","25":"shipping-taxable","26":"purchasable","27":"product-type-simple"},"yoast_head":"<!-- This site is optimized with the Yoast SEO plugin v26.7 - https:\/\/yoast.com\/wordpress\/plugins\/seo\/ -->\n<title>Cabide Lawrence - lapainteriordesign.com<\/title>\n<meta name=\"description\" content=\"O Cabideiro Lawrence combina design cl\u00e1ssico com funcionalidade. Fabricado artesanalmente em Portugal com acabamento Paris Antiqu\u00e1rio.\" \/>\n<meta name=\"robots\" content=\"index, follow, max-snippet:-1, max-image-preview:large, max-video-preview:-1\" \/>\n<link rel=\"canonical\" href=\"https:\/\/lapainteriordesign.com\/pt-pt\/product\/cabide-lawrence\/\" \/>\n<meta property=\"og:locale\" content=\"pt_PT\" \/>\n<meta property=\"og:type\" content=\"article\" \/>\n<meta property=\"og:title\" content=\"Lawrence hanger\" \/>\n<meta property=\"og:description\" content=\"Lawrence Hanger by Lapa Interior Design \u2013 Classic coat rack with Paris Antiqu\u00e1rio finish, ideal for traditional and contemporary entryways. Handmade in Portugal.\" \/>\n<meta property=\"og:url\" content=\"https:\/\/lapainteriordesign.com\/pt-pt\/product\/cabide-lawrence\/\" \/>\n<meta property=\"og:site_name\" content=\"lapainteriordesign.com\" \/>\n<meta property=\"article:publisher\" content=\"https:\/\/www.facebook.com\/LapaInteriorDesign\" \/>\n<meta property=\"article:modified_time\" content=\"2025-10-27T22:47:20+00:00\" \/>\n<meta property=\"og:image\" content=\"https:\/\/lapainteriordesign.com\/wp-content\/uploads\/2025\/08\/Lapa_Interior_Design-Lawrence-hanger-angle-ALWCBD01CE_5.jpg\" \/>\n\t<meta property=\"og:image:width\" content=\"1000\" \/>\n\t<meta property=\"og:image:height\" content=\"1000\" \/>\n\t<meta property=\"og:image:type\" content=\"image\/jpeg\" \/>\n<meta name=\"twitter:card\" content=\"summary_large_image\" \/>\n<meta name=\"twitter:title\" content=\"Vintage 1974 Throw\" \/>\n<meta name=\"twitter:description\" content=\"Experience the ultimate in coziness with Mustard Vintage 1956 Throw. Crafted from 100% wool, it&#039;s a perfect blend of style and warmth.\" \/>\n<meta name=\"twitter:image\" content=\"https:\/\/lapainteriordesign.com\/wp-content\/uploads\/2024\/11\/vintage-mos-23.39.png\" \/>\n<meta name=\"twitter:site\" content=\"@lapainterior\" \/>\n<meta name=\"twitter:label1\" content=\"Tempo estimado de leitura\" \/>\n\t<meta name=\"twitter:data1\" content=\"2 minutos\" \/>\n<script type=\"application\/ld+json\" class=\"yoast-schema-graph\">{\"@context\":\"https:\/\/schema.org\",\"@graph\":[{\"@type\":\"WebPage\",\"@id\":\"https:\/\/lapainteriordesign.com\/pt-pt\/product\/cabide-lawrence\/\",\"url\":\"https:\/\/lapainteriordesign.com\/pt-pt\/product\/cabide-lawrence\/\",\"name\":\"Cabide Lawrence - lapainteriordesign.com\",\"isPartOf\":{\"@id\":\"https:\/\/lapainteriordesign.com\/#website\"},\"primaryImageOfPage\":{\"@id\":\"https:\/\/lapainteriordesign.com\/pt-pt\/product\/cabide-lawrence\/#primaryimage\"},\"image\":{\"@id\":\"https:\/\/lapainteriordesign.com\/pt-pt\/product\/cabide-lawrence\/#primaryimage\"},\"thumbnailUrl\":\"https:\/\/lapainteriordesign.com\/wp-content\/uploads\/2025\/08\/Lapa_Interior_Design-Lawrence-hanger-angle-ALWCBD01CE_6_1.jpg\",\"datePublished\":\"2025-08-03T22:15:14+00:00\",\"dateModified\":\"2025-10-27T22:47:20+00:00\",\"description\":\"O Cabideiro Lawrence combina design cl\u00e1ssico com funcionalidade. Fabricado artesanalmente em Portugal com acabamento Paris Antiqu\u00e1rio.\",\"breadcrumb\":{\"@id\":\"https:\/\/lapainteriordesign.com\/pt-pt\/product\/cabide-lawrence\/#breadcrumb\"},\"inLanguage\":\"pt-PT\",\"potentialAction\":[{\"@type\":\"ReadAction\",\"target\":[\"https:\/\/lapainteriordesign.com\/pt-pt\/product\/cabide-lawrence\/\"]}]},{\"@type\":\"ImageObject\",\"inLanguage\":\"pt-PT\",\"@id\":\"https:\/\/lapainteriordesign.com\/pt-pt\/product\/cabide-lawrence\/#primaryimage\",\"url\":\"https:\/\/lapainteriordesign.com\/wp-content\/uploads\/2025\/08\/Lapa_Interior_Design-Lawrence-hanger-angle-ALWCBD01CE_6_1.jpg\",\"contentUrl\":\"https:\/\/lapainteriordesign.com\/wp-content\/uploads\/2025\/08\/Lapa_Interior_Design-Lawrence-hanger-angle-ALWCBD01CE_6_1.jpg\",\"width\":1000,\"height\":1000,\"caption\":\"Lawrence Hanger by Lapa Interior Design \u2013 Classic coat rack with carved details and Paris Antiqu\u00e1rio finish\"},{\"@type\":\"BreadcrumbList\",\"@id\":\"https:\/\/lapainteriordesign.com\/pt-pt\/product\/cabide-lawrence\/#breadcrumb\",\"itemListElement\":[{\"@type\":\"ListItem\",\"position\":1,\"name\":\"Home\",\"item\":\"https:\/\/lapainteriordesign.com\/pt-pt\/\"},{\"@type\":\"ListItem\",\"position\":2,\"name\":\"Products\",\"item\":\"https:\/\/lapainteriordesign.com\/products\/\"},{\"@type\":\"ListItem\",\"position\":3,\"name\":\"Cabide Lawrence\"}]},{\"@type\":\"WebSite\",\"@id\":\"https:\/\/lapainteriordesign.com\/#website\",\"url\":\"https:\/\/lapainteriordesign.com\/\",\"name\":\"lapainteriordesign.com\",\"description\":\"Luxury Interior Design\",\"publisher\":{\"@id\":\"https:\/\/lapainteriordesign.com\/#organization\"},\"potentialAction\":[{\"@type\":\"SearchAction\",\"target\":{\"@type\":\"EntryPoint\",\"urlTemplate\":\"https:\/\/lapainteriordesign.com\/?s={search_term_string}\"},\"query-input\":{\"@type\":\"PropertyValueSpecification\",\"valueRequired\":true,\"valueName\":\"search_term_string\"}}],\"inLanguage\":\"pt-PT\"},{\"@type\":\"Organization\",\"@id\":\"https:\/\/lapainteriordesign.com\/#organization\",\"name\":\"Lapa Interior Design\",\"url\":\"https:\/\/lapainteriordesign.com\/\",\"logo\":{\"@type\":\"ImageObject\",\"inLanguage\":\"pt-PT\",\"@id\":\"https:\/\/lapainteriordesign.com\/#\/schema\/logo\/image\/\",\"url\":\"https:\/\/lapainteriordesign.com\/wp-content\/uploads\/2026\/02\/cropped-Design-sem-nome-2026-02-04T094114.020.jpg\",\"contentUrl\":\"https:\/\/lapainteriordesign.com\/wp-content\/uploads\/2026\/02\/cropped-Design-sem-nome-2026-02-04T094114.020.jpg\",\"width\":512,\"height\":512,\"caption\":\"Lapa Interior Design\"},\"image\":{\"@id\":\"https:\/\/lapainteriordesign.com\/#\/schema\/logo\/image\/\"},\"sameAs\":[\"https:\/\/www.facebook.com\/LapaInteriorDesign\",\"https:\/\/x.com\/lapainterior\",\"https:\/\/www.instagram.com\/lapainteriordesign\/\",\"https:\/\/www.linkedin.com\/in\/lapa-interior-design-376823206\/\"]}]}<\/script>\n<!-- \/ Yoast SEO plugin. -->","yoast_head_json":{"title":"Cabide Lawrence - lapainteriordesign.com","description":"O Cabideiro Lawrence combina design cl\u00e1ssico com funcionalidade. Fabricado artesanalmente em Portugal com acabamento Paris Antiqu\u00e1rio.","robots":{"index":"index","follow":"follow","max-snippet":"max-snippet:-1","max-image-preview":"max-image-preview:large","max-video-preview":"max-video-preview:-1"},"canonical":"https:\/\/lapainteriordesign.com\/pt-pt\/product\/cabide-lawrence\/","og_locale":"pt_PT","og_type":"article","og_title":"Lawrence hanger","og_description":"Lawrence Hanger by Lapa Interior Design \u2013 Classic coat rack with Paris Antiqu\u00e1rio finish, ideal for traditional and contemporary entryways. Handmade in Portugal.","og_url":"https:\/\/lapainteriordesign.com\/pt-pt\/product\/cabide-lawrence\/","og_site_name":"lapainteriordesign.com","article_publisher":"https:\/\/www.facebook.com\/LapaInteriorDesign","article_modified_time":"2025-10-27T22:47:20+00:00","og_image":[{"width":1000,"height":1000,"url":"https:\/\/lapainteriordesign.com\/wp-content\/uploads\/2025\/08\/Lapa_Interior_Design-Lawrence-hanger-angle-ALWCBD01CE_5.jpg","type":"image\/jpeg"}],"twitter_card":"summary_large_image","twitter_title":"Vintage 1974 Throw","twitter_description":"Experience the ultimate in coziness with Mustard Vintage 1956 Throw. Crafted from 100% wool, it's a perfect blend of style and warmth.","twitter_image":"https:\/\/lapainteriordesign.com\/wp-content\/uploads\/2024\/11\/vintage-mos-23.39.png","twitter_site":"@lapainterior","twitter_misc":{"Tempo estimado de leitura":"2 minutos"},"schema":{"@context":"https:\/\/schema.org","@graph":[{"@type":"WebPage","@id":"https:\/\/lapainteriordesign.com\/pt-pt\/product\/cabide-lawrence\/","url":"https:\/\/lapainteriordesign.com\/pt-pt\/product\/cabide-lawrence\/","name":"Cabide Lawrence - lapainteriordesign.com","isPartOf":{"@id":"https:\/\/lapainteriordesign.com\/#website"},"primaryImageOfPage":{"@id":"https:\/\/lapainteriordesign.com\/pt-pt\/product\/cabide-lawrence\/#primaryimage"},"image":{"@id":"https:\/\/lapainteriordesign.com\/pt-pt\/product\/cabide-lawrence\/#primaryimage"},"thumbnailUrl":"https:\/\/lapainteriordesign.com\/wp-content\/uploads\/2025\/08\/Lapa_Interior_Design-Lawrence-hanger-angle-ALWCBD01CE_6_1.jpg","datePublished":"2025-08-03T22:15:14+00:00","dateModified":"2025-10-27T22:47:20+00:00","description":"O Cabideiro Lawrence combina design cl\u00e1ssico com funcionalidade. Fabricado artesanalmente em Portugal com acabamento Paris Antiqu\u00e1rio.","breadcrumb":{"@id":"https:\/\/lapainteriordesign.com\/pt-pt\/product\/cabide-lawrence\/#breadcrumb"},"inLanguage":"pt-PT","potentialAction":[{"@type":"ReadAction","target":["https:\/\/lapainteriordesign.com\/pt-pt\/product\/cabide-lawrence\/"]}]},{"@type":"ImageObject","inLanguage":"pt-PT","@id":"https:\/\/lapainteriordesign.com\/pt-pt\/product\/cabide-lawrence\/#primaryimage","url":"https:\/\/lapainteriordesign.com\/wp-content\/uploads\/2025\/08\/Lapa_Interior_Design-Lawrence-hanger-angle-ALWCBD01CE_6_1.jpg","contentUrl":"https:\/\/lapainteriordesign.com\/wp-content\/uploads\/2025\/08\/Lapa_Interior_Design-Lawrence-hanger-angle-ALWCBD01CE_6_1.jpg","width":1000,"height":1000,"caption":"Lawrence Hanger by Lapa Interior Design \u2013 Classic coat rack with carved details and Paris Antiqu\u00e1rio finish"},{"@type":"BreadcrumbList","@id":"https:\/\/lapainteriordesign.com\/pt-pt\/product\/cabide-lawrence\/#breadcrumb","itemListElement":[{"@type":"ListItem","position":1,"name":"Home","item":"https:\/\/lapainteriordesign.com\/pt-pt\/"},{"@type":"ListItem","position":2,"name":"Products","item":"https:\/\/lapainteriordesign.com\/products\/"},{"@type":"ListItem","position":3,"name":"Cabide Lawrence"}]},{"@type":"WebSite","@id":"https:\/\/lapainteriordesign.com\/#website","url":"https:\/\/lapainteriordesign.com\/","name":"lapainteriordesign.com","description":"Luxury Interior Design","publisher":{"@id":"https:\/\/lapainteriordesign.com\/#organization"},"potentialAction":[{"@type":"SearchAction","target":{"@type":"EntryPoint","urlTemplate":"https:\/\/lapainteriordesign.com\/?s={search_term_string}"},"query-input":{"@type":"PropertyValueSpecification","valueRequired":true,"valueName":"search_term_string"}}],"inLanguage":"pt-PT"},{"@type":"Organization","@id":"https:\/\/lapainteriordesign.com\/#organization","name":"Lapa Interior Design","url":"https:\/\/lapainteriordesign.com\/","logo":{"@type":"ImageObject","inLanguage":"pt-PT","@id":"https:\/\/lapainteriordesign.com\/#\/schema\/logo\/image\/","url":"https:\/\/lapainteriordesign.com\/wp-content\/uploads\/2026\/02\/cropped-Design-sem-nome-2026-02-04T094114.020.jpg","contentUrl":"https:\/\/lapainteriordesign.com\/wp-content\/uploads\/2026\/02\/cropped-Design-sem-nome-2026-02-04T094114.020.jpg","width":512,"height":512,"caption":"Lapa Interior Design"},"image":{"@id":"https:\/\/lapainteriordesign.com\/#\/schema\/logo\/image\/"},"sameAs":["https:\/\/www.facebook.com\/LapaInteriorDesign","https:\/\/x.com\/lapainterior","https:\/\/www.instagram.com\/lapainteriordesign\/","https:\/\/www.linkedin.com\/in\/lapa-interior-design-376823206\/"]}]}},"_links":{"self":[{"href":"https:\/\/lapainteriordesign.com\/pt-pt\/wp-json\/wp\/v2\/product\/16443","targetHints":{"allow":["GET"]}}],"collection":[{"href":"https:\/\/lapainteriordesign.com\/pt-pt\/wp-json\/wp\/v2\/product"}],"about":[{"href":"https:\/\/lapainteriordesign.com\/pt-pt\/wp-json\/wp\/v2\/types\/product"}],"version-history":[{"count":0,"href":"https:\/\/lapainteriordesign.com\/pt-pt\/wp-json\/wp\/v2\/product\/16443\/revisions"}],"wp:featuredmedia":[{"embeddable":true,"href":"https:\/\/lapainteriordesign.com\/pt-pt\/wp-json\/wp\/v2\/media\/16437"}],"wp:attachment":[{"href":"https:\/\/lapainteriordesign.com\/pt-pt\/wp-json\/wp\/v2\/media?parent=16443"}],"wp:term":[{"taxonomy":"product_brand","embeddable":true,"href":"https:\/\/lapainteriordesign.com\/pt-pt\/wp-json\/wp\/v2\/product_brand?post=16443"},{"taxonomy":"product_cat","embeddable":true,"href":"https:\/\/lapainteriordesign.com\/pt-pt\/wp-json\/wp\/v2\/product_cat?post=16443"},{"taxonomy":"product_tag","embeddable":true,"href":"https:\/\/lapainteriordesign.com\/pt-pt\/wp-json\/wp\/v2\/product_tag?post=16443"}],"curies":[{"name":"wp","href":"https:\/\/api.w.org\/{rel}","templated":true}]}}