{"id":16180,"date":"2025-08-05T20:35:02","date_gmt":"2025-08-05T20:35:02","guid":{"rendered":"https:\/\/lapainteriordesign.com\/product\/versalhes-chest-of-drawers\/"},"modified":"2025-10-26T16:40:03","modified_gmt":"2025-10-26T16:40:03","slug":"comoda-versalhes","status":"publish","type":"product","link":"https:\/\/lapainteriordesign.com\/pt-pt\/product\/comoda-versalhes\/","title":{"rendered":"C\u00f3moda Versalhes"},"content":{"rendered":"<article class=\"text-token-text-primary w-full focus:outline-none [--shadow-height:45px] has-data-writing-block:pointer-events-none has-data-writing-block:-mt-(--shadow-height) has-data-writing-block:pt-(--shadow-height) [&amp;:has([data-writing-block])&gt;*]:pointer-events-auto scroll-mt-[calc(var(--header-height)+min(200px,max(70px,20svh)))]\" dir=\"auto\" tabindex=\"-1\" data-turn-id=\"request-68fa09f7-0c74-832a-9780-d04a2aefeeca-56\" data-testid=\"conversation-turn-444\" data-scroll-anchor=\"true\" data-turn=\"assistant\">\n<div class=\"text-base my-auto mx-auto pb-10 [--thread-content-margin:--spacing(4)] thread-sm:[--thread-content-margin:--spacing(6)] thread-lg:[--thread-content-margin:--spacing(16)] px-(--thread-content-margin)\">\n<div class=\"[--thread-content-max-width:40rem] thread-lg:[--thread-content-max-width:48rem] mx-auto max-w-(--thread-content-max-width) flex-1 group\/turn-messages focus-visible:outline-hidden relative flex w-full min-w-0 flex-col agent-turn\" tabindex=\"-1\">\n<div class=\"flex max-w-full flex-col grow\">\n<div class=\"min-h-8 text-message relative flex w-full flex-col items-end gap-2 text-start break-words whitespace-normal [.text-message+&amp;]:mt-1\" dir=\"auto\" data-message-author-role=\"assistant\" data-message-id=\"0fffa0f6-b161-4d80-9cfb-75946dad12d6\" data-message-model-slug=\"gpt-5-mini\">\n<div class=\"flex w-full flex-col gap-1 empty:hidden first:pt-[1px]\">\n<div class=\"markdown prose dark:prose-invert w-full break-words light markdown-new-styling\">\n<h4 data-start=\"0\" data-end=\"63\">C\u00f3moda Versalhes \u2013 Armazenamento Elegante com Charme Refinado<\/h4>\n<p data-start=\"65\" data-end=\"257\">A C\u00f4moda Versalhes traz presen\u00e7a imponente e eleg\u00e2ncia atemporal a qualquer quarto ou hall de entrada. Produzida em Portugal com cuidado artesanal, esta pe\u00e7a combina estilo e funcionalidade.<\/p>\n<p data-start=\"259\" data-end=\"581\"><strong data-start=\"259\" data-end=\"281\">Design e Dimens\u00f5es<\/strong><br data-start=\"281\" data-end=\"284\" \/>Com dimens\u00f5es aproximadas de 1,29\u202fm (comprimento) \u00d7 0,60\u202fm (profundidade) \u00d7 0,86\u202fm (altura), a c\u00f4moda oferece um equil\u00edbrio perfeito entre armazenamento generoso e forma compacta. Encaixa-se graciosamente na maioria dos interiores, valorizando ambientes tradicionais, cl\u00e1ssicos ou transicionais.<\/p>\n<p data-start=\"583\" data-end=\"903\"><strong data-start=\"583\" data-end=\"609\">Acabamentos e Est\u00e9tica<\/strong><br data-start=\"609\" data-end=\"612\" \/>Acabada em Bluebell Antique, a C\u00f4moda Versalhes apresenta uma laca suavemente envelhecida que adiciona profundidade e car\u00e1cter. Este acabamento evoca a p\u00e1tina vintage mantendo a sofistica\u00e7\u00e3o refinada. A silhueta e os detalhes refletem a influ\u00eancia do design europeu com eleg\u00e2ncia discreta.<\/p>\n<p data-start=\"905\" data-end=\"1226\"><strong data-start=\"905\" data-end=\"933\">Uso Pr\u00e1tico e Decorativo<\/strong><br data-start=\"933\" data-end=\"936\" \/>A c\u00f4moda disp\u00f5e de m\u00faltiplas gavetas, ideais para organizar roupas, roupa de cama ou acess\u00f3rios. Posicione-a sob um espelho emoldurado ou obra de arte para criar um ponto focal em corredores ou quartos. O acabamento refinado permite que a pe\u00e7a seja simultaneamente decorativa e funcional.<\/p>\n<p data-start=\"1228\" data-end=\"1581\"><strong data-start=\"1228\" data-end=\"1251\">Sugest\u00f5es de Estilo<\/strong><br data-start=\"1251\" data-end=\"1254\" \/>Combine a c\u00f4moda com outras pe\u00e7as da Cole\u00e7\u00e3o Cl\u00e1ssica da Lapa Interior Design, como uma cama elegante ou mesa de cabeceira em tons complementares. Para inspira\u00e7\u00e3o adicional sobre como integrar m\u00f3veis de inspira\u00e7\u00e3o vintage em interiores modernos, consulte recursos de decora\u00e7\u00e3o como os guias de layout da Architectural Digest.<\/p>\n<p data-start=\"1583\" data-end=\"1624\"><strong data-start=\"1583\" data-end=\"1622\">Porqu\u00ea Escolher a C\u00f4moda Versalhes?<\/strong><\/p>\n<ul data-start=\"1625\" data-end=\"2018\">\n<li data-start=\"1625\" data-end=\"1687\">\n<p data-start=\"1627\" data-end=\"1687\">Silhueta cl\u00e1ssica com acabamento Bluebell Antique refinado<\/p>\n<\/li>\n<li data-start=\"1688\" data-end=\"1741\">\n<p data-start=\"1690\" data-end=\"1741\">Amplo espa\u00e7o de armazenamento em formato compacto<\/p>\n<\/li>\n<li data-start=\"1742\" data-end=\"1807\">\n<p data-start=\"1744\" data-end=\"1807\">Produzida artesanalmente em Portugal com aten\u00e7\u00e3o aos detalhes<\/p>\n<\/li>\n<li data-start=\"1808\" data-end=\"1875\">\n<p data-start=\"1810\" data-end=\"1875\">Pe\u00e7a vers\u00e1til que se harmoniza com v\u00e1rios estilos de interiores<\/p>\n<\/li>\n<li data-start=\"1876\" data-end=\"1926\">\n<p data-start=\"1878\" data-end=\"1926\">Integra-se perfeitamente com outras pe\u00e7as Lapa<\/p>\n<\/li>\n<li data-start=\"1927\" data-end=\"1971\">\n<p data-start=\"1929\" data-end=\"1971\">Produto portugu\u00eas de qualidade artesanal<\/p>\n<\/li>\n<li data-start=\"1972\" data-end=\"2018\">\n<p data-start=\"1974\" data-end=\"2018\">Pe\u00e7a intemporal dentro da Cole\u00e7\u00e3o Cl\u00e1ssica<\/p>\n<\/li>\n<\/ul>\n<p data-start=\"2020\" data-end=\"2093\"><strong data-start=\"2020\" data-end=\"2034\">Dimens\u00f5es:<\/strong><br data-start=\"2034\" data-end=\"2037\" \/>Comprimento: 1,29\u202fm<br data-start=\"2056\" data-end=\"2059\" \/>Largura: 0,60\u202fm<br data-start=\"2074\" data-end=\"2077\" \/>Altura: 0,86\u202fm<\/p>\n<p data-start=\"2095\" data-end=\"2127\" data-is-last-node=\"\" data-is-only-node=\"\"><strong data-start=\"2095\" data-end=\"2110\">Acabamento:<\/strong> Bluebell Antique<\/p>\n<\/div>\n<\/div>\n<\/div>\n<\/div>\n<\/div>\n<\/div>\n<\/article>\n","protected":false},"excerpt":{"rendered":"<p>C\u00f3moda Versalhes \u2013 eleg\u00e2ncia e funcionalidade em m\u00f3veis artesanais produzidos em Portugal. Acabamento Bluebell Antique, ideal para quartos e corredores.<\/p>\n","protected":false},"featured_media":16174,"template":"","meta":{"_joinchat":{"telephone":"+351910131778","message_text":"Questions about this piece?"}},"product_brand":[],"product_cat":[898,880,878],"product_tag":[1400,1308,1406,1398,1404,1403,1399,1402,1401,1405],"class_list":{"0":"post-16180","1":"product","2":"type-product","3":"status-publish","4":"has-post-thumbnail","6":"product_cat-armazenamentos","7":"product_cat-comoda","8":"product_cat-mobilia","9":"product_tag-acabamento-bluebell-antique","10":"product_tag-armazenamento-elegante","11":"product_tag-colecao-classica-lapa-interior-design","12":"product_tag-comoda-versalhes","13":"product_tag-design-classico","14":"product_tag-moveis-produzidos-em-portugal","15":"product_tag-movel-artesanal","16":"product_tag-movel-de-corredor","17":"product_tag-movel-de-quarto","18":"product_tag-movel-funcional","20":"first","21":"onbackorder","22":"taxable","23":"shipping-taxable","24":"purchasable","25":"product-type-simple"},"yoast_head":"<!-- This site is optimized with the Yoast SEO plugin v26.7 - https:\/\/yoast.com\/wordpress\/plugins\/seo\/ -->\n<title>C\u00f3moda Versalhes - lapainteriordesign.com<\/title>\n<meta name=\"description\" content=\"C\u00f3moda Versalhes \u2013 eleg\u00e2ncia e funcionalidade em m\u00f3veis artesanais produzidos em Portugal. Acabamento Bluebell Antique, ideal para quartos e corredores.\" \/>\n<meta name=\"robots\" content=\"index, follow, max-snippet:-1, max-image-preview:large, max-video-preview:-1\" \/>\n<link rel=\"canonical\" href=\"https:\/\/lapainteriordesign.com\/es\/product\/versalhes-chest-of-drawers\/\" \/>\n<meta property=\"og:locale\" content=\"pt_PT\" \/>\n<meta property=\"og:type\" content=\"article\" \/>\n<meta property=\"og:title\" content=\"Versalhes Chest of Drawers\" \/>\n<meta property=\"og:description\" content=\"Versalhes Chest of Drawers a Portuguese-crafted storage piece in Bluebell Antique finish. Elegant and practical for bedroom or hallway use.\" \/>\n<meta property=\"og:url\" content=\"https:\/\/lapainteriordesign.com\/es\/product\/versalhes-chest-of-drawers\/\" \/>\n<meta property=\"og:site_name\" content=\"lapainteriordesign.com\" \/>\n<meta property=\"article:publisher\" content=\"https:\/\/www.facebook.com\/LapaInteriorDesign\" \/>\n<meta property=\"article:modified_time\" content=\"2025-10-26T16:40:03+00:00\" \/>\n<meta property=\"og:image\" content=\"https:\/\/lapainteriordesign.com\/wp-content\/uploads\/2025\/08\/Lapa_interior_Design-Versalhes-chest-of-drawers-angle-AC3085Z_4.jpg\" \/>\n\t<meta property=\"og:image:width\" content=\"1000\" \/>\n\t<meta property=\"og:image:height\" content=\"1000\" \/>\n\t<meta property=\"og:image:type\" content=\"image\/jpeg\" \/>\n<meta name=\"twitter:card\" content=\"summary_large_image\" \/>\n<meta name=\"twitter:title\" content=\"Vintage 1974 Throw\" \/>\n<meta name=\"twitter:description\" content=\"Experience the ultimate in coziness with Mustard Vintage 1956 Throw. Crafted from 100% wool, it&#039;s a perfect blend of style and warmth.\" \/>\n<meta name=\"twitter:image\" content=\"https:\/\/lapainteriordesign.com\/wp-content\/uploads\/2024\/11\/vintage-mos-23.39.png\" \/>\n<meta name=\"twitter:site\" content=\"@lapainterior\" \/>\n<meta name=\"twitter:label1\" content=\"Tempo estimado de leitura\" \/>\n\t<meta name=\"twitter:data1\" content=\"2 minutos\" \/>\n<script type=\"application\/ld+json\" class=\"yoast-schema-graph\">{\"@context\":\"https:\/\/schema.org\",\"@graph\":[{\"@type\":\"WebPage\",\"@id\":\"https:\/\/lapainteriordesign.com\/es\/product\/versalhes-chest-of-drawers\/\",\"url\":\"https:\/\/lapainteriordesign.com\/es\/product\/versalhes-chest-of-drawers\/\",\"name\":\"C\u00f3moda Versalhes - lapainteriordesign.com\",\"isPartOf\":{\"@id\":\"https:\/\/lapainteriordesign.com\/#website\"},\"primaryImageOfPage\":{\"@id\":\"https:\/\/lapainteriordesign.com\/es\/product\/versalhes-chest-of-drawers\/#primaryimage\"},\"image\":{\"@id\":\"https:\/\/lapainteriordesign.com\/es\/product\/versalhes-chest-of-drawers\/#primaryimage\"},\"thumbnailUrl\":\"https:\/\/lapainteriordesign.com\/wp-content\/uploads\/2025\/08\/Lapa_interior_Design-Versalhes-chest-of-drawers-angle-AC3085Z_4_1.jpg\",\"datePublished\":\"2025-08-05T20:35:02+00:00\",\"dateModified\":\"2025-10-26T16:40:03+00:00\",\"description\":\"C\u00f3moda Versalhes \u2013 eleg\u00e2ncia e funcionalidade em m\u00f3veis artesanais produzidos em Portugal. Acabamento Bluebell Antique, ideal para quartos e corredores.\",\"breadcrumb\":{\"@id\":\"https:\/\/lapainteriordesign.com\/es\/product\/versalhes-chest-of-drawers\/#breadcrumb\"},\"inLanguage\":\"pt-PT\",\"potentialAction\":[{\"@type\":\"ReadAction\",\"target\":[\"https:\/\/lapainteriordesign.com\/es\/product\/versalhes-chest-of-drawers\/\"]}]},{\"@type\":\"ImageObject\",\"inLanguage\":\"pt-PT\",\"@id\":\"https:\/\/lapainteriordesign.com\/es\/product\/versalhes-chest-of-drawers\/#primaryimage\",\"url\":\"https:\/\/lapainteriordesign.com\/wp-content\/uploads\/2025\/08\/Lapa_interior_Design-Versalhes-chest-of-drawers-angle-AC3085Z_4_1.jpg\",\"contentUrl\":\"https:\/\/lapainteriordesign.com\/wp-content\/uploads\/2025\/08\/Lapa_interior_Design-Versalhes-chest-of-drawers-angle-AC3085Z_4_1.jpg\",\"width\":1000,\"height\":1000,\"caption\":\"Versalhes Chest of Drawers by Lapa Interior Design \u2013 compact chest in Bluebell Antique finish\"},{\"@type\":\"BreadcrumbList\",\"@id\":\"https:\/\/lapainteriordesign.com\/es\/product\/versalhes-chest-of-drawers\/#breadcrumb\",\"itemListElement\":[{\"@type\":\"ListItem\",\"position\":1,\"name\":\"Home\",\"item\":\"https:\/\/lapainteriordesign.com\/pt-pt\/\"},{\"@type\":\"ListItem\",\"position\":2,\"name\":\"Products\",\"item\":\"https:\/\/lapainteriordesign.com\/products\/\"},{\"@type\":\"ListItem\",\"position\":3,\"name\":\"C\u00f3moda Versalhes\"}]},{\"@type\":\"WebSite\",\"@id\":\"https:\/\/lapainteriordesign.com\/#website\",\"url\":\"https:\/\/lapainteriordesign.com\/\",\"name\":\"lapainteriordesign.com\",\"description\":\"Luxury Interior Design\",\"publisher\":{\"@id\":\"https:\/\/lapainteriordesign.com\/#organization\"},\"potentialAction\":[{\"@type\":\"SearchAction\",\"target\":{\"@type\":\"EntryPoint\",\"urlTemplate\":\"https:\/\/lapainteriordesign.com\/?s={search_term_string}\"},\"query-input\":{\"@type\":\"PropertyValueSpecification\",\"valueRequired\":true,\"valueName\":\"search_term_string\"}}],\"inLanguage\":\"pt-PT\"},{\"@type\":\"Organization\",\"@id\":\"https:\/\/lapainteriordesign.com\/#organization\",\"name\":\"Lapa Interior Design\",\"url\":\"https:\/\/lapainteriordesign.com\/\",\"logo\":{\"@type\":\"ImageObject\",\"inLanguage\":\"pt-PT\",\"@id\":\"https:\/\/lapainteriordesign.com\/#\/schema\/logo\/image\/\",\"url\":\"https:\/\/lapainteriordesign.com\/wp-content\/uploads\/2026\/02\/cropped-Design-sem-nome-2026-02-04T094114.020.jpg\",\"contentUrl\":\"https:\/\/lapainteriordesign.com\/wp-content\/uploads\/2026\/02\/cropped-Design-sem-nome-2026-02-04T094114.020.jpg\",\"width\":512,\"height\":512,\"caption\":\"Lapa Interior Design\"},\"image\":{\"@id\":\"https:\/\/lapainteriordesign.com\/#\/schema\/logo\/image\/\"},\"sameAs\":[\"https:\/\/www.facebook.com\/LapaInteriorDesign\",\"https:\/\/x.com\/lapainterior\",\"https:\/\/www.instagram.com\/lapainteriordesign\/\",\"https:\/\/www.linkedin.com\/in\/lapa-interior-design-376823206\/\"]}]}<\/script>\n<!-- \/ Yoast SEO plugin. -->","yoast_head_json":{"title":"C\u00f3moda Versalhes - lapainteriordesign.com","description":"C\u00f3moda Versalhes \u2013 eleg\u00e2ncia e funcionalidade em m\u00f3veis artesanais produzidos em Portugal. Acabamento Bluebell Antique, ideal para quartos e corredores.","robots":{"index":"index","follow":"follow","max-snippet":"max-snippet:-1","max-image-preview":"max-image-preview:large","max-video-preview":"max-video-preview:-1"},"canonical":"https:\/\/lapainteriordesign.com\/es\/product\/versalhes-chest-of-drawers\/","og_locale":"pt_PT","og_type":"article","og_title":"Versalhes Chest of Drawers","og_description":"Versalhes Chest of Drawers a Portuguese-crafted storage piece in Bluebell Antique finish. Elegant and practical for bedroom or hallway use.","og_url":"https:\/\/lapainteriordesign.com\/es\/product\/versalhes-chest-of-drawers\/","og_site_name":"lapainteriordesign.com","article_publisher":"https:\/\/www.facebook.com\/LapaInteriorDesign","article_modified_time":"2025-10-26T16:40:03+00:00","og_image":[{"width":1000,"height":1000,"url":"https:\/\/lapainteriordesign.com\/wp-content\/uploads\/2025\/08\/Lapa_interior_Design-Versalhes-chest-of-drawers-angle-AC3085Z_4.jpg","type":"image\/jpeg"}],"twitter_card":"summary_large_image","twitter_title":"Vintage 1974 Throw","twitter_description":"Experience the ultimate in coziness with Mustard Vintage 1956 Throw. Crafted from 100% wool, it's a perfect blend of style and warmth.","twitter_image":"https:\/\/lapainteriordesign.com\/wp-content\/uploads\/2024\/11\/vintage-mos-23.39.png","twitter_site":"@lapainterior","twitter_misc":{"Tempo estimado de leitura":"2 minutos"},"schema":{"@context":"https:\/\/schema.org","@graph":[{"@type":"WebPage","@id":"https:\/\/lapainteriordesign.com\/es\/product\/versalhes-chest-of-drawers\/","url":"https:\/\/lapainteriordesign.com\/es\/product\/versalhes-chest-of-drawers\/","name":"C\u00f3moda Versalhes - lapainteriordesign.com","isPartOf":{"@id":"https:\/\/lapainteriordesign.com\/#website"},"primaryImageOfPage":{"@id":"https:\/\/lapainteriordesign.com\/es\/product\/versalhes-chest-of-drawers\/#primaryimage"},"image":{"@id":"https:\/\/lapainteriordesign.com\/es\/product\/versalhes-chest-of-drawers\/#primaryimage"},"thumbnailUrl":"https:\/\/lapainteriordesign.com\/wp-content\/uploads\/2025\/08\/Lapa_interior_Design-Versalhes-chest-of-drawers-angle-AC3085Z_4_1.jpg","datePublished":"2025-08-05T20:35:02+00:00","dateModified":"2025-10-26T16:40:03+00:00","description":"C\u00f3moda Versalhes \u2013 eleg\u00e2ncia e funcionalidade em m\u00f3veis artesanais produzidos em Portugal. Acabamento Bluebell Antique, ideal para quartos e corredores.","breadcrumb":{"@id":"https:\/\/lapainteriordesign.com\/es\/product\/versalhes-chest-of-drawers\/#breadcrumb"},"inLanguage":"pt-PT","potentialAction":[{"@type":"ReadAction","target":["https:\/\/lapainteriordesign.com\/es\/product\/versalhes-chest-of-drawers\/"]}]},{"@type":"ImageObject","inLanguage":"pt-PT","@id":"https:\/\/lapainteriordesign.com\/es\/product\/versalhes-chest-of-drawers\/#primaryimage","url":"https:\/\/lapainteriordesign.com\/wp-content\/uploads\/2025\/08\/Lapa_interior_Design-Versalhes-chest-of-drawers-angle-AC3085Z_4_1.jpg","contentUrl":"https:\/\/lapainteriordesign.com\/wp-content\/uploads\/2025\/08\/Lapa_interior_Design-Versalhes-chest-of-drawers-angle-AC3085Z_4_1.jpg","width":1000,"height":1000,"caption":"Versalhes Chest of Drawers by Lapa Interior Design \u2013 compact chest in Bluebell Antique finish"},{"@type":"BreadcrumbList","@id":"https:\/\/lapainteriordesign.com\/es\/product\/versalhes-chest-of-drawers\/#breadcrumb","itemListElement":[{"@type":"ListItem","position":1,"name":"Home","item":"https:\/\/lapainteriordesign.com\/pt-pt\/"},{"@type":"ListItem","position":2,"name":"Products","item":"https:\/\/lapainteriordesign.com\/products\/"},{"@type":"ListItem","position":3,"name":"C\u00f3moda Versalhes"}]},{"@type":"WebSite","@id":"https:\/\/lapainteriordesign.com\/#website","url":"https:\/\/lapainteriordesign.com\/","name":"lapainteriordesign.com","description":"Luxury Interior Design","publisher":{"@id":"https:\/\/lapainteriordesign.com\/#organization"},"potentialAction":[{"@type":"SearchAction","target":{"@type":"EntryPoint","urlTemplate":"https:\/\/lapainteriordesign.com\/?s={search_term_string}"},"query-input":{"@type":"PropertyValueSpecification","valueRequired":true,"valueName":"search_term_string"}}],"inLanguage":"pt-PT"},{"@type":"Organization","@id":"https:\/\/lapainteriordesign.com\/#organization","name":"Lapa Interior Design","url":"https:\/\/lapainteriordesign.com\/","logo":{"@type":"ImageObject","inLanguage":"pt-PT","@id":"https:\/\/lapainteriordesign.com\/#\/schema\/logo\/image\/","url":"https:\/\/lapainteriordesign.com\/wp-content\/uploads\/2026\/02\/cropped-Design-sem-nome-2026-02-04T094114.020.jpg","contentUrl":"https:\/\/lapainteriordesign.com\/wp-content\/uploads\/2026\/02\/cropped-Design-sem-nome-2026-02-04T094114.020.jpg","width":512,"height":512,"caption":"Lapa Interior Design"},"image":{"@id":"https:\/\/lapainteriordesign.com\/#\/schema\/logo\/image\/"},"sameAs":["https:\/\/www.facebook.com\/LapaInteriorDesign","https:\/\/x.com\/lapainterior","https:\/\/www.instagram.com\/lapainteriordesign\/","https:\/\/www.linkedin.com\/in\/lapa-interior-design-376823206\/"]}]}},"_links":{"self":[{"href":"https:\/\/lapainteriordesign.com\/pt-pt\/wp-json\/wp\/v2\/product\/16180","targetHints":{"allow":["GET"]}}],"collection":[{"href":"https:\/\/lapainteriordesign.com\/pt-pt\/wp-json\/wp\/v2\/product"}],"about":[{"href":"https:\/\/lapainteriordesign.com\/pt-pt\/wp-json\/wp\/v2\/types\/product"}],"version-history":[{"count":0,"href":"https:\/\/lapainteriordesign.com\/pt-pt\/wp-json\/wp\/v2\/product\/16180\/revisions"}],"wp:featuredmedia":[{"embeddable":true,"href":"https:\/\/lapainteriordesign.com\/pt-pt\/wp-json\/wp\/v2\/media\/16174"}],"wp:attachment":[{"href":"https:\/\/lapainteriordesign.com\/pt-pt\/wp-json\/wp\/v2\/media?parent=16180"}],"wp:term":[{"taxonomy":"product_brand","embeddable":true,"href":"https:\/\/lapainteriordesign.com\/pt-pt\/wp-json\/wp\/v2\/product_brand?post=16180"},{"taxonomy":"product_cat","embeddable":true,"href":"https:\/\/lapainteriordesign.com\/pt-pt\/wp-json\/wp\/v2\/product_cat?post=16180"},{"taxonomy":"product_tag","embeddable":true,"href":"https:\/\/lapainteriordesign.com\/pt-pt\/wp-json\/wp\/v2\/product_tag?post=16180"}],"curies":[{"name":"wp","href":"https:\/\/api.w.org\/{rel}","templated":true}]}}