{"id":16170,"date":"2025-08-05T20:45:06","date_gmt":"2025-08-05T20:45:06","guid":{"rendered":"https:\/\/lapainteriordesign.com\/product\/viena-armchair\/"},"modified":"2025-10-26T15:52:41","modified_gmt":"2025-10-26T15:52:41","slug":"poltrona-viena","status":"publish","type":"product","link":"https:\/\/lapainteriordesign.com\/pt-pt\/product\/poltrona-viena\/","title":{"rendered":"Poltrona Viena"},"content":{"rendered":"<article class=\"text-token-text-primary w-full focus:outline-none [--shadow-height:45px] has-data-writing-block:pointer-events-none has-data-writing-block:-mt-(--shadow-height) has-data-writing-block:pt-(--shadow-height) [&amp;:has([data-writing-block])&gt;*]:pointer-events-auto scroll-mt-[calc(var(--header-height)+min(200px,max(70px,20svh)))]\" dir=\"auto\" tabindex=\"-1\" data-turn-id=\"request-68fa09f7-0c74-832a-9780-d04a2aefeeca-52\" data-testid=\"conversation-turn-436\" data-scroll-anchor=\"true\" data-turn=\"assistant\">\n<div class=\"text-base my-auto mx-auto pb-10 [--thread-content-margin:--spacing(4)] thread-sm:[--thread-content-margin:--spacing(6)] thread-lg:[--thread-content-margin:--spacing(16)] px-(--thread-content-margin)\">\n<div class=\"[--thread-content-max-width:40rem] thread-lg:[--thread-content-max-width:48rem] mx-auto max-w-(--thread-content-max-width) flex-1 group\/turn-messages focus-visible:outline-hidden relative flex w-full min-w-0 flex-col agent-turn\" tabindex=\"-1\">\n<div class=\"flex max-w-full flex-col grow\">\n<div class=\"min-h-8 text-message relative flex w-full flex-col items-end gap-2 text-start break-words whitespace-normal [.text-message+&amp;]:mt-1\" dir=\"auto\" data-message-author-role=\"assistant\" data-message-id=\"dd65ae52-fedf-4a34-b439-41a6beb1def0\" data-message-model-slug=\"gpt-5-mini\">\n<div class=\"flex w-full flex-col gap-1 empty:hidden first:pt-[1px]\">\n<div class=\"markdown prose dark:prose-invert w-full break-words light markdown-new-styling\">\n<h4 data-start=\"0\" data-end=\"57\">Cadeir\u00e3o Viena \u2013 Conforto Cl\u00e1ssico com Linhas Refinadas<\/h4>\n<p data-start=\"59\" data-end=\"315\">O Cadeir\u00e3o Viena \u00e9 uma pe\u00e7a de assento cuidadosamente trabalhada que combina estilo intemporal com conforto acolhedor. Com o encosto suavemente curvado, assento amplo e pernas afiladas, este elegante cadeir\u00e3o valoriza tanto salas de estar quanto quartos.<\/p>\n<p data-start=\"317\" data-end=\"341\"><strong data-start=\"317\" data-end=\"339\">Design e Dimens\u00f5es<\/strong><\/p>\n<p data-start=\"343\" data-end=\"700\">Com aproximadamente 75\u202fcm de largura \u00d7 65\u202fcm de profundidade \u00d7 86\u202fcm de altura, o Cadeir\u00e3o Viena oferece um assento convidativo e bem proporcionado. As suas curvas suaves e a silhueta elegante tornam-no adequado para interiores cl\u00e1ssicos e modernos. A almofada ligeira proporciona conforto, enquanto as propor\u00e7\u00f5es equilibradas favorecem o fluxo do espa\u00e7o.<\/p>\n<p data-start=\"702\" data-end=\"730\"><strong data-start=\"702\" data-end=\"728\">Materiais e Artesanato<\/strong><\/p>\n<p data-start=\"732\" data-end=\"1026\">Produzido artesanalmente em Portugal, este cadeir\u00e3o \u00e9 estofado com tecido de alta qualidade e suportado por uma estrutura de madeira cuidadosamente acabada. As linhas refinadas e os materiais superiores refletem a aten\u00e7\u00e3o ao detalhe e o compromisso com a durabilidade da Lapa Interior Design.<\/p>\n<p data-start=\"1028\" data-end=\"1069\"><strong data-start=\"1028\" data-end=\"1067\">Versatilidade e Ideias de Decora\u00e7\u00e3o<\/strong><\/p>\n<p data-start=\"1071\" data-end=\"1464\">O Cadeir\u00e3o Viena adapta-se facilmente a diferentes espa\u00e7os \u2014 funciona perfeitamente junto a uma mesa de centro, num canto de leitura ou num escrit\u00f3rio acolhedor. Combina com outras pe\u00e7as da Cole\u00e7\u00e3o Cl\u00e1ssica da Lapa Interior Design para criar um interior harmonioso. Para inspira\u00e7\u00e3o sobre como decorar com cadeir\u00f5es de destaque, consulta o guia de styling de cadeiras da Architectural Digest.<\/p>\n<p data-start=\"1466\" data-end=\"1505\"><strong data-start=\"1466\" data-end=\"1503\">Porqu\u00ea Escolher o Cadeir\u00e3o Viena?<\/strong><\/p>\n<ul data-start=\"1507\" data-end=\"1853\">\n<li data-start=\"1507\" data-end=\"1558\">\n<p data-start=\"1509\" data-end=\"1558\">Elegante silhueta curva com assento confort\u00e1vel<\/p>\n<\/li>\n<li data-start=\"1559\" data-end=\"1612\">\n<p data-start=\"1561\" data-end=\"1612\">Dimens\u00f5es compactas, adequadas a diversos espa\u00e7os<\/p>\n<\/li>\n<li data-start=\"1613\" data-end=\"1657\">\n<p data-start=\"1615\" data-end=\"1657\">Artesanato portugu\u00eas com estofos premium<\/p>\n<\/li>\n<li data-start=\"1658\" data-end=\"1713\">\n<p data-start=\"1660\" data-end=\"1713\">Ideal para interiores tradicionais e contempor\u00e2neos<\/p>\n<\/li>\n<li data-start=\"1714\" data-end=\"1763\">\n<p data-start=\"1716\" data-end=\"1763\">Complementa outras pe\u00e7as cl\u00e1ssicas da cole\u00e7\u00e3o<\/p>\n<\/li>\n<li data-start=\"1764\" data-end=\"1813\">\n<p data-start=\"1766\" data-end=\"1813\">Produzido em Portugal com qualidade artesanal<\/p>\n<\/li>\n<li data-start=\"1814\" data-end=\"1853\">\n<p data-start=\"1816\" data-end=\"1853\">Pe\u00e7a intemporal da Cole\u00e7\u00e3o Cl\u00e1ssica<\/p>\n<\/li>\n<\/ul>\n<p data-start=\"1855\" data-end=\"1884\"><strong data-start=\"1855\" data-end=\"1882\">Dimens\u00f5es e Acabamentos<\/strong><\/p>\n<ul data-start=\"1885\" data-end=\"2040\" data-is-last-node=\"\" data-is-only-node=\"\">\n<li data-start=\"1885\" data-end=\"1943\">\n<p data-start=\"1887\" data-end=\"1943\">Comprimento: 0,75 m | Largura: 0,65 m | Altura: 0,86 m<\/p>\n<\/li>\n<li data-start=\"1944\" data-end=\"1970\">\n<p data-start=\"1946\" data-end=\"1970\">Acabamento: VY Antique<\/p>\n<\/li>\n<li data-start=\"1971\" data-end=\"2008\">\n<p data-start=\"1973\" data-end=\"2008\">Tecido: 1,8 m | MP.TEC.DDMILANOAL<\/p>\n<\/li>\n<li data-start=\"2009\" data-end=\"2040\" data-is-last-node=\"\">\n<p data-start=\"2011\" data-end=\"2040\" data-is-last-node=\"\">Volume: 0,42 m\u00b3 | Peso: 36 kg<\/p>\n<\/li>\n<\/ul>\n<\/div>\n<\/div>\n<\/div>\n<\/div>\n<div class=\"z-0 flex min-h-[46px] justify-start\"><\/div>\n<div class=\"mt-3 w-full empty:hidden\">\n<div class=\"text-center\"><\/div>\n<\/div>\n<\/div>\n<\/div>\n<\/article>\n<div class=\"pointer-events-none h-px w-px\" aria-hidden=\"true\" data-edge=\"true\"><\/div>\n","protected":false},"excerpt":{"rendered":"<p data-start=\"0\" data-end=\"143\">Cadeir\u00e3o Viena, uma cadeira estofada artesanal com elegante forma curva e conforto refinado. Produzido em Portugal para interiores cl\u00e1ssicos.<\/p>\n<p data-start=\"145\" data-end=\"167\" data-is-last-node=\"\" data-is-only-node=\"\">Produzido em Portugal.<\/p>\n","protected":false},"featured_media":16164,"template":"","meta":{"_joinchat":{"telephone":"+351910131778","message_text":"Questions about this piece?"}},"product_brand":[],"product_cat":[892,878,893],"product_tag":[1391,1390,1395,1393,1389,1394,816,1392,1087,1357],"class_list":{"0":"post-16170","1":"product","2":"type-product","3":"status-publish","4":"has-post-thumbnail","6":"product_cat-assentos","7":"product_cat-mobilia","8":"product_cat-poltronas","9":"product_tag-cadeira-artesanal","10":"product_tag-cadeira-estofada","11":"product_tag-cadeira-feita-em-portugal","12":"product_tag-cadeirao-confortavel","13":"product_tag-cadeirao-viena","14":"product_tag-interiores-elegantes","15":"product_tag-lapa-interior-design","16":"product_tag-mobiliario-classico","17":"product_tag-mobiliario-de-luxo","18":"product_tag-moveis-portugueses","20":"first","21":"onbackorder","22":"taxable","23":"shipping-taxable","24":"purchasable","25":"product-type-simple"},"yoast_head":"<!-- This site is optimized with the Yoast SEO plugin v26.7 - https:\/\/yoast.com\/wordpress\/plugins\/seo\/ -->\n<title>Poltrona Viena - lapainteriordesign.com<\/title>\n<meta name=\"description\" content=\"Cadeir\u00e3o Viena \u2013 cadeira estofada artesanal com forma curva elegante e conforto refinado, perfeita para interiores cl\u00e1ssicos. Produzido em Portugal.\" \/>\n<meta name=\"robots\" content=\"index, follow, max-snippet:-1, max-image-preview:large, max-video-preview:-1\" \/>\n<link rel=\"canonical\" href=\"https:\/\/lapainteriordesign.com\/pt-pt\/product\/poltrona-viena\/\" \/>\n<meta property=\"og:locale\" content=\"pt_PT\" \/>\n<meta property=\"og:type\" content=\"article\" \/>\n<meta property=\"og:title\" content=\"Viena Armchair\" \/>\n<meta property=\"og:description\" content=\"Viena Armchair, a handcrafted upholstered chair with elegant curved form and refined comfort. Made in Portugal for classic interiors.\" \/>\n<meta property=\"og:url\" content=\"https:\/\/lapainteriordesign.com\/pt-pt\/product\/poltrona-viena\/\" \/>\n<meta property=\"og:site_name\" content=\"lapainteriordesign.com\" \/>\n<meta property=\"article:publisher\" content=\"https:\/\/www.facebook.com\/LapaInteriorDesign\" \/>\n<meta property=\"article:modified_time\" content=\"2025-10-26T15:52:41+00:00\" \/>\n<meta property=\"og:image\" content=\"https:\/\/lapainteriordesign.com\/wp-content\/uploads\/2025\/08\/Lapa_Interior_Design-Viena-armchair-angle-AC3108.TC_5.jpg\" \/>\n\t<meta property=\"og:image:width\" content=\"1000\" \/>\n\t<meta property=\"og:image:height\" content=\"1000\" \/>\n\t<meta property=\"og:image:type\" content=\"image\/jpeg\" \/>\n<meta name=\"twitter:card\" content=\"summary_large_image\" \/>\n<meta name=\"twitter:title\" content=\"Vintage 1974 Throw\" \/>\n<meta name=\"twitter:description\" content=\"Experience the ultimate in coziness with Mustard Vintage 1956 Throw. Crafted from 100% wool, it&#039;s a perfect blend of style and warmth.\" \/>\n<meta name=\"twitter:image\" content=\"https:\/\/lapainteriordesign.com\/wp-content\/uploads\/2024\/11\/vintage-mos-23.39.png\" \/>\n<meta name=\"twitter:site\" content=\"@lapainterior\" \/>\n<meta name=\"twitter:label1\" content=\"Tempo estimado de leitura\" \/>\n\t<meta name=\"twitter:data1\" content=\"2 minutos\" \/>\n<script type=\"application\/ld+json\" class=\"yoast-schema-graph\">{\"@context\":\"https:\/\/schema.org\",\"@graph\":[{\"@type\":\"WebPage\",\"@id\":\"https:\/\/lapainteriordesign.com\/pt-pt\/product\/poltrona-viena\/\",\"url\":\"https:\/\/lapainteriordesign.com\/pt-pt\/product\/poltrona-viena\/\",\"name\":\"Poltrona Viena - lapainteriordesign.com\",\"isPartOf\":{\"@id\":\"https:\/\/lapainteriordesign.com\/#website\"},\"primaryImageOfPage\":{\"@id\":\"https:\/\/lapainteriordesign.com\/pt-pt\/product\/poltrona-viena\/#primaryimage\"},\"image\":{\"@id\":\"https:\/\/lapainteriordesign.com\/pt-pt\/product\/poltrona-viena\/#primaryimage\"},\"thumbnailUrl\":\"https:\/\/lapainteriordesign.com\/wp-content\/uploads\/2025\/08\/Lapa_Interior_Design-Viena-armchair-angle-AC3108.TC_5_1.jpg\",\"datePublished\":\"2025-08-05T20:45:06+00:00\",\"dateModified\":\"2025-10-26T15:52:41+00:00\",\"description\":\"Cadeir\u00e3o Viena \u2013 cadeira estofada artesanal com forma curva elegante e conforto refinado, perfeita para interiores cl\u00e1ssicos. Produzido em Portugal.\",\"breadcrumb\":{\"@id\":\"https:\/\/lapainteriordesign.com\/pt-pt\/product\/poltrona-viena\/#breadcrumb\"},\"inLanguage\":\"pt-PT\",\"potentialAction\":[{\"@type\":\"ReadAction\",\"target\":[\"https:\/\/lapainteriordesign.com\/pt-pt\/product\/poltrona-viena\/\"]}]},{\"@type\":\"ImageObject\",\"inLanguage\":\"pt-PT\",\"@id\":\"https:\/\/lapainteriordesign.com\/pt-pt\/product\/poltrona-viena\/#primaryimage\",\"url\":\"https:\/\/lapainteriordesign.com\/wp-content\/uploads\/2025\/08\/Lapa_Interior_Design-Viena-armchair-angle-AC3108.TC_5_1.jpg\",\"contentUrl\":\"https:\/\/lapainteriordesign.com\/wp-content\/uploads\/2025\/08\/Lapa_Interior_Design-Viena-armchair-angle-AC3108.TC_5_1.jpg\",\"width\":1000,\"height\":1000,\"caption\":\"Viena Armchair by Lapa Interior Design \u2013 upholstered chair with curved back and wooden legs\"},{\"@type\":\"BreadcrumbList\",\"@id\":\"https:\/\/lapainteriordesign.com\/pt-pt\/product\/poltrona-viena\/#breadcrumb\",\"itemListElement\":[{\"@type\":\"ListItem\",\"position\":1,\"name\":\"Home\",\"item\":\"https:\/\/lapainteriordesign.com\/pt-pt\/\"},{\"@type\":\"ListItem\",\"position\":2,\"name\":\"Products\",\"item\":\"https:\/\/lapainteriordesign.com\/products\/\"},{\"@type\":\"ListItem\",\"position\":3,\"name\":\"Poltrona Viena\"}]},{\"@type\":\"WebSite\",\"@id\":\"https:\/\/lapainteriordesign.com\/#website\",\"url\":\"https:\/\/lapainteriordesign.com\/\",\"name\":\"lapainteriordesign.com\",\"description\":\"Luxury Interior Design\",\"publisher\":{\"@id\":\"https:\/\/lapainteriordesign.com\/#organization\"},\"potentialAction\":[{\"@type\":\"SearchAction\",\"target\":{\"@type\":\"EntryPoint\",\"urlTemplate\":\"https:\/\/lapainteriordesign.com\/?s={search_term_string}\"},\"query-input\":{\"@type\":\"PropertyValueSpecification\",\"valueRequired\":true,\"valueName\":\"search_term_string\"}}],\"inLanguage\":\"pt-PT\"},{\"@type\":\"Organization\",\"@id\":\"https:\/\/lapainteriordesign.com\/#organization\",\"name\":\"Lapa Interior Design\",\"url\":\"https:\/\/lapainteriordesign.com\/\",\"logo\":{\"@type\":\"ImageObject\",\"inLanguage\":\"pt-PT\",\"@id\":\"https:\/\/lapainteriordesign.com\/#\/schema\/logo\/image\/\",\"url\":\"https:\/\/lapainteriordesign.com\/wp-content\/uploads\/2026\/02\/cropped-Design-sem-nome-2026-02-04T094114.020.jpg\",\"contentUrl\":\"https:\/\/lapainteriordesign.com\/wp-content\/uploads\/2026\/02\/cropped-Design-sem-nome-2026-02-04T094114.020.jpg\",\"width\":512,\"height\":512,\"caption\":\"Lapa Interior Design\"},\"image\":{\"@id\":\"https:\/\/lapainteriordesign.com\/#\/schema\/logo\/image\/\"},\"sameAs\":[\"https:\/\/www.facebook.com\/LapaInteriorDesign\",\"https:\/\/x.com\/lapainterior\",\"https:\/\/www.instagram.com\/lapainteriordesign\/\",\"https:\/\/www.linkedin.com\/in\/lapa-interior-design-376823206\/\"]}]}<\/script>\n<!-- \/ Yoast SEO plugin. -->","yoast_head_json":{"title":"Poltrona Viena - lapainteriordesign.com","description":"Cadeir\u00e3o Viena \u2013 cadeira estofada artesanal com forma curva elegante e conforto refinado, perfeita para interiores cl\u00e1ssicos. Produzido em Portugal.","robots":{"index":"index","follow":"follow","max-snippet":"max-snippet:-1","max-image-preview":"max-image-preview:large","max-video-preview":"max-video-preview:-1"},"canonical":"https:\/\/lapainteriordesign.com\/pt-pt\/product\/poltrona-viena\/","og_locale":"pt_PT","og_type":"article","og_title":"Viena Armchair","og_description":"Viena Armchair, a handcrafted upholstered chair with elegant curved form and refined comfort. Made in Portugal for classic interiors.","og_url":"https:\/\/lapainteriordesign.com\/pt-pt\/product\/poltrona-viena\/","og_site_name":"lapainteriordesign.com","article_publisher":"https:\/\/www.facebook.com\/LapaInteriorDesign","article_modified_time":"2025-10-26T15:52:41+00:00","og_image":[{"width":1000,"height":1000,"url":"https:\/\/lapainteriordesign.com\/wp-content\/uploads\/2025\/08\/Lapa_Interior_Design-Viena-armchair-angle-AC3108.TC_5.jpg","type":"image\/jpeg"}],"twitter_card":"summary_large_image","twitter_title":"Vintage 1974 Throw","twitter_description":"Experience the ultimate in coziness with Mustard Vintage 1956 Throw. Crafted from 100% wool, it's a perfect blend of style and warmth.","twitter_image":"https:\/\/lapainteriordesign.com\/wp-content\/uploads\/2024\/11\/vintage-mos-23.39.png","twitter_site":"@lapainterior","twitter_misc":{"Tempo estimado de leitura":"2 minutos"},"schema":{"@context":"https:\/\/schema.org","@graph":[{"@type":"WebPage","@id":"https:\/\/lapainteriordesign.com\/pt-pt\/product\/poltrona-viena\/","url":"https:\/\/lapainteriordesign.com\/pt-pt\/product\/poltrona-viena\/","name":"Poltrona Viena - lapainteriordesign.com","isPartOf":{"@id":"https:\/\/lapainteriordesign.com\/#website"},"primaryImageOfPage":{"@id":"https:\/\/lapainteriordesign.com\/pt-pt\/product\/poltrona-viena\/#primaryimage"},"image":{"@id":"https:\/\/lapainteriordesign.com\/pt-pt\/product\/poltrona-viena\/#primaryimage"},"thumbnailUrl":"https:\/\/lapainteriordesign.com\/wp-content\/uploads\/2025\/08\/Lapa_Interior_Design-Viena-armchair-angle-AC3108.TC_5_1.jpg","datePublished":"2025-08-05T20:45:06+00:00","dateModified":"2025-10-26T15:52:41+00:00","description":"Cadeir\u00e3o Viena \u2013 cadeira estofada artesanal com forma curva elegante e conforto refinado, perfeita para interiores cl\u00e1ssicos. Produzido em Portugal.","breadcrumb":{"@id":"https:\/\/lapainteriordesign.com\/pt-pt\/product\/poltrona-viena\/#breadcrumb"},"inLanguage":"pt-PT","potentialAction":[{"@type":"ReadAction","target":["https:\/\/lapainteriordesign.com\/pt-pt\/product\/poltrona-viena\/"]}]},{"@type":"ImageObject","inLanguage":"pt-PT","@id":"https:\/\/lapainteriordesign.com\/pt-pt\/product\/poltrona-viena\/#primaryimage","url":"https:\/\/lapainteriordesign.com\/wp-content\/uploads\/2025\/08\/Lapa_Interior_Design-Viena-armchair-angle-AC3108.TC_5_1.jpg","contentUrl":"https:\/\/lapainteriordesign.com\/wp-content\/uploads\/2025\/08\/Lapa_Interior_Design-Viena-armchair-angle-AC3108.TC_5_1.jpg","width":1000,"height":1000,"caption":"Viena Armchair by Lapa Interior Design \u2013 upholstered chair with curved back and wooden legs"},{"@type":"BreadcrumbList","@id":"https:\/\/lapainteriordesign.com\/pt-pt\/product\/poltrona-viena\/#breadcrumb","itemListElement":[{"@type":"ListItem","position":1,"name":"Home","item":"https:\/\/lapainteriordesign.com\/pt-pt\/"},{"@type":"ListItem","position":2,"name":"Products","item":"https:\/\/lapainteriordesign.com\/products\/"},{"@type":"ListItem","position":3,"name":"Poltrona Viena"}]},{"@type":"WebSite","@id":"https:\/\/lapainteriordesign.com\/#website","url":"https:\/\/lapainteriordesign.com\/","name":"lapainteriordesign.com","description":"Luxury Interior Design","publisher":{"@id":"https:\/\/lapainteriordesign.com\/#organization"},"potentialAction":[{"@type":"SearchAction","target":{"@type":"EntryPoint","urlTemplate":"https:\/\/lapainteriordesign.com\/?s={search_term_string}"},"query-input":{"@type":"PropertyValueSpecification","valueRequired":true,"valueName":"search_term_string"}}],"inLanguage":"pt-PT"},{"@type":"Organization","@id":"https:\/\/lapainteriordesign.com\/#organization","name":"Lapa Interior Design","url":"https:\/\/lapainteriordesign.com\/","logo":{"@type":"ImageObject","inLanguage":"pt-PT","@id":"https:\/\/lapainteriordesign.com\/#\/schema\/logo\/image\/","url":"https:\/\/lapainteriordesign.com\/wp-content\/uploads\/2026\/02\/cropped-Design-sem-nome-2026-02-04T094114.020.jpg","contentUrl":"https:\/\/lapainteriordesign.com\/wp-content\/uploads\/2026\/02\/cropped-Design-sem-nome-2026-02-04T094114.020.jpg","width":512,"height":512,"caption":"Lapa Interior Design"},"image":{"@id":"https:\/\/lapainteriordesign.com\/#\/schema\/logo\/image\/"},"sameAs":["https:\/\/www.facebook.com\/LapaInteriorDesign","https:\/\/x.com\/lapainterior","https:\/\/www.instagram.com\/lapainteriordesign\/","https:\/\/www.linkedin.com\/in\/lapa-interior-design-376823206\/"]}]}},"_links":{"self":[{"href":"https:\/\/lapainteriordesign.com\/pt-pt\/wp-json\/wp\/v2\/product\/16170","targetHints":{"allow":["GET"]}}],"collection":[{"href":"https:\/\/lapainteriordesign.com\/pt-pt\/wp-json\/wp\/v2\/product"}],"about":[{"href":"https:\/\/lapainteriordesign.com\/pt-pt\/wp-json\/wp\/v2\/types\/product"}],"version-history":[{"count":0,"href":"https:\/\/lapainteriordesign.com\/pt-pt\/wp-json\/wp\/v2\/product\/16170\/revisions"}],"wp:featuredmedia":[{"embeddable":true,"href":"https:\/\/lapainteriordesign.com\/pt-pt\/wp-json\/wp\/v2\/media\/16164"}],"wp:attachment":[{"href":"https:\/\/lapainteriordesign.com\/pt-pt\/wp-json\/wp\/v2\/media?parent=16170"}],"wp:term":[{"taxonomy":"product_brand","embeddable":true,"href":"https:\/\/lapainteriordesign.com\/pt-pt\/wp-json\/wp\/v2\/product_brand?post=16170"},{"taxonomy":"product_cat","embeddable":true,"href":"https:\/\/lapainteriordesign.com\/pt-pt\/wp-json\/wp\/v2\/product_cat?post=16170"},{"taxonomy":"product_tag","embeddable":true,"href":"https:\/\/lapainteriordesign.com\/pt-pt\/wp-json\/wp\/v2\/product_tag?post=16170"}],"curies":[{"name":"wp","href":"https:\/\/api.w.org\/{rel}","templated":true}]}}