{"id":15973,"date":"2025-10-18T16:09:42","date_gmt":"2025-10-18T16:09:42","guid":{"rendered":"https:\/\/lapainteriordesign.com\/product\/mediterranean-blue-xl-candle\/"},"modified":"2025-10-26T12:55:15","modified_gmt":"2025-10-26T12:55:15","slug":"vela-mediterranean-blue-xl","status":"publish","type":"product","link":"https:\/\/lapainteriordesign.com\/pt-pt\/product\/vela-mediterranean-blue-xl\/","title":{"rendered":"Vela Mediterranean Blue XL"},"content":{"rendered":"<article class=\"text-token-text-primary w-full focus:outline-none [--shadow-height:45px] has-data-writing-block:pointer-events-none has-data-writing-block:-mt-(--shadow-height) has-data-writing-block:pt-(--shadow-height) [&amp;:has([data-writing-block])&gt;*]:pointer-events-auto scroll-mt-[calc(var(--header-height)+min(200px,max(70px,20svh)))]\" dir=\"auto\" tabindex=\"-1\" data-turn-id=\"request-68fa09f7-0c74-832a-9780-d04a2aefeeca-27\" data-testid=\"conversation-turn-276\" data-scroll-anchor=\"true\" data-turn=\"assistant\">\n<div class=\"text-base my-auto mx-auto pb-10 [--thread-content-margin:--spacing(4)] thread-sm:[--thread-content-margin:--spacing(6)] thread-lg:[--thread-content-margin:--spacing(16)] px-(--thread-content-margin)\">\n<div class=\"[--thread-content-max-width:40rem] thread-lg:[--thread-content-max-width:48rem] mx-auto max-w-(--thread-content-max-width) flex-1 group\/turn-messages focus-visible:outline-hidden relative flex w-full min-w-0 flex-col agent-turn\" tabindex=\"-1\">\n<div class=\"flex max-w-full flex-col grow\">\n<div class=\"min-h-8 text-message relative flex w-full flex-col items-end gap-2 text-start break-words whitespace-normal [.text-message+&amp;]:mt-1\" dir=\"auto\" data-message-author-role=\"assistant\" data-message-id=\"a9937fe7-882e-4118-9145-dfe5740064c5\" data-message-model-slug=\"gpt-5\">\n<div class=\"flex w-full flex-col gap-1 empty:hidden first:pt-[1px]\">\n<div class=\"markdown prose dark:prose-invert w-full break-words light markdown-new-styling\">\n<h4 data-start=\"0\" data-end=\"70\"><strong data-start=\"0\" data-end=\"68\">Vela Mediterranean Blue XL \u2013 Uma Majestosa Experi\u00eancia Sensorial<\/strong><\/h4>\n<p data-start=\"72\" data-end=\"540\">Desde o momento em que acendes a <em data-start=\"105\" data-end=\"133\">vela Mediterranean Blue XL<\/em>, \u00e9s transportado para um para\u00edso costeiro. Esta vela n\u00e3o s\u00f3 preenche o teu espa\u00e7o com uma atmosfera refrescante, como tamb\u00e9m transmite uma sensa\u00e7\u00e3o de serenidade. Gra\u00e7as \u00e0 sua combina\u00e7\u00e3o requintada de notas florais vibrantes e subtis toques frutados, evoca a tranquilidade do Mar Mediterr\u00e2neo. Tal como uma brisa suave num dia ensolarado, traz renova\u00e7\u00e3o, relaxamento e eleg\u00e2ncia pura a qualquer ambiente.<\/p>\n<h4 data-start=\"542\" data-end=\"583\"><strong data-start=\"546\" data-end=\"581\">Uma Experi\u00eancia Sensorial \u00danica<\/strong><\/h4>\n<p data-start=\"585\" data-end=\"1122\">Mais do que um simples elemento decorativo, a <em data-start=\"631\" data-end=\"659\">vela Mediterranean Blue XL<\/em> transforma a tua casa num ref\u00fagio de paz. \u00c0 medida que a fragr\u00e2ncia se revela, envolve o espa\u00e7o com uma sensa\u00e7\u00e3o calmante, permitindo-te relaxar completamente. Al\u00e9m disso, cada inspira\u00e7\u00e3o relembra a beleza da natureza e a magia do mar. O seu aroma suave permanece no ar, criando uma atmosfera de conforto e bem-estar. Seja no quarto, na sala ou na casa de banho, esta vela n\u00e3o s\u00f3 melhora o ambiente, como tamb\u00e9m perfuma o espa\u00e7o com uma fragr\u00e2ncia encantadora.<\/p>\n<h4 data-start=\"1124\" data-end=\"1174\"><strong data-start=\"1128\" data-end=\"1172\">Sustentabilidade e Artesanato Consciente<\/strong><\/h4>\n<p data-start=\"1176\" data-end=\"1436\">No cora\u00e7\u00e3o da nossa marca est\u00e1 o compromisso com a sustentabilidade. Por isso, selecionamos cuidadosamente cada ingrediente, garantindo qualidade e responsabilidade ambiental. As nossas velas s\u00e3o produzidas com materiais de excel\u00eancia e m\u00e9todos sustent\u00e1veis:<\/p>\n<p data-start=\"1438\" data-end=\"1700\">\u2714 <strong data-start=\"1440\" data-end=\"1464\">Cera vegetal de soja<\/strong> \u2013 proporciona uma queima limpa, duradoura e livre de toxinas.<br data-start=\"1526\" data-end=\"1529\" \/>\u2714 <strong data-start=\"1531\" data-end=\"1564\">Fragr\u00e2ncias de origem natural<\/strong> \u2013 criam um aroma aut\u00eantico, puro e relaxante.<br data-start=\"1610\" data-end=\"1613\" \/>\u2714 <strong data-start=\"1615\" data-end=\"1645\">Pavio 100% algod\u00e3o natural<\/strong> \u2013 totalmente isento de chumbo e aditivos sint\u00e9ticos.<\/p>\n<p data-start=\"1702\" data-end=\"2031\">Al\u00e9m disso, o nosso compromisso com o planeta vai al\u00e9m do produto. Utilizamos <strong data-start=\"1780\" data-end=\"1857\">embalagens recicl\u00e1veis certificadas pelo FSC (Forest Stewardship Council)<\/strong>, provenientes de florestas geridas de forma respons\u00e1vel. Assim, ao escolher esta vela, est\u00e1s a apoiar pr\u00e1ticas sustent\u00e1veis e a contribuir para um futuro mais equilibrado.<\/p>\n<h4 data-start=\"2033\" data-end=\"2081\"><strong data-start=\"2037\" data-end=\"2079\">Design Intemporal para Qualquer Espa\u00e7o<\/strong><\/h4>\n<p data-start=\"2083\" data-end=\"2389\">Acreditamos que a beleza e a funcionalidade devem andar lado a lado. Por isso, cri\u00e1mos a <em data-start=\"2172\" data-end=\"2200\">vela Mediterranean Blue XL<\/em> para se integrar harmoniosamente em qualquer estilo de decora\u00e7\u00e3o. Seja moderna ou cl\u00e1ssica, a sua <strong data-start=\"2299\" data-end=\"2326\">ta\u00e7a em vidro cor creme<\/strong> acrescenta um toque de sofistica\u00e7\u00e3o e aconchego ao ambiente.<\/p>\n<p data-start=\"2391\" data-end=\"2491\"><strong data-start=\"2391\" data-end=\"2411\">Tempo de queima:<\/strong> 80 horas<br data-start=\"2420\" data-end=\"2423\" \/><strong data-start=\"2423\" data-end=\"2432\">Peso:<\/strong> 600 g<br data-start=\"2438\" data-end=\"2441\" \/><strong data-start=\"2441\" data-end=\"2452\">Pavios:<\/strong> 4, para uma luz constante e uniforme<\/p>\n<h4 data-start=\"2493\" data-end=\"2535\"><strong data-start=\"2497\" data-end=\"2533\">Um Toque de Luxo para a Tua Casa<\/strong><\/h4>\n<p data-start=\"2537\" data-end=\"2721\">A <em data-start=\"2539\" data-end=\"2567\">vela Mediterranean Blue XL<\/em> \u00e9 mais do que uma fragr\u00e2ncia \u2014 \u00e9 uma experi\u00eancia. Acende-a, respira profundamente e deixa-te envolver pela ess\u00eancia revigorante da costa mediterr\u00e2nica.<\/p>\n<\/div>\n<\/div>\n<\/div>\n<\/div>\n<\/div>\n<\/div>\n<\/article>\n","protected":false},"excerpt":{"rendered":"<p>Vela arom\u00e1tica Mediterranean Blue XL de 600 g, com 4 pavios, que combina notas florais e frutadas para criar um ambiente luminoso e acolhedor. Dura\u00e7\u00e3o at\u00e9 80 horas. Fabricada com cera de soja vegetal, fragr\u00e2ncias naturais e pavios de algod\u00e3o 100% natural. Embalagem recicl\u00e1vel certificada FSC. Copo de vidro cor creme. Notas olfativas: framboesa e baunilha de Madag\u00e1scar.<\/p>\n","protected":false},"featured_media":15961,"template":"","meta":{"_joinchat":{"telephone":"+351910131778","message_text":"Questions about this piece?"}},"product_brand":[],"product_cat":[869,873],"product_tag":[1237,1226,1227,1234,1236,1230,1228,816,1229,1224,1235,1180,1179,1192,1233,1232,1231,1177,1182,1225],"class_list":{"0":"post-15973","1":"product","2":"type-product","3":"status-publish","4":"has-post-thumbnail","6":"product_cat-acessorios","7":"product_cat-velas","8":"product_tag-ambiente-relaxante","9":"product_tag-aroma-mediterraneo","10":"product_tag-decoracao-elegante","11":"product_tag-design-intemporal","12":"product_tag-experiencia-sensorial","13":"product_tag-fragrancia-floral-e-frutada","14":"product_tag-iluminacao-ambiente","15":"product_tag-lapa-interior-design","16":"product_tag-luxo-sustentavel","17":"product_tag-mediterranean-blue","18":"product_tag-presente-sofisticado","19":"product_tag-vela-artesanal","20":"product_tag-vela-de-soja","21":"product_tag-vela-decorativa","22":"product_tag-vela-para-casa","23":"product_tag-vela-para-quarto","24":"product_tag-vela-para-sala","25":"product_tag-vela-perfumada","26":"product_tag-vela-sustentavel","27":"product_tag-vela-xl","29":"first","30":"instock","31":"taxable","32":"shipping-taxable","33":"purchasable","34":"product-type-simple"},"yoast_head":"<!-- This site is optimized with the Yoast SEO plugin v26.7 - https:\/\/yoast.com\/wordpress\/plugins\/seo\/ -->\n<title>Vela Mediterranean Blue XL - lapainteriordesign.com<\/title>\n<meta name=\"description\" content=\"Descobre a vela Mediterranean Blue XL, uma fragr\u00e2ncia inspirada na costa mediterr\u00e2nica. Cera de soja natural, 4 pavios e aroma refrescante.\" \/>\n<meta name=\"robots\" content=\"index, follow, max-snippet:-1, max-image-preview:large, max-video-preview:-1\" \/>\n<link rel=\"canonical\" href=\"https:\/\/lapainteriordesign.com\/pt-pt\/product\/vela-mediterranean-blue-xl\/\" \/>\n<meta property=\"og:locale\" content=\"pt_PT\" \/>\n<meta property=\"og:type\" content=\"article\" \/>\n<meta property=\"og:title\" content=\"Mediterranean blue XL candle\" \/>\n<meta property=\"og:description\" content=\"Mediterranean blue XL candle \u2013 A luxurious 70g candle with floral, fruity notes. Burns for 20 hours, filling your space with elegance and freshness.\" \/>\n<meta property=\"og:url\" content=\"https:\/\/lapainteriordesign.com\/pt-pt\/product\/vela-mediterranean-blue-xl\/\" \/>\n<meta property=\"og:site_name\" content=\"lapainteriordesign.com\" \/>\n<meta property=\"article:publisher\" content=\"https:\/\/www.facebook.com\/LapaInteriorDesign\" \/>\n<meta property=\"article:modified_time\" content=\"2025-10-26T12:55:15+00:00\" \/>\n<meta property=\"og:image\" content=\"https:\/\/lapainteriordesign.com\/wp-content\/uploads\/2025\/10\/Lapa-interior-design_-Medeterranean-blu-xl-candle_-cererais-molla.jpg\" \/>\n\t<meta property=\"og:image:width\" content=\"1200\" \/>\n\t<meta property=\"og:image:height\" content=\"1200\" \/>\n\t<meta property=\"og:image:type\" content=\"image\/jpeg\" \/>\n<meta name=\"twitter:card\" content=\"summary_large_image\" \/>\n<meta name=\"twitter:title\" content=\"Vintage 1974 Throw\" \/>\n<meta name=\"twitter:description\" content=\"Experience the ultimate in coziness with Mustard Vintage 1956 Throw. Crafted from 100% wool, it&#039;s a perfect blend of style and warmth.\" \/>\n<meta name=\"twitter:image\" content=\"https:\/\/lapainteriordesign.com\/wp-content\/uploads\/2024\/11\/vintage-mos-23.39.png\" \/>\n<meta name=\"twitter:site\" content=\"@lapainterior\" \/>\n<meta name=\"twitter:label1\" content=\"Tempo estimado de leitura\" \/>\n\t<meta name=\"twitter:data1\" content=\"2 minutos\" \/>\n<script type=\"application\/ld+json\" class=\"yoast-schema-graph\">{\"@context\":\"https:\/\/schema.org\",\"@graph\":[{\"@type\":\"WebPage\",\"@id\":\"https:\/\/lapainteriordesign.com\/pt-pt\/product\/vela-mediterranean-blue-xl\/\",\"url\":\"https:\/\/lapainteriordesign.com\/pt-pt\/product\/vela-mediterranean-blue-xl\/\",\"name\":\"Vela Mediterranean Blue XL - lapainteriordesign.com\",\"isPartOf\":{\"@id\":\"https:\/\/lapainteriordesign.com\/#website\"},\"primaryImageOfPage\":{\"@id\":\"https:\/\/lapainteriordesign.com\/pt-pt\/product\/vela-mediterranean-blue-xl\/#primaryimage\"},\"image\":{\"@id\":\"https:\/\/lapainteriordesign.com\/pt-pt\/product\/vela-mediterranean-blue-xl\/#primaryimage\"},\"thumbnailUrl\":\"https:\/\/lapainteriordesign.com\/wp-content\/uploads\/2025\/10\/Medeterranean-blue-XL-candle-6643-Lapa-Interior-Design.jpg\",\"datePublished\":\"2025-10-18T16:09:42+00:00\",\"dateModified\":\"2025-10-26T12:55:15+00:00\",\"description\":\"Descobre a vela Mediterranean Blue XL, uma fragr\u00e2ncia inspirada na costa mediterr\u00e2nica. Cera de soja natural, 4 pavios e aroma refrescante.\",\"breadcrumb\":{\"@id\":\"https:\/\/lapainteriordesign.com\/pt-pt\/product\/vela-mediterranean-blue-xl\/#breadcrumb\"},\"inLanguage\":\"pt-PT\",\"potentialAction\":[{\"@type\":\"ReadAction\",\"target\":[\"https:\/\/lapainteriordesign.com\/pt-pt\/product\/vela-mediterranean-blue-xl\/\"]}]},{\"@type\":\"ImageObject\",\"inLanguage\":\"pt-PT\",\"@id\":\"https:\/\/lapainteriordesign.com\/pt-pt\/product\/vela-mediterranean-blue-xl\/#primaryimage\",\"url\":\"https:\/\/lapainteriordesign.com\/wp-content\/uploads\/2025\/10\/Medeterranean-blue-XL-candle-6643-Lapa-Interior-Design.jpg\",\"contentUrl\":\"https:\/\/lapainteriordesign.com\/wp-content\/uploads\/2025\/10\/Medeterranean-blue-XL-candle-6643-Lapa-Interior-Design.jpg\",\"width\":1000,\"height\":1000,\"caption\":\"Medeterranean blue XL candle 6643-Lapa-Interior-Design.\"},{\"@type\":\"BreadcrumbList\",\"@id\":\"https:\/\/lapainteriordesign.com\/pt-pt\/product\/vela-mediterranean-blue-xl\/#breadcrumb\",\"itemListElement\":[{\"@type\":\"ListItem\",\"position\":1,\"name\":\"Home\",\"item\":\"https:\/\/lapainteriordesign.com\/pt-pt\/\"},{\"@type\":\"ListItem\",\"position\":2,\"name\":\"Products\",\"item\":\"https:\/\/lapainteriordesign.com\/products\/\"},{\"@type\":\"ListItem\",\"position\":3,\"name\":\"Vela Mediterranean Blue XL\"}]},{\"@type\":\"WebSite\",\"@id\":\"https:\/\/lapainteriordesign.com\/#website\",\"url\":\"https:\/\/lapainteriordesign.com\/\",\"name\":\"lapainteriordesign.com\",\"description\":\"Luxury Interior Design\",\"publisher\":{\"@id\":\"https:\/\/lapainteriordesign.com\/#organization\"},\"potentialAction\":[{\"@type\":\"SearchAction\",\"target\":{\"@type\":\"EntryPoint\",\"urlTemplate\":\"https:\/\/lapainteriordesign.com\/?s={search_term_string}\"},\"query-input\":{\"@type\":\"PropertyValueSpecification\",\"valueRequired\":true,\"valueName\":\"search_term_string\"}}],\"inLanguage\":\"pt-PT\"},{\"@type\":\"Organization\",\"@id\":\"https:\/\/lapainteriordesign.com\/#organization\",\"name\":\"Lapa Interior Design\",\"url\":\"https:\/\/lapainteriordesign.com\/\",\"logo\":{\"@type\":\"ImageObject\",\"inLanguage\":\"pt-PT\",\"@id\":\"https:\/\/lapainteriordesign.com\/#\/schema\/logo\/image\/\",\"url\":\"https:\/\/lapainteriordesign.com\/wp-content\/uploads\/2026\/02\/cropped-Design-sem-nome-2026-02-04T094114.020.jpg\",\"contentUrl\":\"https:\/\/lapainteriordesign.com\/wp-content\/uploads\/2026\/02\/cropped-Design-sem-nome-2026-02-04T094114.020.jpg\",\"width\":512,\"height\":512,\"caption\":\"Lapa Interior Design\"},\"image\":{\"@id\":\"https:\/\/lapainteriordesign.com\/#\/schema\/logo\/image\/\"},\"sameAs\":[\"https:\/\/www.facebook.com\/LapaInteriorDesign\",\"https:\/\/x.com\/lapainterior\",\"https:\/\/www.instagram.com\/lapainteriordesign\/\",\"https:\/\/www.linkedin.com\/in\/lapa-interior-design-376823206\/\"]}]}<\/script>\n<!-- \/ Yoast SEO plugin. -->","yoast_head_json":{"title":"Vela Mediterranean Blue XL - lapainteriordesign.com","description":"Descobre a vela Mediterranean Blue XL, uma fragr\u00e2ncia inspirada na costa mediterr\u00e2nica. Cera de soja natural, 4 pavios e aroma refrescante.","robots":{"index":"index","follow":"follow","max-snippet":"max-snippet:-1","max-image-preview":"max-image-preview:large","max-video-preview":"max-video-preview:-1"},"canonical":"https:\/\/lapainteriordesign.com\/pt-pt\/product\/vela-mediterranean-blue-xl\/","og_locale":"pt_PT","og_type":"article","og_title":"Mediterranean blue XL candle","og_description":"Mediterranean blue XL candle \u2013 A luxurious 70g candle with floral, fruity notes. Burns for 20 hours, filling your space with elegance and freshness.","og_url":"https:\/\/lapainteriordesign.com\/pt-pt\/product\/vela-mediterranean-blue-xl\/","og_site_name":"lapainteriordesign.com","article_publisher":"https:\/\/www.facebook.com\/LapaInteriorDesign","article_modified_time":"2025-10-26T12:55:15+00:00","og_image":[{"width":1200,"height":1200,"url":"https:\/\/lapainteriordesign.com\/wp-content\/uploads\/2025\/10\/Lapa-interior-design_-Medeterranean-blu-xl-candle_-cererais-molla.jpg","type":"image\/jpeg"}],"twitter_card":"summary_large_image","twitter_title":"Vintage 1974 Throw","twitter_description":"Experience the ultimate in coziness with Mustard Vintage 1956 Throw. Crafted from 100% wool, it's a perfect blend of style and warmth.","twitter_image":"https:\/\/lapainteriordesign.com\/wp-content\/uploads\/2024\/11\/vintage-mos-23.39.png","twitter_site":"@lapainterior","twitter_misc":{"Tempo estimado de leitura":"2 minutos"},"schema":{"@context":"https:\/\/schema.org","@graph":[{"@type":"WebPage","@id":"https:\/\/lapainteriordesign.com\/pt-pt\/product\/vela-mediterranean-blue-xl\/","url":"https:\/\/lapainteriordesign.com\/pt-pt\/product\/vela-mediterranean-blue-xl\/","name":"Vela Mediterranean Blue XL - lapainteriordesign.com","isPartOf":{"@id":"https:\/\/lapainteriordesign.com\/#website"},"primaryImageOfPage":{"@id":"https:\/\/lapainteriordesign.com\/pt-pt\/product\/vela-mediterranean-blue-xl\/#primaryimage"},"image":{"@id":"https:\/\/lapainteriordesign.com\/pt-pt\/product\/vela-mediterranean-blue-xl\/#primaryimage"},"thumbnailUrl":"https:\/\/lapainteriordesign.com\/wp-content\/uploads\/2025\/10\/Medeterranean-blue-XL-candle-6643-Lapa-Interior-Design.jpg","datePublished":"2025-10-18T16:09:42+00:00","dateModified":"2025-10-26T12:55:15+00:00","description":"Descobre a vela Mediterranean Blue XL, uma fragr\u00e2ncia inspirada na costa mediterr\u00e2nica. Cera de soja natural, 4 pavios e aroma refrescante.","breadcrumb":{"@id":"https:\/\/lapainteriordesign.com\/pt-pt\/product\/vela-mediterranean-blue-xl\/#breadcrumb"},"inLanguage":"pt-PT","potentialAction":[{"@type":"ReadAction","target":["https:\/\/lapainteriordesign.com\/pt-pt\/product\/vela-mediterranean-blue-xl\/"]}]},{"@type":"ImageObject","inLanguage":"pt-PT","@id":"https:\/\/lapainteriordesign.com\/pt-pt\/product\/vela-mediterranean-blue-xl\/#primaryimage","url":"https:\/\/lapainteriordesign.com\/wp-content\/uploads\/2025\/10\/Medeterranean-blue-XL-candle-6643-Lapa-Interior-Design.jpg","contentUrl":"https:\/\/lapainteriordesign.com\/wp-content\/uploads\/2025\/10\/Medeterranean-blue-XL-candle-6643-Lapa-Interior-Design.jpg","width":1000,"height":1000,"caption":"Medeterranean blue XL candle 6643-Lapa-Interior-Design."},{"@type":"BreadcrumbList","@id":"https:\/\/lapainteriordesign.com\/pt-pt\/product\/vela-mediterranean-blue-xl\/#breadcrumb","itemListElement":[{"@type":"ListItem","position":1,"name":"Home","item":"https:\/\/lapainteriordesign.com\/pt-pt\/"},{"@type":"ListItem","position":2,"name":"Products","item":"https:\/\/lapainteriordesign.com\/products\/"},{"@type":"ListItem","position":3,"name":"Vela Mediterranean Blue XL"}]},{"@type":"WebSite","@id":"https:\/\/lapainteriordesign.com\/#website","url":"https:\/\/lapainteriordesign.com\/","name":"lapainteriordesign.com","description":"Luxury Interior Design","publisher":{"@id":"https:\/\/lapainteriordesign.com\/#organization"},"potentialAction":[{"@type":"SearchAction","target":{"@type":"EntryPoint","urlTemplate":"https:\/\/lapainteriordesign.com\/?s={search_term_string}"},"query-input":{"@type":"PropertyValueSpecification","valueRequired":true,"valueName":"search_term_string"}}],"inLanguage":"pt-PT"},{"@type":"Organization","@id":"https:\/\/lapainteriordesign.com\/#organization","name":"Lapa Interior Design","url":"https:\/\/lapainteriordesign.com\/","logo":{"@type":"ImageObject","inLanguage":"pt-PT","@id":"https:\/\/lapainteriordesign.com\/#\/schema\/logo\/image\/","url":"https:\/\/lapainteriordesign.com\/wp-content\/uploads\/2026\/02\/cropped-Design-sem-nome-2026-02-04T094114.020.jpg","contentUrl":"https:\/\/lapainteriordesign.com\/wp-content\/uploads\/2026\/02\/cropped-Design-sem-nome-2026-02-04T094114.020.jpg","width":512,"height":512,"caption":"Lapa Interior Design"},"image":{"@id":"https:\/\/lapainteriordesign.com\/#\/schema\/logo\/image\/"},"sameAs":["https:\/\/www.facebook.com\/LapaInteriorDesign","https:\/\/x.com\/lapainterior","https:\/\/www.instagram.com\/lapainteriordesign\/","https:\/\/www.linkedin.com\/in\/lapa-interior-design-376823206\/"]}]}},"_links":{"self":[{"href":"https:\/\/lapainteriordesign.com\/pt-pt\/wp-json\/wp\/v2\/product\/15973","targetHints":{"allow":["GET"]}}],"collection":[{"href":"https:\/\/lapainteriordesign.com\/pt-pt\/wp-json\/wp\/v2\/product"}],"about":[{"href":"https:\/\/lapainteriordesign.com\/pt-pt\/wp-json\/wp\/v2\/types\/product"}],"version-history":[{"count":0,"href":"https:\/\/lapainteriordesign.com\/pt-pt\/wp-json\/wp\/v2\/product\/15973\/revisions"}],"wp:featuredmedia":[{"embeddable":true,"href":"https:\/\/lapainteriordesign.com\/pt-pt\/wp-json\/wp\/v2\/media\/15961"}],"wp:attachment":[{"href":"https:\/\/lapainteriordesign.com\/pt-pt\/wp-json\/wp\/v2\/media?parent=15973"}],"wp:term":[{"taxonomy":"product_brand","embeddable":true,"href":"https:\/\/lapainteriordesign.com\/pt-pt\/wp-json\/wp\/v2\/product_brand?post=15973"},{"taxonomy":"product_cat","embeddable":true,"href":"https:\/\/lapainteriordesign.com\/pt-pt\/wp-json\/wp\/v2\/product_cat?post=15973"},{"taxonomy":"product_tag","embeddable":true,"href":"https:\/\/lapainteriordesign.com\/pt-pt\/wp-json\/wp\/v2\/product_tag?post=15973"}],"curies":[{"name":"wp","href":"https:\/\/api.w.org\/{rel}","templated":true}]}}