{"id":25318,"date":"2026-01-18T10:59:36","date_gmt":"2026-01-18T10:59:36","guid":{"rendered":"https:\/\/lapainteriordesign.com\/product\/darwin-sofa-with-chaise-longue\/"},"modified":"2026-01-18T13:00:08","modified_gmt":"2026-01-18T13:00:08","slug":"canape-darwin-avec-chaise-longue","status":"publish","type":"product","link":"https:\/\/lapainteriordesign.com\/fr\/product\/canape-darwin-avec-chaise-longue\/","title":{"rendered":"Canap\u00e9 Darwin avec Chaise Longue"},"content":{"rendered":"<h5 data-start=\"8007\" data-end=\"8052\">Design Intemporel et Confort Prolong\u00e9<\/h5>\n<p data-start=\"8053\" data-end=\"8266\">Le <strong data-start=\"8056\" data-end=\"8092\">Canap\u00e9 Darwin avec Chaise Longue<\/strong> est con\u00e7u pour les espaces modernes. Ses lignes \u00e9pur\u00e9es cr\u00e9ent un \u00e9quilibre visuel. En parall\u00e8le, la chaise longue prolonge le confort. Ainsi, le canap\u00e9 invite \u00e0 la d\u00e9tente.<\/p>\n<h5 data-start=\"8268\" data-end=\"8307\">Confort et D\u00e9tails Fonctionnels<\/h5>\n<p data-start=\"8308\" data-end=\"8556\">Le confort est au c\u0153ur de ce canap\u00e9. Les coussins d\u2019assise offrent un soutien agr\u00e9able. De plus, il comprend <strong data-start=\"8417\" data-end=\"8459\">trois coussins lombaires de 60 \u00d7 30 cm<\/strong>, am\u00e9liorant le confort et l\u2019harmonie visuelle. Par cons\u00e9quent, l\u2019assise est id\u00e9ale au quotidien.<\/p>\n<h5 data-start=\"8558\" data-end=\"8588\">Polyvalence D\u00e9corative<\/h5>\n<p data-start=\"8589\" data-end=\"8865\">Gr\u00e2ce \u00e0 son design discret, le Canap\u00e9 Darwin s\u2019adapte \u00e0 diff\u00e9rents styles. Il convient aux salons contemporains. Toutefois, il compl\u00e8te aussi des int\u00e9rieurs plus classiques. D\u00e9couvrez la <a class=\"decorated-link cursor-pointer\" target=\"_new\" rel=\"noopener\" data-start=\"8795\" data-end=\"8864\">collection Lapa Interior Design<\/a>.<\/p>\n<h5 data-start=\"8867\" data-end=\"8891\">Un Choix Durable<\/h5>\n<p data-start=\"8892\" data-end=\"9109\">Fabriqu\u00e9 au Portugal, le <strong data-start=\"8917\" data-end=\"8953\">Canap\u00e9 Darwin avec Chaise Longue<\/strong> refl\u00e8te qualit\u00e9 et durabilit\u00e9. Son design reste actuel dans le temps. Plus d\u2019informations sur <a class=\"decorated-link cursor-pointer\" target=\"_new\" rel=\"noopener\" data-start=\"9048\" data-end=\"9108\">Portuguese design heritage<\/a>.<\/p>\n<h5 data-start=\"9111\" data-end=\"9158\">Dimensions et Sp\u00e9cifications Techniques<\/h5>\n<p data-start=\"9159\" data-end=\"9342\">\u2022 Canap\u00e9 3 places avec chaise longue : <strong data-start=\"9198\" data-end=\"9219\">325 \u00d7 180 \u00d7 80 cm<\/strong><br data-start=\"9219\" data-end=\"9222\" \/>\u2022 Canap\u00e9 moyen avec chaise longue : <strong data-start=\"9258\" data-end=\"9279\">295 \u00d7 180 \u00d7 80 cm<\/strong><br data-start=\"9279\" data-end=\"9282\" \/>\u2022 Canap\u00e9 2 places avec chaise longue : <strong data-start=\"9321\" data-end=\"9342\">265 \u00d7 180 \u00d7 80 cm<\/strong><\/p>\n","protected":false},"excerpt":{"rendered":"<p>Le Canap\u00e9 Darwin avec Chaise Longue associe confort g\u00e9n\u00e9reux et design \u00e9l\u00e9gant. Il inclut trois coussins lombaires et existe en plusieurs dimensions. Fabriqu\u00e9 au Portugal, il s\u2019adapte aux int\u00e9rieurs contemporains et classiques, offrant une solution durable et fonctionnelle.<\/p>\n<p>&nbsp;<\/p>\n","protected":false},"featured_media":25311,"template":"","meta":{"_joinchat":{"telephone":"+351910131778","message_text":"Hello! Need any info or help with this item?"}},"product_brand":[],"product_cat":[2393,2394,4646],"product_tag":[6552,6551,6207,4701,4582,816,6526],"class_list":{"0":"post-25318","1":"product","2":"type-product","3":"status-publish","4":"has-post-thumbnail","6":"product_cat-furniture","7":"product_cat-seating","8":"product_cat-sofas","9":"product_tag-canape-chaise-longue","10":"product_tag-canape-darwin-avec-chaise-longue","11":"product_tag-canape-moderne","12":"product_tag-canape-tapisse","13":"product_tag-fabrique-au-portugal","14":"product_tag-lapa-interior-design","15":"product_tag-salon","17":"first","18":"instock","19":"taxable","20":"shipping-taxable","21":"purchasable","22":"product-type-variable"},"yoast_head":"<!-- This site is optimized with the Yoast SEO plugin v26.7 - https:\/\/yoast.com\/wordpress\/plugins\/seo\/ -->\n<title>Canap\u00e9 Darwin avec Chaise Longue - lapainteriordesign.com<\/title>\n<meta name=\"description\" content=\"Le Canap\u00e9 Darwin avec Chaise Longue offre confort \u00e9tendu et design intemporel. Inclut coussins lombaires et dimensions vari\u00e9es.\" \/>\n<meta name=\"robots\" content=\"index, follow, max-snippet:-1, max-image-preview:large, max-video-preview:-1\" \/>\n<link rel=\"canonical\" href=\"https:\/\/lapainteriordesign.com\/fr\/product\/canape-darwin-avec-chaise-longue\/\" \/>\n<meta property=\"og:locale\" content=\"fr_FR\" \/>\n<meta property=\"og:type\" content=\"article\" \/>\n<meta property=\"og:title\" content=\"Florence sofa\" \/>\n<meta property=\"og:description\" content=\"Florence Sofa by Lapa Interior Design \u2013 A romantic, velvety sofa with carved marine leaf details. Handcrafted in Portugal for classic elegant interiors.\" \/>\n<meta property=\"og:url\" content=\"https:\/\/lapainteriordesign.com\/fr\/product\/canape-darwin-avec-chaise-longue\/\" \/>\n<meta property=\"og:site_name\" content=\"lapainteriordesign.com\" \/>\n<meta property=\"article:publisher\" content=\"https:\/\/www.facebook.com\/LapaInteriorDesign\" \/>\n<meta property=\"article:modified_time\" content=\"2026-01-18T13:00:08+00:00\" \/>\n<meta property=\"og:image\" content=\"https:\/\/lapainteriordesign.com\/wp-content\/uploads\/2025\/08\/Lapa_Interior_Design_3167_1_florence_sofa_1.jpg\" \/>\n\t<meta property=\"og:image:width\" content=\"1000\" \/>\n\t<meta property=\"og:image:height\" content=\"1000\" \/>\n\t<meta property=\"og:image:type\" content=\"image\/jpeg\" \/>\n<meta name=\"twitter:card\" content=\"summary_large_image\" \/>\n<meta name=\"twitter:title\" content=\"Vintage 1974 Throw\" \/>\n<meta name=\"twitter:description\" content=\"Experience the ultimate in coziness with Mustard Vintage 1956 Throw. Crafted from 100% wool, it&#039;s a perfect blend of style and warmth.\" \/>\n<meta name=\"twitter:image\" content=\"https:\/\/lapainteriordesign.com\/wp-content\/uploads\/2024\/11\/vintage-mos-23.39.png\" \/>\n<meta name=\"twitter:site\" content=\"@lapainterior\" \/>\n<meta name=\"twitter:label1\" content=\"Dur\u00e9e de lecture estim\u00e9e\" \/>\n\t<meta name=\"twitter:data1\" content=\"1 minute\" \/>\n<script type=\"application\/ld+json\" class=\"yoast-schema-graph\">{\"@context\":\"https:\/\/schema.org\",\"@graph\":[{\"@type\":\"WebPage\",\"@id\":\"https:\/\/lapainteriordesign.com\/fr\/product\/canape-darwin-avec-chaise-longue\/\",\"url\":\"https:\/\/lapainteriordesign.com\/fr\/product\/canape-darwin-avec-chaise-longue\/\",\"name\":\"Canap\u00e9 Darwin avec Chaise Longue - lapainteriordesign.com\",\"isPartOf\":{\"@id\":\"https:\/\/lapainteriordesign.com\/#website\"},\"primaryImageOfPage\":{\"@id\":\"https:\/\/lapainteriordesign.com\/fr\/product\/canape-darwin-avec-chaise-longue\/#primaryimage\"},\"image\":{\"@id\":\"https:\/\/lapainteriordesign.com\/fr\/product\/canape-darwin-avec-chaise-longue\/#primaryimage\"},\"thumbnailUrl\":\"https:\/\/lapainteriordesign.com\/wp-content\/uploads\/2026\/01\/Lapa_Interior_Design_Sofa_Darwin_19_com-_chaise_longue.jpg\",\"datePublished\":\"2026-01-18T10:59:36+00:00\",\"dateModified\":\"2026-01-18T13:00:08+00:00\",\"description\":\"Le Canap\u00e9 Darwin avec Chaise Longue offre confort \u00e9tendu et design intemporel. Inclut coussins lombaires et dimensions vari\u00e9es.\",\"breadcrumb\":{\"@id\":\"https:\/\/lapainteriordesign.com\/fr\/product\/canape-darwin-avec-chaise-longue\/#breadcrumb\"},\"inLanguage\":\"fr-FR\",\"potentialAction\":[{\"@type\":\"ReadAction\",\"target\":[\"https:\/\/lapainteriordesign.com\/fr\/product\/canape-darwin-avec-chaise-longue\/\"]}]},{\"@type\":\"ImageObject\",\"inLanguage\":\"fr-FR\",\"@id\":\"https:\/\/lapainteriordesign.com\/fr\/product\/canape-darwin-avec-chaise-longue\/#primaryimage\",\"url\":\"https:\/\/lapainteriordesign.com\/wp-content\/uploads\/2026\/01\/Lapa_Interior_Design_Sofa_Darwin_19_com-_chaise_longue.jpg\",\"contentUrl\":\"https:\/\/lapainteriordesign.com\/wp-content\/uploads\/2026\/01\/Lapa_Interior_Design_Sofa_Darwin_19_com-_chaise_longue.jpg\",\"width\":1000,\"height\":1000,\"caption\":\"Lapa_Interior_Design_Sofa_Darwin_19_com-_chaise_longue.jpg\"},{\"@type\":\"BreadcrumbList\",\"@id\":\"https:\/\/lapainteriordesign.com\/fr\/product\/canape-darwin-avec-chaise-longue\/#breadcrumb\",\"itemListElement\":[{\"@type\":\"ListItem\",\"position\":1,\"name\":\"Home\",\"item\":\"https:\/\/lapainteriordesign.com\/fr\/\"},{\"@type\":\"ListItem\",\"position\":2,\"name\":\"Products\",\"item\":\"https:\/\/lapainteriordesign.com\/products\/\"},{\"@type\":\"ListItem\",\"position\":3,\"name\":\"Canap\u00e9 Darwin avec Chaise Longue\"}]},{\"@type\":\"WebSite\",\"@id\":\"https:\/\/lapainteriordesign.com\/#website\",\"url\":\"https:\/\/lapainteriordesign.com\/\",\"name\":\"lapainteriordesign.com\",\"description\":\"Luxury Interior Design\",\"publisher\":{\"@id\":\"https:\/\/lapainteriordesign.com\/#organization\"},\"potentialAction\":[{\"@type\":\"SearchAction\",\"target\":{\"@type\":\"EntryPoint\",\"urlTemplate\":\"https:\/\/lapainteriordesign.com\/?s={search_term_string}\"},\"query-input\":{\"@type\":\"PropertyValueSpecification\",\"valueRequired\":true,\"valueName\":\"search_term_string\"}}],\"inLanguage\":\"fr-FR\"},{\"@type\":\"Organization\",\"@id\":\"https:\/\/lapainteriordesign.com\/#organization\",\"name\":\"Lapa Interior Design\",\"url\":\"https:\/\/lapainteriordesign.com\/\",\"logo\":{\"@type\":\"ImageObject\",\"inLanguage\":\"fr-FR\",\"@id\":\"https:\/\/lapainteriordesign.com\/#\/schema\/logo\/image\/\",\"url\":\"https:\/\/lapainteriordesign.com\/wp-content\/uploads\/2026\/02\/cropped-Design-sem-nome-2026-02-04T094114.020.jpg\",\"contentUrl\":\"https:\/\/lapainteriordesign.com\/wp-content\/uploads\/2026\/02\/cropped-Design-sem-nome-2026-02-04T094114.020.jpg\",\"width\":512,\"height\":512,\"caption\":\"Lapa Interior Design\"},\"image\":{\"@id\":\"https:\/\/lapainteriordesign.com\/#\/schema\/logo\/image\/\"},\"sameAs\":[\"https:\/\/www.facebook.com\/LapaInteriorDesign\",\"https:\/\/x.com\/lapainterior\",\"https:\/\/www.instagram.com\/lapainteriordesign\/\",\"https:\/\/www.linkedin.com\/in\/lapa-interior-design-376823206\/\"]}]}<\/script>\n<!-- \/ Yoast SEO plugin. -->","yoast_head_json":{"title":"Canap\u00e9 Darwin avec Chaise Longue - lapainteriordesign.com","description":"Le Canap\u00e9 Darwin avec Chaise Longue offre confort \u00e9tendu et design intemporel. Inclut coussins lombaires et dimensions vari\u00e9es.","robots":{"index":"index","follow":"follow","max-snippet":"max-snippet:-1","max-image-preview":"max-image-preview:large","max-video-preview":"max-video-preview:-1"},"canonical":"https:\/\/lapainteriordesign.com\/fr\/product\/canape-darwin-avec-chaise-longue\/","og_locale":"fr_FR","og_type":"article","og_title":"Florence sofa","og_description":"Florence Sofa by Lapa Interior Design \u2013 A romantic, velvety sofa with carved marine leaf details. Handcrafted in Portugal for classic elegant interiors.","og_url":"https:\/\/lapainteriordesign.com\/fr\/product\/canape-darwin-avec-chaise-longue\/","og_site_name":"lapainteriordesign.com","article_publisher":"https:\/\/www.facebook.com\/LapaInteriorDesign","article_modified_time":"2026-01-18T13:00:08+00:00","og_image":[{"width":1000,"height":1000,"url":"https:\/\/lapainteriordesign.com\/wp-content\/uploads\/2025\/08\/Lapa_Interior_Design_3167_1_florence_sofa_1.jpg","type":"image\/jpeg"}],"twitter_card":"summary_large_image","twitter_title":"Vintage 1974 Throw","twitter_description":"Experience the ultimate in coziness with Mustard Vintage 1956 Throw. Crafted from 100% wool, it's a perfect blend of style and warmth.","twitter_image":"https:\/\/lapainteriordesign.com\/wp-content\/uploads\/2024\/11\/vintage-mos-23.39.png","twitter_site":"@lapainterior","twitter_misc":{"Dur\u00e9e de lecture estim\u00e9e":"1 minute"},"schema":{"@context":"https:\/\/schema.org","@graph":[{"@type":"WebPage","@id":"https:\/\/lapainteriordesign.com\/fr\/product\/canape-darwin-avec-chaise-longue\/","url":"https:\/\/lapainteriordesign.com\/fr\/product\/canape-darwin-avec-chaise-longue\/","name":"Canap\u00e9 Darwin avec Chaise Longue - lapainteriordesign.com","isPartOf":{"@id":"https:\/\/lapainteriordesign.com\/#website"},"primaryImageOfPage":{"@id":"https:\/\/lapainteriordesign.com\/fr\/product\/canape-darwin-avec-chaise-longue\/#primaryimage"},"image":{"@id":"https:\/\/lapainteriordesign.com\/fr\/product\/canape-darwin-avec-chaise-longue\/#primaryimage"},"thumbnailUrl":"https:\/\/lapainteriordesign.com\/wp-content\/uploads\/2026\/01\/Lapa_Interior_Design_Sofa_Darwin_19_com-_chaise_longue.jpg","datePublished":"2026-01-18T10:59:36+00:00","dateModified":"2026-01-18T13:00:08+00:00","description":"Le Canap\u00e9 Darwin avec Chaise Longue offre confort \u00e9tendu et design intemporel. Inclut coussins lombaires et dimensions vari\u00e9es.","breadcrumb":{"@id":"https:\/\/lapainteriordesign.com\/fr\/product\/canape-darwin-avec-chaise-longue\/#breadcrumb"},"inLanguage":"fr-FR","potentialAction":[{"@type":"ReadAction","target":["https:\/\/lapainteriordesign.com\/fr\/product\/canape-darwin-avec-chaise-longue\/"]}]},{"@type":"ImageObject","inLanguage":"fr-FR","@id":"https:\/\/lapainteriordesign.com\/fr\/product\/canape-darwin-avec-chaise-longue\/#primaryimage","url":"https:\/\/lapainteriordesign.com\/wp-content\/uploads\/2026\/01\/Lapa_Interior_Design_Sofa_Darwin_19_com-_chaise_longue.jpg","contentUrl":"https:\/\/lapainteriordesign.com\/wp-content\/uploads\/2026\/01\/Lapa_Interior_Design_Sofa_Darwin_19_com-_chaise_longue.jpg","width":1000,"height":1000,"caption":"Lapa_Interior_Design_Sofa_Darwin_19_com-_chaise_longue.jpg"},{"@type":"BreadcrumbList","@id":"https:\/\/lapainteriordesign.com\/fr\/product\/canape-darwin-avec-chaise-longue\/#breadcrumb","itemListElement":[{"@type":"ListItem","position":1,"name":"Home","item":"https:\/\/lapainteriordesign.com\/fr\/"},{"@type":"ListItem","position":2,"name":"Products","item":"https:\/\/lapainteriordesign.com\/products\/"},{"@type":"ListItem","position":3,"name":"Canap\u00e9 Darwin avec Chaise Longue"}]},{"@type":"WebSite","@id":"https:\/\/lapainteriordesign.com\/#website","url":"https:\/\/lapainteriordesign.com\/","name":"lapainteriordesign.com","description":"Luxury Interior Design","publisher":{"@id":"https:\/\/lapainteriordesign.com\/#organization"},"potentialAction":[{"@type":"SearchAction","target":{"@type":"EntryPoint","urlTemplate":"https:\/\/lapainteriordesign.com\/?s={search_term_string}"},"query-input":{"@type":"PropertyValueSpecification","valueRequired":true,"valueName":"search_term_string"}}],"inLanguage":"fr-FR"},{"@type":"Organization","@id":"https:\/\/lapainteriordesign.com\/#organization","name":"Lapa Interior Design","url":"https:\/\/lapainteriordesign.com\/","logo":{"@type":"ImageObject","inLanguage":"fr-FR","@id":"https:\/\/lapainteriordesign.com\/#\/schema\/logo\/image\/","url":"https:\/\/lapainteriordesign.com\/wp-content\/uploads\/2026\/02\/cropped-Design-sem-nome-2026-02-04T094114.020.jpg","contentUrl":"https:\/\/lapainteriordesign.com\/wp-content\/uploads\/2026\/02\/cropped-Design-sem-nome-2026-02-04T094114.020.jpg","width":512,"height":512,"caption":"Lapa Interior Design"},"image":{"@id":"https:\/\/lapainteriordesign.com\/#\/schema\/logo\/image\/"},"sameAs":["https:\/\/www.facebook.com\/LapaInteriorDesign","https:\/\/x.com\/lapainterior","https:\/\/www.instagram.com\/lapainteriordesign\/","https:\/\/www.linkedin.com\/in\/lapa-interior-design-376823206\/"]}]}},"_links":{"self":[{"href":"https:\/\/lapainteriordesign.com\/fr\/wp-json\/wp\/v2\/product\/25318","targetHints":{"allow":["GET"]}}],"collection":[{"href":"https:\/\/lapainteriordesign.com\/fr\/wp-json\/wp\/v2\/product"}],"about":[{"href":"https:\/\/lapainteriordesign.com\/fr\/wp-json\/wp\/v2\/types\/product"}],"version-history":[{"count":0,"href":"https:\/\/lapainteriordesign.com\/fr\/wp-json\/wp\/v2\/product\/25318\/revisions"}],"wp:featuredmedia":[{"embeddable":true,"href":"https:\/\/lapainteriordesign.com\/fr\/wp-json\/wp\/v2\/media\/25311"}],"wp:attachment":[{"href":"https:\/\/lapainteriordesign.com\/fr\/wp-json\/wp\/v2\/media?parent=25318"}],"wp:term":[{"taxonomy":"product_brand","embeddable":true,"href":"https:\/\/lapainteriordesign.com\/fr\/wp-json\/wp\/v2\/product_brand?post=25318"},{"taxonomy":"product_cat","embeddable":true,"href":"https:\/\/lapainteriordesign.com\/fr\/wp-json\/wp\/v2\/product_cat?post=25318"},{"taxonomy":"product_tag","embeddable":true,"href":"https:\/\/lapainteriordesign.com\/fr\/wp-json\/wp\/v2\/product_tag?post=25318"}],"curies":[{"name":"wp","href":"https:\/\/api.w.org\/{rel}","templated":true}]}}