{"id":24835,"date":"2023-04-03T14:32:02","date_gmt":"2023-04-03T14:32:02","guid":{"rendered":"https:\/\/lapainteriordesign.com\/product\/niemeyer-ii-airmchair-2\/"},"modified":"2026-01-04T20:16:56","modified_gmt":"2026-01-04T20:16:56","slug":"niemeyer-armchair","status":"publish","type":"product","link":"https:\/\/lapainteriordesign.com\/fr\/product\/niemeyer-armchair\/","title":{"rendered":"Niemeyer Armchair"},"content":{"rendered":"<p data-start=\"156\" data-end=\"558\">The <strong data-start=\"160\" data-end=\"181\">Niemeyer Armchair<\/strong> is an iconic piece of contemporary design that pays tribute to the renowned Brazilian architect Oscar Niemeyer. Inspired by the Casa das Canoas, designed in 1951, the armchair captures the essence of Niemeyer\u2019s fluid and curving lines. Combining comfort with sculptural aesthetics, the <strong data-start=\"468\" data-end=\"489\">Niemeyer Armchair<\/strong> is perfect for sophisticated interiors and luxury design projects.<\/p>\n<h5 data-start=\"3741\" data-end=\"3784\">Inspiration et design architectural<\/h5>\n<p data-start=\"3785\" data-end=\"4084\">Le <strong data-start=\"3788\" data-end=\"3809\">Fauteuil Niemeyer<\/strong> s\u2019inspire des lignes fluides et des courbes de la Casa das Canoas, con\u00e7ue en 1951 par Oscar Niemeyer. L\u2019assise ronde et le dossier incurv\u00e9 refl\u00e8tent mouvement et \u00e9l\u00e9gance architecturale, tandis que le bloc de granit int\u00e9gr\u00e9 symbolise l\u2019harmonie entre architecture et nature.<\/p>\n<h5 data-start=\"4086\" data-end=\"4114\">Confort et artisanat<\/h5>\n<p data-start=\"4115\" data-end=\"4382\">Chaque d\u00e9tail est soigneusement r\u00e9alis\u00e9. Les coutures mettent en valeur les contours des accoudoirs et le contraste entre la base en ch\u00eane fonc\u00e9 et le tissu March Ref. 1 cr\u00e9e un effet \u00e9l\u00e9gant et intemporel. Ce fauteuil allie esth\u00e9tique sculpturale et confort optimal.<\/p>\n<h5 data-start=\"4384\" data-end=\"4419\">Polyvalence et associations<\/h5>\n<p data-start=\"4420\" data-end=\"4763\">Id\u00e9al pour maisons modernes, chalets et h\u00f4tels de luxe, le <strong data-start=\"4479\" data-end=\"4500\">Fauteuil Niemeyer<\/strong> se marie parfaitement avec les tables d\u2019appoint Aim ou les lampes Tura 2. Pour plus d\u2019inspiration, consultez notre <a class=\"decorated-link cursor-pointer\" target=\"_new\" rel=\"noopener\" data-start=\"4616\" data-end=\"4684\">blog tendances int\u00e9rieurs<\/a> ou <a class=\"decorated-link\" href=\"https:\/\/www.archdaily.com\" target=\"_new\" rel=\"noopener\" data-start=\"4688\" data-end=\"4726\">ArchDaily<\/a> pour des r\u00e9f\u00e9rences internationales.<\/p>\n<h5 data-start=\"4765\" data-end=\"4797\">Prix et personnalisation<\/h5>\n<p data-start=\"4798\" data-end=\"5003\">Laur\u00e9at du <strong data-start=\"4809\" data-end=\"4840\">Gold Design Award 2021-2022<\/strong> cat\u00e9gorie mobilier, ce fauteuil allie innovation, art et fonctionnalit\u00e9. Tailles et finitions personnalis\u00e9es disponibles sur demande, rendant chaque pi\u00e8ce unique.<\/p>\n<p data-start=\"5010\" data-end=\"5162\"><strong data-start=\"5010\" data-end=\"5039\">Sp\u00e9cifications techniques<\/strong><br data-start=\"5039\" data-end=\"5042\" \/>\u2022 Structure : Ch\u00eane fonc\u00e9<br data-start=\"5067\" data-end=\"5070\" \/>\u2022 Tissu : March Ref. 1<br data-start=\"5092\" data-end=\"5095\" \/>\u2022 Personnalisation : Tailles et finitions disponibles sur demande<\/p>\n<p>&nbsp;<\/p>\n","protected":false},"excerpt":{"rendered":"<p data-start=\"3359\" data-end=\"3734\">Le <strong data-start=\"3362\" data-end=\"3383\">Fauteuil Niemeyer<\/strong> rend hommage \u00e0 l\u2019architecte br\u00e9silien Oscar Niemeyer. Inspir\u00e9 de la Casa das Canoas, il combine lignes sculpturales et confort exceptionnel. Parfait pour maisons modernes, h\u00f4tels de luxe et projets commerciaux exclusifs, ce fauteuil se distingue par son artisanat, son \u00e9l\u00e9gance intemporelle et sa polyvalence. Personnalisable en tailles et finitions.<\/p>\n<p>Awards: Gold Design Award Winner for Furniture Design at the A\u2019Design Award Competition 2021-2022.<\/p>\n","protected":false},"featured_media":24827,"template":"","meta":{"_joinchat":{"telephone":"+351910131778","message_text":"Questions about this piece?"}},"product_brand":[],"product_cat":[4369,2393],"product_tag":[6398,6404,4620,6402,6337,6403,816,5323,1111,6405],"class_list":{"0":"post-24835","1":"product","2":"type-product","3":"status-publish","4":"has-post-thumbnail","6":"product_cat-fauteuils","7":"product_cat-meubles","8":"product_tag-casa-das-canoas","9":"product_tag-decoration-design","10":"product_tag-design-contemporain","11":"product_tag-fauteuil","12":"product_tag-fauteuil-niemeyer","13":"product_tag-interieurs-sophistiques","14":"product_tag-lapa-interior-design","15":"product_tag-mobilier-de-luxe","16":"product_tag-oscar-niemeyer","17":"product_tag-prix-gold-design","19":"first","20":"onbackorder","21":"featured","22":"taxable","23":"shipping-taxable","24":"purchasable","25":"product-type-simple"},"yoast_head":"<!-- This site is optimized with the Yoast SEO plugin v26.7 - https:\/\/yoast.com\/wordpress\/plugins\/seo\/ -->\n<title>Niemeyer Armchair - lapainteriordesign.com<\/title>\n<meta name=\"description\" content=\"Fauteuil Niemeyer design contemporain inspir\u00e9 d\u2019Oscar Niemeyer. \u00c9l\u00e9gant, confortable et sculptural, id\u00e9al pour int\u00e9rieurs sophistiqu\u00e9s et h\u00f4tels de luxe.\" \/>\n<meta name=\"robots\" content=\"index, follow, max-snippet:-1, max-image-preview:large, max-video-preview:-1\" \/>\n<link rel=\"canonical\" href=\"https:\/\/lapainteriordesign.com\/fr\/product\/niemeyer-armchair\/\" \/>\n<meta property=\"og:locale\" content=\"fr_FR\" \/>\n<meta property=\"og:type\" content=\"article\" \/>\n<meta property=\"og:title\" content=\"Niemeyer Armchair - lapainteriordesign.com\" \/>\n<meta property=\"og:description\" content=\"Fauteuil Niemeyer design contemporain inspir\u00e9 d\u2019Oscar Niemeyer. \u00c9l\u00e9gant, confortable et sculptural, id\u00e9al pour int\u00e9rieurs sophistiqu\u00e9s et h\u00f4tels de luxe.\" \/>\n<meta property=\"og:url\" content=\"https:\/\/lapainteriordesign.com\/fr\/product\/niemeyer-armchair\/\" \/>\n<meta property=\"og:site_name\" content=\"lapainteriordesign.com\" \/>\n<meta property=\"article:publisher\" content=\"https:\/\/www.facebook.com\/LapaInteriorDesign\" \/>\n<meta property=\"article:modified_time\" content=\"2026-01-04T20:16:56+00:00\" \/>\n<meta property=\"og:image\" content=\"https:\/\/lapainteriordesign.com\/wp-content\/uploads\/2023\/04\/Niemeyer-II-armchair-march-01-dark-oak-01-InsidherLand-lapa-1700x957-1.jpg\" \/>\n\t<meta property=\"og:image:width\" content=\"1000\" \/>\n\t<meta property=\"og:image:height\" content=\"1000\" \/>\n\t<meta property=\"og:image:type\" content=\"image\/jpeg\" \/>\n<meta name=\"twitter:card\" content=\"summary_large_image\" \/>\n<meta name=\"twitter:site\" content=\"@lapainterior\" \/>\n<meta name=\"twitter:label1\" content=\"Dur\u00e9e de lecture estim\u00e9e\" \/>\n\t<meta name=\"twitter:data1\" content=\"2 minutes\" \/>\n<script type=\"application\/ld+json\" class=\"yoast-schema-graph\">{\"@context\":\"https:\/\/schema.org\",\"@graph\":[{\"@type\":\"WebPage\",\"@id\":\"https:\/\/lapainteriordesign.com\/fr\/product\/niemeyer-armchair\/\",\"url\":\"https:\/\/lapainteriordesign.com\/fr\/product\/niemeyer-armchair\/\",\"name\":\"Niemeyer Armchair - lapainteriordesign.com\",\"isPartOf\":{\"@id\":\"https:\/\/lapainteriordesign.com\/#website\"},\"primaryImageOfPage\":{\"@id\":\"https:\/\/lapainteriordesign.com\/fr\/product\/niemeyer-armchair\/#primaryimage\"},\"image\":{\"@id\":\"https:\/\/lapainteriordesign.com\/fr\/product\/niemeyer-armchair\/#primaryimage\"},\"thumbnailUrl\":\"https:\/\/lapainteriordesign.com\/wp-content\/uploads\/2023\/04\/Niemeyer-II-armchair-march-01-dark-oak-01-InsidherLand-lapa-1700x957-1.jpg\",\"datePublished\":\"2023-04-03T14:32:02+00:00\",\"dateModified\":\"2026-01-04T20:16:56+00:00\",\"description\":\"Fauteuil Niemeyer design contemporain inspir\u00e9 d\u2019Oscar Niemeyer. \u00c9l\u00e9gant, confortable et sculptural, id\u00e9al pour int\u00e9rieurs sophistiqu\u00e9s et h\u00f4tels de luxe.\",\"breadcrumb\":{\"@id\":\"https:\/\/lapainteriordesign.com\/fr\/product\/niemeyer-armchair\/#breadcrumb\"},\"inLanguage\":\"fr-FR\",\"potentialAction\":[{\"@type\":\"ReadAction\",\"target\":[\"https:\/\/lapainteriordesign.com\/fr\/product\/niemeyer-armchair\/\"]}]},{\"@type\":\"ImageObject\",\"inLanguage\":\"fr-FR\",\"@id\":\"https:\/\/lapainteriordesign.com\/fr\/product\/niemeyer-armchair\/#primaryimage\",\"url\":\"https:\/\/lapainteriordesign.com\/wp-content\/uploads\/2023\/04\/Niemeyer-II-armchair-march-01-dark-oak-01-InsidherLand-lapa-1700x957-1.jpg\",\"contentUrl\":\"https:\/\/lapainteriordesign.com\/wp-content\/uploads\/2023\/04\/Niemeyer-II-armchair-march-01-dark-oak-01-InsidherLand-lapa-1700x957-1.jpg\",\"width\":1000,\"height\":1000},{\"@type\":\"BreadcrumbList\",\"@id\":\"https:\/\/lapainteriordesign.com\/fr\/product\/niemeyer-armchair\/#breadcrumb\",\"itemListElement\":[{\"@type\":\"ListItem\",\"position\":1,\"name\":\"Home\",\"item\":\"https:\/\/lapainteriordesign.com\/fr\/\"},{\"@type\":\"ListItem\",\"position\":2,\"name\":\"Products\",\"item\":\"https:\/\/lapainteriordesign.com\/products\/\"},{\"@type\":\"ListItem\",\"position\":3,\"name\":\"Niemeyer Armchair\"}]},{\"@type\":\"WebSite\",\"@id\":\"https:\/\/lapainteriordesign.com\/#website\",\"url\":\"https:\/\/lapainteriordesign.com\/\",\"name\":\"lapainteriordesign.com\",\"description\":\"Luxury Interior Design\",\"publisher\":{\"@id\":\"https:\/\/lapainteriordesign.com\/#organization\"},\"potentialAction\":[{\"@type\":\"SearchAction\",\"target\":{\"@type\":\"EntryPoint\",\"urlTemplate\":\"https:\/\/lapainteriordesign.com\/?s={search_term_string}\"},\"query-input\":{\"@type\":\"PropertyValueSpecification\",\"valueRequired\":true,\"valueName\":\"search_term_string\"}}],\"inLanguage\":\"fr-FR\"},{\"@type\":\"Organization\",\"@id\":\"https:\/\/lapainteriordesign.com\/#organization\",\"name\":\"Lapa Interior Design\",\"url\":\"https:\/\/lapainteriordesign.com\/\",\"logo\":{\"@type\":\"ImageObject\",\"inLanguage\":\"fr-FR\",\"@id\":\"https:\/\/lapainteriordesign.com\/#\/schema\/logo\/image\/\",\"url\":\"https:\/\/lapainteriordesign.com\/wp-content\/uploads\/2026\/05\/cropped-Design-sem-nome-2026-05-06T092324.284.png\",\"contentUrl\":\"https:\/\/lapainteriordesign.com\/wp-content\/uploads\/2026\/05\/cropped-Design-sem-nome-2026-05-06T092324.284.png\",\"width\":512,\"height\":512,\"caption\":\"Lapa Interior Design\"},\"image\":{\"@id\":\"https:\/\/lapainteriordesign.com\/#\/schema\/logo\/image\/\"},\"sameAs\":[\"https:\/\/www.facebook.com\/LapaInteriorDesign\",\"https:\/\/x.com\/lapainterior\",\"https:\/\/www.instagram.com\/lapainteriordesign\/\",\"https:\/\/www.linkedin.com\/in\/lapa-interior-design-376823206\/\"]}]}<\/script>\n<!-- \/ Yoast SEO plugin. -->","yoast_head_json":{"title":"Niemeyer Armchair - lapainteriordesign.com","description":"Fauteuil Niemeyer design contemporain inspir\u00e9 d\u2019Oscar Niemeyer. \u00c9l\u00e9gant, confortable et sculptural, id\u00e9al pour int\u00e9rieurs sophistiqu\u00e9s et h\u00f4tels de luxe.","robots":{"index":"index","follow":"follow","max-snippet":"max-snippet:-1","max-image-preview":"max-image-preview:large","max-video-preview":"max-video-preview:-1"},"canonical":"https:\/\/lapainteriordesign.com\/fr\/product\/niemeyer-armchair\/","og_locale":"fr_FR","og_type":"article","og_title":"Niemeyer Armchair - lapainteriordesign.com","og_description":"Fauteuil Niemeyer design contemporain inspir\u00e9 d\u2019Oscar Niemeyer. \u00c9l\u00e9gant, confortable et sculptural, id\u00e9al pour int\u00e9rieurs sophistiqu\u00e9s et h\u00f4tels de luxe.","og_url":"https:\/\/lapainteriordesign.com\/fr\/product\/niemeyer-armchair\/","og_site_name":"lapainteriordesign.com","article_publisher":"https:\/\/www.facebook.com\/LapaInteriorDesign","article_modified_time":"2026-01-04T20:16:56+00:00","og_image":[{"width":1000,"height":1000,"url":"https:\/\/lapainteriordesign.com\/wp-content\/uploads\/2023\/04\/Niemeyer-II-armchair-march-01-dark-oak-01-InsidherLand-lapa-1700x957-1.jpg","type":"image\/jpeg"}],"twitter_card":"summary_large_image","twitter_site":"@lapainterior","twitter_misc":{"Dur\u00e9e de lecture estim\u00e9e":"2 minutes"},"schema":{"@context":"https:\/\/schema.org","@graph":[{"@type":"WebPage","@id":"https:\/\/lapainteriordesign.com\/fr\/product\/niemeyer-armchair\/","url":"https:\/\/lapainteriordesign.com\/fr\/product\/niemeyer-armchair\/","name":"Niemeyer Armchair - lapainteriordesign.com","isPartOf":{"@id":"https:\/\/lapainteriordesign.com\/#website"},"primaryImageOfPage":{"@id":"https:\/\/lapainteriordesign.com\/fr\/product\/niemeyer-armchair\/#primaryimage"},"image":{"@id":"https:\/\/lapainteriordesign.com\/fr\/product\/niemeyer-armchair\/#primaryimage"},"thumbnailUrl":"https:\/\/lapainteriordesign.com\/wp-content\/uploads\/2023\/04\/Niemeyer-II-armchair-march-01-dark-oak-01-InsidherLand-lapa-1700x957-1.jpg","datePublished":"2023-04-03T14:32:02+00:00","dateModified":"2026-01-04T20:16:56+00:00","description":"Fauteuil Niemeyer design contemporain inspir\u00e9 d\u2019Oscar Niemeyer. \u00c9l\u00e9gant, confortable et sculptural, id\u00e9al pour int\u00e9rieurs sophistiqu\u00e9s et h\u00f4tels de luxe.","breadcrumb":{"@id":"https:\/\/lapainteriordesign.com\/fr\/product\/niemeyer-armchair\/#breadcrumb"},"inLanguage":"fr-FR","potentialAction":[{"@type":"ReadAction","target":["https:\/\/lapainteriordesign.com\/fr\/product\/niemeyer-armchair\/"]}]},{"@type":"ImageObject","inLanguage":"fr-FR","@id":"https:\/\/lapainteriordesign.com\/fr\/product\/niemeyer-armchair\/#primaryimage","url":"https:\/\/lapainteriordesign.com\/wp-content\/uploads\/2023\/04\/Niemeyer-II-armchair-march-01-dark-oak-01-InsidherLand-lapa-1700x957-1.jpg","contentUrl":"https:\/\/lapainteriordesign.com\/wp-content\/uploads\/2023\/04\/Niemeyer-II-armchair-march-01-dark-oak-01-InsidherLand-lapa-1700x957-1.jpg","width":1000,"height":1000},{"@type":"BreadcrumbList","@id":"https:\/\/lapainteriordesign.com\/fr\/product\/niemeyer-armchair\/#breadcrumb","itemListElement":[{"@type":"ListItem","position":1,"name":"Home","item":"https:\/\/lapainteriordesign.com\/fr\/"},{"@type":"ListItem","position":2,"name":"Products","item":"https:\/\/lapainteriordesign.com\/products\/"},{"@type":"ListItem","position":3,"name":"Niemeyer Armchair"}]},{"@type":"WebSite","@id":"https:\/\/lapainteriordesign.com\/#website","url":"https:\/\/lapainteriordesign.com\/","name":"lapainteriordesign.com","description":"Luxury Interior Design","publisher":{"@id":"https:\/\/lapainteriordesign.com\/#organization"},"potentialAction":[{"@type":"SearchAction","target":{"@type":"EntryPoint","urlTemplate":"https:\/\/lapainteriordesign.com\/?s={search_term_string}"},"query-input":{"@type":"PropertyValueSpecification","valueRequired":true,"valueName":"search_term_string"}}],"inLanguage":"fr-FR"},{"@type":"Organization","@id":"https:\/\/lapainteriordesign.com\/#organization","name":"Lapa Interior Design","url":"https:\/\/lapainteriordesign.com\/","logo":{"@type":"ImageObject","inLanguage":"fr-FR","@id":"https:\/\/lapainteriordesign.com\/#\/schema\/logo\/image\/","url":"https:\/\/lapainteriordesign.com\/wp-content\/uploads\/2026\/05\/cropped-Design-sem-nome-2026-05-06T092324.284.png","contentUrl":"https:\/\/lapainteriordesign.com\/wp-content\/uploads\/2026\/05\/cropped-Design-sem-nome-2026-05-06T092324.284.png","width":512,"height":512,"caption":"Lapa Interior Design"},"image":{"@id":"https:\/\/lapainteriordesign.com\/#\/schema\/logo\/image\/"},"sameAs":["https:\/\/www.facebook.com\/LapaInteriorDesign","https:\/\/x.com\/lapainterior","https:\/\/www.instagram.com\/lapainteriordesign\/","https:\/\/www.linkedin.com\/in\/lapa-interior-design-376823206\/"]}]}},"_links":{"self":[{"href":"https:\/\/lapainteriordesign.com\/fr\/wp-json\/wp\/v2\/product\/24835","targetHints":{"allow":["GET"]}}],"collection":[{"href":"https:\/\/lapainteriordesign.com\/fr\/wp-json\/wp\/v2\/product"}],"about":[{"href":"https:\/\/lapainteriordesign.com\/fr\/wp-json\/wp\/v2\/types\/product"}],"version-history":[{"count":0,"href":"https:\/\/lapainteriordesign.com\/fr\/wp-json\/wp\/v2\/product\/24835\/revisions"}],"wp:featuredmedia":[{"embeddable":true,"href":"https:\/\/lapainteriordesign.com\/fr\/wp-json\/wp\/v2\/media\/24827"}],"wp:attachment":[{"href":"https:\/\/lapainteriordesign.com\/fr\/wp-json\/wp\/v2\/media?parent=24835"}],"wp:term":[{"taxonomy":"product_brand","embeddable":true,"href":"https:\/\/lapainteriordesign.com\/fr\/wp-json\/wp\/v2\/product_brand?post=24835"},{"taxonomy":"product_cat","embeddable":true,"href":"https:\/\/lapainteriordesign.com\/fr\/wp-json\/wp\/v2\/product_cat?post=24835"},{"taxonomy":"product_tag","embeddable":true,"href":"https:\/\/lapainteriordesign.com\/fr\/wp-json\/wp\/v2\/product_tag?post=24835"}],"curies":[{"name":"wp","href":"https:\/\/api.w.org\/{rel}","templated":true}]}}