{"id":24400,"date":"2023-05-07T11:19:29","date_gmt":"2023-05-07T11:19:29","guid":{"rendered":"https:\/\/lapainteriordesign.com\/product\/three-rocks-side-table\/"},"modified":"2026-01-04T18:13:43","modified_gmt":"2026-01-04T18:13:43","slug":"table-dappoint-three-rocks","status":"publish","type":"product","link":"https:\/\/lapainteriordesign.com\/fr\/product\/table-dappoint-three-rocks\/","title":{"rendered":"Table d\u2019appoint Three Rocks"},"content":{"rendered":"<h5 data-start=\"3733\" data-end=\"3771\">Design iconique et polyvalence<\/h5>\n<p data-start=\"3772\" data-end=\"4075\">La <strong data-start=\"3775\" data-end=\"3806\">Table d\u2019appoint Three Rocks<\/strong> est un symbole du mobilier de luxe contemporain. Sa pr\u00e9sence sculpturale et son \u00e9l\u00e9gance en font un \u00e9l\u00e9ment central pour int\u00e9rieurs modernes, restaurants haut de gamme ou h\u00f4tels de luxe. Sa polyvalence permet de l\u2019int\u00e9grer facilement dans diff\u00e9rents styles d\u00e9coratifs.<\/p>\n<h5 data-start=\"4077\" data-end=\"4121\">Mat\u00e9riaux et finitions haut de gamme<\/h5>\n<p data-start=\"4122\" data-end=\"4391\">La structure en bois associe marqueterie en bois d\u2019\u0153il-de-perroquet fum\u00e9, palissandre, \u00e9b\u00e8ne et olivier, finition vernis brillant. De plus, la bordure en verre bronze renforce l\u2019\u00e9l\u00e9gance et apporte profondeur et sophistication visuelle, mettant en valeur chaque espace.<\/p>\n<h5 data-start=\"4393\" data-end=\"4433\">Personnalisation et adaptabilit\u00e9<\/h5>\n<p data-start=\"4434\" data-end=\"4815\">La <strong data-start=\"4437\" data-end=\"4468\">Table d\u2019appoint Three Rocks<\/strong> offre des options de personnalisation vari\u00e9es : mat\u00e9riaux, finitions et dimensions. Chaque pi\u00e8ce peut \u00eatre adapt\u00e9e \u00e0 des concepts de design sp\u00e9cifiques, cr\u00e9ant une table unique et intemporelle. Pour plus d\u2019inspiration, consulte notre section <a class=\"decorated-link cursor-pointer\" target=\"_new\" rel=\"noopener\" data-start=\"4711\" data-end=\"4770\">tables d\u2019appoint<\/a> ou explore <a class=\"decorated-link cursor-pointer\" target=\"_new\" rel=\"noopener\" data-start=\"4782\" data-end=\"4814\">Dezeen<\/a>.<\/p>\n<h5 data-start=\"4817\" data-end=\"4860\">Une pi\u00e8ce iconique et fonctionnelle<\/h5>\n<p data-start=\"4861\" data-end=\"5075\">Sa pr\u00e9sence sculpturale et son caract\u00e8re exclusif font de cette table un incontournable des int\u00e9rieurs sophistiqu\u00e9s. Elle combine esth\u00e9tique, fonctionnalit\u00e9 et polyvalence, apportant luxe et \u00e9l\u00e9gance \u00e0 tout espace.<\/p>\n<p data-start=\"5082\" data-end=\"5341\"><strong data-start=\"5082\" data-end=\"5111\">Sp\u00e9cifications techniques<\/strong><br data-start=\"5111\" data-end=\"5114\" \/>\u2022 Structure : bois avec marqueterie en bois d\u2019\u0153il-de-perroquet fum\u00e9, palissandre, \u00e9b\u00e8ne et olivier<br data-start=\"5212\" data-end=\"5215\" \/>\u2022 Finition : vernis brillant<br data-start=\"5243\" data-end=\"5246\" \/>\u2022 D\u00e9tail : bordure en verre bronze<br data-start=\"5280\" data-end=\"5283\" \/>\u2022 Personnalisation : dimensions et finitions sur demande<\/p>\n","protected":false},"excerpt":{"rendered":"<p>La <strong data-start=\"3353\" data-end=\"3384\">Table d\u2019appoint Three Rocks<\/strong> incarne le design audacieux et raffin\u00e9 d\u2019InsidherLand. Sa structure en bois avec marqueterie exclusive allie \u00e9l\u00e9gance et sophistication. Disponible en trois tailles, elle s\u2019adapte \u00e0 tout int\u00e9rieur moderne ou luxueux. De plus, elle propose des personnalisations en mat\u00e9riaux, finitions et dimensions, cr\u00e9ant une pi\u00e8ce iconique et polyvalente.<\/p>\n","protected":false},"featured_media":24394,"template":"","meta":{"_joinchat":{"telephone":"+351910131778","message_text":"Questions about this piece?"}},"product_brand":[],"product_cat":[2393,4398],"product_tag":[816,6307,5323,5111,4635,5428],"class_list":{"0":"post-24400","1":"product","2":"type-product","3":"status-publish","4":"has-post-thumbnail","6":"product_cat-furniture","7":"product_cat-side-tables","8":"product_tag-lapa-interior-design","9":"product_tag-marqueterie","10":"product_tag-mobilier-de-luxe","11":"product_tag-table-contemporaine","12":"product_tag-table-dappoint","13":"product_tag-table-design","15":"first","16":"onbackorder","17":"taxable","18":"shipping-taxable","19":"purchasable","20":"product-type-simple"},"yoast_head":"<!-- This site is optimized with the Yoast SEO plugin v26.7 - https:\/\/yoast.com\/wordpress\/plugins\/seo\/ -->\n<title>Table d\u2019appoint Three Rocks - lapainteriordesign.com<\/title>\n<meta name=\"description\" content=\"Table d\u2019appoint Three Rocks en bois avec marqueterie de luxe. Design iconique, polyvalent et personnalisable pour int\u00e9rieurs modernes et raffin\u00e9s.\" \/>\n<meta name=\"robots\" content=\"index, follow, max-snippet:-1, max-image-preview:large, max-video-preview:-1\" \/>\n<link rel=\"canonical\" href=\"https:\/\/lapainteriordesign.com\/fr\/product\/table-dappoint-three-rocks\/\" \/>\n<meta property=\"og:locale\" content=\"fr_FR\" \/>\n<meta property=\"og:type\" content=\"article\" \/>\n<meta property=\"og:title\" content=\"Table d\u2019appoint Three Rocks - lapainteriordesign.com\" \/>\n<meta property=\"og:description\" content=\"Table d\u2019appoint Three Rocks en bois avec marqueterie de luxe. Design iconique, polyvalent et personnalisable pour int\u00e9rieurs modernes et raffin\u00e9s.\" \/>\n<meta property=\"og:url\" content=\"https:\/\/lapainteriordesign.com\/fr\/product\/table-dappoint-three-rocks\/\" \/>\n<meta property=\"og:site_name\" content=\"lapainteriordesign.com\" \/>\n<meta property=\"article:publisher\" content=\"https:\/\/www.facebook.com\/LapaInteriorDesign\" \/>\n<meta property=\"article:modified_time\" content=\"2026-01-04T18:13:43+00:00\" \/>\n<meta property=\"og:image\" content=\"https:\/\/lapainteriordesign.com\/wp-content\/uploads\/2023\/05\/Three-Rocks-tables-bronze-mirror-high-01-InsidherLand-lapa-1800x1012-1.jpg\" \/>\n\t<meta property=\"og:image:width\" content=\"1000\" \/>\n\t<meta property=\"og:image:height\" content=\"1000\" \/>\n\t<meta property=\"og:image:type\" content=\"image\/jpeg\" \/>\n<meta name=\"twitter:card\" content=\"summary_large_image\" \/>\n<meta name=\"twitter:site\" content=\"@lapainterior\" \/>\n<meta name=\"twitter:label1\" content=\"Dur\u00e9e de lecture estim\u00e9e\" \/>\n\t<meta name=\"twitter:data1\" content=\"2 minutes\" \/>\n<script type=\"application\/ld+json\" class=\"yoast-schema-graph\">{\"@context\":\"https:\/\/schema.org\",\"@graph\":[{\"@type\":\"WebPage\",\"@id\":\"https:\/\/lapainteriordesign.com\/fr\/product\/table-dappoint-three-rocks\/\",\"url\":\"https:\/\/lapainteriordesign.com\/fr\/product\/table-dappoint-three-rocks\/\",\"name\":\"Table d\u2019appoint Three Rocks - lapainteriordesign.com\",\"isPartOf\":{\"@id\":\"https:\/\/lapainteriordesign.com\/#website\"},\"primaryImageOfPage\":{\"@id\":\"https:\/\/lapainteriordesign.com\/fr\/product\/table-dappoint-three-rocks\/#primaryimage\"},\"image\":{\"@id\":\"https:\/\/lapainteriordesign.com\/fr\/product\/table-dappoint-three-rocks\/#primaryimage\"},\"thumbnailUrl\":\"https:\/\/lapainteriordesign.com\/wp-content\/uploads\/2023\/05\/Three-Rocks-tables-bronze-mirror-high-01-InsidherLand-lapa-1800x1012-1.jpg\",\"datePublished\":\"2023-05-07T11:19:29+00:00\",\"dateModified\":\"2026-01-04T18:13:43+00:00\",\"description\":\"Table d\u2019appoint Three Rocks en bois avec marqueterie de luxe. Design iconique, polyvalent et personnalisable pour int\u00e9rieurs modernes et raffin\u00e9s.\",\"breadcrumb\":{\"@id\":\"https:\/\/lapainteriordesign.com\/fr\/product\/table-dappoint-three-rocks\/#breadcrumb\"},\"inLanguage\":\"fr-FR\",\"potentialAction\":[{\"@type\":\"ReadAction\",\"target\":[\"https:\/\/lapainteriordesign.com\/fr\/product\/table-dappoint-three-rocks\/\"]}]},{\"@type\":\"ImageObject\",\"inLanguage\":\"fr-FR\",\"@id\":\"https:\/\/lapainteriordesign.com\/fr\/product\/table-dappoint-three-rocks\/#primaryimage\",\"url\":\"https:\/\/lapainteriordesign.com\/wp-content\/uploads\/2023\/05\/Three-Rocks-tables-bronze-mirror-high-01-InsidherLand-lapa-1800x1012-1.jpg\",\"contentUrl\":\"https:\/\/lapainteriordesign.com\/wp-content\/uploads\/2023\/05\/Three-Rocks-tables-bronze-mirror-high-01-InsidherLand-lapa-1800x1012-1.jpg\",\"width\":1000,\"height\":1000},{\"@type\":\"BreadcrumbList\",\"@id\":\"https:\/\/lapainteriordesign.com\/fr\/product\/table-dappoint-three-rocks\/#breadcrumb\",\"itemListElement\":[{\"@type\":\"ListItem\",\"position\":1,\"name\":\"Home\",\"item\":\"https:\/\/lapainteriordesign.com\/fr\/\"},{\"@type\":\"ListItem\",\"position\":2,\"name\":\"Products\",\"item\":\"https:\/\/lapainteriordesign.com\/products\/\"},{\"@type\":\"ListItem\",\"position\":3,\"name\":\"Table d\u2019appoint Three Rocks\"}]},{\"@type\":\"WebSite\",\"@id\":\"https:\/\/lapainteriordesign.com\/#website\",\"url\":\"https:\/\/lapainteriordesign.com\/\",\"name\":\"lapainteriordesign.com\",\"description\":\"Luxury Interior Design\",\"publisher\":{\"@id\":\"https:\/\/lapainteriordesign.com\/#organization\"},\"potentialAction\":[{\"@type\":\"SearchAction\",\"target\":{\"@type\":\"EntryPoint\",\"urlTemplate\":\"https:\/\/lapainteriordesign.com\/?s={search_term_string}\"},\"query-input\":{\"@type\":\"PropertyValueSpecification\",\"valueRequired\":true,\"valueName\":\"search_term_string\"}}],\"inLanguage\":\"fr-FR\"},{\"@type\":\"Organization\",\"@id\":\"https:\/\/lapainteriordesign.com\/#organization\",\"name\":\"Lapa Interior Design\",\"url\":\"https:\/\/lapainteriordesign.com\/\",\"logo\":{\"@type\":\"ImageObject\",\"inLanguage\":\"fr-FR\",\"@id\":\"https:\/\/lapainteriordesign.com\/#\/schema\/logo\/image\/\",\"url\":\"https:\/\/lapainteriordesign.com\/wp-content\/uploads\/2026\/02\/cropped-Design-sem-nome-2026-02-04T094114.020.jpg\",\"contentUrl\":\"https:\/\/lapainteriordesign.com\/wp-content\/uploads\/2026\/02\/cropped-Design-sem-nome-2026-02-04T094114.020.jpg\",\"width\":512,\"height\":512,\"caption\":\"Lapa Interior Design\"},\"image\":{\"@id\":\"https:\/\/lapainteriordesign.com\/#\/schema\/logo\/image\/\"},\"sameAs\":[\"https:\/\/www.facebook.com\/LapaInteriorDesign\",\"https:\/\/x.com\/lapainterior\",\"https:\/\/www.instagram.com\/lapainteriordesign\/\",\"https:\/\/www.linkedin.com\/in\/lapa-interior-design-376823206\/\"]}]}<\/script>\n<!-- \/ Yoast SEO plugin. -->","yoast_head_json":{"title":"Table d\u2019appoint Three Rocks - lapainteriordesign.com","description":"Table d\u2019appoint Three Rocks en bois avec marqueterie de luxe. Design iconique, polyvalent et personnalisable pour int\u00e9rieurs modernes et raffin\u00e9s.","robots":{"index":"index","follow":"follow","max-snippet":"max-snippet:-1","max-image-preview":"max-image-preview:large","max-video-preview":"max-video-preview:-1"},"canonical":"https:\/\/lapainteriordesign.com\/fr\/product\/table-dappoint-three-rocks\/","og_locale":"fr_FR","og_type":"article","og_title":"Table d\u2019appoint Three Rocks - lapainteriordesign.com","og_description":"Table d\u2019appoint Three Rocks en bois avec marqueterie de luxe. Design iconique, polyvalent et personnalisable pour int\u00e9rieurs modernes et raffin\u00e9s.","og_url":"https:\/\/lapainteriordesign.com\/fr\/product\/table-dappoint-three-rocks\/","og_site_name":"lapainteriordesign.com","article_publisher":"https:\/\/www.facebook.com\/LapaInteriorDesign","article_modified_time":"2026-01-04T18:13:43+00:00","og_image":[{"width":1000,"height":1000,"url":"https:\/\/lapainteriordesign.com\/wp-content\/uploads\/2023\/05\/Three-Rocks-tables-bronze-mirror-high-01-InsidherLand-lapa-1800x1012-1.jpg","type":"image\/jpeg"}],"twitter_card":"summary_large_image","twitter_site":"@lapainterior","twitter_misc":{"Dur\u00e9e de lecture estim\u00e9e":"2 minutes"},"schema":{"@context":"https:\/\/schema.org","@graph":[{"@type":"WebPage","@id":"https:\/\/lapainteriordesign.com\/fr\/product\/table-dappoint-three-rocks\/","url":"https:\/\/lapainteriordesign.com\/fr\/product\/table-dappoint-three-rocks\/","name":"Table d\u2019appoint Three Rocks - lapainteriordesign.com","isPartOf":{"@id":"https:\/\/lapainteriordesign.com\/#website"},"primaryImageOfPage":{"@id":"https:\/\/lapainteriordesign.com\/fr\/product\/table-dappoint-three-rocks\/#primaryimage"},"image":{"@id":"https:\/\/lapainteriordesign.com\/fr\/product\/table-dappoint-three-rocks\/#primaryimage"},"thumbnailUrl":"https:\/\/lapainteriordesign.com\/wp-content\/uploads\/2023\/05\/Three-Rocks-tables-bronze-mirror-high-01-InsidherLand-lapa-1800x1012-1.jpg","datePublished":"2023-05-07T11:19:29+00:00","dateModified":"2026-01-04T18:13:43+00:00","description":"Table d\u2019appoint Three Rocks en bois avec marqueterie de luxe. Design iconique, polyvalent et personnalisable pour int\u00e9rieurs modernes et raffin\u00e9s.","breadcrumb":{"@id":"https:\/\/lapainteriordesign.com\/fr\/product\/table-dappoint-three-rocks\/#breadcrumb"},"inLanguage":"fr-FR","potentialAction":[{"@type":"ReadAction","target":["https:\/\/lapainteriordesign.com\/fr\/product\/table-dappoint-three-rocks\/"]}]},{"@type":"ImageObject","inLanguage":"fr-FR","@id":"https:\/\/lapainteriordesign.com\/fr\/product\/table-dappoint-three-rocks\/#primaryimage","url":"https:\/\/lapainteriordesign.com\/wp-content\/uploads\/2023\/05\/Three-Rocks-tables-bronze-mirror-high-01-InsidherLand-lapa-1800x1012-1.jpg","contentUrl":"https:\/\/lapainteriordesign.com\/wp-content\/uploads\/2023\/05\/Three-Rocks-tables-bronze-mirror-high-01-InsidherLand-lapa-1800x1012-1.jpg","width":1000,"height":1000},{"@type":"BreadcrumbList","@id":"https:\/\/lapainteriordesign.com\/fr\/product\/table-dappoint-three-rocks\/#breadcrumb","itemListElement":[{"@type":"ListItem","position":1,"name":"Home","item":"https:\/\/lapainteriordesign.com\/fr\/"},{"@type":"ListItem","position":2,"name":"Products","item":"https:\/\/lapainteriordesign.com\/products\/"},{"@type":"ListItem","position":3,"name":"Table d\u2019appoint Three Rocks"}]},{"@type":"WebSite","@id":"https:\/\/lapainteriordesign.com\/#website","url":"https:\/\/lapainteriordesign.com\/","name":"lapainteriordesign.com","description":"Luxury Interior Design","publisher":{"@id":"https:\/\/lapainteriordesign.com\/#organization"},"potentialAction":[{"@type":"SearchAction","target":{"@type":"EntryPoint","urlTemplate":"https:\/\/lapainteriordesign.com\/?s={search_term_string}"},"query-input":{"@type":"PropertyValueSpecification","valueRequired":true,"valueName":"search_term_string"}}],"inLanguage":"fr-FR"},{"@type":"Organization","@id":"https:\/\/lapainteriordesign.com\/#organization","name":"Lapa Interior Design","url":"https:\/\/lapainteriordesign.com\/","logo":{"@type":"ImageObject","inLanguage":"fr-FR","@id":"https:\/\/lapainteriordesign.com\/#\/schema\/logo\/image\/","url":"https:\/\/lapainteriordesign.com\/wp-content\/uploads\/2026\/02\/cropped-Design-sem-nome-2026-02-04T094114.020.jpg","contentUrl":"https:\/\/lapainteriordesign.com\/wp-content\/uploads\/2026\/02\/cropped-Design-sem-nome-2026-02-04T094114.020.jpg","width":512,"height":512,"caption":"Lapa Interior Design"},"image":{"@id":"https:\/\/lapainteriordesign.com\/#\/schema\/logo\/image\/"},"sameAs":["https:\/\/www.facebook.com\/LapaInteriorDesign","https:\/\/x.com\/lapainterior","https:\/\/www.instagram.com\/lapainteriordesign\/","https:\/\/www.linkedin.com\/in\/lapa-interior-design-376823206\/"]}]}},"_links":{"self":[{"href":"https:\/\/lapainteriordesign.com\/fr\/wp-json\/wp\/v2\/product\/24400","targetHints":{"allow":["GET"]}}],"collection":[{"href":"https:\/\/lapainteriordesign.com\/fr\/wp-json\/wp\/v2\/product"}],"about":[{"href":"https:\/\/lapainteriordesign.com\/fr\/wp-json\/wp\/v2\/types\/product"}],"version-history":[{"count":0,"href":"https:\/\/lapainteriordesign.com\/fr\/wp-json\/wp\/v2\/product\/24400\/revisions"}],"wp:featuredmedia":[{"embeddable":true,"href":"https:\/\/lapainteriordesign.com\/fr\/wp-json\/wp\/v2\/media\/24394"}],"wp:attachment":[{"href":"https:\/\/lapainteriordesign.com\/fr\/wp-json\/wp\/v2\/media?parent=24400"}],"wp:term":[{"taxonomy":"product_brand","embeddable":true,"href":"https:\/\/lapainteriordesign.com\/fr\/wp-json\/wp\/v2\/product_brand?post=24400"},{"taxonomy":"product_cat","embeddable":true,"href":"https:\/\/lapainteriordesign.com\/fr\/wp-json\/wp\/v2\/product_cat?post=24400"},{"taxonomy":"product_tag","embeddable":true,"href":"https:\/\/lapainteriordesign.com\/fr\/wp-json\/wp\/v2\/product_tag?post=24400"}],"curies":[{"name":"wp","href":"https:\/\/api.w.org\/{rel}","templated":true}]}}