{"id":24301,"date":"2023-05-14T15:57:03","date_gmt":"2023-05-14T15:57:03","guid":{"rendered":"https:\/\/lapainteriordesign.com\/product\/rohe-dining-table\/"},"modified":"2026-01-04T17:47:09","modified_gmt":"2026-01-04T17:47:09","slug":"table-a-manger-rohe","status":"publish","type":"product","link":"https:\/\/lapainteriordesign.com\/fr\/product\/table-a-manger-rohe\/","title":{"rendered":"Table \u00e0 manger Rohe"},"content":{"rendered":"<h5 data-start=\"3614\" data-end=\"3651\">Inspiration et design moderne<\/h5>\n<p data-start=\"3652\" data-end=\"3988\">La <strong data-start=\"3655\" data-end=\"3678\">Table \u00e0 manger Rohe<\/strong> s\u2019inspire du Pavillon de Barcelone de Mies Van der Rohe et Lilly Reich. Les panneaux crois\u00e9s sont r\u00e9invent\u00e9s en plans de marbre, cr\u00e9ant une composition minimaliste et visuellement marquante. Ainsi, elle combine simplicit\u00e9, \u00e9quilibre et clart\u00e9, devenant la pi\u00e8ce centrale de toute salle \u00e0 manger contemporaine.<\/p>\n<h5 data-start=\"3990\" data-end=\"4029\">Mat\u00e9riaux luxueux et durabilit\u00e9<\/h5>\n<p data-start=\"4030\" data-end=\"4308\">Le plateau en marbre Bardiglio Laguna apporte \u00e9l\u00e9gance et solidit\u00e9. Les veines naturelles mettent en valeur la beaut\u00e9 de la pi\u00e8ce et soulignent sa qualit\u00e9 premium. De plus, les lignes g\u00e9om\u00e9triques permettent une int\u00e9gration parfaite dans des int\u00e9rieurs modernes et sophistiqu\u00e9s.<\/p>\n<h5 data-start=\"4310\" data-end=\"4349\">Polyvalence et personnalisation<\/h5>\n<p data-start=\"4350\" data-end=\"4761\">La <strong data-start=\"4353\" data-end=\"4376\">Table \u00e0 manger Rohe<\/strong> est disponible en dimensions et finitions personnalis\u00e9es. Elle peut \u00eatre utilis\u00e9e comme pi\u00e8ce ma\u00eetresse ou associ\u00e9e \u00e0 des chaises de la collection, comme la <strong data-start=\"4534\" data-end=\"4552\">Chaise Provoke<\/strong> ou le <strong data-start=\"4559\" data-end=\"4578\">Fauteuil Caress<\/strong>, pour cr\u00e9er un ensemble harmonieux. Pour plus d\u2019id\u00e9es, consultez notre section <a class=\"decorated-link cursor-pointer\" target=\"_new\" rel=\"noopener\" data-start=\"4658\" data-end=\"4715\">tables \u00e0 manger<\/a> ou explorez <a class=\"decorated-link cursor-pointer\" target=\"_new\" rel=\"noopener\" data-start=\"4728\" data-end=\"4760\">Dezeen<\/a>.<\/p>\n<h5 data-start=\"4763\" data-end=\"4797\">Fonctionnalit\u00e9 et \u00e9l\u00e9gance<\/h5>\n<p data-start=\"4798\" data-end=\"5074\">Cette table combine forme, fonction et mat\u00e9riaux de haute qualit\u00e9. Son design intemporel apporte du caract\u00e8re \u00e0 des salles \u00e0 manger r\u00e9sidentielles de luxe et appartements urbains. Elle convient aux d\u00eeners intimes comme aux grandes r\u00e9ceptions, assurant durabilit\u00e9 et stabilit\u00e9.<\/p>\n","protected":false},"excerpt":{"rendered":"<p>La <strong data-start=\"3246\" data-end=\"3269\">Table \u00e0 manger Rohe<\/strong> s\u2019inspire du Pavillon de Barcelone. Ses panneaux crois\u00e9s r\u00e9interpr\u00e9t\u00e9s en marbre Bardiglio Laguna cr\u00e9ent un design minimaliste et contemporain. Id\u00e9ale pour salles \u00e0 manger modernes, elle allie \u00e9l\u00e9gance, durabilit\u00e9 et esth\u00e9tique de luxe. De plus, elle propose des dimensions et finitions personnalis\u00e9es, s\u2019adaptant \u00e0 tout espace et style.<\/p>\n","protected":false},"featured_media":24290,"template":"","meta":{"_joinchat":{"telephone":"+351910131778","message_text":"Questions about this piece?"}},"product_brand":[],"product_cat":[2393,4397,4687],"product_tag":[816,2411,6281,5428,5335,4765],"class_list":{"0":"post-24301","1":"product","2":"type-product","3":"status-publish","4":"has-post-thumbnail","6":"product_cat-meubles","7":"product_cat-tableaux","8":"product_cat-tables-a-manger","9":"product_tag-lapa-interior-design","10":"product_tag-mobilier-contemporain","11":"product_tag-table-a-manger","12":"product_tag-table-design","13":"product_tag-table-en-marbre","14":"product_tag-table-moderne","16":"first","17":"onbackorder","18":"taxable","19":"shipping-taxable","20":"purchasable","21":"product-type-simple"},"yoast_head":"<!-- This site is optimized with the Yoast SEO plugin v26.7 - https:\/\/yoast.com\/wordpress\/plugins\/seo\/ -->\n<title>Table \u00e0 manger Rohe - lapainteriordesign.com<\/title>\n<meta name=\"description\" content=\"Table \u00e0 manger Rohe inspir\u00e9e du Pavillon de Barcelone, avec plateau en marbre Bardiglio Laguna. Design moderne, \u00e9l\u00e9gant et personnalisable.\" \/>\n<meta name=\"robots\" content=\"index, follow, max-snippet:-1, max-image-preview:large, max-video-preview:-1\" \/>\n<link rel=\"canonical\" href=\"https:\/\/lapainteriordesign.com\/fr\/product\/table-a-manger-rohe\/\" \/>\n<meta property=\"og:locale\" content=\"fr_FR\" \/>\n<meta property=\"og:type\" content=\"article\" \/>\n<meta property=\"og:title\" content=\"Table \u00e0 manger Rohe - lapainteriordesign.com\" \/>\n<meta property=\"og:description\" content=\"Table \u00e0 manger Rohe inspir\u00e9e du Pavillon de Barcelone, avec plateau en marbre Bardiglio Laguna. Design moderne, \u00e9l\u00e9gant et personnalisable.\" \/>\n<meta property=\"og:url\" content=\"https:\/\/lapainteriordesign.com\/fr\/product\/table-a-manger-rohe\/\" \/>\n<meta property=\"og:site_name\" content=\"lapainteriordesign.com\" \/>\n<meta property=\"article:publisher\" content=\"https:\/\/www.facebook.com\/LapaInteriorDesign\" \/>\n<meta property=\"article:modified_time\" content=\"2026-01-04T17:47:09+00:00\" \/>\n<meta property=\"og:image\" content=\"https:\/\/lapainteriordesign.com\/wp-content\/uploads\/2023\/05\/Lapa-Oia-Rohe-table-160101010202-bardiglio_laguna_6-1100x1100-1.jpg\" \/>\n\t<meta property=\"og:image:width\" content=\"1000\" \/>\n\t<meta property=\"og:image:height\" content=\"1000\" \/>\n\t<meta property=\"og:image:type\" content=\"image\/jpeg\" \/>\n<meta name=\"twitter:card\" content=\"summary_large_image\" \/>\n<meta name=\"twitter:site\" content=\"@lapainterior\" \/>\n<meta name=\"twitter:label1\" content=\"Dur\u00e9e de lecture estim\u00e9e\" \/>\n\t<meta name=\"twitter:data1\" content=\"2 minutes\" \/>\n<script type=\"application\/ld+json\" class=\"yoast-schema-graph\">{\"@context\":\"https:\/\/schema.org\",\"@graph\":[{\"@type\":\"WebPage\",\"@id\":\"https:\/\/lapainteriordesign.com\/fr\/product\/table-a-manger-rohe\/\",\"url\":\"https:\/\/lapainteriordesign.com\/fr\/product\/table-a-manger-rohe\/\",\"name\":\"Table \u00e0 manger Rohe - lapainteriordesign.com\",\"isPartOf\":{\"@id\":\"https:\/\/lapainteriordesign.com\/#website\"},\"primaryImageOfPage\":{\"@id\":\"https:\/\/lapainteriordesign.com\/fr\/product\/table-a-manger-rohe\/#primaryimage\"},\"image\":{\"@id\":\"https:\/\/lapainteriordesign.com\/fr\/product\/table-a-manger-rohe\/#primaryimage\"},\"thumbnailUrl\":\"https:\/\/lapainteriordesign.com\/wp-content\/uploads\/2023\/05\/Lapa-Oia-Rohe-table-160101010202-bardiglio_laguna_6-1100x1100-1.jpg\",\"datePublished\":\"2023-05-14T15:57:03+00:00\",\"dateModified\":\"2026-01-04T17:47:09+00:00\",\"description\":\"Table \u00e0 manger Rohe inspir\u00e9e du Pavillon de Barcelone, avec plateau en marbre Bardiglio Laguna. Design moderne, \u00e9l\u00e9gant et personnalisable.\",\"breadcrumb\":{\"@id\":\"https:\/\/lapainteriordesign.com\/fr\/product\/table-a-manger-rohe\/#breadcrumb\"},\"inLanguage\":\"fr-FR\",\"potentialAction\":[{\"@type\":\"ReadAction\",\"target\":[\"https:\/\/lapainteriordesign.com\/fr\/product\/table-a-manger-rohe\/\"]}]},{\"@type\":\"ImageObject\",\"inLanguage\":\"fr-FR\",\"@id\":\"https:\/\/lapainteriordesign.com\/fr\/product\/table-a-manger-rohe\/#primaryimage\",\"url\":\"https:\/\/lapainteriordesign.com\/wp-content\/uploads\/2023\/05\/Lapa-Oia-Rohe-table-160101010202-bardiglio_laguna_6-1100x1100-1.jpg\",\"contentUrl\":\"https:\/\/lapainteriordesign.com\/wp-content\/uploads\/2023\/05\/Lapa-Oia-Rohe-table-160101010202-bardiglio_laguna_6-1100x1100-1.jpg\",\"width\":1000,\"height\":1000,\"caption\":\"Lapa-Interior_Design_mesa_table_Oia-Rohe-table-160101010202-bardiglio_laguna_6-1100x1100-1.jpg\"},{\"@type\":\"BreadcrumbList\",\"@id\":\"https:\/\/lapainteriordesign.com\/fr\/product\/table-a-manger-rohe\/#breadcrumb\",\"itemListElement\":[{\"@type\":\"ListItem\",\"position\":1,\"name\":\"Home\",\"item\":\"https:\/\/lapainteriordesign.com\/fr\/\"},{\"@type\":\"ListItem\",\"position\":2,\"name\":\"Products\",\"item\":\"https:\/\/lapainteriordesign.com\/products\/\"},{\"@type\":\"ListItem\",\"position\":3,\"name\":\"Table \u00e0 manger Rohe\"}]},{\"@type\":\"WebSite\",\"@id\":\"https:\/\/lapainteriordesign.com\/#website\",\"url\":\"https:\/\/lapainteriordesign.com\/\",\"name\":\"lapainteriordesign.com\",\"description\":\"Luxury Interior Design\",\"publisher\":{\"@id\":\"https:\/\/lapainteriordesign.com\/#organization\"},\"potentialAction\":[{\"@type\":\"SearchAction\",\"target\":{\"@type\":\"EntryPoint\",\"urlTemplate\":\"https:\/\/lapainteriordesign.com\/?s={search_term_string}\"},\"query-input\":{\"@type\":\"PropertyValueSpecification\",\"valueRequired\":true,\"valueName\":\"search_term_string\"}}],\"inLanguage\":\"fr-FR\"},{\"@type\":\"Organization\",\"@id\":\"https:\/\/lapainteriordesign.com\/#organization\",\"name\":\"Lapa Interior Design\",\"url\":\"https:\/\/lapainteriordesign.com\/\",\"logo\":{\"@type\":\"ImageObject\",\"inLanguage\":\"fr-FR\",\"@id\":\"https:\/\/lapainteriordesign.com\/#\/schema\/logo\/image\/\",\"url\":\"https:\/\/lapainteriordesign.com\/wp-content\/uploads\/2026\/05\/cropped-Design-sem-nome-2026-05-06T092324.284.png\",\"contentUrl\":\"https:\/\/lapainteriordesign.com\/wp-content\/uploads\/2026\/05\/cropped-Design-sem-nome-2026-05-06T092324.284.png\",\"width\":512,\"height\":512,\"caption\":\"Lapa Interior Design\"},\"image\":{\"@id\":\"https:\/\/lapainteriordesign.com\/#\/schema\/logo\/image\/\"},\"sameAs\":[\"https:\/\/www.facebook.com\/LapaInteriorDesign\",\"https:\/\/x.com\/lapainterior\",\"https:\/\/www.instagram.com\/lapainteriordesign\/\",\"https:\/\/www.linkedin.com\/in\/lapa-interior-design-376823206\/\"]}]}<\/script>\n<!-- \/ Yoast SEO plugin. -->","yoast_head_json":{"title":"Table \u00e0 manger Rohe - lapainteriordesign.com","description":"Table \u00e0 manger Rohe inspir\u00e9e du Pavillon de Barcelone, avec plateau en marbre Bardiglio Laguna. Design moderne, \u00e9l\u00e9gant et personnalisable.","robots":{"index":"index","follow":"follow","max-snippet":"max-snippet:-1","max-image-preview":"max-image-preview:large","max-video-preview":"max-video-preview:-1"},"canonical":"https:\/\/lapainteriordesign.com\/fr\/product\/table-a-manger-rohe\/","og_locale":"fr_FR","og_type":"article","og_title":"Table \u00e0 manger Rohe - lapainteriordesign.com","og_description":"Table \u00e0 manger Rohe inspir\u00e9e du Pavillon de Barcelone, avec plateau en marbre Bardiglio Laguna. Design moderne, \u00e9l\u00e9gant et personnalisable.","og_url":"https:\/\/lapainteriordesign.com\/fr\/product\/table-a-manger-rohe\/","og_site_name":"lapainteriordesign.com","article_publisher":"https:\/\/www.facebook.com\/LapaInteriorDesign","article_modified_time":"2026-01-04T17:47:09+00:00","og_image":[{"width":1000,"height":1000,"url":"https:\/\/lapainteriordesign.com\/wp-content\/uploads\/2023\/05\/Lapa-Oia-Rohe-table-160101010202-bardiglio_laguna_6-1100x1100-1.jpg","type":"image\/jpeg"}],"twitter_card":"summary_large_image","twitter_site":"@lapainterior","twitter_misc":{"Dur\u00e9e de lecture estim\u00e9e":"2 minutes"},"schema":{"@context":"https:\/\/schema.org","@graph":[{"@type":"WebPage","@id":"https:\/\/lapainteriordesign.com\/fr\/product\/table-a-manger-rohe\/","url":"https:\/\/lapainteriordesign.com\/fr\/product\/table-a-manger-rohe\/","name":"Table \u00e0 manger Rohe - lapainteriordesign.com","isPartOf":{"@id":"https:\/\/lapainteriordesign.com\/#website"},"primaryImageOfPage":{"@id":"https:\/\/lapainteriordesign.com\/fr\/product\/table-a-manger-rohe\/#primaryimage"},"image":{"@id":"https:\/\/lapainteriordesign.com\/fr\/product\/table-a-manger-rohe\/#primaryimage"},"thumbnailUrl":"https:\/\/lapainteriordesign.com\/wp-content\/uploads\/2023\/05\/Lapa-Oia-Rohe-table-160101010202-bardiglio_laguna_6-1100x1100-1.jpg","datePublished":"2023-05-14T15:57:03+00:00","dateModified":"2026-01-04T17:47:09+00:00","description":"Table \u00e0 manger Rohe inspir\u00e9e du Pavillon de Barcelone, avec plateau en marbre Bardiglio Laguna. Design moderne, \u00e9l\u00e9gant et personnalisable.","breadcrumb":{"@id":"https:\/\/lapainteriordesign.com\/fr\/product\/table-a-manger-rohe\/#breadcrumb"},"inLanguage":"fr-FR","potentialAction":[{"@type":"ReadAction","target":["https:\/\/lapainteriordesign.com\/fr\/product\/table-a-manger-rohe\/"]}]},{"@type":"ImageObject","inLanguage":"fr-FR","@id":"https:\/\/lapainteriordesign.com\/fr\/product\/table-a-manger-rohe\/#primaryimage","url":"https:\/\/lapainteriordesign.com\/wp-content\/uploads\/2023\/05\/Lapa-Oia-Rohe-table-160101010202-bardiglio_laguna_6-1100x1100-1.jpg","contentUrl":"https:\/\/lapainteriordesign.com\/wp-content\/uploads\/2023\/05\/Lapa-Oia-Rohe-table-160101010202-bardiglio_laguna_6-1100x1100-1.jpg","width":1000,"height":1000,"caption":"Lapa-Interior_Design_mesa_table_Oia-Rohe-table-160101010202-bardiglio_laguna_6-1100x1100-1.jpg"},{"@type":"BreadcrumbList","@id":"https:\/\/lapainteriordesign.com\/fr\/product\/table-a-manger-rohe\/#breadcrumb","itemListElement":[{"@type":"ListItem","position":1,"name":"Home","item":"https:\/\/lapainteriordesign.com\/fr\/"},{"@type":"ListItem","position":2,"name":"Products","item":"https:\/\/lapainteriordesign.com\/products\/"},{"@type":"ListItem","position":3,"name":"Table \u00e0 manger Rohe"}]},{"@type":"WebSite","@id":"https:\/\/lapainteriordesign.com\/#website","url":"https:\/\/lapainteriordesign.com\/","name":"lapainteriordesign.com","description":"Luxury Interior Design","publisher":{"@id":"https:\/\/lapainteriordesign.com\/#organization"},"potentialAction":[{"@type":"SearchAction","target":{"@type":"EntryPoint","urlTemplate":"https:\/\/lapainteriordesign.com\/?s={search_term_string}"},"query-input":{"@type":"PropertyValueSpecification","valueRequired":true,"valueName":"search_term_string"}}],"inLanguage":"fr-FR"},{"@type":"Organization","@id":"https:\/\/lapainteriordesign.com\/#organization","name":"Lapa Interior Design","url":"https:\/\/lapainteriordesign.com\/","logo":{"@type":"ImageObject","inLanguage":"fr-FR","@id":"https:\/\/lapainteriordesign.com\/#\/schema\/logo\/image\/","url":"https:\/\/lapainteriordesign.com\/wp-content\/uploads\/2026\/05\/cropped-Design-sem-nome-2026-05-06T092324.284.png","contentUrl":"https:\/\/lapainteriordesign.com\/wp-content\/uploads\/2026\/05\/cropped-Design-sem-nome-2026-05-06T092324.284.png","width":512,"height":512,"caption":"Lapa Interior Design"},"image":{"@id":"https:\/\/lapainteriordesign.com\/#\/schema\/logo\/image\/"},"sameAs":["https:\/\/www.facebook.com\/LapaInteriorDesign","https:\/\/x.com\/lapainterior","https:\/\/www.instagram.com\/lapainteriordesign\/","https:\/\/www.linkedin.com\/in\/lapa-interior-design-376823206\/"]}]}},"_links":{"self":[{"href":"https:\/\/lapainteriordesign.com\/fr\/wp-json\/wp\/v2\/product\/24301","targetHints":{"allow":["GET"]}}],"collection":[{"href":"https:\/\/lapainteriordesign.com\/fr\/wp-json\/wp\/v2\/product"}],"about":[{"href":"https:\/\/lapainteriordesign.com\/fr\/wp-json\/wp\/v2\/types\/product"}],"version-history":[{"count":0,"href":"https:\/\/lapainteriordesign.com\/fr\/wp-json\/wp\/v2\/product\/24301\/revisions"}],"wp:featuredmedia":[{"embeddable":true,"href":"https:\/\/lapainteriordesign.com\/fr\/wp-json\/wp\/v2\/media\/24290"}],"wp:attachment":[{"href":"https:\/\/lapainteriordesign.com\/fr\/wp-json\/wp\/v2\/media?parent=24301"}],"wp:term":[{"taxonomy":"product_brand","embeddable":true,"href":"https:\/\/lapainteriordesign.com\/fr\/wp-json\/wp\/v2\/product_brand?post=24301"},{"taxonomy":"product_cat","embeddable":true,"href":"https:\/\/lapainteriordesign.com\/fr\/wp-json\/wp\/v2\/product_cat?post=24301"},{"taxonomy":"product_tag","embeddable":true,"href":"https:\/\/lapainteriordesign.com\/fr\/wp-json\/wp\/v2\/product_tag?post=24301"}],"curies":[{"name":"wp","href":"https:\/\/api.w.org\/{rel}","templated":true}]}}