{"id":24273,"date":"2023-05-14T16:27:55","date_gmt":"2023-05-14T16:27:55","guid":{"rendered":"https:\/\/lapainteriordesign.com\/product\/orbiter-dining-table\/"},"modified":"2026-01-04T17:38:18","modified_gmt":"2026-01-04T17:38:18","slug":"table-a-manger-orbiter","status":"publish","type":"product","link":"https:\/\/lapainteriordesign.com\/fr\/product\/table-a-manger-orbiter\/","title":{"rendered":"Table \u00e0 manger Orbiter"},"content":{"rendered":"<h5 data-start=\"3439\" data-end=\"3477\">Design contemporain et raffin\u00e9<\/h5>\n<p data-start=\"3478\" data-end=\"3729\">La <strong data-start=\"3481\" data-end=\"3507\">Table \u00e0 manger Orbiter<\/strong> se distingue par sa base m\u00e9tallique \u00e0 bandes r\u00e9p\u00e9t\u00e9es qui g\u00e9n\u00e8re un mouvement visuel dynamique. Chaque d\u00e9tail est con\u00e7u pour cr\u00e9er une pr\u00e9sence \u00e9l\u00e9gante et \u00e9quilibr\u00e9e. Ainsi, la table allie praticit\u00e9 et impact esth\u00e9tique.<\/p>\n<h5 data-start=\"3731\" data-end=\"3772\">Mat\u00e9riaux et finitions de qualit\u00e9<\/h5>\n<p data-start=\"3773\" data-end=\"4007\">Le plateau en marbre Calacatta mat apporte luxe et solidit\u00e9. La base laqu\u00e9e blanche mate compl\u00e8te parfaitement le marbre, cr\u00e9ant un contraste moderne et raffin\u00e9. De cette fa\u00e7on, la table est robuste et durable pour un usage quotidien.<\/p>\n<h5 data-start=\"4009\" data-end=\"4064\">\u00c9dition All White \u2013 Sophistication intemporelle<\/h5>\n<p data-start=\"4065\" data-end=\"4332\">L\u2019\u00e9dition <strong data-start=\"4075\" data-end=\"4088\">All White<\/strong> combine base laqu\u00e9e blanche et plateau en marbre, offrant une esth\u00e9tique propre, discr\u00e8te et polyvalente. Ce design s\u2019int\u00e8gre facilement dans des styles contemporains, minimalistes ou classiques, devenant le point central de la salle \u00e0 manger.<\/p>\n<h5 data-start=\"4334\" data-end=\"4373\">Personnalisation et polyvalence<\/h5>\n<p data-start=\"4374\" data-end=\"4677\">La <strong data-start=\"4377\" data-end=\"4403\">Table \u00e0 manger Orbiter<\/strong> est disponible en dimensions et finitions personnalis\u00e9es. Ainsi, elle s\u2019adapte \u00e0 tout espace et projet. Pour plus d\u2019id\u00e9es, consulte notre collection de <a class=\"decorated-link cursor-pointer\" target=\"_new\" rel=\"noopener\" data-start=\"4556\" data-end=\"4613\">tables \u00e0 manger<\/a> ou explore <a class=\"decorated-link cursor-pointer\" target=\"_new\" rel=\"noopener\" data-start=\"4625\" data-end=\"4657\">Dezeen<\/a> pour l\u2019inspiration.<\/p>\n","protected":false},"excerpt":{"rendered":"<p>La <strong data-start=\"3101\" data-end=\"3127\">Table \u00e0 manger Orbiter<\/strong> allie design contemporain et \u00e9l\u00e9gance raffin\u00e9e. Sa base m\u00e9tallique \u00e0 bandes r\u00e9p\u00e9t\u00e9es cr\u00e9e rythme et mouvement visuel. Le plateau en marbre Calacatta mat apporte luxe et durabilit\u00e9. Id\u00e9ale pour salons r\u00e9sidentiels ou int\u00e9rieurs haut de gamme, avec options de personnalisation pour dimensions et finitions.<\/p>\n<p>&nbsp;<\/p>\n","protected":false},"featured_media":24265,"template":"","meta":{"_joinchat":{"telephone":"+351910131778","message_text":"Questions about this piece?"}},"product_brand":[],"product_cat":[4687,2393,4397],"product_tag":[816,5323,6281,5111,5428,5335],"class_list":{"0":"post-24273","1":"product","2":"type-product","3":"status-publish","4":"has-post-thumbnail","6":"product_cat-dining-tables","7":"product_cat-furniture","8":"product_cat-tables","9":"product_tag-lapa-interior-design","10":"product_tag-mobilier-de-luxe","11":"product_tag-table-a-manger","12":"product_tag-table-contemporaine","13":"product_tag-table-design","14":"product_tag-table-en-marbre","16":"first","17":"onbackorder","18":"taxable","19":"shipping-taxable","20":"purchasable","21":"product-type-simple"},"yoast_head":"<!-- This site is optimized with the Yoast SEO plugin v26.7 - https:\/\/yoast.com\/wordpress\/plugins\/seo\/ -->\n<title>Table \u00e0 manger Orbiter - lapainteriordesign.com<\/title>\n<meta name=\"description\" content=\"Table \u00e0 manger Orbiter avec base m\u00e9tallique et plateau en marbre Calacatta. Design contemporain, \u00e9l\u00e9gant, polyvalent et personnalisable.\" \/>\n<meta name=\"robots\" content=\"index, follow, max-snippet:-1, max-image-preview:large, max-video-preview:-1\" \/>\n<link rel=\"canonical\" href=\"https:\/\/lapainteriordesign.com\/fr\/product\/table-a-manger-orbiter\/\" \/>\n<meta property=\"og:locale\" content=\"fr_FR\" \/>\n<meta property=\"og:type\" content=\"article\" \/>\n<meta property=\"og:title\" content=\"Table \u00e0 manger Orbiter - lapainteriordesign.com\" \/>\n<meta property=\"og:description\" content=\"Table \u00e0 manger Orbiter avec base m\u00e9tallique et plateau en marbre Calacatta. Design contemporain, \u00e9l\u00e9gant, polyvalent et personnalisable.\" \/>\n<meta property=\"og:url\" content=\"https:\/\/lapainteriordesign.com\/fr\/product\/table-a-manger-orbiter\/\" \/>\n<meta property=\"og:site_name\" content=\"lapainteriordesign.com\" \/>\n<meta property=\"article:publisher\" content=\"https:\/\/www.facebook.com\/LapaInteriorDesign\" \/>\n<meta property=\"article:modified_time\" content=\"2026-01-04T17:38:18+00:00\" \/>\n<meta property=\"og:image\" content=\"https:\/\/lapainteriordesign.com\/wp-content\/uploads\/2023\/05\/Lapa_Oia_orbiter-tables-030202040202-calacatta-lacquered_white_4-1100x1100-1.jpg\" \/>\n\t<meta property=\"og:image:width\" content=\"1000\" \/>\n\t<meta property=\"og:image:height\" content=\"1000\" \/>\n\t<meta property=\"og:image:type\" content=\"image\/jpeg\" \/>\n<meta name=\"twitter:card\" content=\"summary_large_image\" \/>\n<meta name=\"twitter:site\" content=\"@lapainterior\" \/>\n<meta name=\"twitter:label1\" content=\"Dur\u00e9e de lecture estim\u00e9e\" \/>\n\t<meta name=\"twitter:data1\" content=\"1 minute\" \/>\n<script type=\"application\/ld+json\" class=\"yoast-schema-graph\">{\"@context\":\"https:\/\/schema.org\",\"@graph\":[{\"@type\":\"WebPage\",\"@id\":\"https:\/\/lapainteriordesign.com\/fr\/product\/table-a-manger-orbiter\/\",\"url\":\"https:\/\/lapainteriordesign.com\/fr\/product\/table-a-manger-orbiter\/\",\"name\":\"Table \u00e0 manger Orbiter - lapainteriordesign.com\",\"isPartOf\":{\"@id\":\"https:\/\/lapainteriordesign.com\/#website\"},\"primaryImageOfPage\":{\"@id\":\"https:\/\/lapainteriordesign.com\/fr\/product\/table-a-manger-orbiter\/#primaryimage\"},\"image\":{\"@id\":\"https:\/\/lapainteriordesign.com\/fr\/product\/table-a-manger-orbiter\/#primaryimage\"},\"thumbnailUrl\":\"https:\/\/lapainteriordesign.com\/wp-content\/uploads\/2023\/05\/Lapa_Oia_orbiter-tables-030202040202-calacatta-lacquered_white_4-1100x1100-1.jpg\",\"datePublished\":\"2023-05-14T16:27:55+00:00\",\"dateModified\":\"2026-01-04T17:38:18+00:00\",\"description\":\"Table \u00e0 manger Orbiter avec base m\u00e9tallique et plateau en marbre Calacatta. Design contemporain, \u00e9l\u00e9gant, polyvalent et personnalisable.\",\"breadcrumb\":{\"@id\":\"https:\/\/lapainteriordesign.com\/fr\/product\/table-a-manger-orbiter\/#breadcrumb\"},\"inLanguage\":\"fr-FR\",\"potentialAction\":[{\"@type\":\"ReadAction\",\"target\":[\"https:\/\/lapainteriordesign.com\/fr\/product\/table-a-manger-orbiter\/\"]}]},{\"@type\":\"ImageObject\",\"inLanguage\":\"fr-FR\",\"@id\":\"https:\/\/lapainteriordesign.com\/fr\/product\/table-a-manger-orbiter\/#primaryimage\",\"url\":\"https:\/\/lapainteriordesign.com\/wp-content\/uploads\/2023\/05\/Lapa_Oia_orbiter-tables-030202040202-calacatta-lacquered_white_4-1100x1100-1.jpg\",\"contentUrl\":\"https:\/\/lapainteriordesign.com\/wp-content\/uploads\/2023\/05\/Lapa_Oia_orbiter-tables-030202040202-calacatta-lacquered_white_4-1100x1100-1.jpg\",\"width\":1000,\"height\":1000,\"caption\":\"Lapa_Interior_Design_mesa_Table_Oia_orbiter-tables-030202040202-calacatta-lacquered_white_4-1100x1100-1.jpg\"},{\"@type\":\"BreadcrumbList\",\"@id\":\"https:\/\/lapainteriordesign.com\/fr\/product\/table-a-manger-orbiter\/#breadcrumb\",\"itemListElement\":[{\"@type\":\"ListItem\",\"position\":1,\"name\":\"Home\",\"item\":\"https:\/\/lapainteriordesign.com\/fr\/\"},{\"@type\":\"ListItem\",\"position\":2,\"name\":\"Products\",\"item\":\"https:\/\/lapainteriordesign.com\/products\/\"},{\"@type\":\"ListItem\",\"position\":3,\"name\":\"Table \u00e0 manger Orbiter\"}]},{\"@type\":\"WebSite\",\"@id\":\"https:\/\/lapainteriordesign.com\/#website\",\"url\":\"https:\/\/lapainteriordesign.com\/\",\"name\":\"lapainteriordesign.com\",\"description\":\"Luxury Interior Design\",\"publisher\":{\"@id\":\"https:\/\/lapainteriordesign.com\/#organization\"},\"potentialAction\":[{\"@type\":\"SearchAction\",\"target\":{\"@type\":\"EntryPoint\",\"urlTemplate\":\"https:\/\/lapainteriordesign.com\/?s={search_term_string}\"},\"query-input\":{\"@type\":\"PropertyValueSpecification\",\"valueRequired\":true,\"valueName\":\"search_term_string\"}}],\"inLanguage\":\"fr-FR\"},{\"@type\":\"Organization\",\"@id\":\"https:\/\/lapainteriordesign.com\/#organization\",\"name\":\"Lapa Interior Design\",\"url\":\"https:\/\/lapainteriordesign.com\/\",\"logo\":{\"@type\":\"ImageObject\",\"inLanguage\":\"fr-FR\",\"@id\":\"https:\/\/lapainteriordesign.com\/#\/schema\/logo\/image\/\",\"url\":\"https:\/\/lapainteriordesign.com\/wp-content\/uploads\/2026\/02\/cropped-Design-sem-nome-2026-02-04T094114.020.jpg\",\"contentUrl\":\"https:\/\/lapainteriordesign.com\/wp-content\/uploads\/2026\/02\/cropped-Design-sem-nome-2026-02-04T094114.020.jpg\",\"width\":512,\"height\":512,\"caption\":\"Lapa Interior Design\"},\"image\":{\"@id\":\"https:\/\/lapainteriordesign.com\/#\/schema\/logo\/image\/\"},\"sameAs\":[\"https:\/\/www.facebook.com\/LapaInteriorDesign\",\"https:\/\/x.com\/lapainterior\",\"https:\/\/www.instagram.com\/lapainteriordesign\/\",\"https:\/\/www.linkedin.com\/in\/lapa-interior-design-376823206\/\"]}]}<\/script>\n<!-- \/ Yoast SEO plugin. -->","yoast_head_json":{"title":"Table \u00e0 manger Orbiter - lapainteriordesign.com","description":"Table \u00e0 manger Orbiter avec base m\u00e9tallique et plateau en marbre Calacatta. Design contemporain, \u00e9l\u00e9gant, polyvalent et personnalisable.","robots":{"index":"index","follow":"follow","max-snippet":"max-snippet:-1","max-image-preview":"max-image-preview:large","max-video-preview":"max-video-preview:-1"},"canonical":"https:\/\/lapainteriordesign.com\/fr\/product\/table-a-manger-orbiter\/","og_locale":"fr_FR","og_type":"article","og_title":"Table \u00e0 manger Orbiter - lapainteriordesign.com","og_description":"Table \u00e0 manger Orbiter avec base m\u00e9tallique et plateau en marbre Calacatta. Design contemporain, \u00e9l\u00e9gant, polyvalent et personnalisable.","og_url":"https:\/\/lapainteriordesign.com\/fr\/product\/table-a-manger-orbiter\/","og_site_name":"lapainteriordesign.com","article_publisher":"https:\/\/www.facebook.com\/LapaInteriorDesign","article_modified_time":"2026-01-04T17:38:18+00:00","og_image":[{"width":1000,"height":1000,"url":"https:\/\/lapainteriordesign.com\/wp-content\/uploads\/2023\/05\/Lapa_Oia_orbiter-tables-030202040202-calacatta-lacquered_white_4-1100x1100-1.jpg","type":"image\/jpeg"}],"twitter_card":"summary_large_image","twitter_site":"@lapainterior","twitter_misc":{"Dur\u00e9e de lecture estim\u00e9e":"1 minute"},"schema":{"@context":"https:\/\/schema.org","@graph":[{"@type":"WebPage","@id":"https:\/\/lapainteriordesign.com\/fr\/product\/table-a-manger-orbiter\/","url":"https:\/\/lapainteriordesign.com\/fr\/product\/table-a-manger-orbiter\/","name":"Table \u00e0 manger Orbiter - lapainteriordesign.com","isPartOf":{"@id":"https:\/\/lapainteriordesign.com\/#website"},"primaryImageOfPage":{"@id":"https:\/\/lapainteriordesign.com\/fr\/product\/table-a-manger-orbiter\/#primaryimage"},"image":{"@id":"https:\/\/lapainteriordesign.com\/fr\/product\/table-a-manger-orbiter\/#primaryimage"},"thumbnailUrl":"https:\/\/lapainteriordesign.com\/wp-content\/uploads\/2023\/05\/Lapa_Oia_orbiter-tables-030202040202-calacatta-lacquered_white_4-1100x1100-1.jpg","datePublished":"2023-05-14T16:27:55+00:00","dateModified":"2026-01-04T17:38:18+00:00","description":"Table \u00e0 manger Orbiter avec base m\u00e9tallique et plateau en marbre Calacatta. Design contemporain, \u00e9l\u00e9gant, polyvalent et personnalisable.","breadcrumb":{"@id":"https:\/\/lapainteriordesign.com\/fr\/product\/table-a-manger-orbiter\/#breadcrumb"},"inLanguage":"fr-FR","potentialAction":[{"@type":"ReadAction","target":["https:\/\/lapainteriordesign.com\/fr\/product\/table-a-manger-orbiter\/"]}]},{"@type":"ImageObject","inLanguage":"fr-FR","@id":"https:\/\/lapainteriordesign.com\/fr\/product\/table-a-manger-orbiter\/#primaryimage","url":"https:\/\/lapainteriordesign.com\/wp-content\/uploads\/2023\/05\/Lapa_Oia_orbiter-tables-030202040202-calacatta-lacquered_white_4-1100x1100-1.jpg","contentUrl":"https:\/\/lapainteriordesign.com\/wp-content\/uploads\/2023\/05\/Lapa_Oia_orbiter-tables-030202040202-calacatta-lacquered_white_4-1100x1100-1.jpg","width":1000,"height":1000,"caption":"Lapa_Interior_Design_mesa_Table_Oia_orbiter-tables-030202040202-calacatta-lacquered_white_4-1100x1100-1.jpg"},{"@type":"BreadcrumbList","@id":"https:\/\/lapainteriordesign.com\/fr\/product\/table-a-manger-orbiter\/#breadcrumb","itemListElement":[{"@type":"ListItem","position":1,"name":"Home","item":"https:\/\/lapainteriordesign.com\/fr\/"},{"@type":"ListItem","position":2,"name":"Products","item":"https:\/\/lapainteriordesign.com\/products\/"},{"@type":"ListItem","position":3,"name":"Table \u00e0 manger Orbiter"}]},{"@type":"WebSite","@id":"https:\/\/lapainteriordesign.com\/#website","url":"https:\/\/lapainteriordesign.com\/","name":"lapainteriordesign.com","description":"Luxury Interior Design","publisher":{"@id":"https:\/\/lapainteriordesign.com\/#organization"},"potentialAction":[{"@type":"SearchAction","target":{"@type":"EntryPoint","urlTemplate":"https:\/\/lapainteriordesign.com\/?s={search_term_string}"},"query-input":{"@type":"PropertyValueSpecification","valueRequired":true,"valueName":"search_term_string"}}],"inLanguage":"fr-FR"},{"@type":"Organization","@id":"https:\/\/lapainteriordesign.com\/#organization","name":"Lapa Interior Design","url":"https:\/\/lapainteriordesign.com\/","logo":{"@type":"ImageObject","inLanguage":"fr-FR","@id":"https:\/\/lapainteriordesign.com\/#\/schema\/logo\/image\/","url":"https:\/\/lapainteriordesign.com\/wp-content\/uploads\/2026\/02\/cropped-Design-sem-nome-2026-02-04T094114.020.jpg","contentUrl":"https:\/\/lapainteriordesign.com\/wp-content\/uploads\/2026\/02\/cropped-Design-sem-nome-2026-02-04T094114.020.jpg","width":512,"height":512,"caption":"Lapa Interior Design"},"image":{"@id":"https:\/\/lapainteriordesign.com\/#\/schema\/logo\/image\/"},"sameAs":["https:\/\/www.facebook.com\/LapaInteriorDesign","https:\/\/x.com\/lapainterior","https:\/\/www.instagram.com\/lapainteriordesign\/","https:\/\/www.linkedin.com\/in\/lapa-interior-design-376823206\/"]}]}},"_links":{"self":[{"href":"https:\/\/lapainteriordesign.com\/fr\/wp-json\/wp\/v2\/product\/24273","targetHints":{"allow":["GET"]}}],"collection":[{"href":"https:\/\/lapainteriordesign.com\/fr\/wp-json\/wp\/v2\/product"}],"about":[{"href":"https:\/\/lapainteriordesign.com\/fr\/wp-json\/wp\/v2\/types\/product"}],"version-history":[{"count":0,"href":"https:\/\/lapainteriordesign.com\/fr\/wp-json\/wp\/v2\/product\/24273\/revisions"}],"wp:featuredmedia":[{"embeddable":true,"href":"https:\/\/lapainteriordesign.com\/fr\/wp-json\/wp\/v2\/media\/24265"}],"wp:attachment":[{"href":"https:\/\/lapainteriordesign.com\/fr\/wp-json\/wp\/v2\/media?parent=24273"}],"wp:term":[{"taxonomy":"product_brand","embeddable":true,"href":"https:\/\/lapainteriordesign.com\/fr\/wp-json\/wp\/v2\/product_brand?post=24273"},{"taxonomy":"product_cat","embeddable":true,"href":"https:\/\/lapainteriordesign.com\/fr\/wp-json\/wp\/v2\/product_cat?post=24273"},{"taxonomy":"product_tag","embeddable":true,"href":"https:\/\/lapainteriordesign.com\/fr\/wp-json\/wp\/v2\/product_tag?post=24273"}],"curies":[{"name":"wp","href":"https:\/\/api.w.org\/{rel}","templated":true}]}}