{"id":24157,"date":"2023-05-15T21:35:17","date_gmt":"2023-05-15T21:35:17","guid":{"rendered":"https:\/\/lapainteriordesign.com\/product\/provoke-chair\/"},"modified":"2026-01-04T16:55:52","modified_gmt":"2026-01-04T16:55:52","slug":"provoke-chair","status":"publish","type":"product","link":"https:\/\/lapainteriordesign.com\/fr\/product\/provoke-chair\/","title":{"rendered":"Provoke chair"},"content":{"rendered":"<h5 data-start=\"3764\" data-end=\"3801\">Un design sculptural et moderne<\/h5>\n<p data-start=\"3802\" data-end=\"4046\">La <strong data-start=\"3805\" data-end=\"3823\">Chaise Provoke<\/strong> attire imm\u00e9diatement le regard gr\u00e2ce \u00e0 son design affirm\u00e9. Son dossier convexe et ajour\u00e9 offre un excellent soutien. En outre, il cr\u00e9e une silhouette moderne et \u00e9quilibr\u00e9e. Ainsi, la chaise apporte du caract\u00e8re \u00e0 l\u2019espace.<\/p>\n<h5 data-start=\"4048\" data-end=\"4088\">Savoir-faire et finitions soign\u00e9es<\/h5>\n<p data-start=\"4089\" data-end=\"4350\">Chaque <strong data-start=\"4096\" data-end=\"4114\">Chaise Provoke<\/strong> est r\u00e9alis\u00e9e avec une grande attention aux d\u00e9tails. Le tissu tapiss\u00e9 pr\u00e9sente un motif discret mais expressif. De plus, les finitions refl\u00e8tent un v\u00e9ritable savoir-faire artisanal. Par cons\u00e9quent, la chaise allie esth\u00e9tique et qualit\u00e9.<\/p>\n<h5 data-start=\"4352\" data-end=\"4384\">Des pieds en bois \u00e9l\u00e9gants<\/h5>\n<p data-start=\"4385\" data-end=\"4599\">La chaise repose sur quatre pieds effil\u00e9s en bois finition Groove Brown. Ces pieds assurent stabilit\u00e9 et solidit\u00e9. En m\u00eame temps, ils apportent une touche chaleureuse. Ainsi, la structure reste \u00e9l\u00e9gante et durable.<\/p>\n<h5 data-start=\"4601\" data-end=\"4629\">Une chaise polyvalente<\/h5>\n<p data-start=\"4630\" data-end=\"4985\">La <strong data-start=\"4633\" data-end=\"4651\">Chaise Provoke<\/strong> s\u2019int\u00e8gre parfaitement dans une salle \u00e0 manger contemporaine. Par exemple, elle peut accompagner une table design ou en bois massif. Elle convient aussi aux salons ou bureaux. D\u00e9couvre notre s\u00e9lection de <a class=\"decorated-link cursor-pointer\" target=\"_new\" rel=\"noopener\" data-start=\"4856\" data-end=\"4924\">mobilier de salle \u00e0 manger<\/a> et les tendances sur <a class=\"decorated-link\" href=\"https:\/\/www.archdaily.com\" target=\"_new\" rel=\"noopener\" data-start=\"4946\" data-end=\"4984\">ArchDaily<\/a>.<\/p>\n<h5 data-start=\"4987\" data-end=\"5032\">Mat\u00e9riaux premium et options sur mesure<\/h5>\n<p data-start=\"5033\" data-end=\"5293\">Le rev\u00eatement en Balou 090 offre douceur et confort. De plus, le bois s\u00e9lectionn\u00e9 garantit r\u00e9sistance et long\u00e9vit\u00e9. Des dimensions et finitions personnalis\u00e9es sont disponibles sur demande. Ainsi, la <strong data-start=\"5232\" data-end=\"5250\">Chaise Provoke<\/strong> s\u2019adapte \u00e0 tous les projets d\u2019am\u00e9nagement.<\/p>\n<p data-start=\"5300\" data-end=\"5456\"><strong data-start=\"5300\" data-end=\"5329\">Sp\u00e9cifications techniques<\/strong><br data-start=\"5329\" data-end=\"5332\" \/>\u2022 Rev\u00eatement : Balou 090 (1,70 m)<br data-start=\"5365\" data-end=\"5368\" \/>\u2022 Pieds : bois Groove Brown<br data-start=\"5395\" data-end=\"5398\" \/>\u2022 Personnalisation : dimensions et finitions sur demande<\/p>\n","protected":false},"excerpt":{"rendered":"<p>La Chaise Provoke associe \u00e9l\u00e9gance, confort et design contemporain. Son dossier convexe et ajour\u00e9 cr\u00e9e une silhouette sculpturale remarquable. De plus, le tissu Balou apporte texture et raffinement. Elle s\u2019int\u00e8gre parfaitement aux salles \u00e0 manger, salons ou bureaux, avec stabilit\u00e9, confort et options de personnalisation.<\/p>\n","protected":false},"featured_media":24146,"template":"","meta":{"_joinchat":{"telephone":"+351910131778","message_text":"Questions about this piece?"}},"product_brand":[],"product_cat":[2395,2393],"product_tag":[2401,2400,2404,5071,816,6256],"class_list":{"0":"post-24157","1":"product","2":"type-product","3":"status-publish","4":"has-post-thumbnail","6":"product_cat-chairs","7":"product_cat-furniture","8":"product_tag-chaise-contemporaine","9":"product_tag-chaise-design","10":"product_tag-chaise-moderne","11":"product_tag-chaise-tapissee","12":"product_tag-lapa-interior-design","13":"product_tag-mobilier-de-salle-a-manger","15":"first","16":"instock","17":"taxable","18":"shipping-taxable","19":"purchasable","20":"product-type-simple"},"yoast_head":"<!-- This site is optimized with the Yoast SEO plugin v26.7 - https:\/\/yoast.com\/wordpress\/plugins\/seo\/ -->\n<title>Provoke chair - lapainteriordesign.com<\/title>\n<meta name=\"description\" content=\"Chaise Provoke au design \u00e9l\u00e9gant, dossier sculptural et tissu Balou. Confort, caract\u00e8re et personnalisation pour int\u00e9rieurs modernes.\" \/>\n<meta name=\"robots\" content=\"index, follow, max-snippet:-1, max-image-preview:large, max-video-preview:-1\" \/>\n<link rel=\"canonical\" href=\"https:\/\/lapainteriordesign.com\/fr\/product\/provoke-chair\/\" \/>\n<meta property=\"og:locale\" content=\"fr_FR\" \/>\n<meta property=\"og:type\" content=\"article\" \/>\n<meta property=\"og:title\" content=\"Provoke chair - lapainteriordesign.com\" \/>\n<meta property=\"og:description\" content=\"Chaise Provoke au design \u00e9l\u00e9gant, dossier sculptural et tissu Balou. Confort, caract\u00e8re et personnalisation pour int\u00e9rieurs modernes.\" \/>\n<meta property=\"og:url\" content=\"https:\/\/lapainteriordesign.com\/fr\/product\/provoke-chair\/\" \/>\n<meta property=\"og:site_name\" content=\"lapainteriordesign.com\" \/>\n<meta property=\"article:publisher\" content=\"https:\/\/www.facebook.com\/LapaInteriorDesign\" \/>\n<meta property=\"article:modified_time\" content=\"2026-01-04T16:55:52+00:00\" \/>\n<meta property=\"og:image\" content=\"https:\/\/lapainteriordesign.com\/wp-content\/uploads\/2023\/05\/Lapa-AMliving-Provoke-chair-front-P15011.GB2_.TC-1554x1123-1.jpg\" \/>\n\t<meta property=\"og:image:width\" content=\"1000\" \/>\n\t<meta property=\"og:image:height\" content=\"1000\" \/>\n\t<meta property=\"og:image:type\" content=\"image\/jpeg\" \/>\n<meta name=\"twitter:card\" content=\"summary_large_image\" \/>\n<meta name=\"twitter:site\" content=\"@lapainterior\" \/>\n<meta name=\"twitter:label1\" content=\"Dur\u00e9e de lecture estim\u00e9e\" \/>\n\t<meta name=\"twitter:data1\" content=\"2 minutes\" \/>\n<script type=\"application\/ld+json\" class=\"yoast-schema-graph\">{\"@context\":\"https:\/\/schema.org\",\"@graph\":[{\"@type\":\"WebPage\",\"@id\":\"https:\/\/lapainteriordesign.com\/fr\/product\/provoke-chair\/\",\"url\":\"https:\/\/lapainteriordesign.com\/fr\/product\/provoke-chair\/\",\"name\":\"Provoke chair - lapainteriordesign.com\",\"isPartOf\":{\"@id\":\"https:\/\/lapainteriordesign.com\/#website\"},\"primaryImageOfPage\":{\"@id\":\"https:\/\/lapainteriordesign.com\/fr\/product\/provoke-chair\/#primaryimage\"},\"image\":{\"@id\":\"https:\/\/lapainteriordesign.com\/fr\/product\/provoke-chair\/#primaryimage\"},\"thumbnailUrl\":\"https:\/\/lapainteriordesign.com\/wp-content\/uploads\/2023\/05\/Lapa-AMliving-Provoke-chair-front-P15011.GB2_.TC-1554x1123-1.jpg\",\"datePublished\":\"2023-05-15T21:35:17+00:00\",\"dateModified\":\"2026-01-04T16:55:52+00:00\",\"description\":\"Chaise Provoke au design \u00e9l\u00e9gant, dossier sculptural et tissu Balou. Confort, caract\u00e8re et personnalisation pour int\u00e9rieurs modernes.\",\"breadcrumb\":{\"@id\":\"https:\/\/lapainteriordesign.com\/fr\/product\/provoke-chair\/#breadcrumb\"},\"inLanguage\":\"fr-FR\",\"potentialAction\":[{\"@type\":\"ReadAction\",\"target\":[\"https:\/\/lapainteriordesign.com\/fr\/product\/provoke-chair\/\"]}]},{\"@type\":\"ImageObject\",\"inLanguage\":\"fr-FR\",\"@id\":\"https:\/\/lapainteriordesign.com\/fr\/product\/provoke-chair\/#primaryimage\",\"url\":\"https:\/\/lapainteriordesign.com\/wp-content\/uploads\/2023\/05\/Lapa-AMliving-Provoke-chair-front-P15011.GB2_.TC-1554x1123-1.jpg\",\"contentUrl\":\"https:\/\/lapainteriordesign.com\/wp-content\/uploads\/2023\/05\/Lapa-AMliving-Provoke-chair-front-P15011.GB2_.TC-1554x1123-1.jpg\",\"width\":1000,\"height\":1000},{\"@type\":\"BreadcrumbList\",\"@id\":\"https:\/\/lapainteriordesign.com\/fr\/product\/provoke-chair\/#breadcrumb\",\"itemListElement\":[{\"@type\":\"ListItem\",\"position\":1,\"name\":\"Home\",\"item\":\"https:\/\/lapainteriordesign.com\/fr\/\"},{\"@type\":\"ListItem\",\"position\":2,\"name\":\"Products\",\"item\":\"https:\/\/lapainteriordesign.com\/products\/\"},{\"@type\":\"ListItem\",\"position\":3,\"name\":\"Provoke chair\"}]},{\"@type\":\"WebSite\",\"@id\":\"https:\/\/lapainteriordesign.com\/#website\",\"url\":\"https:\/\/lapainteriordesign.com\/\",\"name\":\"lapainteriordesign.com\",\"description\":\"Luxury Interior Design\",\"publisher\":{\"@id\":\"https:\/\/lapainteriordesign.com\/#organization\"},\"potentialAction\":[{\"@type\":\"SearchAction\",\"target\":{\"@type\":\"EntryPoint\",\"urlTemplate\":\"https:\/\/lapainteriordesign.com\/?s={search_term_string}\"},\"query-input\":{\"@type\":\"PropertyValueSpecification\",\"valueRequired\":true,\"valueName\":\"search_term_string\"}}],\"inLanguage\":\"fr-FR\"},{\"@type\":\"Organization\",\"@id\":\"https:\/\/lapainteriordesign.com\/#organization\",\"name\":\"Lapa Interior Design\",\"url\":\"https:\/\/lapainteriordesign.com\/\",\"logo\":{\"@type\":\"ImageObject\",\"inLanguage\":\"fr-FR\",\"@id\":\"https:\/\/lapainteriordesign.com\/#\/schema\/logo\/image\/\",\"url\":\"https:\/\/lapainteriordesign.com\/wp-content\/uploads\/2026\/02\/cropped-Design-sem-nome-2026-02-04T094114.020.jpg\",\"contentUrl\":\"https:\/\/lapainteriordesign.com\/wp-content\/uploads\/2026\/02\/cropped-Design-sem-nome-2026-02-04T094114.020.jpg\",\"width\":512,\"height\":512,\"caption\":\"Lapa Interior Design\"},\"image\":{\"@id\":\"https:\/\/lapainteriordesign.com\/#\/schema\/logo\/image\/\"},\"sameAs\":[\"https:\/\/www.facebook.com\/LapaInteriorDesign\",\"https:\/\/x.com\/lapainterior\",\"https:\/\/www.instagram.com\/lapainteriordesign\/\",\"https:\/\/www.linkedin.com\/in\/lapa-interior-design-376823206\/\"]}]}<\/script>\n<!-- \/ Yoast SEO plugin. -->","yoast_head_json":{"title":"Provoke chair - lapainteriordesign.com","description":"Chaise Provoke au design \u00e9l\u00e9gant, dossier sculptural et tissu Balou. Confort, caract\u00e8re et personnalisation pour int\u00e9rieurs modernes.","robots":{"index":"index","follow":"follow","max-snippet":"max-snippet:-1","max-image-preview":"max-image-preview:large","max-video-preview":"max-video-preview:-1"},"canonical":"https:\/\/lapainteriordesign.com\/fr\/product\/provoke-chair\/","og_locale":"fr_FR","og_type":"article","og_title":"Provoke chair - lapainteriordesign.com","og_description":"Chaise Provoke au design \u00e9l\u00e9gant, dossier sculptural et tissu Balou. Confort, caract\u00e8re et personnalisation pour int\u00e9rieurs modernes.","og_url":"https:\/\/lapainteriordesign.com\/fr\/product\/provoke-chair\/","og_site_name":"lapainteriordesign.com","article_publisher":"https:\/\/www.facebook.com\/LapaInteriorDesign","article_modified_time":"2026-01-04T16:55:52+00:00","og_image":[{"width":1000,"height":1000,"url":"https:\/\/lapainteriordesign.com\/wp-content\/uploads\/2023\/05\/Lapa-AMliving-Provoke-chair-front-P15011.GB2_.TC-1554x1123-1.jpg","type":"image\/jpeg"}],"twitter_card":"summary_large_image","twitter_site":"@lapainterior","twitter_misc":{"Dur\u00e9e de lecture estim\u00e9e":"2 minutes"},"schema":{"@context":"https:\/\/schema.org","@graph":[{"@type":"WebPage","@id":"https:\/\/lapainteriordesign.com\/fr\/product\/provoke-chair\/","url":"https:\/\/lapainteriordesign.com\/fr\/product\/provoke-chair\/","name":"Provoke chair - lapainteriordesign.com","isPartOf":{"@id":"https:\/\/lapainteriordesign.com\/#website"},"primaryImageOfPage":{"@id":"https:\/\/lapainteriordesign.com\/fr\/product\/provoke-chair\/#primaryimage"},"image":{"@id":"https:\/\/lapainteriordesign.com\/fr\/product\/provoke-chair\/#primaryimage"},"thumbnailUrl":"https:\/\/lapainteriordesign.com\/wp-content\/uploads\/2023\/05\/Lapa-AMliving-Provoke-chair-front-P15011.GB2_.TC-1554x1123-1.jpg","datePublished":"2023-05-15T21:35:17+00:00","dateModified":"2026-01-04T16:55:52+00:00","description":"Chaise Provoke au design \u00e9l\u00e9gant, dossier sculptural et tissu Balou. Confort, caract\u00e8re et personnalisation pour int\u00e9rieurs modernes.","breadcrumb":{"@id":"https:\/\/lapainteriordesign.com\/fr\/product\/provoke-chair\/#breadcrumb"},"inLanguage":"fr-FR","potentialAction":[{"@type":"ReadAction","target":["https:\/\/lapainteriordesign.com\/fr\/product\/provoke-chair\/"]}]},{"@type":"ImageObject","inLanguage":"fr-FR","@id":"https:\/\/lapainteriordesign.com\/fr\/product\/provoke-chair\/#primaryimage","url":"https:\/\/lapainteriordesign.com\/wp-content\/uploads\/2023\/05\/Lapa-AMliving-Provoke-chair-front-P15011.GB2_.TC-1554x1123-1.jpg","contentUrl":"https:\/\/lapainteriordesign.com\/wp-content\/uploads\/2023\/05\/Lapa-AMliving-Provoke-chair-front-P15011.GB2_.TC-1554x1123-1.jpg","width":1000,"height":1000},{"@type":"BreadcrumbList","@id":"https:\/\/lapainteriordesign.com\/fr\/product\/provoke-chair\/#breadcrumb","itemListElement":[{"@type":"ListItem","position":1,"name":"Home","item":"https:\/\/lapainteriordesign.com\/fr\/"},{"@type":"ListItem","position":2,"name":"Products","item":"https:\/\/lapainteriordesign.com\/products\/"},{"@type":"ListItem","position":3,"name":"Provoke chair"}]},{"@type":"WebSite","@id":"https:\/\/lapainteriordesign.com\/#website","url":"https:\/\/lapainteriordesign.com\/","name":"lapainteriordesign.com","description":"Luxury Interior Design","publisher":{"@id":"https:\/\/lapainteriordesign.com\/#organization"},"potentialAction":[{"@type":"SearchAction","target":{"@type":"EntryPoint","urlTemplate":"https:\/\/lapainteriordesign.com\/?s={search_term_string}"},"query-input":{"@type":"PropertyValueSpecification","valueRequired":true,"valueName":"search_term_string"}}],"inLanguage":"fr-FR"},{"@type":"Organization","@id":"https:\/\/lapainteriordesign.com\/#organization","name":"Lapa Interior Design","url":"https:\/\/lapainteriordesign.com\/","logo":{"@type":"ImageObject","inLanguage":"fr-FR","@id":"https:\/\/lapainteriordesign.com\/#\/schema\/logo\/image\/","url":"https:\/\/lapainteriordesign.com\/wp-content\/uploads\/2026\/02\/cropped-Design-sem-nome-2026-02-04T094114.020.jpg","contentUrl":"https:\/\/lapainteriordesign.com\/wp-content\/uploads\/2026\/02\/cropped-Design-sem-nome-2026-02-04T094114.020.jpg","width":512,"height":512,"caption":"Lapa Interior Design"},"image":{"@id":"https:\/\/lapainteriordesign.com\/#\/schema\/logo\/image\/"},"sameAs":["https:\/\/www.facebook.com\/LapaInteriorDesign","https:\/\/x.com\/lapainterior","https:\/\/www.instagram.com\/lapainteriordesign\/","https:\/\/www.linkedin.com\/in\/lapa-interior-design-376823206\/"]}]}},"_links":{"self":[{"href":"https:\/\/lapainteriordesign.com\/fr\/wp-json\/wp\/v2\/product\/24157","targetHints":{"allow":["GET"]}}],"collection":[{"href":"https:\/\/lapainteriordesign.com\/fr\/wp-json\/wp\/v2\/product"}],"about":[{"href":"https:\/\/lapainteriordesign.com\/fr\/wp-json\/wp\/v2\/types\/product"}],"version-history":[{"count":0,"href":"https:\/\/lapainteriordesign.com\/fr\/wp-json\/wp\/v2\/product\/24157\/revisions"}],"wp:featuredmedia":[{"embeddable":true,"href":"https:\/\/lapainteriordesign.com\/fr\/wp-json\/wp\/v2\/media\/24146"}],"wp:attachment":[{"href":"https:\/\/lapainteriordesign.com\/fr\/wp-json\/wp\/v2\/media?parent=24157"}],"wp:term":[{"taxonomy":"product_brand","embeddable":true,"href":"https:\/\/lapainteriordesign.com\/fr\/wp-json\/wp\/v2\/product_brand?post=24157"},{"taxonomy":"product_cat","embeddable":true,"href":"https:\/\/lapainteriordesign.com\/fr\/wp-json\/wp\/v2\/product_cat?post=24157"},{"taxonomy":"product_tag","embeddable":true,"href":"https:\/\/lapainteriordesign.com\/fr\/wp-json\/wp\/v2\/product_tag?post=24157"}],"curies":[{"name":"wp","href":"https:\/\/api.w.org\/{rel}","templated":true}]}}