{"id":23634,"date":"2023-05-25T20:37:52","date_gmt":"2023-05-25T20:37:52","guid":{"rendered":"https:\/\/lapainteriordesign.com\/product\/zeus-trimming-cushion\/"},"modified":"2026-01-04T13:45:53","modified_gmt":"2026-01-04T13:45:53","slug":"coussin-a-galon-zeus","status":"publish","type":"product","link":"https:\/\/lapainteriordesign.com\/fr\/product\/coussin-a-galon-zeus\/","title":{"rendered":"Coussin \u00e0 galon Zeus"},"content":{"rendered":"<h5 data-start=\"3753\" data-end=\"3799\">Inspiration artistique et r\u00e9cit visuel<\/h5>\n<p data-start=\"3800\" data-end=\"4061\">Le <strong data-start=\"3803\" data-end=\"3827\">Coussin \u00e0 Galon Zeus<\/strong> c\u00e9l\u00e8bre la nature gr\u00e2ce \u00e0 une broderie expressive. Les animaux en mouvement \u00e9voquent la gaiet\u00e9 d\u2019un carrousel, cr\u00e9ant une sc\u00e8ne po\u00e9tique et dynamique. Ainsi, ce coussin devient un objet d\u00e9coratif charg\u00e9 d\u2019histoire et de personnalit\u00e9.<\/p>\n<h5 data-start=\"4063\" data-end=\"4108\">Broderie riche et profondeur visuelle<\/h5>\n<p data-start=\"4109\" data-end=\"4346\">Ce coussin combine plusieurs techniques de broderie qui apportent relief et texture \u00e0 la surface. Chaque point ajoute dimension et raffinement. Par ailleurs, le contraste entre la broderie et la base en satin accentue son aspect luxueux.<\/p>\n<h5 data-start=\"4348\" data-end=\"4400\">Mat\u00e9riaux haut de gamme et contraste \u00e9l\u00e9gant<\/h5>\n<p data-start=\"4401\" data-end=\"4667\">Le tissu avant Zeus Col 01 Baby\u2019s Breath met en valeur la broderie avec clart\u00e9 et douceur. En revanche, le tissu arri\u00e8re Fondant Cetin CS Col 14 apporte \u00e9quilibre et sophistication. Le galon naturel compl\u00e8te le design avec subtilit\u00e9, renfor\u00e7ant sa valeur d\u00e9corative.<\/p>\n<h5 data-start=\"4669\" data-end=\"4711\">Application d\u00e9corative polyvalente<\/h5>\n<p data-start=\"4712\" data-end=\"5022\">Gr\u00e2ce \u00e0 son design expressif, le <strong data-start=\"4745\" data-end=\"4769\">Coussin \u00e0 Galon Zeus<\/strong> s\u2019int\u00e8gre parfaitement \u00e0 d\u2019autres coussins, aux rev\u00eatements ou aux rideaux sur mesure. Il s\u2019adapte aussi bien \u00e0 des int\u00e9rieurs classiques, contemporains ou \u00e9clectiques. Id\u00e9al pour les designers et amateurs de d\u00e9coration recherchant des d\u00e9tails uniques.<\/p>\n<h5 data-start=\"5024\" data-end=\"5066\">Inspirations et d\u00e9tails techniques<\/h5>\n<p data-start=\"5067\" data-end=\"5319\">Pour plus d\u2019options, d\u00e9couvrez notre <a class=\"decorated-link cursor-pointer\" target=\"_new\" rel=\"noopener\" data-start=\"5104\" data-end=\"5184\">Collection de Coussins D\u00e9coratifs<\/a>. Pour inspiration, consultez <a class=\"decorated-link\" href=\"https:\/\/www.elledecor.com\" target=\"_new\" rel=\"noopener\" data-start=\"5214\" data-end=\"5253\">Elle Decor<\/a> ou <a class=\"decorated-link\" href=\"https:\/\/www.architecturaldigest.com\" target=\"_new\" rel=\"noopener\" data-start=\"5257\" data-end=\"5316\">Architectural Digest<\/a>.<\/p>\n<p data-start=\"5321\" data-end=\"5503\"><strong data-start=\"5321\" data-end=\"5343\">D\u00e9tails du produit<\/strong><br data-start=\"5343\" data-end=\"5346\" \/>Tissu avant : Zeus Col 01 Baby\u2019s Breath<br data-start=\"5385\" data-end=\"5388\" \/>Tissu arri\u00e8re : Fondant Cetin CS Col 14<br data-start=\"5427\" data-end=\"5430\" \/>Composition : 100 % Coton<br data-start=\"5455\" data-end=\"5458\" \/>Galon : S290210101 ROUCHE 81903 \/ 050 \/ NAT<\/p>\n","protected":false},"excerpt":{"rendered":"<p>Le <strong data-start=\"3402\" data-end=\"3426\">Coussin \u00e0 Galon Zeus<\/strong> associe broderie artistique et inspiration naturelle. Chaque point cr\u00e9e texture et profondeur visuelle. Sa base en satin et son galon naturel offrent une finition \u00e9l\u00e9gante. Id\u00e9al pour canap\u00e9s, rideaux ou projets sur mesure, il apporte caract\u00e8re et sophistication \u00e0 tout int\u00e9rieur.<\/p>\n","protected":false},"featured_media":23630,"template":"","meta":{"_joinchat":{"telephone":"+351910131778","message_text":"Questions about this piece?"}},"product_brand":[],"product_cat":[4211,5524],"product_tag":[6054,6055,6028,6044,4226,816,6056],"class_list":{"0":"post-23634","1":"product","2":"type-product","3":"status-publish","4":"has-post-thumbnail","6":"product_cat-accessories","7":"product_cat-pillows","8":"product_tag-coussin-a-galon-zeus","9":"product_tag-coussin-brode","10":"product_tag-coussin-decoratif-artistique","11":"product_tag-coussin-design","12":"product_tag-decoration-interieure","13":"product_tag-lapa-interior-design","14":"product_tag-textile-de-luxe","16":"first","17":"onbackorder","18":"taxable","19":"shipping-taxable","20":"purchasable","21":"product-type-simple"},"yoast_head":"<!-- This site is optimized with the Yoast SEO plugin v26.7 - https:\/\/yoast.com\/wordpress\/plugins\/seo\/ -->\n<title>Coussin \u00e0 galon Zeus - lapainteriordesign.com<\/title>\n<meta name=\"description\" content=\"Coussin \u00e0 galon Zeus avec broderie artistique. Texture riche, d\u00e9tail \u00e9l\u00e9gant et d\u00e9coration distinctive pour int\u00e9rieurs contemporains.\" \/>\n<meta name=\"robots\" content=\"index, follow, max-snippet:-1, max-image-preview:large, max-video-preview:-1\" \/>\n<link rel=\"canonical\" href=\"https:\/\/lapainteriordesign.com\/fr\/product\/coussin-a-galon-zeus\/\" \/>\n<meta property=\"og:locale\" content=\"fr_FR\" \/>\n<meta property=\"og:type\" content=\"article\" \/>\n<meta property=\"og:title\" content=\"Coussin \u00e0 galon Zeus - lapainteriordesign.com\" \/>\n<meta property=\"og:description\" content=\"Coussin \u00e0 galon Zeus avec broderie artistique. Texture riche, d\u00e9tail \u00e9l\u00e9gant et d\u00e9coration distinctive pour int\u00e9rieurs contemporains.\" \/>\n<meta property=\"og:url\" content=\"https:\/\/lapainteriordesign.com\/fr\/product\/coussin-a-galon-zeus\/\" \/>\n<meta property=\"og:site_name\" content=\"lapainteriordesign.com\" \/>\n<meta property=\"article:publisher\" content=\"https:\/\/www.facebook.com\/LapaInteriorDesign\" \/>\n<meta property=\"article:modified_time\" content=\"2026-01-04T13:45:53+00:00\" \/>\n<meta property=\"og:image\" content=\"https:\/\/lapainteriordesign.com\/wp-content\/uploads\/2023\/05\/lapa-aldeco-ZEUS-Babys-Breath-60X30-S1120_1_prod_v_1675435541.jpg\" \/>\n\t<meta property=\"og:image:width\" content=\"500\" \/>\n\t<meta property=\"og:image:height\" content=\"500\" \/>\n\t<meta property=\"og:image:type\" content=\"image\/jpeg\" \/>\n<meta name=\"twitter:card\" content=\"summary_large_image\" \/>\n<meta name=\"twitter:site\" content=\"@lapainterior\" \/>\n<meta name=\"twitter:label1\" content=\"Dur\u00e9e de lecture estim\u00e9e\" \/>\n\t<meta name=\"twitter:data1\" content=\"2 minutes\" \/>\n<script type=\"application\/ld+json\" class=\"yoast-schema-graph\">{\"@context\":\"https:\/\/schema.org\",\"@graph\":[{\"@type\":\"WebPage\",\"@id\":\"https:\/\/lapainteriordesign.com\/fr\/product\/coussin-a-galon-zeus\/\",\"url\":\"https:\/\/lapainteriordesign.com\/fr\/product\/coussin-a-galon-zeus\/\",\"name\":\"Coussin \u00e0 galon Zeus - lapainteriordesign.com\",\"isPartOf\":{\"@id\":\"https:\/\/lapainteriordesign.com\/#website\"},\"primaryImageOfPage\":{\"@id\":\"https:\/\/lapainteriordesign.com\/fr\/product\/coussin-a-galon-zeus\/#primaryimage\"},\"image\":{\"@id\":\"https:\/\/lapainteriordesign.com\/fr\/product\/coussin-a-galon-zeus\/#primaryimage\"},\"thumbnailUrl\":\"https:\/\/lapainteriordesign.com\/wp-content\/uploads\/2023\/05\/lapa-aldeco-ZEUS-Babys-Breath-60X30-S1120_1_prod_v_1675435541.jpg\",\"datePublished\":\"2023-05-25T20:37:52+00:00\",\"dateModified\":\"2026-01-04T13:45:53+00:00\",\"description\":\"Coussin \u00e0 galon Zeus avec broderie artistique. Texture riche, d\u00e9tail \u00e9l\u00e9gant et d\u00e9coration distinctive pour int\u00e9rieurs contemporains.\",\"breadcrumb\":{\"@id\":\"https:\/\/lapainteriordesign.com\/fr\/product\/coussin-a-galon-zeus\/#breadcrumb\"},\"inLanguage\":\"fr-FR\",\"potentialAction\":[{\"@type\":\"ReadAction\",\"target\":[\"https:\/\/lapainteriordesign.com\/fr\/product\/coussin-a-galon-zeus\/\"]}]},{\"@type\":\"ImageObject\",\"inLanguage\":\"fr-FR\",\"@id\":\"https:\/\/lapainteriordesign.com\/fr\/product\/coussin-a-galon-zeus\/#primaryimage\",\"url\":\"https:\/\/lapainteriordesign.com\/wp-content\/uploads\/2023\/05\/lapa-aldeco-ZEUS-Babys-Breath-60X30-S1120_1_prod_v_1675435541.jpg\",\"contentUrl\":\"https:\/\/lapainteriordesign.com\/wp-content\/uploads\/2023\/05\/lapa-aldeco-ZEUS-Babys-Breath-60X30-S1120_1_prod_v_1675435541.jpg\",\"width\":500,\"height\":500,\"caption\":\"Lapa-Interior_Design_aldeco-ZEUS-Babys-Breath-60X30-S1120_1_prod_v_1675435541\"},{\"@type\":\"BreadcrumbList\",\"@id\":\"https:\/\/lapainteriordesign.com\/fr\/product\/coussin-a-galon-zeus\/#breadcrumb\",\"itemListElement\":[{\"@type\":\"ListItem\",\"position\":1,\"name\":\"Home\",\"item\":\"https:\/\/lapainteriordesign.com\/fr\/\"},{\"@type\":\"ListItem\",\"position\":2,\"name\":\"Products\",\"item\":\"https:\/\/lapainteriordesign.com\/products\/\"},{\"@type\":\"ListItem\",\"position\":3,\"name\":\"Coussin \u00e0 galon Zeus\"}]},{\"@type\":\"WebSite\",\"@id\":\"https:\/\/lapainteriordesign.com\/#website\",\"url\":\"https:\/\/lapainteriordesign.com\/\",\"name\":\"lapainteriordesign.com\",\"description\":\"Luxury Interior Design\",\"publisher\":{\"@id\":\"https:\/\/lapainteriordesign.com\/#organization\"},\"potentialAction\":[{\"@type\":\"SearchAction\",\"target\":{\"@type\":\"EntryPoint\",\"urlTemplate\":\"https:\/\/lapainteriordesign.com\/?s={search_term_string}\"},\"query-input\":{\"@type\":\"PropertyValueSpecification\",\"valueRequired\":true,\"valueName\":\"search_term_string\"}}],\"inLanguage\":\"fr-FR\"},{\"@type\":\"Organization\",\"@id\":\"https:\/\/lapainteriordesign.com\/#organization\",\"name\":\"Lapa Interior Design\",\"url\":\"https:\/\/lapainteriordesign.com\/\",\"logo\":{\"@type\":\"ImageObject\",\"inLanguage\":\"fr-FR\",\"@id\":\"https:\/\/lapainteriordesign.com\/#\/schema\/logo\/image\/\",\"url\":\"https:\/\/lapainteriordesign.com\/wp-content\/uploads\/2026\/02\/cropped-Design-sem-nome-2026-02-04T094114.020.jpg\",\"contentUrl\":\"https:\/\/lapainteriordesign.com\/wp-content\/uploads\/2026\/02\/cropped-Design-sem-nome-2026-02-04T094114.020.jpg\",\"width\":512,\"height\":512,\"caption\":\"Lapa Interior Design\"},\"image\":{\"@id\":\"https:\/\/lapainteriordesign.com\/#\/schema\/logo\/image\/\"},\"sameAs\":[\"https:\/\/www.facebook.com\/LapaInteriorDesign\",\"https:\/\/x.com\/lapainterior\",\"https:\/\/www.instagram.com\/lapainteriordesign\/\",\"https:\/\/www.linkedin.com\/in\/lapa-interior-design-376823206\/\"]}]}<\/script>\n<!-- \/ Yoast SEO plugin. -->","yoast_head_json":{"title":"Coussin \u00e0 galon Zeus - lapainteriordesign.com","description":"Coussin \u00e0 galon Zeus avec broderie artistique. Texture riche, d\u00e9tail \u00e9l\u00e9gant et d\u00e9coration distinctive pour int\u00e9rieurs contemporains.","robots":{"index":"index","follow":"follow","max-snippet":"max-snippet:-1","max-image-preview":"max-image-preview:large","max-video-preview":"max-video-preview:-1"},"canonical":"https:\/\/lapainteriordesign.com\/fr\/product\/coussin-a-galon-zeus\/","og_locale":"fr_FR","og_type":"article","og_title":"Coussin \u00e0 galon Zeus - lapainteriordesign.com","og_description":"Coussin \u00e0 galon Zeus avec broderie artistique. Texture riche, d\u00e9tail \u00e9l\u00e9gant et d\u00e9coration distinctive pour int\u00e9rieurs contemporains.","og_url":"https:\/\/lapainteriordesign.com\/fr\/product\/coussin-a-galon-zeus\/","og_site_name":"lapainteriordesign.com","article_publisher":"https:\/\/www.facebook.com\/LapaInteriorDesign","article_modified_time":"2026-01-04T13:45:53+00:00","og_image":[{"width":500,"height":500,"url":"https:\/\/lapainteriordesign.com\/wp-content\/uploads\/2023\/05\/lapa-aldeco-ZEUS-Babys-Breath-60X30-S1120_1_prod_v_1675435541.jpg","type":"image\/jpeg"}],"twitter_card":"summary_large_image","twitter_site":"@lapainterior","twitter_misc":{"Dur\u00e9e de lecture estim\u00e9e":"2 minutes"},"schema":{"@context":"https:\/\/schema.org","@graph":[{"@type":"WebPage","@id":"https:\/\/lapainteriordesign.com\/fr\/product\/coussin-a-galon-zeus\/","url":"https:\/\/lapainteriordesign.com\/fr\/product\/coussin-a-galon-zeus\/","name":"Coussin \u00e0 galon Zeus - lapainteriordesign.com","isPartOf":{"@id":"https:\/\/lapainteriordesign.com\/#website"},"primaryImageOfPage":{"@id":"https:\/\/lapainteriordesign.com\/fr\/product\/coussin-a-galon-zeus\/#primaryimage"},"image":{"@id":"https:\/\/lapainteriordesign.com\/fr\/product\/coussin-a-galon-zeus\/#primaryimage"},"thumbnailUrl":"https:\/\/lapainteriordesign.com\/wp-content\/uploads\/2023\/05\/lapa-aldeco-ZEUS-Babys-Breath-60X30-S1120_1_prod_v_1675435541.jpg","datePublished":"2023-05-25T20:37:52+00:00","dateModified":"2026-01-04T13:45:53+00:00","description":"Coussin \u00e0 galon Zeus avec broderie artistique. Texture riche, d\u00e9tail \u00e9l\u00e9gant et d\u00e9coration distinctive pour int\u00e9rieurs contemporains.","breadcrumb":{"@id":"https:\/\/lapainteriordesign.com\/fr\/product\/coussin-a-galon-zeus\/#breadcrumb"},"inLanguage":"fr-FR","potentialAction":[{"@type":"ReadAction","target":["https:\/\/lapainteriordesign.com\/fr\/product\/coussin-a-galon-zeus\/"]}]},{"@type":"ImageObject","inLanguage":"fr-FR","@id":"https:\/\/lapainteriordesign.com\/fr\/product\/coussin-a-galon-zeus\/#primaryimage","url":"https:\/\/lapainteriordesign.com\/wp-content\/uploads\/2023\/05\/lapa-aldeco-ZEUS-Babys-Breath-60X30-S1120_1_prod_v_1675435541.jpg","contentUrl":"https:\/\/lapainteriordesign.com\/wp-content\/uploads\/2023\/05\/lapa-aldeco-ZEUS-Babys-Breath-60X30-S1120_1_prod_v_1675435541.jpg","width":500,"height":500,"caption":"Lapa-Interior_Design_aldeco-ZEUS-Babys-Breath-60X30-S1120_1_prod_v_1675435541"},{"@type":"BreadcrumbList","@id":"https:\/\/lapainteriordesign.com\/fr\/product\/coussin-a-galon-zeus\/#breadcrumb","itemListElement":[{"@type":"ListItem","position":1,"name":"Home","item":"https:\/\/lapainteriordesign.com\/fr\/"},{"@type":"ListItem","position":2,"name":"Products","item":"https:\/\/lapainteriordesign.com\/products\/"},{"@type":"ListItem","position":3,"name":"Coussin \u00e0 galon Zeus"}]},{"@type":"WebSite","@id":"https:\/\/lapainteriordesign.com\/#website","url":"https:\/\/lapainteriordesign.com\/","name":"lapainteriordesign.com","description":"Luxury Interior Design","publisher":{"@id":"https:\/\/lapainteriordesign.com\/#organization"},"potentialAction":[{"@type":"SearchAction","target":{"@type":"EntryPoint","urlTemplate":"https:\/\/lapainteriordesign.com\/?s={search_term_string}"},"query-input":{"@type":"PropertyValueSpecification","valueRequired":true,"valueName":"search_term_string"}}],"inLanguage":"fr-FR"},{"@type":"Organization","@id":"https:\/\/lapainteriordesign.com\/#organization","name":"Lapa Interior Design","url":"https:\/\/lapainteriordesign.com\/","logo":{"@type":"ImageObject","inLanguage":"fr-FR","@id":"https:\/\/lapainteriordesign.com\/#\/schema\/logo\/image\/","url":"https:\/\/lapainteriordesign.com\/wp-content\/uploads\/2026\/02\/cropped-Design-sem-nome-2026-02-04T094114.020.jpg","contentUrl":"https:\/\/lapainteriordesign.com\/wp-content\/uploads\/2026\/02\/cropped-Design-sem-nome-2026-02-04T094114.020.jpg","width":512,"height":512,"caption":"Lapa Interior Design"},"image":{"@id":"https:\/\/lapainteriordesign.com\/#\/schema\/logo\/image\/"},"sameAs":["https:\/\/www.facebook.com\/LapaInteriorDesign","https:\/\/x.com\/lapainterior","https:\/\/www.instagram.com\/lapainteriordesign\/","https:\/\/www.linkedin.com\/in\/lapa-interior-design-376823206\/"]}]}},"_links":{"self":[{"href":"https:\/\/lapainteriordesign.com\/fr\/wp-json\/wp\/v2\/product\/23634","targetHints":{"allow":["GET"]}}],"collection":[{"href":"https:\/\/lapainteriordesign.com\/fr\/wp-json\/wp\/v2\/product"}],"about":[{"href":"https:\/\/lapainteriordesign.com\/fr\/wp-json\/wp\/v2\/types\/product"}],"version-history":[{"count":0,"href":"https:\/\/lapainteriordesign.com\/fr\/wp-json\/wp\/v2\/product\/23634\/revisions"}],"wp:featuredmedia":[{"embeddable":true,"href":"https:\/\/lapainteriordesign.com\/fr\/wp-json\/wp\/v2\/media\/23630"}],"wp:attachment":[{"href":"https:\/\/lapainteriordesign.com\/fr\/wp-json\/wp\/v2\/media?parent=23634"}],"wp:term":[{"taxonomy":"product_brand","embeddable":true,"href":"https:\/\/lapainteriordesign.com\/fr\/wp-json\/wp\/v2\/product_brand?post=23634"},{"taxonomy":"product_cat","embeddable":true,"href":"https:\/\/lapainteriordesign.com\/fr\/wp-json\/wp\/v2\/product_cat?post=23634"},{"taxonomy":"product_tag","embeddable":true,"href":"https:\/\/lapainteriordesign.com\/fr\/wp-json\/wp\/v2\/product_tag?post=23634"}],"curies":[{"name":"wp","href":"https:\/\/api.w.org\/{rel}","templated":true}]}}