{"id":22788,"date":"2023-06-13T18:46:33","date_gmt":"2023-06-13T18:46:33","guid":{"rendered":"https:\/\/lapainteriordesign.com\/product\/mako-pillow\/"},"modified":"2026-01-03T15:07:00","modified_gmt":"2026-01-03T15:07:00","slug":"coussin-mako","status":"publish","type":"product","link":"https:\/\/lapainteriordesign.com\/fr\/product\/coussin-mako\/","title":{"rendered":"Coussin Mak\u00f2"},"content":{"rendered":"<h5 data-start=\"3305\" data-end=\"3340\">Puret\u00e9 et \u00e9l\u00e9gance raffin\u00e9e<\/h5>\n<p data-start=\"3341\" data-end=\"3762\">Le <strong data-start=\"3344\" data-end=\"3360\">coussin Mak\u00f2<\/strong> utilise le velours Mak\u00f2 01 Natural White pour le tissu et le passepoil, cr\u00e9ant un rendu uniforme et \u00e9l\u00e9gant. Son design minimaliste apporte de la sophistication sans surcharger l\u2019espace. De plus, la haute qualit\u00e9 du velours garantit que le coussin conserve sa forme et sa beaut\u00e9 au fil du temps. Pour d\u00e9couvrir d\u2019autres textiles, consultez <a class=\"decorated-link cursor-pointer\" target=\"_new\" rel=\"noopener\" data-start=\"3701\" data-end=\"3759\">Lapa Interior Design<\/a>.<\/p>\n<h5 data-start=\"3764\" data-end=\"3819\">Composition naturelle pour un confort sup\u00e9rieur<\/h5>\n<p data-start=\"3820\" data-end=\"4166\">Le tissu est compos\u00e9 \u00e0 100 % de CO Mak\u00f2, offrant respirabilit\u00e9 et toucher luxueux. La teinte neutre s\u2019int\u00e8gre facilement dans des int\u00e9rieurs contemporains, classiques ou minimalistes. Ainsi, le <strong data-start=\"4014\" data-end=\"4030\">coussin Mak\u00f2<\/strong> se combine harmonieusement avec d\u2019autres \u00e9l\u00e9ments d\u00e9coratifs, comme plaids, rideaux ou canap\u00e9s, cr\u00e9ant un espace \u00e9l\u00e9gant et apaisant.<\/p>\n<h5 data-start=\"4168\" data-end=\"4212\">Remarque importante sur les couleurs<\/h5>\n<p data-start=\"4213\" data-end=\"4461\">Les couleurs affich\u00e9es sont repr\u00e9sentatives et peuvent l\u00e9g\u00e8rement varier selon les param\u00e8tres d\u2019\u00e9cran. Cette pr\u00e9cision permet \u00e0 chaque coussin de conserver son caract\u00e8re authentique et la sensation de luxe dans tous les espaces o\u00f9 il est utilis\u00e9.<\/p>\n<p data-start=\"4463\" data-end=\"4480\"><strong data-start=\"4463\" data-end=\"4478\">Mat\u00e9riaux :<\/strong><\/p>\n<ul data-start=\"4481\" data-end=\"4609\">\n<li data-start=\"4481\" data-end=\"4522\">\n<p data-start=\"4483\" data-end=\"4522\">Tissu : velours Mak\u00f2 01 Natural White<\/p>\n<\/li>\n<li data-start=\"4523\" data-end=\"4568\">\n<p data-start=\"4525\" data-end=\"4568\">Passepoil : velours Mak\u00f2 01 Natural White<\/p>\n<\/li>\n<li data-start=\"4569\" data-end=\"4609\">\n<p data-start=\"4571\" data-end=\"4609\">Composition du tissu : 100 % CO Mak\u00f2<\/p>\n<\/li>\n<\/ul>\n<p>&nbsp;<\/p>\n","protected":false},"excerpt":{"rendered":"<p>Le <strong data-start=\"2917\" data-end=\"2933\">coussin Mak\u00f2<\/strong> se distingue par sa douceur exceptionnelle et son expression minimaliste. Sa teinte Natural White et sa texture velout\u00e9e apportent puret\u00e9 et calme \u00e0 tout int\u00e9rieur. Id\u00e9al pour chambres, salons ou espaces h\u00f4teliers qui valorisent le confort raffin\u00e9. La composition 100% CO Mak\u00f2 assure durabilit\u00e9, respirabilit\u00e9 et toucher luxueux.<\/p>\n","protected":false},"featured_media":22785,"template":"","meta":{"_joinchat":{"telephone":"+351910131778","message_text":"Questions about this piece?"}},"product_brand":[],"product_cat":[4211,5524],"product_tag":[4492,5538,5537,5536,4226,816,5541,3084,5539,5540],"class_list":{"0":"post-22788","1":"product","2":"type-product","3":"status-publish","4":"has-post-thumbnail","6":"product_cat-accessories","7":"product_cat-pillows","8":"product_tag-chambre-elegante","9":"product_tag-confort-raffine","10":"product_tag-coussin-en-velours","11":"product_tag-coussin-mako","12":"product_tag-decoration-interieure","13":"product_tag-lapa-interior-design","14":"product_tag-luxe-minimaliste","15":"product_tag-mako-velvet","16":"product_tag-salon-contemporain","17":"product_tag-texture-douce","19":"first","20":"instock","21":"taxable","22":"shipping-taxable","23":"purchasable","24":"product-type-simple"},"yoast_head":"<!-- This site is optimized with the Yoast SEO plugin v26.7 - https:\/\/yoast.com\/wordpress\/plugins\/seo\/ -->\n<title>Coussin Mak\u00f2 - lapainteriordesign.com<\/title>\n<meta name=\"description\" content=\"Coussin Mak\u00f2 : douceur exceptionnelle et \u00e9l\u00e9gance raffin\u00e9e. Velours blanc naturel pour chambres, salons ou espaces h\u00f4teliers sophistiqu\u00e9s.\" \/>\n<meta name=\"robots\" content=\"index, follow, max-snippet:-1, max-image-preview:large, max-video-preview:-1\" \/>\n<link rel=\"canonical\" href=\"https:\/\/lapainteriordesign.com\/fr\/product\/coussin-mako\/\" \/>\n<meta property=\"og:locale\" content=\"fr_FR\" \/>\n<meta property=\"og:type\" content=\"article\" \/>\n<meta property=\"og:title\" content=\"Coussin Mak\u00f2 - lapainteriordesign.com\" \/>\n<meta property=\"og:description\" content=\"Coussin Mak\u00f2 : douceur exceptionnelle et \u00e9l\u00e9gance raffin\u00e9e. Velours blanc naturel pour chambres, salons ou espaces h\u00f4teliers sophistiqu\u00e9s.\" \/>\n<meta property=\"og:url\" content=\"https:\/\/lapainteriordesign.com\/fr\/product\/coussin-mako\/\" \/>\n<meta property=\"og:site_name\" content=\"lapainteriordesign.com\" \/>\n<meta property=\"article:publisher\" content=\"https:\/\/www.facebook.com\/LapaInteriorDesign\" \/>\n<meta property=\"article:modified_time\" content=\"2026-01-03T15:07:00+00:00\" \/>\n<meta property=\"og:image\" content=\"https:\/\/lapainteriordesign.com\/wp-content\/uploads\/2023\/06\/Lapa-Aldeco-MAKO-VELVET-45X30-P-1244_1_prod_v_1675338984.jpg\" \/>\n\t<meta property=\"og:image:width\" content=\"500\" \/>\n\t<meta property=\"og:image:height\" content=\"500\" \/>\n\t<meta property=\"og:image:type\" content=\"image\/jpeg\" \/>\n<meta name=\"twitter:card\" content=\"summary_large_image\" \/>\n<meta name=\"twitter:site\" content=\"@lapainterior\" \/>\n<meta name=\"twitter:label1\" content=\"Dur\u00e9e de lecture estim\u00e9e\" \/>\n\t<meta name=\"twitter:data1\" content=\"1 minute\" \/>\n<script type=\"application\/ld+json\" class=\"yoast-schema-graph\">{\"@context\":\"https:\/\/schema.org\",\"@graph\":[{\"@type\":\"WebPage\",\"@id\":\"https:\/\/lapainteriordesign.com\/fr\/product\/coussin-mako\/\",\"url\":\"https:\/\/lapainteriordesign.com\/fr\/product\/coussin-mako\/\",\"name\":\"Coussin Mak\u00f2 - lapainteriordesign.com\",\"isPartOf\":{\"@id\":\"https:\/\/lapainteriordesign.com\/#website\"},\"primaryImageOfPage\":{\"@id\":\"https:\/\/lapainteriordesign.com\/fr\/product\/coussin-mako\/#primaryimage\"},\"image\":{\"@id\":\"https:\/\/lapainteriordesign.com\/fr\/product\/coussin-mako\/#primaryimage\"},\"thumbnailUrl\":\"https:\/\/lapainteriordesign.com\/wp-content\/uploads\/2023\/06\/Lapa-Aldeco-MAKO-VELVET-45X30-P-1244_1_prod_v_1675338984.jpg\",\"datePublished\":\"2023-06-13T18:46:33+00:00\",\"dateModified\":\"2026-01-03T15:07:00+00:00\",\"description\":\"Coussin Mak\u00f2 : douceur exceptionnelle et \u00e9l\u00e9gance raffin\u00e9e. Velours blanc naturel pour chambres, salons ou espaces h\u00f4teliers sophistiqu\u00e9s.\",\"breadcrumb\":{\"@id\":\"https:\/\/lapainteriordesign.com\/fr\/product\/coussin-mako\/#breadcrumb\"},\"inLanguage\":\"fr-FR\",\"potentialAction\":[{\"@type\":\"ReadAction\",\"target\":[\"https:\/\/lapainteriordesign.com\/fr\/product\/coussin-mako\/\"]}]},{\"@type\":\"ImageObject\",\"inLanguage\":\"fr-FR\",\"@id\":\"https:\/\/lapainteriordesign.com\/fr\/product\/coussin-mako\/#primaryimage\",\"url\":\"https:\/\/lapainteriordesign.com\/wp-content\/uploads\/2023\/06\/Lapa-Aldeco-MAKO-VELVET-45X30-P-1244_1_prod_v_1675338984.jpg\",\"contentUrl\":\"https:\/\/lapainteriordesign.com\/wp-content\/uploads\/2023\/06\/Lapa-Aldeco-MAKO-VELVET-45X30-P-1244_1_prod_v_1675338984.jpg\",\"width\":500,\"height\":500},{\"@type\":\"BreadcrumbList\",\"@id\":\"https:\/\/lapainteriordesign.com\/fr\/product\/coussin-mako\/#breadcrumb\",\"itemListElement\":[{\"@type\":\"ListItem\",\"position\":1,\"name\":\"Home\",\"item\":\"https:\/\/lapainteriordesign.com\/fr\/\"},{\"@type\":\"ListItem\",\"position\":2,\"name\":\"Products\",\"item\":\"https:\/\/lapainteriordesign.com\/products\/\"},{\"@type\":\"ListItem\",\"position\":3,\"name\":\"Coussin Mak\u00f2\"}]},{\"@type\":\"WebSite\",\"@id\":\"https:\/\/lapainteriordesign.com\/#website\",\"url\":\"https:\/\/lapainteriordesign.com\/\",\"name\":\"lapainteriordesign.com\",\"description\":\"Luxury Interior Design\",\"publisher\":{\"@id\":\"https:\/\/lapainteriordesign.com\/#organization\"},\"potentialAction\":[{\"@type\":\"SearchAction\",\"target\":{\"@type\":\"EntryPoint\",\"urlTemplate\":\"https:\/\/lapainteriordesign.com\/?s={search_term_string}\"},\"query-input\":{\"@type\":\"PropertyValueSpecification\",\"valueRequired\":true,\"valueName\":\"search_term_string\"}}],\"inLanguage\":\"fr-FR\"},{\"@type\":\"Organization\",\"@id\":\"https:\/\/lapainteriordesign.com\/#organization\",\"name\":\"Lapa Interior Design\",\"url\":\"https:\/\/lapainteriordesign.com\/\",\"logo\":{\"@type\":\"ImageObject\",\"inLanguage\":\"fr-FR\",\"@id\":\"https:\/\/lapainteriordesign.com\/#\/schema\/logo\/image\/\",\"url\":\"https:\/\/lapainteriordesign.com\/wp-content\/uploads\/2026\/02\/cropped-Design-sem-nome-2026-02-04T094114.020.jpg\",\"contentUrl\":\"https:\/\/lapainteriordesign.com\/wp-content\/uploads\/2026\/02\/cropped-Design-sem-nome-2026-02-04T094114.020.jpg\",\"width\":512,\"height\":512,\"caption\":\"Lapa Interior Design\"},\"image\":{\"@id\":\"https:\/\/lapainteriordesign.com\/#\/schema\/logo\/image\/\"},\"sameAs\":[\"https:\/\/www.facebook.com\/LapaInteriorDesign\",\"https:\/\/x.com\/lapainterior\",\"https:\/\/www.instagram.com\/lapainteriordesign\/\",\"https:\/\/www.linkedin.com\/in\/lapa-interior-design-376823206\/\"]}]}<\/script>\n<!-- \/ Yoast SEO plugin. -->","yoast_head_json":{"title":"Coussin Mak\u00f2 - lapainteriordesign.com","description":"Coussin Mak\u00f2 : douceur exceptionnelle et \u00e9l\u00e9gance raffin\u00e9e. Velours blanc naturel pour chambres, salons ou espaces h\u00f4teliers sophistiqu\u00e9s.","robots":{"index":"index","follow":"follow","max-snippet":"max-snippet:-1","max-image-preview":"max-image-preview:large","max-video-preview":"max-video-preview:-1"},"canonical":"https:\/\/lapainteriordesign.com\/fr\/product\/coussin-mako\/","og_locale":"fr_FR","og_type":"article","og_title":"Coussin Mak\u00f2 - lapainteriordesign.com","og_description":"Coussin Mak\u00f2 : douceur exceptionnelle et \u00e9l\u00e9gance raffin\u00e9e. Velours blanc naturel pour chambres, salons ou espaces h\u00f4teliers sophistiqu\u00e9s.","og_url":"https:\/\/lapainteriordesign.com\/fr\/product\/coussin-mako\/","og_site_name":"lapainteriordesign.com","article_publisher":"https:\/\/www.facebook.com\/LapaInteriorDesign","article_modified_time":"2026-01-03T15:07:00+00:00","og_image":[{"width":500,"height":500,"url":"https:\/\/lapainteriordesign.com\/wp-content\/uploads\/2023\/06\/Lapa-Aldeco-MAKO-VELVET-45X30-P-1244_1_prod_v_1675338984.jpg","type":"image\/jpeg"}],"twitter_card":"summary_large_image","twitter_site":"@lapainterior","twitter_misc":{"Dur\u00e9e de lecture estim\u00e9e":"1 minute"},"schema":{"@context":"https:\/\/schema.org","@graph":[{"@type":"WebPage","@id":"https:\/\/lapainteriordesign.com\/fr\/product\/coussin-mako\/","url":"https:\/\/lapainteriordesign.com\/fr\/product\/coussin-mako\/","name":"Coussin Mak\u00f2 - lapainteriordesign.com","isPartOf":{"@id":"https:\/\/lapainteriordesign.com\/#website"},"primaryImageOfPage":{"@id":"https:\/\/lapainteriordesign.com\/fr\/product\/coussin-mako\/#primaryimage"},"image":{"@id":"https:\/\/lapainteriordesign.com\/fr\/product\/coussin-mako\/#primaryimage"},"thumbnailUrl":"https:\/\/lapainteriordesign.com\/wp-content\/uploads\/2023\/06\/Lapa-Aldeco-MAKO-VELVET-45X30-P-1244_1_prod_v_1675338984.jpg","datePublished":"2023-06-13T18:46:33+00:00","dateModified":"2026-01-03T15:07:00+00:00","description":"Coussin Mak\u00f2 : douceur exceptionnelle et \u00e9l\u00e9gance raffin\u00e9e. Velours blanc naturel pour chambres, salons ou espaces h\u00f4teliers sophistiqu\u00e9s.","breadcrumb":{"@id":"https:\/\/lapainteriordesign.com\/fr\/product\/coussin-mako\/#breadcrumb"},"inLanguage":"fr-FR","potentialAction":[{"@type":"ReadAction","target":["https:\/\/lapainteriordesign.com\/fr\/product\/coussin-mako\/"]}]},{"@type":"ImageObject","inLanguage":"fr-FR","@id":"https:\/\/lapainteriordesign.com\/fr\/product\/coussin-mako\/#primaryimage","url":"https:\/\/lapainteriordesign.com\/wp-content\/uploads\/2023\/06\/Lapa-Aldeco-MAKO-VELVET-45X30-P-1244_1_prod_v_1675338984.jpg","contentUrl":"https:\/\/lapainteriordesign.com\/wp-content\/uploads\/2023\/06\/Lapa-Aldeco-MAKO-VELVET-45X30-P-1244_1_prod_v_1675338984.jpg","width":500,"height":500},{"@type":"BreadcrumbList","@id":"https:\/\/lapainteriordesign.com\/fr\/product\/coussin-mako\/#breadcrumb","itemListElement":[{"@type":"ListItem","position":1,"name":"Home","item":"https:\/\/lapainteriordesign.com\/fr\/"},{"@type":"ListItem","position":2,"name":"Products","item":"https:\/\/lapainteriordesign.com\/products\/"},{"@type":"ListItem","position":3,"name":"Coussin Mak\u00f2"}]},{"@type":"WebSite","@id":"https:\/\/lapainteriordesign.com\/#website","url":"https:\/\/lapainteriordesign.com\/","name":"lapainteriordesign.com","description":"Luxury Interior Design","publisher":{"@id":"https:\/\/lapainteriordesign.com\/#organization"},"potentialAction":[{"@type":"SearchAction","target":{"@type":"EntryPoint","urlTemplate":"https:\/\/lapainteriordesign.com\/?s={search_term_string}"},"query-input":{"@type":"PropertyValueSpecification","valueRequired":true,"valueName":"search_term_string"}}],"inLanguage":"fr-FR"},{"@type":"Organization","@id":"https:\/\/lapainteriordesign.com\/#organization","name":"Lapa Interior Design","url":"https:\/\/lapainteriordesign.com\/","logo":{"@type":"ImageObject","inLanguage":"fr-FR","@id":"https:\/\/lapainteriordesign.com\/#\/schema\/logo\/image\/","url":"https:\/\/lapainteriordesign.com\/wp-content\/uploads\/2026\/02\/cropped-Design-sem-nome-2026-02-04T094114.020.jpg","contentUrl":"https:\/\/lapainteriordesign.com\/wp-content\/uploads\/2026\/02\/cropped-Design-sem-nome-2026-02-04T094114.020.jpg","width":512,"height":512,"caption":"Lapa Interior Design"},"image":{"@id":"https:\/\/lapainteriordesign.com\/#\/schema\/logo\/image\/"},"sameAs":["https:\/\/www.facebook.com\/LapaInteriorDesign","https:\/\/x.com\/lapainterior","https:\/\/www.instagram.com\/lapainteriordesign\/","https:\/\/www.linkedin.com\/in\/lapa-interior-design-376823206\/"]}]}},"_links":{"self":[{"href":"https:\/\/lapainteriordesign.com\/fr\/wp-json\/wp\/v2\/product\/22788","targetHints":{"allow":["GET"]}}],"collection":[{"href":"https:\/\/lapainteriordesign.com\/fr\/wp-json\/wp\/v2\/product"}],"about":[{"href":"https:\/\/lapainteriordesign.com\/fr\/wp-json\/wp\/v2\/types\/product"}],"version-history":[{"count":0,"href":"https:\/\/lapainteriordesign.com\/fr\/wp-json\/wp\/v2\/product\/22788\/revisions"}],"wp:featuredmedia":[{"embeddable":true,"href":"https:\/\/lapainteriordesign.com\/fr\/wp-json\/wp\/v2\/media\/22785"}],"wp:attachment":[{"href":"https:\/\/lapainteriordesign.com\/fr\/wp-json\/wp\/v2\/media?parent=22788"}],"wp:term":[{"taxonomy":"product_brand","embeddable":true,"href":"https:\/\/lapainteriordesign.com\/fr\/wp-json\/wp\/v2\/product_brand?post=22788"},{"taxonomy":"product_cat","embeddable":true,"href":"https:\/\/lapainteriordesign.com\/fr\/wp-json\/wp\/v2\/product_cat?post=22788"},{"taxonomy":"product_tag","embeddable":true,"href":"https:\/\/lapainteriordesign.com\/fr\/wp-json\/wp\/v2\/product_tag?post=22788"}],"curies":[{"name":"wp","href":"https:\/\/api.w.org\/{rel}","templated":true}]}}