{"id":22434,"date":"2023-07-02T14:20:00","date_gmt":"2023-07-02T14:20:00","guid":{"rendered":"https:\/\/lapainteriordesign.com\/product\/poppy-side-table\/"},"modified":"2026-01-02T23:11:34","modified_gmt":"2026-01-02T23:11:34","slug":"table-dappoint-poppy","status":"publish","type":"product","link":"https:\/\/lapainteriordesign.com\/fr\/product\/table-dappoint-poppy\/","title":{"rendered":"Table d\u2019appoint Poppy"},"content":{"rendered":"<h5 data-start=\"3555\" data-end=\"3609\">Une pi\u00e8ce sculpturale \u00e0 l\u2019esth\u00e9tique naturelle<\/h5>\n<p data-start=\"3610\" data-end=\"3860\">La <strong data-start=\"3613\" data-end=\"3638\">Table d\u2019Appoint Poppy<\/strong> r\u00e9v\u00e8le la beaut\u00e9 du marbre travertin \u00e0 travers un design \u00e0 la fois sculptural et fonctionnel. D\u00e8s le premier regard, sa texture naturelle enrichit l\u2019espace. De plus, ses proportions \u00e9quilibr\u00e9es facilitent son int\u00e9gration.<\/p>\n<h5 data-start=\"3862\" data-end=\"3902\">Le caract\u00e8re unique du travertin<\/h5>\n<p data-start=\"3903\" data-end=\"4315\">Le travertin pr\u00e9sente naturellement de petits pores et cavit\u00e9s visibles. Ces variations r\u00e9sultent de la formation de la pierre. Elles ne doivent donc pas \u00eatre consid\u00e9r\u00e9es comme des d\u00e9fauts. Au contraire, elles soulignent son authenticit\u00e9. Ainsi, chaque table est unique et poss\u00e8de une forte valeur artisanale. Pour en savoir plus, consultez la page d\u00e9di\u00e9e au <a class=\"decorated-link\" href=\"https:\/\/fr.wikipedia.org\/wiki\/Travertin\" target=\"_new\" rel=\"noopener\" data-start=\"4262\" data-end=\"4314\">travertin<\/a>.<\/p>\n<h5 data-start=\"4317\" data-end=\"4372\">Des options personnalisables pour chaque espace<\/h5>\n<p data-start=\"4373\" data-end=\"4903\">La Table d\u2019Appoint Poppy s\u2019adapte facilement \u00e0 diff\u00e9rents univers d\u00e9coratifs. Le plateau est disponible en marbre Estremoz, marbre travertin ou bois laqu\u00e9 mat. En compl\u00e9ment, la base peut \u00eatre r\u00e9alis\u00e9e en Estremoz rainur\u00e9, travertin rainur\u00e9 ou Estremoz lisse. Cette derni\u00e8re option s\u2019associe particuli\u00e8rement bien avec un plateau en bois. Par cons\u00e9quent, la table convient aux int\u00e9rieurs modernes, classiques ou minimalistes. D\u00e9couvrez d\u2019autres cr\u00e9ations en pierre dans notre <a class=\"decorated-link cursor-pointer\" rel=\"noopener\" data-start=\"4849\" data-end=\"4902\">collection de mobilier design<\/a>.<\/p>\n<h5 data-start=\"4905\" data-end=\"4940\">Fonctionnelle et d\u00e9corative<\/h5>\n<p data-start=\"4941\" data-end=\"5228\">Cette table d\u2019appoint associe une silhouette \u00e9l\u00e9gante \u00e0 une structure solide. De plus, elle sert \u00e0 la fois de surface fonctionnelle et d\u2019objet d\u00e9coratif. La texture naturelle du travertin apporte profondeur et sophistication. Ainsi, elle devient un \u00e9l\u00e9ment central discret dans la pi\u00e8ce.<\/p>\n<p data-start=\"5230\" data-end=\"5308\"><strong data-start=\"5230\" data-end=\"5243\">Mat\u00e9riaux<\/strong><br data-start=\"5243\" data-end=\"5246\" \/>Plateau : Marbre travertin<br data-start=\"5272\" data-end=\"5275\" \/>Base : Marbre travertin rainur\u00e9<\/p>\n","protected":false},"excerpt":{"rendered":"<p>La Table d\u2019Appoint Poppy met en valeur l\u2019\u00e9l\u00e9gance naturelle du marbre travertin. Son design sculptural et sa texture organique apportent caract\u00e8re et raffinement. De plus, ses options de personnalisation lui permettent de s\u2019adapter \u00e0 diff\u00e9rents styles d\u2019int\u00e9rieur.<\/p>\n","protected":false},"featured_media":22429,"template":"","meta":{"_joinchat":{"telephone":"+351910131778","message_text":"Questions about this piece?"}},"product_brand":[],"product_cat":[2393,4398],"product_tag":[5349,2411,5323,5348,5335,5110],"class_list":{"0":"post-22434","1":"product","2":"type-product","3":"status-publish","4":"has-post-thumbnail","6":"product_cat-furniture","7":"product_cat-side-tables","8":"product_tag-design-naturel","9":"product_tag-mobilier-contemporain","10":"product_tag-mobilier-de-luxe","11":"product_tag-table-dappoint-en-travertin","12":"product_tag-table-en-marbre","13":"product_tag-table-sculpturale","15":"first","16":"onbackorder","17":"taxable","18":"shipping-taxable","19":"purchasable","20":"product-type-simple"},"yoast_head":"<!-- This site is optimized with the Yoast SEO plugin v26.7 - https:\/\/yoast.com\/wordpress\/plugins\/seo\/ -->\n<title>Table d\u2019appoint Poppy - lapainteriordesign.com<\/title>\n<meta name=\"description\" content=\"Table d\u2019appoint Poppy en marbre travertin. Design sculptural, texture naturelle et finitions personnalisables pour int\u00e9rieurs raffin\u00e9s.\" \/>\n<meta name=\"robots\" content=\"index, follow, max-snippet:-1, max-image-preview:large, max-video-preview:-1\" \/>\n<link rel=\"canonical\" href=\"https:\/\/lapainteriordesign.com\/fr\/product\/table-dappoint-poppy\/\" \/>\n<meta property=\"og:locale\" content=\"fr_FR\" \/>\n<meta property=\"og:type\" content=\"article\" \/>\n<meta property=\"og:title\" content=\"Table d\u2019appoint Poppy - lapainteriordesign.com\" \/>\n<meta property=\"og:description\" content=\"Table d\u2019appoint Poppy en marbre travertin. Design sculptural, texture naturelle et finitions personnalisables pour int\u00e9rieurs raffin\u00e9s.\" \/>\n<meta property=\"og:url\" content=\"https:\/\/lapainteriordesign.com\/fr\/product\/table-dappoint-poppy\/\" \/>\n<meta property=\"og:site_name\" content=\"lapainteriordesign.com\" \/>\n<meta property=\"article:publisher\" content=\"https:\/\/www.facebook.com\/LapaInteriorDesign\" \/>\n<meta property=\"article:modified_time\" content=\"2026-01-02T23:11:34+00:00\" \/>\n<meta property=\"og:image\" content=\"https:\/\/lapainteriordesign.com\/wp-content\/uploads\/2023\/07\/Lapa-Mambofactory-poppy-side_table_8-950x950-1.jpg\" \/>\n\t<meta property=\"og:image:width\" content=\"1000\" \/>\n\t<meta property=\"og:image:height\" content=\"1000\" \/>\n\t<meta property=\"og:image:type\" content=\"image\/jpeg\" \/>\n<meta name=\"twitter:card\" content=\"summary_large_image\" \/>\n<meta name=\"twitter:site\" content=\"@lapainterior\" \/>\n<meta name=\"twitter:label1\" content=\"Dur\u00e9e de lecture estim\u00e9e\" \/>\n\t<meta name=\"twitter:data1\" content=\"2 minutes\" \/>\n<script type=\"application\/ld+json\" class=\"yoast-schema-graph\">{\"@context\":\"https:\/\/schema.org\",\"@graph\":[{\"@type\":\"WebPage\",\"@id\":\"https:\/\/lapainteriordesign.com\/fr\/product\/table-dappoint-poppy\/\",\"url\":\"https:\/\/lapainteriordesign.com\/fr\/product\/table-dappoint-poppy\/\",\"name\":\"Table d\u2019appoint Poppy - lapainteriordesign.com\",\"isPartOf\":{\"@id\":\"https:\/\/lapainteriordesign.com\/#website\"},\"primaryImageOfPage\":{\"@id\":\"https:\/\/lapainteriordesign.com\/fr\/product\/table-dappoint-poppy\/#primaryimage\"},\"image\":{\"@id\":\"https:\/\/lapainteriordesign.com\/fr\/product\/table-dappoint-poppy\/#primaryimage\"},\"thumbnailUrl\":\"https:\/\/lapainteriordesign.com\/wp-content\/uploads\/2023\/07\/Lapa-Mambofactory-poppy-side_table_8-950x950-1.jpg\",\"datePublished\":\"2023-07-02T14:20:00+00:00\",\"dateModified\":\"2026-01-02T23:11:34+00:00\",\"description\":\"Table d\u2019appoint Poppy en marbre travertin. Design sculptural, texture naturelle et finitions personnalisables pour int\u00e9rieurs raffin\u00e9s.\",\"breadcrumb\":{\"@id\":\"https:\/\/lapainteriordesign.com\/fr\/product\/table-dappoint-poppy\/#breadcrumb\"},\"inLanguage\":\"fr-FR\",\"potentialAction\":[{\"@type\":\"ReadAction\",\"target\":[\"https:\/\/lapainteriordesign.com\/fr\/product\/table-dappoint-poppy\/\"]}]},{\"@type\":\"ImageObject\",\"inLanguage\":\"fr-FR\",\"@id\":\"https:\/\/lapainteriordesign.com\/fr\/product\/table-dappoint-poppy\/#primaryimage\",\"url\":\"https:\/\/lapainteriordesign.com\/wp-content\/uploads\/2023\/07\/Lapa-Mambofactory-poppy-side_table_8-950x950-1.jpg\",\"contentUrl\":\"https:\/\/lapainteriordesign.com\/wp-content\/uploads\/2023\/07\/Lapa-Mambofactory-poppy-side_table_8-950x950-1.jpg\",\"width\":1000,\"height\":1000},{\"@type\":\"BreadcrumbList\",\"@id\":\"https:\/\/lapainteriordesign.com\/fr\/product\/table-dappoint-poppy\/#breadcrumb\",\"itemListElement\":[{\"@type\":\"ListItem\",\"position\":1,\"name\":\"Home\",\"item\":\"https:\/\/lapainteriordesign.com\/fr\/\"},{\"@type\":\"ListItem\",\"position\":2,\"name\":\"Products\",\"item\":\"https:\/\/lapainteriordesign.com\/products\/\"},{\"@type\":\"ListItem\",\"position\":3,\"name\":\"Table d\u2019appoint Poppy\"}]},{\"@type\":\"WebSite\",\"@id\":\"https:\/\/lapainteriordesign.com\/#website\",\"url\":\"https:\/\/lapainteriordesign.com\/\",\"name\":\"lapainteriordesign.com\",\"description\":\"Luxury Interior Design\",\"publisher\":{\"@id\":\"https:\/\/lapainteriordesign.com\/#organization\"},\"potentialAction\":[{\"@type\":\"SearchAction\",\"target\":{\"@type\":\"EntryPoint\",\"urlTemplate\":\"https:\/\/lapainteriordesign.com\/?s={search_term_string}\"},\"query-input\":{\"@type\":\"PropertyValueSpecification\",\"valueRequired\":true,\"valueName\":\"search_term_string\"}}],\"inLanguage\":\"fr-FR\"},{\"@type\":\"Organization\",\"@id\":\"https:\/\/lapainteriordesign.com\/#organization\",\"name\":\"Lapa Interior Design\",\"url\":\"https:\/\/lapainteriordesign.com\/\",\"logo\":{\"@type\":\"ImageObject\",\"inLanguage\":\"fr-FR\",\"@id\":\"https:\/\/lapainteriordesign.com\/#\/schema\/logo\/image\/\",\"url\":\"https:\/\/lapainteriordesign.com\/wp-content\/uploads\/2026\/02\/cropped-Design-sem-nome-2026-02-04T094114.020.jpg\",\"contentUrl\":\"https:\/\/lapainteriordesign.com\/wp-content\/uploads\/2026\/02\/cropped-Design-sem-nome-2026-02-04T094114.020.jpg\",\"width\":512,\"height\":512,\"caption\":\"Lapa Interior Design\"},\"image\":{\"@id\":\"https:\/\/lapainteriordesign.com\/#\/schema\/logo\/image\/\"},\"sameAs\":[\"https:\/\/www.facebook.com\/LapaInteriorDesign\",\"https:\/\/x.com\/lapainterior\",\"https:\/\/www.instagram.com\/lapainteriordesign\/\",\"https:\/\/www.linkedin.com\/in\/lapa-interior-design-376823206\/\"]}]}<\/script>\n<!-- \/ Yoast SEO plugin. -->","yoast_head_json":{"title":"Table d\u2019appoint Poppy - lapainteriordesign.com","description":"Table d\u2019appoint Poppy en marbre travertin. Design sculptural, texture naturelle et finitions personnalisables pour int\u00e9rieurs raffin\u00e9s.","robots":{"index":"index","follow":"follow","max-snippet":"max-snippet:-1","max-image-preview":"max-image-preview:large","max-video-preview":"max-video-preview:-1"},"canonical":"https:\/\/lapainteriordesign.com\/fr\/product\/table-dappoint-poppy\/","og_locale":"fr_FR","og_type":"article","og_title":"Table d\u2019appoint Poppy - lapainteriordesign.com","og_description":"Table d\u2019appoint Poppy en marbre travertin. Design sculptural, texture naturelle et finitions personnalisables pour int\u00e9rieurs raffin\u00e9s.","og_url":"https:\/\/lapainteriordesign.com\/fr\/product\/table-dappoint-poppy\/","og_site_name":"lapainteriordesign.com","article_publisher":"https:\/\/www.facebook.com\/LapaInteriorDesign","article_modified_time":"2026-01-02T23:11:34+00:00","og_image":[{"width":1000,"height":1000,"url":"https:\/\/lapainteriordesign.com\/wp-content\/uploads\/2023\/07\/Lapa-Mambofactory-poppy-side_table_8-950x950-1.jpg","type":"image\/jpeg"}],"twitter_card":"summary_large_image","twitter_site":"@lapainterior","twitter_misc":{"Dur\u00e9e de lecture estim\u00e9e":"2 minutes"},"schema":{"@context":"https:\/\/schema.org","@graph":[{"@type":"WebPage","@id":"https:\/\/lapainteriordesign.com\/fr\/product\/table-dappoint-poppy\/","url":"https:\/\/lapainteriordesign.com\/fr\/product\/table-dappoint-poppy\/","name":"Table d\u2019appoint Poppy - lapainteriordesign.com","isPartOf":{"@id":"https:\/\/lapainteriordesign.com\/#website"},"primaryImageOfPage":{"@id":"https:\/\/lapainteriordesign.com\/fr\/product\/table-dappoint-poppy\/#primaryimage"},"image":{"@id":"https:\/\/lapainteriordesign.com\/fr\/product\/table-dappoint-poppy\/#primaryimage"},"thumbnailUrl":"https:\/\/lapainteriordesign.com\/wp-content\/uploads\/2023\/07\/Lapa-Mambofactory-poppy-side_table_8-950x950-1.jpg","datePublished":"2023-07-02T14:20:00+00:00","dateModified":"2026-01-02T23:11:34+00:00","description":"Table d\u2019appoint Poppy en marbre travertin. Design sculptural, texture naturelle et finitions personnalisables pour int\u00e9rieurs raffin\u00e9s.","breadcrumb":{"@id":"https:\/\/lapainteriordesign.com\/fr\/product\/table-dappoint-poppy\/#breadcrumb"},"inLanguage":"fr-FR","potentialAction":[{"@type":"ReadAction","target":["https:\/\/lapainteriordesign.com\/fr\/product\/table-dappoint-poppy\/"]}]},{"@type":"ImageObject","inLanguage":"fr-FR","@id":"https:\/\/lapainteriordesign.com\/fr\/product\/table-dappoint-poppy\/#primaryimage","url":"https:\/\/lapainteriordesign.com\/wp-content\/uploads\/2023\/07\/Lapa-Mambofactory-poppy-side_table_8-950x950-1.jpg","contentUrl":"https:\/\/lapainteriordesign.com\/wp-content\/uploads\/2023\/07\/Lapa-Mambofactory-poppy-side_table_8-950x950-1.jpg","width":1000,"height":1000},{"@type":"BreadcrumbList","@id":"https:\/\/lapainteriordesign.com\/fr\/product\/table-dappoint-poppy\/#breadcrumb","itemListElement":[{"@type":"ListItem","position":1,"name":"Home","item":"https:\/\/lapainteriordesign.com\/fr\/"},{"@type":"ListItem","position":2,"name":"Products","item":"https:\/\/lapainteriordesign.com\/products\/"},{"@type":"ListItem","position":3,"name":"Table d\u2019appoint Poppy"}]},{"@type":"WebSite","@id":"https:\/\/lapainteriordesign.com\/#website","url":"https:\/\/lapainteriordesign.com\/","name":"lapainteriordesign.com","description":"Luxury Interior Design","publisher":{"@id":"https:\/\/lapainteriordesign.com\/#organization"},"potentialAction":[{"@type":"SearchAction","target":{"@type":"EntryPoint","urlTemplate":"https:\/\/lapainteriordesign.com\/?s={search_term_string}"},"query-input":{"@type":"PropertyValueSpecification","valueRequired":true,"valueName":"search_term_string"}}],"inLanguage":"fr-FR"},{"@type":"Organization","@id":"https:\/\/lapainteriordesign.com\/#organization","name":"Lapa Interior Design","url":"https:\/\/lapainteriordesign.com\/","logo":{"@type":"ImageObject","inLanguage":"fr-FR","@id":"https:\/\/lapainteriordesign.com\/#\/schema\/logo\/image\/","url":"https:\/\/lapainteriordesign.com\/wp-content\/uploads\/2026\/02\/cropped-Design-sem-nome-2026-02-04T094114.020.jpg","contentUrl":"https:\/\/lapainteriordesign.com\/wp-content\/uploads\/2026\/02\/cropped-Design-sem-nome-2026-02-04T094114.020.jpg","width":512,"height":512,"caption":"Lapa Interior Design"},"image":{"@id":"https:\/\/lapainteriordesign.com\/#\/schema\/logo\/image\/"},"sameAs":["https:\/\/www.facebook.com\/LapaInteriorDesign","https:\/\/x.com\/lapainterior","https:\/\/www.instagram.com\/lapainteriordesign\/","https:\/\/www.linkedin.com\/in\/lapa-interior-design-376823206\/"]}]}},"_links":{"self":[{"href":"https:\/\/lapainteriordesign.com\/fr\/wp-json\/wp\/v2\/product\/22434","targetHints":{"allow":["GET"]}}],"collection":[{"href":"https:\/\/lapainteriordesign.com\/fr\/wp-json\/wp\/v2\/product"}],"about":[{"href":"https:\/\/lapainteriordesign.com\/fr\/wp-json\/wp\/v2\/types\/product"}],"version-history":[{"count":0,"href":"https:\/\/lapainteriordesign.com\/fr\/wp-json\/wp\/v2\/product\/22434\/revisions"}],"wp:featuredmedia":[{"embeddable":true,"href":"https:\/\/lapainteriordesign.com\/fr\/wp-json\/wp\/v2\/media\/22429"}],"wp:attachment":[{"href":"https:\/\/lapainteriordesign.com\/fr\/wp-json\/wp\/v2\/media?parent=22434"}],"wp:term":[{"taxonomy":"product_brand","embeddable":true,"href":"https:\/\/lapainteriordesign.com\/fr\/wp-json\/wp\/v2\/product_brand?post=22434"},{"taxonomy":"product_cat","embeddable":true,"href":"https:\/\/lapainteriordesign.com\/fr\/wp-json\/wp\/v2\/product_cat?post=22434"},{"taxonomy":"product_tag","embeddable":true,"href":"https:\/\/lapainteriordesign.com\/fr\/wp-json\/wp\/v2\/product_tag?post=22434"}],"curies":[{"name":"wp","href":"https:\/\/api.w.org\/{rel}","templated":true}]}}