{"id":22304,"date":"2023-07-09T13:24:54","date_gmt":"2023-07-09T13:24:54","guid":{"rendered":"https:\/\/lapainteriordesign.com\/product\/blop-armchair\/"},"modified":"2026-01-02T00:00:38","modified_gmt":"2026-01-02T00:00:38","slug":"blop-armchair","status":"publish","type":"product","link":"https:\/\/lapainteriordesign.com\/fr\/product\/blop-armchair\/","title":{"rendered":"Blop Armchair"},"content":{"rendered":"<h5 data-start=\"3951\" data-end=\"4004\">Confort et sophistication avec le Fauteuil Blop<\/h5>\n<p data-start=\"4006\" data-end=\"4432\">Le <em data-start=\"4009\" data-end=\"4049\">Fauteuil Blop de Mambo Unlimited Ideas<\/em> pr\u00e9sente des lignes fluides et des proportions g\u00e9n\u00e9reuses qui r\u00e9v\u00e8lent un design soign\u00e9. Le cuir chocolat apporte chaleur visuelle et confort tactile. De plus, la forme enveloppante invite \u00e0 la d\u00e9tente, le rendant parfait pour salons, suites \u00e9l\u00e9gantes ou bureaux raffin\u00e9s. D\u00e9couvre les autres collections sur <strong data-start=\"4359\" data-end=\"4431\"><a class=\"decorated-link\" href=\"https:\/\/www.mambounlimitedideas.com\/\" target=\"_new\" rel=\"noopener\" data-start=\"4361\" data-end=\"4429\">Mambo Unlimited Ideas online<\/a><\/strong>.<\/p>\n<h5 data-start=\"4434\" data-end=\"4485\">Mat\u00e9riaux premium et options personnalisables<\/h5>\n<p data-start=\"4487\" data-end=\"4827\">La base en m\u00e9tal laqu\u00e9 noir allie durabilit\u00e9 et \u00e9l\u00e9gance contemporaine. De plus, le fauteuil offre de nombreuses options de personnalisation : rev\u00eatement en tissu (COM : 4,5 m) ou cuir, pieds laqu\u00e9s dans n\u2019importe quelle teinte disponible. Pour des pi\u00e8ces compl\u00e9mentaires, consulte notre <strong data-start=\"4775\" data-end=\"4826\"><a class=\"decorated-link\" href=\"#\" rel=\"noopener\" data-start=\"4777\" data-end=\"4824\">s\u00e9lection interne de mobilier contemporain<\/a><\/strong>.<\/p>\n<h5 data-start=\"4829\" data-end=\"4864\">Polyvalence et design moderne<\/h5>\n<p data-start=\"4866\" data-end=\"5202\">Gr\u00e2ce \u00e0 sa silhouette \u00e9quilibr\u00e9e, le Fauteuil Blop s\u2019int\u00e8gre facilement dans des int\u00e9rieurs modernes, minimalistes ou mid-century. Des tailles et finitions personnalis\u00e9es sont disponibles sur demande, assurant une parfaite harmonie dans tout projet de design. Ainsi, la pi\u00e8ce d\u00e9passe sa fonction et devient un point central de l\u2019espace.<\/p>\n<h5 data-start=\"5204\" data-end=\"5249\">Une d\u00e9claration de style et d\u2019artisanat<\/h5>\n<p data-start=\"5251\" data-end=\"5625\">Choisir le <em data-start=\"5262\" data-end=\"5277\">Fauteuil Blop<\/em> signifie opter pour une pi\u00e8ce qui valorise l\u2019atmosph\u00e8re de tout espace. L\u2019alliance de mat\u00e9riaux premium et de savoir-faire raffin\u00e9 refl\u00e8te l\u2019attrait intemporel du design moderne. Pour en savoir plus sur les int\u00e9rieurs contemporains, explore des publications sp\u00e9cialis\u00e9es telles que <strong data-start=\"5560\" data-end=\"5624\"><a class=\"decorated-link\" href=\"https:\/\/www.architecturaldigest.com\/\" target=\"_new\" rel=\"noopener\" data-start=\"5562\" data-end=\"5622\">Architectural Digest<\/a><\/strong>.<\/p>\n<p>&nbsp;<\/p>\n<p>&nbsp;<\/p>\n","protected":false},"excerpt":{"rendered":"<p>Le <em data-start=\"3518\" data-end=\"3558\">Fauteuil Blop de Mambo Unlimited Ideas<\/em> combine design contemporain et confort exceptionnel. Sa forme enveloppante et le cuir de haute qualit\u00e9 offrent un si\u00e8ge \u00e9l\u00e9gant et accueillant. La base en m\u00e9tal laqu\u00e9 et les options de personnalisation permettent de l\u2019adapter \u00e0 tout int\u00e9rieur moderne, minimaliste ou mid-century, faisant de cette pi\u00e8ce un point central de sophistication et de style.<\/p>\n","protected":false},"featured_media":22279,"template":"","meta":{"_joinchat":{"telephone":"+351910131778","message_text":"Questions about this piece?"}},"product_brand":[],"product_cat":[4369,2393,2394],"product_tag":[5274,5282,5154,5280,5276,5281,2410],"class_list":{"0":"post-22304","1":"product","2":"type-product","3":"status-publish","4":"has-post-thumbnail","6":"product_cat-armchairs","7":"product_cat-furniture","8":"product_cat-seating","9":"product_tag-blop","10":"product_tag-design-moderne","11":"product_tag-fauteuil-contemporain","12":"product_tag-fauteuil-cuir","13":"product_tag-mambo-unlimited-ideas","14":"product_tag-meubles-personnalises","15":"product_tag-mobilier-design","17":"first","18":"instock","19":"taxable","20":"shipping-taxable","21":"purchasable","22":"product-type-simple"},"yoast_head":"<!-- This site is optimized with the Yoast SEO plugin v26.7 - https:\/\/yoast.com\/wordpress\/plugins\/seo\/ -->\n<title>Blop Armchair - lapainteriordesign.com<\/title>\n<meta name=\"description\" content=\"Le Fauteuil Blop de Mambo Unlimited Ideas allie design contemporain, formes sculpturales et confort exceptionnel pour tout int\u00e9rieur moderne.\" \/>\n<meta name=\"robots\" content=\"index, follow, max-snippet:-1, max-image-preview:large, max-video-preview:-1\" \/>\n<link rel=\"canonical\" href=\"https:\/\/lapainteriordesign.com\/fr\/product\/blop-armchair\/\" \/>\n<meta property=\"og:locale\" content=\"fr_FR\" \/>\n<meta property=\"og:type\" content=\"article\" \/>\n<meta property=\"og:title\" content=\"Blop Armchair\" \/>\n<meta property=\"og:description\" content=\"Experience comfort and style with the Blop armchair. Elevate your space with this iconic piece. Explore now the diferent product options!\" \/>\n<meta property=\"og:url\" content=\"https:\/\/lapainteriordesign.com\/fr\/product\/blop-armchair\/\" \/>\n<meta property=\"og:site_name\" content=\"lapainteriordesign.com\" \/>\n<meta property=\"article:publisher\" content=\"https:\/\/www.facebook.com\/LapaInteriorDesign\" \/>\n<meta property=\"article:modified_time\" content=\"2026-01-02T00:00:38+00:00\" \/>\n<meta property=\"og:image\" content=\"https:\/\/lapainteriordesign.com\/wp-content\/uploads\/2023\/07\/Lapa_Mambo_Factory_Blop-Armchair_8_1000x1000.jpg\" \/>\n\t<meta property=\"og:image:width\" content=\"1000\" \/>\n\t<meta property=\"og:image:height\" content=\"1000\" \/>\n\t<meta property=\"og:image:type\" content=\"image\/jpeg\" \/>\n<meta name=\"twitter:card\" content=\"summary_large_image\" \/>\n<meta name=\"twitter:title\" content=\"Blop Armchair\" \/>\n<meta name=\"twitter:description\" content=\"Experience comfort and style with the Blop armchair. Elevate your space with this iconic piece. Explore now the diferent product options!\" \/>\n<meta name=\"twitter:site\" content=\"@lapainterior\" \/>\n<meta name=\"twitter:label1\" content=\"Dur\u00e9e de lecture estim\u00e9e\" \/>\n\t<meta name=\"twitter:data1\" content=\"2 minutes\" \/>\n<script type=\"application\/ld+json\" class=\"yoast-schema-graph\">{\"@context\":\"https:\/\/schema.org\",\"@graph\":[{\"@type\":\"WebPage\",\"@id\":\"https:\/\/lapainteriordesign.com\/fr\/product\/blop-armchair\/\",\"url\":\"https:\/\/lapainteriordesign.com\/fr\/product\/blop-armchair\/\",\"name\":\"Blop Armchair - lapainteriordesign.com\",\"isPartOf\":{\"@id\":\"https:\/\/lapainteriordesign.com\/#website\"},\"primaryImageOfPage\":{\"@id\":\"https:\/\/lapainteriordesign.com\/fr\/product\/blop-armchair\/#primaryimage\"},\"image\":{\"@id\":\"https:\/\/lapainteriordesign.com\/fr\/product\/blop-armchair\/#primaryimage\"},\"thumbnailUrl\":\"https:\/\/lapainteriordesign.com\/wp-content\/uploads\/2023\/07\/Lapa_Mambo_Factory_Blop-Armchair_8_1000x1000.jpg\",\"datePublished\":\"2023-07-09T13:24:54+00:00\",\"dateModified\":\"2026-01-02T00:00:38+00:00\",\"description\":\"Le Fauteuil Blop de Mambo Unlimited Ideas allie design contemporain, formes sculpturales et confort exceptionnel pour tout int\u00e9rieur moderne.\",\"breadcrumb\":{\"@id\":\"https:\/\/lapainteriordesign.com\/fr\/product\/blop-armchair\/#breadcrumb\"},\"inLanguage\":\"fr-FR\",\"potentialAction\":[{\"@type\":\"ReadAction\",\"target\":[\"https:\/\/lapainteriordesign.com\/fr\/product\/blop-armchair\/\"]}]},{\"@type\":\"ImageObject\",\"inLanguage\":\"fr-FR\",\"@id\":\"https:\/\/lapainteriordesign.com\/fr\/product\/blop-armchair\/#primaryimage\",\"url\":\"https:\/\/lapainteriordesign.com\/wp-content\/uploads\/2023\/07\/Lapa_Mambo_Factory_Blop-Armchair_8_1000x1000.jpg\",\"contentUrl\":\"https:\/\/lapainteriordesign.com\/wp-content\/uploads\/2023\/07\/Lapa_Mambo_Factory_Blop-Armchair_8_1000x1000.jpg\",\"width\":1000,\"height\":1000,\"caption\":\"Lapa_Mambo_Factory_Blop-Armchair\"},{\"@type\":\"BreadcrumbList\",\"@id\":\"https:\/\/lapainteriordesign.com\/fr\/product\/blop-armchair\/#breadcrumb\",\"itemListElement\":[{\"@type\":\"ListItem\",\"position\":1,\"name\":\"Home\",\"item\":\"https:\/\/lapainteriordesign.com\/fr\/\"},{\"@type\":\"ListItem\",\"position\":2,\"name\":\"Products\",\"item\":\"https:\/\/lapainteriordesign.com\/products\/\"},{\"@type\":\"ListItem\",\"position\":3,\"name\":\"Blop Armchair\"}]},{\"@type\":\"WebSite\",\"@id\":\"https:\/\/lapainteriordesign.com\/#website\",\"url\":\"https:\/\/lapainteriordesign.com\/\",\"name\":\"lapainteriordesign.com\",\"description\":\"Luxury Interior Design\",\"publisher\":{\"@id\":\"https:\/\/lapainteriordesign.com\/#organization\"},\"potentialAction\":[{\"@type\":\"SearchAction\",\"target\":{\"@type\":\"EntryPoint\",\"urlTemplate\":\"https:\/\/lapainteriordesign.com\/?s={search_term_string}\"},\"query-input\":{\"@type\":\"PropertyValueSpecification\",\"valueRequired\":true,\"valueName\":\"search_term_string\"}}],\"inLanguage\":\"fr-FR\"},{\"@type\":\"Organization\",\"@id\":\"https:\/\/lapainteriordesign.com\/#organization\",\"name\":\"Lapa Interior Design\",\"url\":\"https:\/\/lapainteriordesign.com\/\",\"logo\":{\"@type\":\"ImageObject\",\"inLanguage\":\"fr-FR\",\"@id\":\"https:\/\/lapainteriordesign.com\/#\/schema\/logo\/image\/\",\"url\":\"https:\/\/lapainteriordesign.com\/wp-content\/uploads\/2026\/02\/cropped-Design-sem-nome-2026-02-04T094114.020.jpg\",\"contentUrl\":\"https:\/\/lapainteriordesign.com\/wp-content\/uploads\/2026\/02\/cropped-Design-sem-nome-2026-02-04T094114.020.jpg\",\"width\":512,\"height\":512,\"caption\":\"Lapa Interior Design\"},\"image\":{\"@id\":\"https:\/\/lapainteriordesign.com\/#\/schema\/logo\/image\/\"},\"sameAs\":[\"https:\/\/www.facebook.com\/LapaInteriorDesign\",\"https:\/\/x.com\/lapainterior\",\"https:\/\/www.instagram.com\/lapainteriordesign\/\",\"https:\/\/www.linkedin.com\/in\/lapa-interior-design-376823206\/\"]}]}<\/script>\n<!-- \/ Yoast SEO plugin. -->","yoast_head_json":{"title":"Blop Armchair - lapainteriordesign.com","description":"Le Fauteuil Blop de Mambo Unlimited Ideas allie design contemporain, formes sculpturales et confort exceptionnel pour tout int\u00e9rieur moderne.","robots":{"index":"index","follow":"follow","max-snippet":"max-snippet:-1","max-image-preview":"max-image-preview:large","max-video-preview":"max-video-preview:-1"},"canonical":"https:\/\/lapainteriordesign.com\/fr\/product\/blop-armchair\/","og_locale":"fr_FR","og_type":"article","og_title":"Blop Armchair","og_description":"Experience comfort and style with the Blop armchair. Elevate your space with this iconic piece. Explore now the diferent product options!","og_url":"https:\/\/lapainteriordesign.com\/fr\/product\/blop-armchair\/","og_site_name":"lapainteriordesign.com","article_publisher":"https:\/\/www.facebook.com\/LapaInteriorDesign","article_modified_time":"2026-01-02T00:00:38+00:00","og_image":[{"width":1000,"height":1000,"url":"https:\/\/lapainteriordesign.com\/wp-content\/uploads\/2023\/07\/Lapa_Mambo_Factory_Blop-Armchair_8_1000x1000.jpg","type":"image\/jpeg"}],"twitter_card":"summary_large_image","twitter_title":"Blop Armchair","twitter_description":"Experience comfort and style with the Blop armchair. Elevate your space with this iconic piece. Explore now the diferent product options!","twitter_site":"@lapainterior","twitter_misc":{"Dur\u00e9e de lecture estim\u00e9e":"2 minutes"},"schema":{"@context":"https:\/\/schema.org","@graph":[{"@type":"WebPage","@id":"https:\/\/lapainteriordesign.com\/fr\/product\/blop-armchair\/","url":"https:\/\/lapainteriordesign.com\/fr\/product\/blop-armchair\/","name":"Blop Armchair - lapainteriordesign.com","isPartOf":{"@id":"https:\/\/lapainteriordesign.com\/#website"},"primaryImageOfPage":{"@id":"https:\/\/lapainteriordesign.com\/fr\/product\/blop-armchair\/#primaryimage"},"image":{"@id":"https:\/\/lapainteriordesign.com\/fr\/product\/blop-armchair\/#primaryimage"},"thumbnailUrl":"https:\/\/lapainteriordesign.com\/wp-content\/uploads\/2023\/07\/Lapa_Mambo_Factory_Blop-Armchair_8_1000x1000.jpg","datePublished":"2023-07-09T13:24:54+00:00","dateModified":"2026-01-02T00:00:38+00:00","description":"Le Fauteuil Blop de Mambo Unlimited Ideas allie design contemporain, formes sculpturales et confort exceptionnel pour tout int\u00e9rieur moderne.","breadcrumb":{"@id":"https:\/\/lapainteriordesign.com\/fr\/product\/blop-armchair\/#breadcrumb"},"inLanguage":"fr-FR","potentialAction":[{"@type":"ReadAction","target":["https:\/\/lapainteriordesign.com\/fr\/product\/blop-armchair\/"]}]},{"@type":"ImageObject","inLanguage":"fr-FR","@id":"https:\/\/lapainteriordesign.com\/fr\/product\/blop-armchair\/#primaryimage","url":"https:\/\/lapainteriordesign.com\/wp-content\/uploads\/2023\/07\/Lapa_Mambo_Factory_Blop-Armchair_8_1000x1000.jpg","contentUrl":"https:\/\/lapainteriordesign.com\/wp-content\/uploads\/2023\/07\/Lapa_Mambo_Factory_Blop-Armchair_8_1000x1000.jpg","width":1000,"height":1000,"caption":"Lapa_Mambo_Factory_Blop-Armchair"},{"@type":"BreadcrumbList","@id":"https:\/\/lapainteriordesign.com\/fr\/product\/blop-armchair\/#breadcrumb","itemListElement":[{"@type":"ListItem","position":1,"name":"Home","item":"https:\/\/lapainteriordesign.com\/fr\/"},{"@type":"ListItem","position":2,"name":"Products","item":"https:\/\/lapainteriordesign.com\/products\/"},{"@type":"ListItem","position":3,"name":"Blop Armchair"}]},{"@type":"WebSite","@id":"https:\/\/lapainteriordesign.com\/#website","url":"https:\/\/lapainteriordesign.com\/","name":"lapainteriordesign.com","description":"Luxury Interior Design","publisher":{"@id":"https:\/\/lapainteriordesign.com\/#organization"},"potentialAction":[{"@type":"SearchAction","target":{"@type":"EntryPoint","urlTemplate":"https:\/\/lapainteriordesign.com\/?s={search_term_string}"},"query-input":{"@type":"PropertyValueSpecification","valueRequired":true,"valueName":"search_term_string"}}],"inLanguage":"fr-FR"},{"@type":"Organization","@id":"https:\/\/lapainteriordesign.com\/#organization","name":"Lapa Interior Design","url":"https:\/\/lapainteriordesign.com\/","logo":{"@type":"ImageObject","inLanguage":"fr-FR","@id":"https:\/\/lapainteriordesign.com\/#\/schema\/logo\/image\/","url":"https:\/\/lapainteriordesign.com\/wp-content\/uploads\/2026\/02\/cropped-Design-sem-nome-2026-02-04T094114.020.jpg","contentUrl":"https:\/\/lapainteriordesign.com\/wp-content\/uploads\/2026\/02\/cropped-Design-sem-nome-2026-02-04T094114.020.jpg","width":512,"height":512,"caption":"Lapa Interior Design"},"image":{"@id":"https:\/\/lapainteriordesign.com\/#\/schema\/logo\/image\/"},"sameAs":["https:\/\/www.facebook.com\/LapaInteriorDesign","https:\/\/x.com\/lapainterior","https:\/\/www.instagram.com\/lapainteriordesign\/","https:\/\/www.linkedin.com\/in\/lapa-interior-design-376823206\/"]}]}},"_links":{"self":[{"href":"https:\/\/lapainteriordesign.com\/fr\/wp-json\/wp\/v2\/product\/22304","targetHints":{"allow":["GET"]}}],"collection":[{"href":"https:\/\/lapainteriordesign.com\/fr\/wp-json\/wp\/v2\/product"}],"about":[{"href":"https:\/\/lapainteriordesign.com\/fr\/wp-json\/wp\/v2\/types\/product"}],"version-history":[{"count":0,"href":"https:\/\/lapainteriordesign.com\/fr\/wp-json\/wp\/v2\/product\/22304\/revisions"}],"wp:featuredmedia":[{"embeddable":true,"href":"https:\/\/lapainteriordesign.com\/fr\/wp-json\/wp\/v2\/media\/22279"}],"wp:attachment":[{"href":"https:\/\/lapainteriordesign.com\/fr\/wp-json\/wp\/v2\/media?parent=22304"}],"wp:term":[{"taxonomy":"product_brand","embeddable":true,"href":"https:\/\/lapainteriordesign.com\/fr\/wp-json\/wp\/v2\/product_brand?post=22304"},{"taxonomy":"product_cat","embeddable":true,"href":"https:\/\/lapainteriordesign.com\/fr\/wp-json\/wp\/v2\/product_cat?post=22304"},{"taxonomy":"product_tag","embeddable":true,"href":"https:\/\/lapainteriordesign.com\/fr\/wp-json\/wp\/v2\/product_tag?post=22304"}],"curies":[{"name":"wp","href":"https:\/\/api.w.org\/{rel}","templated":true}]}}