{"id":22076,"date":"2023-12-30T12:50:46","date_gmt":"2023-12-30T12:50:46","guid":{"rendered":"https:\/\/lapainteriordesign.com\/product\/colmen-stool\/"},"modified":"2025-12-31T19:32:40","modified_gmt":"2025-12-31T19:32:40","slug":"tabouret-colmen-2","status":"publish","type":"product","link":"https:\/\/lapainteriordesign.com\/fr\/product\/tabouret-colmen-2\/","title":{"rendered":"Tabouret Colmen 2"},"content":{"rendered":"<h5 data-start=\"3716\" data-end=\"3767\">Artisanat sculptural et design contemporain<\/h5>\n<p data-start=\"3768\" data-end=\"4094\">Le <strong data-start=\"3771\" data-end=\"3790\">Tabouret Colmen<\/strong> est une pi\u00e8ce sculpturale qui c\u00e9l\u00e8bre le travail artisanal. D\u00e8s le premier regard, son design facett\u00e9 attire l\u2019attention. De plus, chaque tabouret refl\u00e8te la pr\u00e9cision du geste humain. Pour d\u00e9couvrir davantage de mobilier artisanal, consulte <em data-start=\"4033\" data-end=\"4055\">Architectural Digest<\/em> (<a class=\"decorated-link\" href=\"https:\/\/www.architecturaldigest.com\" target=\"_new\" rel=\"noopener\" data-start=\"4057\" data-end=\"4092\">https:\/\/www.architecturaldigest.com<\/a>).<\/p>\n<h5 data-start=\"4096\" data-end=\"4143\">Structure facett\u00e9e en bois ou en marbre<\/h5>\n<p data-start=\"4144\" data-end=\"4463\">L\u2019\u00e9l\u00e9ment central du Tabouret Colmen est sa structure g\u00e9om\u00e9trique. Chaque surface est sculpt\u00e9e s\u00e9par\u00e9ment. Ainsi, la lumi\u00e8re cr\u00e9e des jeux d\u2019ombres subtils. Par cons\u00e9quent, le tabouret devient une sculpture fonctionnelle. D\u00e9couvre des pi\u00e8ces similaires dans notre <strong data-start=\"4408\" data-end=\"4447\">collection de mobilier contemporain<\/strong> (LIEN INTERNE).<\/p>\n<h5 data-start=\"4465\" data-end=\"4507\">Une exp\u00e9rience tactile authentique<\/h5>\n<p data-start=\"4508\" data-end=\"4769\">Au-del\u00e0 de l\u2019esth\u00e9tique, le Tabouret Colmen offre une exp\u00e9rience sensorielle riche. Le toucher r\u00e9v\u00e8le la chaleur et la texture de la mati\u00e8re naturelle. De plus, les variations du veinage rendent chaque pi\u00e8ce unique. Ainsi, l\u2019authenticit\u00e9 est toujours pr\u00e9serv\u00e9e.<\/p>\n<h5 data-start=\"4771\" data-end=\"4815\">Polyvalence pour int\u00e9rieurs modernes<\/h5>\n<p data-start=\"4816\" data-end=\"5055\">Gr\u00e2ce \u00e0 son design affirm\u00e9, le Tabouret Colmen s\u2019int\u00e8gre facilement dans diff\u00e9rents espaces. Il convient \u00e0 une entr\u00e9e, un salon ou un coin lecture. De plus, la version en bois ou en marbre permet une adaptation parfaite \u00e0 chaque int\u00e9rieur.<\/p>\n<h5 data-start=\"5057\" data-end=\"5095\">Durabilit\u00e9 et personnalisation<\/h5>\n<p data-start=\"5096\" data-end=\"5386\">Choisir le Tabouret Colmen, c\u2019est investir dans une pi\u00e8ce durable et intemporelle. Sa construction solide garantit une longue dur\u00e9e de vie. Pour l\u2019entretien du bois, visite <em data-start=\"5269\" data-end=\"5286\">House Beautiful<\/em> (<a class=\"decorated-link\" href=\"https:\/\/www.housebeautiful.com\" target=\"_new\" rel=\"noopener\" data-start=\"5288\" data-end=\"5318\">https:\/\/www.housebeautiful.com<\/a>).<br data-start=\"5320\" data-end=\"5323\" \/>Dimensions et finitions personnalis\u00e9es disponibles sur demande.<\/p>\n<p data-start=\"5388\" data-end=\"5434\"><strong data-start=\"5388\" data-end=\"5403\">Mat\u00e9riaux :<\/strong><br data-start=\"5403\" data-end=\"5406\" \/>Structure : bois ou marbre<\/p>\n","protected":false},"excerpt":{"rendered":"<p>Le <strong data-start=\"3391\" data-end=\"3410\">Tabouret Colmen<\/strong> associe artisanat d\u2019exception et design contemporain. Sa structure facett\u00e9e, sculpt\u00e9e \u00e0 la main, cr\u00e9e une pr\u00e9sence artistique forte. De plus, son toucher naturel et sa polyvalence en font une pi\u00e8ce id\u00e9ale comme assise ou \u00e9l\u00e9ment d\u00e9coratif dans des int\u00e9rieurs modernes.<\/p>\n","protected":false},"featured_media":22070,"template":"","meta":{"_joinchat":{"telephone":"+351910131778","message_text":"Questions about this piece?"}},"product_brand":[],"product_cat":[2393,4522],"product_tag":[5124,5144,5122,5121,5143,4932,5123],"class_list":{"0":"post-22076","1":"product","2":"type-product","3":"status-publish","4":"has-post-thumbnail","6":"product_cat-furniture","7":"product_cat-stool","8":"product_tag-design-artisanal","9":"product_tag-mobilier-moderne","10":"product_tag-tabouret-artisanal","11":"product_tag-tabouret-colmen","12":"product_tag-tabouret-contemporain","13":"product_tag-tabouret-en-bois","14":"product_tag-tabouret-sculptural","16":"first","17":"onbackorder","18":"taxable","19":"shipping-taxable","20":"purchasable","21":"product-type-variable"},"yoast_head":"<!-- This site is optimized with the Yoast SEO plugin v26.7 - https:\/\/yoast.com\/wordpress\/plugins\/seo\/ -->\n<title>Tabouret Colmen 2 - lapainteriordesign.com<\/title>\n<meta name=\"description\" content=\"Tabouret Colmen artisanal \u00e0 structure facett\u00e9e et design sculptural contemporain. Une pi\u00e8ce fonctionnelle qui valorise le savoir-faire et la mati\u00e8re.\" \/>\n<meta name=\"robots\" content=\"index, follow, max-snippet:-1, max-image-preview:large, max-video-preview:-1\" \/>\n<link rel=\"canonical\" href=\"https:\/\/lapainteriordesign.com\/fr\/product\/tabouret-colmen-2\/\" \/>\n<meta property=\"og:locale\" content=\"fr_FR\" \/>\n<meta property=\"og:type\" content=\"article\" \/>\n<meta property=\"og:title\" content=\"Tabouret Colmen 2 - lapainteriordesign.com\" \/>\n<meta property=\"og:description\" content=\"Tabouret Colmen artisanal \u00e0 structure facett\u00e9e et design sculptural contemporain. Une pi\u00e8ce fonctionnelle qui valorise le savoir-faire et la mati\u00e8re.\" \/>\n<meta property=\"og:url\" content=\"https:\/\/lapainteriordesign.com\/fr\/product\/tabouret-colmen-2\/\" \/>\n<meta property=\"og:site_name\" content=\"lapainteriordesign.com\" \/>\n<meta property=\"article:publisher\" content=\"https:\/\/www.facebook.com\/LapaInteriorDesign\" \/>\n<meta property=\"article:modified_time\" content=\"2025-12-31T19:32:40+00:00\" \/>\n<meta property=\"og:image\" content=\"https:\/\/lapainteriordesign.com\/wp-content\/uploads\/2023\/12\/Lapa-interior-design-Colmen-stool-V0.jpg\" \/>\n\t<meta property=\"og:image:width\" content=\"1000\" \/>\n\t<meta property=\"og:image:height\" content=\"1000\" \/>\n\t<meta property=\"og:image:type\" content=\"image\/jpeg\" \/>\n<meta name=\"twitter:card\" content=\"summary_large_image\" \/>\n<meta name=\"twitter:site\" content=\"@lapainterior\" \/>\n<meta name=\"twitter:label1\" content=\"Dur\u00e9e de lecture estim\u00e9e\" \/>\n\t<meta name=\"twitter:data1\" content=\"2 minutes\" \/>\n<script type=\"application\/ld+json\" class=\"yoast-schema-graph\">{\"@context\":\"https:\/\/schema.org\",\"@graph\":[{\"@type\":\"WebPage\",\"@id\":\"https:\/\/lapainteriordesign.com\/fr\/product\/tabouret-colmen-2\/\",\"url\":\"https:\/\/lapainteriordesign.com\/fr\/product\/tabouret-colmen-2\/\",\"name\":\"Tabouret Colmen 2 - lapainteriordesign.com\",\"isPartOf\":{\"@id\":\"https:\/\/lapainteriordesign.com\/#website\"},\"primaryImageOfPage\":{\"@id\":\"https:\/\/lapainteriordesign.com\/fr\/product\/tabouret-colmen-2\/#primaryimage\"},\"image\":{\"@id\":\"https:\/\/lapainteriordesign.com\/fr\/product\/tabouret-colmen-2\/#primaryimage\"},\"thumbnailUrl\":\"https:\/\/lapainteriordesign.com\/wp-content\/uploads\/2023\/12\/Lapa-interior-design-Colmen-stool-V0.jpg\",\"datePublished\":\"2023-12-30T12:50:46+00:00\",\"dateModified\":\"2025-12-31T19:32:40+00:00\",\"description\":\"Tabouret Colmen artisanal \u00e0 structure facett\u00e9e et design sculptural contemporain. Une pi\u00e8ce fonctionnelle qui valorise le savoir-faire et la mati\u00e8re.\",\"breadcrumb\":{\"@id\":\"https:\/\/lapainteriordesign.com\/fr\/product\/tabouret-colmen-2\/#breadcrumb\"},\"inLanguage\":\"fr-FR\",\"potentialAction\":[{\"@type\":\"ReadAction\",\"target\":[\"https:\/\/lapainteriordesign.com\/fr\/product\/tabouret-colmen-2\/\"]}]},{\"@type\":\"ImageObject\",\"inLanguage\":\"fr-FR\",\"@id\":\"https:\/\/lapainteriordesign.com\/fr\/product\/tabouret-colmen-2\/#primaryimage\",\"url\":\"https:\/\/lapainteriordesign.com\/wp-content\/uploads\/2023\/12\/Lapa-interior-design-Colmen-stool-V0.jpg\",\"contentUrl\":\"https:\/\/lapainteriordesign.com\/wp-content\/uploads\/2023\/12\/Lapa-interior-design-Colmen-stool-V0.jpg\",\"width\":1000,\"height\":1000,\"caption\":\"Lapa-interior-design-Colmen-stool-V0\"},{\"@type\":\"BreadcrumbList\",\"@id\":\"https:\/\/lapainteriordesign.com\/fr\/product\/tabouret-colmen-2\/#breadcrumb\",\"itemListElement\":[{\"@type\":\"ListItem\",\"position\":1,\"name\":\"Home\",\"item\":\"https:\/\/lapainteriordesign.com\/fr\/\"},{\"@type\":\"ListItem\",\"position\":2,\"name\":\"Products\",\"item\":\"https:\/\/lapainteriordesign.com\/products\/\"},{\"@type\":\"ListItem\",\"position\":3,\"name\":\"Tabouret Colmen 2\"}]},{\"@type\":\"WebSite\",\"@id\":\"https:\/\/lapainteriordesign.com\/#website\",\"url\":\"https:\/\/lapainteriordesign.com\/\",\"name\":\"lapainteriordesign.com\",\"description\":\"Luxury Interior Design\",\"publisher\":{\"@id\":\"https:\/\/lapainteriordesign.com\/#organization\"},\"potentialAction\":[{\"@type\":\"SearchAction\",\"target\":{\"@type\":\"EntryPoint\",\"urlTemplate\":\"https:\/\/lapainteriordesign.com\/?s={search_term_string}\"},\"query-input\":{\"@type\":\"PropertyValueSpecification\",\"valueRequired\":true,\"valueName\":\"search_term_string\"}}],\"inLanguage\":\"fr-FR\"},{\"@type\":\"Organization\",\"@id\":\"https:\/\/lapainteriordesign.com\/#organization\",\"name\":\"Lapa Interior Design\",\"url\":\"https:\/\/lapainteriordesign.com\/\",\"logo\":{\"@type\":\"ImageObject\",\"inLanguage\":\"fr-FR\",\"@id\":\"https:\/\/lapainteriordesign.com\/#\/schema\/logo\/image\/\",\"url\":\"https:\/\/lapainteriordesign.com\/wp-content\/uploads\/2026\/02\/cropped-Design-sem-nome-2026-02-04T094114.020.jpg\",\"contentUrl\":\"https:\/\/lapainteriordesign.com\/wp-content\/uploads\/2026\/02\/cropped-Design-sem-nome-2026-02-04T094114.020.jpg\",\"width\":512,\"height\":512,\"caption\":\"Lapa Interior Design\"},\"image\":{\"@id\":\"https:\/\/lapainteriordesign.com\/#\/schema\/logo\/image\/\"},\"sameAs\":[\"https:\/\/www.facebook.com\/LapaInteriorDesign\",\"https:\/\/x.com\/lapainterior\",\"https:\/\/www.instagram.com\/lapainteriordesign\/\",\"https:\/\/www.linkedin.com\/in\/lapa-interior-design-376823206\/\"]}]}<\/script>\n<!-- \/ Yoast SEO plugin. -->","yoast_head_json":{"title":"Tabouret Colmen 2 - lapainteriordesign.com","description":"Tabouret Colmen artisanal \u00e0 structure facett\u00e9e et design sculptural contemporain. Une pi\u00e8ce fonctionnelle qui valorise le savoir-faire et la mati\u00e8re.","robots":{"index":"index","follow":"follow","max-snippet":"max-snippet:-1","max-image-preview":"max-image-preview:large","max-video-preview":"max-video-preview:-1"},"canonical":"https:\/\/lapainteriordesign.com\/fr\/product\/tabouret-colmen-2\/","og_locale":"fr_FR","og_type":"article","og_title":"Tabouret Colmen 2 - lapainteriordesign.com","og_description":"Tabouret Colmen artisanal \u00e0 structure facett\u00e9e et design sculptural contemporain. Une pi\u00e8ce fonctionnelle qui valorise le savoir-faire et la mati\u00e8re.","og_url":"https:\/\/lapainteriordesign.com\/fr\/product\/tabouret-colmen-2\/","og_site_name":"lapainteriordesign.com","article_publisher":"https:\/\/www.facebook.com\/LapaInteriorDesign","article_modified_time":"2025-12-31T19:32:40+00:00","og_image":[{"width":1000,"height":1000,"url":"https:\/\/lapainteriordesign.com\/wp-content\/uploads\/2023\/12\/Lapa-interior-design-Colmen-stool-V0.jpg","type":"image\/jpeg"}],"twitter_card":"summary_large_image","twitter_site":"@lapainterior","twitter_misc":{"Dur\u00e9e de lecture estim\u00e9e":"2 minutes"},"schema":{"@context":"https:\/\/schema.org","@graph":[{"@type":"WebPage","@id":"https:\/\/lapainteriordesign.com\/fr\/product\/tabouret-colmen-2\/","url":"https:\/\/lapainteriordesign.com\/fr\/product\/tabouret-colmen-2\/","name":"Tabouret Colmen 2 - lapainteriordesign.com","isPartOf":{"@id":"https:\/\/lapainteriordesign.com\/#website"},"primaryImageOfPage":{"@id":"https:\/\/lapainteriordesign.com\/fr\/product\/tabouret-colmen-2\/#primaryimage"},"image":{"@id":"https:\/\/lapainteriordesign.com\/fr\/product\/tabouret-colmen-2\/#primaryimage"},"thumbnailUrl":"https:\/\/lapainteriordesign.com\/wp-content\/uploads\/2023\/12\/Lapa-interior-design-Colmen-stool-V0.jpg","datePublished":"2023-12-30T12:50:46+00:00","dateModified":"2025-12-31T19:32:40+00:00","description":"Tabouret Colmen artisanal \u00e0 structure facett\u00e9e et design sculptural contemporain. Une pi\u00e8ce fonctionnelle qui valorise le savoir-faire et la mati\u00e8re.","breadcrumb":{"@id":"https:\/\/lapainteriordesign.com\/fr\/product\/tabouret-colmen-2\/#breadcrumb"},"inLanguage":"fr-FR","potentialAction":[{"@type":"ReadAction","target":["https:\/\/lapainteriordesign.com\/fr\/product\/tabouret-colmen-2\/"]}]},{"@type":"ImageObject","inLanguage":"fr-FR","@id":"https:\/\/lapainteriordesign.com\/fr\/product\/tabouret-colmen-2\/#primaryimage","url":"https:\/\/lapainteriordesign.com\/wp-content\/uploads\/2023\/12\/Lapa-interior-design-Colmen-stool-V0.jpg","contentUrl":"https:\/\/lapainteriordesign.com\/wp-content\/uploads\/2023\/12\/Lapa-interior-design-Colmen-stool-V0.jpg","width":1000,"height":1000,"caption":"Lapa-interior-design-Colmen-stool-V0"},{"@type":"BreadcrumbList","@id":"https:\/\/lapainteriordesign.com\/fr\/product\/tabouret-colmen-2\/#breadcrumb","itemListElement":[{"@type":"ListItem","position":1,"name":"Home","item":"https:\/\/lapainteriordesign.com\/fr\/"},{"@type":"ListItem","position":2,"name":"Products","item":"https:\/\/lapainteriordesign.com\/products\/"},{"@type":"ListItem","position":3,"name":"Tabouret Colmen 2"}]},{"@type":"WebSite","@id":"https:\/\/lapainteriordesign.com\/#website","url":"https:\/\/lapainteriordesign.com\/","name":"lapainteriordesign.com","description":"Luxury Interior Design","publisher":{"@id":"https:\/\/lapainteriordesign.com\/#organization"},"potentialAction":[{"@type":"SearchAction","target":{"@type":"EntryPoint","urlTemplate":"https:\/\/lapainteriordesign.com\/?s={search_term_string}"},"query-input":{"@type":"PropertyValueSpecification","valueRequired":true,"valueName":"search_term_string"}}],"inLanguage":"fr-FR"},{"@type":"Organization","@id":"https:\/\/lapainteriordesign.com\/#organization","name":"Lapa Interior Design","url":"https:\/\/lapainteriordesign.com\/","logo":{"@type":"ImageObject","inLanguage":"fr-FR","@id":"https:\/\/lapainteriordesign.com\/#\/schema\/logo\/image\/","url":"https:\/\/lapainteriordesign.com\/wp-content\/uploads\/2026\/02\/cropped-Design-sem-nome-2026-02-04T094114.020.jpg","contentUrl":"https:\/\/lapainteriordesign.com\/wp-content\/uploads\/2026\/02\/cropped-Design-sem-nome-2026-02-04T094114.020.jpg","width":512,"height":512,"caption":"Lapa Interior Design"},"image":{"@id":"https:\/\/lapainteriordesign.com\/#\/schema\/logo\/image\/"},"sameAs":["https:\/\/www.facebook.com\/LapaInteriorDesign","https:\/\/x.com\/lapainterior","https:\/\/www.instagram.com\/lapainteriordesign\/","https:\/\/www.linkedin.com\/in\/lapa-interior-design-376823206\/"]}]}},"_links":{"self":[{"href":"https:\/\/lapainteriordesign.com\/fr\/wp-json\/wp\/v2\/product\/22076","targetHints":{"allow":["GET"]}}],"collection":[{"href":"https:\/\/lapainteriordesign.com\/fr\/wp-json\/wp\/v2\/product"}],"about":[{"href":"https:\/\/lapainteriordesign.com\/fr\/wp-json\/wp\/v2\/types\/product"}],"version-history":[{"count":0,"href":"https:\/\/lapainteriordesign.com\/fr\/wp-json\/wp\/v2\/product\/22076\/revisions"}],"wp:featuredmedia":[{"embeddable":true,"href":"https:\/\/lapainteriordesign.com\/fr\/wp-json\/wp\/v2\/media\/22070"}],"wp:attachment":[{"href":"https:\/\/lapainteriordesign.com\/fr\/wp-json\/wp\/v2\/media?parent=22076"}],"wp:term":[{"taxonomy":"product_brand","embeddable":true,"href":"https:\/\/lapainteriordesign.com\/fr\/wp-json\/wp\/v2\/product_brand?post=22076"},{"taxonomy":"product_cat","embeddable":true,"href":"https:\/\/lapainteriordesign.com\/fr\/wp-json\/wp\/v2\/product_cat?post=22076"},{"taxonomy":"product_tag","embeddable":true,"href":"https:\/\/lapainteriordesign.com\/fr\/wp-json\/wp\/v2\/product_tag?post=22076"}],"curies":[{"name":"wp","href":"https:\/\/api.w.org\/{rel}","templated":true}]}}