{"id":22061,"date":"2023-12-30T14:42:25","date_gmt":"2023-12-30T14:42:25","guid":{"rendered":"https:\/\/lapainteriordesign.com\/product\/colmen-stool-marble-top\/"},"modified":"2025-12-31T19:08:19","modified_gmt":"2025-12-31T19:08:19","slug":"tabouret-colmen","status":"publish","type":"product","link":"https:\/\/lapainteriordesign.com\/fr\/product\/tabouret-colmen\/","title":{"rendered":"Tabouret Colmen"},"content":{"rendered":"<h5 data-start=\"3790\" data-end=\"3840\">Artisanat et design inspir\u00e9s par la nature<\/h5>\n<p data-start=\"3841\" data-end=\"4172\">Le <strong data-start=\"3844\" data-end=\"3863\">Tabouret Colmen<\/strong> incarne l\u2019\u00e9quilibre entre artisanat traditionnel et design contemporain. D\u00e8s le premier regard, sa silhouette sculpturale attire l\u2019attention. De plus, il met en valeur le travail manuel et les mat\u00e9riaux naturels. Pour plus d\u2019inspiration, d\u00e9couvre <em data-start=\"4111\" data-end=\"4133\">Architectural Digest<\/em> (<a class=\"decorated-link\" href=\"https:\/\/www.architecturaldigest.com\" target=\"_new\" rel=\"noopener\" data-start=\"4135\" data-end=\"4170\">https:\/\/www.architecturaldigest.com<\/a>).<\/p>\n<h5 data-start=\"4174\" data-end=\"4220\">Un tabouret sculptural en bois facett\u00e9<\/h5>\n<p data-start=\"4221\" data-end=\"4529\">Chaque facette du Tabouret Colmen est sculpt\u00e9e individuellement. Ainsi, la lumi\u00e8re cr\u00e9e des jeux d\u2019ombres subtils. Par ailleurs, ce travail minutieux transforme le tabouret en une v\u00e9ritable \u0153uvre fonctionnelle. D\u00e9couvre des pi\u00e8ces similaires dans notre <strong data-start=\"4474\" data-end=\"4513\">collection de mobilier contemporain<\/strong> (LIEN INTERNE).<\/p>\n<h5 data-start=\"4531\" data-end=\"4568\">Une exp\u00e9rience tactile unique<\/h5>\n<p data-start=\"4569\" data-end=\"4819\">Au-del\u00e0 de l\u2019esth\u00e9tique, le Tabouret Colmen propose une exp\u00e9rience sensorielle riche. Le toucher r\u00e9v\u00e8le la douceur et la chaleur du bois naturel. En outre, les variations de veinage rendent chaque pi\u00e8ce unique. Ainsi, le design gagne en authenticit\u00e9.<\/p>\n<h5 data-start=\"4821\" data-end=\"4865\">Polyvalence pour int\u00e9rieurs modernes<\/h5>\n<p data-start=\"4866\" data-end=\"5137\">Gr\u00e2ce \u00e0 sa forme affirm\u00e9e, le Tabouret Colmen s\u2019int\u00e8gre facilement dans diff\u00e9rents espaces. Il trouve sa place dans une entr\u00e9e, un salon ou un coin lecture. De plus, sa structure est disponible en bois ou en marbre. Par cons\u00e9quent, il s\u2019adapte \u00e0 divers styles d\u00e9coratifs.<\/p>\n<h5 data-start=\"5139\" data-end=\"5177\">Durabilit\u00e9 et personnalisation<\/h5>\n<p data-start=\"5178\" data-end=\"5470\">Choisir le Tabouret Colmen, c\u2019est investir dans une pi\u00e8ce durable et intemporelle. Sa construction robuste assure une excellente stabilit\u00e9. Pour l\u2019entretien du bois, consulte <em data-start=\"5353\" data-end=\"5370\">House Beautiful<\/em> (<a class=\"decorated-link\" href=\"https:\/\/www.housebeautiful.com\" target=\"_new\" rel=\"noopener\" data-start=\"5372\" data-end=\"5402\">https:\/\/www.housebeautiful.com<\/a>).<br data-start=\"5404\" data-end=\"5407\" \/>Dimensions et finitions personnalis\u00e9es disponibles sur demande.<\/p>\n<p data-start=\"5472\" data-end=\"5516\"><strong data-start=\"5472\" data-end=\"5487\">Mat\u00e9riaux :<\/strong><br data-start=\"5487\" data-end=\"5490\" \/>Structure : bois, marbre<\/p>\n<p data-start=\"5518\" data-end=\"5597\">Le <strong data-start=\"5521\" data-end=\"5540\">Tabouret Colmen<\/strong> c\u00e9l\u00e8bre l\u2019artisanat, la mati\u00e8re et le design sculptural.<\/p>\n","protected":false},"excerpt":{"rendered":"<p>Le <strong data-start=\"3463\" data-end=\"3482\">Tabouret Colmen<\/strong> s\u00e9duit par son design sculptural et son savoir-faire artisanal. Sculpt\u00e9 \u00e0 la main en bois facett\u00e9, il offre une exp\u00e9rience sensorielle unique. De plus, sa forme polyvalente en fait une pi\u00e8ce fonctionnelle et d\u00e9corative, id\u00e9ale pour des int\u00e9rieurs contemporains raffin\u00e9s.<\/p>\n","protected":false},"featured_media":22047,"template":"","meta":{"_joinchat":{"telephone":"+351910131778","message_text":"Questions about this piece?"}},"product_brand":[],"product_cat":[2393,4522],"product_tag":[5124,2411,5122,5121,5125,4932,5123],"class_list":{"0":"post-22061","1":"product","2":"type-product","3":"status-publish","4":"has-post-thumbnail","6":"product_cat-furniture","7":"product_cat-stool","8":"product_tag-design-artisanal","9":"product_tag-mobilier-contemporain","10":"product_tag-tabouret-artisanal","11":"product_tag-tabouret-colmen","12":"product_tag-tabouret-design","13":"product_tag-tabouret-en-bois","14":"product_tag-tabouret-sculptural","16":"first","17":"onbackorder","18":"taxable","19":"shipping-taxable","20":"purchasable","21":"product-type-simple"},"yoast_head":"<!-- This site is optimized with the Yoast SEO plugin v26.7 - https:\/\/yoast.com\/wordpress\/plugins\/seo\/ -->\n<title>Tabouret Colmen - lapainteriordesign.com<\/title>\n<meta name=\"description\" content=\"Tabouret Colmen artisanal en bois facett\u00e9 au design sculptural. Inspir\u00e9 par la nature, il allie fonctionnalit\u00e9 et \u00e9l\u00e9gance contemporaine.\" \/>\n<meta name=\"robots\" content=\"index, follow, max-snippet:-1, max-image-preview:large, max-video-preview:-1\" \/>\n<link rel=\"canonical\" href=\"https:\/\/lapainteriordesign.com\/fr\/product\/tabouret-colmen\/\" \/>\n<meta property=\"og:locale\" content=\"fr_FR\" \/>\n<meta property=\"og:type\" content=\"article\" \/>\n<meta property=\"og:title\" content=\"Tabouret Colmen - lapainteriordesign.com\" \/>\n<meta property=\"og:description\" content=\"Tabouret Colmen artisanal en bois facett\u00e9 au design sculptural. Inspir\u00e9 par la nature, il allie fonctionnalit\u00e9 et \u00e9l\u00e9gance contemporaine.\" \/>\n<meta property=\"og:url\" content=\"https:\/\/lapainteriordesign.com\/fr\/product\/tabouret-colmen\/\" \/>\n<meta property=\"og:site_name\" content=\"lapainteriordesign.com\" \/>\n<meta property=\"article:publisher\" content=\"https:\/\/www.facebook.com\/LapaInteriorDesign\" \/>\n<meta property=\"article:modified_time\" content=\"2025-12-31T19:08:19+00:00\" \/>\n<meta property=\"og:image\" content=\"https:\/\/lapainteriordesign.com\/wp-content\/uploads\/2023\/12\/Lapa-interior-design-Colmen-stool-with-Marble-Top-680x780-1.jpg\" \/>\n\t<meta property=\"og:image:width\" content=\"1000\" \/>\n\t<meta property=\"og:image:height\" content=\"1000\" \/>\n\t<meta property=\"og:image:type\" content=\"image\/jpeg\" \/>\n<meta name=\"twitter:card\" content=\"summary_large_image\" \/>\n<meta name=\"twitter:site\" content=\"@lapainterior\" \/>\n<meta name=\"twitter:label1\" content=\"Dur\u00e9e de lecture estim\u00e9e\" \/>\n\t<meta name=\"twitter:data1\" content=\"2 minutes\" \/>\n<script type=\"application\/ld+json\" class=\"yoast-schema-graph\">{\"@context\":\"https:\/\/schema.org\",\"@graph\":[{\"@type\":\"WebPage\",\"@id\":\"https:\/\/lapainteriordesign.com\/fr\/product\/tabouret-colmen\/\",\"url\":\"https:\/\/lapainteriordesign.com\/fr\/product\/tabouret-colmen\/\",\"name\":\"Tabouret Colmen - lapainteriordesign.com\",\"isPartOf\":{\"@id\":\"https:\/\/lapainteriordesign.com\/#website\"},\"primaryImageOfPage\":{\"@id\":\"https:\/\/lapainteriordesign.com\/fr\/product\/tabouret-colmen\/#primaryimage\"},\"image\":{\"@id\":\"https:\/\/lapainteriordesign.com\/fr\/product\/tabouret-colmen\/#primaryimage\"},\"thumbnailUrl\":\"https:\/\/lapainteriordesign.com\/wp-content\/uploads\/2023\/12\/Lapa-interior-design-Colmen-stool-with-Marble-Top-680x780-1.jpg\",\"datePublished\":\"2023-12-30T14:42:25+00:00\",\"dateModified\":\"2025-12-31T19:08:19+00:00\",\"description\":\"Tabouret Colmen artisanal en bois facett\u00e9 au design sculptural. Inspir\u00e9 par la nature, il allie fonctionnalit\u00e9 et \u00e9l\u00e9gance contemporaine.\",\"breadcrumb\":{\"@id\":\"https:\/\/lapainteriordesign.com\/fr\/product\/tabouret-colmen\/#breadcrumb\"},\"inLanguage\":\"fr-FR\",\"potentialAction\":[{\"@type\":\"ReadAction\",\"target\":[\"https:\/\/lapainteriordesign.com\/fr\/product\/tabouret-colmen\/\"]}]},{\"@type\":\"ImageObject\",\"inLanguage\":\"fr-FR\",\"@id\":\"https:\/\/lapainteriordesign.com\/fr\/product\/tabouret-colmen\/#primaryimage\",\"url\":\"https:\/\/lapainteriordesign.com\/wp-content\/uploads\/2023\/12\/Lapa-interior-design-Colmen-stool-with-Marble-Top-680x780-1.jpg\",\"contentUrl\":\"https:\/\/lapainteriordesign.com\/wp-content\/uploads\/2023\/12\/Lapa-interior-design-Colmen-stool-with-Marble-Top-680x780-1.jpg\",\"width\":1000,\"height\":1000,\"caption\":\"Lapa-interior-design-Colmen-stool-with-Marble-Top-680x780\"},{\"@type\":\"BreadcrumbList\",\"@id\":\"https:\/\/lapainteriordesign.com\/fr\/product\/tabouret-colmen\/#breadcrumb\",\"itemListElement\":[{\"@type\":\"ListItem\",\"position\":1,\"name\":\"Home\",\"item\":\"https:\/\/lapainteriordesign.com\/fr\/\"},{\"@type\":\"ListItem\",\"position\":2,\"name\":\"Products\",\"item\":\"https:\/\/lapainteriordesign.com\/products\/\"},{\"@type\":\"ListItem\",\"position\":3,\"name\":\"Tabouret Colmen\"}]},{\"@type\":\"WebSite\",\"@id\":\"https:\/\/lapainteriordesign.com\/#website\",\"url\":\"https:\/\/lapainteriordesign.com\/\",\"name\":\"lapainteriordesign.com\",\"description\":\"Luxury Interior Design\",\"publisher\":{\"@id\":\"https:\/\/lapainteriordesign.com\/#organization\"},\"potentialAction\":[{\"@type\":\"SearchAction\",\"target\":{\"@type\":\"EntryPoint\",\"urlTemplate\":\"https:\/\/lapainteriordesign.com\/?s={search_term_string}\"},\"query-input\":{\"@type\":\"PropertyValueSpecification\",\"valueRequired\":true,\"valueName\":\"search_term_string\"}}],\"inLanguage\":\"fr-FR\"},{\"@type\":\"Organization\",\"@id\":\"https:\/\/lapainteriordesign.com\/#organization\",\"name\":\"Lapa Interior Design\",\"url\":\"https:\/\/lapainteriordesign.com\/\",\"logo\":{\"@type\":\"ImageObject\",\"inLanguage\":\"fr-FR\",\"@id\":\"https:\/\/lapainteriordesign.com\/#\/schema\/logo\/image\/\",\"url\":\"https:\/\/lapainteriordesign.com\/wp-content\/uploads\/2026\/02\/cropped-Design-sem-nome-2026-02-04T094114.020.jpg\",\"contentUrl\":\"https:\/\/lapainteriordesign.com\/wp-content\/uploads\/2026\/02\/cropped-Design-sem-nome-2026-02-04T094114.020.jpg\",\"width\":512,\"height\":512,\"caption\":\"Lapa Interior Design\"},\"image\":{\"@id\":\"https:\/\/lapainteriordesign.com\/#\/schema\/logo\/image\/\"},\"sameAs\":[\"https:\/\/www.facebook.com\/LapaInteriorDesign\",\"https:\/\/x.com\/lapainterior\",\"https:\/\/www.instagram.com\/lapainteriordesign\/\",\"https:\/\/www.linkedin.com\/in\/lapa-interior-design-376823206\/\"]}]}<\/script>\n<!-- \/ Yoast SEO plugin. -->","yoast_head_json":{"title":"Tabouret Colmen - lapainteriordesign.com","description":"Tabouret Colmen artisanal en bois facett\u00e9 au design sculptural. Inspir\u00e9 par la nature, il allie fonctionnalit\u00e9 et \u00e9l\u00e9gance contemporaine.","robots":{"index":"index","follow":"follow","max-snippet":"max-snippet:-1","max-image-preview":"max-image-preview:large","max-video-preview":"max-video-preview:-1"},"canonical":"https:\/\/lapainteriordesign.com\/fr\/product\/tabouret-colmen\/","og_locale":"fr_FR","og_type":"article","og_title":"Tabouret Colmen - lapainteriordesign.com","og_description":"Tabouret Colmen artisanal en bois facett\u00e9 au design sculptural. Inspir\u00e9 par la nature, il allie fonctionnalit\u00e9 et \u00e9l\u00e9gance contemporaine.","og_url":"https:\/\/lapainteriordesign.com\/fr\/product\/tabouret-colmen\/","og_site_name":"lapainteriordesign.com","article_publisher":"https:\/\/www.facebook.com\/LapaInteriorDesign","article_modified_time":"2025-12-31T19:08:19+00:00","og_image":[{"width":1000,"height":1000,"url":"https:\/\/lapainteriordesign.com\/wp-content\/uploads\/2023\/12\/Lapa-interior-design-Colmen-stool-with-Marble-Top-680x780-1.jpg","type":"image\/jpeg"}],"twitter_card":"summary_large_image","twitter_site":"@lapainterior","twitter_misc":{"Dur\u00e9e de lecture estim\u00e9e":"2 minutes"},"schema":{"@context":"https:\/\/schema.org","@graph":[{"@type":"WebPage","@id":"https:\/\/lapainteriordesign.com\/fr\/product\/tabouret-colmen\/","url":"https:\/\/lapainteriordesign.com\/fr\/product\/tabouret-colmen\/","name":"Tabouret Colmen - lapainteriordesign.com","isPartOf":{"@id":"https:\/\/lapainteriordesign.com\/#website"},"primaryImageOfPage":{"@id":"https:\/\/lapainteriordesign.com\/fr\/product\/tabouret-colmen\/#primaryimage"},"image":{"@id":"https:\/\/lapainteriordesign.com\/fr\/product\/tabouret-colmen\/#primaryimage"},"thumbnailUrl":"https:\/\/lapainteriordesign.com\/wp-content\/uploads\/2023\/12\/Lapa-interior-design-Colmen-stool-with-Marble-Top-680x780-1.jpg","datePublished":"2023-12-30T14:42:25+00:00","dateModified":"2025-12-31T19:08:19+00:00","description":"Tabouret Colmen artisanal en bois facett\u00e9 au design sculptural. Inspir\u00e9 par la nature, il allie fonctionnalit\u00e9 et \u00e9l\u00e9gance contemporaine.","breadcrumb":{"@id":"https:\/\/lapainteriordesign.com\/fr\/product\/tabouret-colmen\/#breadcrumb"},"inLanguage":"fr-FR","potentialAction":[{"@type":"ReadAction","target":["https:\/\/lapainteriordesign.com\/fr\/product\/tabouret-colmen\/"]}]},{"@type":"ImageObject","inLanguage":"fr-FR","@id":"https:\/\/lapainteriordesign.com\/fr\/product\/tabouret-colmen\/#primaryimage","url":"https:\/\/lapainteriordesign.com\/wp-content\/uploads\/2023\/12\/Lapa-interior-design-Colmen-stool-with-Marble-Top-680x780-1.jpg","contentUrl":"https:\/\/lapainteriordesign.com\/wp-content\/uploads\/2023\/12\/Lapa-interior-design-Colmen-stool-with-Marble-Top-680x780-1.jpg","width":1000,"height":1000,"caption":"Lapa-interior-design-Colmen-stool-with-Marble-Top-680x780"},{"@type":"BreadcrumbList","@id":"https:\/\/lapainteriordesign.com\/fr\/product\/tabouret-colmen\/#breadcrumb","itemListElement":[{"@type":"ListItem","position":1,"name":"Home","item":"https:\/\/lapainteriordesign.com\/fr\/"},{"@type":"ListItem","position":2,"name":"Products","item":"https:\/\/lapainteriordesign.com\/products\/"},{"@type":"ListItem","position":3,"name":"Tabouret Colmen"}]},{"@type":"WebSite","@id":"https:\/\/lapainteriordesign.com\/#website","url":"https:\/\/lapainteriordesign.com\/","name":"lapainteriordesign.com","description":"Luxury Interior Design","publisher":{"@id":"https:\/\/lapainteriordesign.com\/#organization"},"potentialAction":[{"@type":"SearchAction","target":{"@type":"EntryPoint","urlTemplate":"https:\/\/lapainteriordesign.com\/?s={search_term_string}"},"query-input":{"@type":"PropertyValueSpecification","valueRequired":true,"valueName":"search_term_string"}}],"inLanguage":"fr-FR"},{"@type":"Organization","@id":"https:\/\/lapainteriordesign.com\/#organization","name":"Lapa Interior Design","url":"https:\/\/lapainteriordesign.com\/","logo":{"@type":"ImageObject","inLanguage":"fr-FR","@id":"https:\/\/lapainteriordesign.com\/#\/schema\/logo\/image\/","url":"https:\/\/lapainteriordesign.com\/wp-content\/uploads\/2026\/02\/cropped-Design-sem-nome-2026-02-04T094114.020.jpg","contentUrl":"https:\/\/lapainteriordesign.com\/wp-content\/uploads\/2026\/02\/cropped-Design-sem-nome-2026-02-04T094114.020.jpg","width":512,"height":512,"caption":"Lapa Interior Design"},"image":{"@id":"https:\/\/lapainteriordesign.com\/#\/schema\/logo\/image\/"},"sameAs":["https:\/\/www.facebook.com\/LapaInteriorDesign","https:\/\/x.com\/lapainterior","https:\/\/www.instagram.com\/lapainteriordesign\/","https:\/\/www.linkedin.com\/in\/lapa-interior-design-376823206\/"]}]}},"_links":{"self":[{"href":"https:\/\/lapainteriordesign.com\/fr\/wp-json\/wp\/v2\/product\/22061","targetHints":{"allow":["GET"]}}],"collection":[{"href":"https:\/\/lapainteriordesign.com\/fr\/wp-json\/wp\/v2\/product"}],"about":[{"href":"https:\/\/lapainteriordesign.com\/fr\/wp-json\/wp\/v2\/types\/product"}],"version-history":[{"count":0,"href":"https:\/\/lapainteriordesign.com\/fr\/wp-json\/wp\/v2\/product\/22061\/revisions"}],"wp:featuredmedia":[{"embeddable":true,"href":"https:\/\/lapainteriordesign.com\/fr\/wp-json\/wp\/v2\/media\/22047"}],"wp:attachment":[{"href":"https:\/\/lapainteriordesign.com\/fr\/wp-json\/wp\/v2\/media?parent=22061"}],"wp:term":[{"taxonomy":"product_brand","embeddable":true,"href":"https:\/\/lapainteriordesign.com\/fr\/wp-json\/wp\/v2\/product_brand?post=22061"},{"taxonomy":"product_cat","embeddable":true,"href":"https:\/\/lapainteriordesign.com\/fr\/wp-json\/wp\/v2\/product_cat?post=22061"},{"taxonomy":"product_tag","embeddable":true,"href":"https:\/\/lapainteriordesign.com\/fr\/wp-json\/wp\/v2\/product_tag?post=22061"}],"curies":[{"name":"wp","href":"https:\/\/api.w.org\/{rel}","templated":true}]}}