{"id":21919,"date":"2025-01-17T13:36:32","date_gmt":"2025-01-17T13:36:32","guid":{"rendered":"https:\/\/lapainteriordesign.com\/product\/bravo-black-metal-chair\/"},"modified":"2026-01-19T21:57:11","modified_gmt":"2026-01-19T21:57:11","slug":"chaise-metallique-bravo-noire","status":"publish","type":"product","link":"https:\/\/lapainteriordesign.com\/fr\/product\/chaise-metallique-bravo-noire\/","title":{"rendered":"Chaise m\u00e9tallique Bravo noire"},"content":{"rendered":"<h5 data-start=\"3781\" data-end=\"3818\">Design \u00e9l\u00e9gant et fonctionnel<\/h5>\n<p data-start=\"3819\" data-end=\"4074\">La <strong data-start=\"3822\" data-end=\"3855\">Chaise m\u00e9tallique Bravo noire<\/strong> est parfaite pour les int\u00e9rieurs contemporains. Elle combine praticit\u00e9 et style, adapt\u00e9e aux salles \u00e0 manger, bureaux, chambres ou salons. Son design minimaliste apporte une touche sophistiqu\u00e9e sans encombrer l\u2019espace.<\/p>\n<h5 data-start=\"4076\" data-end=\"4122\">Structure solide et finitions durables<\/h5>\n<p data-start=\"4123\" data-end=\"4491\">Elle poss\u00e8de une structure m\u00e9tallique avec finition thermolaqu\u00e9e, offrant une surface lisse et r\u00e9sistance aux rayures, \u00e0 la corrosion et aux \u00e9clats. L\u2019assise et le dossier en contreplaqu\u00e9 plaqu\u00e9 ch\u00eane apportent chaleur et contraste naturel. Deux finitions sont disponibles : huile naturelle avec protection UV ou laque noire \u00e0 pores ouverts pour un style contemporain.<\/p>\n<h5 data-start=\"4493\" data-end=\"4529\">Montage simple et durabilit\u00e9<\/h5>\n<p data-start=\"4530\" data-end=\"4814\">La Chaise m\u00e9tallique Bravo noire est livr\u00e9e en flat-pack, optimisant les ressources et r\u00e9duisant l\u2019impact environnemental. L\u2019assemblage est rapide et sans outils, id\u00e9al pour les foyers modernes ou les d\u00e9m\u00e9nagements fr\u00e9quents. Cela permet de profiter d\u2019un meuble de qualit\u00e9 facilement.<\/p>\n<h5 data-start=\"4816\" data-end=\"4855\">Un meuble polyvalent et raffin\u00e9<\/h5>\n<p data-start=\"4856\" data-end=\"5233\">Gr\u00e2ce \u00e0 ses mat\u00e9riaux durables et son design r\u00e9fl\u00e9chi, cette chaise est plus qu\u2019un simple si\u00e8ge, c\u2019est une pi\u00e8ce fonctionnelle et esth\u00e9tique. Elle peut servir de chaise de salle \u00e0 manger, de bureau ou d\u2019\u00e9l\u00e9ment d\u00e9coratif. D\u00e9couvre d\u2019autres meubles sur la <a class=\"decorated-link cursor-pointer\" target=\"_new\" rel=\"noopener\" data-start=\"5111\" data-end=\"5180\">collection Lapa Interior Design<\/a> ou inspire-toi sur <a class=\"decorated-link cursor-pointer\" target=\"_new\" rel=\"noopener\" data-start=\"5200\" data-end=\"5232\">Dezeen<\/a>.<\/p>\n<p data-start=\"5235\" data-end=\"5490\"><strong data-start=\"5235\" data-end=\"5250\">Mat\u00e9riaux :<\/strong> tubes m\u00e9talliques thermolaqu\u00e9s, contreplaqu\u00e9 plaqu\u00e9 ch\u00eane.<br data-start=\"5309\" data-end=\"5312\" \/><strong data-start=\"5312\" data-end=\"5327\">Finitions :<\/strong> huile naturelle avec protection UV ou laque noire \u00e0 pores ouverts.<br data-start=\"5394\" data-end=\"5397\" \/><strong data-start=\"5397\" data-end=\"5412\">Entretien :<\/strong> nettoyer avec chiffon sec ou l\u00e9g\u00e8rement humide. \u00c9viter les produits abrasifs.<\/p>\n<p data-start=\"5492\" data-end=\"5608\">La Chaise m\u00e9tallique Bravo noire allie durabilit\u00e9, \u00e9l\u00e9gance et praticit\u00e9.<br data-start=\"5565\" data-end=\"5568\" \/><strong data-start=\"5568\" data-end=\"5608\">Produite au Portugal, naturellement.<\/strong><\/p>\n<p><a class=\"btn btn-style-bordered btn-shape-rectangle btn-size-large btn-color-black btn-icon-pos-right\" href=\"https:\/\/lapainteriordesign.com\/wp-content\/uploads\/2025\/01\/BravoMetalChair_technicalsheet-Lapa-Interior-Design.pdf\" target=\"_blank\" rel=\"noopener\">Technical Sheet<\/a><br \/>\n<a class=\"btn btn-style-bordered btn-shape-rectangle btn-size-large btn-color-black btn-icon-pos-right\" href=\"https:\/\/lapainteriordesign.com\/wp-content\/uploads\/2025\/01\/A6_Assembly-instrutions_Bravo_Metal_Chair-Lapa-Interior-Design.pdf\" rel=\"noopener\">Assembly Instrutions<\/a><\/p>\n","protected":false},"excerpt":{"rendered":"<p>La Chaise m\u00e9tallique Bravo noire allie style et praticit\u00e9. Sa structure m\u00e9tallique robuste avec finition thermolaqu\u00e9e assure durabilit\u00e9. Disponible en huile naturelle ou laque noire. Facile \u00e0 monter gr\u00e2ce \u00e0 son emballage flat-pack. Id\u00e9ale pour salle \u00e0 manger, bureau ou chambre. Fabriqu\u00e9e au Portugal.<\/p>\n","protected":false},"featured_media":21913,"template":"","meta":{"_joinchat":{"telephone":"+351910131778","message_text":"Questions about this piece?"}},"product_brand":[],"product_cat":[2395,4823,2393,4783,2394],"product_tag":[4986,2400,5029,2404,5031,5030,4381],"class_list":{"0":"post-21919","1":"product","2":"type-product","3":"status-publish","4":"has-post-thumbnail","6":"product_cat-chairs","7":"product_cat-dinning-room","8":"product_cat-furniture","9":"product_cat-ready-to-ship","10":"product_cat-seating","11":"product_tag-chaise-de-salle-a-manger","12":"product_tag-chaise-design","13":"product_tag-chaise-metallique-bravo","14":"product_tag-chaise-moderne","15":"product_tag-chaise-multifonction","16":"product_tag-chaise-noire","17":"product_tag-mobilier-portugais","19":"first","20":"instock","21":"taxable","22":"shipping-taxable","23":"purchasable","24":"product-type-simple"},"yoast_head":"<!-- This site is optimized with the Yoast SEO plugin v26.7 - https:\/\/yoast.com\/wordpress\/plugins\/seo\/ -->\n<title>Chaise m\u00e9tallique Bravo noire - lapainteriordesign.com<\/title>\n<meta name=\"description\" content=\"Chaise m\u00e9tallique Bravo noire \u00e9l\u00e9gante et pratique. Id\u00e9ale pour salle \u00e0 manger, bureau ou chambre. Montage facile, durable et fabriqu\u00e9e au Portugal.\" \/>\n<meta name=\"robots\" content=\"index, follow, max-snippet:-1, max-image-preview:large, max-video-preview:-1\" \/>\n<link rel=\"canonical\" href=\"https:\/\/lapainteriordesign.com\/fr\/product\/chaise-metallique-bravo-noire\/\" \/>\n<meta property=\"og:locale\" content=\"fr_FR\" \/>\n<meta property=\"og:type\" content=\"article\" \/>\n<meta property=\"og:title\" content=\"Bravo Metal Chair\" \/>\n<meta property=\"og:description\" content=\"Bravo Metal it\u2019s a practical and elegant chair, a solution to your dining room, desk or other areas like your bedroom.\" \/>\n<meta property=\"og:url\" content=\"https:\/\/lapainteriordesign.com\/fr\/product\/chaise-metallique-bravo-noire\/\" \/>\n<meta property=\"og:site_name\" content=\"lapainteriordesign.com\" \/>\n<meta property=\"article:publisher\" content=\"https:\/\/www.facebook.com\/LapaInteriorDesign\" \/>\n<meta property=\"article:modified_time\" content=\"2026-01-19T21:57:11+00:00\" \/>\n<meta property=\"og:image\" content=\"https:\/\/lapainteriordesign.com\/wp-content\/uploads\/2026\/02\/cropped-Design-sem-nome-2026-02-04T094114.020.jpg\" \/>\n\t<meta property=\"og:image:width\" content=\"512\" \/>\n\t<meta property=\"og:image:height\" content=\"512\" \/>\n\t<meta property=\"og:image:type\" content=\"image\/jpeg\" \/>\n<meta name=\"twitter:card\" content=\"summary_large_image\" \/>\n<meta name=\"twitter:title\" content=\"Vintage 1974 Throw\" \/>\n<meta name=\"twitter:description\" content=\"Experience the ultimate in coziness with Mustard Vintage 1956 Throw. Crafted from 100% wool, it&#039;s a perfect blend of style and warmth.\" \/>\n<meta name=\"twitter:image\" content=\"https:\/\/lapainteriordesign.com\/wp-content\/uploads\/2024\/11\/vintage-mos-23.39.png\" \/>\n<meta name=\"twitter:site\" content=\"@lapainterior\" \/>\n<meta name=\"twitter:label1\" content=\"Dur\u00e9e de lecture estim\u00e9e\" \/>\n\t<meta name=\"twitter:data1\" content=\"2 minutes\" \/>\n<script type=\"application\/ld+json\" class=\"yoast-schema-graph\">{\"@context\":\"https:\/\/schema.org\",\"@graph\":[{\"@type\":\"WebPage\",\"@id\":\"https:\/\/lapainteriordesign.com\/fr\/product\/chaise-metallique-bravo-noire\/\",\"url\":\"https:\/\/lapainteriordesign.com\/fr\/product\/chaise-metallique-bravo-noire\/\",\"name\":\"Chaise m\u00e9tallique Bravo noire - lapainteriordesign.com\",\"isPartOf\":{\"@id\":\"https:\/\/lapainteriordesign.com\/#website\"},\"primaryImageOfPage\":{\"@id\":\"https:\/\/lapainteriordesign.com\/fr\/product\/chaise-metallique-bravo-noire\/#primaryimage\"},\"image\":{\"@id\":\"https:\/\/lapainteriordesign.com\/fr\/product\/chaise-metallique-bravo-noire\/#primaryimage\"},\"thumbnailUrl\":\"https:\/\/lapainteriordesign.com\/wp-content\/uploads\/2025\/01\/wood-metal-black-oak-chair-bravo-LapaInteriorDesign-1.jpg\",\"datePublished\":\"2025-01-17T13:36:32+00:00\",\"dateModified\":\"2026-01-19T21:57:11+00:00\",\"description\":\"Chaise m\u00e9tallique Bravo noire \u00e9l\u00e9gante et pratique. Id\u00e9ale pour salle \u00e0 manger, bureau ou chambre. Montage facile, durable et fabriqu\u00e9e au Portugal.\",\"breadcrumb\":{\"@id\":\"https:\/\/lapainteriordesign.com\/fr\/product\/chaise-metallique-bravo-noire\/#breadcrumb\"},\"inLanguage\":\"fr-FR\",\"potentialAction\":[{\"@type\":\"ReadAction\",\"target\":[\"https:\/\/lapainteriordesign.com\/fr\/product\/chaise-metallique-bravo-noire\/\"]}]},{\"@type\":\"ImageObject\",\"inLanguage\":\"fr-FR\",\"@id\":\"https:\/\/lapainteriordesign.com\/fr\/product\/chaise-metallique-bravo-noire\/#primaryimage\",\"url\":\"https:\/\/lapainteriordesign.com\/wp-content\/uploads\/2025\/01\/wood-metal-black-oak-chair-bravo-LapaInteriorDesign-1.jpg\",\"contentUrl\":\"https:\/\/lapainteriordesign.com\/wp-content\/uploads\/2025\/01\/wood-metal-black-oak-chair-bravo-LapaInteriorDesign-1.jpg\",\"width\":1000,\"height\":1000,\"caption\":\"wood-metal-black-oak-chair-bravo-LapaInteriorDesign-1\"},{\"@type\":\"BreadcrumbList\",\"@id\":\"https:\/\/lapainteriordesign.com\/fr\/product\/chaise-metallique-bravo-noire\/#breadcrumb\",\"itemListElement\":[{\"@type\":\"ListItem\",\"position\":1,\"name\":\"Home\",\"item\":\"https:\/\/lapainteriordesign.com\/fr\/\"},{\"@type\":\"ListItem\",\"position\":2,\"name\":\"Products\",\"item\":\"https:\/\/lapainteriordesign.com\/products\/\"},{\"@type\":\"ListItem\",\"position\":3,\"name\":\"Chaise m\u00e9tallique Bravo noire\"}]},{\"@type\":\"WebSite\",\"@id\":\"https:\/\/lapainteriordesign.com\/#website\",\"url\":\"https:\/\/lapainteriordesign.com\/\",\"name\":\"lapainteriordesign.com\",\"description\":\"Luxury Interior Design\",\"publisher\":{\"@id\":\"https:\/\/lapainteriordesign.com\/#organization\"},\"potentialAction\":[{\"@type\":\"SearchAction\",\"target\":{\"@type\":\"EntryPoint\",\"urlTemplate\":\"https:\/\/lapainteriordesign.com\/?s={search_term_string}\"},\"query-input\":{\"@type\":\"PropertyValueSpecification\",\"valueRequired\":true,\"valueName\":\"search_term_string\"}}],\"inLanguage\":\"fr-FR\"},{\"@type\":\"Organization\",\"@id\":\"https:\/\/lapainteriordesign.com\/#organization\",\"name\":\"Lapa Interior Design\",\"url\":\"https:\/\/lapainteriordesign.com\/\",\"logo\":{\"@type\":\"ImageObject\",\"inLanguage\":\"fr-FR\",\"@id\":\"https:\/\/lapainteriordesign.com\/#\/schema\/logo\/image\/\",\"url\":\"https:\/\/lapainteriordesign.com\/wp-content\/uploads\/2026\/02\/cropped-Design-sem-nome-2026-02-04T094114.020.jpg\",\"contentUrl\":\"https:\/\/lapainteriordesign.com\/wp-content\/uploads\/2026\/02\/cropped-Design-sem-nome-2026-02-04T094114.020.jpg\",\"width\":512,\"height\":512,\"caption\":\"Lapa Interior Design\"},\"image\":{\"@id\":\"https:\/\/lapainteriordesign.com\/#\/schema\/logo\/image\/\"},\"sameAs\":[\"https:\/\/www.facebook.com\/LapaInteriorDesign\",\"https:\/\/x.com\/lapainterior\",\"https:\/\/www.instagram.com\/lapainteriordesign\/\",\"https:\/\/www.linkedin.com\/in\/lapa-interior-design-376823206\/\"]}]}<\/script>\n<!-- \/ Yoast SEO plugin. -->","yoast_head_json":{"title":"Chaise m\u00e9tallique Bravo noire - lapainteriordesign.com","description":"Chaise m\u00e9tallique Bravo noire \u00e9l\u00e9gante et pratique. Id\u00e9ale pour salle \u00e0 manger, bureau ou chambre. Montage facile, durable et fabriqu\u00e9e au Portugal.","robots":{"index":"index","follow":"follow","max-snippet":"max-snippet:-1","max-image-preview":"max-image-preview:large","max-video-preview":"max-video-preview:-1"},"canonical":"https:\/\/lapainteriordesign.com\/fr\/product\/chaise-metallique-bravo-noire\/","og_locale":"fr_FR","og_type":"article","og_title":"Bravo Metal Chair","og_description":"Bravo Metal it\u2019s a practical and elegant chair, a solution to your dining room, desk or other areas like your bedroom.","og_url":"https:\/\/lapainteriordesign.com\/fr\/product\/chaise-metallique-bravo-noire\/","og_site_name":"lapainteriordesign.com","article_publisher":"https:\/\/www.facebook.com\/LapaInteriorDesign","article_modified_time":"2026-01-19T21:57:11+00:00","og_image":[{"width":512,"height":512,"url":"https:\/\/lapainteriordesign.com\/wp-content\/uploads\/2026\/02\/cropped-Design-sem-nome-2026-02-04T094114.020.jpg","type":"image\/jpeg"}],"twitter_card":"summary_large_image","twitter_title":"Vintage 1974 Throw","twitter_description":"Experience the ultimate in coziness with Mustard Vintage 1956 Throw. Crafted from 100% wool, it's a perfect blend of style and warmth.","twitter_image":"https:\/\/lapainteriordesign.com\/wp-content\/uploads\/2024\/11\/vintage-mos-23.39.png","twitter_site":"@lapainterior","twitter_misc":{"Dur\u00e9e de lecture estim\u00e9e":"2 minutes"},"schema":{"@context":"https:\/\/schema.org","@graph":[{"@type":"WebPage","@id":"https:\/\/lapainteriordesign.com\/fr\/product\/chaise-metallique-bravo-noire\/","url":"https:\/\/lapainteriordesign.com\/fr\/product\/chaise-metallique-bravo-noire\/","name":"Chaise m\u00e9tallique Bravo noire - lapainteriordesign.com","isPartOf":{"@id":"https:\/\/lapainteriordesign.com\/#website"},"primaryImageOfPage":{"@id":"https:\/\/lapainteriordesign.com\/fr\/product\/chaise-metallique-bravo-noire\/#primaryimage"},"image":{"@id":"https:\/\/lapainteriordesign.com\/fr\/product\/chaise-metallique-bravo-noire\/#primaryimage"},"thumbnailUrl":"https:\/\/lapainteriordesign.com\/wp-content\/uploads\/2025\/01\/wood-metal-black-oak-chair-bravo-LapaInteriorDesign-1.jpg","datePublished":"2025-01-17T13:36:32+00:00","dateModified":"2026-01-19T21:57:11+00:00","description":"Chaise m\u00e9tallique Bravo noire \u00e9l\u00e9gante et pratique. Id\u00e9ale pour salle \u00e0 manger, bureau ou chambre. Montage facile, durable et fabriqu\u00e9e au Portugal.","breadcrumb":{"@id":"https:\/\/lapainteriordesign.com\/fr\/product\/chaise-metallique-bravo-noire\/#breadcrumb"},"inLanguage":"fr-FR","potentialAction":[{"@type":"ReadAction","target":["https:\/\/lapainteriordesign.com\/fr\/product\/chaise-metallique-bravo-noire\/"]}]},{"@type":"ImageObject","inLanguage":"fr-FR","@id":"https:\/\/lapainteriordesign.com\/fr\/product\/chaise-metallique-bravo-noire\/#primaryimage","url":"https:\/\/lapainteriordesign.com\/wp-content\/uploads\/2025\/01\/wood-metal-black-oak-chair-bravo-LapaInteriorDesign-1.jpg","contentUrl":"https:\/\/lapainteriordesign.com\/wp-content\/uploads\/2025\/01\/wood-metal-black-oak-chair-bravo-LapaInteriorDesign-1.jpg","width":1000,"height":1000,"caption":"wood-metal-black-oak-chair-bravo-LapaInteriorDesign-1"},{"@type":"BreadcrumbList","@id":"https:\/\/lapainteriordesign.com\/fr\/product\/chaise-metallique-bravo-noire\/#breadcrumb","itemListElement":[{"@type":"ListItem","position":1,"name":"Home","item":"https:\/\/lapainteriordesign.com\/fr\/"},{"@type":"ListItem","position":2,"name":"Products","item":"https:\/\/lapainteriordesign.com\/products\/"},{"@type":"ListItem","position":3,"name":"Chaise m\u00e9tallique Bravo noire"}]},{"@type":"WebSite","@id":"https:\/\/lapainteriordesign.com\/#website","url":"https:\/\/lapainteriordesign.com\/","name":"lapainteriordesign.com","description":"Luxury Interior Design","publisher":{"@id":"https:\/\/lapainteriordesign.com\/#organization"},"potentialAction":[{"@type":"SearchAction","target":{"@type":"EntryPoint","urlTemplate":"https:\/\/lapainteriordesign.com\/?s={search_term_string}"},"query-input":{"@type":"PropertyValueSpecification","valueRequired":true,"valueName":"search_term_string"}}],"inLanguage":"fr-FR"},{"@type":"Organization","@id":"https:\/\/lapainteriordesign.com\/#organization","name":"Lapa Interior Design","url":"https:\/\/lapainteriordesign.com\/","logo":{"@type":"ImageObject","inLanguage":"fr-FR","@id":"https:\/\/lapainteriordesign.com\/#\/schema\/logo\/image\/","url":"https:\/\/lapainteriordesign.com\/wp-content\/uploads\/2026\/02\/cropped-Design-sem-nome-2026-02-04T094114.020.jpg","contentUrl":"https:\/\/lapainteriordesign.com\/wp-content\/uploads\/2026\/02\/cropped-Design-sem-nome-2026-02-04T094114.020.jpg","width":512,"height":512,"caption":"Lapa Interior Design"},"image":{"@id":"https:\/\/lapainteriordesign.com\/#\/schema\/logo\/image\/"},"sameAs":["https:\/\/www.facebook.com\/LapaInteriorDesign","https:\/\/x.com\/lapainterior","https:\/\/www.instagram.com\/lapainteriordesign\/","https:\/\/www.linkedin.com\/in\/lapa-interior-design-376823206\/"]}]}},"_links":{"self":[{"href":"https:\/\/lapainteriordesign.com\/fr\/wp-json\/wp\/v2\/product\/21919","targetHints":{"allow":["GET"]}}],"collection":[{"href":"https:\/\/lapainteriordesign.com\/fr\/wp-json\/wp\/v2\/product"}],"about":[{"href":"https:\/\/lapainteriordesign.com\/fr\/wp-json\/wp\/v2\/types\/product"}],"version-history":[{"count":0,"href":"https:\/\/lapainteriordesign.com\/fr\/wp-json\/wp\/v2\/product\/21919\/revisions"}],"wp:featuredmedia":[{"embeddable":true,"href":"https:\/\/lapainteriordesign.com\/fr\/wp-json\/wp\/v2\/media\/21913"}],"wp:attachment":[{"href":"https:\/\/lapainteriordesign.com\/fr\/wp-json\/wp\/v2\/media?parent=21919"}],"wp:term":[{"taxonomy":"product_brand","embeddable":true,"href":"https:\/\/lapainteriordesign.com\/fr\/wp-json\/wp\/v2\/product_brand?post=21919"},{"taxonomy":"product_cat","embeddable":true,"href":"https:\/\/lapainteriordesign.com\/fr\/wp-json\/wp\/v2\/product_cat?post=21919"},{"taxonomy":"product_tag","embeddable":true,"href":"https:\/\/lapainteriordesign.com\/fr\/wp-json\/wp\/v2\/product_tag?post=21919"}],"curies":[{"name":"wp","href":"https:\/\/api.w.org\/{rel}","templated":true}]}}