{"id":20971,"date":"2025-01-22T21:38:21","date_gmt":"2025-01-22T21:38:21","guid":{"rendered":"https:\/\/lapainteriordesign.com\/product\/scale-black-4-6-shelf\/"},"modified":"2026-01-19T21:47:18","modified_gmt":"2026-01-19T21:47:18","slug":"letagere-scale-black-4-6","status":"publish","type":"product","link":"https:\/\/lapainteriordesign.com\/fr\/product\/letagere-scale-black-4-6\/","title":{"rendered":"L\u2019\u00c9tag\u00e8re Scale Black 4.6"},"content":{"rendered":"<div class=\"flex flex-col text-sm pb-25\">\n<article class=\"text-token-text-primary w-full focus:outline-none [--shadow-height:45px] has-data-writing-block:pointer-events-none has-data-writing-block:-mt-(--shadow-height) has-data-writing-block:pt-(--shadow-height) [&amp;:has([data-writing-block])&gt;*]:pointer-events-auto scroll-mt-[calc(var(--header-height)+min(200px,max(70px,20svh)))]\" dir=\"auto\" tabindex=\"-1\" data-turn-id=\"request-6905e019-30d4-8326-b86d-10dac71e5a38-0\" data-testid=\"conversation-turn-1220\" data-scroll-anchor=\"true\" data-turn=\"assistant\">\n<div class=\"text-base my-auto mx-auto pb-10 [--thread-content-margin:--spacing(4)] @w-sm\/main:[--thread-content-margin:--spacing(6)] @w-lg\/main:[--thread-content-margin:--spacing(16)] px-(--thread-content-margin)\">\n<div class=\"[--thread-content-max-width:40rem] @w-lg\/main:[--thread-content-max-width:48rem] mx-auto max-w-(--thread-content-max-width) flex-1 group\/turn-messages focus-visible:outline-hidden relative flex w-full min-w-0 flex-col agent-turn\" tabindex=\"-1\">\n<div class=\"flex max-w-full flex-col grow\">\n<div class=\"min-h-8 text-message relative flex w-full flex-col items-end gap-2 text-start break-words whitespace-normal [.text-message+&amp;]:mt-1\" dir=\"auto\" data-message-author-role=\"assistant\" data-message-id=\"14a6178d-8ae5-40b5-b1ff-147b005b5204\" data-message-model-slug=\"gpt-5-2\">\n<div class=\"flex w-full flex-col gap-1 empty:hidden first:pt-[1px]\">\n<div class=\"markdown prose dark:prose-invert w-full break-words light markdown-new-styling\">\n<h5 data-start=\"3499\" data-end=\"3539\">Un design modulaire et \u00e9quilibr\u00e9<\/h5>\n<p data-start=\"3540\" data-end=\"3770\">L\u2019<strong data-start=\"3542\" data-end=\"3569\">\u00c9tag\u00e8re Scale Black 4.6<\/strong> s\u00e9duit par son esth\u00e9tique sobre et contemporaine. Tout d\u2019abord, ses lignes nettes s\u2019int\u00e8grent facilement dans des int\u00e9rieurs modernes. Ensuite, son design apporte une sensation d\u2019ordre et de l\u00e9g\u00e8ret\u00e9.<\/p>\n<h5 data-start=\"3772\" data-end=\"3815\">Une grande libert\u00e9 de configuration<\/h5>\n<p data-start=\"3816\" data-end=\"4018\">Cette \u00e9tag\u00e8re comprend quatre tubes m\u00e9talliques et six \u00e9tag\u00e8res en bois ajustables. Ainsi, elle offre une grande flexibilit\u00e9. Gr\u00e2ce aux per\u00e7ages r\u00e9guliers, la hauteur des \u00e9tag\u00e8res se modifie facilement.<\/p>\n<h5 data-start=\"4020\" data-end=\"4063\">Une solution adaptable au quotidien<\/h5>\n<p data-start=\"4064\" data-end=\"4278\">L\u2019<strong data-start=\"4066\" data-end=\"4093\">\u00c9tag\u00e8re Scale Black 4.6<\/strong> accueille livres, objets d\u00e9coratifs ou \u00e9l\u00e9ments de rangement. De plus, son syst\u00e8me modulaire permet des ajustements rapides. Par cons\u00e9quent, elle s\u2019adapte \u00e0 l\u2019\u00e9volution de tes besoins.<\/p>\n<h5 data-start=\"4280\" data-end=\"4321\">Des mat\u00e9riaux solides et durables<\/h5>\n<p data-start=\"4322\" data-end=\"4528\">La structure associe m\u00e9tal et MDF plaqu\u00e9 ch\u00eane. De ce fait, elle garantit stabilit\u00e9 et long\u00e9vit\u00e9. Par ailleurs, la finition peinture poudre avec protection UV assure une excellente r\u00e9sistance dans le temps.<\/p>\n<h5 data-start=\"4530\" data-end=\"4563\">Polyvalence d\u2019utilisation<\/h5>\n<p data-start=\"4564\" data-end=\"4749\">Cette \u00e9tag\u00e8re convient aux int\u00e9rieurs r\u00e9sidentiels et professionnels. Par exemple, elle fonctionne comme biblioth\u00e8que ou meuble d\u2019exposition. Toutefois, elle reste \u00e9l\u00e9gante et discr\u00e8te.<\/p>\n<p data-start=\"4751\" data-end=\"5014\">Fabriqu\u00e9e au Portugal, l\u2019<strong data-start=\"4776\" data-end=\"4803\">\u00c9tag\u00e8re Scale Black 4.6<\/strong> refl\u00e8te un savoir-faire pr\u00e9cis et durable. D\u00e9couvre plus de meubles de rangement sur<br data-start=\"4888\" data-end=\"4891\" \/><a class=\"decorated-link\" href=\"https:\/\/www.lapainteriordesign.com\" target=\"_new\" rel=\"noopener\" data-start=\"4891\" data-end=\"4925\">https:\/\/www.lapainteriordesign.com<\/a><br data-start=\"4925\" data-end=\"4928\" \/>Pour en savoir plus sur les \u00e9tag\u00e8res : <a class=\"decorated-link\" href=\"https:\/\/fr.wikipedia.org\/wiki\/%C3%89tag%C3%A8re\" target=\"_new\" rel=\"noopener\" data-start=\"4967\" data-end=\"5014\">https:\/\/fr.wikipedia.org\/wiki\/%C3%89tag%C3%A8re<\/a><\/p>\n<h5 data-start=\"5016\" data-end=\"5046\">Mat\u00e9riaux et finitions<\/h5>\n<p data-start=\"5047\" data-end=\"5137\">\u2013 Tubes m\u00e9talliques<br data-start=\"5066\" data-end=\"5069\" \/>\u2013 MDF plaqu\u00e9 ch\u00eane<br data-start=\"5087\" data-end=\"5090\" \/>\u2013 Finition peinture poudre avec protection UV<\/p>\n<p data-start=\"5139\" data-end=\"5163\"><strong data-start=\"5139\" data-end=\"5163\">Fabriqu\u00e9 au Portugal<\/strong><\/p>\n<p data-start=\"5139\" data-end=\"5163\">\n<\/div>\n<\/div>\n<\/div>\n<\/div>\n<\/div>\n<\/div>\n<\/article>\n<\/div>\n<p><a class=\"btn btn-style-bordered btn-shape-rectangle btn-size-large btn-color-black btn-icon-pos-right\" href=\"https:\/\/lapainteriordesign.com\/wp-content\/uploads\/2025\/01\/ScaleShelf_technicalsheet-Lapa-Interior-Design.pdf\" target=\"_blank\" rel=\"noopener\">Technical Sheet<\/a><\/p>\n<p><a class=\"btn btn-style-bordered btn-shape-rectangle btn-size-large btn-color-black btn-icon-pos-right\" href=\"https:\/\/lapainteriordesign.com\/wp-content\/uploads\/2025\/01\/A6_Assembly-instrutions_scale_4.6_Shelf-Lapa-Interior-Design.pdf\" target=\"_blank\" rel=\"noopener\">Assembly Instrutions<\/a><\/p>\n","protected":false},"excerpt":{"rendered":"<p>L\u2019\u00c9tag\u00e8re Scale Black 4.6 associe bois et m\u00e9tal dans un design \u00e9pur\u00e9 et modulable. Gr\u00e2ce \u00e0 ses \u00e9tag\u00e8res r\u00e9glables, elle s\u2019adapte \u00e0 diff\u00e9rents usages. De plus, sa finition monochrome renforce son style minimaliste. Id\u00e9ale pour maisons, bureaux ou espaces professionnels. Fabriqu\u00e9e au Portugal.<\/p>\n","protected":false},"featured_media":20963,"template":"","meta":{"_joinchat":{"telephone":"+351910131778","message_text":"Questions about this piece?"}},"product_brand":[],"product_cat":[4415,2393,4812,4783,4383],"product_tag":[4891,4890,4841,4889,4582,2411],"class_list":{"0":"post-20971","1":"product","2":"type-product","3":"status-publish","4":"has-post-thumbnail","6":"product_cat-bookcase","7":"product_cat-furniture","8":"product_cat-office","9":"product_cat-ready-to-ship","10":"product_cat-storage","11":"product_tag-etagere-bois-et-metal","12":"product_tag-etagere-design","13":"product_tag-etagere-moderne","14":"product_tag-etagere-modulaire","15":"product_tag-fabrique-au-portugal","16":"product_tag-mobilier-contemporain","18":"first","19":"instock","20":"taxable","21":"shipping-taxable","22":"purchasable","23":"product-type-simple"},"yoast_head":"<!-- This site is optimized with the Yoast SEO plugin v26.7 - https:\/\/yoast.com\/wordpress\/plugins\/seo\/ -->\n<title>L\u2019\u00c9tag\u00e8re Scale Black 4.6 - lapainteriordesign.com<\/title>\n<meta name=\"description\" content=\"Scale Black 4.6. A stylish blend of wood and metal with adjustable shelves, offering flexible and modern storage for any space. Produced in Portugal\" \/>\n<meta name=\"robots\" content=\"index, follow, max-snippet:-1, max-image-preview:large, max-video-preview:-1\" \/>\n<link rel=\"canonical\" href=\"https:\/\/lapainteriordesign.com\/fr\/product\/letagere-scale-black-4-6\/\" \/>\n<meta property=\"og:locale\" content=\"fr_FR\" \/>\n<meta property=\"og:type\" content=\"article\" \/>\n<meta property=\"og:title\" content=\"Scale 4.6\" \/>\n<meta property=\"og:description\" content=\"Scale 4.6. A stylish blend of wood and metal with adjustable shelves, offering flexible and modern storage for any space. Produced in Portugal\" \/>\n<meta property=\"og:url\" content=\"https:\/\/lapainteriordesign.com\/fr\/product\/letagere-scale-black-4-6\/\" \/>\n<meta property=\"og:site_name\" content=\"lapainteriordesign.com\" \/>\n<meta property=\"article:publisher\" content=\"https:\/\/www.facebook.com\/LapaInteriorDesign\" \/>\n<meta property=\"article:modified_time\" content=\"2026-01-19T21:47:18+00:00\" \/>\n<meta property=\"og:image\" content=\"https:\/\/lapainteriordesign.com\/wp-content\/uploads\/2025\/01\/blackoak-shelf-oak-metal-scale4.6-1.png\" \/>\n\t<meta property=\"og:image:width\" content=\"2000\" \/>\n\t<meta property=\"og:image:height\" content=\"2000\" \/>\n\t<meta property=\"og:image:type\" content=\"image\/png\" \/>\n<meta name=\"twitter:card\" content=\"summary_large_image\" \/>\n<meta name=\"twitter:title\" content=\"Vintage 1974 Throw\" \/>\n<meta name=\"twitter:description\" content=\"Experience the ultimate in coziness with Mustard Vintage 1956 Throw. Crafted from 100% wool, it&#039;s a perfect blend of style and warmth.\" \/>\n<meta name=\"twitter:image\" content=\"https:\/\/lapainteriordesign.com\/wp-content\/uploads\/2024\/11\/vintage-mos-23.39.png\" \/>\n<meta name=\"twitter:site\" content=\"@lapainterior\" \/>\n<meta name=\"twitter:label1\" content=\"Dur\u00e9e de lecture estim\u00e9e\" \/>\n\t<meta name=\"twitter:data1\" content=\"2 minutes\" \/>\n<script type=\"application\/ld+json\" class=\"yoast-schema-graph\">{\"@context\":\"https:\/\/schema.org\",\"@graph\":[{\"@type\":\"WebPage\",\"@id\":\"https:\/\/lapainteriordesign.com\/fr\/product\/letagere-scale-black-4-6\/\",\"url\":\"https:\/\/lapainteriordesign.com\/fr\/product\/letagere-scale-black-4-6\/\",\"name\":\"L\u2019\u00c9tag\u00e8re Scale Black 4.6 - lapainteriordesign.com\",\"isPartOf\":{\"@id\":\"https:\/\/lapainteriordesign.com\/#website\"},\"primaryImageOfPage\":{\"@id\":\"https:\/\/lapainteriordesign.com\/fr\/product\/letagere-scale-black-4-6\/#primaryimage\"},\"image\":{\"@id\":\"https:\/\/lapainteriordesign.com\/fr\/product\/letagere-scale-black-4-6\/#primaryimage\"},\"thumbnailUrl\":\"https:\/\/lapainteriordesign.com\/wp-content\/uploads\/2025\/01\/blackoak-shelf-oak-metal-scale4.6-1.png\",\"datePublished\":\"2025-01-22T21:38:21+00:00\",\"dateModified\":\"2026-01-19T21:47:18+00:00\",\"description\":\"Scale Black 4.6. A stylish blend of wood and metal with adjustable shelves, offering flexible and modern storage for any space. Produced in Portugal\",\"breadcrumb\":{\"@id\":\"https:\/\/lapainteriordesign.com\/fr\/product\/letagere-scale-black-4-6\/#breadcrumb\"},\"inLanguage\":\"fr-FR\",\"potentialAction\":[{\"@type\":\"ReadAction\",\"target\":[\"https:\/\/lapainteriordesign.com\/fr\/product\/letagere-scale-black-4-6\/\"]}]},{\"@type\":\"ImageObject\",\"inLanguage\":\"fr-FR\",\"@id\":\"https:\/\/lapainteriordesign.com\/fr\/product\/letagere-scale-black-4-6\/#primaryimage\",\"url\":\"https:\/\/lapainteriordesign.com\/wp-content\/uploads\/2025\/01\/blackoak-shelf-oak-metal-scale4.6-1.png\",\"contentUrl\":\"https:\/\/lapainteriordesign.com\/wp-content\/uploads\/2025\/01\/blackoak-shelf-oak-metal-scale4.6-1.png\",\"width\":2000,\"height\":2000,\"caption\":\"blackoak-shelf-oak-metal-Scale Black 4.6\"},{\"@type\":\"BreadcrumbList\",\"@id\":\"https:\/\/lapainteriordesign.com\/fr\/product\/letagere-scale-black-4-6\/#breadcrumb\",\"itemListElement\":[{\"@type\":\"ListItem\",\"position\":1,\"name\":\"Home\",\"item\":\"https:\/\/lapainteriordesign.com\/fr\/\"},{\"@type\":\"ListItem\",\"position\":2,\"name\":\"Products\",\"item\":\"https:\/\/lapainteriordesign.com\/products\/\"},{\"@type\":\"ListItem\",\"position\":3,\"name\":\"L\u2019\u00c9tag\u00e8re Scale Black 4.6\"}]},{\"@type\":\"WebSite\",\"@id\":\"https:\/\/lapainteriordesign.com\/#website\",\"url\":\"https:\/\/lapainteriordesign.com\/\",\"name\":\"lapainteriordesign.com\",\"description\":\"Luxury Interior Design\",\"publisher\":{\"@id\":\"https:\/\/lapainteriordesign.com\/#organization\"},\"potentialAction\":[{\"@type\":\"SearchAction\",\"target\":{\"@type\":\"EntryPoint\",\"urlTemplate\":\"https:\/\/lapainteriordesign.com\/?s={search_term_string}\"},\"query-input\":{\"@type\":\"PropertyValueSpecification\",\"valueRequired\":true,\"valueName\":\"search_term_string\"}}],\"inLanguage\":\"fr-FR\"},{\"@type\":\"Organization\",\"@id\":\"https:\/\/lapainteriordesign.com\/#organization\",\"name\":\"Lapa Interior Design\",\"url\":\"https:\/\/lapainteriordesign.com\/\",\"logo\":{\"@type\":\"ImageObject\",\"inLanguage\":\"fr-FR\",\"@id\":\"https:\/\/lapainteriordesign.com\/#\/schema\/logo\/image\/\",\"url\":\"https:\/\/lapainteriordesign.com\/wp-content\/uploads\/2026\/02\/cropped-Design-sem-nome-2026-02-04T094114.020.jpg\",\"contentUrl\":\"https:\/\/lapainteriordesign.com\/wp-content\/uploads\/2026\/02\/cropped-Design-sem-nome-2026-02-04T094114.020.jpg\",\"width\":512,\"height\":512,\"caption\":\"Lapa Interior Design\"},\"image\":{\"@id\":\"https:\/\/lapainteriordesign.com\/#\/schema\/logo\/image\/\"},\"sameAs\":[\"https:\/\/www.facebook.com\/LapaInteriorDesign\",\"https:\/\/x.com\/lapainterior\",\"https:\/\/www.instagram.com\/lapainteriordesign\/\",\"https:\/\/www.linkedin.com\/in\/lapa-interior-design-376823206\/\"]}]}<\/script>\n<!-- \/ Yoast SEO plugin. -->","yoast_head_json":{"title":"L\u2019\u00c9tag\u00e8re Scale Black 4.6 - lapainteriordesign.com","description":"Scale Black 4.6. A stylish blend of wood and metal with adjustable shelves, offering flexible and modern storage for any space. Produced in Portugal","robots":{"index":"index","follow":"follow","max-snippet":"max-snippet:-1","max-image-preview":"max-image-preview:large","max-video-preview":"max-video-preview:-1"},"canonical":"https:\/\/lapainteriordesign.com\/fr\/product\/letagere-scale-black-4-6\/","og_locale":"fr_FR","og_type":"article","og_title":"Scale 4.6","og_description":"Scale 4.6. A stylish blend of wood and metal with adjustable shelves, offering flexible and modern storage for any space. Produced in Portugal","og_url":"https:\/\/lapainteriordesign.com\/fr\/product\/letagere-scale-black-4-6\/","og_site_name":"lapainteriordesign.com","article_publisher":"https:\/\/www.facebook.com\/LapaInteriorDesign","article_modified_time":"2026-01-19T21:47:18+00:00","og_image":[{"width":2000,"height":2000,"url":"https:\/\/lapainteriordesign.com\/wp-content\/uploads\/2025\/01\/blackoak-shelf-oak-metal-scale4.6-1.png","type":"image\/png"}],"twitter_card":"summary_large_image","twitter_title":"Vintage 1974 Throw","twitter_description":"Experience the ultimate in coziness with Mustard Vintage 1956 Throw. Crafted from 100% wool, it's a perfect blend of style and warmth.","twitter_image":"https:\/\/lapainteriordesign.com\/wp-content\/uploads\/2024\/11\/vintage-mos-23.39.png","twitter_site":"@lapainterior","twitter_misc":{"Dur\u00e9e de lecture estim\u00e9e":"2 minutes"},"schema":{"@context":"https:\/\/schema.org","@graph":[{"@type":"WebPage","@id":"https:\/\/lapainteriordesign.com\/fr\/product\/letagere-scale-black-4-6\/","url":"https:\/\/lapainteriordesign.com\/fr\/product\/letagere-scale-black-4-6\/","name":"L\u2019\u00c9tag\u00e8re Scale Black 4.6 - lapainteriordesign.com","isPartOf":{"@id":"https:\/\/lapainteriordesign.com\/#website"},"primaryImageOfPage":{"@id":"https:\/\/lapainteriordesign.com\/fr\/product\/letagere-scale-black-4-6\/#primaryimage"},"image":{"@id":"https:\/\/lapainteriordesign.com\/fr\/product\/letagere-scale-black-4-6\/#primaryimage"},"thumbnailUrl":"https:\/\/lapainteriordesign.com\/wp-content\/uploads\/2025\/01\/blackoak-shelf-oak-metal-scale4.6-1.png","datePublished":"2025-01-22T21:38:21+00:00","dateModified":"2026-01-19T21:47:18+00:00","description":"Scale Black 4.6. A stylish blend of wood and metal with adjustable shelves, offering flexible and modern storage for any space. Produced in Portugal","breadcrumb":{"@id":"https:\/\/lapainteriordesign.com\/fr\/product\/letagere-scale-black-4-6\/#breadcrumb"},"inLanguage":"fr-FR","potentialAction":[{"@type":"ReadAction","target":["https:\/\/lapainteriordesign.com\/fr\/product\/letagere-scale-black-4-6\/"]}]},{"@type":"ImageObject","inLanguage":"fr-FR","@id":"https:\/\/lapainteriordesign.com\/fr\/product\/letagere-scale-black-4-6\/#primaryimage","url":"https:\/\/lapainteriordesign.com\/wp-content\/uploads\/2025\/01\/blackoak-shelf-oak-metal-scale4.6-1.png","contentUrl":"https:\/\/lapainteriordesign.com\/wp-content\/uploads\/2025\/01\/blackoak-shelf-oak-metal-scale4.6-1.png","width":2000,"height":2000,"caption":"blackoak-shelf-oak-metal-Scale Black 4.6"},{"@type":"BreadcrumbList","@id":"https:\/\/lapainteriordesign.com\/fr\/product\/letagere-scale-black-4-6\/#breadcrumb","itemListElement":[{"@type":"ListItem","position":1,"name":"Home","item":"https:\/\/lapainteriordesign.com\/fr\/"},{"@type":"ListItem","position":2,"name":"Products","item":"https:\/\/lapainteriordesign.com\/products\/"},{"@type":"ListItem","position":3,"name":"L\u2019\u00c9tag\u00e8re Scale Black 4.6"}]},{"@type":"WebSite","@id":"https:\/\/lapainteriordesign.com\/#website","url":"https:\/\/lapainteriordesign.com\/","name":"lapainteriordesign.com","description":"Luxury Interior Design","publisher":{"@id":"https:\/\/lapainteriordesign.com\/#organization"},"potentialAction":[{"@type":"SearchAction","target":{"@type":"EntryPoint","urlTemplate":"https:\/\/lapainteriordesign.com\/?s={search_term_string}"},"query-input":{"@type":"PropertyValueSpecification","valueRequired":true,"valueName":"search_term_string"}}],"inLanguage":"fr-FR"},{"@type":"Organization","@id":"https:\/\/lapainteriordesign.com\/#organization","name":"Lapa Interior Design","url":"https:\/\/lapainteriordesign.com\/","logo":{"@type":"ImageObject","inLanguage":"fr-FR","@id":"https:\/\/lapainteriordesign.com\/#\/schema\/logo\/image\/","url":"https:\/\/lapainteriordesign.com\/wp-content\/uploads\/2026\/02\/cropped-Design-sem-nome-2026-02-04T094114.020.jpg","contentUrl":"https:\/\/lapainteriordesign.com\/wp-content\/uploads\/2026\/02\/cropped-Design-sem-nome-2026-02-04T094114.020.jpg","width":512,"height":512,"caption":"Lapa Interior Design"},"image":{"@id":"https:\/\/lapainteriordesign.com\/#\/schema\/logo\/image\/"},"sameAs":["https:\/\/www.facebook.com\/LapaInteriorDesign","https:\/\/x.com\/lapainterior","https:\/\/www.instagram.com\/lapainteriordesign\/","https:\/\/www.linkedin.com\/in\/lapa-interior-design-376823206\/"]}]}},"_links":{"self":[{"href":"https:\/\/lapainteriordesign.com\/fr\/wp-json\/wp\/v2\/product\/20971","targetHints":{"allow":["GET"]}}],"collection":[{"href":"https:\/\/lapainteriordesign.com\/fr\/wp-json\/wp\/v2\/product"}],"about":[{"href":"https:\/\/lapainteriordesign.com\/fr\/wp-json\/wp\/v2\/types\/product"}],"version-history":[{"count":0,"href":"https:\/\/lapainteriordesign.com\/fr\/wp-json\/wp\/v2\/product\/20971\/revisions"}],"wp:featuredmedia":[{"embeddable":true,"href":"https:\/\/lapainteriordesign.com\/fr\/wp-json\/wp\/v2\/media\/20963"}],"wp:attachment":[{"href":"https:\/\/lapainteriordesign.com\/fr\/wp-json\/wp\/v2\/media?parent=20971"}],"wp:term":[{"taxonomy":"product_brand","embeddable":true,"href":"https:\/\/lapainteriordesign.com\/fr\/wp-json\/wp\/v2\/product_brand?post=20971"},{"taxonomy":"product_cat","embeddable":true,"href":"https:\/\/lapainteriordesign.com\/fr\/wp-json\/wp\/v2\/product_cat?post=20971"},{"taxonomy":"product_tag","embeddable":true,"href":"https:\/\/lapainteriordesign.com\/fr\/wp-json\/wp\/v2\/product_tag?post=20971"}],"curies":[{"name":"wp","href":"https:\/\/api.w.org\/{rel}","templated":true}]}}