{"id":20945,"date":"2025-01-22T22:00:58","date_gmt":"2025-01-22T22:00:58","guid":{"rendered":"https:\/\/lapainteriordesign.com\/product\/sliced-dining-table\/"},"modified":"2026-01-19T21:34:34","modified_gmt":"2026-01-19T21:34:34","slug":"table-a-manger-sliced","status":"publish","type":"product","link":"https:\/\/lapainteriordesign.com\/fr\/product\/table-a-manger-sliced\/","title":{"rendered":"Table \u00e0 manger Sliced"},"content":{"rendered":"<h5 data-start=\"3727\" data-end=\"3766\">Un design sobre et contemporain<\/h5>\n<p data-start=\"3767\" data-end=\"3990\">La <strong data-start=\"3770\" data-end=\"3801\">Table \u00e0 Manger Ronde Sliced<\/strong> associe lignes \u00e9pur\u00e9es et fonctionnalit\u00e9. Tout d\u2019abord, sa forme ronde apporte douceur et \u00e9quilibre. Ensuite, son design intemporel s\u2019int\u00e8gre facilement dans diff\u00e9rents styles d\u2019int\u00e9rieur.<\/p>\n<h5 data-start=\"3992\" data-end=\"4040\">Une polyvalence pens\u00e9e pour le quotidien<\/h5>\n<p data-start=\"4041\" data-end=\"4269\">Cette table r\u00e9pond aux besoins actuels. Par exemple, elle sert de table \u00e0 manger le soir. En revanche, elle devient un bureau pratique en journ\u00e9e. Gr\u00e2ce \u00e0 son plateau en deux parties, le passage des c\u00e2bles est fluide et discret.<\/p>\n<h5 data-start=\"4271\" data-end=\"4315\">Une utilisation pratique et flexible<\/h5>\n<p data-start=\"4316\" data-end=\"4502\">Le plateau divis\u00e9 am\u00e9liore le confort d\u2019utilisation. Ainsi, la table est id\u00e9ale pour ordinateurs, \u00e9crans et appareils mobiles. De plus, elle conserve une surface stable et fonctionnelle.<\/p>\n<h5 data-start=\"4504\" data-end=\"4545\">Des mat\u00e9riaux solides et durables<\/h5>\n<p data-start=\"4546\" data-end=\"4789\">La structure inf\u00e9rieure est en ch\u00eane massif. Le plateau associe contreplaqu\u00e9 de bouleau plaqu\u00e9 ch\u00eane et tube m\u00e9tallique. Par cons\u00e9quent, la table offre robustesse et long\u00e9vit\u00e9. Le bois est prot\u00e9g\u00e9 par une finition \u00e0 l\u2019huile avec protection UV.<\/p>\n<h5 data-start=\"4791\" data-end=\"4825\">Une conception responsable<\/h5>\n<p data-start=\"4826\" data-end=\"5000\">Le plateau en deux parties facilite l\u2019emballage et le transport. De ce fait, l\u2019espace est optimis\u00e9 et les d\u00e9chets sont r\u00e9duits. Cette approche renforce son caract\u00e8re durable.<\/p>\n<p data-start=\"5002\" data-end=\"5263\">Fabriqu\u00e9e au Portugal, la <strong data-start=\"5028\" data-end=\"5059\">Table \u00e0 Manger Ronde Sliced<\/strong> refl\u00e8te un savoir-faire artisanal de qualit\u00e9. D\u00e9couvre plus de tables sur <a class=\"decorated-link cursor-pointer\" target=\"_new\" rel=\"noopener\" data-start=\"5134\" data-end=\"5168\">https:\/\/www.lapainteriordesign.com<\/a>.<br data-start=\"5169\" data-end=\"5172\" \/>Pour en savoir plus sur les tables \u00e0 manger : <a class=\"decorated-link cursor-pointer\" target=\"_new\" rel=\"noopener\" data-start=\"5218\" data-end=\"5262\">https:\/\/fr.wikipedia.org\/wiki\/Table_(meuble)<\/a>.<\/p>\n<h5 data-start=\"5265\" data-end=\"5295\">Mat\u00e9riaux et finitions<\/h5>\n<p data-start=\"5296\" data-end=\"5462\">\u2013 Structure 100 % ch\u00eane massif<br data-start=\"5326\" data-end=\"5329\" \/>\u2013 Plateau en contreplaqu\u00e9 de bouleau plaqu\u00e9 ch\u00eane et tube m\u00e9tallique<br data-start=\"5397\" data-end=\"5400\" \/>\u2013 Finition huile avec protection UV et peinture poudre noire<\/p>\n<p data-start=\"5464\" data-end=\"5488\"><strong data-start=\"5464\" data-end=\"5488\">Fabriqu\u00e9 au Portugal<\/strong><\/p>\n<p>&nbsp;<\/p>\n<p><a class=\"btn btn-style-bordered btn-shape-rectangle btn-size-large btn-color-black btn-icon-pos-right\" href=\"https:\/\/lapainteriordesign.com\/wp-content\/uploads\/2025\/01\/SlicedTable_technicalsheet-Lapa-Interior-Design.pdf\" target=\"_blank\" rel=\"noopener\">Technical Sheet<\/a><\/p>\n<p><a class=\"btn btn-style-bordered btn-shape-rectangle btn-size-large btn-color-black btn-icon-pos-right\" href=\"https:\/\/lapainteriordesign.com\/wp-content\/uploads\/2025\/01\/A6_Assembly-instrutions_Sliced_Table-Lapa-Interior-Design.pdf\" target=\"_blank\" rel=\"noopener\">Assembly Instrutions<\/a><\/p>\n","protected":false},"excerpt":{"rendered":"<p>La Table \u00e0 Manger Ronde Sliced allie \u00e9l\u00e9gance et praticit\u00e9. Gr\u00e2ce \u00e0 sa structure en ch\u00eane massif et \u00e0 son plateau divis\u00e9, elle s\u2019adapte aux cuisines et salles \u00e0 manger modernes. De plus, elle permet le passage des c\u00e2bles, id\u00e9ale comme table de travail. Fabriqu\u00e9e au Portugal.<\/p>\n","protected":false},"featured_media":20932,"template":"","meta":{"_joinchat":{"telephone":"+351910131778","message_text":"Questions about this piece?"}},"product_brand":[],"product_cat":[4687,4823,2393,4812,4397],"product_tag":[4582,4381,4877,4873,4876,4874,4875],"class_list":{"0":"post-20945","1":"product","2":"type-product","3":"status-publish","4":"has-post-thumbnail","6":"product_cat-dining-tables","7":"product_cat-dinning-room","8":"product_cat-furniture","9":"product_cat-office","10":"product_cat-tables","11":"product_tag-fabrique-au-portugal","12":"product_tag-mobilier-portugais","13":"product_tag-table-a-manger-contemporaine","14":"product_tag-table-a-manger-ronde","15":"product_tag-table-design-moderne","16":"product_tag-table-en-chene-massif","17":"product_tag-table-multifonction","18":"product_shipping_class-ready-to-ship-01","20":"first","21":"instock","22":"taxable","23":"shipping-taxable","24":"purchasable","25":"product-type-simple"},"yoast_head":"<!-- This site is optimized with the Yoast SEO plugin v26.7 - https:\/\/yoast.com\/wordpress\/plugins\/seo\/ -->\n<title>Table \u00e0 manger Sliced - lapainteriordesign.com<\/title>\n<meta name=\"description\" content=\"Table \u00e0 Manger Ronde Sliced en ch\u00eane massif. Design polyvalent et fonctionnel pour int\u00e9rieurs modernes. Fabriqu\u00e9e au Portugal.\" \/>\n<meta name=\"robots\" content=\"index, follow, max-snippet:-1, max-image-preview:large, max-video-preview:-1\" \/>\n<link rel=\"canonical\" href=\"https:\/\/lapainteriordesign.com\/fr\/product\/table-a-manger-sliced\/\" \/>\n<meta property=\"og:locale\" content=\"fr_FR\" \/>\n<meta property=\"og:type\" content=\"article\" \/>\n<meta property=\"og:title\" content=\"Sliced\" \/>\n<meta property=\"og:description\" content=\"Sliced Round Dining Table \u2013 A versatile table with a solid oak base and a two-piece plywood top, perfect for dining or work. Smart design, produced in Portugal.\" \/>\n<meta property=\"og:url\" content=\"https:\/\/lapainteriordesign.com\/fr\/product\/table-a-manger-sliced\/\" \/>\n<meta property=\"og:site_name\" content=\"lapainteriordesign.com\" \/>\n<meta property=\"article:publisher\" content=\"https:\/\/www.facebook.com\/LapaInteriorDesign\" \/>\n<meta property=\"article:modified_time\" content=\"2026-01-19T21:34:34+00:00\" \/>\n<meta property=\"og:image\" content=\"https:\/\/lapainteriordesign.com\/wp-content\/uploads\/2025\/01\/wood-dining-table-Lapa-Interior-Dersign-sliced-1.jpg\" \/>\n\t<meta property=\"og:image:width\" content=\"1000\" \/>\n\t<meta property=\"og:image:height\" content=\"1000\" \/>\n\t<meta property=\"og:image:type\" content=\"image\/jpeg\" \/>\n<meta name=\"twitter:card\" content=\"summary_large_image\" \/>\n<meta name=\"twitter:title\" content=\"Vintage 1974 Throw\" \/>\n<meta name=\"twitter:description\" content=\"Experience the ultimate in coziness with Mustard Vintage 1956 Throw. Crafted from 100% wool, it&#039;s a perfect blend of style and warmth.\" \/>\n<meta name=\"twitter:image\" content=\"https:\/\/lapainteriordesign.com\/wp-content\/uploads\/2024\/11\/vintage-mos-23.39.png\" \/>\n<meta name=\"twitter:site\" content=\"@lapainterior\" \/>\n<meta name=\"twitter:label1\" content=\"Dur\u00e9e de lecture estim\u00e9e\" \/>\n\t<meta name=\"twitter:data1\" content=\"2 minutes\" \/>\n<script type=\"application\/ld+json\" class=\"yoast-schema-graph\">{\"@context\":\"https:\/\/schema.org\",\"@graph\":[{\"@type\":\"WebPage\",\"@id\":\"https:\/\/lapainteriordesign.com\/fr\/product\/table-a-manger-sliced\/\",\"url\":\"https:\/\/lapainteriordesign.com\/fr\/product\/table-a-manger-sliced\/\",\"name\":\"Table \u00e0 manger Sliced - lapainteriordesign.com\",\"isPartOf\":{\"@id\":\"https:\/\/lapainteriordesign.com\/#website\"},\"primaryImageOfPage\":{\"@id\":\"https:\/\/lapainteriordesign.com\/fr\/product\/table-a-manger-sliced\/#primaryimage\"},\"image\":{\"@id\":\"https:\/\/lapainteriordesign.com\/fr\/product\/table-a-manger-sliced\/#primaryimage\"},\"thumbnailUrl\":\"https:\/\/lapainteriordesign.com\/wp-content\/uploads\/2025\/01\/wood-dining-table-Lapa-Interior-Dersign-sliced-1_V3.jpg\",\"datePublished\":\"2025-01-22T22:00:58+00:00\",\"dateModified\":\"2026-01-19T21:34:34+00:00\",\"description\":\"Table \u00e0 Manger Ronde Sliced en ch\u00eane massif. Design polyvalent et fonctionnel pour int\u00e9rieurs modernes. Fabriqu\u00e9e au Portugal.\",\"breadcrumb\":{\"@id\":\"https:\/\/lapainteriordesign.com\/fr\/product\/table-a-manger-sliced\/#breadcrumb\"},\"inLanguage\":\"fr-FR\",\"potentialAction\":[{\"@type\":\"ReadAction\",\"target\":[\"https:\/\/lapainteriordesign.com\/fr\/product\/table-a-manger-sliced\/\"]}]},{\"@type\":\"ImageObject\",\"inLanguage\":\"fr-FR\",\"@id\":\"https:\/\/lapainteriordesign.com\/fr\/product\/table-a-manger-sliced\/#primaryimage\",\"url\":\"https:\/\/lapainteriordesign.com\/wp-content\/uploads\/2025\/01\/wood-dining-table-Lapa-Interior-Dersign-sliced-1_V3.jpg\",\"contentUrl\":\"https:\/\/lapainteriordesign.com\/wp-content\/uploads\/2025\/01\/wood-dining-table-Lapa-Interior-Dersign-sliced-1_V3.jpg\",\"width\":1000,\"height\":1000,\"caption\":\"wood-dining-table-Lapa-Interior-Dersign-sliced-1_V3\"},{\"@type\":\"BreadcrumbList\",\"@id\":\"https:\/\/lapainteriordesign.com\/fr\/product\/table-a-manger-sliced\/#breadcrumb\",\"itemListElement\":[{\"@type\":\"ListItem\",\"position\":1,\"name\":\"Home\",\"item\":\"https:\/\/lapainteriordesign.com\/fr\/\"},{\"@type\":\"ListItem\",\"position\":2,\"name\":\"Products\",\"item\":\"https:\/\/lapainteriordesign.com\/products\/\"},{\"@type\":\"ListItem\",\"position\":3,\"name\":\"Table \u00e0 manger Sliced\"}]},{\"@type\":\"WebSite\",\"@id\":\"https:\/\/lapainteriordesign.com\/#website\",\"url\":\"https:\/\/lapainteriordesign.com\/\",\"name\":\"lapainteriordesign.com\",\"description\":\"Luxury Interior Design\",\"publisher\":{\"@id\":\"https:\/\/lapainteriordesign.com\/#organization\"},\"potentialAction\":[{\"@type\":\"SearchAction\",\"target\":{\"@type\":\"EntryPoint\",\"urlTemplate\":\"https:\/\/lapainteriordesign.com\/?s={search_term_string}\"},\"query-input\":{\"@type\":\"PropertyValueSpecification\",\"valueRequired\":true,\"valueName\":\"search_term_string\"}}],\"inLanguage\":\"fr-FR\"},{\"@type\":\"Organization\",\"@id\":\"https:\/\/lapainteriordesign.com\/#organization\",\"name\":\"Lapa Interior Design\",\"url\":\"https:\/\/lapainteriordesign.com\/\",\"logo\":{\"@type\":\"ImageObject\",\"inLanguage\":\"fr-FR\",\"@id\":\"https:\/\/lapainteriordesign.com\/#\/schema\/logo\/image\/\",\"url\":\"https:\/\/lapainteriordesign.com\/wp-content\/uploads\/2026\/02\/cropped-Design-sem-nome-2026-02-04T094114.020.jpg\",\"contentUrl\":\"https:\/\/lapainteriordesign.com\/wp-content\/uploads\/2026\/02\/cropped-Design-sem-nome-2026-02-04T094114.020.jpg\",\"width\":512,\"height\":512,\"caption\":\"Lapa Interior Design\"},\"image\":{\"@id\":\"https:\/\/lapainteriordesign.com\/#\/schema\/logo\/image\/\"},\"sameAs\":[\"https:\/\/www.facebook.com\/LapaInteriorDesign\",\"https:\/\/x.com\/lapainterior\",\"https:\/\/www.instagram.com\/lapainteriordesign\/\",\"https:\/\/www.linkedin.com\/in\/lapa-interior-design-376823206\/\"]}]}<\/script>\n<!-- \/ Yoast SEO plugin. -->","yoast_head_json":{"title":"Table \u00e0 manger Sliced - lapainteriordesign.com","description":"Table \u00e0 Manger Ronde Sliced en ch\u00eane massif. Design polyvalent et fonctionnel pour int\u00e9rieurs modernes. Fabriqu\u00e9e au Portugal.","robots":{"index":"index","follow":"follow","max-snippet":"max-snippet:-1","max-image-preview":"max-image-preview:large","max-video-preview":"max-video-preview:-1"},"canonical":"https:\/\/lapainteriordesign.com\/fr\/product\/table-a-manger-sliced\/","og_locale":"fr_FR","og_type":"article","og_title":"Sliced","og_description":"Sliced Round Dining Table \u2013 A versatile table with a solid oak base and a two-piece plywood top, perfect for dining or work. Smart design, produced in Portugal.","og_url":"https:\/\/lapainteriordesign.com\/fr\/product\/table-a-manger-sliced\/","og_site_name":"lapainteriordesign.com","article_publisher":"https:\/\/www.facebook.com\/LapaInteriorDesign","article_modified_time":"2026-01-19T21:34:34+00:00","og_image":[{"width":1000,"height":1000,"url":"https:\/\/lapainteriordesign.com\/wp-content\/uploads\/2025\/01\/wood-dining-table-Lapa-Interior-Dersign-sliced-1.jpg","type":"image\/jpeg"}],"twitter_card":"summary_large_image","twitter_title":"Vintage 1974 Throw","twitter_description":"Experience the ultimate in coziness with Mustard Vintage 1956 Throw. Crafted from 100% wool, it's a perfect blend of style and warmth.","twitter_image":"https:\/\/lapainteriordesign.com\/wp-content\/uploads\/2024\/11\/vintage-mos-23.39.png","twitter_site":"@lapainterior","twitter_misc":{"Dur\u00e9e de lecture estim\u00e9e":"2 minutes"},"schema":{"@context":"https:\/\/schema.org","@graph":[{"@type":"WebPage","@id":"https:\/\/lapainteriordesign.com\/fr\/product\/table-a-manger-sliced\/","url":"https:\/\/lapainteriordesign.com\/fr\/product\/table-a-manger-sliced\/","name":"Table \u00e0 manger Sliced - lapainteriordesign.com","isPartOf":{"@id":"https:\/\/lapainteriordesign.com\/#website"},"primaryImageOfPage":{"@id":"https:\/\/lapainteriordesign.com\/fr\/product\/table-a-manger-sliced\/#primaryimage"},"image":{"@id":"https:\/\/lapainteriordesign.com\/fr\/product\/table-a-manger-sliced\/#primaryimage"},"thumbnailUrl":"https:\/\/lapainteriordesign.com\/wp-content\/uploads\/2025\/01\/wood-dining-table-Lapa-Interior-Dersign-sliced-1_V3.jpg","datePublished":"2025-01-22T22:00:58+00:00","dateModified":"2026-01-19T21:34:34+00:00","description":"Table \u00e0 Manger Ronde Sliced en ch\u00eane massif. Design polyvalent et fonctionnel pour int\u00e9rieurs modernes. Fabriqu\u00e9e au Portugal.","breadcrumb":{"@id":"https:\/\/lapainteriordesign.com\/fr\/product\/table-a-manger-sliced\/#breadcrumb"},"inLanguage":"fr-FR","potentialAction":[{"@type":"ReadAction","target":["https:\/\/lapainteriordesign.com\/fr\/product\/table-a-manger-sliced\/"]}]},{"@type":"ImageObject","inLanguage":"fr-FR","@id":"https:\/\/lapainteriordesign.com\/fr\/product\/table-a-manger-sliced\/#primaryimage","url":"https:\/\/lapainteriordesign.com\/wp-content\/uploads\/2025\/01\/wood-dining-table-Lapa-Interior-Dersign-sliced-1_V3.jpg","contentUrl":"https:\/\/lapainteriordesign.com\/wp-content\/uploads\/2025\/01\/wood-dining-table-Lapa-Interior-Dersign-sliced-1_V3.jpg","width":1000,"height":1000,"caption":"wood-dining-table-Lapa-Interior-Dersign-sliced-1_V3"},{"@type":"BreadcrumbList","@id":"https:\/\/lapainteriordesign.com\/fr\/product\/table-a-manger-sliced\/#breadcrumb","itemListElement":[{"@type":"ListItem","position":1,"name":"Home","item":"https:\/\/lapainteriordesign.com\/fr\/"},{"@type":"ListItem","position":2,"name":"Products","item":"https:\/\/lapainteriordesign.com\/products\/"},{"@type":"ListItem","position":3,"name":"Table \u00e0 manger Sliced"}]},{"@type":"WebSite","@id":"https:\/\/lapainteriordesign.com\/#website","url":"https:\/\/lapainteriordesign.com\/","name":"lapainteriordesign.com","description":"Luxury Interior Design","publisher":{"@id":"https:\/\/lapainteriordesign.com\/#organization"},"potentialAction":[{"@type":"SearchAction","target":{"@type":"EntryPoint","urlTemplate":"https:\/\/lapainteriordesign.com\/?s={search_term_string}"},"query-input":{"@type":"PropertyValueSpecification","valueRequired":true,"valueName":"search_term_string"}}],"inLanguage":"fr-FR"},{"@type":"Organization","@id":"https:\/\/lapainteriordesign.com\/#organization","name":"Lapa Interior Design","url":"https:\/\/lapainteriordesign.com\/","logo":{"@type":"ImageObject","inLanguage":"fr-FR","@id":"https:\/\/lapainteriordesign.com\/#\/schema\/logo\/image\/","url":"https:\/\/lapainteriordesign.com\/wp-content\/uploads\/2026\/02\/cropped-Design-sem-nome-2026-02-04T094114.020.jpg","contentUrl":"https:\/\/lapainteriordesign.com\/wp-content\/uploads\/2026\/02\/cropped-Design-sem-nome-2026-02-04T094114.020.jpg","width":512,"height":512,"caption":"Lapa Interior Design"},"image":{"@id":"https:\/\/lapainteriordesign.com\/#\/schema\/logo\/image\/"},"sameAs":["https:\/\/www.facebook.com\/LapaInteriorDesign","https:\/\/x.com\/lapainterior","https:\/\/www.instagram.com\/lapainteriordesign\/","https:\/\/www.linkedin.com\/in\/lapa-interior-design-376823206\/"]}]}},"_links":{"self":[{"href":"https:\/\/lapainteriordesign.com\/fr\/wp-json\/wp\/v2\/product\/20945","targetHints":{"allow":["GET"]}}],"collection":[{"href":"https:\/\/lapainteriordesign.com\/fr\/wp-json\/wp\/v2\/product"}],"about":[{"href":"https:\/\/lapainteriordesign.com\/fr\/wp-json\/wp\/v2\/types\/product"}],"version-history":[{"count":0,"href":"https:\/\/lapainteriordesign.com\/fr\/wp-json\/wp\/v2\/product\/20945\/revisions"}],"wp:featuredmedia":[{"embeddable":true,"href":"https:\/\/lapainteriordesign.com\/fr\/wp-json\/wp\/v2\/media\/20932"}],"wp:attachment":[{"href":"https:\/\/lapainteriordesign.com\/fr\/wp-json\/wp\/v2\/media?parent=20945"}],"wp:term":[{"taxonomy":"product_brand","embeddable":true,"href":"https:\/\/lapainteriordesign.com\/fr\/wp-json\/wp\/v2\/product_brand?post=20945"},{"taxonomy":"product_cat","embeddable":true,"href":"https:\/\/lapainteriordesign.com\/fr\/wp-json\/wp\/v2\/product_cat?post=20945"},{"taxonomy":"product_tag","embeddable":true,"href":"https:\/\/lapainteriordesign.com\/fr\/wp-json\/wp\/v2\/product_tag?post=20945"}],"curies":[{"name":"wp","href":"https:\/\/api.w.org\/{rel}","templated":true}]}}