{"id":20905,"date":"2025-01-23T11:33:17","date_gmt":"2025-01-23T11:33:17","guid":{"rendered":"https:\/\/lapainteriordesign.com\/product\/trivia-shelf\/"},"modified":"2025-12-30T00:09:30","modified_gmt":"2025-12-30T00:09:30","slug":"letagere-trivia","status":"publish","type":"product","link":"https:\/\/lapainteriordesign.com\/fr\/product\/letagere-trivia\/","title":{"rendered":"L\u2019\u00e9tag\u00e8re Trivia"},"content":{"rendered":"<h5 data-start=\"3332\" data-end=\"3365\">Un design sobre et actuel<\/h5>\n<p data-start=\"3366\" data-end=\"3526\">L\u2019<strong data-start=\"3368\" data-end=\"3386\">\u00e9tag\u00e8re Trivia<\/strong> se distingue par un design \u00e9pur\u00e9. De plus, elle combine utilit\u00e9 et touche d\u00e9corative. Ainsi, elle convient \u00e0 diff\u00e9rents styles d\u2019int\u00e9rieur.<\/p>\n<h5 data-start=\"3528\" data-end=\"3557\">Alliance de mat\u00e9riaux<\/h5>\n<p data-start=\"3558\" data-end=\"3764\">Cette <strong data-start=\"3564\" data-end=\"3582\">\u00e9tag\u00e8re Trivia<\/strong> associe m\u00e9tal et fr\u00eane massif. Par cons\u00e9quent, elle cr\u00e9e un contraste \u00e9l\u00e9gant entre textures et volumes. En outre, le m\u00e9tal apporte l\u00e9g\u00e8ret\u00e9 tandis que le bois r\u00e9chauffe l\u2019ensemble.<\/p>\n<h5 data-start=\"3766\" data-end=\"3800\">Une profondeur bien pens\u00e9e<\/h5>\n<p data-start=\"3801\" data-end=\"3987\">Avec 20 cm de profondeur, l\u2019<strong data-start=\"3829\" data-end=\"3847\">\u00e9tag\u00e8re Trivia<\/strong> reste pratique et discr\u00e8te. Par exemple, elle permet d\u2019exposer livres, c\u00e9ramiques ou plantes. Ainsi, l\u2019espace reste organis\u00e9 et harmonieux.<\/p>\n<h5 data-start=\"3989\" data-end=\"4023\">Adapt\u00e9e \u00e0 plusieurs pi\u00e8ces<\/h5>\n<p data-start=\"4024\" data-end=\"4193\">Gr\u00e2ce \u00e0 son design polyvalent, l\u2019<strong data-start=\"4057\" data-end=\"4075\">\u00e9tag\u00e8re<\/strong>\u00a0trouve sa place dans un salon, une chambre, une cuisine ou un bureau. De plus, elle s\u2019int\u00e8gre sans alourdir l\u2019espace.<\/p>\n<h5 data-start=\"4195\" data-end=\"4224\">Finitions r\u00e9sistantes<\/h5>\n<p data-start=\"4225\" data-end=\"4436\">Les \u00e9l\u00e9ments m\u00e9talliques b\u00e9n\u00e9ficient d\u2019un rev\u00eatement en poudre. De ce fait, ils r\u00e9sistent \u00e0 l\u2019usure quotidienne. De m\u00eame, le fr\u00eane massif est prot\u00e9g\u00e9 par une huile avec protection UV, garantissant sa durabilit\u00e9.<\/p>\n<h5 data-start=\"4438\" data-end=\"4469\">Fabrication au Portugal<\/h5>\n<p data-start=\"4470\" data-end=\"4731\">Fabriqu\u00e9e au Portugal, l\u2019<strong data-start=\"4495\" data-end=\"4513\">\u00e9tag\u00e8re Trivia<\/strong> refl\u00e8te un savoir-faire de qualit\u00e9. Explore la <strong data-start=\"4561\" data-end=\"4642\"><a class=\"decorated-link\" href=\"https:\/\/lapainteriordesign.com\" target=\"_new\" rel=\"noopener\" data-start=\"4563\" data-end=\"4640\">collection de mobilier Lapa Interior Design<\/a><\/strong> pour compl\u00e9ter ton espace.<br data-start=\"4669\" data-end=\"4672\" \/>Pour plus d\u2019inspiration, consulte <strong data-start=\"4706\" data-end=\"4730\">Architectural Digest<\/strong>.<\/p>\n<p>&nbsp;<\/p>\n<p><a class=\"btn btn-style-bordered btn-shape-rectangle btn-size-large btn-color-black btn-icon-pos-right\" href=\"https:\/\/lapainteriordesign.com\/wp-content\/uploads\/2025\/01\/TriviaShelf_technicalsheet-Lapa-Interior-Design-1.pdf\" target=\"_blank\" rel=\"noopener\">Technical Sheet<\/a><\/p>\n<p><a class=\"btn btn-style-bordered btn-shape-rectangle btn-size-large btn-color-black btn-icon-pos-right\" href=\"https:\/\/lapainteriordesign.com\/wp-content\/uploads\/2025\/01\/AlleyCoatStand_technicalsheet_Lapa-Interior-Design.pdf\" target=\"_blank\" rel=\"noopener\">Assembly Instrutions<\/a><\/p>\n","protected":false},"excerpt":{"rendered":"<p>L\u2019<strong data-start=\"3005\" data-end=\"3023\">\u00e9tag\u00e8re Trivia<\/strong> propose une solution de rangement \u00e9l\u00e9gante et fonctionnelle. Elle associe des \u00e9tag\u00e8res en m\u00e9tal \u00e0 des supports en fr\u00eane massif. Avec 20 cm de profondeur, elle accueille livres et objets d\u00e9coratifs. Fabriqu\u00e9e au Portugal, elle s\u2019adapte facilement aux int\u00e9rieurs contemporains.<\/p>\n","protected":false},"featured_media":20890,"template":"","meta":{"_joinchat":{"telephone":"+351910131778","message_text":"Questions about this piece?"}},"product_brand":[],"product_cat":[2393,4812,4783,4813,4383],"product_tag":[4856,4840,4841,4839,816,4381],"class_list":{"0":"post-20905","1":"product","2":"type-product","3":"status-publish","4":"has-post-thumbnail","6":"product_cat-furniture","7":"product_cat-office","8":"product_cat-ready-to-ship","9":"product_cat-shelf","10":"product_cat-storage","11":"product_tag-etagere-en-bois","12":"product_tag-etagere-en-metal","13":"product_tag-etagere-moderne","14":"product_tag-etagere-trivia","15":"product_tag-lapa-interior-design","16":"product_tag-mobilier-portugais","18":"first","19":"instock","20":"taxable","21":"shipping-taxable","22":"purchasable","23":"product-type-simple"},"yoast_head":"<!-- This site is optimized with the Yoast SEO plugin v26.7 - https:\/\/yoast.com\/wordpress\/plugins\/seo\/ -->\n<title>L\u2019\u00e9tag\u00e8re Trivia - lapainteriordesign.com<\/title>\n<meta name=\"description\" content=\"L\u2019\u00e9tag\u00e8re Trivia en m\u00e9tal et fr\u00eane massif. Design contemporain, pratique et fabriqu\u00e9 au Portugal. Elle convient \u00e0 diff\u00e9rents styles d\u2019int\u00e9rieur.\" \/>\n<meta name=\"robots\" content=\"index, follow, max-snippet:-1, max-image-preview:large, max-video-preview:-1\" \/>\n<link rel=\"canonical\" href=\"https:\/\/lapainteriordesign.com\/fr\/product\/letagere-trivia\/\" \/>\n<meta property=\"og:locale\" content=\"fr_FR\" \/>\n<meta property=\"og:type\" content=\"article\" \/>\n<meta property=\"og:title\" content=\"Trivia Shelf\" \/>\n<meta property=\"og:description\" content=\"Trivia Shelf \u2013 A stylish metal and solid ash shelf offering optimized organization and a design touch for any space. Depth: 20 cm. Produced in Portugal\" \/>\n<meta property=\"og:url\" content=\"https:\/\/lapainteriordesign.com\/fr\/product\/letagere-trivia\/\" \/>\n<meta property=\"og:site_name\" content=\"lapainteriordesign.com\" \/>\n<meta property=\"article:publisher\" content=\"https:\/\/www.facebook.com\/LapaInteriorDesign\" \/>\n<meta property=\"article:modified_time\" content=\"2025-12-30T00:09:30+00:00\" \/>\n<meta property=\"og:image\" content=\"https:\/\/lapainteriordesign.com\/wp-content\/uploads\/2025\/01\/shelf-metal-black-ash-trivia-6-Lapa-Interior.-Design.jpg\" \/>\n\t<meta property=\"og:image:width\" content=\"1000\" \/>\n\t<meta property=\"og:image:height\" content=\"1000\" \/>\n\t<meta property=\"og:image:type\" content=\"image\/jpeg\" \/>\n<meta name=\"twitter:card\" content=\"summary_large_image\" \/>\n<meta name=\"twitter:title\" content=\"Vintage 1974 Throw\" \/>\n<meta name=\"twitter:description\" content=\"Experience the ultimate in coziness with Mustard Vintage 1956 Throw. Crafted from 100% wool, it&#039;s a perfect blend of style and warmth.\" \/>\n<meta name=\"twitter:image\" content=\"https:\/\/lapainteriordesign.com\/wp-content\/uploads\/2024\/11\/vintage-mos-23.39.png\" \/>\n<meta name=\"twitter:site\" content=\"@lapainterior\" \/>\n<meta name=\"twitter:label1\" content=\"Dur\u00e9e de lecture estim\u00e9e\" \/>\n\t<meta name=\"twitter:data1\" content=\"2 minutes\" \/>\n<script type=\"application\/ld+json\" class=\"yoast-schema-graph\">{\"@context\":\"https:\/\/schema.org\",\"@graph\":[{\"@type\":\"WebPage\",\"@id\":\"https:\/\/lapainteriordesign.com\/fr\/product\/letagere-trivia\/\",\"url\":\"https:\/\/lapainteriordesign.com\/fr\/product\/letagere-trivia\/\",\"name\":\"L\u2019\u00e9tag\u00e8re Trivia - lapainteriordesign.com\",\"isPartOf\":{\"@id\":\"https:\/\/lapainteriordesign.com\/#website\"},\"primaryImageOfPage\":{\"@id\":\"https:\/\/lapainteriordesign.com\/fr\/product\/letagere-trivia\/#primaryimage\"},\"image\":{\"@id\":\"https:\/\/lapainteriordesign.com\/fr\/product\/letagere-trivia\/#primaryimage\"},\"thumbnailUrl\":\"https:\/\/lapainteriordesign.com\/wp-content\/uploads\/2025\/01\/shelf-metal-black-ash-trivia-6-Lapa-Interior.-Design.jpg\",\"datePublished\":\"2025-01-23T11:33:17+00:00\",\"dateModified\":\"2025-12-30T00:09:30+00:00\",\"description\":\"L\u2019\u00e9tag\u00e8re Trivia en m\u00e9tal et fr\u00eane massif. Design contemporain, pratique et fabriqu\u00e9 au Portugal. Elle convient \u00e0 diff\u00e9rents styles d\u2019int\u00e9rieur.\",\"breadcrumb\":{\"@id\":\"https:\/\/lapainteriordesign.com\/fr\/product\/letagere-trivia\/#breadcrumb\"},\"inLanguage\":\"fr-FR\",\"potentialAction\":[{\"@type\":\"ReadAction\",\"target\":[\"https:\/\/lapainteriordesign.com\/fr\/product\/letagere-trivia\/\"]}]},{\"@type\":\"ImageObject\",\"inLanguage\":\"fr-FR\",\"@id\":\"https:\/\/lapainteriordesign.com\/fr\/product\/letagere-trivia\/#primaryimage\",\"url\":\"https:\/\/lapainteriordesign.com\/wp-content\/uploads\/2025\/01\/shelf-metal-black-ash-trivia-6-Lapa-Interior.-Design.jpg\",\"contentUrl\":\"https:\/\/lapainteriordesign.com\/wp-content\/uploads\/2025\/01\/shelf-metal-black-ash-trivia-6-Lapa-Interior.-Design.jpg\",\"width\":1000,\"height\":1000,\"caption\":\"shelf-metal-black-ash-trivia-6-Lapa-Interior.-Design.\"},{\"@type\":\"BreadcrumbList\",\"@id\":\"https:\/\/lapainteriordesign.com\/fr\/product\/letagere-trivia\/#breadcrumb\",\"itemListElement\":[{\"@type\":\"ListItem\",\"position\":1,\"name\":\"Home\",\"item\":\"https:\/\/lapainteriordesign.com\/fr\/\"},{\"@type\":\"ListItem\",\"position\":2,\"name\":\"Products\",\"item\":\"https:\/\/lapainteriordesign.com\/products\/\"},{\"@type\":\"ListItem\",\"position\":3,\"name\":\"L\u2019\u00e9tag\u00e8re Trivia\"}]},{\"@type\":\"WebSite\",\"@id\":\"https:\/\/lapainteriordesign.com\/#website\",\"url\":\"https:\/\/lapainteriordesign.com\/\",\"name\":\"lapainteriordesign.com\",\"description\":\"Luxury Interior Design\",\"publisher\":{\"@id\":\"https:\/\/lapainteriordesign.com\/#organization\"},\"potentialAction\":[{\"@type\":\"SearchAction\",\"target\":{\"@type\":\"EntryPoint\",\"urlTemplate\":\"https:\/\/lapainteriordesign.com\/?s={search_term_string}\"},\"query-input\":{\"@type\":\"PropertyValueSpecification\",\"valueRequired\":true,\"valueName\":\"search_term_string\"}}],\"inLanguage\":\"fr-FR\"},{\"@type\":\"Organization\",\"@id\":\"https:\/\/lapainteriordesign.com\/#organization\",\"name\":\"Lapa Interior Design\",\"url\":\"https:\/\/lapainteriordesign.com\/\",\"logo\":{\"@type\":\"ImageObject\",\"inLanguage\":\"fr-FR\",\"@id\":\"https:\/\/lapainteriordesign.com\/#\/schema\/logo\/image\/\",\"url\":\"https:\/\/lapainteriordesign.com\/wp-content\/uploads\/2026\/02\/cropped-Design-sem-nome-2026-02-04T094114.020.jpg\",\"contentUrl\":\"https:\/\/lapainteriordesign.com\/wp-content\/uploads\/2026\/02\/cropped-Design-sem-nome-2026-02-04T094114.020.jpg\",\"width\":512,\"height\":512,\"caption\":\"Lapa Interior Design\"},\"image\":{\"@id\":\"https:\/\/lapainteriordesign.com\/#\/schema\/logo\/image\/\"},\"sameAs\":[\"https:\/\/www.facebook.com\/LapaInteriorDesign\",\"https:\/\/x.com\/lapainterior\",\"https:\/\/www.instagram.com\/lapainteriordesign\/\",\"https:\/\/www.linkedin.com\/in\/lapa-interior-design-376823206\/\"]}]}<\/script>\n<!-- \/ Yoast SEO plugin. -->","yoast_head_json":{"title":"L\u2019\u00e9tag\u00e8re Trivia - lapainteriordesign.com","description":"L\u2019\u00e9tag\u00e8re Trivia en m\u00e9tal et fr\u00eane massif. Design contemporain, pratique et fabriqu\u00e9 au Portugal. Elle convient \u00e0 diff\u00e9rents styles d\u2019int\u00e9rieur.","robots":{"index":"index","follow":"follow","max-snippet":"max-snippet:-1","max-image-preview":"max-image-preview:large","max-video-preview":"max-video-preview:-1"},"canonical":"https:\/\/lapainteriordesign.com\/fr\/product\/letagere-trivia\/","og_locale":"fr_FR","og_type":"article","og_title":"Trivia Shelf","og_description":"Trivia Shelf \u2013 A stylish metal and solid ash shelf offering optimized organization and a design touch for any space. Depth: 20 cm. Produced in Portugal","og_url":"https:\/\/lapainteriordesign.com\/fr\/product\/letagere-trivia\/","og_site_name":"lapainteriordesign.com","article_publisher":"https:\/\/www.facebook.com\/LapaInteriorDesign","article_modified_time":"2025-12-30T00:09:30+00:00","og_image":[{"width":1000,"height":1000,"url":"https:\/\/lapainteriordesign.com\/wp-content\/uploads\/2025\/01\/shelf-metal-black-ash-trivia-6-Lapa-Interior.-Design.jpg","type":"image\/jpeg"}],"twitter_card":"summary_large_image","twitter_title":"Vintage 1974 Throw","twitter_description":"Experience the ultimate in coziness with Mustard Vintage 1956 Throw. Crafted from 100% wool, it's a perfect blend of style and warmth.","twitter_image":"https:\/\/lapainteriordesign.com\/wp-content\/uploads\/2024\/11\/vintage-mos-23.39.png","twitter_site":"@lapainterior","twitter_misc":{"Dur\u00e9e de lecture estim\u00e9e":"2 minutes"},"schema":{"@context":"https:\/\/schema.org","@graph":[{"@type":"WebPage","@id":"https:\/\/lapainteriordesign.com\/fr\/product\/letagere-trivia\/","url":"https:\/\/lapainteriordesign.com\/fr\/product\/letagere-trivia\/","name":"L\u2019\u00e9tag\u00e8re Trivia - lapainteriordesign.com","isPartOf":{"@id":"https:\/\/lapainteriordesign.com\/#website"},"primaryImageOfPage":{"@id":"https:\/\/lapainteriordesign.com\/fr\/product\/letagere-trivia\/#primaryimage"},"image":{"@id":"https:\/\/lapainteriordesign.com\/fr\/product\/letagere-trivia\/#primaryimage"},"thumbnailUrl":"https:\/\/lapainteriordesign.com\/wp-content\/uploads\/2025\/01\/shelf-metal-black-ash-trivia-6-Lapa-Interior.-Design.jpg","datePublished":"2025-01-23T11:33:17+00:00","dateModified":"2025-12-30T00:09:30+00:00","description":"L\u2019\u00e9tag\u00e8re Trivia en m\u00e9tal et fr\u00eane massif. Design contemporain, pratique et fabriqu\u00e9 au Portugal. Elle convient \u00e0 diff\u00e9rents styles d\u2019int\u00e9rieur.","breadcrumb":{"@id":"https:\/\/lapainteriordesign.com\/fr\/product\/letagere-trivia\/#breadcrumb"},"inLanguage":"fr-FR","potentialAction":[{"@type":"ReadAction","target":["https:\/\/lapainteriordesign.com\/fr\/product\/letagere-trivia\/"]}]},{"@type":"ImageObject","inLanguage":"fr-FR","@id":"https:\/\/lapainteriordesign.com\/fr\/product\/letagere-trivia\/#primaryimage","url":"https:\/\/lapainteriordesign.com\/wp-content\/uploads\/2025\/01\/shelf-metal-black-ash-trivia-6-Lapa-Interior.-Design.jpg","contentUrl":"https:\/\/lapainteriordesign.com\/wp-content\/uploads\/2025\/01\/shelf-metal-black-ash-trivia-6-Lapa-Interior.-Design.jpg","width":1000,"height":1000,"caption":"shelf-metal-black-ash-trivia-6-Lapa-Interior.-Design."},{"@type":"BreadcrumbList","@id":"https:\/\/lapainteriordesign.com\/fr\/product\/letagere-trivia\/#breadcrumb","itemListElement":[{"@type":"ListItem","position":1,"name":"Home","item":"https:\/\/lapainteriordesign.com\/fr\/"},{"@type":"ListItem","position":2,"name":"Products","item":"https:\/\/lapainteriordesign.com\/products\/"},{"@type":"ListItem","position":3,"name":"L\u2019\u00e9tag\u00e8re Trivia"}]},{"@type":"WebSite","@id":"https:\/\/lapainteriordesign.com\/#website","url":"https:\/\/lapainteriordesign.com\/","name":"lapainteriordesign.com","description":"Luxury Interior Design","publisher":{"@id":"https:\/\/lapainteriordesign.com\/#organization"},"potentialAction":[{"@type":"SearchAction","target":{"@type":"EntryPoint","urlTemplate":"https:\/\/lapainteriordesign.com\/?s={search_term_string}"},"query-input":{"@type":"PropertyValueSpecification","valueRequired":true,"valueName":"search_term_string"}}],"inLanguage":"fr-FR"},{"@type":"Organization","@id":"https:\/\/lapainteriordesign.com\/#organization","name":"Lapa Interior Design","url":"https:\/\/lapainteriordesign.com\/","logo":{"@type":"ImageObject","inLanguage":"fr-FR","@id":"https:\/\/lapainteriordesign.com\/#\/schema\/logo\/image\/","url":"https:\/\/lapainteriordesign.com\/wp-content\/uploads\/2026\/02\/cropped-Design-sem-nome-2026-02-04T094114.020.jpg","contentUrl":"https:\/\/lapainteriordesign.com\/wp-content\/uploads\/2026\/02\/cropped-Design-sem-nome-2026-02-04T094114.020.jpg","width":512,"height":512,"caption":"Lapa Interior Design"},"image":{"@id":"https:\/\/lapainteriordesign.com\/#\/schema\/logo\/image\/"},"sameAs":["https:\/\/www.facebook.com\/LapaInteriorDesign","https:\/\/x.com\/lapainterior","https:\/\/www.instagram.com\/lapainteriordesign\/","https:\/\/www.linkedin.com\/in\/lapa-interior-design-376823206\/"]}]}},"_links":{"self":[{"href":"https:\/\/lapainteriordesign.com\/fr\/wp-json\/wp\/v2\/product\/20905","targetHints":{"allow":["GET"]}}],"collection":[{"href":"https:\/\/lapainteriordesign.com\/fr\/wp-json\/wp\/v2\/product"}],"about":[{"href":"https:\/\/lapainteriordesign.com\/fr\/wp-json\/wp\/v2\/types\/product"}],"version-history":[{"count":0,"href":"https:\/\/lapainteriordesign.com\/fr\/wp-json\/wp\/v2\/product\/20905\/revisions"}],"wp:featuredmedia":[{"embeddable":true,"href":"https:\/\/lapainteriordesign.com\/fr\/wp-json\/wp\/v2\/media\/20890"}],"wp:attachment":[{"href":"https:\/\/lapainteriordesign.com\/fr\/wp-json\/wp\/v2\/media?parent=20905"}],"wp:term":[{"taxonomy":"product_brand","embeddable":true,"href":"https:\/\/lapainteriordesign.com\/fr\/wp-json\/wp\/v2\/product_brand?post=20905"},{"taxonomy":"product_cat","embeddable":true,"href":"https:\/\/lapainteriordesign.com\/fr\/wp-json\/wp\/v2\/product_cat?post=20905"},{"taxonomy":"product_tag","embeddable":true,"href":"https:\/\/lapainteriordesign.com\/fr\/wp-json\/wp\/v2\/product_tag?post=20905"}],"curies":[{"name":"wp","href":"https:\/\/api.w.org\/{rel}","templated":true}]}}