{"id":20628,"date":"2025-08-03T15:10:05","date_gmt":"2025-08-03T15:10:05","guid":{"rendered":"https:\/\/lapainteriordesign.com\/product\/florence-bedside-table\/"},"modified":"2025-12-29T00:19:36","modified_gmt":"2025-12-29T00:19:36","slug":"table-de-chevet-florence","status":"publish","type":"product","link":"https:\/\/lapainteriordesign.com\/fr\/product\/table-de-chevet-florence\/","title":{"rendered":"Table de chevet Florence"},"content":{"rendered":"<h5 data-start=\"3853\" data-end=\"3904\">Design romantique et dimensions \u00e9quilibr\u00e9es<\/h5>\n<p data-start=\"3905\" data-end=\"4244\">La <strong data-start=\"3908\" data-end=\"3936\">Table de Chevet Florence<\/strong> mesure 0,65\u202fm de long, 0,39\u202fm de large et 0,73\u202fm de haut. Son plateau et ses tiroirs offrent un espace de rangement suffisant sans encombrer la pi\u00e8ce. Les d\u00e9tails sculpt\u00e9s et les poign\u00e9es en forme de feuille rappellent l\u2019esth\u00e9tique de la Renaissance italienne, ajoutant d\u00e9licatesse et \u00e9l\u00e9gance \u00e0 la chambre.<\/p>\n<h5 data-start=\"4246\" data-end=\"4277\">Inspiration Renaissance<\/h5>\n<p data-start=\"4278\" data-end=\"4664\">Inspir\u00e9e de Florence \u00e0 l\u2019\u00e9poque Renaissance, cette pi\u00e8ce c\u00e9l\u00e8bre l\u2019artisanat d\u00e9coratif et les formes douces et romantiques. Les finitions aux tons anciens, telles que Siena Antique ou Terra Antique, renforcent son charme classique et intemporel, faisant de cette table un meuble \u00e0 la fois pratique et d\u00e9coratif. Pour plus d\u2019inspiration, consultez <a class=\"decorated-link\" href=\"https:\/\/www.archiexpo.com\" target=\"_new\" rel=\"noopener\" data-start=\"4625\" data-end=\"4663\">ArchiExpo<\/a>.<\/p>\n<h5 data-start=\"4666\" data-end=\"4694\">Artisanat de qualit\u00e9<\/h5>\n<p data-start=\"4695\" data-end=\"5004\">Fabriqu\u00e9e \u00e0 la main au Portugal, chaque <strong data-start=\"4735\" data-end=\"4763\">Table de Chevet Florence<\/strong> refl\u00e8te le souci du d\u00e9tail de Lapa Interior Design. La construction en bois laqu\u00e9 solide assure durabilit\u00e9, tandis que les sculptures et les poign\u00e9es courbes soulignent la qualit\u00e9 artisanale. Chaque pi\u00e8ce est unique gr\u00e2ce au travail manuel.<\/p>\n<h5 data-start=\"5006\" data-end=\"5035\">Style et coordination<\/h5>\n<p data-start=\"5036\" data-end=\"5320\">Associez-la au lit Florence ou \u00e0 une <a class=\"decorated-link\" href=\"#\" rel=\"noopener\" data-start=\"5073\" data-end=\"5094\">commode Florence<\/a> pour cr\u00e9er un ensemble harmonieux. Ajoutez un \u00e9clairage doux ou une lampe classique pour accentuer l\u2019atmosph\u00e8re romantique. D\u00e9couvrez des conseils de d\u00e9coration sur <a class=\"decorated-link\" href=\"https:\/\/www.architecturaldigest.com\" target=\"_new\" rel=\"noopener\" data-start=\"5260\" data-end=\"5319\">Architectural Digest<\/a>.<\/p>\n<h5 data-start=\"5322\" data-end=\"5374\">Pourquoi choisir la Table de Chevet Florence<\/h5>\n<p data-start=\"5375\" data-end=\"5659\">Design romantique et classique avec d\u00e9tails sculpt\u00e9s<br data-start=\"5427\" data-end=\"5430\" \/>Proportions compactes et fonctionnelles pour toutes chambres<br data-start=\"5490\" data-end=\"5493\" \/>Bois laqu\u00e9 de haute qualit\u00e9 fabriqu\u00e9 au Portugal<br data-start=\"5541\" data-end=\"5544\" \/>Finitions aux tons anciens uniques : Siena Antique ou Terra Antique<br data-start=\"5611\" data-end=\"5614\" \/>Pi\u00e8ce intemporelle de la collection Classic<\/p>\n<p data-start=\"5661\" data-end=\"5761\"><strong data-start=\"5661\" data-end=\"5677\">Dimensions :<\/strong> Longueur 0,65\u202fm | Largeur 0,39\u202fm | Hauteur 0,73\u202fm<br data-start=\"5727\" data-end=\"5730\" \/><strong data-start=\"5730\" data-end=\"5745\">Finitions :<\/strong> Siena Antique<\/p>\n<p>&nbsp;<\/p>\n","protected":false},"excerpt":{"rendered":"<p>La <strong data-start=\"3407\" data-end=\"3435\">Table de Chevet Florence<\/strong> combine romantisme et fonctionnalit\u00e9. Fabriqu\u00e9e au Portugal, elle se distingue par ses d\u00e9tails sculpt\u00e9s, sa finition en bois laqu\u00e9 et ses poign\u00e9es en forme de feuille. Parfaite pour les chambres classiques ou contemporaines, elle offre un rangement pratique tout en ajoutant une touche d\u00e9corative raffin\u00e9e, harmonisant parfaitement avec la collection Florence de Lapa Interior Design.<\/p>\n","protected":false},"featured_media":20623,"template":"","meta":{"_joinchat":{"telephone":"+351910131778","message_text":"Questions about this piece?"}},"product_brand":[],"product_cat":[4484,2393,4383],"product_tag":[4492,4757,816,4381,4758,4731,4756],"class_list":{"0":"post-20628","1":"product","2":"type-product","3":"status-publish","4":"has-post-thumbnail","6":"product_cat-bedside-tables","7":"product_cat-furniture","8":"product_cat-storage","9":"product_tag-chambre-elegante","10":"product_tag-collection-florence","11":"product_tag-lapa-interior-design","12":"product_tag-mobilier-portugais","13":"product_tag-rangement-fonctionnel","14":"product_tag-table-classique","15":"product_tag-table-de-chevet-florence","17":"first","18":"onbackorder","19":"taxable","20":"shipping-taxable","21":"purchasable","22":"product-type-simple"},"yoast_head":"<!-- This site is optimized with the Yoast SEO plugin v26.7 - https:\/\/yoast.com\/wordpress\/plugins\/seo\/ -->\n<title>Table de chevet Florence - lapainteriordesign.com<\/title>\n<meta name=\"description\" content=\"La Table de Chevet Florence allie \u00e9l\u00e9gance classique et rangement pratique. Id\u00e9ale pour chambres sophistiqu\u00e9es. Fabriqu\u00e9e au Portugal.\" \/>\n<meta name=\"robots\" content=\"index, follow, max-snippet:-1, max-image-preview:large, max-video-preview:-1\" \/>\n<link rel=\"canonical\" href=\"https:\/\/lapainteriordesign.com\/fr\/product\/table-de-chevet-florence\/\" \/>\n<meta property=\"og:locale\" content=\"fr_FR\" \/>\n<meta property=\"og:type\" content=\"article\" \/>\n<meta property=\"og:title\" content=\"Florence bedside table\" \/>\n<meta property=\"og:description\" content=\"Florence Bedside Table by Lapa Interior Design features carved floral motifs, classic finishes, and compact dimensions. Crafted in Portugal for timeless elegance.\" \/>\n<meta property=\"og:url\" content=\"https:\/\/lapainteriordesign.com\/fr\/product\/table-de-chevet-florence\/\" \/>\n<meta property=\"og:site_name\" content=\"lapainteriordesign.com\" \/>\n<meta property=\"article:publisher\" content=\"https:\/\/www.facebook.com\/LapaInteriorDesign\" \/>\n<meta property=\"article:modified_time\" content=\"2025-12-29T00:19:36+00:00\" \/>\n<meta property=\"og:image\" content=\"https:\/\/lapainteriordesign.com\/wp-content\/uploads\/2025\/08\/Lapa_Interior_Design_Florence_bedside_table_1.jpg\" \/>\n\t<meta property=\"og:image:width\" content=\"1000\" \/>\n\t<meta property=\"og:image:height\" content=\"1000\" \/>\n\t<meta property=\"og:image:type\" content=\"image\/jpeg\" \/>\n<meta name=\"twitter:card\" content=\"summary_large_image\" \/>\n<meta name=\"twitter:title\" content=\"Vintage 1974 Throw\" \/>\n<meta name=\"twitter:description\" content=\"Experience the ultimate in coziness with Mustard Vintage 1956 Throw. Crafted from 100% wool, it&#039;s a perfect blend of style and warmth.\" \/>\n<meta name=\"twitter:image\" content=\"https:\/\/lapainteriordesign.com\/wp-content\/uploads\/2024\/11\/vintage-mos-23.39.png\" \/>\n<meta name=\"twitter:site\" content=\"@lapainterior\" \/>\n<meta name=\"twitter:label1\" content=\"Dur\u00e9e de lecture estim\u00e9e\" \/>\n\t<meta name=\"twitter:data1\" content=\"2 minutes\" \/>\n<script type=\"application\/ld+json\" class=\"yoast-schema-graph\">{\"@context\":\"https:\/\/schema.org\",\"@graph\":[{\"@type\":\"WebPage\",\"@id\":\"https:\/\/lapainteriordesign.com\/fr\/product\/table-de-chevet-florence\/\",\"url\":\"https:\/\/lapainteriordesign.com\/fr\/product\/table-de-chevet-florence\/\",\"name\":\"Table de chevet Florence - lapainteriordesign.com\",\"isPartOf\":{\"@id\":\"https:\/\/lapainteriordesign.com\/#website\"},\"primaryImageOfPage\":{\"@id\":\"https:\/\/lapainteriordesign.com\/fr\/product\/table-de-chevet-florence\/#primaryimage\"},\"image\":{\"@id\":\"https:\/\/lapainteriordesign.com\/fr\/product\/table-de-chevet-florence\/#primaryimage\"},\"thumbnailUrl\":\"https:\/\/lapainteriordesign.com\/wp-content\/uploads\/2025\/08\/Lapa_Interior_Design_Florence_bedside_table_1_1.jpg\",\"datePublished\":\"2025-08-03T15:10:05+00:00\",\"dateModified\":\"2025-12-29T00:19:36+00:00\",\"description\":\"La Table de Chevet Florence allie \u00e9l\u00e9gance classique et rangement pratique. Id\u00e9ale pour chambres sophistiqu\u00e9es. Fabriqu\u00e9e au Portugal.\",\"breadcrumb\":{\"@id\":\"https:\/\/lapainteriordesign.com\/fr\/product\/table-de-chevet-florence\/#breadcrumb\"},\"inLanguage\":\"fr-FR\",\"potentialAction\":[{\"@type\":\"ReadAction\",\"target\":[\"https:\/\/lapainteriordesign.com\/fr\/product\/table-de-chevet-florence\/\"]}]},{\"@type\":\"ImageObject\",\"inLanguage\":\"fr-FR\",\"@id\":\"https:\/\/lapainteriordesign.com\/fr\/product\/table-de-chevet-florence\/#primaryimage\",\"url\":\"https:\/\/lapainteriordesign.com\/wp-content\/uploads\/2025\/08\/Lapa_Interior_Design_Florence_bedside_table_1_1.jpg\",\"contentUrl\":\"https:\/\/lapainteriordesign.com\/wp-content\/uploads\/2025\/08\/Lapa_Interior_Design_Florence_bedside_table_1_1.jpg\",\"width\":1000,\"height\":1000,\"caption\":\"Florence Bedside Table by Lapa Interior Design \u2013 carved floral motifs, lacquered wood, classic bedside storage\"},{\"@type\":\"BreadcrumbList\",\"@id\":\"https:\/\/lapainteriordesign.com\/fr\/product\/table-de-chevet-florence\/#breadcrumb\",\"itemListElement\":[{\"@type\":\"ListItem\",\"position\":1,\"name\":\"Home\",\"item\":\"https:\/\/lapainteriordesign.com\/fr\/\"},{\"@type\":\"ListItem\",\"position\":2,\"name\":\"Products\",\"item\":\"https:\/\/lapainteriordesign.com\/products\/\"},{\"@type\":\"ListItem\",\"position\":3,\"name\":\"Table de chevet Florence\"}]},{\"@type\":\"WebSite\",\"@id\":\"https:\/\/lapainteriordesign.com\/#website\",\"url\":\"https:\/\/lapainteriordesign.com\/\",\"name\":\"lapainteriordesign.com\",\"description\":\"Luxury Interior Design\",\"publisher\":{\"@id\":\"https:\/\/lapainteriordesign.com\/#organization\"},\"potentialAction\":[{\"@type\":\"SearchAction\",\"target\":{\"@type\":\"EntryPoint\",\"urlTemplate\":\"https:\/\/lapainteriordesign.com\/?s={search_term_string}\"},\"query-input\":{\"@type\":\"PropertyValueSpecification\",\"valueRequired\":true,\"valueName\":\"search_term_string\"}}],\"inLanguage\":\"fr-FR\"},{\"@type\":\"Organization\",\"@id\":\"https:\/\/lapainteriordesign.com\/#organization\",\"name\":\"Lapa Interior Design\",\"url\":\"https:\/\/lapainteriordesign.com\/\",\"logo\":{\"@type\":\"ImageObject\",\"inLanguage\":\"fr-FR\",\"@id\":\"https:\/\/lapainteriordesign.com\/#\/schema\/logo\/image\/\",\"url\":\"https:\/\/lapainteriordesign.com\/wp-content\/uploads\/2026\/02\/cropped-Design-sem-nome-2026-02-04T094114.020.jpg\",\"contentUrl\":\"https:\/\/lapainteriordesign.com\/wp-content\/uploads\/2026\/02\/cropped-Design-sem-nome-2026-02-04T094114.020.jpg\",\"width\":512,\"height\":512,\"caption\":\"Lapa Interior Design\"},\"image\":{\"@id\":\"https:\/\/lapainteriordesign.com\/#\/schema\/logo\/image\/\"},\"sameAs\":[\"https:\/\/www.facebook.com\/LapaInteriorDesign\",\"https:\/\/x.com\/lapainterior\",\"https:\/\/www.instagram.com\/lapainteriordesign\/\",\"https:\/\/www.linkedin.com\/in\/lapa-interior-design-376823206\/\"]}]}<\/script>\n<!-- \/ Yoast SEO plugin. -->","yoast_head_json":{"title":"Table de chevet Florence - lapainteriordesign.com","description":"La Table de Chevet Florence allie \u00e9l\u00e9gance classique et rangement pratique. Id\u00e9ale pour chambres sophistiqu\u00e9es. Fabriqu\u00e9e au Portugal.","robots":{"index":"index","follow":"follow","max-snippet":"max-snippet:-1","max-image-preview":"max-image-preview:large","max-video-preview":"max-video-preview:-1"},"canonical":"https:\/\/lapainteriordesign.com\/fr\/product\/table-de-chevet-florence\/","og_locale":"fr_FR","og_type":"article","og_title":"Florence bedside table","og_description":"Florence Bedside Table by Lapa Interior Design features carved floral motifs, classic finishes, and compact dimensions. Crafted in Portugal for timeless elegance.","og_url":"https:\/\/lapainteriordesign.com\/fr\/product\/table-de-chevet-florence\/","og_site_name":"lapainteriordesign.com","article_publisher":"https:\/\/www.facebook.com\/LapaInteriorDesign","article_modified_time":"2025-12-29T00:19:36+00:00","og_image":[{"width":1000,"height":1000,"url":"https:\/\/lapainteriordesign.com\/wp-content\/uploads\/2025\/08\/Lapa_Interior_Design_Florence_bedside_table_1.jpg","type":"image\/jpeg"}],"twitter_card":"summary_large_image","twitter_title":"Vintage 1974 Throw","twitter_description":"Experience the ultimate in coziness with Mustard Vintage 1956 Throw. Crafted from 100% wool, it's a perfect blend of style and warmth.","twitter_image":"https:\/\/lapainteriordesign.com\/wp-content\/uploads\/2024\/11\/vintage-mos-23.39.png","twitter_site":"@lapainterior","twitter_misc":{"Dur\u00e9e de lecture estim\u00e9e":"2 minutes"},"schema":{"@context":"https:\/\/schema.org","@graph":[{"@type":"WebPage","@id":"https:\/\/lapainteriordesign.com\/fr\/product\/table-de-chevet-florence\/","url":"https:\/\/lapainteriordesign.com\/fr\/product\/table-de-chevet-florence\/","name":"Table de chevet Florence - lapainteriordesign.com","isPartOf":{"@id":"https:\/\/lapainteriordesign.com\/#website"},"primaryImageOfPage":{"@id":"https:\/\/lapainteriordesign.com\/fr\/product\/table-de-chevet-florence\/#primaryimage"},"image":{"@id":"https:\/\/lapainteriordesign.com\/fr\/product\/table-de-chevet-florence\/#primaryimage"},"thumbnailUrl":"https:\/\/lapainteriordesign.com\/wp-content\/uploads\/2025\/08\/Lapa_Interior_Design_Florence_bedside_table_1_1.jpg","datePublished":"2025-08-03T15:10:05+00:00","dateModified":"2025-12-29T00:19:36+00:00","description":"La Table de Chevet Florence allie \u00e9l\u00e9gance classique et rangement pratique. Id\u00e9ale pour chambres sophistiqu\u00e9es. Fabriqu\u00e9e au Portugal.","breadcrumb":{"@id":"https:\/\/lapainteriordesign.com\/fr\/product\/table-de-chevet-florence\/#breadcrumb"},"inLanguage":"fr-FR","potentialAction":[{"@type":"ReadAction","target":["https:\/\/lapainteriordesign.com\/fr\/product\/table-de-chevet-florence\/"]}]},{"@type":"ImageObject","inLanguage":"fr-FR","@id":"https:\/\/lapainteriordesign.com\/fr\/product\/table-de-chevet-florence\/#primaryimage","url":"https:\/\/lapainteriordesign.com\/wp-content\/uploads\/2025\/08\/Lapa_Interior_Design_Florence_bedside_table_1_1.jpg","contentUrl":"https:\/\/lapainteriordesign.com\/wp-content\/uploads\/2025\/08\/Lapa_Interior_Design_Florence_bedside_table_1_1.jpg","width":1000,"height":1000,"caption":"Florence Bedside Table by Lapa Interior Design \u2013 carved floral motifs, lacquered wood, classic bedside storage"},{"@type":"BreadcrumbList","@id":"https:\/\/lapainteriordesign.com\/fr\/product\/table-de-chevet-florence\/#breadcrumb","itemListElement":[{"@type":"ListItem","position":1,"name":"Home","item":"https:\/\/lapainteriordesign.com\/fr\/"},{"@type":"ListItem","position":2,"name":"Products","item":"https:\/\/lapainteriordesign.com\/products\/"},{"@type":"ListItem","position":3,"name":"Table de chevet Florence"}]},{"@type":"WebSite","@id":"https:\/\/lapainteriordesign.com\/#website","url":"https:\/\/lapainteriordesign.com\/","name":"lapainteriordesign.com","description":"Luxury Interior Design","publisher":{"@id":"https:\/\/lapainteriordesign.com\/#organization"},"potentialAction":[{"@type":"SearchAction","target":{"@type":"EntryPoint","urlTemplate":"https:\/\/lapainteriordesign.com\/?s={search_term_string}"},"query-input":{"@type":"PropertyValueSpecification","valueRequired":true,"valueName":"search_term_string"}}],"inLanguage":"fr-FR"},{"@type":"Organization","@id":"https:\/\/lapainteriordesign.com\/#organization","name":"Lapa Interior Design","url":"https:\/\/lapainteriordesign.com\/","logo":{"@type":"ImageObject","inLanguage":"fr-FR","@id":"https:\/\/lapainteriordesign.com\/#\/schema\/logo\/image\/","url":"https:\/\/lapainteriordesign.com\/wp-content\/uploads\/2026\/02\/cropped-Design-sem-nome-2026-02-04T094114.020.jpg","contentUrl":"https:\/\/lapainteriordesign.com\/wp-content\/uploads\/2026\/02\/cropped-Design-sem-nome-2026-02-04T094114.020.jpg","width":512,"height":512,"caption":"Lapa Interior Design"},"image":{"@id":"https:\/\/lapainteriordesign.com\/#\/schema\/logo\/image\/"},"sameAs":["https:\/\/www.facebook.com\/LapaInteriorDesign","https:\/\/x.com\/lapainterior","https:\/\/www.instagram.com\/lapainteriordesign\/","https:\/\/www.linkedin.com\/in\/lapa-interior-design-376823206\/"]}]}},"_links":{"self":[{"href":"https:\/\/lapainteriordesign.com\/fr\/wp-json\/wp\/v2\/product\/20628","targetHints":{"allow":["GET"]}}],"collection":[{"href":"https:\/\/lapainteriordesign.com\/fr\/wp-json\/wp\/v2\/product"}],"about":[{"href":"https:\/\/lapainteriordesign.com\/fr\/wp-json\/wp\/v2\/types\/product"}],"version-history":[{"count":0,"href":"https:\/\/lapainteriordesign.com\/fr\/wp-json\/wp\/v2\/product\/20628\/revisions"}],"wp:featuredmedia":[{"embeddable":true,"href":"https:\/\/lapainteriordesign.com\/fr\/wp-json\/wp\/v2\/media\/20623"}],"wp:attachment":[{"href":"https:\/\/lapainteriordesign.com\/fr\/wp-json\/wp\/v2\/media?parent=20628"}],"wp:term":[{"taxonomy":"product_brand","embeddable":true,"href":"https:\/\/lapainteriordesign.com\/fr\/wp-json\/wp\/v2\/product_brand?post=20628"},{"taxonomy":"product_cat","embeddable":true,"href":"https:\/\/lapainteriordesign.com\/fr\/wp-json\/wp\/v2\/product_cat?post=20628"},{"taxonomy":"product_tag","embeddable":true,"href":"https:\/\/lapainteriordesign.com\/fr\/wp-json\/wp\/v2\/product_tag?post=20628"}],"curies":[{"name":"wp","href":"https:\/\/api.w.org\/{rel}","templated":true}]}}