{"id":20387,"date":"2025-08-03T19:28:19","date_gmt":"2025-08-03T19:28:19","guid":{"rendered":"https:\/\/lapainteriordesign.com\/product\/gala-side-table\/"},"modified":"2025-12-28T22:00:49","modified_gmt":"2025-12-28T22:00:49","slug":"table-dappoint-gala","status":"publish","type":"product","link":"https:\/\/lapainteriordesign.com\/fr\/product\/table-dappoint-gala\/","title":{"rendered":"Table d\u2019appoint Gala"},"content":{"rendered":"<h5 data-start=\"3673\" data-end=\"3722\">Une table sculpturale au charme classique<\/h5>\n<p data-start=\"3723\" data-end=\"3928\">La <strong data-start=\"3726\" data-end=\"3750\">Table d\u2019Appoint Gala<\/strong> enrichit les int\u00e9rieurs raffin\u00e9s par sa pr\u00e9sence d\u00e9licate. De plus, son design soign\u00e9 apporte une touche f\u00e9minine et \u00e9l\u00e9gante. Ainsi, elle devient un v\u00e9ritable accent d\u00e9coratif.<\/p>\n<h5 data-start=\"3930\" data-end=\"3986\">Dimensions harmonieuses et silhouette \u00e9quilibr\u00e9e<\/h5>\n<p data-start=\"3987\" data-end=\"4191\">Avec environ 60 \u00d7 60 \u00d7 64 cm, cette table d\u2019appoint pr\u00e9sente une \u00e9chelle id\u00e9ale. Par cons\u00e9quent, elle s\u2019int\u00e8gre facilement dans diff\u00e9rents espaces. Sa forme carr\u00e9e assure stabilit\u00e9 et lisibilit\u00e9 visuelle.<\/p>\n<h5 data-start=\"4193\" data-end=\"4239\">Inspiration artistique et savoir-faire<\/h5>\n<p data-start=\"4240\" data-end=\"4468\">La <strong data-start=\"4243\" data-end=\"4267\">Table d\u2019Appoint Gala<\/strong> s\u2019inspire d\u2019un style Louis XV simplifi\u00e9, enrichi de r\u00e9f\u00e9rences artistiques du XXe si\u00e8cle. En outre, les d\u00e9tails sculpt\u00e9s en haut relief cr\u00e9ent une richesse visuelle subtile, sans surcharge d\u00e9corative.<\/p>\n<h5 data-start=\"4470\" data-end=\"4512\">Finition et fabrication artisanale<\/h5>\n<p data-start=\"4513\" data-end=\"4732\">Fabriqu\u00e9e artisanalement au Portugal, cette table t\u00e9moigne d\u2019un grand soin du d\u00e9tail. Le bois laqu\u00e9, finition Chinoise Antique, met en valeur les lignes sculpt\u00e9es. Ainsi, la pi\u00e8ce conjugue esth\u00e9tique durable et qualit\u00e9.<\/p>\n<h5 data-start=\"4734\" data-end=\"4783\">Mise en sc\u00e8ne et associations d\u00e9coratives<\/h5>\n<p data-start=\"4784\" data-end=\"4998\">Place-la pr\u00e8s d\u2019un canap\u00e9, d\u2019un fauteuil ou en table de chevet. Elle s\u2019associe parfaitement aux autres \u00e9l\u00e9ments de la <strong data-start=\"4902\" data-end=\"4921\">Collection Gala<\/strong> de Lapa Interior Design. Pour plus d\u2019id\u00e9es, consulte <em data-start=\"4975\" data-end=\"4997\">Architectural Digest<\/em>.<\/p>\n<h5 data-start=\"5000\" data-end=\"5038\">Un choix \u00e9l\u00e9gant et intemporel<\/h5>\n<p data-start=\"5039\" data-end=\"5184\">En r\u00e9sum\u00e9, la <strong data-start=\"5053\" data-end=\"5077\">Table d\u2019Appoint Gala<\/strong> allie sculpture, fonctionnalit\u00e9 et \u00e9l\u00e9gance classique. Elle constitue un investissement d\u00e9coratif durable.<\/p>\n<p data-start=\"5186\" data-end=\"5240\"><strong data-start=\"5186\" data-end=\"5240\">Fabriqu\u00e9e au Portugal avec savoir-faire artisanal.<\/strong><\/p>\n<p>&nbsp;<\/p>\n","protected":false},"excerpt":{"rendered":"<p>La Table d\u2019Appoint Gala associe sculpture d\u00e9corative et fonctionnalit\u00e9 raffin\u00e9e. R\u00e9alis\u00e9e au Portugal en bois laqu\u00e9, elle se distingue par ses d\u00e9tails sculpt\u00e9s en haut relief et ses proportions \u00e9quilibr\u00e9es. Elle convient parfaitement aux salons, chambres ou espaces \u00e9l\u00e9gants \u00e0 l\u2019esth\u00e9tique classique et intemporelle.<\/p>\n","protected":false},"featured_media":20382,"template":"","meta":{"_joinchat":{"telephone":"+351910131778","message_text":"Hello! Need any info or help with this item?"}},"product_brand":[],"product_cat":[2393,4383,4397,4398,4484],"product_tag":[816,4380,4672,4671,4412,4670,4637],"class_list":{"0":"post-20387","1":"product","2":"type-product","3":"status-publish","4":"has-post-thumbnail","6":"product_cat-meubles","7":"product_cat-stockages","8":"product_cat-tableaux","9":"product_cat-tables-dappoint","10":"product_cat-tables-de-chevet","11":"product_tag-lapa-interior-design","12":"product_tag-mobilier-artisanal","13":"product_tag-style-classique","14":"product_tag-table-carree-elegante","15":"product_tag-table-dappoint-classique","16":"product_tag-table-dappoint-en-bois","17":"product_tag-table-decorative","19":"first","20":"onbackorder","21":"taxable","22":"shipping-taxable","23":"purchasable","24":"product-type-simple"},"yoast_head":"<!-- This site is optimized with the Yoast SEO plugin v26.7 - https:\/\/yoast.com\/wordpress\/plugins\/seo\/ -->\n<title>Table d\u2019appoint Gala - lapainteriordesign.com<\/title>\n<meta name=\"description\" content=\"Table d\u2019appoint Gala en bois laqu\u00e9 avec d\u00e9tails sculpt\u00e9s. Fabriqu\u00e9e au Portugal, elle apporte \u00e9l\u00e9gance classique et finesse.\" \/>\n<meta name=\"robots\" content=\"index, follow, max-snippet:-1, max-image-preview:large, max-video-preview:-1\" \/>\n<link rel=\"canonical\" href=\"https:\/\/lapainteriordesign.com\/fr\/product\/table-dappoint-gala\/\" \/>\n<meta property=\"og:locale\" content=\"fr_FR\" \/>\n<meta property=\"og:type\" content=\"article\" \/>\n<meta property=\"og:title\" content=\"Gala Side Table\" \/>\n<meta property=\"og:description\" content=\"Gala Side Table by Lapa Interior Design \u2013 handcrafted lacquered wood side table with carved details and refined silhouette. Made in Portugal for classic interiors.\" \/>\n<meta property=\"og:url\" content=\"https:\/\/lapainteriordesign.com\/fr\/product\/table-dappoint-gala\/\" \/>\n<meta property=\"og:site_name\" content=\"lapainteriordesign.com\" \/>\n<meta property=\"article:publisher\" content=\"https:\/\/www.facebook.com\/LapaInteriorDesign\" \/>\n<meta property=\"article:modified_time\" content=\"2025-12-28T22:00:49+00:00\" \/>\n<meta property=\"og:image\" content=\"https:\/\/lapainteriordesign.com\/wp-content\/uploads\/2025\/08\/Lapa_Interior_Design_Gala-side-table-angle_4.jpg\" \/>\n\t<meta property=\"og:image:width\" content=\"1000\" \/>\n\t<meta property=\"og:image:height\" content=\"1000\" \/>\n\t<meta property=\"og:image:type\" content=\"image\/jpeg\" \/>\n<meta name=\"twitter:card\" content=\"summary_large_image\" \/>\n<meta name=\"twitter:title\" content=\"Vintage 1974 Throw\" \/>\n<meta name=\"twitter:description\" content=\"Experience the ultimate in coziness with Mustard Vintage 1956 Throw. Crafted from 100% wool, it&#039;s a perfect blend of style and warmth.\" \/>\n<meta name=\"twitter:image\" content=\"https:\/\/lapainteriordesign.com\/wp-content\/uploads\/2024\/11\/vintage-mos-23.39.png\" \/>\n<meta name=\"twitter:site\" content=\"@lapainterior\" \/>\n<meta name=\"twitter:label1\" content=\"Dur\u00e9e de lecture estim\u00e9e\" \/>\n\t<meta name=\"twitter:data1\" content=\"2 minutes\" \/>\n<script type=\"application\/ld+json\" class=\"yoast-schema-graph\">{\"@context\":\"https:\/\/schema.org\",\"@graph\":[{\"@type\":\"WebPage\",\"@id\":\"https:\/\/lapainteriordesign.com\/fr\/product\/table-dappoint-gala\/\",\"url\":\"https:\/\/lapainteriordesign.com\/fr\/product\/table-dappoint-gala\/\",\"name\":\"Table d\u2019appoint Gala - lapainteriordesign.com\",\"isPartOf\":{\"@id\":\"https:\/\/lapainteriordesign.com\/#website\"},\"primaryImageOfPage\":{\"@id\":\"https:\/\/lapainteriordesign.com\/fr\/product\/table-dappoint-gala\/#primaryimage\"},\"image\":{\"@id\":\"https:\/\/lapainteriordesign.com\/fr\/product\/table-dappoint-gala\/#primaryimage\"},\"thumbnailUrl\":\"https:\/\/lapainteriordesign.com\/wp-content\/uploads\/2025\/08\/Lapa_Interior_Design_Gala-side-table-angle_4.jpg\",\"datePublished\":\"2025-08-03T19:28:19+00:00\",\"dateModified\":\"2025-12-28T22:00:49+00:00\",\"description\":\"Table d\u2019appoint Gala en bois laqu\u00e9 avec d\u00e9tails sculpt\u00e9s. Fabriqu\u00e9e au Portugal, elle apporte \u00e9l\u00e9gance classique et finesse.\",\"breadcrumb\":{\"@id\":\"https:\/\/lapainteriordesign.com\/fr\/product\/table-dappoint-gala\/#breadcrumb\"},\"inLanguage\":\"fr-FR\",\"potentialAction\":[{\"@type\":\"ReadAction\",\"target\":[\"https:\/\/lapainteriordesign.com\/fr\/product\/table-dappoint-gala\/\"]}]},{\"@type\":\"ImageObject\",\"inLanguage\":\"fr-FR\",\"@id\":\"https:\/\/lapainteriordesign.com\/fr\/product\/table-dappoint-gala\/#primaryimage\",\"url\":\"https:\/\/lapainteriordesign.com\/wp-content\/uploads\/2025\/08\/Lapa_Interior_Design_Gala-side-table-angle_4.jpg\",\"contentUrl\":\"https:\/\/lapainteriordesign.com\/wp-content\/uploads\/2025\/08\/Lapa_Interior_Design_Gala-side-table-angle_4.jpg\",\"width\":1000,\"height\":1000,\"caption\":\"Gala Side Table by Lapa Interior Design \u2013 square lacquered wood table with carved high\u2011relief details\"},{\"@type\":\"BreadcrumbList\",\"@id\":\"https:\/\/lapainteriordesign.com\/fr\/product\/table-dappoint-gala\/#breadcrumb\",\"itemListElement\":[{\"@type\":\"ListItem\",\"position\":1,\"name\":\"Home\",\"item\":\"https:\/\/lapainteriordesign.com\/fr\/\"},{\"@type\":\"ListItem\",\"position\":2,\"name\":\"Products\",\"item\":\"https:\/\/lapainteriordesign.com\/products\/\"},{\"@type\":\"ListItem\",\"position\":3,\"name\":\"Table d\u2019appoint Gala\"}]},{\"@type\":\"WebSite\",\"@id\":\"https:\/\/lapainteriordesign.com\/#website\",\"url\":\"https:\/\/lapainteriordesign.com\/\",\"name\":\"lapainteriordesign.com\",\"description\":\"Luxury Interior Design\",\"publisher\":{\"@id\":\"https:\/\/lapainteriordesign.com\/#organization\"},\"potentialAction\":[{\"@type\":\"SearchAction\",\"target\":{\"@type\":\"EntryPoint\",\"urlTemplate\":\"https:\/\/lapainteriordesign.com\/?s={search_term_string}\"},\"query-input\":{\"@type\":\"PropertyValueSpecification\",\"valueRequired\":true,\"valueName\":\"search_term_string\"}}],\"inLanguage\":\"fr-FR\"},{\"@type\":\"Organization\",\"@id\":\"https:\/\/lapainteriordesign.com\/#organization\",\"name\":\"Lapa Interior Design\",\"url\":\"https:\/\/lapainteriordesign.com\/\",\"logo\":{\"@type\":\"ImageObject\",\"inLanguage\":\"fr-FR\",\"@id\":\"https:\/\/lapainteriordesign.com\/#\/schema\/logo\/image\/\",\"url\":\"https:\/\/lapainteriordesign.com\/wp-content\/uploads\/2026\/02\/cropped-Design-sem-nome-2026-02-04T094114.020.jpg\",\"contentUrl\":\"https:\/\/lapainteriordesign.com\/wp-content\/uploads\/2026\/02\/cropped-Design-sem-nome-2026-02-04T094114.020.jpg\",\"width\":512,\"height\":512,\"caption\":\"Lapa Interior Design\"},\"image\":{\"@id\":\"https:\/\/lapainteriordesign.com\/#\/schema\/logo\/image\/\"},\"sameAs\":[\"https:\/\/www.facebook.com\/LapaInteriorDesign\",\"https:\/\/x.com\/lapainterior\",\"https:\/\/www.instagram.com\/lapainteriordesign\/\",\"https:\/\/www.linkedin.com\/in\/lapa-interior-design-376823206\/\"]}]}<\/script>\n<!-- \/ Yoast SEO plugin. -->","yoast_head_json":{"title":"Table d\u2019appoint Gala - lapainteriordesign.com","description":"Table d\u2019appoint Gala en bois laqu\u00e9 avec d\u00e9tails sculpt\u00e9s. Fabriqu\u00e9e au Portugal, elle apporte \u00e9l\u00e9gance classique et finesse.","robots":{"index":"index","follow":"follow","max-snippet":"max-snippet:-1","max-image-preview":"max-image-preview:large","max-video-preview":"max-video-preview:-1"},"canonical":"https:\/\/lapainteriordesign.com\/fr\/product\/table-dappoint-gala\/","og_locale":"fr_FR","og_type":"article","og_title":"Gala Side Table","og_description":"Gala Side Table by Lapa Interior Design \u2013 handcrafted lacquered wood side table with carved details and refined silhouette. Made in Portugal for classic interiors.","og_url":"https:\/\/lapainteriordesign.com\/fr\/product\/table-dappoint-gala\/","og_site_name":"lapainteriordesign.com","article_publisher":"https:\/\/www.facebook.com\/LapaInteriorDesign","article_modified_time":"2025-12-28T22:00:49+00:00","og_image":[{"width":1000,"height":1000,"url":"https:\/\/lapainteriordesign.com\/wp-content\/uploads\/2025\/08\/Lapa_Interior_Design_Gala-side-table-angle_4.jpg","type":"image\/jpeg"}],"twitter_card":"summary_large_image","twitter_title":"Vintage 1974 Throw","twitter_description":"Experience the ultimate in coziness with Mustard Vintage 1956 Throw. Crafted from 100% wool, it's a perfect blend of style and warmth.","twitter_image":"https:\/\/lapainteriordesign.com\/wp-content\/uploads\/2024\/11\/vintage-mos-23.39.png","twitter_site":"@lapainterior","twitter_misc":{"Dur\u00e9e de lecture estim\u00e9e":"2 minutes"},"schema":{"@context":"https:\/\/schema.org","@graph":[{"@type":"WebPage","@id":"https:\/\/lapainteriordesign.com\/fr\/product\/table-dappoint-gala\/","url":"https:\/\/lapainteriordesign.com\/fr\/product\/table-dappoint-gala\/","name":"Table d\u2019appoint Gala - lapainteriordesign.com","isPartOf":{"@id":"https:\/\/lapainteriordesign.com\/#website"},"primaryImageOfPage":{"@id":"https:\/\/lapainteriordesign.com\/fr\/product\/table-dappoint-gala\/#primaryimage"},"image":{"@id":"https:\/\/lapainteriordesign.com\/fr\/product\/table-dappoint-gala\/#primaryimage"},"thumbnailUrl":"https:\/\/lapainteriordesign.com\/wp-content\/uploads\/2025\/08\/Lapa_Interior_Design_Gala-side-table-angle_4.jpg","datePublished":"2025-08-03T19:28:19+00:00","dateModified":"2025-12-28T22:00:49+00:00","description":"Table d\u2019appoint Gala en bois laqu\u00e9 avec d\u00e9tails sculpt\u00e9s. Fabriqu\u00e9e au Portugal, elle apporte \u00e9l\u00e9gance classique et finesse.","breadcrumb":{"@id":"https:\/\/lapainteriordesign.com\/fr\/product\/table-dappoint-gala\/#breadcrumb"},"inLanguage":"fr-FR","potentialAction":[{"@type":"ReadAction","target":["https:\/\/lapainteriordesign.com\/fr\/product\/table-dappoint-gala\/"]}]},{"@type":"ImageObject","inLanguage":"fr-FR","@id":"https:\/\/lapainteriordesign.com\/fr\/product\/table-dappoint-gala\/#primaryimage","url":"https:\/\/lapainteriordesign.com\/wp-content\/uploads\/2025\/08\/Lapa_Interior_Design_Gala-side-table-angle_4.jpg","contentUrl":"https:\/\/lapainteriordesign.com\/wp-content\/uploads\/2025\/08\/Lapa_Interior_Design_Gala-side-table-angle_4.jpg","width":1000,"height":1000,"caption":"Gala Side Table by Lapa Interior Design \u2013 square lacquered wood table with carved high\u2011relief details"},{"@type":"BreadcrumbList","@id":"https:\/\/lapainteriordesign.com\/fr\/product\/table-dappoint-gala\/#breadcrumb","itemListElement":[{"@type":"ListItem","position":1,"name":"Home","item":"https:\/\/lapainteriordesign.com\/fr\/"},{"@type":"ListItem","position":2,"name":"Products","item":"https:\/\/lapainteriordesign.com\/products\/"},{"@type":"ListItem","position":3,"name":"Table d\u2019appoint Gala"}]},{"@type":"WebSite","@id":"https:\/\/lapainteriordesign.com\/#website","url":"https:\/\/lapainteriordesign.com\/","name":"lapainteriordesign.com","description":"Luxury Interior Design","publisher":{"@id":"https:\/\/lapainteriordesign.com\/#organization"},"potentialAction":[{"@type":"SearchAction","target":{"@type":"EntryPoint","urlTemplate":"https:\/\/lapainteriordesign.com\/?s={search_term_string}"},"query-input":{"@type":"PropertyValueSpecification","valueRequired":true,"valueName":"search_term_string"}}],"inLanguage":"fr-FR"},{"@type":"Organization","@id":"https:\/\/lapainteriordesign.com\/#organization","name":"Lapa Interior Design","url":"https:\/\/lapainteriordesign.com\/","logo":{"@type":"ImageObject","inLanguage":"fr-FR","@id":"https:\/\/lapainteriordesign.com\/#\/schema\/logo\/image\/","url":"https:\/\/lapainteriordesign.com\/wp-content\/uploads\/2026\/02\/cropped-Design-sem-nome-2026-02-04T094114.020.jpg","contentUrl":"https:\/\/lapainteriordesign.com\/wp-content\/uploads\/2026\/02\/cropped-Design-sem-nome-2026-02-04T094114.020.jpg","width":512,"height":512,"caption":"Lapa Interior Design"},"image":{"@id":"https:\/\/lapainteriordesign.com\/#\/schema\/logo\/image\/"},"sameAs":["https:\/\/www.facebook.com\/LapaInteriorDesign","https:\/\/x.com\/lapainterior","https:\/\/www.instagram.com\/lapainteriordesign\/","https:\/\/www.linkedin.com\/in\/lapa-interior-design-376823206\/"]}]}},"_links":{"self":[{"href":"https:\/\/lapainteriordesign.com\/fr\/wp-json\/wp\/v2\/product\/20387","targetHints":{"allow":["GET"]}}],"collection":[{"href":"https:\/\/lapainteriordesign.com\/fr\/wp-json\/wp\/v2\/product"}],"about":[{"href":"https:\/\/lapainteriordesign.com\/fr\/wp-json\/wp\/v2\/types\/product"}],"version-history":[{"count":0,"href":"https:\/\/lapainteriordesign.com\/fr\/wp-json\/wp\/v2\/product\/20387\/revisions"}],"wp:featuredmedia":[{"embeddable":true,"href":"https:\/\/lapainteriordesign.com\/fr\/wp-json\/wp\/v2\/media\/20382"}],"wp:attachment":[{"href":"https:\/\/lapainteriordesign.com\/fr\/wp-json\/wp\/v2\/media?parent=20387"}],"wp:term":[{"taxonomy":"product_brand","embeddable":true,"href":"https:\/\/lapainteriordesign.com\/fr\/wp-json\/wp\/v2\/product_brand?post=20387"},{"taxonomy":"product_cat","embeddable":true,"href":"https:\/\/lapainteriordesign.com\/fr\/wp-json\/wp\/v2\/product_cat?post=20387"},{"taxonomy":"product_tag","embeddable":true,"href":"https:\/\/lapainteriordesign.com\/fr\/wp-json\/wp\/v2\/product_tag?post=20387"}],"curies":[{"name":"wp","href":"https:\/\/api.w.org\/{rel}","templated":true}]}}