{"id":20311,"date":"2025-08-03T22:07:21","date_gmt":"2025-08-03T22:07:21","guid":{"rendered":"https:\/\/lapainteriordesign.com\/product\/lara-bedside-table\/"},"modified":"2025-12-28T16:59:02","modified_gmt":"2025-12-28T16:59:02","slug":"table-de-chevet-lara","status":"publish","type":"product","link":"https:\/\/lapainteriordesign.com\/fr\/product\/table-de-chevet-lara\/","title":{"rendered":"Table chevet Lara"},"content":{"rendered":"<h5 data-start=\"3315\" data-end=\"3353\">Un design moderne et \u00e9quilibr\u00e9<\/h5>\n<p data-start=\"3354\" data-end=\"3543\">La <strong data-start=\"3357\" data-end=\"3381\">Table de Chevet Lara<\/strong> combine simplicit\u00e9 visuelle et fonctionnalit\u00e9. Ainsi, elle compl\u00e8te parfaitement les chambres modernes. De plus, ses lignes douces apportent une touche \u00e9l\u00e9gante.<\/p>\n<h5 data-start=\"3545\" data-end=\"3585\">Rangement discret et fonctionnel<\/h5>\n<p data-start=\"3586\" data-end=\"3785\">Dot\u00e9e de deux tiroirs spacieux, cette table de chevet permet d\u2019organiser les essentiels du quotidien. Par cons\u00e9quent, l\u2019espace reste ordonn\u00e9. En outre, le plateau sup\u00e9rieur accueille lampe ou livres.<\/p>\n<h5 data-start=\"3787\" data-end=\"3833\">Dimensions adapt\u00e9es \u00e0 tous les espaces<\/h5>\n<p data-start=\"3834\" data-end=\"4026\">Avec 56 cm de largeur, 40 cm de profondeur et 65 cm de hauteur, la Table de Chevet Lara convient \u00e0 diff\u00e9rents am\u00e9nagements. Ainsi, elle s\u2019adapte aussi bien aux petites qu\u2019aux grandes chambres.<\/p>\n<h5 data-start=\"4028\" data-end=\"4078\">Mat\u00e9riaux de qualit\u00e9 et finitions soign\u00e9es<\/h5>\n<p data-start=\"4079\" data-end=\"4288\">Fabriqu\u00e9e au Portugal, cette pi\u00e8ce utilise des mat\u00e9riaux durables et faciles d\u2019entretien. De plus, les finitions Amber Simple et Coco Simple soulignent son style contemporain. Le r\u00e9sultat est sobre et \u00e9l\u00e9gant.<\/p>\n<h5 data-start=\"4290\" data-end=\"4327\">Harmonisation et inspirations<\/h5>\n<p data-start=\"4328\" data-end=\"4571\">Gr\u00e2ce \u00e0 son esth\u00e9tique neutre, cette table se marie avec d\u2019autres pi\u00e8ces de la <strong data-start=\"4407\" data-end=\"4429\">Bedroom Collection<\/strong> de Lapa Interior Design. Par exemple, associez-la aux mod\u00e8les Juliette ou Florence. Pour plus d\u2019inspiration, consulte <em data-start=\"4548\" data-end=\"4570\">Architectural Digest<\/em>.<\/p>\n<h5 data-start=\"4573\" data-end=\"4607\">Pourquoi choisir ce mod\u00e8le<\/h5>\n<p data-start=\"4608\" data-end=\"4761\">En conclusion, la Table de Chevet Lara offre un \u00e9quilibre parfait entre design moderne et usage quotidien. Ainsi, elle constitue un choix s\u00fbr et durable.<\/p>\n<p data-start=\"4763\" data-end=\"4820\"><strong data-start=\"4763\" data-end=\"4820\">Fabriqu\u00e9e au Portugal avec un savoir-faire artisanal.<\/strong><\/p>\n","protected":false},"excerpt":{"rendered":"<p>La Table de Chevet Lara s\u00e9duit par son design moderne et \u00e9pur\u00e9. Ses deux tiroirs aux fa\u00e7ades courbes offrent un rangement pratique et discret. Fabriqu\u00e9e au Portugal, elle s\u2019int\u00e8gre facilement dans des chambres contemporaines et raffin\u00e9es.<\/p>\n","protected":false},"featured_media":20306,"template":"","meta":{"_joinchat":{"telephone":"+351910131778","message_text":"Hello! Need any info or help with this item?"}},"product_brand":[],"product_cat":[4484,2393,4383],"product_tag":[4620,816,4619,4381,4618,4617],"class_list":{"0":"post-20311","1":"product","2":"type-product","3":"status-publish","4":"has-post-thumbnail","6":"product_cat-bedside-tables","7":"product_cat-furniture","8":"product_cat-storage","9":"product_tag-design-contemporain","10":"product_tag-lapa-interior-design","11":"product_tag-mobilier-de-chambre","12":"product_tag-mobilier-portugais","13":"product_tag-table-de-chevet-minimaliste","14":"product_tag-table-de-chevet-moderne","16":"first","17":"onbackorder","18":"taxable","19":"shipping-taxable","20":"purchasable","21":"product-type-simple"},"yoast_head":"<!-- This site is optimized with the Yoast SEO plugin v26.7 - https:\/\/yoast.com\/wordpress\/plugins\/seo\/ -->\n<title>Table chevet Lara - lapainteriordesign.com<\/title>\n<meta name=\"description\" content=\"Table de Chevet Lara au design moderne avec deux tiroirs pratiques. Fabriqu\u00e9e au Portugal, id\u00e9ale pour chambres contemporaines.\" \/>\n<meta name=\"robots\" content=\"index, follow, max-snippet:-1, max-image-preview:large, max-video-preview:-1\" \/>\n<link rel=\"canonical\" href=\"https:\/\/lapainteriordesign.com\/fr\/product\/table-de-chevet-lara\/\" \/>\n<meta property=\"og:locale\" content=\"fr_FR\" \/>\n<meta property=\"og:type\" content=\"article\" \/>\n<meta property=\"og:title\" content=\"Lara Bedside Table\" \/>\n<meta property=\"og:description\" content=\"Lara Bedside Table by Lapa Interior Design \u2013 Contemporary bedside table with two drawers, clean lines, and refined form. Crafted in Portugal with practical elegance\" \/>\n<meta property=\"og:url\" content=\"https:\/\/lapainteriordesign.com\/fr\/product\/table-de-chevet-lara\/\" \/>\n<meta property=\"og:site_name\" content=\"lapainteriordesign.com\" \/>\n<meta property=\"article:publisher\" content=\"https:\/\/www.facebook.com\/LapaInteriorDesign\" \/>\n<meta property=\"article:modified_time\" content=\"2025-12-28T16:59:02+00:00\" \/>\n<meta property=\"og:image\" content=\"https:\/\/lapainteriordesign.com\/wp-content\/uploads\/2025\/08\/Lapa_Interior_Design_Lara-bedside-table-angle-ALACMI02LE_3.jpg\" \/>\n\t<meta property=\"og:image:width\" content=\"1000\" \/>\n\t<meta property=\"og:image:height\" content=\"1000\" \/>\n\t<meta property=\"og:image:type\" content=\"image\/jpeg\" \/>\n<meta name=\"twitter:card\" content=\"summary_large_image\" \/>\n<meta name=\"twitter:title\" content=\"Vintage 1974 Throw\" \/>\n<meta name=\"twitter:description\" content=\"Experience the ultimate in coziness with Mustard Vintage 1956 Throw. Crafted from 100% wool, it&#039;s a perfect blend of style and warmth.\" \/>\n<meta name=\"twitter:image\" content=\"https:\/\/lapainteriordesign.com\/wp-content\/uploads\/2024\/11\/vintage-mos-23.39.png\" \/>\n<meta name=\"twitter:site\" content=\"@lapainterior\" \/>\n<meta name=\"twitter:label1\" content=\"Dur\u00e9e de lecture estim\u00e9e\" \/>\n\t<meta name=\"twitter:data1\" content=\"2 minutes\" \/>\n<script type=\"application\/ld+json\" class=\"yoast-schema-graph\">{\"@context\":\"https:\/\/schema.org\",\"@graph\":[{\"@type\":\"WebPage\",\"@id\":\"https:\/\/lapainteriordesign.com\/fr\/product\/table-de-chevet-lara\/\",\"url\":\"https:\/\/lapainteriordesign.com\/fr\/product\/table-de-chevet-lara\/\",\"name\":\"Table chevet Lara - lapainteriordesign.com\",\"isPartOf\":{\"@id\":\"https:\/\/lapainteriordesign.com\/#website\"},\"primaryImageOfPage\":{\"@id\":\"https:\/\/lapainteriordesign.com\/fr\/product\/table-de-chevet-lara\/#primaryimage\"},\"image\":{\"@id\":\"https:\/\/lapainteriordesign.com\/fr\/product\/table-de-chevet-lara\/#primaryimage\"},\"thumbnailUrl\":\"https:\/\/lapainteriordesign.com\/wp-content\/uploads\/2025\/08\/Lapa_Interior_Design_Lara-bedside-table-angle-ALACMI02LE_3_1.jpg\",\"datePublished\":\"2025-08-03T22:07:21+00:00\",\"dateModified\":\"2025-12-28T16:59:02+00:00\",\"description\":\"Table de Chevet Lara au design moderne avec deux tiroirs pratiques. Fabriqu\u00e9e au Portugal, id\u00e9ale pour chambres contemporaines.\",\"breadcrumb\":{\"@id\":\"https:\/\/lapainteriordesign.com\/fr\/product\/table-de-chevet-lara\/#breadcrumb\"},\"inLanguage\":\"fr-FR\",\"potentialAction\":[{\"@type\":\"ReadAction\",\"target\":[\"https:\/\/lapainteriordesign.com\/fr\/product\/table-de-chevet-lara\/\"]}]},{\"@type\":\"ImageObject\",\"inLanguage\":\"fr-FR\",\"@id\":\"https:\/\/lapainteriordesign.com\/fr\/product\/table-de-chevet-lara\/#primaryimage\",\"url\":\"https:\/\/lapainteriordesign.com\/wp-content\/uploads\/2025\/08\/Lapa_Interior_Design_Lara-bedside-table-angle-ALACMI02LE_3_1.jpg\",\"contentUrl\":\"https:\/\/lapainteriordesign.com\/wp-content\/uploads\/2025\/08\/Lapa_Interior_Design_Lara-bedside-table-angle-ALACMI02LE_3_1.jpg\",\"width\":1000,\"height\":1000,\"caption\":\"ara Bedside Table by Lapa Interior Design \u2013 modern bedside table with two drawers and curved fronts\"},{\"@type\":\"BreadcrumbList\",\"@id\":\"https:\/\/lapainteriordesign.com\/fr\/product\/table-de-chevet-lara\/#breadcrumb\",\"itemListElement\":[{\"@type\":\"ListItem\",\"position\":1,\"name\":\"Home\",\"item\":\"https:\/\/lapainteriordesign.com\/fr\/\"},{\"@type\":\"ListItem\",\"position\":2,\"name\":\"Products\",\"item\":\"https:\/\/lapainteriordesign.com\/products\/\"},{\"@type\":\"ListItem\",\"position\":3,\"name\":\"Table chevet Lara\"}]},{\"@type\":\"WebSite\",\"@id\":\"https:\/\/lapainteriordesign.com\/#website\",\"url\":\"https:\/\/lapainteriordesign.com\/\",\"name\":\"lapainteriordesign.com\",\"description\":\"Luxury Interior Design\",\"publisher\":{\"@id\":\"https:\/\/lapainteriordesign.com\/#organization\"},\"potentialAction\":[{\"@type\":\"SearchAction\",\"target\":{\"@type\":\"EntryPoint\",\"urlTemplate\":\"https:\/\/lapainteriordesign.com\/?s={search_term_string}\"},\"query-input\":{\"@type\":\"PropertyValueSpecification\",\"valueRequired\":true,\"valueName\":\"search_term_string\"}}],\"inLanguage\":\"fr-FR\"},{\"@type\":\"Organization\",\"@id\":\"https:\/\/lapainteriordesign.com\/#organization\",\"name\":\"Lapa Interior Design\",\"url\":\"https:\/\/lapainteriordesign.com\/\",\"logo\":{\"@type\":\"ImageObject\",\"inLanguage\":\"fr-FR\",\"@id\":\"https:\/\/lapainteriordesign.com\/#\/schema\/logo\/image\/\",\"url\":\"https:\/\/lapainteriordesign.com\/wp-content\/uploads\/2026\/02\/cropped-Design-sem-nome-2026-02-04T094114.020.jpg\",\"contentUrl\":\"https:\/\/lapainteriordesign.com\/wp-content\/uploads\/2026\/02\/cropped-Design-sem-nome-2026-02-04T094114.020.jpg\",\"width\":512,\"height\":512,\"caption\":\"Lapa Interior Design\"},\"image\":{\"@id\":\"https:\/\/lapainteriordesign.com\/#\/schema\/logo\/image\/\"},\"sameAs\":[\"https:\/\/www.facebook.com\/LapaInteriorDesign\",\"https:\/\/x.com\/lapainterior\",\"https:\/\/www.instagram.com\/lapainteriordesign\/\",\"https:\/\/www.linkedin.com\/in\/lapa-interior-design-376823206\/\"]}]}<\/script>\n<!-- \/ Yoast SEO plugin. -->","yoast_head_json":{"title":"Table chevet Lara - lapainteriordesign.com","description":"Table de Chevet Lara au design moderne avec deux tiroirs pratiques. Fabriqu\u00e9e au Portugal, id\u00e9ale pour chambres contemporaines.","robots":{"index":"index","follow":"follow","max-snippet":"max-snippet:-1","max-image-preview":"max-image-preview:large","max-video-preview":"max-video-preview:-1"},"canonical":"https:\/\/lapainteriordesign.com\/fr\/product\/table-de-chevet-lara\/","og_locale":"fr_FR","og_type":"article","og_title":"Lara Bedside Table","og_description":"Lara Bedside Table by Lapa Interior Design \u2013 Contemporary bedside table with two drawers, clean lines, and refined form. Crafted in Portugal with practical elegance","og_url":"https:\/\/lapainteriordesign.com\/fr\/product\/table-de-chevet-lara\/","og_site_name":"lapainteriordesign.com","article_publisher":"https:\/\/www.facebook.com\/LapaInteriorDesign","article_modified_time":"2025-12-28T16:59:02+00:00","og_image":[{"width":1000,"height":1000,"url":"https:\/\/lapainteriordesign.com\/wp-content\/uploads\/2025\/08\/Lapa_Interior_Design_Lara-bedside-table-angle-ALACMI02LE_3.jpg","type":"image\/jpeg"}],"twitter_card":"summary_large_image","twitter_title":"Vintage 1974 Throw","twitter_description":"Experience the ultimate in coziness with Mustard Vintage 1956 Throw. Crafted from 100% wool, it's a perfect blend of style and warmth.","twitter_image":"https:\/\/lapainteriordesign.com\/wp-content\/uploads\/2024\/11\/vintage-mos-23.39.png","twitter_site":"@lapainterior","twitter_misc":{"Dur\u00e9e de lecture estim\u00e9e":"2 minutes"},"schema":{"@context":"https:\/\/schema.org","@graph":[{"@type":"WebPage","@id":"https:\/\/lapainteriordesign.com\/fr\/product\/table-de-chevet-lara\/","url":"https:\/\/lapainteriordesign.com\/fr\/product\/table-de-chevet-lara\/","name":"Table chevet Lara - lapainteriordesign.com","isPartOf":{"@id":"https:\/\/lapainteriordesign.com\/#website"},"primaryImageOfPage":{"@id":"https:\/\/lapainteriordesign.com\/fr\/product\/table-de-chevet-lara\/#primaryimage"},"image":{"@id":"https:\/\/lapainteriordesign.com\/fr\/product\/table-de-chevet-lara\/#primaryimage"},"thumbnailUrl":"https:\/\/lapainteriordesign.com\/wp-content\/uploads\/2025\/08\/Lapa_Interior_Design_Lara-bedside-table-angle-ALACMI02LE_3_1.jpg","datePublished":"2025-08-03T22:07:21+00:00","dateModified":"2025-12-28T16:59:02+00:00","description":"Table de Chevet Lara au design moderne avec deux tiroirs pratiques. Fabriqu\u00e9e au Portugal, id\u00e9ale pour chambres contemporaines.","breadcrumb":{"@id":"https:\/\/lapainteriordesign.com\/fr\/product\/table-de-chevet-lara\/#breadcrumb"},"inLanguage":"fr-FR","potentialAction":[{"@type":"ReadAction","target":["https:\/\/lapainteriordesign.com\/fr\/product\/table-de-chevet-lara\/"]}]},{"@type":"ImageObject","inLanguage":"fr-FR","@id":"https:\/\/lapainteriordesign.com\/fr\/product\/table-de-chevet-lara\/#primaryimage","url":"https:\/\/lapainteriordesign.com\/wp-content\/uploads\/2025\/08\/Lapa_Interior_Design_Lara-bedside-table-angle-ALACMI02LE_3_1.jpg","contentUrl":"https:\/\/lapainteriordesign.com\/wp-content\/uploads\/2025\/08\/Lapa_Interior_Design_Lara-bedside-table-angle-ALACMI02LE_3_1.jpg","width":1000,"height":1000,"caption":"ara Bedside Table by Lapa Interior Design \u2013 modern bedside table with two drawers and curved fronts"},{"@type":"BreadcrumbList","@id":"https:\/\/lapainteriordesign.com\/fr\/product\/table-de-chevet-lara\/#breadcrumb","itemListElement":[{"@type":"ListItem","position":1,"name":"Home","item":"https:\/\/lapainteriordesign.com\/fr\/"},{"@type":"ListItem","position":2,"name":"Products","item":"https:\/\/lapainteriordesign.com\/products\/"},{"@type":"ListItem","position":3,"name":"Table chevet Lara"}]},{"@type":"WebSite","@id":"https:\/\/lapainteriordesign.com\/#website","url":"https:\/\/lapainteriordesign.com\/","name":"lapainteriordesign.com","description":"Luxury Interior Design","publisher":{"@id":"https:\/\/lapainteriordesign.com\/#organization"},"potentialAction":[{"@type":"SearchAction","target":{"@type":"EntryPoint","urlTemplate":"https:\/\/lapainteriordesign.com\/?s={search_term_string}"},"query-input":{"@type":"PropertyValueSpecification","valueRequired":true,"valueName":"search_term_string"}}],"inLanguage":"fr-FR"},{"@type":"Organization","@id":"https:\/\/lapainteriordesign.com\/#organization","name":"Lapa Interior Design","url":"https:\/\/lapainteriordesign.com\/","logo":{"@type":"ImageObject","inLanguage":"fr-FR","@id":"https:\/\/lapainteriordesign.com\/#\/schema\/logo\/image\/","url":"https:\/\/lapainteriordesign.com\/wp-content\/uploads\/2026\/02\/cropped-Design-sem-nome-2026-02-04T094114.020.jpg","contentUrl":"https:\/\/lapainteriordesign.com\/wp-content\/uploads\/2026\/02\/cropped-Design-sem-nome-2026-02-04T094114.020.jpg","width":512,"height":512,"caption":"Lapa Interior Design"},"image":{"@id":"https:\/\/lapainteriordesign.com\/#\/schema\/logo\/image\/"},"sameAs":["https:\/\/www.facebook.com\/LapaInteriorDesign","https:\/\/x.com\/lapainterior","https:\/\/www.instagram.com\/lapainteriordesign\/","https:\/\/www.linkedin.com\/in\/lapa-interior-design-376823206\/"]}]}},"_links":{"self":[{"href":"https:\/\/lapainteriordesign.com\/fr\/wp-json\/wp\/v2\/product\/20311","targetHints":{"allow":["GET"]}}],"collection":[{"href":"https:\/\/lapainteriordesign.com\/fr\/wp-json\/wp\/v2\/product"}],"about":[{"href":"https:\/\/lapainteriordesign.com\/fr\/wp-json\/wp\/v2\/types\/product"}],"version-history":[{"count":0,"href":"https:\/\/lapainteriordesign.com\/fr\/wp-json\/wp\/v2\/product\/20311\/revisions"}],"wp:featuredmedia":[{"embeddable":true,"href":"https:\/\/lapainteriordesign.com\/fr\/wp-json\/wp\/v2\/media\/20306"}],"wp:attachment":[{"href":"https:\/\/lapainteriordesign.com\/fr\/wp-json\/wp\/v2\/media?parent=20311"}],"wp:term":[{"taxonomy":"product_brand","embeddable":true,"href":"https:\/\/lapainteriordesign.com\/fr\/wp-json\/wp\/v2\/product_brand?post=20311"},{"taxonomy":"product_cat","embeddable":true,"href":"https:\/\/lapainteriordesign.com\/fr\/wp-json\/wp\/v2\/product_cat?post=20311"},{"taxonomy":"product_tag","embeddable":true,"href":"https:\/\/lapainteriordesign.com\/fr\/wp-json\/wp\/v2\/product_tag?post=20311"}],"curies":[{"name":"wp","href":"https:\/\/api.w.org\/{rel}","templated":true}]}}