{"id":19967,"date":"2025-08-04T22:45:55","date_gmt":"2025-08-04T22:45:55","guid":{"rendered":"https:\/\/lapainteriordesign.com\/product\/matisse-bed-ii\/"},"modified":"2025-12-28T11:45:46","modified_gmt":"2025-12-28T11:45:46","slug":"lit-matisse-ii","status":"publish","type":"product","link":"https:\/\/lapainteriordesign.com\/fr\/product\/lit-matisse-ii\/","title":{"rendered":"Lit Matisse II"},"content":{"rendered":"<h5 data-start=\"2823\" data-end=\"2888\"><strong data-start=\"2829\" data-end=\"2888\">Lit Matisse II \u2013 Design Sculptural et Confort Sup\u00e9rieur<\/strong><\/h5>\n<h5 data-start=\"2890\" data-end=\"2949\"><strong data-start=\"2896\" data-end=\"2947\">Dimensions Raffin\u00e9es et Proportions \u00c9quilibr\u00e9es<\/strong><\/h5>\n<p data-start=\"2950\" data-end=\"3158\">Le <strong data-start=\"2953\" data-end=\"2971\">Lit Matisse II<\/strong> mesure 212\u202fcm de longueur \u00d7 188\u202fcm de largeur \u00d7 135\u202fcm de hauteur, offrant pr\u00e9sence et \u00e9l\u00e9gance. Son design assure un espace de couchage g\u00e9n\u00e9reux et s\u2019adapte \u00e0 divers styles d\u2019int\u00e9rieur.<\/p>\n<h5 data-start=\"3160\" data-end=\"3202\"><strong data-start=\"3166\" data-end=\"3200\">Artisanat et Mat\u00e9riaux Premium<\/strong><\/h5>\n<p data-start=\"3203\" data-end=\"3437\">Fabriqu\u00e9 au Portugal, ce lit associe tapisserie de haute qualit\u00e9, disponible en tissu ou cuir, et base solide. La t\u00eate de lit aux courbes douces contraste avec la base aux lignes \u00e9pur\u00e9es, signe du savoir-faire de Lapa Interior Design.<\/p>\n<h5 data-start=\"3439\" data-end=\"3488\"><strong data-start=\"3445\" data-end=\"3486\">Polyvalence et Association de Meubles<\/strong><\/h5>\n<p data-start=\"3489\" data-end=\"3684\">Le <strong data-start=\"3492\" data-end=\"3510\">Lit <\/strong>se marie parfaitement avec les tables de chevet <a class=\"decorated-link\" href=\"#\" rel=\"noopener\" data-start=\"3559\" data-end=\"3570\">Mareau<\/a> ou <a class=\"decorated-link\" href=\"#\" rel=\"noopener\" data-start=\"3574\" data-end=\"3587\">Majestic<\/a>. Pour plus d\u2019id\u00e9es d\u00e9co, consultez <a class=\"decorated-link\" href=\"https:\/\/www.architecturaldigest.com\/\" target=\"_new\" rel=\"noopener\" data-start=\"3623\" data-end=\"3683\">Architectural Digest<\/a>.<\/p>\n<h5 data-start=\"3686\" data-end=\"3732\"><strong data-start=\"3692\" data-end=\"3730\">Pourquoi Choisir le Lit Matisse II<\/strong><\/h5>\n<ul data-start=\"3733\" data-end=\"3964\">\n<li data-start=\"3733\" data-end=\"3787\">\n<p data-start=\"3735\" data-end=\"3787\">T\u00eate de lit sculpturale avec dimensions g\u00e9n\u00e9reuses<\/p>\n<\/li>\n<li data-start=\"3788\" data-end=\"3833\">\n<p data-start=\"3790\" data-end=\"3833\">Tapisserie \u00e9l\u00e9gante pour confort et style<\/p>\n<\/li>\n<li data-start=\"3834\" data-end=\"3868\">\n<p data-start=\"3836\" data-end=\"3868\">Fabriqu\u00e9 \u00e0 la main au Portugal<\/p>\n<\/li>\n<li data-start=\"3869\" data-end=\"3919\">\n<p data-start=\"3871\" data-end=\"3919\">Convient aux int\u00e9rieurs classiques et modernes<\/p>\n<\/li>\n<li data-start=\"3920\" data-end=\"3964\">\n<p data-start=\"3922\" data-end=\"3964\">Pi\u00e8ce ma\u00eetresse de la Classic Collection<\/p>\n<\/li>\n<\/ul>\n<p data-start=\"3966\" data-end=\"4200\"><strong data-start=\"3966\" data-end=\"3994\">Dimensions disponibles :<\/strong><br data-start=\"3994\" data-end=\"3997\" \/>1,70\u202fm (1,50 \u00d7 2,00) | 1,80\u202fm (1,60 \u00d7 2,00) | 2,00\u202fm (1,80 \u00d7 2,00) | 2,20\u202fm (2,00 \u00d7 2,00)<br data-start=\"4086\" data-end=\"4089\" \/>Largeur: 1,97\u202fm | Hauteur: 1,40\u202fm<br data-start=\"4122\" data-end=\"4125\" \/>Finitions: Amareto Antique | Navy Antique<br data-start=\"4166\" data-end=\"4169\" \/>Tissu: 4,7\u20135,2\u202fm selon taille<\/p>\n<p>&nbsp;<\/p>\n","protected":false},"excerpt":{"rendered":"<p>Le <strong data-start=\"2676\" data-end=\"2694\">Lit Matisse II<\/strong> allie design sculptural et confort sup\u00e9rieur. Tapiss\u00e9 et fabriqu\u00e9 au Portugal, il s\u2019int\u00e8gre \u00e0 tous les styles de chambre.<\/p>\n","protected":false},"featured_media":19959,"template":"","meta":{"_joinchat":{"telephone":"+351910131778","message_text":"Hello! Need any info or help with this item?"}},"product_brand":[],"product_cat":[4443,2393],"product_tag":[1414,816,4453,4451,4452,4381],"class_list":{"0":"post-19967","1":"product","2":"type-product","3":"status-publish","4":"has-post-thumbnail","6":"product_cat-beds","7":"product_cat-furniture","8":"product_tag-classic-collection","9":"product_tag-lapa-interior-design","10":"product_tag-lit-design","11":"product_tag-lit-matisse-ii","12":"product_tag-lit-tapisse","13":"product_tag-mobilier-portugais","15":"first","16":"onbackorder","17":"taxable","18":"shipping-taxable","19":"purchasable","20":"product-type-variable"},"yoast_head":"<!-- This site is optimized with the Yoast SEO plugin v26.7 - https:\/\/yoast.com\/wordpress\/plugins\/seo\/ -->\n<title>Lit Matisse II - lapainteriordesign.com<\/title>\n<meta name=\"description\" content=\"Lit Matisse II de Lapa Interior Design. Design sculptural et confort sup\u00e9rieur. Fabrication artisanale portugaise avec options de tissu ou cuir.\" \/>\n<meta name=\"robots\" content=\"index, follow, max-snippet:-1, max-image-preview:large, max-video-preview:-1\" \/>\n<link rel=\"canonical\" href=\"https:\/\/lapainteriordesign.com\/fr\/product\/lit-matisse-ii\/\" \/>\n<meta property=\"og:locale\" content=\"fr_FR\" \/>\n<meta property=\"og:type\" content=\"article\" \/>\n<meta property=\"og:title\" content=\"Matisse Bed II\" \/>\n<meta property=\"og:description\" content=\"Matisse Bed II handcrafted in Portugal with sculptural curved headboard and elegant upholstery. Designed for comfort and style.\" \/>\n<meta property=\"og:url\" content=\"https:\/\/lapainteriordesign.com\/fr\/product\/lit-matisse-ii\/\" \/>\n<meta property=\"og:site_name\" content=\"lapainteriordesign.com\" \/>\n<meta property=\"article:publisher\" content=\"https:\/\/www.facebook.com\/LapaInteriorDesign\" \/>\n<meta property=\"article:modified_time\" content=\"2025-12-28T11:45:46+00:00\" \/>\n<meta property=\"og:image\" content=\"https:\/\/lapainteriordesign.com\/wp-content\/uploads\/2025\/08\/Lapa_Interior_Design-Matisse-bed-angle-AMACAM02LE.TC_3.jpg\" \/>\n\t<meta property=\"og:image:width\" content=\"1000\" \/>\n\t<meta property=\"og:image:height\" content=\"1000\" \/>\n\t<meta property=\"og:image:type\" content=\"image\/jpeg\" \/>\n<meta name=\"twitter:card\" content=\"summary_large_image\" \/>\n<meta name=\"twitter:title\" content=\"Vintage 1974 Throw\" \/>\n<meta name=\"twitter:description\" content=\"Experience the ultimate in coziness with Mustard Vintage 1956 Throw. Crafted from 100% wool, it&#039;s a perfect blend of style and warmth.\" \/>\n<meta name=\"twitter:image\" content=\"https:\/\/lapainteriordesign.com\/wp-content\/uploads\/2024\/11\/vintage-mos-23.39.png\" \/>\n<meta name=\"twitter:site\" content=\"@lapainterior\" \/>\n<meta name=\"twitter:label1\" content=\"Dur\u00e9e de lecture estim\u00e9e\" \/>\n\t<meta name=\"twitter:data1\" content=\"2 minutes\" \/>\n<script type=\"application\/ld+json\" class=\"yoast-schema-graph\">{\"@context\":\"https:\/\/schema.org\",\"@graph\":[{\"@type\":\"WebPage\",\"@id\":\"https:\/\/lapainteriordesign.com\/fr\/product\/lit-matisse-ii\/\",\"url\":\"https:\/\/lapainteriordesign.com\/fr\/product\/lit-matisse-ii\/\",\"name\":\"Lit Matisse II - lapainteriordesign.com\",\"isPartOf\":{\"@id\":\"https:\/\/lapainteriordesign.com\/#website\"},\"primaryImageOfPage\":{\"@id\":\"https:\/\/lapainteriordesign.com\/fr\/product\/lit-matisse-ii\/#primaryimage\"},\"image\":{\"@id\":\"https:\/\/lapainteriordesign.com\/fr\/product\/lit-matisse-ii\/#primaryimage\"},\"thumbnailUrl\":\"https:\/\/lapainteriordesign.com\/wp-content\/uploads\/2025\/08\/Lapa_Interior_Design-Matisse-bed-angle-AMACAM02LE.TC_3_2.jpg\",\"datePublished\":\"2025-08-04T22:45:55+00:00\",\"dateModified\":\"2025-12-28T11:45:46+00:00\",\"description\":\"Lit Matisse II de Lapa Interior Design. Design sculptural et confort sup\u00e9rieur. Fabrication artisanale portugaise avec options de tissu ou cuir.\",\"breadcrumb\":{\"@id\":\"https:\/\/lapainteriordesign.com\/fr\/product\/lit-matisse-ii\/#breadcrumb\"},\"inLanguage\":\"fr-FR\",\"potentialAction\":[{\"@type\":\"ReadAction\",\"target\":[\"https:\/\/lapainteriordesign.com\/fr\/product\/lit-matisse-ii\/\"]}]},{\"@type\":\"ImageObject\",\"inLanguage\":\"fr-FR\",\"@id\":\"https:\/\/lapainteriordesign.com\/fr\/product\/lit-matisse-ii\/#primaryimage\",\"url\":\"https:\/\/lapainteriordesign.com\/wp-content\/uploads\/2025\/08\/Lapa_Interior_Design-Matisse-bed-angle-AMACAM02LE.TC_3_2.jpg\",\"contentUrl\":\"https:\/\/lapainteriordesign.com\/wp-content\/uploads\/2025\/08\/Lapa_Interior_Design-Matisse-bed-angle-AMACAM02LE.TC_3_2.jpg\",\"width\":1000,\"height\":1000,\"caption\":\"Matisse Bed II by Lapa Interior Design \u2013 sculpted upholstered bed with curved headboard and clean-lined base\"},{\"@type\":\"BreadcrumbList\",\"@id\":\"https:\/\/lapainteriordesign.com\/fr\/product\/lit-matisse-ii\/#breadcrumb\",\"itemListElement\":[{\"@type\":\"ListItem\",\"position\":1,\"name\":\"Home\",\"item\":\"https:\/\/lapainteriordesign.com\/fr\/\"},{\"@type\":\"ListItem\",\"position\":2,\"name\":\"Products\",\"item\":\"https:\/\/lapainteriordesign.com\/products\/\"},{\"@type\":\"ListItem\",\"position\":3,\"name\":\"Lit Matisse II\"}]},{\"@type\":\"WebSite\",\"@id\":\"https:\/\/lapainteriordesign.com\/#website\",\"url\":\"https:\/\/lapainteriordesign.com\/\",\"name\":\"lapainteriordesign.com\",\"description\":\"Luxury Interior Design\",\"publisher\":{\"@id\":\"https:\/\/lapainteriordesign.com\/#organization\"},\"potentialAction\":[{\"@type\":\"SearchAction\",\"target\":{\"@type\":\"EntryPoint\",\"urlTemplate\":\"https:\/\/lapainteriordesign.com\/?s={search_term_string}\"},\"query-input\":{\"@type\":\"PropertyValueSpecification\",\"valueRequired\":true,\"valueName\":\"search_term_string\"}}],\"inLanguage\":\"fr-FR\"},{\"@type\":\"Organization\",\"@id\":\"https:\/\/lapainteriordesign.com\/#organization\",\"name\":\"Lapa Interior Design\",\"url\":\"https:\/\/lapainteriordesign.com\/\",\"logo\":{\"@type\":\"ImageObject\",\"inLanguage\":\"fr-FR\",\"@id\":\"https:\/\/lapainteriordesign.com\/#\/schema\/logo\/image\/\",\"url\":\"https:\/\/lapainteriordesign.com\/wp-content\/uploads\/2026\/02\/cropped-Design-sem-nome-2026-02-04T094114.020.jpg\",\"contentUrl\":\"https:\/\/lapainteriordesign.com\/wp-content\/uploads\/2026\/02\/cropped-Design-sem-nome-2026-02-04T094114.020.jpg\",\"width\":512,\"height\":512,\"caption\":\"Lapa Interior Design\"},\"image\":{\"@id\":\"https:\/\/lapainteriordesign.com\/#\/schema\/logo\/image\/\"},\"sameAs\":[\"https:\/\/www.facebook.com\/LapaInteriorDesign\",\"https:\/\/x.com\/lapainterior\",\"https:\/\/www.instagram.com\/lapainteriordesign\/\",\"https:\/\/www.linkedin.com\/in\/lapa-interior-design-376823206\/\"]}]}<\/script>\n<!-- \/ Yoast SEO plugin. -->","yoast_head_json":{"title":"Lit Matisse II - lapainteriordesign.com","description":"Lit Matisse II de Lapa Interior Design. Design sculptural et confort sup\u00e9rieur. Fabrication artisanale portugaise avec options de tissu ou cuir.","robots":{"index":"index","follow":"follow","max-snippet":"max-snippet:-1","max-image-preview":"max-image-preview:large","max-video-preview":"max-video-preview:-1"},"canonical":"https:\/\/lapainteriordesign.com\/fr\/product\/lit-matisse-ii\/","og_locale":"fr_FR","og_type":"article","og_title":"Matisse Bed II","og_description":"Matisse Bed II handcrafted in Portugal with sculptural curved headboard and elegant upholstery. Designed for comfort and style.","og_url":"https:\/\/lapainteriordesign.com\/fr\/product\/lit-matisse-ii\/","og_site_name":"lapainteriordesign.com","article_publisher":"https:\/\/www.facebook.com\/LapaInteriorDesign","article_modified_time":"2025-12-28T11:45:46+00:00","og_image":[{"width":1000,"height":1000,"url":"https:\/\/lapainteriordesign.com\/wp-content\/uploads\/2025\/08\/Lapa_Interior_Design-Matisse-bed-angle-AMACAM02LE.TC_3.jpg","type":"image\/jpeg"}],"twitter_card":"summary_large_image","twitter_title":"Vintage 1974 Throw","twitter_description":"Experience the ultimate in coziness with Mustard Vintage 1956 Throw. Crafted from 100% wool, it's a perfect blend of style and warmth.","twitter_image":"https:\/\/lapainteriordesign.com\/wp-content\/uploads\/2024\/11\/vintage-mos-23.39.png","twitter_site":"@lapainterior","twitter_misc":{"Dur\u00e9e de lecture estim\u00e9e":"2 minutes"},"schema":{"@context":"https:\/\/schema.org","@graph":[{"@type":"WebPage","@id":"https:\/\/lapainteriordesign.com\/fr\/product\/lit-matisse-ii\/","url":"https:\/\/lapainteriordesign.com\/fr\/product\/lit-matisse-ii\/","name":"Lit Matisse II - lapainteriordesign.com","isPartOf":{"@id":"https:\/\/lapainteriordesign.com\/#website"},"primaryImageOfPage":{"@id":"https:\/\/lapainteriordesign.com\/fr\/product\/lit-matisse-ii\/#primaryimage"},"image":{"@id":"https:\/\/lapainteriordesign.com\/fr\/product\/lit-matisse-ii\/#primaryimage"},"thumbnailUrl":"https:\/\/lapainteriordesign.com\/wp-content\/uploads\/2025\/08\/Lapa_Interior_Design-Matisse-bed-angle-AMACAM02LE.TC_3_2.jpg","datePublished":"2025-08-04T22:45:55+00:00","dateModified":"2025-12-28T11:45:46+00:00","description":"Lit Matisse II de Lapa Interior Design. Design sculptural et confort sup\u00e9rieur. Fabrication artisanale portugaise avec options de tissu ou cuir.","breadcrumb":{"@id":"https:\/\/lapainteriordesign.com\/fr\/product\/lit-matisse-ii\/#breadcrumb"},"inLanguage":"fr-FR","potentialAction":[{"@type":"ReadAction","target":["https:\/\/lapainteriordesign.com\/fr\/product\/lit-matisse-ii\/"]}]},{"@type":"ImageObject","inLanguage":"fr-FR","@id":"https:\/\/lapainteriordesign.com\/fr\/product\/lit-matisse-ii\/#primaryimage","url":"https:\/\/lapainteriordesign.com\/wp-content\/uploads\/2025\/08\/Lapa_Interior_Design-Matisse-bed-angle-AMACAM02LE.TC_3_2.jpg","contentUrl":"https:\/\/lapainteriordesign.com\/wp-content\/uploads\/2025\/08\/Lapa_Interior_Design-Matisse-bed-angle-AMACAM02LE.TC_3_2.jpg","width":1000,"height":1000,"caption":"Matisse Bed II by Lapa Interior Design \u2013 sculpted upholstered bed with curved headboard and clean-lined base"},{"@type":"BreadcrumbList","@id":"https:\/\/lapainteriordesign.com\/fr\/product\/lit-matisse-ii\/#breadcrumb","itemListElement":[{"@type":"ListItem","position":1,"name":"Home","item":"https:\/\/lapainteriordesign.com\/fr\/"},{"@type":"ListItem","position":2,"name":"Products","item":"https:\/\/lapainteriordesign.com\/products\/"},{"@type":"ListItem","position":3,"name":"Lit Matisse II"}]},{"@type":"WebSite","@id":"https:\/\/lapainteriordesign.com\/#website","url":"https:\/\/lapainteriordesign.com\/","name":"lapainteriordesign.com","description":"Luxury Interior Design","publisher":{"@id":"https:\/\/lapainteriordesign.com\/#organization"},"potentialAction":[{"@type":"SearchAction","target":{"@type":"EntryPoint","urlTemplate":"https:\/\/lapainteriordesign.com\/?s={search_term_string}"},"query-input":{"@type":"PropertyValueSpecification","valueRequired":true,"valueName":"search_term_string"}}],"inLanguage":"fr-FR"},{"@type":"Organization","@id":"https:\/\/lapainteriordesign.com\/#organization","name":"Lapa Interior Design","url":"https:\/\/lapainteriordesign.com\/","logo":{"@type":"ImageObject","inLanguage":"fr-FR","@id":"https:\/\/lapainteriordesign.com\/#\/schema\/logo\/image\/","url":"https:\/\/lapainteriordesign.com\/wp-content\/uploads\/2026\/02\/cropped-Design-sem-nome-2026-02-04T094114.020.jpg","contentUrl":"https:\/\/lapainteriordesign.com\/wp-content\/uploads\/2026\/02\/cropped-Design-sem-nome-2026-02-04T094114.020.jpg","width":512,"height":512,"caption":"Lapa Interior Design"},"image":{"@id":"https:\/\/lapainteriordesign.com\/#\/schema\/logo\/image\/"},"sameAs":["https:\/\/www.facebook.com\/LapaInteriorDesign","https:\/\/x.com\/lapainterior","https:\/\/www.instagram.com\/lapainteriordesign\/","https:\/\/www.linkedin.com\/in\/lapa-interior-design-376823206\/"]}]}},"_links":{"self":[{"href":"https:\/\/lapainteriordesign.com\/fr\/wp-json\/wp\/v2\/product\/19967","targetHints":{"allow":["GET"]}}],"collection":[{"href":"https:\/\/lapainteriordesign.com\/fr\/wp-json\/wp\/v2\/product"}],"about":[{"href":"https:\/\/lapainteriordesign.com\/fr\/wp-json\/wp\/v2\/types\/product"}],"version-history":[{"count":0,"href":"https:\/\/lapainteriordesign.com\/fr\/wp-json\/wp\/v2\/product\/19967\/revisions"}],"wp:featuredmedia":[{"embeddable":true,"href":"https:\/\/lapainteriordesign.com\/fr\/wp-json\/wp\/v2\/media\/19959"}],"wp:attachment":[{"href":"https:\/\/lapainteriordesign.com\/fr\/wp-json\/wp\/v2\/media?parent=19967"}],"wp:term":[{"taxonomy":"product_brand","embeddable":true,"href":"https:\/\/lapainteriordesign.com\/fr\/wp-json\/wp\/v2\/product_brand?post=19967"},{"taxonomy":"product_cat","embeddable":true,"href":"https:\/\/lapainteriordesign.com\/fr\/wp-json\/wp\/v2\/product_cat?post=19967"},{"taxonomy":"product_tag","embeddable":true,"href":"https:\/\/lapainteriordesign.com\/fr\/wp-json\/wp\/v2\/product_tag?post=19967"}],"curies":[{"name":"wp","href":"https:\/\/api.w.org\/{rel}","templated":true}]}}