{"id":19910,"date":"2025-08-05T19:27:07","date_gmt":"2025-08-05T19:27:07","guid":{"rendered":"https:\/\/lapainteriordesign.com\/product\/pompadour-desk\/"},"modified":"2025-12-28T10:35:44","modified_gmt":"2025-12-28T10:35:44","slug":"bureau-pompadour","status":"publish","type":"product","link":"https:\/\/lapainteriordesign.com\/fr\/product\/bureau-pompadour\/","title":{"rendered":"Bureau Pompadour"},"content":{"rendered":"<h5 data-start=\"3167\" data-end=\"3238\"><strong data-start=\"3173\" data-end=\"3238\">Bureau Pompadour \u2013 Esth\u00e9tique Intemporelle et Usage Quotidien<\/strong><\/h5>\n<h5 data-start=\"3240\" data-end=\"3296\"><strong data-start=\"3246\" data-end=\"3294\">Un Design Inspir\u00e9 des Secr\u00e9taires Classiques<\/strong><\/h5>\n<p data-start=\"3297\" data-end=\"3429\">Le <strong data-start=\"3300\" data-end=\"3320\">Bureau Pompadour<\/strong> s\u2019inspire des meubles d\u2019\u00e9criture traditionnels. Ainsi, il apporte charme et sophistication \u00e0 tout int\u00e9rieur.<\/p>\n<h5 data-start=\"3431\" data-end=\"3481\"><strong data-start=\"3437\" data-end=\"3479\">Dimensions Compactes et Fonctionnelles<\/strong><\/h5>\n<p data-start=\"3482\" data-end=\"3639\">Avec une largeur de 0,75 m et une hauteur de 1,34 m, ce bureau optimise l\u2019espace vertical. De ce fait, il convient aux pi\u00e8ces \u00e9troites ou aux coins \u00e9l\u00e9gants.<\/p>\n<h5 data-start=\"3641\" data-end=\"3703\"><strong data-start=\"3647\" data-end=\"3701\">Organisation Intelligente et Confort d\u2019Utilisation<\/strong><\/h5>\n<p data-start=\"3704\" data-end=\"3848\">Gr\u00e2ce \u00e0 son abattant, le <strong data-start=\"3729\" data-end=\"3749\">Bureau<\/strong>\u00a0offre un plan de travail pratique. De plus, ses sept tiroirs facilitent le rangement au quotidien.<\/p>\n<h5 data-start=\"3850\" data-end=\"3905\"><strong data-start=\"3856\" data-end=\"3903\">Finitions Laqu\u00e9es et Savoir-Faire Portugais<\/strong><\/h5>\n<p data-start=\"3906\" data-end=\"4066\">R\u00e9alis\u00e9 au Portugal, ce bureau est propos\u00e9 en finitions Chinoise Antique et Rose Antique. Par ailleurs, chaque d\u00e9tail t\u00e9moigne d\u2019un artisanat soign\u00e9 et durable.<\/p>\n<h5 data-start=\"4068\" data-end=\"4118\"><strong data-start=\"4074\" data-end=\"4116\">Conseils d\u2019Association et Inspirations<\/strong><\/h5>\n<p data-start=\"4119\" data-end=\"4319\">Associez ce bureau \u00e0 la <a class=\"decorated-link\" href=\"#\" rel=\"noopener\" data-start=\"4143\" data-end=\"4163\">Pompadour Chair<\/a> ou \u00e0 la <a class=\"decorated-link\" href=\"#\" rel=\"noopener\" data-start=\"4172\" data-end=\"4191\">Haruki Console<\/a> pour une d\u00e9coration coh\u00e9rente. Pour plus d\u2019inspiration, consultez <a class=\"decorated-link\" href=\"https:\/\/www.architecturaldigest.com\/\" target=\"_new\" rel=\"noopener\" data-start=\"4258\" data-end=\"4318\">Architectural Digest<\/a>.<\/p>\n<p data-start=\"4321\" data-end=\"4477\">En conclusion, le <strong data-start=\"4339\" data-end=\"4359\">Bureau Pompadour<\/strong> \u00e9quilibre esth\u00e9tique classique et fonctionnalit\u00e9 moderne. Il devient ainsi un choix s\u00fbr pour des int\u00e9rieurs \u00e9l\u00e9gants.<\/p>\n<p data-start=\"4479\" data-end=\"4628\"><strong data-start=\"4479\" data-end=\"4495\">Dimensions :<\/strong><br data-start=\"4495\" data-end=\"4498\" \/>Largeur 0,75 m | Profondeur 0,41 m | Hauteur 1,34 m<br data-start=\"4549\" data-end=\"4552\" \/><strong data-start=\"4552\" data-end=\"4567\">Finitions :<\/strong> Chinoise Antique | Rose Antique<br data-start=\"4599\" data-end=\"4602\" \/><strong data-start=\"4602\" data-end=\"4628\">Fabrication : Portugal<\/strong><\/p>\n<p>&nbsp;<\/p>\n","protected":false},"excerpt":{"rendered":"<p>Le <strong data-start=\"3009\" data-end=\"3029\">Bureau Pompadour<\/strong> associe \u00e9l\u00e9gance classique et fonctionnalit\u00e9. Fabriqu\u00e9 au Portugal, il s\u2019int\u00e8gre parfaitement dans un bureau ou un espace raffin\u00e9.<\/p>\n","protected":false},"featured_media":19898,"template":"","meta":{"_joinchat":{"telephone":"+351910131778","message_text":"Questions about this piece?"}},"product_brand":[],"product_cat":[4415,4414,2393,4383,4397],"product_tag":[4424,4425,4423,1414,816,4381],"class_list":{"0":"post-19910","1":"product","2":"type-product","3":"status-publish","4":"has-post-thumbnail","6":"product_cat-bookcase","7":"product_cat-desks","8":"product_cat-furniture","9":"product_cat-storage","10":"product_cat-tables","11":"product_tag-bureau-classique","12":"product_tag-bureau-laque","13":"product_tag-bureau-pompadour","14":"product_tag-classic-collection","15":"product_tag-lapa-interior-design","16":"product_tag-mobilier-portugais","18":"first","19":"onbackorder","20":"taxable","21":"shipping-taxable","22":"purchasable","23":"product-type-simple"},"yoast_head":"<!-- This site is optimized with the Yoast SEO plugin v26.7 - https:\/\/yoast.com\/wordpress\/plugins\/seo\/ -->\n<title>Bureau Pompadour - lapainteriordesign.com<\/title>\n<meta name=\"description\" content=\"Bureau Pompadour de Lapa Interior Design. Bureau classique laqu\u00e9, fabriqu\u00e9 au Portugal, avec rangements \u00e9l\u00e9gants et design intemporel.\" \/>\n<meta name=\"robots\" content=\"index, follow, max-snippet:-1, max-image-preview:large, max-video-preview:-1\" \/>\n<link rel=\"canonical\" href=\"https:\/\/lapainteriordesign.com\/fr\/product\/bureau-pompadour\/\" \/>\n<meta property=\"og:locale\" content=\"fr_FR\" \/>\n<meta property=\"og:type\" content=\"article\" \/>\n<meta property=\"og:title\" content=\"Pompadour Desk\" \/>\n<meta property=\"og:description\" content=\"Pompadour Desk handcrafted lacquered secretary desk with pull\u2011down writing surface and seven drawers. Ideal for stylish, compact offices.\" \/>\n<meta property=\"og:url\" content=\"https:\/\/lapainteriordesign.com\/fr\/product\/bureau-pompadour\/\" \/>\n<meta property=\"og:site_name\" content=\"lapainteriordesign.com\" \/>\n<meta property=\"article:publisher\" content=\"https:\/\/www.facebook.com\/LapaInteriorDesign\" \/>\n<meta property=\"article:modified_time\" content=\"2025-12-28T10:35:44+00:00\" \/>\n<meta property=\"og:image\" content=\"https:\/\/lapainteriordesign.com\/wp-content\/uploads\/2025\/08\/Lapa_Interior_Design-Pompadour-desk-angle_11.jpg\" \/>\n\t<meta property=\"og:image:width\" content=\"1000\" \/>\n\t<meta property=\"og:image:height\" content=\"1000\" \/>\n\t<meta property=\"og:image:type\" content=\"image\/jpeg\" \/>\n<meta name=\"twitter:card\" content=\"summary_large_image\" \/>\n<meta name=\"twitter:title\" content=\"Vintage 1974 Throw\" \/>\n<meta name=\"twitter:description\" content=\"Experience the ultimate in coziness with Mustard Vintage 1956 Throw. Crafted from 100% wool, it&#039;s a perfect blend of style and warmth.\" \/>\n<meta name=\"twitter:image\" content=\"https:\/\/lapainteriordesign.com\/wp-content\/uploads\/2024\/11\/vintage-mos-23.39.png\" \/>\n<meta name=\"twitter:site\" content=\"@lapainterior\" \/>\n<meta name=\"twitter:label1\" content=\"Dur\u00e9e de lecture estim\u00e9e\" \/>\n\t<meta name=\"twitter:data1\" content=\"2 minutes\" \/>\n<script type=\"application\/ld+json\" class=\"yoast-schema-graph\">{\"@context\":\"https:\/\/schema.org\",\"@graph\":[{\"@type\":\"WebPage\",\"@id\":\"https:\/\/lapainteriordesign.com\/fr\/product\/bureau-pompadour\/\",\"url\":\"https:\/\/lapainteriordesign.com\/fr\/product\/bureau-pompadour\/\",\"name\":\"Bureau Pompadour - lapainteriordesign.com\",\"isPartOf\":{\"@id\":\"https:\/\/lapainteriordesign.com\/#website\"},\"primaryImageOfPage\":{\"@id\":\"https:\/\/lapainteriordesign.com\/fr\/product\/bureau-pompadour\/#primaryimage\"},\"image\":{\"@id\":\"https:\/\/lapainteriordesign.com\/fr\/product\/bureau-pompadour\/#primaryimage\"},\"thumbnailUrl\":\"https:\/\/lapainteriordesign.com\/wp-content\/uploads\/2025\/08\/Lapa_Interior_Design-Pompadour-desk-angle_2.jpg\",\"datePublished\":\"2025-08-05T19:27:07+00:00\",\"dateModified\":\"2025-12-28T10:35:44+00:00\",\"description\":\"Bureau Pompadour de Lapa Interior Design. Bureau classique laqu\u00e9, fabriqu\u00e9 au Portugal, avec rangements \u00e9l\u00e9gants et design intemporel.\",\"breadcrumb\":{\"@id\":\"https:\/\/lapainteriordesign.com\/fr\/product\/bureau-pompadour\/#breadcrumb\"},\"inLanguage\":\"fr-FR\",\"potentialAction\":[{\"@type\":\"ReadAction\",\"target\":[\"https:\/\/lapainteriordesign.com\/fr\/product\/bureau-pompadour\/\"]}]},{\"@type\":\"ImageObject\",\"inLanguage\":\"fr-FR\",\"@id\":\"https:\/\/lapainteriordesign.com\/fr\/product\/bureau-pompadour\/#primaryimage\",\"url\":\"https:\/\/lapainteriordesign.com\/wp-content\/uploads\/2025\/08\/Lapa_Interior_Design-Pompadour-desk-angle_2.jpg\",\"contentUrl\":\"https:\/\/lapainteriordesign.com\/wp-content\/uploads\/2025\/08\/Lapa_Interior_Design-Pompadour-desk-angle_2.jpg\",\"width\":1000,\"height\":1000,\"caption\":\"Pompadour Desk by Lapa Interior Design \u2013 lacquered secretary desk with seven drawers and fold\u2011down writing surface\"},{\"@type\":\"BreadcrumbList\",\"@id\":\"https:\/\/lapainteriordesign.com\/fr\/product\/bureau-pompadour\/#breadcrumb\",\"itemListElement\":[{\"@type\":\"ListItem\",\"position\":1,\"name\":\"Home\",\"item\":\"https:\/\/lapainteriordesign.com\/fr\/\"},{\"@type\":\"ListItem\",\"position\":2,\"name\":\"Products\",\"item\":\"https:\/\/lapainteriordesign.com\/products\/\"},{\"@type\":\"ListItem\",\"position\":3,\"name\":\"Bureau Pompadour\"}]},{\"@type\":\"WebSite\",\"@id\":\"https:\/\/lapainteriordesign.com\/#website\",\"url\":\"https:\/\/lapainteriordesign.com\/\",\"name\":\"lapainteriordesign.com\",\"description\":\"Luxury Interior Design\",\"publisher\":{\"@id\":\"https:\/\/lapainteriordesign.com\/#organization\"},\"potentialAction\":[{\"@type\":\"SearchAction\",\"target\":{\"@type\":\"EntryPoint\",\"urlTemplate\":\"https:\/\/lapainteriordesign.com\/?s={search_term_string}\"},\"query-input\":{\"@type\":\"PropertyValueSpecification\",\"valueRequired\":true,\"valueName\":\"search_term_string\"}}],\"inLanguage\":\"fr-FR\"},{\"@type\":\"Organization\",\"@id\":\"https:\/\/lapainteriordesign.com\/#organization\",\"name\":\"Lapa Interior Design\",\"url\":\"https:\/\/lapainteriordesign.com\/\",\"logo\":{\"@type\":\"ImageObject\",\"inLanguage\":\"fr-FR\",\"@id\":\"https:\/\/lapainteriordesign.com\/#\/schema\/logo\/image\/\",\"url\":\"https:\/\/lapainteriordesign.com\/wp-content\/uploads\/2026\/02\/cropped-Design-sem-nome-2026-02-04T094114.020.jpg\",\"contentUrl\":\"https:\/\/lapainteriordesign.com\/wp-content\/uploads\/2026\/02\/cropped-Design-sem-nome-2026-02-04T094114.020.jpg\",\"width\":512,\"height\":512,\"caption\":\"Lapa Interior Design\"},\"image\":{\"@id\":\"https:\/\/lapainteriordesign.com\/#\/schema\/logo\/image\/\"},\"sameAs\":[\"https:\/\/www.facebook.com\/LapaInteriorDesign\",\"https:\/\/x.com\/lapainterior\",\"https:\/\/www.instagram.com\/lapainteriordesign\/\",\"https:\/\/www.linkedin.com\/in\/lapa-interior-design-376823206\/\"]}]}<\/script>\n<!-- \/ Yoast SEO plugin. -->","yoast_head_json":{"title":"Bureau Pompadour - lapainteriordesign.com","description":"Bureau Pompadour de Lapa Interior Design. Bureau classique laqu\u00e9, fabriqu\u00e9 au Portugal, avec rangements \u00e9l\u00e9gants et design intemporel.","robots":{"index":"index","follow":"follow","max-snippet":"max-snippet:-1","max-image-preview":"max-image-preview:large","max-video-preview":"max-video-preview:-1"},"canonical":"https:\/\/lapainteriordesign.com\/fr\/product\/bureau-pompadour\/","og_locale":"fr_FR","og_type":"article","og_title":"Pompadour Desk","og_description":"Pompadour Desk handcrafted lacquered secretary desk with pull\u2011down writing surface and seven drawers. Ideal for stylish, compact offices.","og_url":"https:\/\/lapainteriordesign.com\/fr\/product\/bureau-pompadour\/","og_site_name":"lapainteriordesign.com","article_publisher":"https:\/\/www.facebook.com\/LapaInteriorDesign","article_modified_time":"2025-12-28T10:35:44+00:00","og_image":[{"width":1000,"height":1000,"url":"https:\/\/lapainteriordesign.com\/wp-content\/uploads\/2025\/08\/Lapa_Interior_Design-Pompadour-desk-angle_11.jpg","type":"image\/jpeg"}],"twitter_card":"summary_large_image","twitter_title":"Vintage 1974 Throw","twitter_description":"Experience the ultimate in coziness with Mustard Vintage 1956 Throw. Crafted from 100% wool, it's a perfect blend of style and warmth.","twitter_image":"https:\/\/lapainteriordesign.com\/wp-content\/uploads\/2024\/11\/vintage-mos-23.39.png","twitter_site":"@lapainterior","twitter_misc":{"Dur\u00e9e de lecture estim\u00e9e":"2 minutes"},"schema":{"@context":"https:\/\/schema.org","@graph":[{"@type":"WebPage","@id":"https:\/\/lapainteriordesign.com\/fr\/product\/bureau-pompadour\/","url":"https:\/\/lapainteriordesign.com\/fr\/product\/bureau-pompadour\/","name":"Bureau Pompadour - lapainteriordesign.com","isPartOf":{"@id":"https:\/\/lapainteriordesign.com\/#website"},"primaryImageOfPage":{"@id":"https:\/\/lapainteriordesign.com\/fr\/product\/bureau-pompadour\/#primaryimage"},"image":{"@id":"https:\/\/lapainteriordesign.com\/fr\/product\/bureau-pompadour\/#primaryimage"},"thumbnailUrl":"https:\/\/lapainteriordesign.com\/wp-content\/uploads\/2025\/08\/Lapa_Interior_Design-Pompadour-desk-angle_2.jpg","datePublished":"2025-08-05T19:27:07+00:00","dateModified":"2025-12-28T10:35:44+00:00","description":"Bureau Pompadour de Lapa Interior Design. Bureau classique laqu\u00e9, fabriqu\u00e9 au Portugal, avec rangements \u00e9l\u00e9gants et design intemporel.","breadcrumb":{"@id":"https:\/\/lapainteriordesign.com\/fr\/product\/bureau-pompadour\/#breadcrumb"},"inLanguage":"fr-FR","potentialAction":[{"@type":"ReadAction","target":["https:\/\/lapainteriordesign.com\/fr\/product\/bureau-pompadour\/"]}]},{"@type":"ImageObject","inLanguage":"fr-FR","@id":"https:\/\/lapainteriordesign.com\/fr\/product\/bureau-pompadour\/#primaryimage","url":"https:\/\/lapainteriordesign.com\/wp-content\/uploads\/2025\/08\/Lapa_Interior_Design-Pompadour-desk-angle_2.jpg","contentUrl":"https:\/\/lapainteriordesign.com\/wp-content\/uploads\/2025\/08\/Lapa_Interior_Design-Pompadour-desk-angle_2.jpg","width":1000,"height":1000,"caption":"Pompadour Desk by Lapa Interior Design \u2013 lacquered secretary desk with seven drawers and fold\u2011down writing surface"},{"@type":"BreadcrumbList","@id":"https:\/\/lapainteriordesign.com\/fr\/product\/bureau-pompadour\/#breadcrumb","itemListElement":[{"@type":"ListItem","position":1,"name":"Home","item":"https:\/\/lapainteriordesign.com\/fr\/"},{"@type":"ListItem","position":2,"name":"Products","item":"https:\/\/lapainteriordesign.com\/products\/"},{"@type":"ListItem","position":3,"name":"Bureau Pompadour"}]},{"@type":"WebSite","@id":"https:\/\/lapainteriordesign.com\/#website","url":"https:\/\/lapainteriordesign.com\/","name":"lapainteriordesign.com","description":"Luxury Interior Design","publisher":{"@id":"https:\/\/lapainteriordesign.com\/#organization"},"potentialAction":[{"@type":"SearchAction","target":{"@type":"EntryPoint","urlTemplate":"https:\/\/lapainteriordesign.com\/?s={search_term_string}"},"query-input":{"@type":"PropertyValueSpecification","valueRequired":true,"valueName":"search_term_string"}}],"inLanguage":"fr-FR"},{"@type":"Organization","@id":"https:\/\/lapainteriordesign.com\/#organization","name":"Lapa Interior Design","url":"https:\/\/lapainteriordesign.com\/","logo":{"@type":"ImageObject","inLanguage":"fr-FR","@id":"https:\/\/lapainteriordesign.com\/#\/schema\/logo\/image\/","url":"https:\/\/lapainteriordesign.com\/wp-content\/uploads\/2026\/02\/cropped-Design-sem-nome-2026-02-04T094114.020.jpg","contentUrl":"https:\/\/lapainteriordesign.com\/wp-content\/uploads\/2026\/02\/cropped-Design-sem-nome-2026-02-04T094114.020.jpg","width":512,"height":512,"caption":"Lapa Interior Design"},"image":{"@id":"https:\/\/lapainteriordesign.com\/#\/schema\/logo\/image\/"},"sameAs":["https:\/\/www.facebook.com\/LapaInteriorDesign","https:\/\/x.com\/lapainterior","https:\/\/www.instagram.com\/lapainteriordesign\/","https:\/\/www.linkedin.com\/in\/lapa-interior-design-376823206\/"]}]}},"_links":{"self":[{"href":"https:\/\/lapainteriordesign.com\/fr\/wp-json\/wp\/v2\/product\/19910","targetHints":{"allow":["GET"]}}],"collection":[{"href":"https:\/\/lapainteriordesign.com\/fr\/wp-json\/wp\/v2\/product"}],"about":[{"href":"https:\/\/lapainteriordesign.com\/fr\/wp-json\/wp\/v2\/types\/product"}],"version-history":[{"count":0,"href":"https:\/\/lapainteriordesign.com\/fr\/wp-json\/wp\/v2\/product\/19910\/revisions"}],"wp:featuredmedia":[{"embeddable":true,"href":"https:\/\/lapainteriordesign.com\/fr\/wp-json\/wp\/v2\/media\/19898"}],"wp:attachment":[{"href":"https:\/\/lapainteriordesign.com\/fr\/wp-json\/wp\/v2\/media?parent=19910"}],"wp:term":[{"taxonomy":"product_brand","embeddable":true,"href":"https:\/\/lapainteriordesign.com\/fr\/wp-json\/wp\/v2\/product_brand?post=19910"},{"taxonomy":"product_cat","embeddable":true,"href":"https:\/\/lapainteriordesign.com\/fr\/wp-json\/wp\/v2\/product_cat?post=19910"},{"taxonomy":"product_tag","embeddable":true,"href":"https:\/\/lapainteriordesign.com\/fr\/wp-json\/wp\/v2\/product_tag?post=19910"}],"curies":[{"name":"wp","href":"https:\/\/api.w.org\/{rel}","templated":true}]}}