{"id":19815,"date":"2025-08-05T20:55:51","date_gmt":"2025-08-05T20:55:51","guid":{"rendered":"https:\/\/lapainteriordesign.com\/?post_type=product&#038;p=19815"},"modified":"2025-12-27T23:07:20","modified_gmt":"2025-12-27T23:07:20","slug":"banquette-vogue-ii","status":"publish","type":"product","link":"https:\/\/lapainteriordesign.com\/fr\/product\/banquette-vogue-ii\/","title":{"rendered":"Banquette Vogue II"},"content":{"rendered":"<h5 data-start=\"3167\" data-end=\"3235\"><strong data-start=\"3173\" data-end=\"3235\">Banquette Vogue II \u2013 \u00c9l\u00e9gance Sculpturale et Fonctionnelle<\/strong><\/h5>\n<h5 data-start=\"3237\" data-end=\"3291\"><strong data-start=\"3243\" data-end=\"3289\">Design Harmonieux et Dimensions Ma\u00eetris\u00e9es<\/strong><\/h5>\n<p data-start=\"3292\" data-end=\"3536\">La <strong data-start=\"3295\" data-end=\"3317\">Banquette Vogue II<\/strong> apporte sophistication et confort \u00e0 votre int\u00e9rieur. Gr\u00e2ce \u00e0 ses dimensions \u00e9quilibr\u00e9es, elle offre une assise g\u00e9n\u00e9reuse sans encombrer l\u2019espace. Ainsi, elle s\u2019int\u00e8gre facilement dans des d\u00e9cors classiques ou modernes.<\/p>\n<h5 data-start=\"3538\" data-end=\"3595\"><strong data-start=\"3544\" data-end=\"3593\">Savoir-Faire Artisanal et Tapisserie au Choix<\/strong><\/h5>\n<p data-start=\"3596\" data-end=\"3848\">Fabriqu\u00e9e artisanalement au Portugal, la <strong data-start=\"3637\" data-end=\"3659\">Banquette Vogue II<\/strong> met en valeur des pieds en bois sculpt\u00e9 et une assise tapiss\u00e9e confortable. De plus, plusieurs options de tissus permettent une personnalisation \u00e9l\u00e9gante et coh\u00e9rente avec votre int\u00e9rieur.<\/p>\n<h5 data-start=\"3850\" data-end=\"3894\"><strong data-start=\"3856\" data-end=\"3892\">Id\u00e9es d\u2019Am\u00e9nagement Polyvalentes<\/strong><\/h5>\n<p data-start=\"3895\" data-end=\"4142\">Plac\u00e9e au pied du <a class=\"decorated-link\" href=\"#\" rel=\"noopener\" data-start=\"3913\" data-end=\"3930\">Lit Florence<\/a> ou pr\u00e8s d\u2019une coiffeuse, la <strong data-start=\"3959\" data-end=\"3981\">Banquette<\/strong>\u00a0cr\u00e9e un ensemble raffin\u00e9. Dans une entr\u00e9e ou un salon, elle devient \u00e0 la fois assise pratique et accent d\u00e9coratif. Ainsi, elle conjugue style et fonctionnalit\u00e9.<\/p>\n<h5 data-start=\"4144\" data-end=\"4186\"><strong data-start=\"4150\" data-end=\"4184\">Un Choix Durable et Intemporel<\/strong><\/h5>\n<p data-start=\"4187\" data-end=\"4416\">Int\u00e9gr\u00e9e \u00e0 la Classic Collection, cette banquette incarne l\u2019\u00e9l\u00e9gance durable ch\u00e8re \u00e0 Lapa Interior Design. Pour plus d\u2019inspiration, consultez des r\u00e9f\u00e9rences telles que <a class=\"decorated-link\" href=\"https:\/\/www.architecturaldigest.com\/\" target=\"_new\" rel=\"noopener\" data-start=\"4355\" data-end=\"4415\">Architectural Digest<\/a>.<\/p>\n<p data-start=\"4418\" data-end=\"4488\"><strong data-start=\"4418\" data-end=\"4434\">Dimensions :<\/strong><br data-start=\"4434\" data-end=\"4437\" \/>Longueur 1,51 m | Largeur 0,56 m | Hauteur 0,48 m<\/p>\n<p data-start=\"4490\" data-end=\"4586\"><strong data-start=\"4490\" data-end=\"4504\">Finition :<\/strong> Amaretto simples<br data-start=\"4521\" data-end=\"4524\" \/><strong data-start=\"4524\" data-end=\"4535\">Tissu :<\/strong> 2,5 m | MP.TEC.PO1464<br data-start=\"4557\" data-end=\"4560\" \/><strong data-start=\"4560\" data-end=\"4586\">Fabrication : Portugal<\/strong><\/p>\n<p>&nbsp;<\/p>\n","protected":false},"excerpt":{"rendered":"<p>La <strong data-start=\"3023\" data-end=\"3045\">Banquette Vogue II<\/strong> est une assise \u00e9l\u00e9gante et polyvalente. Fabriqu\u00e9e au Portugal, elle associe pieds sculpt\u00e9s et tapisserie raffin\u00e9e.<\/p>\n","protected":false},"featured_media":19813,"template":"","meta":{"_joinchat":{"telephone":"+351910131778","message_text":"Hello! Need any info or help with this item?"}},"product_brand":[],"product_cat":[4374,2393,2394],"product_tag":[4378,4379,4377,4376,816,4380,4381],"class_list":{"0":"post-19815","1":"product","2":"type-product","3":"status-publish","4":"has-post-thumbnail","6":"product_cat-bench","7":"product_cat-furniture","8":"product_cat-seating","9":"product_tag-assise-elegante","10":"product_tag-banquette-design","11":"product_tag-banquette-tapissee","12":"product_tag-banquette-vogue-ii","13":"product_tag-lapa-interior-design","14":"product_tag-mobilier-artisanal","15":"product_tag-mobilier-portugais","17":"first","18":"onbackorder","19":"taxable","20":"shipping-taxable","21":"purchasable","22":"product-type-simple"},"yoast_head":"<!-- This site is optimized with the Yoast SEO plugin v26.7 - https:\/\/yoast.com\/wordpress\/plugins\/seo\/ -->\n<title>Banquette Vogue II - lapainteriordesign.com<\/title>\n<meta name=\"description\" content=\"Banquette Vogue II de Lapa Interior Design : banquette tapiss\u00e9e \u00e9l\u00e9gante, fabriqu\u00e9e au Portugal, id\u00e9ale pour chambres, entr\u00e9es et int\u00e9rieurs raffin\u00e9s.\" \/>\n<meta name=\"robots\" content=\"index, follow, max-snippet:-1, max-image-preview:large, max-video-preview:-1\" \/>\n<link rel=\"canonical\" href=\"https:\/\/lapainteriordesign.com\/fr\/product\/banquette-vogue-ii\/\" \/>\n<meta property=\"og:locale\" content=\"fr_FR\" \/>\n<meta property=\"og:type\" content=\"article\" \/>\n<meta property=\"og:title\" content=\"Vogue Bench II\" \/>\n<meta property=\"og:description\" content=\"The Vogue Bench II is a beautifully upholstered, handcrafted bench featuring carved legs and elegant proportion. Crafted in Portugal.\" \/>\n<meta property=\"og:url\" content=\"https:\/\/lapainteriordesign.com\/fr\/product\/banquette-vogue-ii\/\" \/>\n<meta property=\"og:site_name\" content=\"lapainteriordesign.com\" \/>\n<meta property=\"article:publisher\" content=\"https:\/\/www.facebook.com\/LapaInteriorDesign\" \/>\n<meta property=\"article:modified_time\" content=\"2025-12-27T23:07:20+00:00\" \/>\n<meta property=\"og:image\" content=\"https:\/\/lapainteriordesign.com\/wp-content\/uploads\/2025\/08\/Lapa_Interior_Design_Vogue-bench-angle-29226.TC_1.jpg\" \/>\n\t<meta property=\"og:image:width\" content=\"1000\" \/>\n\t<meta property=\"og:image:height\" content=\"1000\" \/>\n\t<meta property=\"og:image:type\" content=\"image\/jpeg\" \/>\n<meta name=\"twitter:card\" content=\"summary_large_image\" \/>\n<meta name=\"twitter:title\" content=\"Vintage 1974 Throw\" \/>\n<meta name=\"twitter:description\" content=\"Experience the ultimate in coziness with Mustard Vintage 1956 Throw. Crafted from 100% wool, it&#039;s a perfect blend of style and warmth.\" \/>\n<meta name=\"twitter:image\" content=\"https:\/\/lapainteriordesign.com\/wp-content\/uploads\/2024\/11\/vintage-mos-23.39.png\" \/>\n<meta name=\"twitter:site\" content=\"@lapainterior\" \/>\n<meta name=\"twitter:label1\" content=\"Dur\u00e9e de lecture estim\u00e9e\" \/>\n\t<meta name=\"twitter:data1\" content=\"1 minute\" \/>\n<script type=\"application\/ld+json\" class=\"yoast-schema-graph\">{\"@context\":\"https:\/\/schema.org\",\"@graph\":[{\"@type\":\"WebPage\",\"@id\":\"https:\/\/lapainteriordesign.com\/fr\/product\/banquette-vogue-ii\/\",\"url\":\"https:\/\/lapainteriordesign.com\/fr\/product\/banquette-vogue-ii\/\",\"name\":\"Banquette Vogue II - lapainteriordesign.com\",\"isPartOf\":{\"@id\":\"https:\/\/lapainteriordesign.com\/#website\"},\"primaryImageOfPage\":{\"@id\":\"https:\/\/lapainteriordesign.com\/fr\/product\/banquette-vogue-ii\/#primaryimage\"},\"image\":{\"@id\":\"https:\/\/lapainteriordesign.com\/fr\/product\/banquette-vogue-ii\/#primaryimage\"},\"thumbnailUrl\":\"https:\/\/lapainteriordesign.com\/wp-content\/uploads\/2025\/08\/Lapa_Interior_Design_Vogue-bench-angle-29226.TC_1.jpg\",\"datePublished\":\"2025-08-05T20:55:51+00:00\",\"dateModified\":\"2025-12-27T23:07:20+00:00\",\"description\":\"Banquette Vogue II de Lapa Interior Design : banquette tapiss\u00e9e \u00e9l\u00e9gante, fabriqu\u00e9e au Portugal, id\u00e9ale pour chambres, entr\u00e9es et int\u00e9rieurs raffin\u00e9s.\",\"breadcrumb\":{\"@id\":\"https:\/\/lapainteriordesign.com\/fr\/product\/banquette-vogue-ii\/#breadcrumb\"},\"inLanguage\":\"fr-FR\",\"potentialAction\":[{\"@type\":\"ReadAction\",\"target\":[\"https:\/\/lapainteriordesign.com\/fr\/product\/banquette-vogue-ii\/\"]}]},{\"@type\":\"ImageObject\",\"inLanguage\":\"fr-FR\",\"@id\":\"https:\/\/lapainteriordesign.com\/fr\/product\/banquette-vogue-ii\/#primaryimage\",\"url\":\"https:\/\/lapainteriordesign.com\/wp-content\/uploads\/2025\/08\/Lapa_Interior_Design_Vogue-bench-angle-29226.TC_1.jpg\",\"contentUrl\":\"https:\/\/lapainteriordesign.com\/wp-content\/uploads\/2025\/08\/Lapa_Interior_Design_Vogue-bench-angle-29226.TC_1.jpg\",\"width\":1000,\"height\":1000,\"caption\":\"Vogue Bench II by Lapa Interior Design \u2013 upholstered bench with carved legs and plush cushion, made in Portugal\"},{\"@type\":\"BreadcrumbList\",\"@id\":\"https:\/\/lapainteriordesign.com\/fr\/product\/banquette-vogue-ii\/#breadcrumb\",\"itemListElement\":[{\"@type\":\"ListItem\",\"position\":1,\"name\":\"Home\",\"item\":\"https:\/\/lapainteriordesign.com\/fr\/\"},{\"@type\":\"ListItem\",\"position\":2,\"name\":\"Products\",\"item\":\"https:\/\/lapainteriordesign.com\/products\/\"},{\"@type\":\"ListItem\",\"position\":3,\"name\":\"Banquette Vogue II\"}]},{\"@type\":\"WebSite\",\"@id\":\"https:\/\/lapainteriordesign.com\/#website\",\"url\":\"https:\/\/lapainteriordesign.com\/\",\"name\":\"lapainteriordesign.com\",\"description\":\"Luxury Interior Design\",\"publisher\":{\"@id\":\"https:\/\/lapainteriordesign.com\/#organization\"},\"potentialAction\":[{\"@type\":\"SearchAction\",\"target\":{\"@type\":\"EntryPoint\",\"urlTemplate\":\"https:\/\/lapainteriordesign.com\/?s={search_term_string}\"},\"query-input\":{\"@type\":\"PropertyValueSpecification\",\"valueRequired\":true,\"valueName\":\"search_term_string\"}}],\"inLanguage\":\"fr-FR\"},{\"@type\":\"Organization\",\"@id\":\"https:\/\/lapainteriordesign.com\/#organization\",\"name\":\"Lapa Interior Design\",\"url\":\"https:\/\/lapainteriordesign.com\/\",\"logo\":{\"@type\":\"ImageObject\",\"inLanguage\":\"fr-FR\",\"@id\":\"https:\/\/lapainteriordesign.com\/#\/schema\/logo\/image\/\",\"url\":\"https:\/\/lapainteriordesign.com\/wp-content\/uploads\/2026\/02\/cropped-Design-sem-nome-2026-02-04T094114.020.jpg\",\"contentUrl\":\"https:\/\/lapainteriordesign.com\/wp-content\/uploads\/2026\/02\/cropped-Design-sem-nome-2026-02-04T094114.020.jpg\",\"width\":512,\"height\":512,\"caption\":\"Lapa Interior Design\"},\"image\":{\"@id\":\"https:\/\/lapainteriordesign.com\/#\/schema\/logo\/image\/\"},\"sameAs\":[\"https:\/\/www.facebook.com\/LapaInteriorDesign\",\"https:\/\/x.com\/lapainterior\",\"https:\/\/www.instagram.com\/lapainteriordesign\/\",\"https:\/\/www.linkedin.com\/in\/lapa-interior-design-376823206\/\"]}]}<\/script>\n<!-- \/ Yoast SEO plugin. -->","yoast_head_json":{"title":"Banquette Vogue II - lapainteriordesign.com","description":"Banquette Vogue II de Lapa Interior Design : banquette tapiss\u00e9e \u00e9l\u00e9gante, fabriqu\u00e9e au Portugal, id\u00e9ale pour chambres, entr\u00e9es et int\u00e9rieurs raffin\u00e9s.","robots":{"index":"index","follow":"follow","max-snippet":"max-snippet:-1","max-image-preview":"max-image-preview:large","max-video-preview":"max-video-preview:-1"},"canonical":"https:\/\/lapainteriordesign.com\/fr\/product\/banquette-vogue-ii\/","og_locale":"fr_FR","og_type":"article","og_title":"Vogue Bench II","og_description":"The Vogue Bench II is a beautifully upholstered, handcrafted bench featuring carved legs and elegant proportion. Crafted in Portugal.","og_url":"https:\/\/lapainteriordesign.com\/fr\/product\/banquette-vogue-ii\/","og_site_name":"lapainteriordesign.com","article_publisher":"https:\/\/www.facebook.com\/LapaInteriorDesign","article_modified_time":"2025-12-27T23:07:20+00:00","og_image":[{"width":1000,"height":1000,"url":"https:\/\/lapainteriordesign.com\/wp-content\/uploads\/2025\/08\/Lapa_Interior_Design_Vogue-bench-angle-29226.TC_1.jpg","type":"image\/jpeg"}],"twitter_card":"summary_large_image","twitter_title":"Vintage 1974 Throw","twitter_description":"Experience the ultimate in coziness with Mustard Vintage 1956 Throw. Crafted from 100% wool, it's a perfect blend of style and warmth.","twitter_image":"https:\/\/lapainteriordesign.com\/wp-content\/uploads\/2024\/11\/vintage-mos-23.39.png","twitter_site":"@lapainterior","twitter_misc":{"Dur\u00e9e de lecture estim\u00e9e":"1 minute"},"schema":{"@context":"https:\/\/schema.org","@graph":[{"@type":"WebPage","@id":"https:\/\/lapainteriordesign.com\/fr\/product\/banquette-vogue-ii\/","url":"https:\/\/lapainteriordesign.com\/fr\/product\/banquette-vogue-ii\/","name":"Banquette Vogue II - lapainteriordesign.com","isPartOf":{"@id":"https:\/\/lapainteriordesign.com\/#website"},"primaryImageOfPage":{"@id":"https:\/\/lapainteriordesign.com\/fr\/product\/banquette-vogue-ii\/#primaryimage"},"image":{"@id":"https:\/\/lapainteriordesign.com\/fr\/product\/banquette-vogue-ii\/#primaryimage"},"thumbnailUrl":"https:\/\/lapainteriordesign.com\/wp-content\/uploads\/2025\/08\/Lapa_Interior_Design_Vogue-bench-angle-29226.TC_1.jpg","datePublished":"2025-08-05T20:55:51+00:00","dateModified":"2025-12-27T23:07:20+00:00","description":"Banquette Vogue II de Lapa Interior Design : banquette tapiss\u00e9e \u00e9l\u00e9gante, fabriqu\u00e9e au Portugal, id\u00e9ale pour chambres, entr\u00e9es et int\u00e9rieurs raffin\u00e9s.","breadcrumb":{"@id":"https:\/\/lapainteriordesign.com\/fr\/product\/banquette-vogue-ii\/#breadcrumb"},"inLanguage":"fr-FR","potentialAction":[{"@type":"ReadAction","target":["https:\/\/lapainteriordesign.com\/fr\/product\/banquette-vogue-ii\/"]}]},{"@type":"ImageObject","inLanguage":"fr-FR","@id":"https:\/\/lapainteriordesign.com\/fr\/product\/banquette-vogue-ii\/#primaryimage","url":"https:\/\/lapainteriordesign.com\/wp-content\/uploads\/2025\/08\/Lapa_Interior_Design_Vogue-bench-angle-29226.TC_1.jpg","contentUrl":"https:\/\/lapainteriordesign.com\/wp-content\/uploads\/2025\/08\/Lapa_Interior_Design_Vogue-bench-angle-29226.TC_1.jpg","width":1000,"height":1000,"caption":"Vogue Bench II by Lapa Interior Design \u2013 upholstered bench with carved legs and plush cushion, made in Portugal"},{"@type":"BreadcrumbList","@id":"https:\/\/lapainteriordesign.com\/fr\/product\/banquette-vogue-ii\/#breadcrumb","itemListElement":[{"@type":"ListItem","position":1,"name":"Home","item":"https:\/\/lapainteriordesign.com\/fr\/"},{"@type":"ListItem","position":2,"name":"Products","item":"https:\/\/lapainteriordesign.com\/products\/"},{"@type":"ListItem","position":3,"name":"Banquette Vogue II"}]},{"@type":"WebSite","@id":"https:\/\/lapainteriordesign.com\/#website","url":"https:\/\/lapainteriordesign.com\/","name":"lapainteriordesign.com","description":"Luxury Interior Design","publisher":{"@id":"https:\/\/lapainteriordesign.com\/#organization"},"potentialAction":[{"@type":"SearchAction","target":{"@type":"EntryPoint","urlTemplate":"https:\/\/lapainteriordesign.com\/?s={search_term_string}"},"query-input":{"@type":"PropertyValueSpecification","valueRequired":true,"valueName":"search_term_string"}}],"inLanguage":"fr-FR"},{"@type":"Organization","@id":"https:\/\/lapainteriordesign.com\/#organization","name":"Lapa Interior Design","url":"https:\/\/lapainteriordesign.com\/","logo":{"@type":"ImageObject","inLanguage":"fr-FR","@id":"https:\/\/lapainteriordesign.com\/#\/schema\/logo\/image\/","url":"https:\/\/lapainteriordesign.com\/wp-content\/uploads\/2026\/02\/cropped-Design-sem-nome-2026-02-04T094114.020.jpg","contentUrl":"https:\/\/lapainteriordesign.com\/wp-content\/uploads\/2026\/02\/cropped-Design-sem-nome-2026-02-04T094114.020.jpg","width":512,"height":512,"caption":"Lapa Interior Design"},"image":{"@id":"https:\/\/lapainteriordesign.com\/#\/schema\/logo\/image\/"},"sameAs":["https:\/\/www.facebook.com\/LapaInteriorDesign","https:\/\/x.com\/lapainterior","https:\/\/www.instagram.com\/lapainteriordesign\/","https:\/\/www.linkedin.com\/in\/lapa-interior-design-376823206\/"]}]}},"_links":{"self":[{"href":"https:\/\/lapainteriordesign.com\/fr\/wp-json\/wp\/v2\/product\/19815","targetHints":{"allow":["GET"]}}],"collection":[{"href":"https:\/\/lapainteriordesign.com\/fr\/wp-json\/wp\/v2\/product"}],"about":[{"href":"https:\/\/lapainteriordesign.com\/fr\/wp-json\/wp\/v2\/types\/product"}],"version-history":[{"count":0,"href":"https:\/\/lapainteriordesign.com\/fr\/wp-json\/wp\/v2\/product\/19815\/revisions"}],"wp:featuredmedia":[{"embeddable":true,"href":"https:\/\/lapainteriordesign.com\/fr\/wp-json\/wp\/v2\/media\/19813"}],"wp:attachment":[{"href":"https:\/\/lapainteriordesign.com\/fr\/wp-json\/wp\/v2\/media?parent=19815"}],"wp:term":[{"taxonomy":"product_brand","embeddable":true,"href":"https:\/\/lapainteriordesign.com\/fr\/wp-json\/wp\/v2\/product_brand?post=19815"},{"taxonomy":"product_cat","embeddable":true,"href":"https:\/\/lapainteriordesign.com\/fr\/wp-json\/wp\/v2\/product_cat?post=19815"},{"taxonomy":"product_tag","embeddable":true,"href":"https:\/\/lapainteriordesign.com\/fr\/wp-json\/wp\/v2\/product_tag?post=19815"}],"curies":[{"name":"wp","href":"https:\/\/api.w.org\/{rel}","templated":true}]}}