{"id":19764,"date":"2025-08-06T19:31:21","date_gmt":"2025-08-06T19:31:21","guid":{"rendered":"https:\/\/lapainteriordesign.com\/product\/carter-kitchen\/"},"modified":"2025-12-27T19:19:27","modified_gmt":"2025-12-27T19:19:27","slug":"cuisine-carter","status":"publish","type":"product","link":"https:\/\/lapainteriordesign.com\/fr\/product\/cuisine-carter\/","title":{"rendered":"Cuisine Carter"},"content":{"rendered":"<h5 data-start=\"2899\" data-end=\"2965\"><strong data-start=\"2903\" data-end=\"2963\">Cuisine Carter \u2013 Cuisine Personnalis\u00e9e pour Votre Maison<\/strong><\/h5>\n<h5 data-start=\"2967\" data-end=\"2995\"><strong data-start=\"2972\" data-end=\"2993\">Con\u00e7ue sur Mesure<\/strong><\/h5>\n<p data-start=\"2996\" data-end=\"3306\">La <strong data-start=\"2999\" data-end=\"3017\">Cuisine Carter<\/strong> vous permet de choisir chaque d\u00e9tail : finitions, poign\u00e9es, disposition et solutions de rangement. Son design modulaire optimise l\u2019espace, que vous viviez dans un appartement compact ou une maison spacieuse. Les options de rangement intelligentes facilitent l\u2019organisation au quotidien.<\/p>\n<h5 data-start=\"3308\" data-end=\"3352\"><strong data-start=\"3313\" data-end=\"3350\">Collaboration et Personnalisation<\/strong><\/h5>\n<p data-start=\"3353\" data-end=\"3599\">Lapa Interior Design collabore \u00e9troitement avec vous tout au long du processus. La <strong data-start=\"3436\" data-end=\"3454\">Cuisine<\/strong>\u00a0refl\u00e8te votre style de vie et r\u00e9pond \u00e0 vos besoins quotidiens. Elle convient aux designs modernes, minimalistes ou classiques et sophistiqu\u00e9s.<\/p>\n<h5 data-start=\"3601\" data-end=\"3632\"><strong data-start=\"3606\" data-end=\"3630\">Mat\u00e9riaux de Qualit\u00e9<\/strong><\/h5>\n<p data-start=\"3633\" data-end=\"3818\">Fabriqu\u00e9e avec des mat\u00e9riaux durables et portugais, la <strong data-start=\"3688\" data-end=\"3706\">Cuisine <\/strong>propose des finitions lisses et des d\u00e9tails raffin\u00e9s, cr\u00e9ant un espace accueillant pour cuisiner et recevoir.<\/p>\n<h5 data-start=\"3820\" data-end=\"3855\"><strong data-start=\"3825\" data-end=\"3853\">Tradition et Inspiration<\/strong><\/h5>\n<p data-start=\"3856\" data-end=\"4027\">Pour en savoir plus sur le mobilier artisanal portugais, visitez l\u2019Association Portugaise du Meuble. D\u00e9couvrez la tradition et l\u2019expertise derri\u00e8re chaque cr\u00e9ation Lapa.<\/p>\n<h5 data-start=\"4029\" data-end=\"4067\"><strong data-start=\"4034\" data-end=\"4065\">Transformez Votre Int\u00e9rieur<\/strong><\/h5>\n<p data-start=\"4068\" data-end=\"4198\">La <strong data-start=\"4071\" data-end=\"4089\">Cuisine Carter<\/strong> n\u2019est pas seulement une cuisine, c\u2019est un espace sur mesure qui refl\u00e8te votre style et votre personnalit\u00e9.<\/p>\n<p data-start=\"4200\" data-end=\"4293\"><strong data-start=\"4200\" data-end=\"4225\">Production : Portugal<\/strong><br data-start=\"4225\" data-end=\"4228\" \/><strong data-start=\"4228\" data-end=\"4291\">Tailles et finitions personnalis\u00e9es disponibles sur demande<\/strong><\/p>\n","protected":false},"excerpt":{"rendered":"<p>La <strong data-start=\"2722\" data-end=\"2740\">Cuisine Carter<\/strong> allie \u00e9l\u00e9gance, fonctionnalit\u00e9 et personnalisation. Fabriqu\u00e9e au Portugal, elle s\u2019adapte \u00e0 votre style et espace pour un environnement moderne et raffin\u00e9.<\/p>\n","protected":false},"featured_media":19750,"template":"","meta":{"_joinchat":{"telephone":"+3519310131778","message_text":"Questions about this piece?"}},"product_brand":[],"product_cat":[4300,4329],"product_tag":[4355,4364,4349,4360,4365,4359,4340,816],"class_list":{"0":"post-19764","1":"product","2":"type-product","3":"status-publish","4":"has-post-thumbnail","6":"product_cat-cabinetry","7":"product_cat-kitchens","8":"product_tag-cuisine-artisanale","9":"product_tag-cuisine-carter","10":"product_tag-cuisine-de-luxe","11":"product_tag-cuisine-elegante","12":"product_tag-cuisine-modulable","13":"product_tag-cuisine-personnalisee","14":"product_tag-cuisine-sur-mesure","15":"product_tag-lapa-interior-design","17":"first","18":"onbackorder","19":"taxable","20":"shipping-taxable","21":"product-type-simple"},"yoast_head":"<!-- This site is optimized with the Yoast SEO plugin v26.7 - https:\/\/yoast.com\/wordpress\/plugins\/seo\/ -->\n<title>Cuisine Carter - lapainteriordesign.com<\/title>\n<meta name=\"description\" content=\"Cuisine Carter de Lapa Interior Design : cuisine sur mesure, \u00e9l\u00e9gante et fonctionnelle, fabriqu\u00e9e au Portugal avec des mat\u00e9riaux de haute qualit\u00e9.\" \/>\n<meta name=\"robots\" content=\"index, follow, max-snippet:-1, max-image-preview:large, max-video-preview:-1\" \/>\n<link rel=\"canonical\" href=\"https:\/\/lapainteriordesign.com\/fr\/product\/cuisine-carter\/\" \/>\n<meta property=\"og:locale\" content=\"fr_FR\" \/>\n<meta property=\"og:type\" content=\"article\" \/>\n<meta property=\"og:title\" content=\"Carter Kitchen\" \/>\n<meta property=\"og:description\" content=\"The Carter Kitchen is a tailor-made, fully customizable kitchen made in Portugal to fit your style and space, with modern design and enhanced functionality.\" \/>\n<meta property=\"og:url\" content=\"https:\/\/lapainteriordesign.com\/fr\/product\/cuisine-carter\/\" \/>\n<meta property=\"og:site_name\" content=\"lapainteriordesign.com\" \/>\n<meta property=\"article:publisher\" content=\"https:\/\/www.facebook.com\/LapaInteriorDesign\" \/>\n<meta property=\"article:modified_time\" content=\"2025-12-27T19:19:27+00:00\" \/>\n<meta property=\"og:image\" content=\"https:\/\/lapainteriordesign.com\/wp-content\/uploads\/2025\/08\/Lapa_Interior_Design-Carter-kitchen-12.jpg\" \/>\n\t<meta property=\"og:image:width\" content=\"1000\" \/>\n\t<meta property=\"og:image:height\" content=\"1000\" \/>\n\t<meta property=\"og:image:type\" content=\"image\/jpeg\" \/>\n<meta name=\"twitter:card\" content=\"summary_large_image\" \/>\n<meta name=\"twitter:site\" content=\"@lapainterior\" \/>\n<meta name=\"twitter:label1\" content=\"Dur\u00e9e de lecture estim\u00e9e\" \/>\n\t<meta name=\"twitter:data1\" content=\"1 minute\" \/>\n<script type=\"application\/ld+json\" class=\"yoast-schema-graph\">{\"@context\":\"https:\/\/schema.org\",\"@graph\":[{\"@type\":\"WebPage\",\"@id\":\"https:\/\/lapainteriordesign.com\/fr\/product\/cuisine-carter\/\",\"url\":\"https:\/\/lapainteriordesign.com\/fr\/product\/cuisine-carter\/\",\"name\":\"Cuisine Carter - lapainteriordesign.com\",\"isPartOf\":{\"@id\":\"https:\/\/lapainteriordesign.com\/#website\"},\"primaryImageOfPage\":{\"@id\":\"https:\/\/lapainteriordesign.com\/fr\/product\/cuisine-carter\/#primaryimage\"},\"image\":{\"@id\":\"https:\/\/lapainteriordesign.com\/fr\/product\/cuisine-carter\/#primaryimage\"},\"thumbnailUrl\":\"https:\/\/lapainteriordesign.com\/wp-content\/uploads\/2025\/08\/Lapa_Interior_Design-Carter-kitchen-11.jpg\",\"datePublished\":\"2025-08-06T19:31:21+00:00\",\"dateModified\":\"2025-12-27T19:19:27+00:00\",\"description\":\"Cuisine Carter de Lapa Interior Design : cuisine sur mesure, \u00e9l\u00e9gante et fonctionnelle, fabriqu\u00e9e au Portugal avec des mat\u00e9riaux de haute qualit\u00e9.\",\"breadcrumb\":{\"@id\":\"https:\/\/lapainteriordesign.com\/fr\/product\/cuisine-carter\/#breadcrumb\"},\"inLanguage\":\"fr-FR\",\"potentialAction\":[{\"@type\":\"ReadAction\",\"target\":[\"https:\/\/lapainteriordesign.com\/fr\/product\/cuisine-carter\/\"]}]},{\"@type\":\"ImageObject\",\"inLanguage\":\"fr-FR\",\"@id\":\"https:\/\/lapainteriordesign.com\/fr\/product\/cuisine-carter\/#primaryimage\",\"url\":\"https:\/\/lapainteriordesign.com\/wp-content\/uploads\/2025\/08\/Lapa_Interior_Design-Carter-kitchen-11.jpg\",\"contentUrl\":\"https:\/\/lapainteriordesign.com\/wp-content\/uploads\/2025\/08\/Lapa_Interior_Design-Carter-kitchen-11.jpg\",\"width\":1000,\"height\":1000,\"caption\":\"Carter Kitchen da Lapa Interior Design \u2013 Cozinha sob medida com design moderno e funcionalidade aprimorada.\"},{\"@type\":\"BreadcrumbList\",\"@id\":\"https:\/\/lapainteriordesign.com\/fr\/product\/cuisine-carter\/#breadcrumb\",\"itemListElement\":[{\"@type\":\"ListItem\",\"position\":1,\"name\":\"Home\",\"item\":\"https:\/\/lapainteriordesign.com\/fr\/\"},{\"@type\":\"ListItem\",\"position\":2,\"name\":\"Products\",\"item\":\"https:\/\/lapainteriordesign.com\/products\/\"},{\"@type\":\"ListItem\",\"position\":3,\"name\":\"Cuisine Carter\"}]},{\"@type\":\"WebSite\",\"@id\":\"https:\/\/lapainteriordesign.com\/#website\",\"url\":\"https:\/\/lapainteriordesign.com\/\",\"name\":\"lapainteriordesign.com\",\"description\":\"Luxury Interior Design\",\"publisher\":{\"@id\":\"https:\/\/lapainteriordesign.com\/#organization\"},\"potentialAction\":[{\"@type\":\"SearchAction\",\"target\":{\"@type\":\"EntryPoint\",\"urlTemplate\":\"https:\/\/lapainteriordesign.com\/?s={search_term_string}\"},\"query-input\":{\"@type\":\"PropertyValueSpecification\",\"valueRequired\":true,\"valueName\":\"search_term_string\"}}],\"inLanguage\":\"fr-FR\"},{\"@type\":\"Organization\",\"@id\":\"https:\/\/lapainteriordesign.com\/#organization\",\"name\":\"Lapa Interior Design\",\"url\":\"https:\/\/lapainteriordesign.com\/\",\"logo\":{\"@type\":\"ImageObject\",\"inLanguage\":\"fr-FR\",\"@id\":\"https:\/\/lapainteriordesign.com\/#\/schema\/logo\/image\/\",\"url\":\"https:\/\/lapainteriordesign.com\/wp-content\/uploads\/2026\/02\/cropped-Design-sem-nome-2026-02-04T094114.020.jpg\",\"contentUrl\":\"https:\/\/lapainteriordesign.com\/wp-content\/uploads\/2026\/02\/cropped-Design-sem-nome-2026-02-04T094114.020.jpg\",\"width\":512,\"height\":512,\"caption\":\"Lapa Interior Design\"},\"image\":{\"@id\":\"https:\/\/lapainteriordesign.com\/#\/schema\/logo\/image\/\"},\"sameAs\":[\"https:\/\/www.facebook.com\/LapaInteriorDesign\",\"https:\/\/x.com\/lapainterior\",\"https:\/\/www.instagram.com\/lapainteriordesign\/\",\"https:\/\/www.linkedin.com\/in\/lapa-interior-design-376823206\/\"]}]}<\/script>\n<!-- \/ Yoast SEO plugin. -->","yoast_head_json":{"title":"Cuisine Carter - lapainteriordesign.com","description":"Cuisine Carter de Lapa Interior Design : cuisine sur mesure, \u00e9l\u00e9gante et fonctionnelle, fabriqu\u00e9e au Portugal avec des mat\u00e9riaux de haute qualit\u00e9.","robots":{"index":"index","follow":"follow","max-snippet":"max-snippet:-1","max-image-preview":"max-image-preview:large","max-video-preview":"max-video-preview:-1"},"canonical":"https:\/\/lapainteriordesign.com\/fr\/product\/cuisine-carter\/","og_locale":"fr_FR","og_type":"article","og_title":"Carter Kitchen","og_description":"The Carter Kitchen is a tailor-made, fully customizable kitchen made in Portugal to fit your style and space, with modern design and enhanced functionality.","og_url":"https:\/\/lapainteriordesign.com\/fr\/product\/cuisine-carter\/","og_site_name":"lapainteriordesign.com","article_publisher":"https:\/\/www.facebook.com\/LapaInteriorDesign","article_modified_time":"2025-12-27T19:19:27+00:00","og_image":[{"width":1000,"height":1000,"url":"https:\/\/lapainteriordesign.com\/wp-content\/uploads\/2025\/08\/Lapa_Interior_Design-Carter-kitchen-12.jpg","type":"image\/jpeg"}],"twitter_card":"summary_large_image","twitter_site":"@lapainterior","twitter_misc":{"Dur\u00e9e de lecture estim\u00e9e":"1 minute"},"schema":{"@context":"https:\/\/schema.org","@graph":[{"@type":"WebPage","@id":"https:\/\/lapainteriordesign.com\/fr\/product\/cuisine-carter\/","url":"https:\/\/lapainteriordesign.com\/fr\/product\/cuisine-carter\/","name":"Cuisine Carter - lapainteriordesign.com","isPartOf":{"@id":"https:\/\/lapainteriordesign.com\/#website"},"primaryImageOfPage":{"@id":"https:\/\/lapainteriordesign.com\/fr\/product\/cuisine-carter\/#primaryimage"},"image":{"@id":"https:\/\/lapainteriordesign.com\/fr\/product\/cuisine-carter\/#primaryimage"},"thumbnailUrl":"https:\/\/lapainteriordesign.com\/wp-content\/uploads\/2025\/08\/Lapa_Interior_Design-Carter-kitchen-11.jpg","datePublished":"2025-08-06T19:31:21+00:00","dateModified":"2025-12-27T19:19:27+00:00","description":"Cuisine Carter de Lapa Interior Design : cuisine sur mesure, \u00e9l\u00e9gante et fonctionnelle, fabriqu\u00e9e au Portugal avec des mat\u00e9riaux de haute qualit\u00e9.","breadcrumb":{"@id":"https:\/\/lapainteriordesign.com\/fr\/product\/cuisine-carter\/#breadcrumb"},"inLanguage":"fr-FR","potentialAction":[{"@type":"ReadAction","target":["https:\/\/lapainteriordesign.com\/fr\/product\/cuisine-carter\/"]}]},{"@type":"ImageObject","inLanguage":"fr-FR","@id":"https:\/\/lapainteriordesign.com\/fr\/product\/cuisine-carter\/#primaryimage","url":"https:\/\/lapainteriordesign.com\/wp-content\/uploads\/2025\/08\/Lapa_Interior_Design-Carter-kitchen-11.jpg","contentUrl":"https:\/\/lapainteriordesign.com\/wp-content\/uploads\/2025\/08\/Lapa_Interior_Design-Carter-kitchen-11.jpg","width":1000,"height":1000,"caption":"Carter Kitchen da Lapa Interior Design \u2013 Cozinha sob medida com design moderno e funcionalidade aprimorada."},{"@type":"BreadcrumbList","@id":"https:\/\/lapainteriordesign.com\/fr\/product\/cuisine-carter\/#breadcrumb","itemListElement":[{"@type":"ListItem","position":1,"name":"Home","item":"https:\/\/lapainteriordesign.com\/fr\/"},{"@type":"ListItem","position":2,"name":"Products","item":"https:\/\/lapainteriordesign.com\/products\/"},{"@type":"ListItem","position":3,"name":"Cuisine Carter"}]},{"@type":"WebSite","@id":"https:\/\/lapainteriordesign.com\/#website","url":"https:\/\/lapainteriordesign.com\/","name":"lapainteriordesign.com","description":"Luxury Interior Design","publisher":{"@id":"https:\/\/lapainteriordesign.com\/#organization"},"potentialAction":[{"@type":"SearchAction","target":{"@type":"EntryPoint","urlTemplate":"https:\/\/lapainteriordesign.com\/?s={search_term_string}"},"query-input":{"@type":"PropertyValueSpecification","valueRequired":true,"valueName":"search_term_string"}}],"inLanguage":"fr-FR"},{"@type":"Organization","@id":"https:\/\/lapainteriordesign.com\/#organization","name":"Lapa Interior Design","url":"https:\/\/lapainteriordesign.com\/","logo":{"@type":"ImageObject","inLanguage":"fr-FR","@id":"https:\/\/lapainteriordesign.com\/#\/schema\/logo\/image\/","url":"https:\/\/lapainteriordesign.com\/wp-content\/uploads\/2026\/02\/cropped-Design-sem-nome-2026-02-04T094114.020.jpg","contentUrl":"https:\/\/lapainteriordesign.com\/wp-content\/uploads\/2026\/02\/cropped-Design-sem-nome-2026-02-04T094114.020.jpg","width":512,"height":512,"caption":"Lapa Interior Design"},"image":{"@id":"https:\/\/lapainteriordesign.com\/#\/schema\/logo\/image\/"},"sameAs":["https:\/\/www.facebook.com\/LapaInteriorDesign","https:\/\/x.com\/lapainterior","https:\/\/www.instagram.com\/lapainteriordesign\/","https:\/\/www.linkedin.com\/in\/lapa-interior-design-376823206\/"]}]}},"_links":{"self":[{"href":"https:\/\/lapainteriordesign.com\/fr\/wp-json\/wp\/v2\/product\/19764","targetHints":{"allow":["GET"]}}],"collection":[{"href":"https:\/\/lapainteriordesign.com\/fr\/wp-json\/wp\/v2\/product"}],"about":[{"href":"https:\/\/lapainteriordesign.com\/fr\/wp-json\/wp\/v2\/types\/product"}],"version-history":[{"count":0,"href":"https:\/\/lapainteriordesign.com\/fr\/wp-json\/wp\/v2\/product\/19764\/revisions"}],"wp:featuredmedia":[{"embeddable":true,"href":"https:\/\/lapainteriordesign.com\/fr\/wp-json\/wp\/v2\/media\/19750"}],"wp:attachment":[{"href":"https:\/\/lapainteriordesign.com\/fr\/wp-json\/wp\/v2\/media?parent=19764"}],"wp:term":[{"taxonomy":"product_brand","embeddable":true,"href":"https:\/\/lapainteriordesign.com\/fr\/wp-json\/wp\/v2\/product_brand?post=19764"},{"taxonomy":"product_cat","embeddable":true,"href":"https:\/\/lapainteriordesign.com\/fr\/wp-json\/wp\/v2\/product_cat?post=19764"},{"taxonomy":"product_tag","embeddable":true,"href":"https:\/\/lapainteriordesign.com\/fr\/wp-json\/wp\/v2\/product_tag?post=19764"}],"curies":[{"name":"wp","href":"https:\/\/api.w.org\/{rel}","templated":true}]}}