{"id":19730,"date":"2025-08-06T19:46:08","date_gmt":"2025-08-06T19:46:08","guid":{"rendered":"https:\/\/lapainteriordesign.com\/product\/devon-kitchen\/"},"modified":"2025-12-27T19:08:24","modified_gmt":"2025-12-27T19:08:24","slug":"cuisine-devon","status":"publish","type":"product","link":"https:\/\/lapainteriordesign.com\/fr\/product\/cuisine-devon\/","title":{"rendered":"Cuisine Devon"},"content":{"rendered":"<article class=\"text-token-text-primary w-full focus:outline-none scroll-mt-[calc(var(--header-height)+min(200px,max(70px,20svh)))]\" dir=\"auto\" tabindex=\"-1\" data-turn-id=\"request-688cde37-a2fc-832e-8961-8529c00d6e93-5\" data-testid=\"conversation-turn-278\" data-scroll-anchor=\"true\" data-turn=\"assistant\">\n<div class=\"text-base my-auto mx-auto pb-10 [--thread-content-margin:--spacing(4)] @[37rem]:[--thread-content-margin:--spacing(6)] @[72rem]:[--thread-content-margin:--spacing(16)] px-(--thread-content-margin)\">\n<div class=\"[--thread-content-max-width:32rem] @[34rem]:[--thread-content-max-width:40rem] @[64rem]:[--thread-content-max-width:48rem] mx-auto max-w-(--thread-content-max-width) flex-1 group\/turn-messages focus-visible:outline-hidden relative flex w-full min-w-0 flex-col agent-turn\" tabindex=\"-1\">\n<div class=\"flex max-w-full flex-col grow\">\n<div class=\"min-h-8 text-message relative flex w-full flex-col items-end gap-2 text-start break-words whitespace-normal [.text-message+&amp;]:mt-5\" dir=\"auto\" data-message-author-role=\"assistant\" data-message-id=\"ed5cb46c-413b-4125-8917-853f79287836\" data-message-model-slug=\"gpt-4-1-mini\">\n<div class=\"flex w-full flex-col gap-1 empty:hidden first:pt-[3px]\">\n<div class=\"markdown prose dark:prose-invert w-full break-words light markdown-new-styling\">\n<h5 data-start=\"2843\" data-end=\"2906\"><strong data-start=\"2847\" data-end=\"2904\">Cuisine Devon \u2013 \u00c9l\u00e9gance Sur Mesure pour Votre Maison<\/strong><\/h5>\n<h5 data-start=\"2908\" data-end=\"2949\"><strong data-start=\"2913\" data-end=\"2947\">Con\u00e7ue pour Votre Style de Vie<\/strong><\/h5>\n<p data-start=\"2950\" data-end=\"3175\">La <strong data-start=\"2953\" data-end=\"2970\">Cuisine Devon<\/strong> s\u2019adapte \u00e0 vos go\u00fbts et besoins. Choisissez les couleurs, finitions et agencement pour refl\u00e9ter votre style. Du design minimaliste moderne au charme classique, chaque cuisine devient unique et pratique.<\/p>\n<h5 data-start=\"3177\" data-end=\"3221\"><strong data-start=\"3182\" data-end=\"3219\">Artisanat et Mat\u00e9riaux de Qualit\u00e9<\/strong><\/h5>\n<p data-start=\"3222\" data-end=\"3476\">Fabriqu\u00e9e au Portugal par des artisans qualifi\u00e9s, chaque composant de la <strong data-start=\"3295\" data-end=\"3312\">Cuisine<\/strong>\u00a0utilise des mat\u00e9riaux durables et des finitions raffin\u00e9es. Les armoires, plans de travail et d\u00e9tails sont con\u00e7us pour durer tout en conservant \u00e9l\u00e9gance et style.<\/p>\n<h5 data-start=\"3478\" data-end=\"3511\"><strong data-start=\"3483\" data-end=\"3509\">Int\u00e9gration Harmonique<\/strong><\/h5>\n<p data-start=\"3512\" data-end=\"3733\">La <strong data-start=\"3515\" data-end=\"3532\">Cuisine Devon<\/strong> s\u2019harmonise avec d\u2019autres pi\u00e8ces Lapa Interior Design. Tables \u00e0 manger et solutions de rangement cr\u00e9ent une atmosph\u00e8re coh\u00e9rente et chaleureuse, id\u00e9ale pour la vie familiale et recevoir des invit\u00e9s.<\/p>\n<h5 data-start=\"3735\" data-end=\"3773\"><strong data-start=\"3740\" data-end=\"3771\">Inspiration et Informations<\/strong><\/h5>\n<p data-start=\"3774\" data-end=\"3988\">Pour plus d\u2019id\u00e9es et des informations sur le mobilier artisanal portugais, consultez le site officiel de l\u2019Association du Meuble Portugais. D\u00e9couvrez la tradition et le savoir-faire derri\u00e8re chaque cr\u00e9ation Lapa.<\/p>\n<\/div>\n<\/div>\n<\/div>\n<\/div>\n<\/div>\n<\/div>\n<\/article>\n<div class=\"pointer-events-none h-px w-px\" aria-hidden=\"true\" data-edge=\"true\"><\/div>\n","protected":false},"excerpt":{"rendered":"<p>La <strong data-start=\"2665\" data-end=\"2682\">Cuisine Devon<\/strong> allie \u00e9l\u00e9gance, fonctionnalit\u00e9 et personnalisation. Fabriqu\u00e9e au Portugal, elle s\u2019adapte \u00e0 votre style et espace, cr\u00e9ant un environnement unique et raffin\u00e9.<\/p>\n","protected":false},"featured_media":19716,"template":"","meta":{"_joinchat":{"telephone":"+3519310131778","message_text":"Questions about this piece?"}},"product_brand":[],"product_cat":[4300,4329],"product_tag":[4355,4349,4358,4360,4338,4359,4340,816],"class_list":{"0":"post-19730","1":"product","2":"type-product","3":"status-publish","4":"has-post-thumbnail","6":"product_cat-cabinetry","7":"product_cat-kitchens","8":"product_tag-cuisine-artisanale","9":"product_tag-cuisine-de-luxe","10":"product_tag-cuisine-devon","11":"product_tag-cuisine-elegante","12":"product_tag-cuisine-modulaire","13":"product_tag-cuisine-personnalisee","14":"product_tag-cuisine-sur-mesure","15":"product_tag-lapa-interior-design","17":"first","18":"onbackorder","19":"taxable","20":"shipping-taxable","21":"product-type-simple"},"yoast_head":"<!-- This site is optimized with the Yoast SEO plugin v26.7 - https:\/\/yoast.com\/wordpress\/plugins\/seo\/ -->\n<title>Cuisine Devon - lapainteriordesign.com<\/title>\n<meta name=\"description\" content=\"Cuisine Devon de Lapa Interior Design : cuisine sur mesure, \u00e9l\u00e9gante et fonctionnelle, fabriqu\u00e9e au Portugal avec des mat\u00e9riaux de haute qualit\u00e9.\" \/>\n<meta name=\"robots\" content=\"index, follow, max-snippet:-1, max-image-preview:large, max-video-preview:-1\" \/>\n<link rel=\"canonical\" href=\"https:\/\/lapainteriordesign.com\/fr\/product\/cuisine-devon\/\" \/>\n<meta property=\"og:locale\" content=\"fr_FR\" \/>\n<meta property=\"og:type\" content=\"article\" \/>\n<meta property=\"og:title\" content=\"Devon Kitchen\" \/>\n<meta property=\"og:description\" content=\"A Devon Kitchen da Lapa Interior Design \u00e9 uma cozinha sob medida, totalmente personaliz\u00e1vel, feita em Portugal para se adaptar ao teu estilo e espa\u00e7o.\" \/>\n<meta property=\"og:url\" content=\"https:\/\/lapainteriordesign.com\/fr\/product\/cuisine-devon\/\" \/>\n<meta property=\"og:site_name\" content=\"lapainteriordesign.com\" \/>\n<meta property=\"article:publisher\" content=\"https:\/\/www.facebook.com\/LapaInteriorDesign\" \/>\n<meta property=\"article:modified_time\" content=\"2025-12-27T19:08:24+00:00\" \/>\n<meta property=\"og:image\" content=\"https:\/\/lapainteriordesign.com\/wp-content\/uploads\/2025\/08\/Lapa_Interior_Design_Devon-kitchen-10.jpg\" \/>\n\t<meta property=\"og:image:width\" content=\"1000\" \/>\n\t<meta property=\"og:image:height\" content=\"1000\" \/>\n\t<meta property=\"og:image:type\" content=\"image\/jpeg\" \/>\n<meta name=\"twitter:card\" content=\"summary_large_image\" \/>\n<meta name=\"twitter:site\" content=\"@lapainterior\" \/>\n<meta name=\"twitter:label1\" content=\"Dur\u00e9e de lecture estim\u00e9e\" \/>\n\t<meta name=\"twitter:data1\" content=\"1 minute\" \/>\n<script type=\"application\/ld+json\" class=\"yoast-schema-graph\">{\"@context\":\"https:\/\/schema.org\",\"@graph\":[{\"@type\":\"WebPage\",\"@id\":\"https:\/\/lapainteriordesign.com\/fr\/product\/cuisine-devon\/\",\"url\":\"https:\/\/lapainteriordesign.com\/fr\/product\/cuisine-devon\/\",\"name\":\"Cuisine Devon - lapainteriordesign.com\",\"isPartOf\":{\"@id\":\"https:\/\/lapainteriordesign.com\/#website\"},\"primaryImageOfPage\":{\"@id\":\"https:\/\/lapainteriordesign.com\/fr\/product\/cuisine-devon\/#primaryimage\"},\"image\":{\"@id\":\"https:\/\/lapainteriordesign.com\/fr\/product\/cuisine-devon\/#primaryimage\"},\"thumbnailUrl\":\"https:\/\/lapainteriordesign.com\/wp-content\/uploads\/2025\/08\/Lapa_Interior_Design_Devon-kitchen-6.jpg\",\"datePublished\":\"2025-08-06T19:46:08+00:00\",\"dateModified\":\"2025-12-27T19:08:24+00:00\",\"description\":\"Cuisine Devon de Lapa Interior Design : cuisine sur mesure, \u00e9l\u00e9gante et fonctionnelle, fabriqu\u00e9e au Portugal avec des mat\u00e9riaux de haute qualit\u00e9.\",\"breadcrumb\":{\"@id\":\"https:\/\/lapainteriordesign.com\/fr\/product\/cuisine-devon\/#breadcrumb\"},\"inLanguage\":\"fr-FR\",\"potentialAction\":[{\"@type\":\"ReadAction\",\"target\":[\"https:\/\/lapainteriordesign.com\/fr\/product\/cuisine-devon\/\"]}]},{\"@type\":\"ImageObject\",\"inLanguage\":\"fr-FR\",\"@id\":\"https:\/\/lapainteriordesign.com\/fr\/product\/cuisine-devon\/#primaryimage\",\"url\":\"https:\/\/lapainteriordesign.com\/wp-content\/uploads\/2025\/08\/Lapa_Interior_Design_Devon-kitchen-6.jpg\",\"contentUrl\":\"https:\/\/lapainteriordesign.com\/wp-content\/uploads\/2025\/08\/Lapa_Interior_Design_Devon-kitchen-6.jpg\",\"width\":1000,\"height\":1000,\"caption\":\"Devon Kitchen da AM Living \u2013 Cozinha sob medida com design moderno e acabamentos em madeira de freixo e nogueira.\"},{\"@type\":\"BreadcrumbList\",\"@id\":\"https:\/\/lapainteriordesign.com\/fr\/product\/cuisine-devon\/#breadcrumb\",\"itemListElement\":[{\"@type\":\"ListItem\",\"position\":1,\"name\":\"Home\",\"item\":\"https:\/\/lapainteriordesign.com\/fr\/\"},{\"@type\":\"ListItem\",\"position\":2,\"name\":\"Products\",\"item\":\"https:\/\/lapainteriordesign.com\/products\/\"},{\"@type\":\"ListItem\",\"position\":3,\"name\":\"Cuisine Devon\"}]},{\"@type\":\"WebSite\",\"@id\":\"https:\/\/lapainteriordesign.com\/#website\",\"url\":\"https:\/\/lapainteriordesign.com\/\",\"name\":\"lapainteriordesign.com\",\"description\":\"Luxury Interior Design\",\"publisher\":{\"@id\":\"https:\/\/lapainteriordesign.com\/#organization\"},\"potentialAction\":[{\"@type\":\"SearchAction\",\"target\":{\"@type\":\"EntryPoint\",\"urlTemplate\":\"https:\/\/lapainteriordesign.com\/?s={search_term_string}\"},\"query-input\":{\"@type\":\"PropertyValueSpecification\",\"valueRequired\":true,\"valueName\":\"search_term_string\"}}],\"inLanguage\":\"fr-FR\"},{\"@type\":\"Organization\",\"@id\":\"https:\/\/lapainteriordesign.com\/#organization\",\"name\":\"Lapa Interior Design\",\"url\":\"https:\/\/lapainteriordesign.com\/\",\"logo\":{\"@type\":\"ImageObject\",\"inLanguage\":\"fr-FR\",\"@id\":\"https:\/\/lapainteriordesign.com\/#\/schema\/logo\/image\/\",\"url\":\"https:\/\/lapainteriordesign.com\/wp-content\/uploads\/2026\/02\/cropped-Design-sem-nome-2026-02-04T094114.020.jpg\",\"contentUrl\":\"https:\/\/lapainteriordesign.com\/wp-content\/uploads\/2026\/02\/cropped-Design-sem-nome-2026-02-04T094114.020.jpg\",\"width\":512,\"height\":512,\"caption\":\"Lapa Interior Design\"},\"image\":{\"@id\":\"https:\/\/lapainteriordesign.com\/#\/schema\/logo\/image\/\"},\"sameAs\":[\"https:\/\/www.facebook.com\/LapaInteriorDesign\",\"https:\/\/x.com\/lapainterior\",\"https:\/\/www.instagram.com\/lapainteriordesign\/\",\"https:\/\/www.linkedin.com\/in\/lapa-interior-design-376823206\/\"]}]}<\/script>\n<!-- \/ Yoast SEO plugin. -->","yoast_head_json":{"title":"Cuisine Devon - lapainteriordesign.com","description":"Cuisine Devon de Lapa Interior Design : cuisine sur mesure, \u00e9l\u00e9gante et fonctionnelle, fabriqu\u00e9e au Portugal avec des mat\u00e9riaux de haute qualit\u00e9.","robots":{"index":"index","follow":"follow","max-snippet":"max-snippet:-1","max-image-preview":"max-image-preview:large","max-video-preview":"max-video-preview:-1"},"canonical":"https:\/\/lapainteriordesign.com\/fr\/product\/cuisine-devon\/","og_locale":"fr_FR","og_type":"article","og_title":"Devon Kitchen","og_description":"A Devon Kitchen da Lapa Interior Design \u00e9 uma cozinha sob medida, totalmente personaliz\u00e1vel, feita em Portugal para se adaptar ao teu estilo e espa\u00e7o.","og_url":"https:\/\/lapainteriordesign.com\/fr\/product\/cuisine-devon\/","og_site_name":"lapainteriordesign.com","article_publisher":"https:\/\/www.facebook.com\/LapaInteriorDesign","article_modified_time":"2025-12-27T19:08:24+00:00","og_image":[{"width":1000,"height":1000,"url":"https:\/\/lapainteriordesign.com\/wp-content\/uploads\/2025\/08\/Lapa_Interior_Design_Devon-kitchen-10.jpg","type":"image\/jpeg"}],"twitter_card":"summary_large_image","twitter_site":"@lapainterior","twitter_misc":{"Dur\u00e9e de lecture estim\u00e9e":"1 minute"},"schema":{"@context":"https:\/\/schema.org","@graph":[{"@type":"WebPage","@id":"https:\/\/lapainteriordesign.com\/fr\/product\/cuisine-devon\/","url":"https:\/\/lapainteriordesign.com\/fr\/product\/cuisine-devon\/","name":"Cuisine Devon - lapainteriordesign.com","isPartOf":{"@id":"https:\/\/lapainteriordesign.com\/#website"},"primaryImageOfPage":{"@id":"https:\/\/lapainteriordesign.com\/fr\/product\/cuisine-devon\/#primaryimage"},"image":{"@id":"https:\/\/lapainteriordesign.com\/fr\/product\/cuisine-devon\/#primaryimage"},"thumbnailUrl":"https:\/\/lapainteriordesign.com\/wp-content\/uploads\/2025\/08\/Lapa_Interior_Design_Devon-kitchen-6.jpg","datePublished":"2025-08-06T19:46:08+00:00","dateModified":"2025-12-27T19:08:24+00:00","description":"Cuisine Devon de Lapa Interior Design : cuisine sur mesure, \u00e9l\u00e9gante et fonctionnelle, fabriqu\u00e9e au Portugal avec des mat\u00e9riaux de haute qualit\u00e9.","breadcrumb":{"@id":"https:\/\/lapainteriordesign.com\/fr\/product\/cuisine-devon\/#breadcrumb"},"inLanguage":"fr-FR","potentialAction":[{"@type":"ReadAction","target":["https:\/\/lapainteriordesign.com\/fr\/product\/cuisine-devon\/"]}]},{"@type":"ImageObject","inLanguage":"fr-FR","@id":"https:\/\/lapainteriordesign.com\/fr\/product\/cuisine-devon\/#primaryimage","url":"https:\/\/lapainteriordesign.com\/wp-content\/uploads\/2025\/08\/Lapa_Interior_Design_Devon-kitchen-6.jpg","contentUrl":"https:\/\/lapainteriordesign.com\/wp-content\/uploads\/2025\/08\/Lapa_Interior_Design_Devon-kitchen-6.jpg","width":1000,"height":1000,"caption":"Devon Kitchen da AM Living \u2013 Cozinha sob medida com design moderno e acabamentos em madeira de freixo e nogueira."},{"@type":"BreadcrumbList","@id":"https:\/\/lapainteriordesign.com\/fr\/product\/cuisine-devon\/#breadcrumb","itemListElement":[{"@type":"ListItem","position":1,"name":"Home","item":"https:\/\/lapainteriordesign.com\/fr\/"},{"@type":"ListItem","position":2,"name":"Products","item":"https:\/\/lapainteriordesign.com\/products\/"},{"@type":"ListItem","position":3,"name":"Cuisine Devon"}]},{"@type":"WebSite","@id":"https:\/\/lapainteriordesign.com\/#website","url":"https:\/\/lapainteriordesign.com\/","name":"lapainteriordesign.com","description":"Luxury Interior Design","publisher":{"@id":"https:\/\/lapainteriordesign.com\/#organization"},"potentialAction":[{"@type":"SearchAction","target":{"@type":"EntryPoint","urlTemplate":"https:\/\/lapainteriordesign.com\/?s={search_term_string}"},"query-input":{"@type":"PropertyValueSpecification","valueRequired":true,"valueName":"search_term_string"}}],"inLanguage":"fr-FR"},{"@type":"Organization","@id":"https:\/\/lapainteriordesign.com\/#organization","name":"Lapa Interior Design","url":"https:\/\/lapainteriordesign.com\/","logo":{"@type":"ImageObject","inLanguage":"fr-FR","@id":"https:\/\/lapainteriordesign.com\/#\/schema\/logo\/image\/","url":"https:\/\/lapainteriordesign.com\/wp-content\/uploads\/2026\/02\/cropped-Design-sem-nome-2026-02-04T094114.020.jpg","contentUrl":"https:\/\/lapainteriordesign.com\/wp-content\/uploads\/2026\/02\/cropped-Design-sem-nome-2026-02-04T094114.020.jpg","width":512,"height":512,"caption":"Lapa Interior Design"},"image":{"@id":"https:\/\/lapainteriordesign.com\/#\/schema\/logo\/image\/"},"sameAs":["https:\/\/www.facebook.com\/LapaInteriorDesign","https:\/\/x.com\/lapainterior","https:\/\/www.instagram.com\/lapainteriordesign\/","https:\/\/www.linkedin.com\/in\/lapa-interior-design-376823206\/"]}]}},"_links":{"self":[{"href":"https:\/\/lapainteriordesign.com\/fr\/wp-json\/wp\/v2\/product\/19730","targetHints":{"allow":["GET"]}}],"collection":[{"href":"https:\/\/lapainteriordesign.com\/fr\/wp-json\/wp\/v2\/product"}],"about":[{"href":"https:\/\/lapainteriordesign.com\/fr\/wp-json\/wp\/v2\/types\/product"}],"version-history":[{"count":0,"href":"https:\/\/lapainteriordesign.com\/fr\/wp-json\/wp\/v2\/product\/19730\/revisions"}],"wp:featuredmedia":[{"embeddable":true,"href":"https:\/\/lapainteriordesign.com\/fr\/wp-json\/wp\/v2\/media\/19716"}],"wp:attachment":[{"href":"https:\/\/lapainteriordesign.com\/fr\/wp-json\/wp\/v2\/media?parent=19730"}],"wp:term":[{"taxonomy":"product_brand","embeddable":true,"href":"https:\/\/lapainteriordesign.com\/fr\/wp-json\/wp\/v2\/product_brand?post=19730"},{"taxonomy":"product_cat","embeddable":true,"href":"https:\/\/lapainteriordesign.com\/fr\/wp-json\/wp\/v2\/product_cat?post=19730"},{"taxonomy":"product_tag","embeddable":true,"href":"https:\/\/lapainteriordesign.com\/fr\/wp-json\/wp\/v2\/product_tag?post=19730"}],"curies":[{"name":"wp","href":"https:\/\/api.w.org\/{rel}","templated":true}]}}