{"id":19517,"date":"2025-08-10T20:18:43","date_gmt":"2025-08-10T20:18:43","guid":{"rendered":"https:\/\/lapainteriordesign.com\/product\/candeeiro-teto-tura\/"},"modified":"2025-12-27T16:38:22","modified_gmt":"2025-12-27T16:38:22","slug":"applique-murale-tura","status":"publish","type":"product","link":"https:\/\/lapainteriordesign.com\/fr\/product\/applique-murale-tura\/","title":{"rendered":"Applique murale Tura"},"content":{"rendered":"<h5 data-start=\"2788\" data-end=\"2850\">Applique Murale Tura \u2013 Minimalisme et Fonctionnalit\u00e9 LED<\/h5>\n<p data-start=\"2852\" data-end=\"3092\">L\u2019<strong data-start=\"2854\" data-end=\"2878\">applique murale Tura<\/strong> associe design minimaliste et fonctionnalit\u00e9 moderne. D\u00e8s le premier regard, elle s\u00e9duit par sa structure en acier noir mat et ses d\u00e9tails raffin\u00e9s en cuir. Ainsi, elle cr\u00e9e une atmosph\u00e8re chaleureuse et \u00e9l\u00e9gante.<\/p>\n<p data-start=\"3094\" data-end=\"3247\">De plus, son esth\u00e9tique \u00e9pur\u00e9e s\u2019int\u00e8gre facilement dans diff\u00e9rents espaces. Par cons\u00e9quent, elle convient parfaitement aux salons, chambres ou couloirs.<\/p>\n<h5 data-start=\"3249\" data-end=\"3295\">Design Contemporain et \u00c9l\u00e9gance Discr\u00e8te<\/h5>\n<p data-start=\"3297\" data-end=\"3513\">Le design de la lampe Tura repose sur des lignes simples et \u00e9quilibr\u00e9es. En outre, le contraste entre le m\u00e9tal et le cuir apporte une touche sophistiqu\u00e9e. Cette combinaison conf\u00e8re \u00e0 la lampe un caract\u00e8re intemporel.<\/p>\n<p data-start=\"3515\" data-end=\"3657\">Elle peut \u00e9galement \u00eatre associ\u00e9e \u00e0 d\u2019autres pi\u00e8ces de <strong data-start=\"3570\" data-end=\"3594\">Lapa Interior Design<\/strong>. Ainsi, l\u2019ensemble de l\u2019espace gagne en coh\u00e9rence et en style.<\/p>\n<h5 data-start=\"3659\" data-end=\"3701\">\u00c9clairage LED Confortable et \u00c9conome<\/h5>\n<p data-start=\"3703\" data-end=\"3909\">L\u2019\u00e9clairage LED int\u00e9gr\u00e9 diffuse une lumi\u00e8re chaude et douce. De ce fait, il favorise une ambiance relaxante. De plus, l\u2019intensit\u00e9 lumineuse est r\u00e9glable, ce qui permet d\u2019adapter l\u2019\u00e9clairage \u00e0 chaque moment.<\/p>\n<p data-start=\"3911\" data-end=\"4034\">Gr\u00e2ce \u00e0 sa technologie LED, la lampe Tura consomme peu d\u2019\u00e9nergie. Elle allie donc confort visuel et efficacit\u00e9 \u00e9nerg\u00e9tique.<\/p>\n<h5 data-start=\"4036\" data-end=\"4075\">Polyvalence et Qualit\u00e9 Artisanale<\/h5>\n<p data-start=\"4077\" data-end=\"4300\">L\u2019applique murale Tura s\u2019adapte \u00e0 diff\u00e9rents projets d\u00e9coratifs. Elle convient aussi bien aux int\u00e9rieurs r\u00e9sidentiels qu\u2019aux espaces professionnels. Par ailleurs, la qualit\u00e9 des mat\u00e9riaux garantit une excellente durabilit\u00e9.<\/p>\n<p data-start=\"4302\" data-end=\"4445\">En r\u00e9sum\u00e9, la lampe Tura combine esth\u00e9tique, fonctionnalit\u00e9 et modernit\u00e9. Elle apporte une touche \u00e9l\u00e9gante et contemporaine \u00e0 chaque int\u00e9rieur.<\/p>\n<p>&nbsp;<\/p>\n<p><a class=\"btn btn-style-bordered btn-shape-rectangle btn-size-large btn-color-black btn-icon-pos-right\" href=\"https:\/\/lapainteriordesign.com\/wp-content\/uploads\/2025\/08\/A1313-TURA_SHEET-1_-1.pdf\" target=\"_blank\" rel=\"noopener\">Technical Sheet<\/a><\/p>\n<p><a class=\"btn btn-style-bordered btn-shape-rectangle btn-size-large btn-color-black btn-icon-pos-right\" href=\"https:\/\/lapainteriordesign.com\/wp-content\/uploads\/2025\/08\/TURA_A1313_IM.pdf\" target=\"_blank\" rel=\"noopener\">Assembly Instrutions<\/a><\/p>\n","protected":false},"excerpt":{"rendered":"<p data-start=\"1213\" data-end=\"1391\">Applique murale LED au design minimaliste, avec structure en acier et d\u00e9tails en cuir. Id\u00e9ale pour int\u00e9rieurs contemporains.<\/p>\n<p>&nbsp;<\/p>\n","protected":false},"featured_media":19514,"template":"","meta":{"_joinchat":{"telephone":"+351910131778","message_text":"Questions about this piece?"}},"product_brand":[],"product_cat":[4264,4290],"product_tag":[4259,4285,4287,4263,4270,816],"class_list":{"0":"post-19517","1":"product","2":"type-product","3":"status-publish","4":"has-post-thumbnail","6":"product_cat-lighting","7":"product_cat-wall-lamps","8":"product_tag-applique-murale","9":"product_tag-design-minimaliste","10":"product_tag-eclairage-interieur","11":"product_tag-eclairage-moderne","12":"product_tag-lampe-led","13":"product_tag-lapa-interior-design","15":"first","16":"onbackorder","17":"taxable","18":"shipping-taxable","19":"purchasable","20":"product-type-simple"},"yoast_head":"<!-- This site is optimized with the Yoast SEO plugin v26.7 - https:\/\/yoast.com\/wordpress\/plugins\/seo\/ -->\n<title>Applique murale Tura - lapainteriordesign.com<\/title>\n<meta name=\"description\" content=\"Applique murale Tura avec LED int\u00e9gr\u00e9, design minimaliste et d\u00e9tails en cuir. \u00c9clairage \u00e9l\u00e9gant et \u00e9conome. Fonctionnalit\u00e9 moderne.\" \/>\n<meta name=\"robots\" content=\"index, follow, max-snippet:-1, max-image-preview:large, max-video-preview:-1\" \/>\n<link rel=\"canonical\" href=\"https:\/\/lapainteriordesign.com\/fr\/product\/applique-murale-tura\/\" \/>\n<meta property=\"og:locale\" content=\"fr_FR\" \/>\n<meta property=\"og:type\" content=\"article\" \/>\n<meta property=\"og:title\" content=\"Tura wall lamp\" \/>\n<meta property=\"og:description\" content=\"Tura wall lamp, minimalist steel and leather design with integrated LED, functional lighting. Perfect for living rooms, bedrooms, and modern spaces.\" \/>\n<meta property=\"og:url\" content=\"https:\/\/lapainteriordesign.com\/fr\/product\/applique-murale-tura\/\" \/>\n<meta property=\"og:site_name\" content=\"lapainteriordesign.com\" \/>\n<meta property=\"article:publisher\" content=\"https:\/\/www.facebook.com\/LapaInteriorDesign\" \/>\n<meta property=\"article:modified_time\" content=\"2025-12-27T16:38:22+00:00\" \/>\n<meta property=\"og:image\" content=\"https:\/\/lapainteriordesign.com\/wp-content\/uploads\/2025\/08\/Lapa_Interior_Design_-A1313-TURAWALL_DESKTOP_ambiente.jpg\" \/>\n\t<meta property=\"og:image:width\" content=\"1000\" \/>\n\t<meta property=\"og:image:height\" content=\"1000\" \/>\n\t<meta property=\"og:image:type\" content=\"image\/jpeg\" \/>\n<meta name=\"twitter:card\" content=\"summary_large_image\" \/>\n<meta name=\"twitter:title\" content=\"Vintage 1974 Throw\" \/>\n<meta name=\"twitter:description\" content=\"Experience the ultimate in coziness with Mustard Vintage 1956 Throw. Crafted from 100% wool, it&#039;s a perfect blend of style and warmth.\" \/>\n<meta name=\"twitter:image\" content=\"https:\/\/lapainteriordesign.com\/wp-content\/uploads\/2024\/11\/vintage-mos-23.39.png\" \/>\n<meta name=\"twitter:site\" content=\"@lapainterior\" \/>\n<meta name=\"twitter:label1\" content=\"Dur\u00e9e de lecture estim\u00e9e\" \/>\n\t<meta name=\"twitter:data1\" content=\"2 minutes\" \/>\n<script type=\"application\/ld+json\" class=\"yoast-schema-graph\">{\"@context\":\"https:\/\/schema.org\",\"@graph\":[{\"@type\":\"WebPage\",\"@id\":\"https:\/\/lapainteriordesign.com\/fr\/product\/applique-murale-tura\/\",\"url\":\"https:\/\/lapainteriordesign.com\/fr\/product\/applique-murale-tura\/\",\"name\":\"Applique murale Tura - lapainteriordesign.com\",\"isPartOf\":{\"@id\":\"https:\/\/lapainteriordesign.com\/#website\"},\"primaryImageOfPage\":{\"@id\":\"https:\/\/lapainteriordesign.com\/fr\/product\/applique-murale-tura\/#primaryimage\"},\"image\":{\"@id\":\"https:\/\/lapainteriordesign.com\/fr\/product\/applique-murale-tura\/#primaryimage\"},\"thumbnailUrl\":\"https:\/\/lapainteriordesign.com\/wp-content\/uploads\/2025\/08\/Lapa_Interior_Design_-A1313-TURAWALL_DESKTOP.jpg\",\"datePublished\":\"2025-08-10T20:18:43+00:00\",\"dateModified\":\"2025-12-27T16:38:22+00:00\",\"description\":\"Applique murale Tura avec LED int\u00e9gr\u00e9, design minimaliste et d\u00e9tails en cuir. \u00c9clairage \u00e9l\u00e9gant et \u00e9conome. Fonctionnalit\u00e9 moderne.\",\"breadcrumb\":{\"@id\":\"https:\/\/lapainteriordesign.com\/fr\/product\/applique-murale-tura\/#breadcrumb\"},\"inLanguage\":\"fr-FR\",\"potentialAction\":[{\"@type\":\"ReadAction\",\"target\":[\"https:\/\/lapainteriordesign.com\/fr\/product\/applique-murale-tura\/\"]}]},{\"@type\":\"ImageObject\",\"inLanguage\":\"fr-FR\",\"@id\":\"https:\/\/lapainteriordesign.com\/fr\/product\/applique-murale-tura\/#primaryimage\",\"url\":\"https:\/\/lapainteriordesign.com\/wp-content\/uploads\/2025\/08\/Lapa_Interior_Design_-A1313-TURAWALL_DESKTOP.jpg\",\"contentUrl\":\"https:\/\/lapainteriordesign.com\/wp-content\/uploads\/2025\/08\/Lapa_Interior_Design_-A1313-TURAWALL_DESKTOP.jpg\",\"width\":1000,\"height\":1000,\"caption\":\"Tura wall lamp with steel structure and genuine leather finish, featuring integrated warm LED light and adjustable arm.\"},{\"@type\":\"BreadcrumbList\",\"@id\":\"https:\/\/lapainteriordesign.com\/fr\/product\/applique-murale-tura\/#breadcrumb\",\"itemListElement\":[{\"@type\":\"ListItem\",\"position\":1,\"name\":\"Home\",\"item\":\"https:\/\/lapainteriordesign.com\/fr\/\"},{\"@type\":\"ListItem\",\"position\":2,\"name\":\"Products\",\"item\":\"https:\/\/lapainteriordesign.com\/products\/\"},{\"@type\":\"ListItem\",\"position\":3,\"name\":\"Applique murale Tura\"}]},{\"@type\":\"WebSite\",\"@id\":\"https:\/\/lapainteriordesign.com\/#website\",\"url\":\"https:\/\/lapainteriordesign.com\/\",\"name\":\"lapainteriordesign.com\",\"description\":\"Luxury Interior Design\",\"publisher\":{\"@id\":\"https:\/\/lapainteriordesign.com\/#organization\"},\"potentialAction\":[{\"@type\":\"SearchAction\",\"target\":{\"@type\":\"EntryPoint\",\"urlTemplate\":\"https:\/\/lapainteriordesign.com\/?s={search_term_string}\"},\"query-input\":{\"@type\":\"PropertyValueSpecification\",\"valueRequired\":true,\"valueName\":\"search_term_string\"}}],\"inLanguage\":\"fr-FR\"},{\"@type\":\"Organization\",\"@id\":\"https:\/\/lapainteriordesign.com\/#organization\",\"name\":\"Lapa Interior Design\",\"url\":\"https:\/\/lapainteriordesign.com\/\",\"logo\":{\"@type\":\"ImageObject\",\"inLanguage\":\"fr-FR\",\"@id\":\"https:\/\/lapainteriordesign.com\/#\/schema\/logo\/image\/\",\"url\":\"https:\/\/lapainteriordesign.com\/wp-content\/uploads\/2026\/02\/cropped-Design-sem-nome-2026-02-04T094114.020.jpg\",\"contentUrl\":\"https:\/\/lapainteriordesign.com\/wp-content\/uploads\/2026\/02\/cropped-Design-sem-nome-2026-02-04T094114.020.jpg\",\"width\":512,\"height\":512,\"caption\":\"Lapa Interior Design\"},\"image\":{\"@id\":\"https:\/\/lapainteriordesign.com\/#\/schema\/logo\/image\/\"},\"sameAs\":[\"https:\/\/www.facebook.com\/LapaInteriorDesign\",\"https:\/\/x.com\/lapainterior\",\"https:\/\/www.instagram.com\/lapainteriordesign\/\",\"https:\/\/www.linkedin.com\/in\/lapa-interior-design-376823206\/\"]}]}<\/script>\n<!-- \/ Yoast SEO plugin. -->","yoast_head_json":{"title":"Applique murale Tura - lapainteriordesign.com","description":"Applique murale Tura avec LED int\u00e9gr\u00e9, design minimaliste et d\u00e9tails en cuir. \u00c9clairage \u00e9l\u00e9gant et \u00e9conome. Fonctionnalit\u00e9 moderne.","robots":{"index":"index","follow":"follow","max-snippet":"max-snippet:-1","max-image-preview":"max-image-preview:large","max-video-preview":"max-video-preview:-1"},"canonical":"https:\/\/lapainteriordesign.com\/fr\/product\/applique-murale-tura\/","og_locale":"fr_FR","og_type":"article","og_title":"Tura wall lamp","og_description":"Tura wall lamp, minimalist steel and leather design with integrated LED, functional lighting. Perfect for living rooms, bedrooms, and modern spaces.","og_url":"https:\/\/lapainteriordesign.com\/fr\/product\/applique-murale-tura\/","og_site_name":"lapainteriordesign.com","article_publisher":"https:\/\/www.facebook.com\/LapaInteriorDesign","article_modified_time":"2025-12-27T16:38:22+00:00","og_image":[{"width":1000,"height":1000,"url":"https:\/\/lapainteriordesign.com\/wp-content\/uploads\/2025\/08\/Lapa_Interior_Design_-A1313-TURAWALL_DESKTOP_ambiente.jpg","type":"image\/jpeg"}],"twitter_card":"summary_large_image","twitter_title":"Vintage 1974 Throw","twitter_description":"Experience the ultimate in coziness with Mustard Vintage 1956 Throw. Crafted from 100% wool, it's a perfect blend of style and warmth.","twitter_image":"https:\/\/lapainteriordesign.com\/wp-content\/uploads\/2024\/11\/vintage-mos-23.39.png","twitter_site":"@lapainterior","twitter_misc":{"Dur\u00e9e de lecture estim\u00e9e":"2 minutes"},"schema":{"@context":"https:\/\/schema.org","@graph":[{"@type":"WebPage","@id":"https:\/\/lapainteriordesign.com\/fr\/product\/applique-murale-tura\/","url":"https:\/\/lapainteriordesign.com\/fr\/product\/applique-murale-tura\/","name":"Applique murale Tura - lapainteriordesign.com","isPartOf":{"@id":"https:\/\/lapainteriordesign.com\/#website"},"primaryImageOfPage":{"@id":"https:\/\/lapainteriordesign.com\/fr\/product\/applique-murale-tura\/#primaryimage"},"image":{"@id":"https:\/\/lapainteriordesign.com\/fr\/product\/applique-murale-tura\/#primaryimage"},"thumbnailUrl":"https:\/\/lapainteriordesign.com\/wp-content\/uploads\/2025\/08\/Lapa_Interior_Design_-A1313-TURAWALL_DESKTOP.jpg","datePublished":"2025-08-10T20:18:43+00:00","dateModified":"2025-12-27T16:38:22+00:00","description":"Applique murale Tura avec LED int\u00e9gr\u00e9, design minimaliste et d\u00e9tails en cuir. \u00c9clairage \u00e9l\u00e9gant et \u00e9conome. Fonctionnalit\u00e9 moderne.","breadcrumb":{"@id":"https:\/\/lapainteriordesign.com\/fr\/product\/applique-murale-tura\/#breadcrumb"},"inLanguage":"fr-FR","potentialAction":[{"@type":"ReadAction","target":["https:\/\/lapainteriordesign.com\/fr\/product\/applique-murale-tura\/"]}]},{"@type":"ImageObject","inLanguage":"fr-FR","@id":"https:\/\/lapainteriordesign.com\/fr\/product\/applique-murale-tura\/#primaryimage","url":"https:\/\/lapainteriordesign.com\/wp-content\/uploads\/2025\/08\/Lapa_Interior_Design_-A1313-TURAWALL_DESKTOP.jpg","contentUrl":"https:\/\/lapainteriordesign.com\/wp-content\/uploads\/2025\/08\/Lapa_Interior_Design_-A1313-TURAWALL_DESKTOP.jpg","width":1000,"height":1000,"caption":"Tura wall lamp with steel structure and genuine leather finish, featuring integrated warm LED light and adjustable arm."},{"@type":"BreadcrumbList","@id":"https:\/\/lapainteriordesign.com\/fr\/product\/applique-murale-tura\/#breadcrumb","itemListElement":[{"@type":"ListItem","position":1,"name":"Home","item":"https:\/\/lapainteriordesign.com\/fr\/"},{"@type":"ListItem","position":2,"name":"Products","item":"https:\/\/lapainteriordesign.com\/products\/"},{"@type":"ListItem","position":3,"name":"Applique murale Tura"}]},{"@type":"WebSite","@id":"https:\/\/lapainteriordesign.com\/#website","url":"https:\/\/lapainteriordesign.com\/","name":"lapainteriordesign.com","description":"Luxury Interior Design","publisher":{"@id":"https:\/\/lapainteriordesign.com\/#organization"},"potentialAction":[{"@type":"SearchAction","target":{"@type":"EntryPoint","urlTemplate":"https:\/\/lapainteriordesign.com\/?s={search_term_string}"},"query-input":{"@type":"PropertyValueSpecification","valueRequired":true,"valueName":"search_term_string"}}],"inLanguage":"fr-FR"},{"@type":"Organization","@id":"https:\/\/lapainteriordesign.com\/#organization","name":"Lapa Interior Design","url":"https:\/\/lapainteriordesign.com\/","logo":{"@type":"ImageObject","inLanguage":"fr-FR","@id":"https:\/\/lapainteriordesign.com\/#\/schema\/logo\/image\/","url":"https:\/\/lapainteriordesign.com\/wp-content\/uploads\/2026\/02\/cropped-Design-sem-nome-2026-02-04T094114.020.jpg","contentUrl":"https:\/\/lapainteriordesign.com\/wp-content\/uploads\/2026\/02\/cropped-Design-sem-nome-2026-02-04T094114.020.jpg","width":512,"height":512,"caption":"Lapa Interior Design"},"image":{"@id":"https:\/\/lapainteriordesign.com\/#\/schema\/logo\/image\/"},"sameAs":["https:\/\/www.facebook.com\/LapaInteriorDesign","https:\/\/x.com\/lapainterior","https:\/\/www.instagram.com\/lapainteriordesign\/","https:\/\/www.linkedin.com\/in\/lapa-interior-design-376823206\/"]}]}},"_links":{"self":[{"href":"https:\/\/lapainteriordesign.com\/fr\/wp-json\/wp\/v2\/product\/19517","targetHints":{"allow":["GET"]}}],"collection":[{"href":"https:\/\/lapainteriordesign.com\/fr\/wp-json\/wp\/v2\/product"}],"about":[{"href":"https:\/\/lapainteriordesign.com\/fr\/wp-json\/wp\/v2\/types\/product"}],"version-history":[{"count":0,"href":"https:\/\/lapainteriordesign.com\/fr\/wp-json\/wp\/v2\/product\/19517\/revisions"}],"wp:featuredmedia":[{"embeddable":true,"href":"https:\/\/lapainteriordesign.com\/fr\/wp-json\/wp\/v2\/media\/19514"}],"wp:attachment":[{"href":"https:\/\/lapainteriordesign.com\/fr\/wp-json\/wp\/v2\/media?parent=19517"}],"wp:term":[{"taxonomy":"product_brand","embeddable":true,"href":"https:\/\/lapainteriordesign.com\/fr\/wp-json\/wp\/v2\/product_brand?post=19517"},{"taxonomy":"product_cat","embeddable":true,"href":"https:\/\/lapainteriordesign.com\/fr\/wp-json\/wp\/v2\/product_cat?post=19517"},{"taxonomy":"product_tag","embeddable":true,"href":"https:\/\/lapainteriordesign.com\/fr\/wp-json\/wp\/v2\/product_tag?post=19517"}],"curies":[{"name":"wp","href":"https:\/\/api.w.org\/{rel}","templated":true}]}}