{"id":19493,"date":"2024-01-01T17:00:06","date_gmt":"2024-01-01T17:00:06","guid":{"rendered":"https:\/\/lapainteriordesign.com\/?post_type=product&#038;p=19493"},"modified":"2025-12-31T18:19:40","modified_gmt":"2025-12-31T18:19:40","slug":"chaise-zui-2","status":"publish","type":"product","link":"https:\/\/lapainteriordesign.com\/fr\/product\/chaise-zui-2\/","title":{"rendered":"Chaise Zui"},"content":{"rendered":"<div class=\"flex-1 overflow-hidden\">\n<div class=\"react-scroll-to-bottom--css-ipunm-79elbk h-full\">\n<div class=\"react-scroll-to-bottom--css-ipunm-1n7m0yu\">\n<div class=\"flex flex-col pb-9 text-sm\">\n<div class=\"w-full text-token-text-primary\" data-testid=\"conversation-turn-243\">\n<div class=\"px-4 py-2 justify-center text-base md:gap-6 m-auto\">\n<div class=\"flex flex-1 text-base mx-auto gap-3 md:px-5 lg:px-1 xl:px-5 md:max-w-3xl lg:max-w-[40rem] xl:max-w-[48rem] group\">\n<div class=\"relative flex w-full flex-col lg:w-[calc(100%-115px)] agent-turn\">\n<div class=\"flex-col gap-1 md:gap-3\">\n<div class=\"flex flex-grow flex-col max-w-full\">\n<div class=\"min-h-[20px] text-message flex flex-col items-start gap-3 whitespace-pre-wrap break-words [.text-message+&amp;]:mt-5 overflow-x-auto\" data-message-author-role=\"assistant\" data-message-id=\"c7163083-314c-4317-ab17-907a37952518\">\n<div class=\"markdown prose w-full break-words dark:prose-invert light\">\n<div class=\"flex-1 overflow-hidden\">\n<div class=\"react-scroll-to-bottom--css-ipunm-79elbk h-full\">\n<div class=\"react-scroll-to-bottom--css-ipunm-1n7m0yu\">\n<div class=\"flex flex-col pb-9 text-sm\">\n<div class=\"w-full text-token-text-primary\" data-testid=\"conversation-turn-247\">\n<div class=\"px-4 py-2 justify-center text-base md:gap-6 m-auto\">\n<div class=\"flex flex-1 text-base mx-auto gap-3 md:px-5 lg:px-1 xl:px-5 md:max-w-3xl lg:max-w-[40rem] xl:max-w-[48rem] group final-completion\">\n<div class=\"relative flex w-full flex-col lg:w-[calc(100%-115px)] agent-turn\">\n<div class=\"flex-col gap-1 md:gap-3\">\n<div class=\"flex flex-grow flex-col max-w-full\">\n<div class=\"min-h-[20px] text-message flex flex-col items-start gap-3 whitespace-pre-wrap break-words [.text-message+&amp;]:mt-5 overflow-x-auto\" data-message-author-role=\"assistant\" data-message-id=\"1f937b94-6a70-4900-ad30-a9a17c369f4a\">\n<div class=\"markdown prose w-full break-words dark:prose-invert light\">\n<h5 data-start=\"3900\" data-end=\"3952\">\u00c9l\u00e9gance contemporaine et design fonctionnel<\/h5>\n<p data-start=\"3953\" data-end=\"4231\">La <strong data-start=\"3956\" data-end=\"3970\">Chaise Zui<\/strong> incarne une alliance harmonieuse entre esth\u00e9tique moderne et fonctionnalit\u00e9. Son design \u00e9pur\u00e9 apporte une touche \u00e9l\u00e9gante \u00e0 tout int\u00e9rieur. De plus, elle s\u2019int\u00e8gre naturellement dans les espaces contemporains. Ainsi, elle r\u00e9pond aux exigences du design actuel.<\/p>\n<h5 data-start=\"4233\" data-end=\"4272\">Structure m\u00e9tallique expressive<\/h5>\n<p data-start=\"4273\" data-end=\"4546\">La structure en acier inoxydable assure une excellente solidit\u00e9. En m\u00eame temps, elle devient un \u00e9l\u00e9ment graphique fort. Les lignes nettes et formes g\u00e9om\u00e9triques cr\u00e9ent un contraste subtil avec le tissu. Par cons\u00e9quent, la Chaise Zui se distingue par sa silhouette affirm\u00e9e.<\/p>\n<h5 data-start=\"4548\" data-end=\"4597\">Tapisserie confortable et personnalisable<\/h5>\n<p data-start=\"4598\" data-end=\"4829\">La tapisserie textile offre un toucher doux et un confort optimal. Elle est disponible en plusieurs couleurs et textures. Ainsi, tu peux adapter la chaise \u00e0 ton style personnel. Cette personnalisation renforce son caract\u00e8re unique.<\/p>\n<h5 data-start=\"4831\" data-end=\"4881\">Polyvalence pour diff\u00e9rents environnements<\/h5>\n<p data-start=\"4882\" data-end=\"5194\">Gr\u00e2ce \u00e0 son design adaptable, la <strong data-start=\"4915\" data-end=\"4929\">Chaise Zui<\/strong> trouve sa place dans un salon moderne, un bureau \u00e0 domicile ou un coin chambre. De plus, l\u2019association du m\u00e9tal et du tissu cr\u00e9e un \u00e9quilibre visuel \u00e9l\u00e9gant. D\u00e9couvre d\u2019autres cr\u00e9ations dans la <a class=\"decorated-link cursor-pointer\" target=\"_new\" rel=\"noopener\" data-start=\"5124\" data-end=\"5193\">collection Lapa Interior Design<\/a>.<\/p>\n<h5 data-start=\"5196\" data-end=\"5230\">Confort et usage quotidien<\/h5>\n<p data-start=\"5231\" data-end=\"5453\">Facile \u00e0 entretenir, la Chaise Zui est con\u00e7ue pour un usage quotidien. Son ergonomie garantit un confort durable, m\u00eame sur de longues p\u00e9riodes. Pour suivre les tendances du design, explore <a class=\"decorated-link cursor-pointer\" target=\"_new\" rel=\"noopener\" data-start=\"5420\" data-end=\"5452\">Dezeen<\/a>.<\/p>\n<p data-start=\"5455\" data-end=\"5599\"><strong data-start=\"5455\" data-end=\"5470\">Structure :<\/strong> acier inoxydable.<br data-start=\"5488\" data-end=\"5491\" \/><strong data-start=\"5491\" data-end=\"5507\">Tapisserie :<\/strong> tissu (1,70 m).<br data-start=\"5523\" data-end=\"5526\" \/><strong data-start=\"5526\" data-end=\"5550\">Options sur mesure :<\/strong> dimensions et finitions disponibles sur demande.<\/p>\n<p data-start=\"5601\" data-end=\"5692\">La <strong data-start=\"5604\" data-end=\"5618\">Chaise Zui<\/strong> r\u00e9unit forme, confort et design pour une assise r\u00e9solument contemporaine.<\/p>\n<\/div>\n<\/div>\n<\/div>\n<\/div>\n<\/div>\n<\/div>\n<\/div>\n<\/div>\n<\/div>\n<\/div>\n<\/div>\n<\/div>\n<\/div>\n<\/div>\n<\/div>\n<\/div>\n<\/div>\n<\/div>\n<\/div>\n<\/div>\n<\/div>\n<\/div>\n<\/div>\n<\/div>\n","protected":false},"excerpt":{"rendered":"<p>La <strong data-start=\"3500\" data-end=\"3514\">Chaise Zui<\/strong> associe design contemporain et confort. Sa structure en acier inoxydable offre stabilit\u00e9 et caract\u00e8re, tandis que la tapisserie textile apporte douceur et \u00e9l\u00e9gance. Polyvalente, elle s\u2019int\u00e8gre facilement dans le salon, le bureau ou la chambre. Disponible avec options de personnalisation, elle est con\u00e7ue pour un usage quotidien durable et raffin\u00e9.<\/p>\n","protected":false},"featured_media":17468,"template":"","meta":{"_joinchat":{"telephone":"+351910131778","message_text":"Questions about this piece?"}},"product_brand":[],"product_cat":[2395,2393,2394],"product_tag":[2400,4984,2404,5071,2399,2411,2410],"class_list":{"0":"post-19493","1":"product","2":"type-product","3":"status-publish","4":"has-post-thumbnail","6":"product_cat-chairs","7":"product_cat-furniture","8":"product_cat-seating","9":"product_tag-chaise-design","10":"product_tag-chaise-metallique","11":"product_tag-chaise-moderne","12":"product_tag-chaise-tapissee","13":"product_tag-chaise-zui","14":"product_tag-mobilier-contemporain","15":"product_tag-mobilier-design","17":"first","18":"onbackorder","19":"taxable","20":"shipping-taxable","21":"purchasable","22":"product-type-simple"},"yoast_head":"<!-- This site is optimized with the Yoast SEO plugin v26.7 - https:\/\/yoast.com\/wordpress\/plugins\/seo\/ -->\n<title>Chaise Zui - lapainteriordesign.com<\/title>\n<meta name=\"description\" content=\"Chaise Zui au design contemporain avec structure m\u00e9tallique et tissu \u00e9l\u00e9gant. Confortable, personnalisable et id\u00e9ale pour espaces modernes.\" \/>\n<meta name=\"robots\" content=\"index, follow, max-snippet:-1, max-image-preview:large, max-video-preview:-1\" \/>\n<link rel=\"canonical\" href=\"https:\/\/lapainteriordesign.com\/fr\/product\/chaise-zui-2\/\" \/>\n<meta property=\"og:locale\" content=\"fr_FR\" \/>\n<meta property=\"og:type\" content=\"article\" \/>\n<meta property=\"og:title\" content=\"Zui Chair\" \/>\n<meta property=\"og:description\" content=\"Zui Chair: Modern elegance meets comfort in this metal-framed, fabric-upholstered masterpiece, adding sophistication to any space.\" \/>\n<meta property=\"og:url\" content=\"https:\/\/lapainteriordesign.com\/fr\/product\/chaise-zui-2\/\" \/>\n<meta property=\"og:site_name\" content=\"lapainteriordesign.com\" \/>\n<meta property=\"article:publisher\" content=\"https:\/\/www.facebook.com\/LapaInteriorDesign\" \/>\n<meta property=\"article:modified_time\" content=\"2025-12-31T18:19:40+00:00\" \/>\n<meta property=\"og:image\" content=\"https:\/\/lapainteriordesign.com\/wp-content\/uploads\/2026\/02\/cropped-Design-sem-nome-2026-02-04T094114.020.jpg\" \/>\n\t<meta property=\"og:image:width\" content=\"512\" \/>\n\t<meta property=\"og:image:height\" content=\"512\" \/>\n\t<meta property=\"og:image:type\" content=\"image\/jpeg\" \/>\n<meta name=\"twitter:card\" content=\"summary_large_image\" \/>\n<meta name=\"twitter:title\" content=\"Zui Chair\" \/>\n<meta name=\"twitter:description\" content=\"Zui Chair: Modern elegance meets comfort in this metal-framed, fabric-upholstered masterpiece, adding sophistication to any space.\" \/>\n<meta name=\"twitter:site\" content=\"@lapainterior\" \/>\n<meta name=\"twitter:label1\" content=\"Dur\u00e9e de lecture estim\u00e9e\" \/>\n\t<meta name=\"twitter:data1\" content=\"2 minutes\" \/>\n<script type=\"application\/ld+json\" class=\"yoast-schema-graph\">{\"@context\":\"https:\/\/schema.org\",\"@graph\":[{\"@type\":\"WebPage\",\"@id\":\"https:\/\/lapainteriordesign.com\/fr\/product\/chaise-zui-2\/\",\"url\":\"https:\/\/lapainteriordesign.com\/fr\/product\/chaise-zui-2\/\",\"name\":\"Chaise Zui - lapainteriordesign.com\",\"isPartOf\":{\"@id\":\"https:\/\/lapainteriordesign.com\/#website\"},\"primaryImageOfPage\":{\"@id\":\"https:\/\/lapainteriordesign.com\/fr\/product\/chaise-zui-2\/#primaryimage\"},\"image\":{\"@id\":\"https:\/\/lapainteriordesign.com\/fr\/product\/chaise-zui-2\/#primaryimage\"},\"thumbnailUrl\":\"https:\/\/lapainteriordesign.com\/wp-content\/uploads\/2024\/01\/Lapa-Interior-design-Zui-Chair-V1-850x638-1.jpg\",\"datePublished\":\"2024-01-01T17:00:06+00:00\",\"dateModified\":\"2025-12-31T18:19:40+00:00\",\"description\":\"Chaise Zui au design contemporain avec structure m\u00e9tallique et tissu \u00e9l\u00e9gant. Confortable, personnalisable et id\u00e9ale pour espaces modernes.\",\"breadcrumb\":{\"@id\":\"https:\/\/lapainteriordesign.com\/fr\/product\/chaise-zui-2\/#breadcrumb\"},\"inLanguage\":\"fr-FR\",\"potentialAction\":[{\"@type\":\"ReadAction\",\"target\":[\"https:\/\/lapainteriordesign.com\/fr\/product\/chaise-zui-2\/\"]}]},{\"@type\":\"ImageObject\",\"inLanguage\":\"fr-FR\",\"@id\":\"https:\/\/lapainteriordesign.com\/fr\/product\/chaise-zui-2\/#primaryimage\",\"url\":\"https:\/\/lapainteriordesign.com\/wp-content\/uploads\/2024\/01\/Lapa-Interior-design-Zui-Chair-V1-850x638-1.jpg\",\"contentUrl\":\"https:\/\/lapainteriordesign.com\/wp-content\/uploads\/2024\/01\/Lapa-Interior-design-Zui-Chair-V1-850x638-1.jpg\",\"width\":1000,\"height\":1000,\"caption\":\"Lapa-Interior-design-Zui-Chair-V1-850x638\"},{\"@type\":\"BreadcrumbList\",\"@id\":\"https:\/\/lapainteriordesign.com\/fr\/product\/chaise-zui-2\/#breadcrumb\",\"itemListElement\":[{\"@type\":\"ListItem\",\"position\":1,\"name\":\"Home\",\"item\":\"https:\/\/lapainteriordesign.com\/fr\/\"},{\"@type\":\"ListItem\",\"position\":2,\"name\":\"Products\",\"item\":\"https:\/\/lapainteriordesign.com\/products\/\"},{\"@type\":\"ListItem\",\"position\":3,\"name\":\"Chaise Zui\"}]},{\"@type\":\"WebSite\",\"@id\":\"https:\/\/lapainteriordesign.com\/#website\",\"url\":\"https:\/\/lapainteriordesign.com\/\",\"name\":\"lapainteriordesign.com\",\"description\":\"Luxury Interior Design\",\"publisher\":{\"@id\":\"https:\/\/lapainteriordesign.com\/#organization\"},\"potentialAction\":[{\"@type\":\"SearchAction\",\"target\":{\"@type\":\"EntryPoint\",\"urlTemplate\":\"https:\/\/lapainteriordesign.com\/?s={search_term_string}\"},\"query-input\":{\"@type\":\"PropertyValueSpecification\",\"valueRequired\":true,\"valueName\":\"search_term_string\"}}],\"inLanguage\":\"fr-FR\"},{\"@type\":\"Organization\",\"@id\":\"https:\/\/lapainteriordesign.com\/#organization\",\"name\":\"Lapa Interior Design\",\"url\":\"https:\/\/lapainteriordesign.com\/\",\"logo\":{\"@type\":\"ImageObject\",\"inLanguage\":\"fr-FR\",\"@id\":\"https:\/\/lapainteriordesign.com\/#\/schema\/logo\/image\/\",\"url\":\"https:\/\/lapainteriordesign.com\/wp-content\/uploads\/2026\/02\/cropped-Design-sem-nome-2026-02-04T094114.020.jpg\",\"contentUrl\":\"https:\/\/lapainteriordesign.com\/wp-content\/uploads\/2026\/02\/cropped-Design-sem-nome-2026-02-04T094114.020.jpg\",\"width\":512,\"height\":512,\"caption\":\"Lapa Interior Design\"},\"image\":{\"@id\":\"https:\/\/lapainteriordesign.com\/#\/schema\/logo\/image\/\"},\"sameAs\":[\"https:\/\/www.facebook.com\/LapaInteriorDesign\",\"https:\/\/x.com\/lapainterior\",\"https:\/\/www.instagram.com\/lapainteriordesign\/\",\"https:\/\/www.linkedin.com\/in\/lapa-interior-design-376823206\/\"]}]}<\/script>\n<!-- \/ Yoast SEO plugin. -->","yoast_head_json":{"title":"Chaise Zui - lapainteriordesign.com","description":"Chaise Zui au design contemporain avec structure m\u00e9tallique et tissu \u00e9l\u00e9gant. Confortable, personnalisable et id\u00e9ale pour espaces modernes.","robots":{"index":"index","follow":"follow","max-snippet":"max-snippet:-1","max-image-preview":"max-image-preview:large","max-video-preview":"max-video-preview:-1"},"canonical":"https:\/\/lapainteriordesign.com\/fr\/product\/chaise-zui-2\/","og_locale":"fr_FR","og_type":"article","og_title":"Zui Chair","og_description":"Zui Chair: Modern elegance meets comfort in this metal-framed, fabric-upholstered masterpiece, adding sophistication to any space.","og_url":"https:\/\/lapainteriordesign.com\/fr\/product\/chaise-zui-2\/","og_site_name":"lapainteriordesign.com","article_publisher":"https:\/\/www.facebook.com\/LapaInteriorDesign","article_modified_time":"2025-12-31T18:19:40+00:00","og_image":[{"width":512,"height":512,"url":"https:\/\/lapainteriordesign.com\/wp-content\/uploads\/2026\/02\/cropped-Design-sem-nome-2026-02-04T094114.020.jpg","type":"image\/jpeg"}],"twitter_card":"summary_large_image","twitter_title":"Zui Chair","twitter_description":"Zui Chair: Modern elegance meets comfort in this metal-framed, fabric-upholstered masterpiece, adding sophistication to any space.","twitter_site":"@lapainterior","twitter_misc":{"Dur\u00e9e de lecture estim\u00e9e":"2 minutes"},"schema":{"@context":"https:\/\/schema.org","@graph":[{"@type":"WebPage","@id":"https:\/\/lapainteriordesign.com\/fr\/product\/chaise-zui-2\/","url":"https:\/\/lapainteriordesign.com\/fr\/product\/chaise-zui-2\/","name":"Chaise Zui - lapainteriordesign.com","isPartOf":{"@id":"https:\/\/lapainteriordesign.com\/#website"},"primaryImageOfPage":{"@id":"https:\/\/lapainteriordesign.com\/fr\/product\/chaise-zui-2\/#primaryimage"},"image":{"@id":"https:\/\/lapainteriordesign.com\/fr\/product\/chaise-zui-2\/#primaryimage"},"thumbnailUrl":"https:\/\/lapainteriordesign.com\/wp-content\/uploads\/2024\/01\/Lapa-Interior-design-Zui-Chair-V1-850x638-1.jpg","datePublished":"2024-01-01T17:00:06+00:00","dateModified":"2025-12-31T18:19:40+00:00","description":"Chaise Zui au design contemporain avec structure m\u00e9tallique et tissu \u00e9l\u00e9gant. Confortable, personnalisable et id\u00e9ale pour espaces modernes.","breadcrumb":{"@id":"https:\/\/lapainteriordesign.com\/fr\/product\/chaise-zui-2\/#breadcrumb"},"inLanguage":"fr-FR","potentialAction":[{"@type":"ReadAction","target":["https:\/\/lapainteriordesign.com\/fr\/product\/chaise-zui-2\/"]}]},{"@type":"ImageObject","inLanguage":"fr-FR","@id":"https:\/\/lapainteriordesign.com\/fr\/product\/chaise-zui-2\/#primaryimage","url":"https:\/\/lapainteriordesign.com\/wp-content\/uploads\/2024\/01\/Lapa-Interior-design-Zui-Chair-V1-850x638-1.jpg","contentUrl":"https:\/\/lapainteriordesign.com\/wp-content\/uploads\/2024\/01\/Lapa-Interior-design-Zui-Chair-V1-850x638-1.jpg","width":1000,"height":1000,"caption":"Lapa-Interior-design-Zui-Chair-V1-850x638"},{"@type":"BreadcrumbList","@id":"https:\/\/lapainteriordesign.com\/fr\/product\/chaise-zui-2\/#breadcrumb","itemListElement":[{"@type":"ListItem","position":1,"name":"Home","item":"https:\/\/lapainteriordesign.com\/fr\/"},{"@type":"ListItem","position":2,"name":"Products","item":"https:\/\/lapainteriordesign.com\/products\/"},{"@type":"ListItem","position":3,"name":"Chaise Zui"}]},{"@type":"WebSite","@id":"https:\/\/lapainteriordesign.com\/#website","url":"https:\/\/lapainteriordesign.com\/","name":"lapainteriordesign.com","description":"Luxury Interior Design","publisher":{"@id":"https:\/\/lapainteriordesign.com\/#organization"},"potentialAction":[{"@type":"SearchAction","target":{"@type":"EntryPoint","urlTemplate":"https:\/\/lapainteriordesign.com\/?s={search_term_string}"},"query-input":{"@type":"PropertyValueSpecification","valueRequired":true,"valueName":"search_term_string"}}],"inLanguage":"fr-FR"},{"@type":"Organization","@id":"https:\/\/lapainteriordesign.com\/#organization","name":"Lapa Interior Design","url":"https:\/\/lapainteriordesign.com\/","logo":{"@type":"ImageObject","inLanguage":"fr-FR","@id":"https:\/\/lapainteriordesign.com\/#\/schema\/logo\/image\/","url":"https:\/\/lapainteriordesign.com\/wp-content\/uploads\/2026\/02\/cropped-Design-sem-nome-2026-02-04T094114.020.jpg","contentUrl":"https:\/\/lapainteriordesign.com\/wp-content\/uploads\/2026\/02\/cropped-Design-sem-nome-2026-02-04T094114.020.jpg","width":512,"height":512,"caption":"Lapa Interior Design"},"image":{"@id":"https:\/\/lapainteriordesign.com\/#\/schema\/logo\/image\/"},"sameAs":["https:\/\/www.facebook.com\/LapaInteriorDesign","https:\/\/x.com\/lapainterior","https:\/\/www.instagram.com\/lapainteriordesign\/","https:\/\/www.linkedin.com\/in\/lapa-interior-design-376823206\/"]}]}},"_links":{"self":[{"href":"https:\/\/lapainteriordesign.com\/fr\/wp-json\/wp\/v2\/product\/19493","targetHints":{"allow":["GET"]}}],"collection":[{"href":"https:\/\/lapainteriordesign.com\/fr\/wp-json\/wp\/v2\/product"}],"about":[{"href":"https:\/\/lapainteriordesign.com\/fr\/wp-json\/wp\/v2\/types\/product"}],"version-history":[{"count":0,"href":"https:\/\/lapainteriordesign.com\/fr\/wp-json\/wp\/v2\/product\/19493\/revisions"}],"wp:featuredmedia":[{"embeddable":true,"href":"https:\/\/lapainteriordesign.com\/fr\/wp-json\/wp\/v2\/media\/17468"}],"wp:attachment":[{"href":"https:\/\/lapainteriordesign.com\/fr\/wp-json\/wp\/v2\/media?parent=19493"}],"wp:term":[{"taxonomy":"product_brand","embeddable":true,"href":"https:\/\/lapainteriordesign.com\/fr\/wp-json\/wp\/v2\/product_brand?post=19493"},{"taxonomy":"product_cat","embeddable":true,"href":"https:\/\/lapainteriordesign.com\/fr\/wp-json\/wp\/v2\/product_cat?post=19493"},{"taxonomy":"product_tag","embeddable":true,"href":"https:\/\/lapainteriordesign.com\/fr\/wp-json\/wp\/v2\/product_tag?post=19493"}],"curies":[{"name":"wp","href":"https:\/\/api.w.org\/{rel}","templated":true}]}}