{"id":19466,"date":"2025-08-10T20:58:45","date_gmt":"2025-08-10T20:58:45","guid":{"rendered":"https:\/\/lapainteriordesign.com\/product\/elma-3-wall-lamp\/"},"modified":"2025-12-27T15:43:39","modified_gmt":"2025-12-27T15:43:39","slug":"applique-murale-elma-3","status":"publish","type":"product","link":"https:\/\/lapainteriordesign.com\/fr\/product\/applique-murale-elma-3\/","title":{"rendered":"Applique murale Elma 3"},"content":{"rendered":"<h5 data-start=\"2657\" data-end=\"2705\">Elma 3 \u2013 Applique murale au design raffin\u00e9<\/h5>\n<p data-start=\"2707\" data-end=\"2967\">L\u2019<strong data-start=\"2709\" data-end=\"2735\">applique murale Elma 3<\/strong> associe \u00e9l\u00e9gance sobre et \u00e9clairage moderne. D\u00e8s le premier regard, sa structure en m\u00e9tal s\u00e9duit par sa simplicit\u00e9. Elle est disponible en noir mat ou en finition or vieilli. Ainsi, elle s\u2019int\u00e8gre facilement dans diff\u00e9rents d\u00e9cors.<\/p>\n<p data-start=\"2969\" data-end=\"3147\">De plus, l\u2019applique dispose de trois diffuseurs en verre cannel\u00e9. Ceux-ci diffusent une lumi\u00e8re douce et homog\u00e8ne. Par cons\u00e9quent, l\u2019ambiance devient chaleureuse et accueillante.<\/p>\n<h5 data-start=\"3149\" data-end=\"3186\">Un \u00e9clairage chaud et modulable<\/h5>\n<p data-start=\"3188\" data-end=\"3441\">Chaque diffuseur contient une bande LED int\u00e9gr\u00e9e de 9W. La temp\u00e9rature de couleur est de 2700K. Ainsi, la lumi\u00e8re reste apaisante. En outre, le variateur TRIAC permet d\u2019ajuster l\u2019intensit\u00e9 lumineuse. De cette fa\u00e7on, l\u2019\u00e9clairage s\u2019adapte \u00e0 chaque moment.<\/p>\n<p data-start=\"3443\" data-end=\"3623\">Gr\u00e2ce \u00e0 cette polyvalence, l\u2019Elma 3 convient aux salons et salles \u00e0 manger. Il trouve aussi sa place dans des espaces professionnels \u00e9l\u00e9gants. Ainsi, il combine style et praticit\u00e9.<\/p>\n<h5 data-start=\"3625\" data-end=\"3677\">Proportions modernes et efficacit\u00e9 \u00e9nerg\u00e9tique<\/h5>\n<p data-start=\"3679\" data-end=\"3879\">L\u2019applique mesure 32 cm de hauteur et 96 cm de longueur. Ces dimensions offrent un bel \u00e9quilibre visuel. De plus, elle b\u00e9n\u00e9ficie d\u2019une classe \u00e9nerg\u00e9tique A++. Elle assure donc une faible consommation.<\/p>\n<p data-start=\"3881\" data-end=\"4000\">Avec une protection IP20, elle est con\u00e7ue pour un usage int\u00e9rieur. Par cons\u00e9quent, elle garantit s\u00e9curit\u00e9 et fiabilit\u00e9.<\/p>\n<h5 data-start=\"4002\" data-end=\"4038\">L\u2019univers Lapa Interior Design<\/h5>\n<p data-start=\"4040\" data-end=\"4229\">Chez Lapa Interior Design, nous s\u00e9lectionnons des luminaires au design intemporel. L\u2019Elma 3 fait partie de cette vision. Associe-le \u00e0 nos meubles pour cr\u00e9er un espace harmonieux et raffin\u00e9.<\/p>\n<p><a class=\"btn btn-style-bordered btn-shape-rectangle btn-size-large btn-color-black btn-icon-pos-right\" href=\"https:\/\/lapainteriordesign.com\/wp-content\/uploads\/2025\/08\/ELMA_C1312-L_IM-3.pdf\" target=\"_blank\" rel=\"noopener\">Technical Sheet<\/a><\/p>\n<p><a class=\"btn btn-style-bordered btn-shape-rectangle btn-size-large btn-color-black btn-icon-pos-right\" href=\"https:\/\/lapainteriordesign.com\/wp-content\/uploads\/2025\/08\/ELMA_C1312-L_IM-3-1.pdf\" target=\"_blank\" rel=\"noopener\">Assembly Instrutions<\/a><\/p>\n","protected":false},"excerpt":{"rendered":"<p data-start=\"2525\" data-end=\"2650\">Applique murale design avec structure m\u00e9tallique et trois diffuseurs en verre cannel\u00e9. \u00c9clairage chaud, r\u00e9glable et efficace.<\/p>\n<p>&nbsp;<\/p>\n","protected":false},"featured_media":19462,"template":"","meta":{"_joinchat":{"telephone":"+351910131778","message_text":"Questions about this piece?"}},"product_brand":[],"product_cat":[4265,4264],"product_tag":[4259,4226,4272,4260,4270,816,4271],"class_list":{"0":"post-19466","1":"product","2":"type-product","3":"status-publish","4":"has-post-thumbnail","6":"product_cat-ceilling-lamps","7":"product_cat-lighting","8":"product_tag-applique-murale","9":"product_tag-decoration-interieure","10":"product_tag-eclairage-contemporain","11":"product_tag-eclairage-design","12":"product_tag-lampe-led","13":"product_tag-lapa-interior-design","14":"product_tag-lumiere-chaude","16":"first","17":"onbackorder","18":"taxable","19":"shipping-taxable","20":"purchasable","21":"product-type-simple"},"yoast_head":"<!-- This site is optimized with the Yoast SEO plugin v26.7 - https:\/\/yoast.com\/wordpress\/plugins\/seo\/ -->\n<title>Applique murale Elma 3 - lapainteriordesign.com<\/title>\n<meta name=\"description\" content=\"Applique murale Elma 3 avec trois diffuseurs en verre et LED r\u00e9glables. Design moderne, lumi\u00e8re chaude et efficacit\u00e9 \u00e9nerg\u00e9tique.\" \/>\n<meta name=\"robots\" content=\"index, follow, max-snippet:-1, max-image-preview:large, max-video-preview:-1\" \/>\n<link rel=\"canonical\" href=\"https:\/\/lapainteriordesign.com\/fr\/product\/applique-murale-elma-3\/\" \/>\n<meta property=\"og:locale\" content=\"fr_FR\" \/>\n<meta property=\"og:type\" content=\"article\" \/>\n<meta property=\"og:title\" content=\"Elma 3 wall lamp\" \/>\n<meta property=\"og:description\" content=\"Discover the Elma 3 wall lamp at Lapa Interior Design: a minimalist LED fixture with three fluted glass diffusers, adjustable warm light, and sleek metal frame in matte black or aged gold.\" \/>\n<meta property=\"og:url\" content=\"https:\/\/lapainteriordesign.com\/fr\/product\/applique-murale-elma-3\/\" \/>\n<meta property=\"og:site_name\" content=\"lapainteriordesign.com\" \/>\n<meta property=\"article:publisher\" content=\"https:\/\/www.facebook.com\/LapaInteriorDesign\" \/>\n<meta property=\"article:modified_time\" content=\"2025-12-27T15:43:39+00:00\" \/>\n<meta property=\"og:image\" content=\"https:\/\/lapainteriordesign.com\/wp-content\/uploads\/2025\/08\/Lapa_Interior_Design_-C1312_L-ELMA5PENDANT_DESKTOP_ambiente.jpg\" \/>\n\t<meta property=\"og:image:width\" content=\"1000\" \/>\n\t<meta property=\"og:image:height\" content=\"1000\" \/>\n\t<meta property=\"og:image:type\" content=\"image\/jpeg\" \/>\n<meta name=\"twitter:card\" content=\"summary_large_image\" \/>\n<meta name=\"twitter:title\" content=\"Vintage 1974 Throw\" \/>\n<meta name=\"twitter:description\" content=\"Experience the ultimate in coziness with Mustard Vintage 1956 Throw. Crafted from 100% wool, it&#039;s a perfect blend of style and warmth.\" \/>\n<meta name=\"twitter:image\" content=\"https:\/\/lapainteriordesign.com\/wp-content\/uploads\/2024\/11\/vintage-mos-23.39.png\" \/>\n<meta name=\"twitter:site\" content=\"@lapainterior\" \/>\n<meta name=\"twitter:label1\" content=\"Dur\u00e9e de lecture estim\u00e9e\" \/>\n\t<meta name=\"twitter:data1\" content=\"2 minutes\" \/>\n<script type=\"application\/ld+json\" class=\"yoast-schema-graph\">{\"@context\":\"https:\/\/schema.org\",\"@graph\":[{\"@type\":\"WebPage\",\"@id\":\"https:\/\/lapainteriordesign.com\/fr\/product\/applique-murale-elma-3\/\",\"url\":\"https:\/\/lapainteriordesign.com\/fr\/product\/applique-murale-elma-3\/\",\"name\":\"Applique murale Elma 3 - lapainteriordesign.com\",\"isPartOf\":{\"@id\":\"https:\/\/lapainteriordesign.com\/#website\"},\"primaryImageOfPage\":{\"@id\":\"https:\/\/lapainteriordesign.com\/fr\/product\/applique-murale-elma-3\/#primaryimage\"},\"image\":{\"@id\":\"https:\/\/lapainteriordesign.com\/fr\/product\/applique-murale-elma-3\/#primaryimage\"},\"thumbnailUrl\":\"https:\/\/lapainteriordesign.com\/wp-content\/uploads\/2025\/08\/Lapa_Interior_Design_-C1312_L-ELMA5PENDANT_DESKTOP.jpg\",\"datePublished\":\"2025-08-10T20:58:45+00:00\",\"dateModified\":\"2025-12-27T15:43:39+00:00\",\"description\":\"Applique murale Elma 3 avec trois diffuseurs en verre et LED r\u00e9glables. Design moderne, lumi\u00e8re chaude et efficacit\u00e9 \u00e9nerg\u00e9tique.\",\"breadcrumb\":{\"@id\":\"https:\/\/lapainteriordesign.com\/fr\/product\/applique-murale-elma-3\/#breadcrumb\"},\"inLanguage\":\"fr-FR\",\"potentialAction\":[{\"@type\":\"ReadAction\",\"target\":[\"https:\/\/lapainteriordesign.com\/fr\/product\/applique-murale-elma-3\/\"]}]},{\"@type\":\"ImageObject\",\"inLanguage\":\"fr-FR\",\"@id\":\"https:\/\/lapainteriordesign.com\/fr\/product\/applique-murale-elma-3\/#primaryimage\",\"url\":\"https:\/\/lapainteriordesign.com\/wp-content\/uploads\/2025\/08\/Lapa_Interior_Design_-C1312_L-ELMA5PENDANT_DESKTOP.jpg\",\"contentUrl\":\"https:\/\/lapainteriordesign.com\/wp-content\/uploads\/2025\/08\/Lapa_Interior_Design_-C1312_L-ELMA5PENDANT_DESKTOP.jpg\",\"width\":1000,\"height\":1000,\"caption\":\"Side view of Elma 3 wall lamp featuring three integrated 9W LED strips and elegant fluted glass diffusers.\"},{\"@type\":\"BreadcrumbList\",\"@id\":\"https:\/\/lapainteriordesign.com\/fr\/product\/applique-murale-elma-3\/#breadcrumb\",\"itemListElement\":[{\"@type\":\"ListItem\",\"position\":1,\"name\":\"Home\",\"item\":\"https:\/\/lapainteriordesign.com\/fr\/\"},{\"@type\":\"ListItem\",\"position\":2,\"name\":\"Products\",\"item\":\"https:\/\/lapainteriordesign.com\/products\/\"},{\"@type\":\"ListItem\",\"position\":3,\"name\":\"Applique murale Elma 3\"}]},{\"@type\":\"WebSite\",\"@id\":\"https:\/\/lapainteriordesign.com\/#website\",\"url\":\"https:\/\/lapainteriordesign.com\/\",\"name\":\"lapainteriordesign.com\",\"description\":\"Luxury Interior Design\",\"publisher\":{\"@id\":\"https:\/\/lapainteriordesign.com\/#organization\"},\"potentialAction\":[{\"@type\":\"SearchAction\",\"target\":{\"@type\":\"EntryPoint\",\"urlTemplate\":\"https:\/\/lapainteriordesign.com\/?s={search_term_string}\"},\"query-input\":{\"@type\":\"PropertyValueSpecification\",\"valueRequired\":true,\"valueName\":\"search_term_string\"}}],\"inLanguage\":\"fr-FR\"},{\"@type\":\"Organization\",\"@id\":\"https:\/\/lapainteriordesign.com\/#organization\",\"name\":\"Lapa Interior Design\",\"url\":\"https:\/\/lapainteriordesign.com\/\",\"logo\":{\"@type\":\"ImageObject\",\"inLanguage\":\"fr-FR\",\"@id\":\"https:\/\/lapainteriordesign.com\/#\/schema\/logo\/image\/\",\"url\":\"https:\/\/lapainteriordesign.com\/wp-content\/uploads\/2026\/02\/cropped-Design-sem-nome-2026-02-04T094114.020.jpg\",\"contentUrl\":\"https:\/\/lapainteriordesign.com\/wp-content\/uploads\/2026\/02\/cropped-Design-sem-nome-2026-02-04T094114.020.jpg\",\"width\":512,\"height\":512,\"caption\":\"Lapa Interior Design\"},\"image\":{\"@id\":\"https:\/\/lapainteriordesign.com\/#\/schema\/logo\/image\/\"},\"sameAs\":[\"https:\/\/www.facebook.com\/LapaInteriorDesign\",\"https:\/\/x.com\/lapainterior\",\"https:\/\/www.instagram.com\/lapainteriordesign\/\",\"https:\/\/www.linkedin.com\/in\/lapa-interior-design-376823206\/\"]}]}<\/script>\n<!-- \/ Yoast SEO plugin. -->","yoast_head_json":{"title":"Applique murale Elma 3 - lapainteriordesign.com","description":"Applique murale Elma 3 avec trois diffuseurs en verre et LED r\u00e9glables. Design moderne, lumi\u00e8re chaude et efficacit\u00e9 \u00e9nerg\u00e9tique.","robots":{"index":"index","follow":"follow","max-snippet":"max-snippet:-1","max-image-preview":"max-image-preview:large","max-video-preview":"max-video-preview:-1"},"canonical":"https:\/\/lapainteriordesign.com\/fr\/product\/applique-murale-elma-3\/","og_locale":"fr_FR","og_type":"article","og_title":"Elma 3 wall lamp","og_description":"Discover the Elma 3 wall lamp at Lapa Interior Design: a minimalist LED fixture with three fluted glass diffusers, adjustable warm light, and sleek metal frame in matte black or aged gold.","og_url":"https:\/\/lapainteriordesign.com\/fr\/product\/applique-murale-elma-3\/","og_site_name":"lapainteriordesign.com","article_publisher":"https:\/\/www.facebook.com\/LapaInteriorDesign","article_modified_time":"2025-12-27T15:43:39+00:00","og_image":[{"width":1000,"height":1000,"url":"https:\/\/lapainteriordesign.com\/wp-content\/uploads\/2025\/08\/Lapa_Interior_Design_-C1312_L-ELMA5PENDANT_DESKTOP_ambiente.jpg","type":"image\/jpeg"}],"twitter_card":"summary_large_image","twitter_title":"Vintage 1974 Throw","twitter_description":"Experience the ultimate in coziness with Mustard Vintage 1956 Throw. Crafted from 100% wool, it's a perfect blend of style and warmth.","twitter_image":"https:\/\/lapainteriordesign.com\/wp-content\/uploads\/2024\/11\/vintage-mos-23.39.png","twitter_site":"@lapainterior","twitter_misc":{"Dur\u00e9e de lecture estim\u00e9e":"2 minutes"},"schema":{"@context":"https:\/\/schema.org","@graph":[{"@type":"WebPage","@id":"https:\/\/lapainteriordesign.com\/fr\/product\/applique-murale-elma-3\/","url":"https:\/\/lapainteriordesign.com\/fr\/product\/applique-murale-elma-3\/","name":"Applique murale Elma 3 - lapainteriordesign.com","isPartOf":{"@id":"https:\/\/lapainteriordesign.com\/#website"},"primaryImageOfPage":{"@id":"https:\/\/lapainteriordesign.com\/fr\/product\/applique-murale-elma-3\/#primaryimage"},"image":{"@id":"https:\/\/lapainteriordesign.com\/fr\/product\/applique-murale-elma-3\/#primaryimage"},"thumbnailUrl":"https:\/\/lapainteriordesign.com\/wp-content\/uploads\/2025\/08\/Lapa_Interior_Design_-C1312_L-ELMA5PENDANT_DESKTOP.jpg","datePublished":"2025-08-10T20:58:45+00:00","dateModified":"2025-12-27T15:43:39+00:00","description":"Applique murale Elma 3 avec trois diffuseurs en verre et LED r\u00e9glables. Design moderne, lumi\u00e8re chaude et efficacit\u00e9 \u00e9nerg\u00e9tique.","breadcrumb":{"@id":"https:\/\/lapainteriordesign.com\/fr\/product\/applique-murale-elma-3\/#breadcrumb"},"inLanguage":"fr-FR","potentialAction":[{"@type":"ReadAction","target":["https:\/\/lapainteriordesign.com\/fr\/product\/applique-murale-elma-3\/"]}]},{"@type":"ImageObject","inLanguage":"fr-FR","@id":"https:\/\/lapainteriordesign.com\/fr\/product\/applique-murale-elma-3\/#primaryimage","url":"https:\/\/lapainteriordesign.com\/wp-content\/uploads\/2025\/08\/Lapa_Interior_Design_-C1312_L-ELMA5PENDANT_DESKTOP.jpg","contentUrl":"https:\/\/lapainteriordesign.com\/wp-content\/uploads\/2025\/08\/Lapa_Interior_Design_-C1312_L-ELMA5PENDANT_DESKTOP.jpg","width":1000,"height":1000,"caption":"Side view of Elma 3 wall lamp featuring three integrated 9W LED strips and elegant fluted glass diffusers."},{"@type":"BreadcrumbList","@id":"https:\/\/lapainteriordesign.com\/fr\/product\/applique-murale-elma-3\/#breadcrumb","itemListElement":[{"@type":"ListItem","position":1,"name":"Home","item":"https:\/\/lapainteriordesign.com\/fr\/"},{"@type":"ListItem","position":2,"name":"Products","item":"https:\/\/lapainteriordesign.com\/products\/"},{"@type":"ListItem","position":3,"name":"Applique murale Elma 3"}]},{"@type":"WebSite","@id":"https:\/\/lapainteriordesign.com\/#website","url":"https:\/\/lapainteriordesign.com\/","name":"lapainteriordesign.com","description":"Luxury Interior Design","publisher":{"@id":"https:\/\/lapainteriordesign.com\/#organization"},"potentialAction":[{"@type":"SearchAction","target":{"@type":"EntryPoint","urlTemplate":"https:\/\/lapainteriordesign.com\/?s={search_term_string}"},"query-input":{"@type":"PropertyValueSpecification","valueRequired":true,"valueName":"search_term_string"}}],"inLanguage":"fr-FR"},{"@type":"Organization","@id":"https:\/\/lapainteriordesign.com\/#organization","name":"Lapa Interior Design","url":"https:\/\/lapainteriordesign.com\/","logo":{"@type":"ImageObject","inLanguage":"fr-FR","@id":"https:\/\/lapainteriordesign.com\/#\/schema\/logo\/image\/","url":"https:\/\/lapainteriordesign.com\/wp-content\/uploads\/2026\/02\/cropped-Design-sem-nome-2026-02-04T094114.020.jpg","contentUrl":"https:\/\/lapainteriordesign.com\/wp-content\/uploads\/2026\/02\/cropped-Design-sem-nome-2026-02-04T094114.020.jpg","width":512,"height":512,"caption":"Lapa Interior Design"},"image":{"@id":"https:\/\/lapainteriordesign.com\/#\/schema\/logo\/image\/"},"sameAs":["https:\/\/www.facebook.com\/LapaInteriorDesign","https:\/\/x.com\/lapainterior","https:\/\/www.instagram.com\/lapainteriordesign\/","https:\/\/www.linkedin.com\/in\/lapa-interior-design-376823206\/"]}]}},"_links":{"self":[{"href":"https:\/\/lapainteriordesign.com\/fr\/wp-json\/wp\/v2\/product\/19466","targetHints":{"allow":["GET"]}}],"collection":[{"href":"https:\/\/lapainteriordesign.com\/fr\/wp-json\/wp\/v2\/product"}],"about":[{"href":"https:\/\/lapainteriordesign.com\/fr\/wp-json\/wp\/v2\/types\/product"}],"version-history":[{"count":0,"href":"https:\/\/lapainteriordesign.com\/fr\/wp-json\/wp\/v2\/product\/19466\/revisions"}],"wp:featuredmedia":[{"embeddable":true,"href":"https:\/\/lapainteriordesign.com\/fr\/wp-json\/wp\/v2\/media\/19462"}],"wp:attachment":[{"href":"https:\/\/lapainteriordesign.com\/fr\/wp-json\/wp\/v2\/media?parent=19466"}],"wp:term":[{"taxonomy":"product_brand","embeddable":true,"href":"https:\/\/lapainteriordesign.com\/fr\/wp-json\/wp\/v2\/product_brand?post=19466"},{"taxonomy":"product_cat","embeddable":true,"href":"https:\/\/lapainteriordesign.com\/fr\/wp-json\/wp\/v2\/product_cat?post=19466"},{"taxonomy":"product_tag","embeddable":true,"href":"https:\/\/lapainteriordesign.com\/fr\/wp-json\/wp\/v2\/product_tag?post=19466"}],"curies":[{"name":"wp","href":"https:\/\/api.w.org\/{rel}","templated":true}]}}