{"id":19449,"date":"2025-08-10T21:19:21","date_gmt":"2025-08-10T21:19:21","guid":{"rendered":"https:\/\/lapainteriordesign.com\/product\/aplique-de-pared-tura-2tura-2-aplique-de-pared-de-diseno-contemporaneo-el-aplique-de-pared-tura-2-combina-diseno-moderno-y-funcionalidad-desde-el-primer-vistazo-destaca-por-su-estructura\/"},"modified":"2025-12-27T15:43:29","modified_gmt":"2025-12-27T15:43:29","slug":"applique-murale-tura-2","status":"publish","type":"product","link":"https:\/\/lapainteriordesign.com\/fr\/product\/applique-murale-tura-2\/","title":{"rendered":"Applique murale Tura 2"},"content":{"rendered":"<h5 data-start=\"2932\" data-end=\"2980\">Applique murale au design moderne<\/h5>\n<p data-start=\"2982\" data-end=\"3245\">L\u2019<strong data-start=\"2984\" data-end=\"3010\">applique murale Tura 2<\/strong> associe design contemporain et usage pratique. D\u00e8s le premier regard, sa structure en m\u00e9tal noir mat attire l\u2019attention. De plus, le diffuseur en cuir v\u00e9ritable apporte une touche chaleureuse. Ainsi, l\u2019espace devient plus accueillant.<\/p>\n<p data-start=\"3247\" data-end=\"3473\">Le diffuseur est disponible en trois couleurs. Il existe en noir, brun ou orange. Par cons\u00e9quent, il s\u2019adapte facilement \u00e0 diff\u00e9rents int\u00e9rieurs. Que ce soit dans un salon ou une salle \u00e0 manger, cette applique trouve sa place.<\/p>\n<h5 data-start=\"3475\" data-end=\"3512\">Une lumi\u00e8re chaude et ajustable<\/h5>\n<p data-start=\"3514\" data-end=\"3748\">Le Tura 2 int\u00e8gre six LEDs de 5W. Elles diffusent une lumi\u00e8re chaude de 2700K. Ainsi, l\u2019ambiance reste douce et apaisante. En outre, l\u2019applique dispose d\u2019un variateur filaire. De cette fa\u00e7on, l\u2019intensit\u00e9 lumineuse se r\u00e8gle simplement.<\/p>\n<p data-start=\"3750\" data-end=\"3870\">Gr\u00e2ce \u00e0 cette option, l\u2019\u00e9clairage s\u2019adapte \u00e0 chaque moment. Il convient aussi bien \u00e0 la d\u00e9tente qu\u2019aux moments partag\u00e9s.<\/p>\n<h5 data-start=\"3872\" data-end=\"3917\">Performance \u00e9nerg\u00e9tique et adaptabilit\u00e9<\/h5>\n<p data-start=\"3919\" data-end=\"4141\">Cette applique b\u00e9n\u00e9ficie d\u2019une classe \u00e9nerg\u00e9tique A++. Elle assure donc une consommation r\u00e9duite. Con\u00e7ue pour un usage int\u00e9rieur, elle poss\u00e8de une protection IP20. De plus, son format compact facilite l\u2019int\u00e9gration murale.<\/p>\n<p data-start=\"4143\" data-end=\"4265\">Par ailleurs, son style minimaliste s\u2019harmonise avec des d\u00e9cors modernes ou transitionnels. Ainsi, elle reste polyvalente.<\/p>\n<h5 data-start=\"4267\" data-end=\"4302\">L\u2019esprit Lapa Interior Design<\/h5>\n<p data-start=\"4304\" data-end=\"4524\">Chez Lapa Interior Design, nous privil\u00e9gions des pi\u00e8ces \u00e9l\u00e9gantes et fonctionnelles. C\u2019est pourquoi le Tura 2 s\u2019accorde parfaitement avec le reste de la collection. Il contribue \u00e0 cr\u00e9er des espaces coh\u00e9rents et raffin\u00e9s.<\/p>\n<p data-start=\"4526\" data-end=\"4665\"><strong data-start=\"4526\" data-end=\"4541\">Puissance :<\/strong> 6 x 5W LED<br data-start=\"4552\" data-end=\"4555\" \/><strong data-start=\"4555\" data-end=\"4583\">Temp\u00e9rature de couleur :<\/strong> 2700K<br data-start=\"4589\" data-end=\"4592\" \/><strong data-start=\"4592\" data-end=\"4609\">Utilisation :<\/strong> Int\u00e9rieur | IP20<br data-start=\"4626\" data-end=\"4629\" \/><strong data-start=\"4629\" data-end=\"4644\">Variation :<\/strong> Variateur avec c\u00e2ble<\/p>\n<p><a class=\"btn btn-style-bordered btn-shape-rectangle btn-size-large btn-color-black btn-icon-pos-right\" href=\"https:\/\/lapainteriordesign.com\/wp-content\/uploads\/2025\/08\/C1313-TURA.pdf\" target=\"_blank\" rel=\"noopener\">Technical Sheet<\/a><\/p>\n<p>&nbsp;<\/p>\n","protected":false},"excerpt":{"rendered":"<p>Applique murale design avec structure noire mate et diffuseur en cuir naturel. \u00c9clairage chaud, r\u00e9glable et efficace.<\/p>\n","protected":false},"featured_media":19445,"template":"","meta":{"_joinchat":[]},"product_brand":[],"product_cat":[88],"product_tag":[4259,4226,4260,4263,4261,816,4262],"class_list":{"0":"post-19449","1":"product","2":"type-product","3":"status-publish","4":"has-post-thumbnail","6":"product_cat-ceilling-lamps","7":"product_tag-applique-murale","8":"product_tag-decoration-interieure","9":"product_tag-eclairage-design","10":"product_tag-eclairage-moderne","11":"product_tag-lampe-murale","12":"product_tag-lapa-interior-design","13":"product_tag-led-chaude","15":"first","16":"onbackorder","17":"taxable","18":"shipping-taxable","19":"product-type-simple"},"yoast_head":"<!-- This site is optimized with the Yoast SEO plugin v26.7 - https:\/\/yoast.com\/wordpress\/plugins\/seo\/ -->\n<title>Applique murale Tura 2 - lapainteriordesign.com<\/title>\n<meta name=\"description\" content=\"Applique murale Tura 2 avec diffuseur en cuir et LED r\u00e9glables. Design moderne, lumi\u00e8re chaude et efficacit\u00e9 \u00e9nerg\u00e9tique.\" \/>\n<meta name=\"robots\" content=\"index, follow, max-snippet:-1, max-image-preview:large, max-video-preview:-1\" \/>\n<link rel=\"canonical\" href=\"https:\/\/lapainteriordesign.com\/fr\/product\/applique-murale-tura-2\/\" \/>\n<meta property=\"og:locale\" content=\"fr_FR\" \/>\n<meta property=\"og:type\" content=\"article\" \/>\n<meta property=\"og:title\" content=\"Applique murale Tura 2 - lapainteriordesign.com\" \/>\n<meta property=\"og:description\" content=\"Applique murale Tura 2 avec diffuseur en cuir et LED r\u00e9glables. Design moderne, lumi\u00e8re chaude et efficacit\u00e9 \u00e9nerg\u00e9tique.\" \/>\n<meta property=\"og:url\" content=\"https:\/\/lapainteriordesign.com\/fr\/product\/applique-murale-tura-2\/\" \/>\n<meta property=\"og:site_name\" content=\"lapainteriordesign.com\" \/>\n<meta property=\"article:publisher\" content=\"https:\/\/www.facebook.com\/LapaInteriorDesign\" \/>\n<meta property=\"article:modified_time\" content=\"2025-12-27T15:43:29+00:00\" \/>\n<meta property=\"og:image\" content=\"https:\/\/lapainteriordesign.com\/wp-content\/uploads\/2025\/08\/Lapa_Interior_Design_-C1313-TURAPENDANT_DESKTOP-430x430.jpg\" \/>\n<meta name=\"twitter:card\" content=\"summary_large_image\" \/>\n<meta name=\"twitter:image\" content=\"https:\/\/lapainteriordesign.com\/wp-content\/uploads\/2024\/11\/vintage-mos-23.39.png\" \/>\n<meta name=\"twitter:site\" content=\"@lapainterior\" \/>\n<meta name=\"twitter:label1\" content=\"Dur\u00e9e de lecture estim\u00e9e\" \/>\n\t<meta name=\"twitter:data1\" content=\"2 minutes\" \/>\n<script type=\"application\/ld+json\" class=\"yoast-schema-graph\">{\"@context\":\"https:\/\/schema.org\",\"@graph\":[{\"@type\":\"WebPage\",\"@id\":\"https:\/\/lapainteriordesign.com\/fr\/product\/applique-murale-tura-2\/\",\"url\":\"https:\/\/lapainteriordesign.com\/fr\/product\/applique-murale-tura-2\/\",\"name\":\"Applique murale Tura 2 - lapainteriordesign.com\",\"isPartOf\":{\"@id\":\"https:\/\/lapainteriordesign.com\/#website\"},\"primaryImageOfPage\":{\"@id\":\"https:\/\/lapainteriordesign.com\/fr\/product\/applique-murale-tura-2\/#primaryimage\"},\"image\":{\"@id\":\"https:\/\/lapainteriordesign.com\/fr\/product\/applique-murale-tura-2\/#primaryimage\"},\"thumbnailUrl\":\"https:\/\/lapainteriordesign.com\/wp-content\/uploads\/2025\/08\/Lapa_Interior_Design_-C1313-TURAPENDANT_DESKTOP.jpg\",\"datePublished\":\"2025-08-10T21:19:21+00:00\",\"dateModified\":\"2025-12-27T15:43:29+00:00\",\"description\":\"Applique murale Tura 2 avec diffuseur en cuir et LED r\u00e9glables. Design moderne, lumi\u00e8re chaude et efficacit\u00e9 \u00e9nerg\u00e9tique.\",\"breadcrumb\":{\"@id\":\"https:\/\/lapainteriordesign.com\/fr\/product\/applique-murale-tura-2\/#breadcrumb\"},\"inLanguage\":\"fr-FR\",\"potentialAction\":[{\"@type\":\"ReadAction\",\"target\":[\"https:\/\/lapainteriordesign.com\/fr\/product\/applique-murale-tura-2\/\"]}]},{\"@type\":\"ImageObject\",\"inLanguage\":\"fr-FR\",\"@id\":\"https:\/\/lapainteriordesign.com\/fr\/product\/applique-murale-tura-2\/#primaryimage\",\"url\":\"https:\/\/lapainteriordesign.com\/wp-content\/uploads\/2025\/08\/Lapa_Interior_Design_-C1313-TURAPENDANT_DESKTOP.jpg\",\"contentUrl\":\"https:\/\/lapainteriordesign.com\/wp-content\/uploads\/2025\/08\/Lapa_Interior_Design_-C1313-TURAPENDANT_DESKTOP.jpg\",\"width\":1000,\"height\":1000,\"caption\":\"Minimalist Tura 2 wall lamp with wired dimmer, perfect for contemporary interiors and ambient lighting.\"},{\"@type\":\"BreadcrumbList\",\"@id\":\"https:\/\/lapainteriordesign.com\/fr\/product\/applique-murale-tura-2\/#breadcrumb\",\"itemListElement\":[{\"@type\":\"ListItem\",\"position\":1,\"name\":\"Home\",\"item\":\"https:\/\/lapainteriordesign.com\/fr\/\"},{\"@type\":\"ListItem\",\"position\":2,\"name\":\"Products\",\"item\":\"https:\/\/lapainteriordesign.com\/products\/\"},{\"@type\":\"ListItem\",\"position\":3,\"name\":\"Applique murale Tura 2\"}]},{\"@type\":\"WebSite\",\"@id\":\"https:\/\/lapainteriordesign.com\/#website\",\"url\":\"https:\/\/lapainteriordesign.com\/\",\"name\":\"lapainteriordesign.com\",\"description\":\"Luxury Interior Design\",\"publisher\":{\"@id\":\"https:\/\/lapainteriordesign.com\/#organization\"},\"potentialAction\":[{\"@type\":\"SearchAction\",\"target\":{\"@type\":\"EntryPoint\",\"urlTemplate\":\"https:\/\/lapainteriordesign.com\/?s={search_term_string}\"},\"query-input\":{\"@type\":\"PropertyValueSpecification\",\"valueRequired\":true,\"valueName\":\"search_term_string\"}}],\"inLanguage\":\"fr-FR\"},{\"@type\":\"Organization\",\"@id\":\"https:\/\/lapainteriordesign.com\/#organization\",\"name\":\"Lapa Interior Design\",\"url\":\"https:\/\/lapainteriordesign.com\/\",\"logo\":{\"@type\":\"ImageObject\",\"inLanguage\":\"fr-FR\",\"@id\":\"https:\/\/lapainteriordesign.com\/#\/schema\/logo\/image\/\",\"url\":\"https:\/\/lapainteriordesign.com\/wp-content\/uploads\/2026\/02\/cropped-Design-sem-nome-2026-02-04T094114.020.jpg\",\"contentUrl\":\"https:\/\/lapainteriordesign.com\/wp-content\/uploads\/2026\/02\/cropped-Design-sem-nome-2026-02-04T094114.020.jpg\",\"width\":512,\"height\":512,\"caption\":\"Lapa Interior Design\"},\"image\":{\"@id\":\"https:\/\/lapainteriordesign.com\/#\/schema\/logo\/image\/\"},\"sameAs\":[\"https:\/\/www.facebook.com\/LapaInteriorDesign\",\"https:\/\/x.com\/lapainterior\",\"https:\/\/www.instagram.com\/lapainteriordesign\/\",\"https:\/\/www.linkedin.com\/in\/lapa-interior-design-376823206\/\"]}]}<\/script>\n<!-- \/ Yoast SEO plugin. -->","yoast_head_json":{"title":"Applique murale Tura 2 - lapainteriordesign.com","description":"Applique murale Tura 2 avec diffuseur en cuir et LED r\u00e9glables. Design moderne, lumi\u00e8re chaude et efficacit\u00e9 \u00e9nerg\u00e9tique.","robots":{"index":"index","follow":"follow","max-snippet":"max-snippet:-1","max-image-preview":"max-image-preview:large","max-video-preview":"max-video-preview:-1"},"canonical":"https:\/\/lapainteriordesign.com\/fr\/product\/applique-murale-tura-2\/","og_locale":"fr_FR","og_type":"article","og_title":"Applique murale Tura 2 - lapainteriordesign.com","og_description":"Applique murale Tura 2 avec diffuseur en cuir et LED r\u00e9glables. Design moderne, lumi\u00e8re chaude et efficacit\u00e9 \u00e9nerg\u00e9tique.","og_url":"https:\/\/lapainteriordesign.com\/fr\/product\/applique-murale-tura-2\/","og_site_name":"lapainteriordesign.com","article_publisher":"https:\/\/www.facebook.com\/LapaInteriorDesign","article_modified_time":"2025-12-27T15:43:29+00:00","og_image":[{"url":"https:\/\/lapainteriordesign.com\/wp-content\/uploads\/2025\/08\/Lapa_Interior_Design_-C1313-TURAPENDANT_DESKTOP-430x430.jpg","type":"","width":"","height":""}],"twitter_card":"summary_large_image","twitter_image":"https:\/\/lapainteriordesign.com\/wp-content\/uploads\/2024\/11\/vintage-mos-23.39.png","twitter_site":"@lapainterior","twitter_misc":{"Dur\u00e9e de lecture estim\u00e9e":"2 minutes"},"schema":{"@context":"https:\/\/schema.org","@graph":[{"@type":"WebPage","@id":"https:\/\/lapainteriordesign.com\/fr\/product\/applique-murale-tura-2\/","url":"https:\/\/lapainteriordesign.com\/fr\/product\/applique-murale-tura-2\/","name":"Applique murale Tura 2 - lapainteriordesign.com","isPartOf":{"@id":"https:\/\/lapainteriordesign.com\/#website"},"primaryImageOfPage":{"@id":"https:\/\/lapainteriordesign.com\/fr\/product\/applique-murale-tura-2\/#primaryimage"},"image":{"@id":"https:\/\/lapainteriordesign.com\/fr\/product\/applique-murale-tura-2\/#primaryimage"},"thumbnailUrl":"https:\/\/lapainteriordesign.com\/wp-content\/uploads\/2025\/08\/Lapa_Interior_Design_-C1313-TURAPENDANT_DESKTOP.jpg","datePublished":"2025-08-10T21:19:21+00:00","dateModified":"2025-12-27T15:43:29+00:00","description":"Applique murale Tura 2 avec diffuseur en cuir et LED r\u00e9glables. Design moderne, lumi\u00e8re chaude et efficacit\u00e9 \u00e9nerg\u00e9tique.","breadcrumb":{"@id":"https:\/\/lapainteriordesign.com\/fr\/product\/applique-murale-tura-2\/#breadcrumb"},"inLanguage":"fr-FR","potentialAction":[{"@type":"ReadAction","target":["https:\/\/lapainteriordesign.com\/fr\/product\/applique-murale-tura-2\/"]}]},{"@type":"ImageObject","inLanguage":"fr-FR","@id":"https:\/\/lapainteriordesign.com\/fr\/product\/applique-murale-tura-2\/#primaryimage","url":"https:\/\/lapainteriordesign.com\/wp-content\/uploads\/2025\/08\/Lapa_Interior_Design_-C1313-TURAPENDANT_DESKTOP.jpg","contentUrl":"https:\/\/lapainteriordesign.com\/wp-content\/uploads\/2025\/08\/Lapa_Interior_Design_-C1313-TURAPENDANT_DESKTOP.jpg","width":1000,"height":1000,"caption":"Minimalist Tura 2 wall lamp with wired dimmer, perfect for contemporary interiors and ambient lighting."},{"@type":"BreadcrumbList","@id":"https:\/\/lapainteriordesign.com\/fr\/product\/applique-murale-tura-2\/#breadcrumb","itemListElement":[{"@type":"ListItem","position":1,"name":"Home","item":"https:\/\/lapainteriordesign.com\/fr\/"},{"@type":"ListItem","position":2,"name":"Products","item":"https:\/\/lapainteriordesign.com\/products\/"},{"@type":"ListItem","position":3,"name":"Applique murale Tura 2"}]},{"@type":"WebSite","@id":"https:\/\/lapainteriordesign.com\/#website","url":"https:\/\/lapainteriordesign.com\/","name":"lapainteriordesign.com","description":"Luxury Interior Design","publisher":{"@id":"https:\/\/lapainteriordesign.com\/#organization"},"potentialAction":[{"@type":"SearchAction","target":{"@type":"EntryPoint","urlTemplate":"https:\/\/lapainteriordesign.com\/?s={search_term_string}"},"query-input":{"@type":"PropertyValueSpecification","valueRequired":true,"valueName":"search_term_string"}}],"inLanguage":"fr-FR"},{"@type":"Organization","@id":"https:\/\/lapainteriordesign.com\/#organization","name":"Lapa Interior Design","url":"https:\/\/lapainteriordesign.com\/","logo":{"@type":"ImageObject","inLanguage":"fr-FR","@id":"https:\/\/lapainteriordesign.com\/#\/schema\/logo\/image\/","url":"https:\/\/lapainteriordesign.com\/wp-content\/uploads\/2026\/02\/cropped-Design-sem-nome-2026-02-04T094114.020.jpg","contentUrl":"https:\/\/lapainteriordesign.com\/wp-content\/uploads\/2026\/02\/cropped-Design-sem-nome-2026-02-04T094114.020.jpg","width":512,"height":512,"caption":"Lapa Interior Design"},"image":{"@id":"https:\/\/lapainteriordesign.com\/#\/schema\/logo\/image\/"},"sameAs":["https:\/\/www.facebook.com\/LapaInteriorDesign","https:\/\/x.com\/lapainterior","https:\/\/www.instagram.com\/lapainteriordesign\/","https:\/\/www.linkedin.com\/in\/lapa-interior-design-376823206\/"]}]}},"_links":{"self":[{"href":"https:\/\/lapainteriordesign.com\/fr\/wp-json\/wp\/v2\/product\/19449","targetHints":{"allow":["GET"]}}],"collection":[{"href":"https:\/\/lapainteriordesign.com\/fr\/wp-json\/wp\/v2\/product"}],"about":[{"href":"https:\/\/lapainteriordesign.com\/fr\/wp-json\/wp\/v2\/types\/product"}],"version-history":[{"count":0,"href":"https:\/\/lapainteriordesign.com\/fr\/wp-json\/wp\/v2\/product\/19449\/revisions"}],"wp:featuredmedia":[{"embeddable":true,"href":"https:\/\/lapainteriordesign.com\/fr\/wp-json\/wp\/v2\/media\/19445"}],"wp:attachment":[{"href":"https:\/\/lapainteriordesign.com\/fr\/wp-json\/wp\/v2\/media?parent=19449"}],"wp:term":[{"taxonomy":"product_brand","embeddable":true,"href":"https:\/\/lapainteriordesign.com\/fr\/wp-json\/wp\/v2\/product_brand?post=19449"},{"taxonomy":"product_cat","embeddable":true,"href":"https:\/\/lapainteriordesign.com\/fr\/wp-json\/wp\/v2\/product_cat?post=19449"},{"taxonomy":"product_tag","embeddable":true,"href":"https:\/\/lapainteriordesign.com\/fr\/wp-json\/wp\/v2\/product_tag?post=19449"}],"curies":[{"name":"wp","href":"https:\/\/api.w.org\/{rel}","templated":true}]}}