{"id":19430,"date":"2025-10-18T16:09:42","date_gmt":"2025-10-18T16:09:42","guid":{"rendered":"https:\/\/lapainteriordesign.com\/product\/vela-mediterranean-blue-xl\/"},"modified":"2025-12-27T11:03:07","modified_gmt":"2025-12-27T11:03:07","slug":"bougie-mediterranean-blue-xl","status":"publish","type":"product","link":"https:\/\/lapainteriordesign.com\/fr\/product\/bougie-mediterranean-blue-xl\/","title":{"rendered":"Bougie Mediterranean Blue XL"},"content":{"rendered":"<h5 data-start=\"2763\" data-end=\"2810\"><strong data-start=\"2766\" data-end=\"2810\">Mediterranean Blue XL Candle<\/strong><\/h5>\n<p data-start=\"2812\" data-end=\"3013\">La <strong data-start=\"2815\" data-end=\"2847\">bougie Mediterranean Blue XL<\/strong> transforme l\u2019atmosph\u00e8re d\u00e8s l\u2019allumage. Imm\u00e9diatement, l\u2019espace devient plus lumineux et apaisant. Ainsi, ton int\u00e9rieur \u00e9voque la douceur de la c\u00f4te m\u00e9diterran\u00e9enne.<\/p>\n<p data-start=\"3015\" data-end=\"3271\">D\u2019abord, les notes florales apportent fra\u00eecheur et l\u00e9g\u00e8ret\u00e9. Ensuite, les accords fruit\u00e9s ajoutent une touche d\u00e9licate. Ensemble, ils rappellent la brise marine et les journ\u00e9es ensoleill\u00e9es. Par cons\u00e9quent, cette bougie favorise la d\u00e9tente et le bien-\u00eatre.<\/p>\n<p data-start=\"3273\" data-end=\"3528\">Au-del\u00e0 du parfum, cette bougie cr\u00e9e une v\u00e9ritable exp\u00e9rience sensorielle. \u00c0 mesure que la cire fond, la fragrance se diffuse lentement. De cette fa\u00e7on, l\u2019ambiance reste douce et enveloppante. Que ce soit dans le salon ou la chambre, elle invite au calme.<\/p>\n<p data-start=\"3530\" data-end=\"3861\">Par ailleurs, la Mediterranean Blue XL refl\u00e8te un engagement fort pour la durabilit\u00e9. C\u2019est pourquoi elle est fabriqu\u00e9e \u00e0 partir de cire v\u00e9g\u00e9tale de soja. Celle-ci assure une combustion propre et longue. De plus, les parfums s\u2019inspirent d\u2019\u00e9l\u00e9ments naturels. Les m\u00e8ches en coton 100 % naturel garantissent une flamme stable et s\u00fbre.<\/p>\n<p data-start=\"3863\" data-end=\"4036\">Enfin, son design intemporel compl\u00e8te tous les styles d\u2019int\u00e9rieur. Son verre cr\u00e8me apporte \u00e9l\u00e9gance et sobri\u00e9t\u00e9. Ainsi, la bougie devient aussi un \u00e9l\u00e9ment d\u00e9coratif raffin\u00e9.<\/p>\n<p data-start=\"4038\" data-end=\"4212\">En r\u00e9sum\u00e9, la <strong data-start=\"4052\" data-end=\"4084\">bougie Mediterranean Blue XL<\/strong> offre bien plus qu\u2019un parfum. Elle apporte une sensation de luxe responsable et une parenth\u00e8se m\u00e9diterran\u00e9enne \u00e0 ton quotidien.<\/p>\n<p data-start=\"4214\" data-end=\"4287\"><strong data-start=\"4214\" data-end=\"4239\">Temps de combustion :<\/strong> 80 heures<br data-start=\"4249\" data-end=\"4252\" \/><strong data-start=\"4252\" data-end=\"4264\">Format :<\/strong> 600 g<br data-start=\"4270\" data-end=\"4273\" \/><strong data-start=\"4273\" data-end=\"4285\">M\u00e8ches :<\/strong> 4<\/p>\n","protected":false},"excerpt":{"rendered":"<pre id=\"tw-target-text\" class=\"tw-data-text tw-text-large tw-ta\" dir=\"ltr\" tabindex=\"-1\" role=\"text\" data-placeholder=\"Tradu\u00e7\u00e3o\" data-ved=\"2ahUKEwjXsIOXmduRAxWEdUEAHT2fNakQ3ewLegQIDBAW\" aria-label=\"Texto traduzido: D\u00e9couvrez notre majestueuse bougie parfum\u00e9e XL Bleu M\u00e9diterran\u00e9e, d'un format g\u00e9n\u00e9reux de 600 g, dot\u00e9e de 4 m\u00e8ches pour une exp\u00e9rience lumineuse et parfum\u00e9e incomparable.\r\n\r\nSon parfum floral lumineux, m\u00eal\u00e9 \u00e0 de douces notes fruit\u00e9es, vous transporte au printemps et emplit votre int\u00e9rieur de joie et de lumi\u00e8re.\r\n\r\nAvec une dur\u00e9e de combustion allant jusqu'\u00e0 80 heures, cette bougie au sol embellit votre maison de sa douce lueur et de son parfum envo\u00fbtant, vous offrant une exp\u00e9rience sensorielle inoubliable.\r\n\r\nFabriqu\u00e9e \u00e0 partir de cire de soja v\u00e9g\u00e9tale de haute qualit\u00e9, de parfums d'origine naturelle et de m\u00e8ches 100 % coton naturel, cette bougie est \u00e9galement fabriqu\u00e9e dans des contenants recyclables certifi\u00e9s FSC (Forest Stewardship Council), garantissant une gestion foresti\u00e8re responsable \u00e0 chaque \u00e9tape de sa production.\r\n\r\nCoupe en verre couleur cr\u00e8me.\r\n\r\nDur\u00e9e de combustion : 80 heures.\r\n\r\n3 m\u00e8ches.\r\n\r\nPoids : 600 g.\r\n\r\nNotes olfactives : Un parfum qui fusionne la fragrance unique de la framboise et la douce vanille de Madagascar.\"><span class=\"Y2IQFc\" lang=\"fr\">D\u00e9couvrez notre majestueuse bougie parfum\u00e9e XL Bleu M\u00e9diterran\u00e9e, d'un format g\u00e9n\u00e9reux de 600 g, dot\u00e9e de 4 m\u00e8ches pour une exp\u00e9rience lumineuse et parfum\u00e9e incomparable.\r\nSon parfum floral lumineux, m\u00eal\u00e9 \u00e0 de douces notes fruit\u00e9es, vous transporte au printemps et emplit votre int\u00e9rieur de joie et de lumi\u00e8re.\r\nAvec une dur\u00e9e de combustion allant jusqu'\u00e0 80 heures, cette bougie au sol embellit votre maison de sa douce lueur et de son parfum envo\u00fbtant, vous offrant une exp\u00e9rience sensorielle inoubliable.\r\nFabriqu\u00e9e \u00e0 partir de cire de soja v\u00e9g\u00e9tale de haute qualit\u00e9, de parfums d'origine naturelle et de m\u00e8ches 100 % coton naturel, cette bougie est \u00e9galement fabriqu\u00e9e dans des contenants recyclables certifi\u00e9s FSC (Forest Stewardship Council), garantissant une gestion foresti\u00e8re responsable \u00e0 chaque \u00e9tape de sa production.\r\n\r\nCoupe en verre couleur cr\u00e8me.\r\n\r\nDur\u00e9e de combustion : 80 heures.\r\n3 m\u00e8ches.\r\nPoids : 600 g.\r\n\r\nNotes olfactives : Un parfum qui fusionne la fragrance unique de la framboise et la douce vanille de Madagascar.<\/span><\/pre>\n","protected":false},"featured_media":19428,"template":"","meta":{"_joinchat":{"telephone":"+351910131778","message_text":"Questions about this piece?"}},"product_brand":[],"product_cat":[4211,4212],"product_tag":[4243,4222,4244,4248,4245,4226,4247,4246],"class_list":{"0":"post-19430","1":"product","2":"type-product","3":"status-publish","4":"has-post-thumbnail","6":"product_cat-accessories","7":"product_cat-candles","8":"product_tag-bougie-mediterraneenne","9":"product_tag-bougie-parfumee","10":"product_tag-bougie-xl","11":"product_tag-bougies-premium","12":"product_tag-cire-de-soja","13":"product_tag-decoration-interieure","14":"product_tag-design-durable","15":"product_tag-parfum-floral","17":"first","18":"instock","19":"taxable","20":"shipping-taxable","21":"purchasable","22":"product-type-simple"},"yoast_head":"<!-- This site is optimized with the Yoast SEO plugin v26.7 - https:\/\/yoast.com\/wordpress\/plugins\/seo\/ -->\n<title>Bougie Mediterranean Blue XL - lapainteriordesign.com<\/title>\n<meta name=\"description\" content=\"Bougie Mediterranean Blue XL aux notes florales et fruit\u00e9es. Cire de soja, design \u00e9l\u00e9gant et 80 heures de combustion durable.\" \/>\n<meta name=\"robots\" content=\"index, follow, max-snippet:-1, max-image-preview:large, max-video-preview:-1\" \/>\n<link rel=\"canonical\" href=\"https:\/\/lapainteriordesign.com\/fr\/product\/bougie-mediterranean-blue-xl\/\" \/>\n<meta property=\"og:locale\" content=\"fr_FR\" \/>\n<meta property=\"og:type\" content=\"article\" \/>\n<meta property=\"og:title\" content=\"Mediterranean blue XL candle\" \/>\n<meta property=\"og:description\" content=\"Mediterranean blue XL candle \u2013 A luxurious 70g candle with floral, fruity notes. Burns for 20 hours, filling your space with elegance and freshness.\" \/>\n<meta property=\"og:url\" content=\"https:\/\/lapainteriordesign.com\/fr\/product\/bougie-mediterranean-blue-xl\/\" \/>\n<meta property=\"og:site_name\" content=\"lapainteriordesign.com\" \/>\n<meta property=\"article:publisher\" content=\"https:\/\/www.facebook.com\/LapaInteriorDesign\" \/>\n<meta property=\"article:modified_time\" content=\"2025-12-27T11:03:07+00:00\" \/>\n<meta property=\"og:image\" content=\"https:\/\/lapainteriordesign.com\/wp-content\/uploads\/2025\/10\/Lapa-interior-design_-Medeterranean-blu-xl-candle_-cererais-molla.jpg\" \/>\n\t<meta property=\"og:image:width\" content=\"1200\" \/>\n\t<meta property=\"og:image:height\" content=\"1200\" \/>\n\t<meta property=\"og:image:type\" content=\"image\/jpeg\" \/>\n<meta name=\"twitter:card\" content=\"summary_large_image\" \/>\n<meta name=\"twitter:title\" content=\"Vintage 1974 Throw\" \/>\n<meta name=\"twitter:description\" content=\"Experience the ultimate in coziness with Mustard Vintage 1956 Throw. Crafted from 100% wool, it&#039;s a perfect blend of style and warmth.\" \/>\n<meta name=\"twitter:image\" content=\"https:\/\/lapainteriordesign.com\/wp-content\/uploads\/2024\/11\/vintage-mos-23.39.png\" \/>\n<meta name=\"twitter:site\" content=\"@lapainterior\" \/>\n<meta name=\"twitter:label1\" content=\"Dur\u00e9e de lecture estim\u00e9e\" \/>\n\t<meta name=\"twitter:data1\" content=\"2 minutes\" \/>\n<script type=\"application\/ld+json\" class=\"yoast-schema-graph\">{\"@context\":\"https:\/\/schema.org\",\"@graph\":[{\"@type\":\"WebPage\",\"@id\":\"https:\/\/lapainteriordesign.com\/fr\/product\/bougie-mediterranean-blue-xl\/\",\"url\":\"https:\/\/lapainteriordesign.com\/fr\/product\/bougie-mediterranean-blue-xl\/\",\"name\":\"Bougie Mediterranean Blue XL - lapainteriordesign.com\",\"isPartOf\":{\"@id\":\"https:\/\/lapainteriordesign.com\/#website\"},\"primaryImageOfPage\":{\"@id\":\"https:\/\/lapainteriordesign.com\/fr\/product\/bougie-mediterranean-blue-xl\/#primaryimage\"},\"image\":{\"@id\":\"https:\/\/lapainteriordesign.com\/fr\/product\/bougie-mediterranean-blue-xl\/#primaryimage\"},\"thumbnailUrl\":\"https:\/\/lapainteriordesign.com\/wp-content\/uploads\/2025\/10\/Medeterranean-blue-XL-candle-6643-Lapa-Interior-Design.jpg\",\"datePublished\":\"2025-10-18T16:09:42+00:00\",\"dateModified\":\"2025-12-27T11:03:07+00:00\",\"description\":\"Bougie Mediterranean Blue XL aux notes florales et fruit\u00e9es. Cire de soja, design \u00e9l\u00e9gant et 80 heures de combustion durable.\",\"breadcrumb\":{\"@id\":\"https:\/\/lapainteriordesign.com\/fr\/product\/bougie-mediterranean-blue-xl\/#breadcrumb\"},\"inLanguage\":\"fr-FR\",\"potentialAction\":[{\"@type\":\"ReadAction\",\"target\":[\"https:\/\/lapainteriordesign.com\/fr\/product\/bougie-mediterranean-blue-xl\/\"]}]},{\"@type\":\"ImageObject\",\"inLanguage\":\"fr-FR\",\"@id\":\"https:\/\/lapainteriordesign.com\/fr\/product\/bougie-mediterranean-blue-xl\/#primaryimage\",\"url\":\"https:\/\/lapainteriordesign.com\/wp-content\/uploads\/2025\/10\/Medeterranean-blue-XL-candle-6643-Lapa-Interior-Design.jpg\",\"contentUrl\":\"https:\/\/lapainteriordesign.com\/wp-content\/uploads\/2025\/10\/Medeterranean-blue-XL-candle-6643-Lapa-Interior-Design.jpg\",\"width\":1000,\"height\":1000,\"caption\":\"Medeterranean blue XL candle 6643-Lapa-Interior-Design.\"},{\"@type\":\"BreadcrumbList\",\"@id\":\"https:\/\/lapainteriordesign.com\/fr\/product\/bougie-mediterranean-blue-xl\/#breadcrumb\",\"itemListElement\":[{\"@type\":\"ListItem\",\"position\":1,\"name\":\"Home\",\"item\":\"https:\/\/lapainteriordesign.com\/fr\/\"},{\"@type\":\"ListItem\",\"position\":2,\"name\":\"Products\",\"item\":\"https:\/\/lapainteriordesign.com\/products\/\"},{\"@type\":\"ListItem\",\"position\":3,\"name\":\"Bougie Mediterranean Blue XL\"}]},{\"@type\":\"WebSite\",\"@id\":\"https:\/\/lapainteriordesign.com\/#website\",\"url\":\"https:\/\/lapainteriordesign.com\/\",\"name\":\"lapainteriordesign.com\",\"description\":\"Luxury Interior Design\",\"publisher\":{\"@id\":\"https:\/\/lapainteriordesign.com\/#organization\"},\"potentialAction\":[{\"@type\":\"SearchAction\",\"target\":{\"@type\":\"EntryPoint\",\"urlTemplate\":\"https:\/\/lapainteriordesign.com\/?s={search_term_string}\"},\"query-input\":{\"@type\":\"PropertyValueSpecification\",\"valueRequired\":true,\"valueName\":\"search_term_string\"}}],\"inLanguage\":\"fr-FR\"},{\"@type\":\"Organization\",\"@id\":\"https:\/\/lapainteriordesign.com\/#organization\",\"name\":\"Lapa Interior Design\",\"url\":\"https:\/\/lapainteriordesign.com\/\",\"logo\":{\"@type\":\"ImageObject\",\"inLanguage\":\"fr-FR\",\"@id\":\"https:\/\/lapainteriordesign.com\/#\/schema\/logo\/image\/\",\"url\":\"https:\/\/lapainteriordesign.com\/wp-content\/uploads\/2026\/02\/cropped-Design-sem-nome-2026-02-04T094114.020.jpg\",\"contentUrl\":\"https:\/\/lapainteriordesign.com\/wp-content\/uploads\/2026\/02\/cropped-Design-sem-nome-2026-02-04T094114.020.jpg\",\"width\":512,\"height\":512,\"caption\":\"Lapa Interior Design\"},\"image\":{\"@id\":\"https:\/\/lapainteriordesign.com\/#\/schema\/logo\/image\/\"},\"sameAs\":[\"https:\/\/www.facebook.com\/LapaInteriorDesign\",\"https:\/\/x.com\/lapainterior\",\"https:\/\/www.instagram.com\/lapainteriordesign\/\",\"https:\/\/www.linkedin.com\/in\/lapa-interior-design-376823206\/\"]}]}<\/script>\n<!-- \/ Yoast SEO plugin. -->","yoast_head_json":{"title":"Bougie Mediterranean Blue XL - lapainteriordesign.com","description":"Bougie Mediterranean Blue XL aux notes florales et fruit\u00e9es. Cire de soja, design \u00e9l\u00e9gant et 80 heures de combustion durable.","robots":{"index":"index","follow":"follow","max-snippet":"max-snippet:-1","max-image-preview":"max-image-preview:large","max-video-preview":"max-video-preview:-1"},"canonical":"https:\/\/lapainteriordesign.com\/fr\/product\/bougie-mediterranean-blue-xl\/","og_locale":"fr_FR","og_type":"article","og_title":"Mediterranean blue XL candle","og_description":"Mediterranean blue XL candle \u2013 A luxurious 70g candle with floral, fruity notes. Burns for 20 hours, filling your space with elegance and freshness.","og_url":"https:\/\/lapainteriordesign.com\/fr\/product\/bougie-mediterranean-blue-xl\/","og_site_name":"lapainteriordesign.com","article_publisher":"https:\/\/www.facebook.com\/LapaInteriorDesign","article_modified_time":"2025-12-27T11:03:07+00:00","og_image":[{"width":1200,"height":1200,"url":"https:\/\/lapainteriordesign.com\/wp-content\/uploads\/2025\/10\/Lapa-interior-design_-Medeterranean-blu-xl-candle_-cererais-molla.jpg","type":"image\/jpeg"}],"twitter_card":"summary_large_image","twitter_title":"Vintage 1974 Throw","twitter_description":"Experience the ultimate in coziness with Mustard Vintage 1956 Throw. Crafted from 100% wool, it's a perfect blend of style and warmth.","twitter_image":"https:\/\/lapainteriordesign.com\/wp-content\/uploads\/2024\/11\/vintage-mos-23.39.png","twitter_site":"@lapainterior","twitter_misc":{"Dur\u00e9e de lecture estim\u00e9e":"2 minutes"},"schema":{"@context":"https:\/\/schema.org","@graph":[{"@type":"WebPage","@id":"https:\/\/lapainteriordesign.com\/fr\/product\/bougie-mediterranean-blue-xl\/","url":"https:\/\/lapainteriordesign.com\/fr\/product\/bougie-mediterranean-blue-xl\/","name":"Bougie Mediterranean Blue XL - lapainteriordesign.com","isPartOf":{"@id":"https:\/\/lapainteriordesign.com\/#website"},"primaryImageOfPage":{"@id":"https:\/\/lapainteriordesign.com\/fr\/product\/bougie-mediterranean-blue-xl\/#primaryimage"},"image":{"@id":"https:\/\/lapainteriordesign.com\/fr\/product\/bougie-mediterranean-blue-xl\/#primaryimage"},"thumbnailUrl":"https:\/\/lapainteriordesign.com\/wp-content\/uploads\/2025\/10\/Medeterranean-blue-XL-candle-6643-Lapa-Interior-Design.jpg","datePublished":"2025-10-18T16:09:42+00:00","dateModified":"2025-12-27T11:03:07+00:00","description":"Bougie Mediterranean Blue XL aux notes florales et fruit\u00e9es. Cire de soja, design \u00e9l\u00e9gant et 80 heures de combustion durable.","breadcrumb":{"@id":"https:\/\/lapainteriordesign.com\/fr\/product\/bougie-mediterranean-blue-xl\/#breadcrumb"},"inLanguage":"fr-FR","potentialAction":[{"@type":"ReadAction","target":["https:\/\/lapainteriordesign.com\/fr\/product\/bougie-mediterranean-blue-xl\/"]}]},{"@type":"ImageObject","inLanguage":"fr-FR","@id":"https:\/\/lapainteriordesign.com\/fr\/product\/bougie-mediterranean-blue-xl\/#primaryimage","url":"https:\/\/lapainteriordesign.com\/wp-content\/uploads\/2025\/10\/Medeterranean-blue-XL-candle-6643-Lapa-Interior-Design.jpg","contentUrl":"https:\/\/lapainteriordesign.com\/wp-content\/uploads\/2025\/10\/Medeterranean-blue-XL-candle-6643-Lapa-Interior-Design.jpg","width":1000,"height":1000,"caption":"Medeterranean blue XL candle 6643-Lapa-Interior-Design."},{"@type":"BreadcrumbList","@id":"https:\/\/lapainteriordesign.com\/fr\/product\/bougie-mediterranean-blue-xl\/#breadcrumb","itemListElement":[{"@type":"ListItem","position":1,"name":"Home","item":"https:\/\/lapainteriordesign.com\/fr\/"},{"@type":"ListItem","position":2,"name":"Products","item":"https:\/\/lapainteriordesign.com\/products\/"},{"@type":"ListItem","position":3,"name":"Bougie Mediterranean Blue XL"}]},{"@type":"WebSite","@id":"https:\/\/lapainteriordesign.com\/#website","url":"https:\/\/lapainteriordesign.com\/","name":"lapainteriordesign.com","description":"Luxury Interior Design","publisher":{"@id":"https:\/\/lapainteriordesign.com\/#organization"},"potentialAction":[{"@type":"SearchAction","target":{"@type":"EntryPoint","urlTemplate":"https:\/\/lapainteriordesign.com\/?s={search_term_string}"},"query-input":{"@type":"PropertyValueSpecification","valueRequired":true,"valueName":"search_term_string"}}],"inLanguage":"fr-FR"},{"@type":"Organization","@id":"https:\/\/lapainteriordesign.com\/#organization","name":"Lapa Interior Design","url":"https:\/\/lapainteriordesign.com\/","logo":{"@type":"ImageObject","inLanguage":"fr-FR","@id":"https:\/\/lapainteriordesign.com\/#\/schema\/logo\/image\/","url":"https:\/\/lapainteriordesign.com\/wp-content\/uploads\/2026\/02\/cropped-Design-sem-nome-2026-02-04T094114.020.jpg","contentUrl":"https:\/\/lapainteriordesign.com\/wp-content\/uploads\/2026\/02\/cropped-Design-sem-nome-2026-02-04T094114.020.jpg","width":512,"height":512,"caption":"Lapa Interior Design"},"image":{"@id":"https:\/\/lapainteriordesign.com\/#\/schema\/logo\/image\/"},"sameAs":["https:\/\/www.facebook.com\/LapaInteriorDesign","https:\/\/x.com\/lapainterior","https:\/\/www.instagram.com\/lapainteriordesign\/","https:\/\/www.linkedin.com\/in\/lapa-interior-design-376823206\/"]}]}},"_links":{"self":[{"href":"https:\/\/lapainteriordesign.com\/fr\/wp-json\/wp\/v2\/product\/19430","targetHints":{"allow":["GET"]}}],"collection":[{"href":"https:\/\/lapainteriordesign.com\/fr\/wp-json\/wp\/v2\/product"}],"about":[{"href":"https:\/\/lapainteriordesign.com\/fr\/wp-json\/wp\/v2\/types\/product"}],"version-history":[{"count":0,"href":"https:\/\/lapainteriordesign.com\/fr\/wp-json\/wp\/v2\/product\/19430\/revisions"}],"wp:featuredmedia":[{"embeddable":true,"href":"https:\/\/lapainteriordesign.com\/fr\/wp-json\/wp\/v2\/media\/19428"}],"wp:attachment":[{"href":"https:\/\/lapainteriordesign.com\/fr\/wp-json\/wp\/v2\/media?parent=19430"}],"wp:term":[{"taxonomy":"product_brand","embeddable":true,"href":"https:\/\/lapainteriordesign.com\/fr\/wp-json\/wp\/v2\/product_brand?post=19430"},{"taxonomy":"product_cat","embeddable":true,"href":"https:\/\/lapainteriordesign.com\/fr\/wp-json\/wp\/v2\/product_cat?post=19430"},{"taxonomy":"product_tag","embeddable":true,"href":"https:\/\/lapainteriordesign.com\/fr\/wp-json\/wp\/v2\/product_tag?post=19430"}],"curies":[{"name":"wp","href":"https:\/\/api.w.org\/{rel}","templated":true}]}}