{"id":25658,"date":"2021-10-12T16:27:24","date_gmt":"2021-10-12T16:27:24","guid":{"rendered":"https:\/\/lapainteriordesign.com\/contact-us\/"},"modified":"2026-01-19T10:28:22","modified_gmt":"2026-01-19T10:28:22","slug":"contactez-nous","status":"publish","type":"page","link":"https:\/\/lapainteriordesign.com\/fr\/contactez-nous\/","title":{"rendered":"Contactez-nous"},"content":{"rendered":"\t\t<div data-elementor-type=\"wp-page\" data-elementor-id=\"25658\" class=\"elementor elementor-25658 elementor-4439\">\n\t\t\t\t\t\t<section class=\"wd-negative-gap elementor-section elementor-top-section elementor-element elementor-element-1c9344a2 elementor-section-boxed elementor-section-height-default elementor-section-height-default\" data-id=\"1c9344a2\" data-element_type=\"section\" data-e-type=\"section\">\n\t\t\t\t\t\t<div class=\"elementor-container elementor-column-gap-default\">\n\t\t\t\t\t<div class=\"elementor-column elementor-col-50 elementor-top-column elementor-element elementor-element-41bec3dc\" data-id=\"41bec3dc\" data-element_type=\"column\" data-e-type=\"column\">\n\t\t\t<div class=\"elementor-widget-wrap elementor-element-populated\">\n\t\t\t\t\t\t<div class=\"elementor-element elementor-element-88ca337 wd-width-100 elementor-widget elementor-widget-wd_title\" data-id=\"88ca337\" data-element_type=\"widget\" data-e-type=\"widget\" data-widget_type=\"wd_title.default\">\n\t\t\t\t<div class=\"elementor-widget-container\">\n\t\t\t\t\t\t\t<div class=\"title-wrapper wd-set-mb reset-last-child wd-title-color-default wd-title-style-default wd-title-size-default text-left\">\n\n\t\t\t\t\t\t\t\t\t\t\t<div class=\"title-subtitle subtitle-color-default subtitle-style-default wd-fontsize-xs\">\n\t\t\t\t\t\u00c0 PROPOS DE NOUS\t\t\t\t<\/div>\n\t\t\t\n\t\t\t<div class=\"liner-continer\">\n\t\t\t\t<h4 class=\"woodmart-title-container title wd-fontsize-l\">CONTACTEZ-NOUS POUR TOUTE QUESTION<\/h4> \n\t\t\t\t\t\t\t<\/div>\n\n\t\t\t\t\t<\/div>\n\t\t\t\t\t\t<\/div>\n\t\t\t\t<\/div>\n\t\t\t\t<div class=\"elementor-element elementor-element-5ce0072f wd-cf7 elementor-widget elementor-widget-wd_contact_form_7\" data-id=\"5ce0072f\" data-element_type=\"widget\" data-e-type=\"widget\" data-widget_type=\"wd_contact_form_7.default\">\n\t\t\t\t<div class=\"elementor-widget-container\">\n\t\t\t\t\t\n<div class=\"wpcf7 no-js\" id=\"wpcf7-f25667-o1\" lang=\"en-US\" dir=\"ltr\" data-wpcf7-id=\"25667\">\n<div class=\"screen-reader-response\"><p role=\"status\" aria-live=\"polite\" aria-atomic=\"true\"><\/p> <ul><\/ul><\/div>\n<form action=\"\/fr\/wp-json\/wp\/v2\/pages\/25658#wpcf7-f25667-o1\" method=\"post\" class=\"wpcf7-form init\" aria-label=\"Contact form\" novalidate=\"novalidate\" data-status=\"init\">\n<fieldset class=\"hidden-fields-container\"><input type=\"hidden\" name=\"_wpcf7\" value=\"25667\" \/><input type=\"hidden\" name=\"_wpcf7_version\" value=\"6.1.4\" \/><input type=\"hidden\" name=\"_wpcf7_locale\" value=\"en_US\" \/><input type=\"hidden\" name=\"_wpcf7_unit_tag\" value=\"wpcf7-f25667-o1\" \/><input type=\"hidden\" name=\"_wpcf7_container_post\" value=\"0\" \/><input type=\"hidden\" name=\"_wpcf7_posted_data_hash\" value=\"\" \/><input type=\"hidden\" name=\"_wpcf7_recaptcha_response\" value=\"\" \/>\n<\/fieldset>\n<div class=\"row\">\n\t<p class=\"col-md-6\"><label>Votre nom<\/label><span class=\"wpcf7-form-control-wrap\" data-name=\"your-name\"><input size=\"40\" maxlength=\"400\" class=\"wpcf7-form-control wpcf7-text wpcf7-validates-as-required\" aria-required=\"true\" aria-invalid=\"false\" value=\"\" type=\"text\" name=\"your-name\" \/><\/span>\n\t<\/p>\n\t<p class=\"col-md-6\"><label>Votre e-mail<\/label><span class=\"wpcf7-form-control-wrap\" data-name=\"your-email\"><input size=\"40\" maxlength=\"400\" class=\"wpcf7-form-control wpcf7-email wpcf7-validates-as-required wpcf7-text wpcf7-validates-as-email\" aria-required=\"true\" aria-invalid=\"false\" value=\"\" type=\"email\" name=\"your-email\" \/><\/span>\n\t<\/p>\n<\/div>\n<div class=\"row\">\n\t<p class=\"col-md-6\"><label>Num\u00e9ro de t\u00e9l\u00e9phone<\/label><span class=\"wpcf7-form-control-wrap\" data-name=\"contact\"><input size=\"40\" maxlength=\"400\" class=\"wpcf7-form-control wpcf7-text\" aria-invalid=\"false\" value=\"\" type=\"text\" name=\"contact\" \/><\/span>\n\t<\/p>\n\t<p class=\"col-md-6\"><label>Sujet<\/label><span class=\"wpcf7-form-control-wrap\" data-name=\"text-1\"><input size=\"40\" maxlength=\"400\" class=\"wpcf7-form-control wpcf7-text\" aria-invalid=\"false\" value=\"\" type=\"text\" name=\"text-1\" \/><\/span>\n\t<\/p>\n<\/div>\n<p><label>Votre message<\/label><span class=\"wpcf7-form-control-wrap\" data-name=\"your-message\"><textarea cols=\"40\" rows=\"10\" maxlength=\"2000\" class=\"wpcf7-form-control wpcf7-textarea\" aria-invalid=\"false\" name=\"your-message\"><\/textarea><\/span>\n<\/p>\n<p><span class=\"wpcf7-form-control-wrap\" data-name=\"acceptance-381\"><span class=\"wpcf7-form-control wpcf7-acceptance\"><span class=\"wpcf7-list-item\"><label><input type=\"checkbox\" name=\"acceptance-381\" value=\"1\" aria-invalid=\"false\" \/><span class=\"wpcf7-list-item-label\">J'ai lu et j'accepte la politique de confidentialit\u00e9<\/span><\/label><\/span><\/span><\/span>\n<\/p>\n<p><input class=\"wpcf7-form-control wpcf7-submit has-spinner btn-color-black\" type=\"submit\" value=\"ENVOYER\" \/>\n<\/p><div class=\"wpcf7-response-output\" aria-hidden=\"true\"><\/div>\n<\/form>\n<\/div>\n\t\t\t\t<\/div>\n\t\t\t\t<\/div>\n\t\t\t\t\t<\/div>\n\t\t<\/div>\n\t\t\t\t<div class=\"elementor-column elementor-col-50 elementor-top-column elementor-element elementor-element-a4e7846\" data-id=\"a4e7846\" data-element_type=\"column\" data-e-type=\"column\" id=\"contacts\">\n\t\t\t<div class=\"elementor-widget-wrap elementor-element-populated\">\n\t\t\t\t\t\t<div class=\"elementor-element elementor-element-04630a9 elementor-widget elementor-widget-wd_infobox\" data-id=\"04630a9\" data-element_type=\"widget\" data-e-type=\"widget\" data-widget_type=\"wd_infobox.default\">\n\t\t\t\t<div class=\"elementor-widget-container\">\n\t\t\t\t\t\t\t<div class=\"info-box-wrapper\">\n\t\t\t<div class=\"wd-info-box text-left box-icon-align-left box-style-base color-scheme- wd-items-top\">\n\t\t\t\t\t\t\t\t\t<div class=\"box-icon-wrapper  box-with-icon box-icon-simple\">\n\t\t\t\t\t\t<div class=\"info-box-icon\">\n\t\t\t\t\t\t\t\t\t\t\t\t\t\t\t<img loading=\"lazy\" decoding=\"async\" width=\"150\" height=\"152\" src=\"https:\/\/lapainteriordesign.com\/wp-content\/uploads\/2023\/04\/morada2.png\" class=\"attachment-full size-full\" alt=\"\" \/>\t\t\t\t\t\t\t\t\t\t\t\t\t<\/div>\n\t\t\t\t\t<\/div>\n\t\t\t\t\n\t\t\t\t<div class=\"info-box-content\">\n\t\t\t\t\t\n\t\t\t\t\t\t\t\t\t\t\t<h4\t\t\t\t\t\tclass=\"info-box-title title box-title-style-default wd-fontsize-m\" data-elementor-setting-key=\"title\">\n\t\t\t\t\t\t\t\tEmplacement\t\t\t\t\t\t<\/h4>\n\t\t\t\t\t\n\t\t\t\t\t<div class=\"info-box-inner reset-last-child\"data-elementor-setting-key=\"content\"><p>Rua Buenos Aires 27 A <br \/>1200-622 <br \/>Lisboa<\/p>\n<\/div>\n\n\t\t\t\t\t\t\t\t\t<\/div>\n\n\t\t\t\t\t\t\t<\/div>\n\t\t<\/div>\n\t\t\t\t\t\t<\/div>\n\t\t\t\t<\/div>\n\t\t\t\t<div class=\"elementor-element elementor-element-c6503ca elementor-widget elementor-widget-wd_infobox\" data-id=\"c6503ca\" data-element_type=\"widget\" data-e-type=\"widget\" data-widget_type=\"wd_infobox.default\">\n\t\t\t\t<div class=\"elementor-widget-container\">\n\t\t\t\t\t\t\t<div class=\"info-box-wrapper\">\n\t\t\t<div class=\"wd-info-box text-left box-icon-align-left box-style-base color-scheme- wd-items-top\">\n\t\t\t\t\t\t\t\t\t<div class=\"box-icon-wrapper  box-with-icon box-icon-simple\">\n\t\t\t\t\t\t<div class=\"info-box-icon\">\n\t\t\t\t\t\t\t\t\t\t\t\t\t\t\t<img loading=\"lazy\" decoding=\"async\" width=\"150\" height=\"152\" src=\"https:\/\/lapainteriordesign.com\/wp-content\/uploads\/2023\/04\/icon_contacto.png\" class=\"attachment-full size-full\" alt=\"\" \/>\t\t\t\t\t\t\t\t\t\t\t\t\t<\/div>\n\t\t\t\t\t<\/div>\n\t\t\t\t\n\t\t\t\t<div class=\"info-box-content\">\n\t\t\t\t\t\n\t\t\t\t\t\t\t\t\t\t\t<h4\t\t\t\t\t\tclass=\"info-box-title title box-title-style-default wd-fontsize-m\" data-elementor-setting-key=\"title\">\n\t\t\t\t\t\t\t\tT\u00e9l\u00e9phone\t\t\t\t\t\t<\/h4>\n\t\t\t\t\t\n\t\t\t\t\t<div class=\"info-box-inner reset-last-child\"data-elementor-setting-key=\"content\"><p>+351 910 131 778<\/p>\n<\/div>\n\n\t\t\t\t\t\t\t\t\t<\/div>\n\n\t\t\t\t\t\t\t<\/div>\n\t\t<\/div>\n\t\t\t\t\t\t<\/div>\n\t\t\t\t<\/div>\n\t\t\t\t<div class=\"elementor-element elementor-element-128bdb0 elementor-widget elementor-widget-wd_infobox\" data-id=\"128bdb0\" data-element_type=\"widget\" data-e-type=\"widget\" data-widget_type=\"wd_infobox.default\">\n\t\t\t\t<div class=\"elementor-widget-container\">\n\t\t\t\t\t\t\t<div class=\"info-box-wrapper\">\n\t\t\t<div class=\"wd-info-box text-left box-icon-align-left box-style-base color-scheme- wd-items-top\">\n\t\t\t\t\t\t\t\t\t<div class=\"box-icon-wrapper  box-with-icon box-icon-simple\">\n\t\t\t\t\t\t<div class=\"info-box-icon\">\n\t\t\t\t\t\t\t\t\t\t\t\t\t\t\t<img loading=\"lazy\" decoding=\"async\" width=\"150\" height=\"152\" src=\"https:\/\/lapainteriordesign.com\/wp-content\/uploads\/2023\/04\/icon_email.png\" class=\"attachment-full size-full\" alt=\"\" \/>\t\t\t\t\t\t\t\t\t\t\t\t\t<\/div>\n\t\t\t\t\t<\/div>\n\t\t\t\t\n\t\t\t\t<div class=\"info-box-content\">\n\t\t\t\t\t\n\t\t\t\t\t\t\t\t\t\t\t<h4\t\t\t\t\t\tclass=\"info-box-title title box-title-style-default wd-fontsize-m\" data-elementor-setting-key=\"title\">\n\t\t\t\t\t\t\t\tEmail\t\t\t\t\t\t<\/h4>\n\t\t\t\t\t\n\t\t\t\t\t<div class=\"info-box-inner reset-last-child\"data-elementor-setting-key=\"content\"><p>info@lapainteriordesign.com<\/p>\n<\/div>\n\n\t\t\t\t\t\t\t\t\t<\/div>\n\n\t\t\t\t\t\t\t<\/div>\n\t\t<\/div>\n\t\t\t\t\t\t<\/div>\n\t\t\t\t<\/div>\n\t\t\t\t\t<\/div>\n\t\t<\/div>\n\t\t\t\t\t<\/div>\n\t\t<\/section>\n\t\t\t\t<section class=\"wd-negative-gap elementor-section elementor-top-section elementor-element elementor-element-84cde78 elementor-section-boxed elementor-section-height-default elementor-section-height-default\" data-id=\"84cde78\" data-element_type=\"section\" data-e-type=\"section\">\n\t\t\t\t\t\t<div class=\"elementor-container elementor-column-gap-default\">\n\t\t\t\t\t<div class=\"elementor-column elementor-col-100 elementor-top-column elementor-element elementor-element-d1c4995\" data-id=\"d1c4995\" data-element_type=\"column\" data-e-type=\"column\">\n\t\t\t<div class=\"elementor-widget-wrap elementor-element-populated\">\n\t\t\t\t\t\t<div class=\"elementor-element elementor-element-3e5184d wd-width-100 elementor-widget elementor-widget-wd_title\" data-id=\"3e5184d\" data-element_type=\"widget\" data-e-type=\"widget\" data-widget_type=\"wd_title.default\">\n\t\t\t\t<div class=\"elementor-widget-container\">\n\t\t\t\t\t\t\t<div class=\"title-wrapper wd-set-mb reset-last-child wd-title-color-black wd-title-style-bordered wd-title-size-default text-center\">\n\n\t\t\t\n\t\t\t<div class=\"liner-continer\">\n\t\t\t\t<h4 class=\"woodmart-title-container title wd-fontsize-l\">Parlons<\/h4> \n\t\t\t\t\t\t\t<\/div>\n\n\t\t\t\t\t<\/div>\n\t\t\t\t\t\t<\/div>\n\t\t\t\t<\/div>\n\t\t\t\t<div class=\"elementor-element elementor-element-19a2e9e elementor-widget elementor-widget-wd_text_block\" data-id=\"19a2e9e\" data-element_type=\"widget\" data-e-type=\"widget\" data-widget_type=\"wd_text_block.default\">\n\t\t\t\t<div class=\"elementor-widget-container\">\n\t\t\t\t\t\t\t<div class=\"wd-text-block reset-last-child text-center\">\n\t\t\t\n\t\t\t<p style=\"text-align: center;\">Inscrivez-vous et b\u00e9n\u00e9ficiez de 10 % de r\u00e9duction sur votre premi\u00e8re commande en ligne<\/p>\n\t\t\t\t\t<\/div>\n\t\t\t\t\t\t<\/div>\n\t\t\t\t<\/div>\n\t\t\t\t<div class=\"elementor-element elementor-element-df39e41 elementor-widget elementor-widget-wd_button\" data-id=\"df39e41\" data-element_type=\"widget\" data-e-type=\"widget\" data-widget_type=\"wd_button.default\">\n\t\t\t\t<div class=\"elementor-widget-container\">\n\t\t\t\t\t\t\t<div class=\"wd-button-wrapper text-center\" >\n\t\t\t<a class=\"btn btn-style-default btn-shape-rectangle btn-size-large btn-icon-pos-right\"  href=\"https:\/\/lapainteriordesign.com\/sign-up-newsletter\/\" style=\"--btn-color:#fff;\">\n\t\t\t\t<span class=\"wd-btn-text\" data-elementor-setting-key=\"text\">\n\t\t\t\t\tS&#039;inscrire\t\t\t\t<\/span>\n\n\t\t\t\t\t\t\t<\/a>\n\t\t<\/div>\n\t\t\t\t\t\t<\/div>\n\t\t\t\t<\/div>\n\t\t\t\t\t<\/div>\n\t\t<\/div>\n\t\t\t\t\t<\/div>\n\t\t<\/section>\n\t\t\t\t<\/div>\n\t\t","protected":false},"excerpt":{"rendered":"<p>\u00c0 PROPOS DE NOUS CONTACTEZ-NOUS POUR TOUTE QUESTION Votre nom Votre e-mail Num\u00e9ro de t\u00e9l\u00e9phone Sujet Votre message J&rsquo;ai lu<\/p>\n","protected":false},"author":1,"featured_media":25656,"parent":0,"menu_order":0,"comment_status":"closed","ping_status":"closed","template":"","meta":{"_joinchat":[],"footnotes":""},"class_list":["post-25658","page","type-page","status-publish","has-post-thumbnail","hentry"],"yoast_head":"<!-- This site is optimized with the Yoast SEO plugin v26.7 - https:\/\/yoast.com\/wordpress\/plugins\/seo\/ -->\n<title>Contactez-nous - lapainteriordesign.com<\/title>\n<meta name=\"description\" content=\"If you have any questions or inquiries, please don&#039;t hesitate to contact us. We are here to assist you. Feel free to reach out today!\" \/>\n<meta name=\"robots\" content=\"index, follow, max-snippet:-1, max-image-preview:large, max-video-preview:-1\" \/>\n<link rel=\"canonical\" href=\"https:\/\/lapainteriordesign.com\/fr\/contactez-nous\/\" \/>\n<meta property=\"og:locale\" content=\"fr_FR\" \/>\n<meta property=\"og:type\" content=\"article\" \/>\n<meta property=\"og:title\" content=\"Contact us\" \/>\n<meta property=\"og:description\" content=\"If you have any questions or inquiries, please don&#039;t hesitate to contact us. We are here to assist you. Feel free to reach out today!\" \/>\n<meta property=\"og:url\" content=\"https:\/\/lapainteriordesign.com\/fr\/contactez-nous\/\" \/>\n<meta property=\"og:site_name\" content=\"lapainteriordesign.com\" \/>\n<meta property=\"article:publisher\" content=\"https:\/\/www.facebook.com\/LapaInteriorDesign\" \/>\n<meta property=\"article:modified_time\" content=\"2026-01-19T10:28:22+00:00\" \/>\n<meta property=\"og:image\" content=\"https:\/\/lapainteriordesign.com\/wp-content\/uploads\/2023\/08\/Contact-us-luxury-interior-design_facebook.jpg\" \/>\n\t<meta property=\"og:image:width\" content=\"940\" \/>\n\t<meta property=\"og:image:height\" content=\"788\" \/>\n\t<meta property=\"og:image:type\" content=\"image\/jpeg\" \/>\n<meta name=\"twitter:card\" content=\"summary_large_image\" \/>\n<meta name=\"twitter:title\" content=\"Contact us\" \/>\n<meta name=\"twitter:description\" content=\"If you have any questions or inquiries, please don&#039;t hesitate to contact us. We are here to assist you. Feel free to reach out today!\" \/>\n<meta name=\"twitter:image\" content=\"https:\/\/lapainteriordesign.com\/wp-content\/uploads\/2023\/08\/Contact-us-Lapa-luxury-interior-design_twitter.jpg\" \/>\n<meta name=\"twitter:site\" content=\"@lapainterior\" \/>\n<meta name=\"twitter:label1\" content=\"Dur\u00e9e de lecture estim\u00e9e\" \/>\n\t<meta name=\"twitter:data1\" content=\"1 minute\" \/>\n<script type=\"application\/ld+json\" class=\"yoast-schema-graph\">{\"@context\":\"https:\/\/schema.org\",\"@graph\":[{\"@type\":[\"WebPage\",\"ContactPage\"],\"@id\":\"https:\/\/lapainteriordesign.com\/fr\/contactez-nous\/\",\"url\":\"https:\/\/lapainteriordesign.com\/fr\/contactez-nous\/\",\"name\":\"Contactez-nous - lapainteriordesign.com\",\"isPartOf\":{\"@id\":\"https:\/\/lapainteriordesign.com\/#website\"},\"primaryImageOfPage\":{\"@id\":\"https:\/\/lapainteriordesign.com\/fr\/contactez-nous\/#primaryimage\"},\"image\":{\"@id\":\"https:\/\/lapainteriordesign.com\/fr\/contactez-nous\/#primaryimage\"},\"thumbnailUrl\":\"https:\/\/lapainteriordesign.com\/wp-content\/uploads\/2023\/08\/Contact-us-lapa-luxury-interior-design.jpg\",\"datePublished\":\"2021-10-12T16:27:24+00:00\",\"dateModified\":\"2026-01-19T10:28:22+00:00\",\"description\":\"If you have any questions or inquiries, please don't hesitate to contact us. We are here to assist you. Feel free to reach out today!\",\"breadcrumb\":{\"@id\":\"https:\/\/lapainteriordesign.com\/fr\/contactez-nous\/#breadcrumb\"},\"inLanguage\":\"fr-FR\",\"potentialAction\":[{\"@type\":\"ReadAction\",\"target\":[\"https:\/\/lapainteriordesign.com\/fr\/contactez-nous\/\"]}]},{\"@type\":\"ImageObject\",\"inLanguage\":\"fr-FR\",\"@id\":\"https:\/\/lapainteriordesign.com\/fr\/contactez-nous\/#primaryimage\",\"url\":\"https:\/\/lapainteriordesign.com\/wp-content\/uploads\/2023\/08\/Contact-us-lapa-luxury-interior-design.jpg\",\"contentUrl\":\"https:\/\/lapainteriordesign.com\/wp-content\/uploads\/2023\/08\/Contact-us-lapa-luxury-interior-design.jpg\",\"width\":1000,\"height\":1000,\"caption\":\"Contact-us-lapa-luxury-interior-design\"},{\"@type\":\"BreadcrumbList\",\"@id\":\"https:\/\/lapainteriordesign.com\/fr\/contactez-nous\/#breadcrumb\",\"itemListElement\":[{\"@type\":\"ListItem\",\"position\":1,\"name\":\"Home\",\"item\":\"https:\/\/lapainteriordesign.com\/fr\/\"},{\"@type\":\"ListItem\",\"position\":2,\"name\":\"Contactez-nous\"}]},{\"@type\":\"WebSite\",\"@id\":\"https:\/\/lapainteriordesign.com\/#website\",\"url\":\"https:\/\/lapainteriordesign.com\/\",\"name\":\"lapainteriordesign.com\",\"description\":\"Luxury Interior Design\",\"publisher\":{\"@id\":\"https:\/\/lapainteriordesign.com\/#organization\"},\"potentialAction\":[{\"@type\":\"SearchAction\",\"target\":{\"@type\":\"EntryPoint\",\"urlTemplate\":\"https:\/\/lapainteriordesign.com\/?s={search_term_string}\"},\"query-input\":{\"@type\":\"PropertyValueSpecification\",\"valueRequired\":true,\"valueName\":\"search_term_string\"}}],\"inLanguage\":\"fr-FR\"},{\"@type\":\"Organization\",\"@id\":\"https:\/\/lapainteriordesign.com\/#organization\",\"name\":\"Lapa Interior Design\",\"url\":\"https:\/\/lapainteriordesign.com\/\",\"logo\":{\"@type\":\"ImageObject\",\"inLanguage\":\"fr-FR\",\"@id\":\"https:\/\/lapainteriordesign.com\/#\/schema\/logo\/image\/\",\"url\":\"https:\/\/lapainteriordesign.com\/wp-content\/uploads\/2026\/02\/cropped-Design-sem-nome-2026-02-04T094114.020.jpg\",\"contentUrl\":\"https:\/\/lapainteriordesign.com\/wp-content\/uploads\/2026\/02\/cropped-Design-sem-nome-2026-02-04T094114.020.jpg\",\"width\":512,\"height\":512,\"caption\":\"Lapa Interior Design\"},\"image\":{\"@id\":\"https:\/\/lapainteriordesign.com\/#\/schema\/logo\/image\/\"},\"sameAs\":[\"https:\/\/www.facebook.com\/LapaInteriorDesign\",\"https:\/\/x.com\/lapainterior\",\"https:\/\/www.instagram.com\/lapainteriordesign\/\",\"https:\/\/www.linkedin.com\/in\/lapa-interior-design-376823206\/\"]}]}<\/script>\n<!-- \/ Yoast SEO plugin. -->","yoast_head_json":{"title":"Contactez-nous - lapainteriordesign.com","description":"If you have any questions or inquiries, please don't hesitate to contact us. We are here to assist you. Feel free to reach out today!","robots":{"index":"index","follow":"follow","max-snippet":"max-snippet:-1","max-image-preview":"max-image-preview:large","max-video-preview":"max-video-preview:-1"},"canonical":"https:\/\/lapainteriordesign.com\/fr\/contactez-nous\/","og_locale":"fr_FR","og_type":"article","og_title":"Contact us","og_description":"If you have any questions or inquiries, please don't hesitate to contact us. We are here to assist you. Feel free to reach out today!","og_url":"https:\/\/lapainteriordesign.com\/fr\/contactez-nous\/","og_site_name":"lapainteriordesign.com","article_publisher":"https:\/\/www.facebook.com\/LapaInteriorDesign","article_modified_time":"2026-01-19T10:28:22+00:00","og_image":[{"width":940,"height":788,"url":"https:\/\/lapainteriordesign.com\/wp-content\/uploads\/2023\/08\/Contact-us-luxury-interior-design_facebook.jpg","type":"image\/jpeg"}],"twitter_card":"summary_large_image","twitter_title":"Contact us","twitter_description":"If you have any questions or inquiries, please don't hesitate to contact us. We are here to assist you. Feel free to reach out today!","twitter_image":"https:\/\/lapainteriordesign.com\/wp-content\/uploads\/2023\/08\/Contact-us-Lapa-luxury-interior-design_twitter.jpg","twitter_site":"@lapainterior","twitter_misc":{"Dur\u00e9e de lecture estim\u00e9e":"1 minute"},"schema":{"@context":"https:\/\/schema.org","@graph":[{"@type":["WebPage","ContactPage"],"@id":"https:\/\/lapainteriordesign.com\/fr\/contactez-nous\/","url":"https:\/\/lapainteriordesign.com\/fr\/contactez-nous\/","name":"Contactez-nous - lapainteriordesign.com","isPartOf":{"@id":"https:\/\/lapainteriordesign.com\/#website"},"primaryImageOfPage":{"@id":"https:\/\/lapainteriordesign.com\/fr\/contactez-nous\/#primaryimage"},"image":{"@id":"https:\/\/lapainteriordesign.com\/fr\/contactez-nous\/#primaryimage"},"thumbnailUrl":"https:\/\/lapainteriordesign.com\/wp-content\/uploads\/2023\/08\/Contact-us-lapa-luxury-interior-design.jpg","datePublished":"2021-10-12T16:27:24+00:00","dateModified":"2026-01-19T10:28:22+00:00","description":"If you have any questions or inquiries, please don't hesitate to contact us. We are here to assist you. Feel free to reach out today!","breadcrumb":{"@id":"https:\/\/lapainteriordesign.com\/fr\/contactez-nous\/#breadcrumb"},"inLanguage":"fr-FR","potentialAction":[{"@type":"ReadAction","target":["https:\/\/lapainteriordesign.com\/fr\/contactez-nous\/"]}]},{"@type":"ImageObject","inLanguage":"fr-FR","@id":"https:\/\/lapainteriordesign.com\/fr\/contactez-nous\/#primaryimage","url":"https:\/\/lapainteriordesign.com\/wp-content\/uploads\/2023\/08\/Contact-us-lapa-luxury-interior-design.jpg","contentUrl":"https:\/\/lapainteriordesign.com\/wp-content\/uploads\/2023\/08\/Contact-us-lapa-luxury-interior-design.jpg","width":1000,"height":1000,"caption":"Contact-us-lapa-luxury-interior-design"},{"@type":"BreadcrumbList","@id":"https:\/\/lapainteriordesign.com\/fr\/contactez-nous\/#breadcrumb","itemListElement":[{"@type":"ListItem","position":1,"name":"Home","item":"https:\/\/lapainteriordesign.com\/fr\/"},{"@type":"ListItem","position":2,"name":"Contactez-nous"}]},{"@type":"WebSite","@id":"https:\/\/lapainteriordesign.com\/#website","url":"https:\/\/lapainteriordesign.com\/","name":"lapainteriordesign.com","description":"Luxury Interior Design","publisher":{"@id":"https:\/\/lapainteriordesign.com\/#organization"},"potentialAction":[{"@type":"SearchAction","target":{"@type":"EntryPoint","urlTemplate":"https:\/\/lapainteriordesign.com\/?s={search_term_string}"},"query-input":{"@type":"PropertyValueSpecification","valueRequired":true,"valueName":"search_term_string"}}],"inLanguage":"fr-FR"},{"@type":"Organization","@id":"https:\/\/lapainteriordesign.com\/#organization","name":"Lapa Interior Design","url":"https:\/\/lapainteriordesign.com\/","logo":{"@type":"ImageObject","inLanguage":"fr-FR","@id":"https:\/\/lapainteriordesign.com\/#\/schema\/logo\/image\/","url":"https:\/\/lapainteriordesign.com\/wp-content\/uploads\/2026\/02\/cropped-Design-sem-nome-2026-02-04T094114.020.jpg","contentUrl":"https:\/\/lapainteriordesign.com\/wp-content\/uploads\/2026\/02\/cropped-Design-sem-nome-2026-02-04T094114.020.jpg","width":512,"height":512,"caption":"Lapa Interior Design"},"image":{"@id":"https:\/\/lapainteriordesign.com\/#\/schema\/logo\/image\/"},"sameAs":["https:\/\/www.facebook.com\/LapaInteriorDesign","https:\/\/x.com\/lapainterior","https:\/\/www.instagram.com\/lapainteriordesign\/","https:\/\/www.linkedin.com\/in\/lapa-interior-design-376823206\/"]}]}},"_links":{"self":[{"href":"https:\/\/lapainteriordesign.com\/fr\/wp-json\/wp\/v2\/pages\/25658","targetHints":{"allow":["GET"]}}],"collection":[{"href":"https:\/\/lapainteriordesign.com\/fr\/wp-json\/wp\/v2\/pages"}],"about":[{"href":"https:\/\/lapainteriordesign.com\/fr\/wp-json\/wp\/v2\/types\/page"}],"author":[{"embeddable":true,"href":"https:\/\/lapainteriordesign.com\/fr\/wp-json\/wp\/v2\/users\/1"}],"replies":[{"embeddable":true,"href":"https:\/\/lapainteriordesign.com\/fr\/wp-json\/wp\/v2\/comments?post=25658"}],"version-history":[{"count":0,"href":"https:\/\/lapainteriordesign.com\/fr\/wp-json\/wp\/v2\/pages\/25658\/revisions"}],"wp:featuredmedia":[{"embeddable":true,"href":"https:\/\/lapainteriordesign.com\/fr\/wp-json\/wp\/v2\/media\/25656"}],"wp:attachment":[{"href":"https:\/\/lapainteriordesign.com\/fr\/wp-json\/wp\/v2\/media?parent=25658"}],"curies":[{"name":"wp","href":"https:\/\/api.w.org\/{rel}","templated":true}]}}