{"id":25484,"date":"2026-01-18T16:48:57","date_gmt":"2026-01-18T16:48:57","guid":{"rendered":"https:\/\/lapainteriordesign.com\/product\/dubbo-sofa-with-chaise-longue-copy\/"},"modified":"2026-01-18T19:41:12","modified_gmt":"2026-01-18T19:41:12","slug":"composicion-dubbo","status":"publish","type":"product","link":"https:\/\/lapainteriordesign.com\/es\/product\/composicion-dubbo\/","title":{"rendered":"Composici\u00f3n Dubbo"},"content":{"rendered":"<h5 data-start=\"4519\" data-end=\"4552\">Dise\u00f1o Modular y Versatilidad<\/h5>\n<p data-start=\"4553\" data-end=\"4710\">La Composici\u00f3n Dubbo permite crear m\u00faltiples configuraciones. Por lo tanto, se adapta a distintas dimensiones. Adem\u00e1s, su est\u00e9tica es limpia y contempor\u00e1nea.<\/p>\n<h5 data-start=\"4712\" data-end=\"4736\">Confort y Uso Diario<\/h5>\n<p data-start=\"4737\" data-end=\"4856\">Cada m\u00f3dulo garantiza una experiencia c\u00f3moda. Como resultado, el sof\u00e1 es ideal para el uso diario sin perder elegancia.<\/p>\n<h5 data-start=\"4858\" data-end=\"4883\">Composici\u00f3n Detallada<\/h5>\n<p data-start=\"4884\" data-end=\"5072\">Incluye:<br data-start=\"4892\" data-end=\"4895\" \/>\u2013 Elemento simple de 2 plazas con 1 brazo<br data-start=\"4936\" data-end=\"4939\" \/>\u2013 Elemento simple de 80 cm<br data-start=\"4965\" data-end=\"4968\" \/>\u2013 Elemento de esquina<br data-start=\"4989\" data-end=\"4992\" \/>\u2013 2 elementos de 3 plazas sin brazos<br data-start=\"5028\" data-end=\"5031\" \/>\u2013 Chaise longue de 3 plazas con 1 brazo<\/p>\n<h5 data-start=\"5074\" data-end=\"5094\">Calidad y Dise\u00f1o<\/h5>\n<p data-start=\"5095\" data-end=\"5236\">La calidad de fabricaci\u00f3n es evidente. Adem\u00e1s, es personalizable en distintos tejidos. Descubre m\u00e1s en <strong data-start=\"5198\" data-end=\"5222\">Lapa Interior Design.<\/strong><\/p>\n<h5 data-start=\"5238\" data-end=\"5269\">Ideal para Salones Modernos<\/h5>\n<p data-start=\"5270\" data-end=\"5357\">En conclusi\u00f3n, esta composici\u00f3n es perfecta para quienes buscan dise\u00f1o y funcionalidad.<\/p>\n<p data-start=\"5270\" data-end=\"5357\">Adem\u00e1s, esta composici\u00f3n requiere <strong data-start=\"541\" data-end=\"561\">35,5 m de tejido<\/strong>, seg\u00fan el tipo de tela elegido.<\/p>\n","protected":false},"excerpt":{"rendered":"<p>The Dubbo Composition is a modular sofa designed for modern interiors. It combines flexibility, comfort, and timeless design. Moreover, it adapts easily to different room layouts, creating a balanced and welcoming living space.<\/p>\n<p>&nbsp;<\/p>\n","protected":false},"featured_media":25476,"template":"","meta":{"_joinchat":{"telephone":"+351910131778","message_text":"Hello! Need any info or help with this item?"}},"product_brand":[],"product_cat":[972,958,976],"product_tag":[2243,3885,6559,6599,1887,6598],"class_list":{"0":"post-25484","1":"product","2":"type-product","3":"status-publish","4":"has-post-thumbnail","6":"product_cat-asientos","7":"product_cat-muebles","8":"product_cat-sofas","9":"product_tag-contemporary-sofa","10":"product_tag-customizable-sofa","11":"product_tag-design-sofa","12":"product_tag-dubbo-composition","13":"product_tag-living-room-furniture","14":"product_tag-modular-sofa","16":"first","17":"onbackorder","18":"taxable","19":"shipping-taxable","20":"purchasable","21":"product-type-simple"},"yoast_head":"<!-- This site is optimized with the Yoast SEO plugin v26.7 - https:\/\/yoast.com\/wordpress\/plugins\/seo\/ -->\n<title>Composici\u00f3n Dubbo - lapainteriordesign.com<\/title>\n<meta name=\"description\" content=\"La Composici\u00f3n Dubbo es un sof\u00e1 modular vers\u00e1til y c\u00f3modo, ideal para salones modernos. Dise\u00f1o contempor\u00e1neo y m\u00e1xima flexibilidad.\" \/>\n<meta name=\"robots\" content=\"index, follow, max-snippet:-1, max-image-preview:large, max-video-preview:-1\" \/>\n<link rel=\"canonical\" href=\"https:\/\/lapainteriordesign.com\/es\/product\/composicion-dubbo\/\" \/>\n<meta property=\"og:locale\" content=\"es_ES\" \/>\n<meta property=\"og:type\" content=\"article\" \/>\n<meta property=\"og:title\" content=\"Florence sofa\" \/>\n<meta property=\"og:description\" content=\"Florence Sofa by Lapa Interior Design \u2013 A romantic, velvety sofa with carved marine leaf details. Handcrafted in Portugal for classic elegant interiors.\" \/>\n<meta property=\"og:url\" content=\"https:\/\/lapainteriordesign.com\/es\/product\/composicion-dubbo\/\" \/>\n<meta property=\"og:site_name\" content=\"lapainteriordesign.com\" \/>\n<meta property=\"article:publisher\" content=\"https:\/\/www.facebook.com\/LapaInteriorDesign\" \/>\n<meta property=\"article:modified_time\" content=\"2026-01-18T19:41:12+00:00\" \/>\n<meta property=\"og:image\" content=\"https:\/\/lapainteriordesign.com\/wp-content\/uploads\/2025\/08\/Lapa_Interior_Design_3167_1_florence_sofa_1.jpg\" \/>\n\t<meta property=\"og:image:width\" content=\"1000\" \/>\n\t<meta property=\"og:image:height\" content=\"1000\" \/>\n\t<meta property=\"og:image:type\" content=\"image\/jpeg\" \/>\n<meta name=\"twitter:card\" content=\"summary_large_image\" \/>\n<meta name=\"twitter:title\" content=\"Vintage 1974 Throw\" \/>\n<meta name=\"twitter:description\" content=\"Experience the ultimate in coziness with Mustard Vintage 1956 Throw. Crafted from 100% wool, it&#039;s a perfect blend of style and warmth.\" \/>\n<meta name=\"twitter:image\" content=\"https:\/\/lapainteriordesign.com\/wp-content\/uploads\/2024\/11\/vintage-mos-23.39.png\" \/>\n<meta name=\"twitter:site\" content=\"@lapainterior\" \/>\n<meta name=\"twitter:label1\" content=\"Tiempo de lectura\" \/>\n\t<meta name=\"twitter:data1\" content=\"1 minuto\" \/>\n<script type=\"application\/ld+json\" class=\"yoast-schema-graph\">{\"@context\":\"https:\/\/schema.org\",\"@graph\":[{\"@type\":\"WebPage\",\"@id\":\"https:\/\/lapainteriordesign.com\/es\/product\/composicion-dubbo\/\",\"url\":\"https:\/\/lapainteriordesign.com\/es\/product\/composicion-dubbo\/\",\"name\":\"Composici\u00f3n Dubbo - lapainteriordesign.com\",\"isPartOf\":{\"@id\":\"https:\/\/lapainteriordesign.com\/#website\"},\"primaryImageOfPage\":{\"@id\":\"https:\/\/lapainteriordesign.com\/es\/product\/composicion-dubbo\/#primaryimage\"},\"image\":{\"@id\":\"https:\/\/lapainteriordesign.com\/es\/product\/composicion-dubbo\/#primaryimage\"},\"thumbnailUrl\":\"https:\/\/lapainteriordesign.com\/wp-content\/uploads\/2026\/01\/Lapa_Interior_Design_Sofa-Dubbo_16.jpg\",\"datePublished\":\"2026-01-18T16:48:57+00:00\",\"dateModified\":\"2026-01-18T19:41:12+00:00\",\"description\":\"La Composici\u00f3n Dubbo es un sof\u00e1 modular vers\u00e1til y c\u00f3modo, ideal para salones modernos. Dise\u00f1o contempor\u00e1neo y m\u00e1xima flexibilidad.\",\"breadcrumb\":{\"@id\":\"https:\/\/lapainteriordesign.com\/es\/product\/composicion-dubbo\/#breadcrumb\"},\"inLanguage\":\"es\",\"potentialAction\":[{\"@type\":\"ReadAction\",\"target\":[\"https:\/\/lapainteriordesign.com\/es\/product\/composicion-dubbo\/\"]}]},{\"@type\":\"ImageObject\",\"inLanguage\":\"es\",\"@id\":\"https:\/\/lapainteriordesign.com\/es\/product\/composicion-dubbo\/#primaryimage\",\"url\":\"https:\/\/lapainteriordesign.com\/wp-content\/uploads\/2026\/01\/Lapa_Interior_Design_Sofa-Dubbo_16.jpg\",\"contentUrl\":\"https:\/\/lapainteriordesign.com\/wp-content\/uploads\/2026\/01\/Lapa_Interior_Design_Sofa-Dubbo_16.jpg\",\"width\":1000,\"height\":1000,\"caption\":\"Composi\u00e7\u00e3o Dubbo_Lapa_Interior_Design_Sofa-Dubbo\"},{\"@type\":\"BreadcrumbList\",\"@id\":\"https:\/\/lapainteriordesign.com\/es\/product\/composicion-dubbo\/#breadcrumb\",\"itemListElement\":[{\"@type\":\"ListItem\",\"position\":1,\"name\":\"Home\",\"item\":\"https:\/\/lapainteriordesign.com\/es\/\"},{\"@type\":\"ListItem\",\"position\":2,\"name\":\"Products\",\"item\":\"https:\/\/lapainteriordesign.com\/products\/\"},{\"@type\":\"ListItem\",\"position\":3,\"name\":\"Composici\u00f3n Dubbo\"}]},{\"@type\":\"WebSite\",\"@id\":\"https:\/\/lapainteriordesign.com\/#website\",\"url\":\"https:\/\/lapainteriordesign.com\/\",\"name\":\"lapainteriordesign.com\",\"description\":\"Luxury Interior Design\",\"publisher\":{\"@id\":\"https:\/\/lapainteriordesign.com\/#organization\"},\"potentialAction\":[{\"@type\":\"SearchAction\",\"target\":{\"@type\":\"EntryPoint\",\"urlTemplate\":\"https:\/\/lapainteriordesign.com\/?s={search_term_string}\"},\"query-input\":{\"@type\":\"PropertyValueSpecification\",\"valueRequired\":true,\"valueName\":\"search_term_string\"}}],\"inLanguage\":\"es\"},{\"@type\":\"Organization\",\"@id\":\"https:\/\/lapainteriordesign.com\/#organization\",\"name\":\"Lapa Interior Design\",\"url\":\"https:\/\/lapainteriordesign.com\/\",\"logo\":{\"@type\":\"ImageObject\",\"inLanguage\":\"es\",\"@id\":\"https:\/\/lapainteriordesign.com\/#\/schema\/logo\/image\/\",\"url\":\"https:\/\/lapainteriordesign.com\/wp-content\/uploads\/2026\/02\/cropped-Design-sem-nome-2026-02-04T094114.020.jpg\",\"contentUrl\":\"https:\/\/lapainteriordesign.com\/wp-content\/uploads\/2026\/02\/cropped-Design-sem-nome-2026-02-04T094114.020.jpg\",\"width\":512,\"height\":512,\"caption\":\"Lapa Interior Design\"},\"image\":{\"@id\":\"https:\/\/lapainteriordesign.com\/#\/schema\/logo\/image\/\"},\"sameAs\":[\"https:\/\/www.facebook.com\/LapaInteriorDesign\",\"https:\/\/x.com\/lapainterior\",\"https:\/\/www.instagram.com\/lapainteriordesign\/\",\"https:\/\/www.linkedin.com\/in\/lapa-interior-design-376823206\/\"]}]}<\/script>\n<!-- \/ Yoast SEO plugin. -->","yoast_head_json":{"title":"Composici\u00f3n Dubbo - lapainteriordesign.com","description":"La Composici\u00f3n Dubbo es un sof\u00e1 modular vers\u00e1til y c\u00f3modo, ideal para salones modernos. Dise\u00f1o contempor\u00e1neo y m\u00e1xima flexibilidad.","robots":{"index":"index","follow":"follow","max-snippet":"max-snippet:-1","max-image-preview":"max-image-preview:large","max-video-preview":"max-video-preview:-1"},"canonical":"https:\/\/lapainteriordesign.com\/es\/product\/composicion-dubbo\/","og_locale":"es_ES","og_type":"article","og_title":"Florence sofa","og_description":"Florence Sofa by Lapa Interior Design \u2013 A romantic, velvety sofa with carved marine leaf details. Handcrafted in Portugal for classic elegant interiors.","og_url":"https:\/\/lapainteriordesign.com\/es\/product\/composicion-dubbo\/","og_site_name":"lapainteriordesign.com","article_publisher":"https:\/\/www.facebook.com\/LapaInteriorDesign","article_modified_time":"2026-01-18T19:41:12+00:00","og_image":[{"width":1000,"height":1000,"url":"https:\/\/lapainteriordesign.com\/wp-content\/uploads\/2025\/08\/Lapa_Interior_Design_3167_1_florence_sofa_1.jpg","type":"image\/jpeg"}],"twitter_card":"summary_large_image","twitter_title":"Vintage 1974 Throw","twitter_description":"Experience the ultimate in coziness with Mustard Vintage 1956 Throw. Crafted from 100% wool, it's a perfect blend of style and warmth.","twitter_image":"https:\/\/lapainteriordesign.com\/wp-content\/uploads\/2024\/11\/vintage-mos-23.39.png","twitter_site":"@lapainterior","twitter_misc":{"Tiempo de lectura":"1 minuto"},"schema":{"@context":"https:\/\/schema.org","@graph":[{"@type":"WebPage","@id":"https:\/\/lapainteriordesign.com\/es\/product\/composicion-dubbo\/","url":"https:\/\/lapainteriordesign.com\/es\/product\/composicion-dubbo\/","name":"Composici\u00f3n Dubbo - lapainteriordesign.com","isPartOf":{"@id":"https:\/\/lapainteriordesign.com\/#website"},"primaryImageOfPage":{"@id":"https:\/\/lapainteriordesign.com\/es\/product\/composicion-dubbo\/#primaryimage"},"image":{"@id":"https:\/\/lapainteriordesign.com\/es\/product\/composicion-dubbo\/#primaryimage"},"thumbnailUrl":"https:\/\/lapainteriordesign.com\/wp-content\/uploads\/2026\/01\/Lapa_Interior_Design_Sofa-Dubbo_16.jpg","datePublished":"2026-01-18T16:48:57+00:00","dateModified":"2026-01-18T19:41:12+00:00","description":"La Composici\u00f3n Dubbo es un sof\u00e1 modular vers\u00e1til y c\u00f3modo, ideal para salones modernos. Dise\u00f1o contempor\u00e1neo y m\u00e1xima flexibilidad.","breadcrumb":{"@id":"https:\/\/lapainteriordesign.com\/es\/product\/composicion-dubbo\/#breadcrumb"},"inLanguage":"es","potentialAction":[{"@type":"ReadAction","target":["https:\/\/lapainteriordesign.com\/es\/product\/composicion-dubbo\/"]}]},{"@type":"ImageObject","inLanguage":"es","@id":"https:\/\/lapainteriordesign.com\/es\/product\/composicion-dubbo\/#primaryimage","url":"https:\/\/lapainteriordesign.com\/wp-content\/uploads\/2026\/01\/Lapa_Interior_Design_Sofa-Dubbo_16.jpg","contentUrl":"https:\/\/lapainteriordesign.com\/wp-content\/uploads\/2026\/01\/Lapa_Interior_Design_Sofa-Dubbo_16.jpg","width":1000,"height":1000,"caption":"Composi\u00e7\u00e3o Dubbo_Lapa_Interior_Design_Sofa-Dubbo"},{"@type":"BreadcrumbList","@id":"https:\/\/lapainteriordesign.com\/es\/product\/composicion-dubbo\/#breadcrumb","itemListElement":[{"@type":"ListItem","position":1,"name":"Home","item":"https:\/\/lapainteriordesign.com\/es\/"},{"@type":"ListItem","position":2,"name":"Products","item":"https:\/\/lapainteriordesign.com\/products\/"},{"@type":"ListItem","position":3,"name":"Composici\u00f3n Dubbo"}]},{"@type":"WebSite","@id":"https:\/\/lapainteriordesign.com\/#website","url":"https:\/\/lapainteriordesign.com\/","name":"lapainteriordesign.com","description":"Luxury Interior Design","publisher":{"@id":"https:\/\/lapainteriordesign.com\/#organization"},"potentialAction":[{"@type":"SearchAction","target":{"@type":"EntryPoint","urlTemplate":"https:\/\/lapainteriordesign.com\/?s={search_term_string}"},"query-input":{"@type":"PropertyValueSpecification","valueRequired":true,"valueName":"search_term_string"}}],"inLanguage":"es"},{"@type":"Organization","@id":"https:\/\/lapainteriordesign.com\/#organization","name":"Lapa Interior Design","url":"https:\/\/lapainteriordesign.com\/","logo":{"@type":"ImageObject","inLanguage":"es","@id":"https:\/\/lapainteriordesign.com\/#\/schema\/logo\/image\/","url":"https:\/\/lapainteriordesign.com\/wp-content\/uploads\/2026\/02\/cropped-Design-sem-nome-2026-02-04T094114.020.jpg","contentUrl":"https:\/\/lapainteriordesign.com\/wp-content\/uploads\/2026\/02\/cropped-Design-sem-nome-2026-02-04T094114.020.jpg","width":512,"height":512,"caption":"Lapa Interior Design"},"image":{"@id":"https:\/\/lapainteriordesign.com\/#\/schema\/logo\/image\/"},"sameAs":["https:\/\/www.facebook.com\/LapaInteriorDesign","https:\/\/x.com\/lapainterior","https:\/\/www.instagram.com\/lapainteriordesign\/","https:\/\/www.linkedin.com\/in\/lapa-interior-design-376823206\/"]}]}},"_links":{"self":[{"href":"https:\/\/lapainteriordesign.com\/es\/wp-json\/wp\/v2\/product\/25484","targetHints":{"allow":["GET"]}}],"collection":[{"href":"https:\/\/lapainteriordesign.com\/es\/wp-json\/wp\/v2\/product"}],"about":[{"href":"https:\/\/lapainteriordesign.com\/es\/wp-json\/wp\/v2\/types\/product"}],"version-history":[{"count":0,"href":"https:\/\/lapainteriordesign.com\/es\/wp-json\/wp\/v2\/product\/25484\/revisions"}],"wp:featuredmedia":[{"embeddable":true,"href":"https:\/\/lapainteriordesign.com\/es\/wp-json\/wp\/v2\/media\/25476"}],"wp:attachment":[{"href":"https:\/\/lapainteriordesign.com\/es\/wp-json\/wp\/v2\/media?parent=25484"}],"wp:term":[{"taxonomy":"product_brand","embeddable":true,"href":"https:\/\/lapainteriordesign.com\/es\/wp-json\/wp\/v2\/product_brand?post=25484"},{"taxonomy":"product_cat","embeddable":true,"href":"https:\/\/lapainteriordesign.com\/es\/wp-json\/wp\/v2\/product_cat?post=25484"},{"taxonomy":"product_tag","embeddable":true,"href":"https:\/\/lapainteriordesign.com\/es\/wp-json\/wp\/v2\/product_tag?post=25484"}],"curies":[{"name":"wp","href":"https:\/\/api.w.org\/{rel}","templated":true}]}}