{"id":22140,"date":"2023-11-01T10:20:47","date_gmt":"2023-11-01T10:20:47","guid":{"rendered":"https:\/\/lapainteriordesign.com\/product\/primavera-vieira-da-silva\/"},"modified":"2025-12-31T20:14:36","modified_gmt":"2025-12-31T20:14:36","slug":"primavera-de-vieira-da-silva","status":"publish","type":"product","link":"https:\/\/lapainteriordesign.com\/es\/product\/primavera-de-vieira-da-silva\/","title":{"rendered":"Primavera &#8211; Vieira da Silva"},"content":{"rendered":"<div class=\"flex-1 overflow-hidden\">\n<div class=\"react-scroll-to-bottom--css-zbsyb-79elbk h-full\">\n<div class=\"react-scroll-to-bottom--css-zbsyb-1n7m0yu\">\n<div class=\"flex flex-col text-sm gizmo:pb-9 dark:bg-gray-800 gizmo:dark:bg-transparent\">\n<div class=\"group final-completion w-full text-token-text-primary border-b border-black\/10 gizmo:border-0 dark:border-gray-900\/50 gizmo:dark:border-0 bg-gray-50 gizmo:bg-transparent dark:bg-[#444654] gizmo:dark:bg-transparent\" data-testid=\"conversation-turn-91\">\n<div class=\"p-4 gizmo:py-2 justify-center text-base md:gap-6 md:py-6 m-auto\">\n<div class=\"flex flex-1 gap-4 text-base mx-auto md:gap-6 gizmo:gap-3 gizmo:md:px-5 gizmo:lg:px-1 gizmo:xl:px-5 md:max-w-2xl lg:max-w-[38rem] gizmo:md:max-w-3xl gizmo:lg:max-w-[40rem] gizmo:xl:max-w-[48rem] xl:max-w-3xl }\">\n<div class=\"relative flex w-[calc(100%-50px)] flex-col gizmo:w-full lg:w-[calc(100%-115px)] agent-turn\">\n<div class=\"flex-col gap-1 md:gap-3\">\n<div class=\"flex flex-grow flex-col gap-3 max-w-full\">\n<div class=\"min-h-[20px] flex flex-col items-start gap-3 whitespace-pre-wrap break-words overflow-x-auto\">\n<div class=\"markdown prose w-full break-words dark:prose-invert light\">\n<div class=\"flex-1 overflow-hidden\">\n<div class=\"react-scroll-to-bottom--css-zbsyb-79elbk h-full\">\n<div class=\"react-scroll-to-bottom--css-zbsyb-1n7m0yu\">\n<div class=\"flex flex-col text-sm gizmo:pb-9 dark:bg-gray-800 gizmo:dark:bg-transparent\">\n<div class=\"group final-completion w-full text-token-text-primary border-b border-black\/10 gizmo:border-0 dark:border-gray-900\/50 gizmo:dark:border-0 bg-gray-50 gizmo:bg-transparent dark:bg-[#444654] gizmo:dark:bg-transparent\" data-testid=\"conversation-turn-103\">\n<div class=\"p-4 gizmo:py-2 justify-center text-base md:gap-6 md:py-6 m-auto\">\n<div class=\"flex flex-1 gap-4 text-base mx-auto md:gap-6 gizmo:gap-3 gizmo:md:px-5 gizmo:lg:px-1 gizmo:xl:px-5 md:max-w-2xl lg:max-w-[38rem] gizmo:md:max-w-3xl gizmo:lg:max-w-[40rem] gizmo:xl:max-w-[48rem] xl:max-w-3xl }\">\n<div class=\"relative flex w-[calc(100%-50px)] flex-col gizmo:w-full lg:w-[calc(100%-115px)] agent-turn\">\n<div class=\"flex-col gap-1 md:gap-3\">\n<div class=\"flex flex-grow flex-col gap-3 max-w-full\">\n<div class=\"min-h-[20px] flex flex-col items-start gap-3 whitespace-pre-wrap break-words overflow-x-auto\">\n<div class=\"markdown prose w-full break-words dark:prose-invert light\">\n<h5 data-start=\"1137\" data-end=\"1183\">Descubrir Primavera de Vieira da Silva<\/h5>\n<p data-start=\"1184\" data-end=\"1590\">La <strong data-start=\"1187\" data-end=\"1230\">Serigraf\u00eda Primavera de Vieira da Silva<\/strong>, creada en 1978, es una obra que evoca la renovaci\u00f3n estacional. Con unas dimensiones de 63 \u00d7 49 cm (84 \u00d7 64 cm), demuestra el dominio de la artista en la t\u00e9cnica de la serigraf\u00eda. Adem\u00e1s, traduce la naturaleza en un lenguaje abstracto lleno de emoci\u00f3n. Para conocer m\u00e1s sobre la artista, visita la <em data-start=\"1530\" data-end=\"1572\">Fundaci\u00f3n Arpad Szenes \u2013 Vieira da Silva<\/em> (enlace externo).<\/p>\n<h5 data-start=\"1592\" data-end=\"1631\">Abstracci\u00f3n, ritmo y movimiento<\/h5>\n<p data-start=\"1632\" data-end=\"1989\">En esta serigraf\u00eda, la artista explora la primavera como s\u00edmbolo de renacimiento. Las formas y las l\u00edneas se entrelazan de manera laber\u00edntica. As\u00ed, la composici\u00f3n transmite expansi\u00f3n y vitalidad. Adem\u00e1s, los contrastes crom\u00e1ticos aportan profundidad visual y equilibrio. Descubre obras relacionadas en nuestra <strong data-start=\"1942\" data-end=\"1971\">colecci\u00f3n de arte moderno<\/strong> (ENLACE INTERNO).<\/p>\n<h5 data-start=\"1991\" data-end=\"2042\">Una interpretaci\u00f3n personal de la primavera<\/h5>\n<p data-start=\"2043\" data-end=\"2321\">Aunque el t\u00edtulo sugiere una tem\u00e1tica clara, la abstracci\u00f3n abre m\u00faltiples lecturas. Cada observador puede encontrar sensaciones distintas. Por ello, la obra fomenta una experiencia contemplativa. Asimismo, la paleta crom\u00e1tica refuerza la idea de crecimiento y energ\u00eda renovada.<\/p>\n<h5 data-start=\"2323\" data-end=\"2363\">Una obra clave en su trayectoria<\/h5>\n<p data-start=\"2364\" data-end=\"2590\">La Serigraf\u00eda Primavera confirma la visi\u00f3n innovadora de Vieira da Silva. Su capacidad para expresar conceptos complejos sigue siendo relevante hoy. Adem\u00e1s, la obra mantiene una sorprendente actualidad dentro del arte moderno.<\/p>\n<\/div>\n<\/div>\n<\/div>\n<\/div>\n<\/div>\n<\/div>\n<\/div>\n<\/div>\n<\/div>\n<\/div>\n<\/div>\n<\/div>\n<\/div>\n<\/div>\n<\/div>\n<\/div>\n<\/div>\n<\/div>\n<\/div>\n<\/div>\n<\/div>\n<\/div>\n<\/div>\n<\/div>\n","protected":false},"excerpt":{"rendered":"<div class=\"_7c1d3f43 _102e117d _5c768b64 _e8f0d100\">\n<div class=\"_8e6c1b71\">\n<div class=\"_ebff5596\" data-tn=\"pdp-item-description\">\n<div class=\"_accb2e27\">\n<div class=\"_ea633ddf\">\n<div id=\":Rcdiha:\" class=\"_85f5162c _473e3111\" data-tn=\"expanding-area\" data-state=\"collapsed\">\n<div class=\"_98acf5a0\" data-tn=\"expanding-area-children-wrapper\">La <strong data-start=\"810\" data-end=\"860\">Serigraf\u00eda Primavera de Vieira da Silva (1978)<\/strong> celebra la energ\u00eda de la primavera a trav\u00e9s de la abstracci\u00f3n. L\u00edneas, formas y colores crean una composici\u00f3n din\u00e1mica y po\u00e9tica. Esta obra invita a la interpretaci\u00f3n personal y destaca por su fuerza visual y valor art\u00edstico duradero.<\/div>\n<\/div>\n<\/div>\n<\/div>\n<\/div>\n<\/div>\n<\/div>\n","protected":false},"featured_media":22136,"template":"","meta":{"_joinchat":{"telephone":"+351910131778","message_text":"Questions about this piece?"}},"product_brand":[],"product_cat":[946,948],"product_tag":[5181,5182,5183,5184,2567,2566,5188],"class_list":{"0":"post-22140","1":"product","2":"type-product","3":"status-publish","4":"has-post-thumbnail","6":"product_cat-obra-de-arte","7":"product_cat-serigrafia","8":"product_tag-arte-abstracto","9":"product_tag-arte-moderno","10":"product_tag-arte-portugues","11":"product_tag-coleccionismo-artistico","12":"product_tag-obra-grafica","13":"product_tag-primavera-vieira-da-silva","14":"product_tag-serigrafia-vieira-da-silva","16":"first","17":"instock","18":"taxable","19":"shipping-taxable","20":"purchasable","21":"product-type-simple"},"yoast_head":"<!-- This site is optimized with the Yoast SEO plugin v26.7 - https:\/\/yoast.com\/wordpress\/plugins\/seo\/ -->\n<title>Primavera - Vieira da Silva - lapainteriordesign.com<\/title>\n<meta name=\"description\" content=\"Serigraf\u00eda Primavera de Vieira da Silva, 1978. Obra abstracta que celebra la renovaci\u00f3n de la primavera con ritmo, color y profundidad visual.\" \/>\n<meta name=\"robots\" content=\"index, follow, max-snippet:-1, max-image-preview:large, max-video-preview:-1\" \/>\n<link rel=\"canonical\" href=\"https:\/\/lapainteriordesign.com\/es\/product\/primavera-de-vieira-da-silva\/\" \/>\n<meta property=\"og:locale\" content=\"es_ES\" \/>\n<meta property=\"og:type\" content=\"article\" \/>\n<meta property=\"og:title\" content=\"Vieira da Silva - Primavera serigraphy\" \/>\n<meta property=\"og:description\" content=\"Experience the essence of spring in &#039;Primavera&#039; by Vieira da Silva. An abstract masterpiece that captures the vibrancy of the season.\" \/>\n<meta property=\"og:url\" content=\"https:\/\/lapainteriordesign.com\/es\/product\/primavera-de-vieira-da-silva\/\" \/>\n<meta property=\"og:site_name\" content=\"lapainteriordesign.com\" \/>\n<meta property=\"article:publisher\" content=\"https:\/\/www.facebook.com\/LapaInteriorDesign\" \/>\n<meta property=\"article:modified_time\" content=\"2025-12-31T20:14:36+00:00\" \/>\n<meta property=\"og:image\" content=\"https:\/\/lapainteriordesign.com\/wp-content\/uploads\/2023\/11\/Lapa-Interior-Design_VDS0018-Vieira-da-Silva-Primavera-1978.-serigrafia-63x49-84x64-cm.jpg\" \/>\n\t<meta property=\"og:image:width\" content=\"1000\" \/>\n\t<meta property=\"og:image:height\" content=\"1000\" \/>\n\t<meta property=\"og:image:type\" content=\"image\/jpeg\" \/>\n<meta name=\"twitter:card\" content=\"summary_large_image\" \/>\n<meta name=\"twitter:title\" content=\"Vieira da Silva - Primavera serigraphy\" \/>\n<meta name=\"twitter:description\" content=\"Experience the essence of spring in &#039;Primavera&#039; by Vieira da Silva. An abstract masterpiece that captures the vibrancy of the season.\" \/>\n<meta name=\"twitter:image\" content=\"https:\/\/lapainteriordesign.com\/wp-content\/uploads\/2023\/11\/Lapa-Interior-Design_VDS0018-Vieira-da-Silva-Primavera-1978.-serigrafia-63x49-84x64-cm.jpg\" \/>\n<meta name=\"twitter:site\" content=\"@lapainterior\" \/>\n<meta name=\"twitter:label1\" content=\"Tiempo de lectura\" \/>\n\t<meta name=\"twitter:data1\" content=\"2 minutos\" \/>\n<script type=\"application\/ld+json\" class=\"yoast-schema-graph\">{\"@context\":\"https:\/\/schema.org\",\"@graph\":[{\"@type\":\"WebPage\",\"@id\":\"https:\/\/lapainteriordesign.com\/es\/product\/primavera-de-vieira-da-silva\/\",\"url\":\"https:\/\/lapainteriordesign.com\/es\/product\/primavera-de-vieira-da-silva\/\",\"name\":\"Primavera - Vieira da Silva - lapainteriordesign.com\",\"isPartOf\":{\"@id\":\"https:\/\/lapainteriordesign.com\/#website\"},\"primaryImageOfPage\":{\"@id\":\"https:\/\/lapainteriordesign.com\/es\/product\/primavera-de-vieira-da-silva\/#primaryimage\"},\"image\":{\"@id\":\"https:\/\/lapainteriordesign.com\/es\/product\/primavera-de-vieira-da-silva\/#primaryimage\"},\"thumbnailUrl\":\"https:\/\/lapainteriordesign.com\/wp-content\/uploads\/2023\/11\/Lapa-Interior-Design_VDS0018-Vieira-da-Silva-Primavera-1978.-serigrafia-63x49-84x64-cm.jpg\",\"datePublished\":\"2023-11-01T10:20:47+00:00\",\"dateModified\":\"2025-12-31T20:14:36+00:00\",\"description\":\"Serigraf\u00eda Primavera de Vieira da Silva, 1978. Obra abstracta que celebra la renovaci\u00f3n de la primavera con ritmo, color y profundidad visual.\",\"breadcrumb\":{\"@id\":\"https:\/\/lapainteriordesign.com\/es\/product\/primavera-de-vieira-da-silva\/#breadcrumb\"},\"inLanguage\":\"es\",\"potentialAction\":[{\"@type\":\"ReadAction\",\"target\":[\"https:\/\/lapainteriordesign.com\/es\/product\/primavera-de-vieira-da-silva\/\"]}]},{\"@type\":\"ImageObject\",\"inLanguage\":\"es\",\"@id\":\"https:\/\/lapainteriordesign.com\/es\/product\/primavera-de-vieira-da-silva\/#primaryimage\",\"url\":\"https:\/\/lapainteriordesign.com\/wp-content\/uploads\/2023\/11\/Lapa-Interior-Design_VDS0018-Vieira-da-Silva-Primavera-1978.-serigrafia-63x49-84x64-cm.jpg\",\"contentUrl\":\"https:\/\/lapainteriordesign.com\/wp-content\/uploads\/2023\/11\/Lapa-Interior-Design_VDS0018-Vieira-da-Silva-Primavera-1978.-serigrafia-63x49-84x64-cm.jpg\",\"width\":1000,\"height\":1000,\"caption\":\"Lapa-Interior-Design_VDS0018-Vieira-da-Silva-Primavera-1978.-serigrafia-63x49-84x64-cm\"},{\"@type\":\"BreadcrumbList\",\"@id\":\"https:\/\/lapainteriordesign.com\/es\/product\/primavera-de-vieira-da-silva\/#breadcrumb\",\"itemListElement\":[{\"@type\":\"ListItem\",\"position\":1,\"name\":\"Home\",\"item\":\"https:\/\/lapainteriordesign.com\/es\/\"},{\"@type\":\"ListItem\",\"position\":2,\"name\":\"Products\",\"item\":\"https:\/\/lapainteriordesign.com\/products\/\"},{\"@type\":\"ListItem\",\"position\":3,\"name\":\"Primavera &#8211; Vieira da Silva\"}]},{\"@type\":\"WebSite\",\"@id\":\"https:\/\/lapainteriordesign.com\/#website\",\"url\":\"https:\/\/lapainteriordesign.com\/\",\"name\":\"lapainteriordesign.com\",\"description\":\"Luxury Interior Design\",\"publisher\":{\"@id\":\"https:\/\/lapainteriordesign.com\/#organization\"},\"potentialAction\":[{\"@type\":\"SearchAction\",\"target\":{\"@type\":\"EntryPoint\",\"urlTemplate\":\"https:\/\/lapainteriordesign.com\/?s={search_term_string}\"},\"query-input\":{\"@type\":\"PropertyValueSpecification\",\"valueRequired\":true,\"valueName\":\"search_term_string\"}}],\"inLanguage\":\"es\"},{\"@type\":\"Organization\",\"@id\":\"https:\/\/lapainteriordesign.com\/#organization\",\"name\":\"Lapa Interior Design\",\"url\":\"https:\/\/lapainteriordesign.com\/\",\"logo\":{\"@type\":\"ImageObject\",\"inLanguage\":\"es\",\"@id\":\"https:\/\/lapainteriordesign.com\/#\/schema\/logo\/image\/\",\"url\":\"https:\/\/lapainteriordesign.com\/wp-content\/uploads\/2026\/02\/cropped-Design-sem-nome-2026-02-04T094114.020.jpg\",\"contentUrl\":\"https:\/\/lapainteriordesign.com\/wp-content\/uploads\/2026\/02\/cropped-Design-sem-nome-2026-02-04T094114.020.jpg\",\"width\":512,\"height\":512,\"caption\":\"Lapa Interior Design\"},\"image\":{\"@id\":\"https:\/\/lapainteriordesign.com\/#\/schema\/logo\/image\/\"},\"sameAs\":[\"https:\/\/www.facebook.com\/LapaInteriorDesign\",\"https:\/\/x.com\/lapainterior\",\"https:\/\/www.instagram.com\/lapainteriordesign\/\",\"https:\/\/www.linkedin.com\/in\/lapa-interior-design-376823206\/\"]}]}<\/script>\n<!-- \/ Yoast SEO plugin. -->","yoast_head_json":{"title":"Primavera - Vieira da Silva - lapainteriordesign.com","description":"Serigraf\u00eda Primavera de Vieira da Silva, 1978. Obra abstracta que celebra la renovaci\u00f3n de la primavera con ritmo, color y profundidad visual.","robots":{"index":"index","follow":"follow","max-snippet":"max-snippet:-1","max-image-preview":"max-image-preview:large","max-video-preview":"max-video-preview:-1"},"canonical":"https:\/\/lapainteriordesign.com\/es\/product\/primavera-de-vieira-da-silva\/","og_locale":"es_ES","og_type":"article","og_title":"Vieira da Silva - Primavera serigraphy","og_description":"Experience the essence of spring in 'Primavera' by Vieira da Silva. An abstract masterpiece that captures the vibrancy of the season.","og_url":"https:\/\/lapainteriordesign.com\/es\/product\/primavera-de-vieira-da-silva\/","og_site_name":"lapainteriordesign.com","article_publisher":"https:\/\/www.facebook.com\/LapaInteriorDesign","article_modified_time":"2025-12-31T20:14:36+00:00","og_image":[{"width":1000,"height":1000,"url":"https:\/\/lapainteriordesign.com\/wp-content\/uploads\/2023\/11\/Lapa-Interior-Design_VDS0018-Vieira-da-Silva-Primavera-1978.-serigrafia-63x49-84x64-cm.jpg","type":"image\/jpeg"}],"twitter_card":"summary_large_image","twitter_title":"Vieira da Silva - Primavera serigraphy","twitter_description":"Experience the essence of spring in 'Primavera' by Vieira da Silva. An abstract masterpiece that captures the vibrancy of the season.","twitter_image":"https:\/\/lapainteriordesign.com\/wp-content\/uploads\/2023\/11\/Lapa-Interior-Design_VDS0018-Vieira-da-Silva-Primavera-1978.-serigrafia-63x49-84x64-cm.jpg","twitter_site":"@lapainterior","twitter_misc":{"Tiempo de lectura":"2 minutos"},"schema":{"@context":"https:\/\/schema.org","@graph":[{"@type":"WebPage","@id":"https:\/\/lapainteriordesign.com\/es\/product\/primavera-de-vieira-da-silva\/","url":"https:\/\/lapainteriordesign.com\/es\/product\/primavera-de-vieira-da-silva\/","name":"Primavera - Vieira da Silva - lapainteriordesign.com","isPartOf":{"@id":"https:\/\/lapainteriordesign.com\/#website"},"primaryImageOfPage":{"@id":"https:\/\/lapainteriordesign.com\/es\/product\/primavera-de-vieira-da-silva\/#primaryimage"},"image":{"@id":"https:\/\/lapainteriordesign.com\/es\/product\/primavera-de-vieira-da-silva\/#primaryimage"},"thumbnailUrl":"https:\/\/lapainteriordesign.com\/wp-content\/uploads\/2023\/11\/Lapa-Interior-Design_VDS0018-Vieira-da-Silva-Primavera-1978.-serigrafia-63x49-84x64-cm.jpg","datePublished":"2023-11-01T10:20:47+00:00","dateModified":"2025-12-31T20:14:36+00:00","description":"Serigraf\u00eda Primavera de Vieira da Silva, 1978. Obra abstracta que celebra la renovaci\u00f3n de la primavera con ritmo, color y profundidad visual.","breadcrumb":{"@id":"https:\/\/lapainteriordesign.com\/es\/product\/primavera-de-vieira-da-silva\/#breadcrumb"},"inLanguage":"es","potentialAction":[{"@type":"ReadAction","target":["https:\/\/lapainteriordesign.com\/es\/product\/primavera-de-vieira-da-silva\/"]}]},{"@type":"ImageObject","inLanguage":"es","@id":"https:\/\/lapainteriordesign.com\/es\/product\/primavera-de-vieira-da-silva\/#primaryimage","url":"https:\/\/lapainteriordesign.com\/wp-content\/uploads\/2023\/11\/Lapa-Interior-Design_VDS0018-Vieira-da-Silva-Primavera-1978.-serigrafia-63x49-84x64-cm.jpg","contentUrl":"https:\/\/lapainteriordesign.com\/wp-content\/uploads\/2023\/11\/Lapa-Interior-Design_VDS0018-Vieira-da-Silva-Primavera-1978.-serigrafia-63x49-84x64-cm.jpg","width":1000,"height":1000,"caption":"Lapa-Interior-Design_VDS0018-Vieira-da-Silva-Primavera-1978.-serigrafia-63x49-84x64-cm"},{"@type":"BreadcrumbList","@id":"https:\/\/lapainteriordesign.com\/es\/product\/primavera-de-vieira-da-silva\/#breadcrumb","itemListElement":[{"@type":"ListItem","position":1,"name":"Home","item":"https:\/\/lapainteriordesign.com\/es\/"},{"@type":"ListItem","position":2,"name":"Products","item":"https:\/\/lapainteriordesign.com\/products\/"},{"@type":"ListItem","position":3,"name":"Primavera &#8211; Vieira da Silva"}]},{"@type":"WebSite","@id":"https:\/\/lapainteriordesign.com\/#website","url":"https:\/\/lapainteriordesign.com\/","name":"lapainteriordesign.com","description":"Luxury Interior Design","publisher":{"@id":"https:\/\/lapainteriordesign.com\/#organization"},"potentialAction":[{"@type":"SearchAction","target":{"@type":"EntryPoint","urlTemplate":"https:\/\/lapainteriordesign.com\/?s={search_term_string}"},"query-input":{"@type":"PropertyValueSpecification","valueRequired":true,"valueName":"search_term_string"}}],"inLanguage":"es"},{"@type":"Organization","@id":"https:\/\/lapainteriordesign.com\/#organization","name":"Lapa Interior Design","url":"https:\/\/lapainteriordesign.com\/","logo":{"@type":"ImageObject","inLanguage":"es","@id":"https:\/\/lapainteriordesign.com\/#\/schema\/logo\/image\/","url":"https:\/\/lapainteriordesign.com\/wp-content\/uploads\/2026\/02\/cropped-Design-sem-nome-2026-02-04T094114.020.jpg","contentUrl":"https:\/\/lapainteriordesign.com\/wp-content\/uploads\/2026\/02\/cropped-Design-sem-nome-2026-02-04T094114.020.jpg","width":512,"height":512,"caption":"Lapa Interior Design"},"image":{"@id":"https:\/\/lapainteriordesign.com\/#\/schema\/logo\/image\/"},"sameAs":["https:\/\/www.facebook.com\/LapaInteriorDesign","https:\/\/x.com\/lapainterior","https:\/\/www.instagram.com\/lapainteriordesign\/","https:\/\/www.linkedin.com\/in\/lapa-interior-design-376823206\/"]}]}},"_links":{"self":[{"href":"https:\/\/lapainteriordesign.com\/es\/wp-json\/wp\/v2\/product\/22140","targetHints":{"allow":["GET"]}}],"collection":[{"href":"https:\/\/lapainteriordesign.com\/es\/wp-json\/wp\/v2\/product"}],"about":[{"href":"https:\/\/lapainteriordesign.com\/es\/wp-json\/wp\/v2\/types\/product"}],"version-history":[{"count":0,"href":"https:\/\/lapainteriordesign.com\/es\/wp-json\/wp\/v2\/product\/22140\/revisions"}],"wp:featuredmedia":[{"embeddable":true,"href":"https:\/\/lapainteriordesign.com\/es\/wp-json\/wp\/v2\/media\/22136"}],"wp:attachment":[{"href":"https:\/\/lapainteriordesign.com\/es\/wp-json\/wp\/v2\/media?parent=22140"}],"wp:term":[{"taxonomy":"product_brand","embeddable":true,"href":"https:\/\/lapainteriordesign.com\/es\/wp-json\/wp\/v2\/product_brand?post=22140"},{"taxonomy":"product_cat","embeddable":true,"href":"https:\/\/lapainteriordesign.com\/es\/wp-json\/wp\/v2\/product_cat?post=22140"},{"taxonomy":"product_tag","embeddable":true,"href":"https:\/\/lapainteriordesign.com\/es\/wp-json\/wp\/v2\/product_tag?post=22140"}],"curies":[{"name":"wp","href":"https:\/\/api.w.org\/{rel}","templated":true}]}}