{"id":19851,"date":"2025-08-05T20:35:02","date_gmt":"2025-08-05T20:35:02","guid":{"rendered":"https:\/\/lapainteriordesign.com\/product\/versalhes-chest-of-drawers\/"},"modified":"2025-12-28T09:58:37","modified_gmt":"2025-12-28T09:58:37","slug":"comoda-versalhes","status":"publish","type":"product","link":"https:\/\/lapainteriordesign.com\/es\/product\/comoda-versalhes\/","title":{"rendered":"C\u00f3moda Versalhes"},"content":{"rendered":"<h5 data-start=\"1088\" data-end=\"1165\"><strong data-start=\"1094\" data-end=\"1165\">C\u00f3moda Versalhes \u2013 Elegancia Atemporal para Interiores Sofisticados<\/strong><\/h5>\n<h5 data-start=\"1167\" data-end=\"1223\"><strong data-start=\"1173\" data-end=\"1221\">Dise\u00f1o Cl\u00e1sico con Proporciones Equilibradas<\/strong><\/h5>\n<p data-start=\"1224\" data-end=\"1399\">La <strong data-start=\"1227\" data-end=\"1247\">C\u00f3moda Versalhes<\/strong> destaca por su presencia refinada y l\u00edneas armoniosas. Adem\u00e1s, su silueta cl\u00e1sica se adapta f\u00e1cilmente a dormitorios, recibidores o pasillos elegantes.<\/p>\n<h5 data-start=\"1401\" data-end=\"1455\"><strong data-start=\"1407\" data-end=\"1453\">Dimensiones Pensadas para la Funcionalidad<\/strong><\/h5>\n<p data-start=\"1456\" data-end=\"1673\">Con unas medidas aproximadas de 1,29 m de largo, 0,60 m de fondo y 0,86 m de alto, esta c\u00f3moda ofrece amplio almacenamiento sin sobrecargar el espacio. Por ello, resulta ideal para interiores cl\u00e1sicos o de transici\u00f3n.<\/p>\n<h5 data-start=\"1675\" data-end=\"1727\"><strong data-start=\"1681\" data-end=\"1725\">Acabado Artesanal y Est\u00e9tica Sofisticada<\/strong><\/h5>\n<p data-start=\"1728\" data-end=\"1916\">El acabado <strong data-start=\"1739\" data-end=\"1759\">Bluebell Antique<\/strong> aporta una p\u00e1tina suave y elegante. Asimismo, este tratamiento realza la profundidad del color y a\u00f1ade un car\u00e1cter atemporal inspirado en el dise\u00f1o europeo.<\/p>\n<h5 data-start=\"1918\" data-end=\"1955\"><strong data-start=\"1924\" data-end=\"1953\">Uso Pr\u00e1ctico y Decorativo<\/strong><\/h5>\n<p data-start=\"1956\" data-end=\"2164\">La <strong data-start=\"1959\" data-end=\"1979\">C\u00f3moda Versalhes<\/strong> incluye varios cajones espaciosos, perfectos para organizar ropa, textiles o accesorios. Adem\u00e1s, puede combinarse con un espejo o una obra de arte para crear un punto focal decorativo.<\/p>\n<h5 data-start=\"2166\" data-end=\"2209\"><strong data-start=\"2172\" data-end=\"2207\">Combinaciones y Estilo Interior<\/strong><\/h5>\n<p data-start=\"2210\" data-end=\"2441\">Para un ambiente coherente, combina esta c\u00f3moda con piezas de la <a class=\"decorated-link\" href=\"#\" rel=\"noopener\" data-start=\"2275\" data-end=\"2322\">Classic Collection de Lapa Interior Design<\/a>, como camas o mesillas a juego. Para m\u00e1s ideas, consulta <a class=\"decorated-link\" href=\"https:\/\/www.architecturaldigest.com\/\" target=\"_new\" rel=\"noopener\" data-start=\"2380\" data-end=\"2440\">Architectural Digest<\/a>.<\/p>\n<p data-start=\"2443\" data-end=\"2557\">En resumen, la <strong data-start=\"2458\" data-end=\"2478\">C\u00f3moda Versalhes<\/strong> es una pieza vers\u00e1til que une funcionalidad, elegancia y artesan\u00eda portuguesa.<\/p>\n<p data-start=\"2559\" data-end=\"2676\"><strong data-start=\"2559\" data-end=\"2571\">Medidas:<\/strong><br data-start=\"2571\" data-end=\"2574\" \/>Largo 1,29 m | Fondo 0,60 m | Alto 0,86 m<br data-start=\"2615\" data-end=\"2618\" \/><strong data-start=\"2618\" data-end=\"2630\">Acabado:<\/strong> Bluebell Antique<br data-start=\"2647\" data-end=\"2650\" \/><strong data-start=\"2650\" data-end=\"2665\">Producci\u00f3n:<\/strong> Portugal<\/p>\n","protected":false},"excerpt":{"rendered":"<p>La <strong data-start=\"931\" data-end=\"951\">C\u00f3moda Versalhes<\/strong> combina almacenamiento funcional y elegancia cl\u00e1sica. Fabricada en Portugal, aporta car\u00e1cter y sofisticaci\u00f3n a cualquier espacio.<\/p>\n","protected":false},"featured_media":19845,"template":"","meta":{"_joinchat":{"telephone":"+351910131778","message_text":"Questions about this piece?"}},"product_brand":[],"product_cat":[978,960,958],"product_tag":[1414,4400,4401,1437,1398,816,1508],"class_list":{"0":"post-19851","1":"product","2":"type-product","3":"status-publish","4":"has-post-thumbnail","6":"product_cat-almacenamientos","7":"product_cat-comoda","8":"product_cat-muebles","9":"product_tag-classic-collection","10":"product_tag-comoda-clasica","11":"product_tag-comoda-de-diseno","12":"product_tag-comoda-elegante","13":"product_tag-comoda-versalhes","14":"product_tag-lapa-interior-design","15":"product_tag-mobiliario-portugues","17":"first","18":"onbackorder","19":"taxable","20":"shipping-taxable","21":"purchasable","22":"product-type-simple"},"yoast_head":"<!-- This site is optimized with the Yoast SEO plugin v26.7 - https:\/\/yoast.com\/wordpress\/plugins\/seo\/ -->\n<title>C\u00f3moda Versalhes - lapainteriordesign.com<\/title>\n<meta name=\"description\" content=\"C\u00f3moda Versalhes de Lapa Interior Design: c\u00f3moda elegante, fabricada en Portugal, con acabado Bluebell Antique y dise\u00f1o cl\u00e1sico atemporal.\" \/>\n<meta name=\"robots\" content=\"index, follow, max-snippet:-1, max-image-preview:large, max-video-preview:-1\" \/>\n<link rel=\"canonical\" href=\"https:\/\/lapainteriordesign.com\/es\/product\/comoda-versalhes\/\" \/>\n<meta property=\"og:locale\" content=\"es_ES\" \/>\n<meta property=\"og:type\" content=\"article\" \/>\n<meta property=\"og:title\" content=\"Versalhes Chest of Drawers\" \/>\n<meta property=\"og:description\" content=\"Versalhes Chest of Drawers a Portuguese-crafted storage piece in Bluebell Antique finish. Elegant and practical for bedroom or hallway use.\" \/>\n<meta property=\"og:url\" content=\"https:\/\/lapainteriordesign.com\/es\/product\/comoda-versalhes\/\" \/>\n<meta property=\"og:site_name\" content=\"lapainteriordesign.com\" \/>\n<meta property=\"article:publisher\" content=\"https:\/\/www.facebook.com\/LapaInteriorDesign\" \/>\n<meta property=\"article:modified_time\" content=\"2025-12-28T09:58:37+00:00\" \/>\n<meta property=\"og:image\" content=\"https:\/\/lapainteriordesign.com\/wp-content\/uploads\/2025\/08\/Lapa_interior_Design-Versalhes-chest-of-drawers-angle-AC3085Z_4.jpg\" \/>\n\t<meta property=\"og:image:width\" content=\"1000\" \/>\n\t<meta property=\"og:image:height\" content=\"1000\" \/>\n\t<meta property=\"og:image:type\" content=\"image\/jpeg\" \/>\n<meta name=\"twitter:card\" content=\"summary_large_image\" \/>\n<meta name=\"twitter:title\" content=\"Vintage 1974 Throw\" \/>\n<meta name=\"twitter:description\" content=\"Experience the ultimate in coziness with Mustard Vintage 1956 Throw. Crafted from 100% wool, it&#039;s a perfect blend of style and warmth.\" \/>\n<meta name=\"twitter:image\" content=\"https:\/\/lapainteriordesign.com\/wp-content\/uploads\/2024\/11\/vintage-mos-23.39.png\" \/>\n<meta name=\"twitter:site\" content=\"@lapainterior\" \/>\n<meta name=\"twitter:label1\" content=\"Tiempo de lectura\" \/>\n\t<meta name=\"twitter:data1\" content=\"2 minutos\" \/>\n<script type=\"application\/ld+json\" class=\"yoast-schema-graph\">{\"@context\":\"https:\/\/schema.org\",\"@graph\":[{\"@type\":\"WebPage\",\"@id\":\"https:\/\/lapainteriordesign.com\/es\/product\/comoda-versalhes\/\",\"url\":\"https:\/\/lapainteriordesign.com\/es\/product\/comoda-versalhes\/\",\"name\":\"C\u00f3moda Versalhes - lapainteriordesign.com\",\"isPartOf\":{\"@id\":\"https:\/\/lapainteriordesign.com\/#website\"},\"primaryImageOfPage\":{\"@id\":\"https:\/\/lapainteriordesign.com\/es\/product\/comoda-versalhes\/#primaryimage\"},\"image\":{\"@id\":\"https:\/\/lapainteriordesign.com\/es\/product\/comoda-versalhes\/#primaryimage\"},\"thumbnailUrl\":\"https:\/\/lapainteriordesign.com\/wp-content\/uploads\/2025\/08\/Lapa_interior_Design-Versalhes-chest-of-drawers-angle-AC3085Z_4_1.jpg\",\"datePublished\":\"2025-08-05T20:35:02+00:00\",\"dateModified\":\"2025-12-28T09:58:37+00:00\",\"description\":\"C\u00f3moda Versalhes de Lapa Interior Design: c\u00f3moda elegante, fabricada en Portugal, con acabado Bluebell Antique y dise\u00f1o cl\u00e1sico atemporal.\",\"breadcrumb\":{\"@id\":\"https:\/\/lapainteriordesign.com\/es\/product\/comoda-versalhes\/#breadcrumb\"},\"inLanguage\":\"es\",\"potentialAction\":[{\"@type\":\"ReadAction\",\"target\":[\"https:\/\/lapainteriordesign.com\/es\/product\/comoda-versalhes\/\"]}]},{\"@type\":\"ImageObject\",\"inLanguage\":\"es\",\"@id\":\"https:\/\/lapainteriordesign.com\/es\/product\/comoda-versalhes\/#primaryimage\",\"url\":\"https:\/\/lapainteriordesign.com\/wp-content\/uploads\/2025\/08\/Lapa_interior_Design-Versalhes-chest-of-drawers-angle-AC3085Z_4_1.jpg\",\"contentUrl\":\"https:\/\/lapainteriordesign.com\/wp-content\/uploads\/2025\/08\/Lapa_interior_Design-Versalhes-chest-of-drawers-angle-AC3085Z_4_1.jpg\",\"width\":1000,\"height\":1000,\"caption\":\"Versalhes Chest of Drawers by Lapa Interior Design \u2013 compact chest in Bluebell Antique finish\"},{\"@type\":\"BreadcrumbList\",\"@id\":\"https:\/\/lapainteriordesign.com\/es\/product\/comoda-versalhes\/#breadcrumb\",\"itemListElement\":[{\"@type\":\"ListItem\",\"position\":1,\"name\":\"Home\",\"item\":\"https:\/\/lapainteriordesign.com\/es\/\"},{\"@type\":\"ListItem\",\"position\":2,\"name\":\"Products\",\"item\":\"https:\/\/lapainteriordesign.com\/products\/\"},{\"@type\":\"ListItem\",\"position\":3,\"name\":\"C\u00f3moda Versalhes\"}]},{\"@type\":\"WebSite\",\"@id\":\"https:\/\/lapainteriordesign.com\/#website\",\"url\":\"https:\/\/lapainteriordesign.com\/\",\"name\":\"lapainteriordesign.com\",\"description\":\"Luxury Interior Design\",\"publisher\":{\"@id\":\"https:\/\/lapainteriordesign.com\/#organization\"},\"potentialAction\":[{\"@type\":\"SearchAction\",\"target\":{\"@type\":\"EntryPoint\",\"urlTemplate\":\"https:\/\/lapainteriordesign.com\/?s={search_term_string}\"},\"query-input\":{\"@type\":\"PropertyValueSpecification\",\"valueRequired\":true,\"valueName\":\"search_term_string\"}}],\"inLanguage\":\"es\"},{\"@type\":\"Organization\",\"@id\":\"https:\/\/lapainteriordesign.com\/#organization\",\"name\":\"Lapa Interior Design\",\"url\":\"https:\/\/lapainteriordesign.com\/\",\"logo\":{\"@type\":\"ImageObject\",\"inLanguage\":\"es\",\"@id\":\"https:\/\/lapainteriordesign.com\/#\/schema\/logo\/image\/\",\"url\":\"https:\/\/lapainteriordesign.com\/wp-content\/uploads\/2026\/02\/cropped-Design-sem-nome-2026-02-04T094114.020.jpg\",\"contentUrl\":\"https:\/\/lapainteriordesign.com\/wp-content\/uploads\/2026\/02\/cropped-Design-sem-nome-2026-02-04T094114.020.jpg\",\"width\":512,\"height\":512,\"caption\":\"Lapa Interior Design\"},\"image\":{\"@id\":\"https:\/\/lapainteriordesign.com\/#\/schema\/logo\/image\/\"},\"sameAs\":[\"https:\/\/www.facebook.com\/LapaInteriorDesign\",\"https:\/\/x.com\/lapainterior\",\"https:\/\/www.instagram.com\/lapainteriordesign\/\",\"https:\/\/www.linkedin.com\/in\/lapa-interior-design-376823206\/\"]}]}<\/script>\n<!-- \/ Yoast SEO plugin. -->","yoast_head_json":{"title":"C\u00f3moda Versalhes - lapainteriordesign.com","description":"C\u00f3moda Versalhes de Lapa Interior Design: c\u00f3moda elegante, fabricada en Portugal, con acabado Bluebell Antique y dise\u00f1o cl\u00e1sico atemporal.","robots":{"index":"index","follow":"follow","max-snippet":"max-snippet:-1","max-image-preview":"max-image-preview:large","max-video-preview":"max-video-preview:-1"},"canonical":"https:\/\/lapainteriordesign.com\/es\/product\/comoda-versalhes\/","og_locale":"es_ES","og_type":"article","og_title":"Versalhes Chest of Drawers","og_description":"Versalhes Chest of Drawers a Portuguese-crafted storage piece in Bluebell Antique finish. Elegant and practical for bedroom or hallway use.","og_url":"https:\/\/lapainteriordesign.com\/es\/product\/comoda-versalhes\/","og_site_name":"lapainteriordesign.com","article_publisher":"https:\/\/www.facebook.com\/LapaInteriorDesign","article_modified_time":"2025-12-28T09:58:37+00:00","og_image":[{"width":1000,"height":1000,"url":"https:\/\/lapainteriordesign.com\/wp-content\/uploads\/2025\/08\/Lapa_interior_Design-Versalhes-chest-of-drawers-angle-AC3085Z_4.jpg","type":"image\/jpeg"}],"twitter_card":"summary_large_image","twitter_title":"Vintage 1974 Throw","twitter_description":"Experience the ultimate in coziness with Mustard Vintage 1956 Throw. Crafted from 100% wool, it's a perfect blend of style and warmth.","twitter_image":"https:\/\/lapainteriordesign.com\/wp-content\/uploads\/2024\/11\/vintage-mos-23.39.png","twitter_site":"@lapainterior","twitter_misc":{"Tiempo de lectura":"2 minutos"},"schema":{"@context":"https:\/\/schema.org","@graph":[{"@type":"WebPage","@id":"https:\/\/lapainteriordesign.com\/es\/product\/comoda-versalhes\/","url":"https:\/\/lapainteriordesign.com\/es\/product\/comoda-versalhes\/","name":"C\u00f3moda Versalhes - lapainteriordesign.com","isPartOf":{"@id":"https:\/\/lapainteriordesign.com\/#website"},"primaryImageOfPage":{"@id":"https:\/\/lapainteriordesign.com\/es\/product\/comoda-versalhes\/#primaryimage"},"image":{"@id":"https:\/\/lapainteriordesign.com\/es\/product\/comoda-versalhes\/#primaryimage"},"thumbnailUrl":"https:\/\/lapainteriordesign.com\/wp-content\/uploads\/2025\/08\/Lapa_interior_Design-Versalhes-chest-of-drawers-angle-AC3085Z_4_1.jpg","datePublished":"2025-08-05T20:35:02+00:00","dateModified":"2025-12-28T09:58:37+00:00","description":"C\u00f3moda Versalhes de Lapa Interior Design: c\u00f3moda elegante, fabricada en Portugal, con acabado Bluebell Antique y dise\u00f1o cl\u00e1sico atemporal.","breadcrumb":{"@id":"https:\/\/lapainteriordesign.com\/es\/product\/comoda-versalhes\/#breadcrumb"},"inLanguage":"es","potentialAction":[{"@type":"ReadAction","target":["https:\/\/lapainteriordesign.com\/es\/product\/comoda-versalhes\/"]}]},{"@type":"ImageObject","inLanguage":"es","@id":"https:\/\/lapainteriordesign.com\/es\/product\/comoda-versalhes\/#primaryimage","url":"https:\/\/lapainteriordesign.com\/wp-content\/uploads\/2025\/08\/Lapa_interior_Design-Versalhes-chest-of-drawers-angle-AC3085Z_4_1.jpg","contentUrl":"https:\/\/lapainteriordesign.com\/wp-content\/uploads\/2025\/08\/Lapa_interior_Design-Versalhes-chest-of-drawers-angle-AC3085Z_4_1.jpg","width":1000,"height":1000,"caption":"Versalhes Chest of Drawers by Lapa Interior Design \u2013 compact chest in Bluebell Antique finish"},{"@type":"BreadcrumbList","@id":"https:\/\/lapainteriordesign.com\/es\/product\/comoda-versalhes\/#breadcrumb","itemListElement":[{"@type":"ListItem","position":1,"name":"Home","item":"https:\/\/lapainteriordesign.com\/es\/"},{"@type":"ListItem","position":2,"name":"Products","item":"https:\/\/lapainteriordesign.com\/products\/"},{"@type":"ListItem","position":3,"name":"C\u00f3moda Versalhes"}]},{"@type":"WebSite","@id":"https:\/\/lapainteriordesign.com\/#website","url":"https:\/\/lapainteriordesign.com\/","name":"lapainteriordesign.com","description":"Luxury Interior Design","publisher":{"@id":"https:\/\/lapainteriordesign.com\/#organization"},"potentialAction":[{"@type":"SearchAction","target":{"@type":"EntryPoint","urlTemplate":"https:\/\/lapainteriordesign.com\/?s={search_term_string}"},"query-input":{"@type":"PropertyValueSpecification","valueRequired":true,"valueName":"search_term_string"}}],"inLanguage":"es"},{"@type":"Organization","@id":"https:\/\/lapainteriordesign.com\/#organization","name":"Lapa Interior Design","url":"https:\/\/lapainteriordesign.com\/","logo":{"@type":"ImageObject","inLanguage":"es","@id":"https:\/\/lapainteriordesign.com\/#\/schema\/logo\/image\/","url":"https:\/\/lapainteriordesign.com\/wp-content\/uploads\/2026\/02\/cropped-Design-sem-nome-2026-02-04T094114.020.jpg","contentUrl":"https:\/\/lapainteriordesign.com\/wp-content\/uploads\/2026\/02\/cropped-Design-sem-nome-2026-02-04T094114.020.jpg","width":512,"height":512,"caption":"Lapa Interior Design"},"image":{"@id":"https:\/\/lapainteriordesign.com\/#\/schema\/logo\/image\/"},"sameAs":["https:\/\/www.facebook.com\/LapaInteriorDesign","https:\/\/x.com\/lapainterior","https:\/\/www.instagram.com\/lapainteriordesign\/","https:\/\/www.linkedin.com\/in\/lapa-interior-design-376823206\/"]}]}},"_links":{"self":[{"href":"https:\/\/lapainteriordesign.com\/es\/wp-json\/wp\/v2\/product\/19851","targetHints":{"allow":["GET"]}}],"collection":[{"href":"https:\/\/lapainteriordesign.com\/es\/wp-json\/wp\/v2\/product"}],"about":[{"href":"https:\/\/lapainteriordesign.com\/es\/wp-json\/wp\/v2\/types\/product"}],"version-history":[{"count":0,"href":"https:\/\/lapainteriordesign.com\/es\/wp-json\/wp\/v2\/product\/19851\/revisions"}],"wp:featuredmedia":[{"embeddable":true,"href":"https:\/\/lapainteriordesign.com\/es\/wp-json\/wp\/v2\/media\/19845"}],"wp:attachment":[{"href":"https:\/\/lapainteriordesign.com\/es\/wp-json\/wp\/v2\/media?parent=19851"}],"wp:term":[{"taxonomy":"product_brand","embeddable":true,"href":"https:\/\/lapainteriordesign.com\/es\/wp-json\/wp\/v2\/product_brand?post=19851"},{"taxonomy":"product_cat","embeddable":true,"href":"https:\/\/lapainteriordesign.com\/es\/wp-json\/wp\/v2\/product_cat?post=19851"},{"taxonomy":"product_tag","embeddable":true,"href":"https:\/\/lapainteriordesign.com\/es\/wp-json\/wp\/v2\/product_tag?post=19851"}],"curies":[{"name":"wp","href":"https:\/\/api.w.org\/{rel}","templated":true}]}}