{"id":19749,"date":"2025-08-06T19:31:21","date_gmt":"2025-08-06T19:31:21","guid":{"rendered":"https:\/\/lapainteriordesign.com\/product\/carter-kitchen\/"},"modified":"2025-12-27T19:17:20","modified_gmt":"2025-12-27T19:17:20","slug":"cocina-carter","status":"publish","type":"product","link":"https:\/\/lapainteriordesign.com\/es\/product\/cocina-carter\/","title":{"rendered":"Cocina Carter"},"content":{"rendered":"<h5 data-start=\"894\" data-end=\"954\"><strong data-start=\"898\" data-end=\"952\">Cocina Carter \u2013 Cocina Personalizada para tu Hogar<\/strong><\/h5>\n<h5 data-start=\"956\" data-end=\"987\"><strong data-start=\"961\" data-end=\"985\">Dise\u00f1ada a tu Medida<\/strong><\/h5>\n<p data-start=\"988\" data-end=\"1293\">La <strong data-start=\"991\" data-end=\"1008\">Cocina Carter<\/strong> permite elegir cada detalle: acabados de los armarios, herrajes, distribuci\u00f3n y soluciones de almacenamiento. Su dise\u00f1o modular optimiza el espacio, ya sea un apartamento compacto o una vivienda amplia. Gracias a su organizaci\u00f3n inteligente, mantener la cocina ordenada es sencillo.<\/p>\n<h5 data-start=\"1295\" data-end=\"1336\"><strong data-start=\"1300\" data-end=\"1334\">Colaboraci\u00f3n y Personalizaci\u00f3n<\/strong><\/h5>\n<p data-start=\"1337\" data-end=\"1618\">Lapa Interior Design trabaja estrechamente contigo durante todo el proceso de dise\u00f1o. Esta colaboraci\u00f3n asegura que la <strong data-start=\"1456\" data-end=\"1473\">Cocina<\/strong>\u00a0refleje tu estilo de vida y cumpla con tus necesidades diarias. Se adapta a gustos modernos, minimalistas o a estilos cl\u00e1sicos y sofisticados.<\/p>\n<h5 data-start=\"1620\" data-end=\"1657\"><strong data-start=\"1625\" data-end=\"1655\">Materiales de Alta Calidad<\/strong><\/h5>\n<p data-start=\"1658\" data-end=\"1861\">Fabricada con materiales duraderos y sostenibles de origen portugu\u00e9s, la <strong data-start=\"1731\" data-end=\"1748\">Cocina Carter<\/strong> combina acabados suaves y detalles refinados. Esto crea un ambiente acogedor, ideal para cocinar y socializar.<\/p>\n<h5 data-start=\"1863\" data-end=\"1897\"><strong data-start=\"1868\" data-end=\"1895\">Inspiraci\u00f3n y Tradici\u00f3n<\/strong><\/h5>\n<p data-start=\"1898\" data-end=\"2068\">Para conocer m\u00e1s sobre la artesan\u00eda portuguesa, visita la Asociaci\u00f3n de Muebles de Portugal, un recurso que destaca la calidad y tradici\u00f3n en la fabricaci\u00f3n de muebles.<\/p>\n<h5 data-start=\"2070\" data-end=\"2100\"><strong data-start=\"2075\" data-end=\"2098\">Transforma tu Hogar<\/strong><\/h5>\n<p data-start=\"2101\" data-end=\"2213\">La <strong data-start=\"2104\" data-end=\"2121\">Cocina Carter<\/strong> es m\u00e1s que una cocina: es un espacio hecho a medida que refleja tu personalidad y estilo.<\/p>\n<p data-start=\"2215\" data-end=\"2308\"><strong data-start=\"2215\" data-end=\"2230\">Producci\u00f3n:<\/strong> Portugal<br data-start=\"2239\" data-end=\"2242\" \/><strong data-start=\"2242\" data-end=\"2306\">Tama\u00f1os y acabados personalizados disponibles bajo solicitud<\/strong><\/p>\n","protected":false},"excerpt":{"rendered":"<p>La <strong data-start=\"722\" data-end=\"739\">Cocina Carter<\/strong> combina dise\u00f1o a medida, funcionalidad y elegancia. Fabricada en Portugal, se adapta a tu estilo y espacio, creando un ambiente moderno y sofisticado.<\/p>\n","protected":false},"featured_media":19735,"template":"","meta":{"_joinchat":{"telephone":"+3519310131778","message_text":"Questions about this piece?"}},"product_brand":[],"product_cat":[944,943],"product_tag":[4335,4363,4362,4344,4357,4333,4345,816],"class_list":{"0":"post-19749","1":"product","2":"type-product","3":"status-publish","4":"has-post-thumbnail","6":"product_cat-cocinas","7":"product_cat-gabinetes","8":"product_tag-cocina-a-medida","9":"product_tag-cocina-artesanal","10":"product_tag-cocina-carter","11":"product_tag-cocina-de-lujo","12":"product_tag-cocina-elegante","13":"product_tag-cocina-modular","14":"product_tag-cocina-personalizada","15":"product_tag-lapa-interior-design","17":"first","18":"onbackorder","19":"taxable","20":"shipping-taxable","21":"product-type-simple"},"yoast_head":"<!-- This site is optimized with the Yoast SEO plugin v26.7 - https:\/\/yoast.com\/wordpress\/plugins\/seo\/ -->\n<title>Cocina Carter - lapainteriordesign.com<\/title>\n<meta name=\"description\" content=\"Cocina Carter de Lapa Interior Design: cocina a medida, elegante y funcional, fabricada en Portugal con materiales de alta calidad.\" \/>\n<meta name=\"robots\" content=\"index, follow, max-snippet:-1, max-image-preview:large, max-video-preview:-1\" \/>\n<link rel=\"canonical\" href=\"https:\/\/lapainteriordesign.com\/es\/product\/cocina-carter\/\" \/>\n<meta property=\"og:locale\" content=\"es_ES\" \/>\n<meta property=\"og:type\" content=\"article\" \/>\n<meta property=\"og:title\" content=\"Carter Kitchen\" \/>\n<meta property=\"og:description\" content=\"The Carter Kitchen is a tailor-made, fully customizable kitchen made in Portugal to fit your style and space, with modern design and enhanced functionality.\" \/>\n<meta property=\"og:url\" content=\"https:\/\/lapainteriordesign.com\/es\/product\/cocina-carter\/\" \/>\n<meta property=\"og:site_name\" content=\"lapainteriordesign.com\" \/>\n<meta property=\"article:publisher\" content=\"https:\/\/www.facebook.com\/LapaInteriorDesign\" \/>\n<meta property=\"article:modified_time\" content=\"2025-12-27T19:17:20+00:00\" \/>\n<meta property=\"og:image\" content=\"https:\/\/lapainteriordesign.com\/wp-content\/uploads\/2025\/08\/Lapa_Interior_Design-Carter-kitchen-12.jpg\" \/>\n\t<meta property=\"og:image:width\" content=\"1000\" \/>\n\t<meta property=\"og:image:height\" content=\"1000\" \/>\n\t<meta property=\"og:image:type\" content=\"image\/jpeg\" \/>\n<meta name=\"twitter:card\" content=\"summary_large_image\" \/>\n<meta name=\"twitter:site\" content=\"@lapainterior\" \/>\n<meta name=\"twitter:label1\" content=\"Tiempo de lectura\" \/>\n\t<meta name=\"twitter:data1\" content=\"2 minutos\" \/>\n<script type=\"application\/ld+json\" class=\"yoast-schema-graph\">{\"@context\":\"https:\/\/schema.org\",\"@graph\":[{\"@type\":\"WebPage\",\"@id\":\"https:\/\/lapainteriordesign.com\/es\/product\/cocina-carter\/\",\"url\":\"https:\/\/lapainteriordesign.com\/es\/product\/cocina-carter\/\",\"name\":\"Cocina Carter - lapainteriordesign.com\",\"isPartOf\":{\"@id\":\"https:\/\/lapainteriordesign.com\/#website\"},\"primaryImageOfPage\":{\"@id\":\"https:\/\/lapainteriordesign.com\/es\/product\/cocina-carter\/#primaryimage\"},\"image\":{\"@id\":\"https:\/\/lapainteriordesign.com\/es\/product\/cocina-carter\/#primaryimage\"},\"thumbnailUrl\":\"https:\/\/lapainteriordesign.com\/wp-content\/uploads\/2025\/08\/Lapa_Interior_Design-Carter-kitchen-11.jpg\",\"datePublished\":\"2025-08-06T19:31:21+00:00\",\"dateModified\":\"2025-12-27T19:17:20+00:00\",\"description\":\"Cocina Carter de Lapa Interior Design: cocina a medida, elegante y funcional, fabricada en Portugal con materiales de alta calidad.\",\"breadcrumb\":{\"@id\":\"https:\/\/lapainteriordesign.com\/es\/product\/cocina-carter\/#breadcrumb\"},\"inLanguage\":\"es\",\"potentialAction\":[{\"@type\":\"ReadAction\",\"target\":[\"https:\/\/lapainteriordesign.com\/es\/product\/cocina-carter\/\"]}]},{\"@type\":\"ImageObject\",\"inLanguage\":\"es\",\"@id\":\"https:\/\/lapainteriordesign.com\/es\/product\/cocina-carter\/#primaryimage\",\"url\":\"https:\/\/lapainteriordesign.com\/wp-content\/uploads\/2025\/08\/Lapa_Interior_Design-Carter-kitchen-11.jpg\",\"contentUrl\":\"https:\/\/lapainteriordesign.com\/wp-content\/uploads\/2025\/08\/Lapa_Interior_Design-Carter-kitchen-11.jpg\",\"width\":1000,\"height\":1000,\"caption\":\"Carter Kitchen da Lapa Interior Design \u2013 Cozinha sob medida com design moderno e funcionalidade aprimorada.\"},{\"@type\":\"BreadcrumbList\",\"@id\":\"https:\/\/lapainteriordesign.com\/es\/product\/cocina-carter\/#breadcrumb\",\"itemListElement\":[{\"@type\":\"ListItem\",\"position\":1,\"name\":\"Home\",\"item\":\"https:\/\/lapainteriordesign.com\/es\/\"},{\"@type\":\"ListItem\",\"position\":2,\"name\":\"Products\",\"item\":\"https:\/\/lapainteriordesign.com\/products\/\"},{\"@type\":\"ListItem\",\"position\":3,\"name\":\"Cocina Carter\"}]},{\"@type\":\"WebSite\",\"@id\":\"https:\/\/lapainteriordesign.com\/#website\",\"url\":\"https:\/\/lapainteriordesign.com\/\",\"name\":\"lapainteriordesign.com\",\"description\":\"Luxury Interior Design\",\"publisher\":{\"@id\":\"https:\/\/lapainteriordesign.com\/#organization\"},\"potentialAction\":[{\"@type\":\"SearchAction\",\"target\":{\"@type\":\"EntryPoint\",\"urlTemplate\":\"https:\/\/lapainteriordesign.com\/?s={search_term_string}\"},\"query-input\":{\"@type\":\"PropertyValueSpecification\",\"valueRequired\":true,\"valueName\":\"search_term_string\"}}],\"inLanguage\":\"es\"},{\"@type\":\"Organization\",\"@id\":\"https:\/\/lapainteriordesign.com\/#organization\",\"name\":\"Lapa Interior Design\",\"url\":\"https:\/\/lapainteriordesign.com\/\",\"logo\":{\"@type\":\"ImageObject\",\"inLanguage\":\"es\",\"@id\":\"https:\/\/lapainteriordesign.com\/#\/schema\/logo\/image\/\",\"url\":\"https:\/\/lapainteriordesign.com\/wp-content\/uploads\/2026\/02\/cropped-Design-sem-nome-2026-02-04T094114.020.jpg\",\"contentUrl\":\"https:\/\/lapainteriordesign.com\/wp-content\/uploads\/2026\/02\/cropped-Design-sem-nome-2026-02-04T094114.020.jpg\",\"width\":512,\"height\":512,\"caption\":\"Lapa Interior Design\"},\"image\":{\"@id\":\"https:\/\/lapainteriordesign.com\/#\/schema\/logo\/image\/\"},\"sameAs\":[\"https:\/\/www.facebook.com\/LapaInteriorDesign\",\"https:\/\/x.com\/lapainterior\",\"https:\/\/www.instagram.com\/lapainteriordesign\/\",\"https:\/\/www.linkedin.com\/in\/lapa-interior-design-376823206\/\"]}]}<\/script>\n<!-- \/ Yoast SEO plugin. -->","yoast_head_json":{"title":"Cocina Carter - lapainteriordesign.com","description":"Cocina Carter de Lapa Interior Design: cocina a medida, elegante y funcional, fabricada en Portugal con materiales de alta calidad.","robots":{"index":"index","follow":"follow","max-snippet":"max-snippet:-1","max-image-preview":"max-image-preview:large","max-video-preview":"max-video-preview:-1"},"canonical":"https:\/\/lapainteriordesign.com\/es\/product\/cocina-carter\/","og_locale":"es_ES","og_type":"article","og_title":"Carter Kitchen","og_description":"The Carter Kitchen is a tailor-made, fully customizable kitchen made in Portugal to fit your style and space, with modern design and enhanced functionality.","og_url":"https:\/\/lapainteriordesign.com\/es\/product\/cocina-carter\/","og_site_name":"lapainteriordesign.com","article_publisher":"https:\/\/www.facebook.com\/LapaInteriorDesign","article_modified_time":"2025-12-27T19:17:20+00:00","og_image":[{"width":1000,"height":1000,"url":"https:\/\/lapainteriordesign.com\/wp-content\/uploads\/2025\/08\/Lapa_Interior_Design-Carter-kitchen-12.jpg","type":"image\/jpeg"}],"twitter_card":"summary_large_image","twitter_site":"@lapainterior","twitter_misc":{"Tiempo de lectura":"2 minutos"},"schema":{"@context":"https:\/\/schema.org","@graph":[{"@type":"WebPage","@id":"https:\/\/lapainteriordesign.com\/es\/product\/cocina-carter\/","url":"https:\/\/lapainteriordesign.com\/es\/product\/cocina-carter\/","name":"Cocina Carter - lapainteriordesign.com","isPartOf":{"@id":"https:\/\/lapainteriordesign.com\/#website"},"primaryImageOfPage":{"@id":"https:\/\/lapainteriordesign.com\/es\/product\/cocina-carter\/#primaryimage"},"image":{"@id":"https:\/\/lapainteriordesign.com\/es\/product\/cocina-carter\/#primaryimage"},"thumbnailUrl":"https:\/\/lapainteriordesign.com\/wp-content\/uploads\/2025\/08\/Lapa_Interior_Design-Carter-kitchen-11.jpg","datePublished":"2025-08-06T19:31:21+00:00","dateModified":"2025-12-27T19:17:20+00:00","description":"Cocina Carter de Lapa Interior Design: cocina a medida, elegante y funcional, fabricada en Portugal con materiales de alta calidad.","breadcrumb":{"@id":"https:\/\/lapainteriordesign.com\/es\/product\/cocina-carter\/#breadcrumb"},"inLanguage":"es","potentialAction":[{"@type":"ReadAction","target":["https:\/\/lapainteriordesign.com\/es\/product\/cocina-carter\/"]}]},{"@type":"ImageObject","inLanguage":"es","@id":"https:\/\/lapainteriordesign.com\/es\/product\/cocina-carter\/#primaryimage","url":"https:\/\/lapainteriordesign.com\/wp-content\/uploads\/2025\/08\/Lapa_Interior_Design-Carter-kitchen-11.jpg","contentUrl":"https:\/\/lapainteriordesign.com\/wp-content\/uploads\/2025\/08\/Lapa_Interior_Design-Carter-kitchen-11.jpg","width":1000,"height":1000,"caption":"Carter Kitchen da Lapa Interior Design \u2013 Cozinha sob medida com design moderno e funcionalidade aprimorada."},{"@type":"BreadcrumbList","@id":"https:\/\/lapainteriordesign.com\/es\/product\/cocina-carter\/#breadcrumb","itemListElement":[{"@type":"ListItem","position":1,"name":"Home","item":"https:\/\/lapainteriordesign.com\/es\/"},{"@type":"ListItem","position":2,"name":"Products","item":"https:\/\/lapainteriordesign.com\/products\/"},{"@type":"ListItem","position":3,"name":"Cocina Carter"}]},{"@type":"WebSite","@id":"https:\/\/lapainteriordesign.com\/#website","url":"https:\/\/lapainteriordesign.com\/","name":"lapainteriordesign.com","description":"Luxury Interior Design","publisher":{"@id":"https:\/\/lapainteriordesign.com\/#organization"},"potentialAction":[{"@type":"SearchAction","target":{"@type":"EntryPoint","urlTemplate":"https:\/\/lapainteriordesign.com\/?s={search_term_string}"},"query-input":{"@type":"PropertyValueSpecification","valueRequired":true,"valueName":"search_term_string"}}],"inLanguage":"es"},{"@type":"Organization","@id":"https:\/\/lapainteriordesign.com\/#organization","name":"Lapa Interior Design","url":"https:\/\/lapainteriordesign.com\/","logo":{"@type":"ImageObject","inLanguage":"es","@id":"https:\/\/lapainteriordesign.com\/#\/schema\/logo\/image\/","url":"https:\/\/lapainteriordesign.com\/wp-content\/uploads\/2026\/02\/cropped-Design-sem-nome-2026-02-04T094114.020.jpg","contentUrl":"https:\/\/lapainteriordesign.com\/wp-content\/uploads\/2026\/02\/cropped-Design-sem-nome-2026-02-04T094114.020.jpg","width":512,"height":512,"caption":"Lapa Interior Design"},"image":{"@id":"https:\/\/lapainteriordesign.com\/#\/schema\/logo\/image\/"},"sameAs":["https:\/\/www.facebook.com\/LapaInteriorDesign","https:\/\/x.com\/lapainterior","https:\/\/www.instagram.com\/lapainteriordesign\/","https:\/\/www.linkedin.com\/in\/lapa-interior-design-376823206\/"]}]}},"_links":{"self":[{"href":"https:\/\/lapainteriordesign.com\/es\/wp-json\/wp\/v2\/product\/19749","targetHints":{"allow":["GET"]}}],"collection":[{"href":"https:\/\/lapainteriordesign.com\/es\/wp-json\/wp\/v2\/product"}],"about":[{"href":"https:\/\/lapainteriordesign.com\/es\/wp-json\/wp\/v2\/types\/product"}],"version-history":[{"count":0,"href":"https:\/\/lapainteriordesign.com\/es\/wp-json\/wp\/v2\/product\/19749\/revisions"}],"wp:featuredmedia":[{"embeddable":true,"href":"https:\/\/lapainteriordesign.com\/es\/wp-json\/wp\/v2\/media\/19735"}],"wp:attachment":[{"href":"https:\/\/lapainteriordesign.com\/es\/wp-json\/wp\/v2\/media?parent=19749"}],"wp:term":[{"taxonomy":"product_brand","embeddable":true,"href":"https:\/\/lapainteriordesign.com\/es\/wp-json\/wp\/v2\/product_brand?post=19749"},{"taxonomy":"product_cat","embeddable":true,"href":"https:\/\/lapainteriordesign.com\/es\/wp-json\/wp\/v2\/product_cat?post=19749"},{"taxonomy":"product_tag","embeddable":true,"href":"https:\/\/lapainteriordesign.com\/es\/wp-json\/wp\/v2\/product_tag?post=19749"}],"curies":[{"name":"wp","href":"https:\/\/api.w.org\/{rel}","templated":true}]}}