{"id":15731,"date":"2023-04-10T15:53:47","date_gmt":"2023-04-10T15:53:47","guid":{"rendered":"https:\/\/lapainteriordesign.com\/sign-up-newsletter\/"},"modified":"2025-09-25T08:59:51","modified_gmt":"2025-09-25T08:59:51","slug":"suscribete-al-boletin-informativo","status":"publish","type":"page","link":"https:\/\/lapainteriordesign.com\/es\/suscribete-al-boletin-informativo\/","title":{"rendered":"Suscr\u00edbete al bolet\u00edn informativo"},"content":{"rendered":"\t\t<div data-elementor-type=\"wp-page\" data-elementor-id=\"15731\" class=\"elementor elementor-15731 elementor-8880\">\n\t\t\t\t\t\t<section class=\"elementor-section elementor-top-section elementor-element elementor-element-5062792 elementor-section-boxed elementor-section-height-default elementor-section-height-default\" data-id=\"5062792\" data-element_type=\"section\" data-e-type=\"section\">\n\t\t\t\t\t\t<div class=\"elementor-container elementor-column-gap-default\">\n\t\t\t\t\t<div class=\"elementor-column elementor-col-50 elementor-top-column elementor-element elementor-element-3f8c128\" data-id=\"3f8c128\" data-element_type=\"column\" data-e-type=\"column\" data-settings=\"{&quot;background_background&quot;:&quot;classic&quot;}\">\n\t\t\t<div class=\"elementor-widget-wrap elementor-element-populated\">\n\t\t\t\t\t\t\t<\/div>\n\t\t<\/div>\n\t\t\t\t<div class=\"elementor-column elementor-col-50 elementor-top-column elementor-element elementor-element-6f173ca\" data-id=\"6f173ca\" data-element_type=\"column\" data-e-type=\"column\">\n\t\t\t<div class=\"elementor-widget-wrap elementor-element-populated\">\n\t\t\t\t\t\t<div class=\"elementor-element elementor-element-99cbf2a wd-width-100 elementor-widget elementor-widget-wd_title\" data-id=\"99cbf2a\" data-element_type=\"widget\" data-e-type=\"widget\" data-widget_type=\"wd_title.default\">\n\t\t\t\t<div class=\"elementor-widget-container\">\n\t\t\t\t\t\t\t<div class=\"title-wrapper wd-set-mb reset-last-child wd-title-color-black wd-title-style-default wd-title-size-default text-center\">\n\n\t\t\t\n\t\t\t<div class=\"liner-continer\">\n\t\t\t\t<h4 class=\"woodmart-title-container title wd-fontsize-l\">S\u00e9 el primero en enterarte<\/h4> \n\t\t\t\t\t\t\t<\/div>\n\n\t\t\t\t\t<\/div>\n\t\t\t\t\t\t<\/div>\n\t\t\t\t<\/div>\n\t\t\t\t<div class=\"elementor-element elementor-element-182c921 elementor-widget elementor-widget-wd_text_block\" data-id=\"182c921\" data-element_type=\"widget\" data-e-type=\"widget\" data-widget_type=\"wd_text_block.default\">\n\t\t\t\t<div class=\"elementor-widget-container\">\n\t\t\t\t\t\t\t<div class=\"wd-text-block reset-last-child text-center\">\n\t\t\t\n\t\t\t<p style=\"text-align: center;\">Suscr\u00edbete al bolet\u00edn y recibe un 10% de descuento en tu primer pedido en l\u00ednea<\/p>\n\t\t\t\t\t<\/div>\n\t\t\t\t\t\t<\/div>\n\t\t\t\t<\/div>\n\t\t\t\t<div class=\"elementor-element elementor-element-905503e wd-width-100 elementor-widget elementor-widget-wd_mailchimp\" data-id=\"905503e\" data-element_type=\"widget\" data-e-type=\"widget\" data-widget_type=\"wd_mailchimp.default\">\n\t\t\t\t<div class=\"elementor-widget-container\">\n\t\t\t\t\t<script>(function() {\n\twindow.mc4wp = window.mc4wp || {\n\t\tlisteners: [],\n\t\tforms: {\n\t\t\ton: function(evt, cb) {\n\t\t\t\twindow.mc4wp.listeners.push(\n\t\t\t\t\t{\n\t\t\t\t\t\tevent   : evt,\n\t\t\t\t\t\tcallback: cb\n\t\t\t\t\t}\n\t\t\t\t);\n\t\t\t}\n\t\t}\n\t}\n})();\n<\/script><!-- Mailchimp for WordPress v4.10.9 - https:\/\/wordpress.org\/plugins\/mailchimp-for-wp\/ --><form id=\"mc4wp-form-1\" class=\"mc4wp-form mc4wp-form-594  text-center\" method=\"post\" data-id=\"594\" data-name=\"Newsletter form\" ><div class=\"mc4wp-form-fields\"><div class=\"row wd-spacing-10\">\r\n\r\n    <input type=\"email\" name=\"EMAIL\" placeholder=\"Email\" required=\"\">\r\n\r\n\r\n    \r\n    <label class=\"col-12\" style=\"margin-top: 10px\">\r\n        <input name=\"AGREE_TO_TERMS\" type=\"checkbox\" value=\"1\" required=\"\"> <a href=\"https:\/\/lapainteriordesign.com\/privacy-policy\/\" target=\"_blank\">I have read and agree to the Privacy Policy <\/a>\r\n    <\/label>\r\n\r\n  <p class=\"col-12\">\r\n     <input type=\"submit\" value=\"Sign up\"\/>\r\n  <\/p>\r\n<\/div><\/div><label style=\"display: none !important;\">Deja vac\u00edo este campo si eres humano: <input type=\"text\" name=\"_mc4wp_honeypot\" value=\"\" tabindex=\"-1\" autocomplete=\"off\" \/><\/label><input type=\"hidden\" name=\"_mc4wp_timestamp\" value=\"1776604124\" \/><input type=\"hidden\" name=\"_mc4wp_form_id\" value=\"594\" \/><input type=\"hidden\" name=\"_mc4wp_form_element_id\" value=\"mc4wp-form-1\" \/><div class=\"mc4wp-response\"><\/div><\/form><!-- \/ Mailchimp for WordPress Plugin -->\t\t\t\t<\/div>\n\t\t\t\t<\/div>\n\t\t\t\t\t<\/div>\n\t\t<\/div>\n\t\t\t\t\t<\/div>\n\t\t<\/section>\n\t\t\t\t<\/div>\n\t\t","protected":false},"excerpt":{"rendered":"<p>S\u00e9 el primero en enterarte Suscr\u00edbete al bolet\u00edn y recibe un 10% de descuento en tu primer pedido en l\u00ednea<\/p>\n","protected":false},"author":1,"featured_media":15729,"parent":0,"menu_order":0,"comment_status":"closed","ping_status":"closed","template":"","meta":{"_joinchat":[],"footnotes":""},"class_list":["post-15731","page","type-page","status-publish","has-post-thumbnail","hentry"],"yoast_head":"<!-- This site is optimized with the Yoast SEO plugin v26.7 - https:\/\/yoast.com\/wordpress\/plugins\/seo\/ -->\n<title>Suscr\u00edbete al bolet\u00edn informativo - lapainteriordesign.com<\/title>\n<meta name=\"description\" content=\"Explore luxury interior design products. Sign up for our newsletter to stay updated and elevate your spaces with style. Be the first to know!\" \/>\n<meta name=\"robots\" content=\"index, follow, max-snippet:-1, max-image-preview:large, max-video-preview:-1\" \/>\n<link rel=\"canonical\" href=\"https:\/\/lapainteriordesign.com\/es\/suscribete-al-boletin-informativo\/\" \/>\n<meta property=\"og:locale\" content=\"es_ES\" \/>\n<meta property=\"og:type\" content=\"article\" \/>\n<meta property=\"og:title\" content=\"Sign up Newsletter\" \/>\n<meta property=\"og:description\" content=\"Explore luxury interior design products. Sign up for our newsletter to stay updated and elevate your spaces with style. Be the first to know!\" \/>\n<meta property=\"og:url\" content=\"https:\/\/lapainteriordesign.com\/es\/suscribete-al-boletin-informativo\/\" \/>\n<meta property=\"og:site_name\" content=\"lapainteriordesign.com\" \/>\n<meta property=\"article:publisher\" content=\"https:\/\/www.facebook.com\/LapaInteriorDesign\" \/>\n<meta property=\"article:modified_time\" content=\"2025-09-25T08:59:51+00:00\" \/>\n<meta property=\"og:image\" content=\"https:\/\/lapainteriordesign.com\/wp-content\/uploads\/2023\/08\/Sign-up-Newsletter-lapa-luxury-interior-design_facebook.jpg\" \/>\n\t<meta property=\"og:image:width\" content=\"940\" \/>\n\t<meta property=\"og:image:height\" content=\"788\" \/>\n\t<meta property=\"og:image:type\" content=\"image\/jpeg\" \/>\n<meta name=\"twitter:card\" content=\"summary_large_image\" \/>\n<meta name=\"twitter:title\" content=\"Sign up Newsletter\" \/>\n<meta name=\"twitter:description\" content=\"Explore luxury interior design products. Sign up for our newsletter to stay updated and elevate your spaces with style. Be the first to know!\" \/>\n<meta name=\"twitter:image\" content=\"https:\/\/lapainteriordesign.com\/wp-content\/uploads\/2023\/08\/Sign-up-Newsletter-lapa-luxury-interior-design_twitter.jpg\" \/>\n<meta name=\"twitter:site\" content=\"@lapainterior\" \/>\n<meta name=\"twitter:label1\" content=\"Tiempo de lectura\" \/>\n\t<meta name=\"twitter:data1\" content=\"1 minuto\" \/>\n<script type=\"application\/ld+json\" class=\"yoast-schema-graph\">{\"@context\":\"https:\/\/schema.org\",\"@graph\":[{\"@type\":[\"WebPage\",\"ContactPage\"],\"@id\":\"https:\/\/lapainteriordesign.com\/es\/suscribete-al-boletin-informativo\/\",\"url\":\"https:\/\/lapainteriordesign.com\/es\/suscribete-al-boletin-informativo\/\",\"name\":\"Suscr\u00edbete al bolet\u00edn informativo - lapainteriordesign.com\",\"isPartOf\":{\"@id\":\"https:\/\/lapainteriordesign.com\/#website\"},\"primaryImageOfPage\":{\"@id\":\"https:\/\/lapainteriordesign.com\/es\/suscribete-al-boletin-informativo\/#primaryimage\"},\"image\":{\"@id\":\"https:\/\/lapainteriordesign.com\/es\/suscribete-al-boletin-informativo\/#primaryimage\"},\"thumbnailUrl\":\"https:\/\/lapainteriordesign.com\/wp-content\/uploads\/2023\/08\/Sign-up-Newsletter-lapa-luxury-interior-design.jpg\",\"datePublished\":\"2023-04-10T15:53:47+00:00\",\"dateModified\":\"2025-09-25T08:59:51+00:00\",\"description\":\"Explore luxury interior design products. Sign up for our newsletter to stay updated and elevate your spaces with style. Be the first to know!\",\"breadcrumb\":{\"@id\":\"https:\/\/lapainteriordesign.com\/es\/suscribete-al-boletin-informativo\/#breadcrumb\"},\"inLanguage\":\"es\",\"potentialAction\":[{\"@type\":\"ReadAction\",\"target\":[\"https:\/\/lapainteriordesign.com\/es\/suscribete-al-boletin-informativo\/\"]}]},{\"@type\":\"ImageObject\",\"inLanguage\":\"es\",\"@id\":\"https:\/\/lapainteriordesign.com\/es\/suscribete-al-boletin-informativo\/#primaryimage\",\"url\":\"https:\/\/lapainteriordesign.com\/wp-content\/uploads\/2023\/08\/Sign-up-Newsletter-lapa-luxury-interior-design.jpg\",\"contentUrl\":\"https:\/\/lapainteriordesign.com\/wp-content\/uploads\/2023\/08\/Sign-up-Newsletter-lapa-luxury-interior-design.jpg\",\"width\":1000,\"height\":1000,\"caption\":\"Sign-up-Newsletter-lapa-luxury-interior-design\"},{\"@type\":\"BreadcrumbList\",\"@id\":\"https:\/\/lapainteriordesign.com\/es\/suscribete-al-boletin-informativo\/#breadcrumb\",\"itemListElement\":[{\"@type\":\"ListItem\",\"position\":1,\"name\":\"Home\",\"item\":\"https:\/\/lapainteriordesign.com\/es\/\"},{\"@type\":\"ListItem\",\"position\":2,\"name\":\"Suscr\u00edbete al bolet\u00edn informativo\"}]},{\"@type\":\"WebSite\",\"@id\":\"https:\/\/lapainteriordesign.com\/#website\",\"url\":\"https:\/\/lapainteriordesign.com\/\",\"name\":\"lapainteriordesign.com\",\"description\":\"Luxury Interior Design\",\"publisher\":{\"@id\":\"https:\/\/lapainteriordesign.com\/#organization\"},\"potentialAction\":[{\"@type\":\"SearchAction\",\"target\":{\"@type\":\"EntryPoint\",\"urlTemplate\":\"https:\/\/lapainteriordesign.com\/?s={search_term_string}\"},\"query-input\":{\"@type\":\"PropertyValueSpecification\",\"valueRequired\":true,\"valueName\":\"search_term_string\"}}],\"inLanguage\":\"es\"},{\"@type\":\"Organization\",\"@id\":\"https:\/\/lapainteriordesign.com\/#organization\",\"name\":\"Lapa Interior Design\",\"url\":\"https:\/\/lapainteriordesign.com\/\",\"logo\":{\"@type\":\"ImageObject\",\"inLanguage\":\"es\",\"@id\":\"https:\/\/lapainteriordesign.com\/#\/schema\/logo\/image\/\",\"url\":\"https:\/\/lapainteriordesign.com\/wp-content\/uploads\/2026\/02\/cropped-Design-sem-nome-2026-02-04T094114.020.jpg\",\"contentUrl\":\"https:\/\/lapainteriordesign.com\/wp-content\/uploads\/2026\/02\/cropped-Design-sem-nome-2026-02-04T094114.020.jpg\",\"width\":512,\"height\":512,\"caption\":\"Lapa Interior Design\"},\"image\":{\"@id\":\"https:\/\/lapainteriordesign.com\/#\/schema\/logo\/image\/\"},\"sameAs\":[\"https:\/\/www.facebook.com\/LapaInteriorDesign\",\"https:\/\/x.com\/lapainterior\",\"https:\/\/www.instagram.com\/lapainteriordesign\/\",\"https:\/\/www.linkedin.com\/in\/lapa-interior-design-376823206\/\"]}]}<\/script>\n<!-- \/ Yoast SEO plugin. -->","yoast_head_json":{"title":"Suscr\u00edbete al bolet\u00edn informativo - lapainteriordesign.com","description":"Explore luxury interior design products. Sign up for our newsletter to stay updated and elevate your spaces with style. Be the first to know!","robots":{"index":"index","follow":"follow","max-snippet":"max-snippet:-1","max-image-preview":"max-image-preview:large","max-video-preview":"max-video-preview:-1"},"canonical":"https:\/\/lapainteriordesign.com\/es\/suscribete-al-boletin-informativo\/","og_locale":"es_ES","og_type":"article","og_title":"Sign up Newsletter","og_description":"Explore luxury interior design products. Sign up for our newsletter to stay updated and elevate your spaces with style. Be the first to know!","og_url":"https:\/\/lapainteriordesign.com\/es\/suscribete-al-boletin-informativo\/","og_site_name":"lapainteriordesign.com","article_publisher":"https:\/\/www.facebook.com\/LapaInteriorDesign","article_modified_time":"2025-09-25T08:59:51+00:00","og_image":[{"width":940,"height":788,"url":"https:\/\/lapainteriordesign.com\/wp-content\/uploads\/2023\/08\/Sign-up-Newsletter-lapa-luxury-interior-design_facebook.jpg","type":"image\/jpeg"}],"twitter_card":"summary_large_image","twitter_title":"Sign up Newsletter","twitter_description":"Explore luxury interior design products. Sign up for our newsletter to stay updated and elevate your spaces with style. Be the first to know!","twitter_image":"https:\/\/lapainteriordesign.com\/wp-content\/uploads\/2023\/08\/Sign-up-Newsletter-lapa-luxury-interior-design_twitter.jpg","twitter_site":"@lapainterior","twitter_misc":{"Tiempo de lectura":"1 minuto"},"schema":{"@context":"https:\/\/schema.org","@graph":[{"@type":["WebPage","ContactPage"],"@id":"https:\/\/lapainteriordesign.com\/es\/suscribete-al-boletin-informativo\/","url":"https:\/\/lapainteriordesign.com\/es\/suscribete-al-boletin-informativo\/","name":"Suscr\u00edbete al bolet\u00edn informativo - lapainteriordesign.com","isPartOf":{"@id":"https:\/\/lapainteriordesign.com\/#website"},"primaryImageOfPage":{"@id":"https:\/\/lapainteriordesign.com\/es\/suscribete-al-boletin-informativo\/#primaryimage"},"image":{"@id":"https:\/\/lapainteriordesign.com\/es\/suscribete-al-boletin-informativo\/#primaryimage"},"thumbnailUrl":"https:\/\/lapainteriordesign.com\/wp-content\/uploads\/2023\/08\/Sign-up-Newsletter-lapa-luxury-interior-design.jpg","datePublished":"2023-04-10T15:53:47+00:00","dateModified":"2025-09-25T08:59:51+00:00","description":"Explore luxury interior design products. Sign up for our newsletter to stay updated and elevate your spaces with style. Be the first to know!","breadcrumb":{"@id":"https:\/\/lapainteriordesign.com\/es\/suscribete-al-boletin-informativo\/#breadcrumb"},"inLanguage":"es","potentialAction":[{"@type":"ReadAction","target":["https:\/\/lapainteriordesign.com\/es\/suscribete-al-boletin-informativo\/"]}]},{"@type":"ImageObject","inLanguage":"es","@id":"https:\/\/lapainteriordesign.com\/es\/suscribete-al-boletin-informativo\/#primaryimage","url":"https:\/\/lapainteriordesign.com\/wp-content\/uploads\/2023\/08\/Sign-up-Newsletter-lapa-luxury-interior-design.jpg","contentUrl":"https:\/\/lapainteriordesign.com\/wp-content\/uploads\/2023\/08\/Sign-up-Newsletter-lapa-luxury-interior-design.jpg","width":1000,"height":1000,"caption":"Sign-up-Newsletter-lapa-luxury-interior-design"},{"@type":"BreadcrumbList","@id":"https:\/\/lapainteriordesign.com\/es\/suscribete-al-boletin-informativo\/#breadcrumb","itemListElement":[{"@type":"ListItem","position":1,"name":"Home","item":"https:\/\/lapainteriordesign.com\/es\/"},{"@type":"ListItem","position":2,"name":"Suscr\u00edbete al bolet\u00edn informativo"}]},{"@type":"WebSite","@id":"https:\/\/lapainteriordesign.com\/#website","url":"https:\/\/lapainteriordesign.com\/","name":"lapainteriordesign.com","description":"Luxury Interior Design","publisher":{"@id":"https:\/\/lapainteriordesign.com\/#organization"},"potentialAction":[{"@type":"SearchAction","target":{"@type":"EntryPoint","urlTemplate":"https:\/\/lapainteriordesign.com\/?s={search_term_string}"},"query-input":{"@type":"PropertyValueSpecification","valueRequired":true,"valueName":"search_term_string"}}],"inLanguage":"es"},{"@type":"Organization","@id":"https:\/\/lapainteriordesign.com\/#organization","name":"Lapa Interior Design","url":"https:\/\/lapainteriordesign.com\/","logo":{"@type":"ImageObject","inLanguage":"es","@id":"https:\/\/lapainteriordesign.com\/#\/schema\/logo\/image\/","url":"https:\/\/lapainteriordesign.com\/wp-content\/uploads\/2026\/02\/cropped-Design-sem-nome-2026-02-04T094114.020.jpg","contentUrl":"https:\/\/lapainteriordesign.com\/wp-content\/uploads\/2026\/02\/cropped-Design-sem-nome-2026-02-04T094114.020.jpg","width":512,"height":512,"caption":"Lapa Interior Design"},"image":{"@id":"https:\/\/lapainteriordesign.com\/#\/schema\/logo\/image\/"},"sameAs":["https:\/\/www.facebook.com\/LapaInteriorDesign","https:\/\/x.com\/lapainterior","https:\/\/www.instagram.com\/lapainteriordesign\/","https:\/\/www.linkedin.com\/in\/lapa-interior-design-376823206\/"]}]}},"_links":{"self":[{"href":"https:\/\/lapainteriordesign.com\/es\/wp-json\/wp\/v2\/pages\/15731","targetHints":{"allow":["GET"]}}],"collection":[{"href":"https:\/\/lapainteriordesign.com\/es\/wp-json\/wp\/v2\/pages"}],"about":[{"href":"https:\/\/lapainteriordesign.com\/es\/wp-json\/wp\/v2\/types\/page"}],"author":[{"embeddable":true,"href":"https:\/\/lapainteriordesign.com\/es\/wp-json\/wp\/v2\/users\/1"}],"replies":[{"embeddable":true,"href":"https:\/\/lapainteriordesign.com\/es\/wp-json\/wp\/v2\/comments?post=15731"}],"version-history":[{"count":0,"href":"https:\/\/lapainteriordesign.com\/es\/wp-json\/wp\/v2\/pages\/15731\/revisions"}],"wp:featuredmedia":[{"embeddable":true,"href":"https:\/\/lapainteriordesign.com\/es\/wp-json\/wp\/v2\/media\/15729"}],"wp:attachment":[{"href":"https:\/\/lapainteriordesign.com\/es\/wp-json\/wp\/v2\/media?parent=15731"}],"curies":[{"name":"wp","href":"https:\/\/api.w.org\/{rel}","templated":true}]}}