{"id":15612,"date":"2023-05-08T16:02:32","date_gmt":"2023-05-08T16:02:32","guid":{"rendered":"https:\/\/lapainteriordesign.com\/conflict-resolution\/"},"modified":"2025-09-23T09:00:38","modified_gmt":"2025-09-23T09:00:38","slug":"resolucion-de-conflictos","status":"publish","type":"page","link":"https:\/\/lapainteriordesign.com\/es\/resolucion-de-conflictos\/","title":{"rendered":"Resoluci\u00f3n de conflictos"},"content":{"rendered":"\t\t<div data-elementor-type=\"wp-page\" data-elementor-id=\"15612\" class=\"elementor elementor-15612 elementor-9742\">\n\t\t\t\t\t\t<section class=\"wd-negative-gap elementor-section elementor-top-section elementor-element elementor-element-f1da7d1 elementor-section-boxed elementor-section-height-default elementor-section-height-default\" data-id=\"f1da7d1\" data-element_type=\"section\" data-e-type=\"section\">\n\t\t\t\t\t\t<div class=\"elementor-container elementor-column-gap-default\">\n\t\t\t\t\t<div class=\"elementor-column elementor-col-100 elementor-top-column elementor-element elementor-element-56f38b8\" data-id=\"56f38b8\" data-element_type=\"column\" data-e-type=\"column\">\n\t\t\t<div class=\"elementor-widget-wrap elementor-element-populated\">\n\t\t\t\t\t\t<div class=\"elementor-element elementor-element-d6f73aa elementor-widget elementor-widget-wd_text_block\" data-id=\"d6f73aa\" data-element_type=\"widget\" data-e-type=\"widget\" data-widget_type=\"wd_text_block.default\">\n\t\t\t\t<div class=\"elementor-widget-container\">\n\t\t\t\t\t\t\t<div class=\"wd-text-block reset-last-child text-left\">\n\t\t\t\n\t\t\t<p>En caso de disputa o conflicto, el consumidor puede recurrir a la Resoluci\u00f3n Alternativa de Disputas en Consumo (com\u00fanmente conocida como ADR), que abarca la mediaci\u00f3n, la conciliaci\u00f3n y el arbitraje. Puedes consultar el listado de entidades aqu\u00ed <a href=\"https:\/\/www.consumidor.gov.pt\/parceiros\/sistema-de-defesa-do-consumidor\/entidades-de-resolucao-alternativa-de-litigios-de-consumo\/ral-mapa-e-lista-de-entidades.aspx\" target=\"_blank\" rel=\"noopener\">https:\/\/www.consumidor.gov.pt\/parceiros\/sistema-de-defesa-do-consumidor\/entidades-de-resolucao-alternativa-de-litigios-de-consumo\/ral-mapa-and-entity-list.aspx<\/a><\/p>\n<p>M\u00e1s informaci\u00f3n en el Portal del Consumidor <a href=\"http:\/\/www.consumidor.gov.pt\" target=\"_blank\" rel=\"noopener\">www.consumidor.gov.pt<\/a><\/p>\n\n\t\t\t\t\t<\/div>\n\t\t\t\t\t\t<\/div>\n\t\t\t\t<\/div>\n\t\t\t\t\t<\/div>\n\t\t<\/div>\n\t\t\t\t\t<\/div>\n\t\t<\/section>\n\t\t\t\t<\/div>\n\t\t","protected":false},"excerpt":{"rendered":"<p>En caso de disputa o conflicto, el consumidor puede recurrir a la Resoluci\u00f3n Alternativa de Disputas en Consumo (com\u00fanmente conocida<\/p>\n","protected":false},"author":1,"featured_media":15610,"parent":0,"menu_order":0,"comment_status":"closed","ping_status":"closed","template":"","meta":{"_joinchat":[],"footnotes":""},"class_list":["post-15612","page","type-page","status-publish","has-post-thumbnail","hentry"],"yoast_head":"<!-- This site is optimized with the Yoast SEO plugin v26.7 - https:\/\/yoast.com\/wordpress\/plugins\/seo\/ -->\n<title>Resoluci\u00f3n de conflictos - lapainteriordesign.com<\/title>\n<meta name=\"description\" content=\"Our team ensures that conflict resolutions are addressed with professionalism and empathy, leading to harmonious outcomes for all parties.\" \/>\n<meta name=\"robots\" content=\"index, follow, max-snippet:-1, max-image-preview:large, max-video-preview:-1\" \/>\n<link rel=\"canonical\" href=\"https:\/\/lapainteriordesign.com\/es\/resolucion-de-conflictos\/\" \/>\n<meta property=\"og:locale\" content=\"es_ES\" \/>\n<meta property=\"og:type\" content=\"article\" \/>\n<meta property=\"og:title\" content=\"Conflict resolution\" \/>\n<meta property=\"og:description\" content=\"Our team ensures that conflict resolutions are addressed with professionalism and empathy, leading to harmonious outcomes for all parties.\" \/>\n<meta property=\"og:url\" content=\"https:\/\/lapainteriordesign.com\/es\/resolucion-de-conflictos\/\" \/>\n<meta property=\"og:site_name\" content=\"lapainteriordesign.com\" \/>\n<meta property=\"article:publisher\" content=\"https:\/\/www.facebook.com\/LapaInteriorDesign\" \/>\n<meta property=\"article:modified_time\" content=\"2025-09-23T09:00:38+00:00\" \/>\n<meta property=\"og:image\" content=\"https:\/\/lapainteriordesign.com\/wp-content\/uploads\/2023\/08\/Conflit-resolution-lapa-Luxury-Interior-Design_shekhovtcova_facebook.jpg\" \/>\n\t<meta property=\"og:image:width\" content=\"940\" \/>\n\t<meta property=\"og:image:height\" content=\"788\" \/>\n\t<meta property=\"og:image:type\" content=\"image\/jpeg\" \/>\n<meta name=\"twitter:card\" content=\"summary_large_image\" \/>\n<meta name=\"twitter:title\" content=\"Conflict resolution\" \/>\n<meta name=\"twitter:description\" content=\"Our team ensures that conflict resolutions are addressed with professionalism and empathy, leading to harmonious outcomes for all parties.\" \/>\n<meta name=\"twitter:image\" content=\"https:\/\/lapainteriordesign.com\/wp-content\/uploads\/2023\/08\/Conflit-resolution-lapa-Luxury-Interior-Design_shekhovtcova_twitter.jpg\" \/>\n<meta name=\"twitter:site\" content=\"@lapainterior\" \/>\n<meta name=\"twitter:label1\" content=\"Tiempo de lectura\" \/>\n\t<meta name=\"twitter:data1\" content=\"1 minuto\" \/>\n<script type=\"application\/ld+json\" class=\"yoast-schema-graph\">{\"@context\":\"https:\/\/schema.org\",\"@graph\":[{\"@type\":\"WebPage\",\"@id\":\"https:\/\/lapainteriordesign.com\/es\/resolucion-de-conflictos\/\",\"url\":\"https:\/\/lapainteriordesign.com\/es\/resolucion-de-conflictos\/\",\"name\":\"Resoluci\u00f3n de conflictos - lapainteriordesign.com\",\"isPartOf\":{\"@id\":\"https:\/\/lapainteriordesign.com\/#website\"},\"primaryImageOfPage\":{\"@id\":\"https:\/\/lapainteriordesign.com\/es\/resolucion-de-conflictos\/#primaryimage\"},\"image\":{\"@id\":\"https:\/\/lapainteriordesign.com\/es\/resolucion-de-conflictos\/#primaryimage\"},\"thumbnailUrl\":\"https:\/\/lapainteriordesign.com\/wp-content\/uploads\/2023\/08\/Conflit-resolution-lapa-shekhovtcova.jpg\",\"datePublished\":\"2023-05-08T16:02:32+00:00\",\"dateModified\":\"2025-09-23T09:00:38+00:00\",\"description\":\"Our team ensures that conflict resolutions are addressed with professionalism and empathy, leading to harmonious outcomes for all parties.\",\"breadcrumb\":{\"@id\":\"https:\/\/lapainteriordesign.com\/es\/resolucion-de-conflictos\/#breadcrumb\"},\"inLanguage\":\"es\",\"potentialAction\":[{\"@type\":\"ReadAction\",\"target\":[\"https:\/\/lapainteriordesign.com\/es\/resolucion-de-conflictos\/\"]}]},{\"@type\":\"ImageObject\",\"inLanguage\":\"es\",\"@id\":\"https:\/\/lapainteriordesign.com\/es\/resolucion-de-conflictos\/#primaryimage\",\"url\":\"https:\/\/lapainteriordesign.com\/wp-content\/uploads\/2023\/08\/Conflit-resolution-lapa-shekhovtcova.jpg\",\"contentUrl\":\"https:\/\/lapainteriordesign.com\/wp-content\/uploads\/2023\/08\/Conflit-resolution-lapa-shekhovtcova.jpg\",\"width\":1000,\"height\":1000,\"caption\":\"Conflit resolution-lapa\"},{\"@type\":\"BreadcrumbList\",\"@id\":\"https:\/\/lapainteriordesign.com\/es\/resolucion-de-conflictos\/#breadcrumb\",\"itemListElement\":[{\"@type\":\"ListItem\",\"position\":1,\"name\":\"Home\",\"item\":\"https:\/\/lapainteriordesign.com\/es\/\"},{\"@type\":\"ListItem\",\"position\":2,\"name\":\"Resoluci\u00f3n de conflictos\"}]},{\"@type\":\"WebSite\",\"@id\":\"https:\/\/lapainteriordesign.com\/#website\",\"url\":\"https:\/\/lapainteriordesign.com\/\",\"name\":\"lapainteriordesign.com\",\"description\":\"Luxury Interior Design\",\"publisher\":{\"@id\":\"https:\/\/lapainteriordesign.com\/#organization\"},\"potentialAction\":[{\"@type\":\"SearchAction\",\"target\":{\"@type\":\"EntryPoint\",\"urlTemplate\":\"https:\/\/lapainteriordesign.com\/?s={search_term_string}\"},\"query-input\":{\"@type\":\"PropertyValueSpecification\",\"valueRequired\":true,\"valueName\":\"search_term_string\"}}],\"inLanguage\":\"es\"},{\"@type\":\"Organization\",\"@id\":\"https:\/\/lapainteriordesign.com\/#organization\",\"name\":\"Lapa Interior Design\",\"url\":\"https:\/\/lapainteriordesign.com\/\",\"logo\":{\"@type\":\"ImageObject\",\"inLanguage\":\"es\",\"@id\":\"https:\/\/lapainteriordesign.com\/#\/schema\/logo\/image\/\",\"url\":\"https:\/\/lapainteriordesign.com\/wp-content\/uploads\/2026\/02\/cropped-Design-sem-nome-2026-02-04T094114.020.jpg\",\"contentUrl\":\"https:\/\/lapainteriordesign.com\/wp-content\/uploads\/2026\/02\/cropped-Design-sem-nome-2026-02-04T094114.020.jpg\",\"width\":512,\"height\":512,\"caption\":\"Lapa Interior Design\"},\"image\":{\"@id\":\"https:\/\/lapainteriordesign.com\/#\/schema\/logo\/image\/\"},\"sameAs\":[\"https:\/\/www.facebook.com\/LapaInteriorDesign\",\"https:\/\/x.com\/lapainterior\",\"https:\/\/www.instagram.com\/lapainteriordesign\/\",\"https:\/\/www.linkedin.com\/in\/lapa-interior-design-376823206\/\"]}]}<\/script>\n<!-- \/ Yoast SEO plugin. -->","yoast_head_json":{"title":"Resoluci\u00f3n de conflictos - lapainteriordesign.com","description":"Our team ensures that conflict resolutions are addressed with professionalism and empathy, leading to harmonious outcomes for all parties.","robots":{"index":"index","follow":"follow","max-snippet":"max-snippet:-1","max-image-preview":"max-image-preview:large","max-video-preview":"max-video-preview:-1"},"canonical":"https:\/\/lapainteriordesign.com\/es\/resolucion-de-conflictos\/","og_locale":"es_ES","og_type":"article","og_title":"Conflict resolution","og_description":"Our team ensures that conflict resolutions are addressed with professionalism and empathy, leading to harmonious outcomes for all parties.","og_url":"https:\/\/lapainteriordesign.com\/es\/resolucion-de-conflictos\/","og_site_name":"lapainteriordesign.com","article_publisher":"https:\/\/www.facebook.com\/LapaInteriorDesign","article_modified_time":"2025-09-23T09:00:38+00:00","og_image":[{"width":940,"height":788,"url":"https:\/\/lapainteriordesign.com\/wp-content\/uploads\/2023\/08\/Conflit-resolution-lapa-Luxury-Interior-Design_shekhovtcova_facebook.jpg","type":"image\/jpeg"}],"twitter_card":"summary_large_image","twitter_title":"Conflict resolution","twitter_description":"Our team ensures that conflict resolutions are addressed with professionalism and empathy, leading to harmonious outcomes for all parties.","twitter_image":"https:\/\/lapainteriordesign.com\/wp-content\/uploads\/2023\/08\/Conflit-resolution-lapa-Luxury-Interior-Design_shekhovtcova_twitter.jpg","twitter_site":"@lapainterior","twitter_misc":{"Tiempo de lectura":"1 minuto"},"schema":{"@context":"https:\/\/schema.org","@graph":[{"@type":"WebPage","@id":"https:\/\/lapainteriordesign.com\/es\/resolucion-de-conflictos\/","url":"https:\/\/lapainteriordesign.com\/es\/resolucion-de-conflictos\/","name":"Resoluci\u00f3n de conflictos - lapainteriordesign.com","isPartOf":{"@id":"https:\/\/lapainteriordesign.com\/#website"},"primaryImageOfPage":{"@id":"https:\/\/lapainteriordesign.com\/es\/resolucion-de-conflictos\/#primaryimage"},"image":{"@id":"https:\/\/lapainteriordesign.com\/es\/resolucion-de-conflictos\/#primaryimage"},"thumbnailUrl":"https:\/\/lapainteriordesign.com\/wp-content\/uploads\/2023\/08\/Conflit-resolution-lapa-shekhovtcova.jpg","datePublished":"2023-05-08T16:02:32+00:00","dateModified":"2025-09-23T09:00:38+00:00","description":"Our team ensures that conflict resolutions are addressed with professionalism and empathy, leading to harmonious outcomes for all parties.","breadcrumb":{"@id":"https:\/\/lapainteriordesign.com\/es\/resolucion-de-conflictos\/#breadcrumb"},"inLanguage":"es","potentialAction":[{"@type":"ReadAction","target":["https:\/\/lapainteriordesign.com\/es\/resolucion-de-conflictos\/"]}]},{"@type":"ImageObject","inLanguage":"es","@id":"https:\/\/lapainteriordesign.com\/es\/resolucion-de-conflictos\/#primaryimage","url":"https:\/\/lapainteriordesign.com\/wp-content\/uploads\/2023\/08\/Conflit-resolution-lapa-shekhovtcova.jpg","contentUrl":"https:\/\/lapainteriordesign.com\/wp-content\/uploads\/2023\/08\/Conflit-resolution-lapa-shekhovtcova.jpg","width":1000,"height":1000,"caption":"Conflit resolution-lapa"},{"@type":"BreadcrumbList","@id":"https:\/\/lapainteriordesign.com\/es\/resolucion-de-conflictos\/#breadcrumb","itemListElement":[{"@type":"ListItem","position":1,"name":"Home","item":"https:\/\/lapainteriordesign.com\/es\/"},{"@type":"ListItem","position":2,"name":"Resoluci\u00f3n de conflictos"}]},{"@type":"WebSite","@id":"https:\/\/lapainteriordesign.com\/#website","url":"https:\/\/lapainteriordesign.com\/","name":"lapainteriordesign.com","description":"Luxury Interior Design","publisher":{"@id":"https:\/\/lapainteriordesign.com\/#organization"},"potentialAction":[{"@type":"SearchAction","target":{"@type":"EntryPoint","urlTemplate":"https:\/\/lapainteriordesign.com\/?s={search_term_string}"},"query-input":{"@type":"PropertyValueSpecification","valueRequired":true,"valueName":"search_term_string"}}],"inLanguage":"es"},{"@type":"Organization","@id":"https:\/\/lapainteriordesign.com\/#organization","name":"Lapa Interior Design","url":"https:\/\/lapainteriordesign.com\/","logo":{"@type":"ImageObject","inLanguage":"es","@id":"https:\/\/lapainteriordesign.com\/#\/schema\/logo\/image\/","url":"https:\/\/lapainteriordesign.com\/wp-content\/uploads\/2026\/02\/cropped-Design-sem-nome-2026-02-04T094114.020.jpg","contentUrl":"https:\/\/lapainteriordesign.com\/wp-content\/uploads\/2026\/02\/cropped-Design-sem-nome-2026-02-04T094114.020.jpg","width":512,"height":512,"caption":"Lapa Interior Design"},"image":{"@id":"https:\/\/lapainteriordesign.com\/#\/schema\/logo\/image\/"},"sameAs":["https:\/\/www.facebook.com\/LapaInteriorDesign","https:\/\/x.com\/lapainterior","https:\/\/www.instagram.com\/lapainteriordesign\/","https:\/\/www.linkedin.com\/in\/lapa-interior-design-376823206\/"]}]}},"_links":{"self":[{"href":"https:\/\/lapainteriordesign.com\/es\/wp-json\/wp\/v2\/pages\/15612","targetHints":{"allow":["GET"]}}],"collection":[{"href":"https:\/\/lapainteriordesign.com\/es\/wp-json\/wp\/v2\/pages"}],"about":[{"href":"https:\/\/lapainteriordesign.com\/es\/wp-json\/wp\/v2\/types\/page"}],"author":[{"embeddable":true,"href":"https:\/\/lapainteriordesign.com\/es\/wp-json\/wp\/v2\/users\/1"}],"replies":[{"embeddable":true,"href":"https:\/\/lapainteriordesign.com\/es\/wp-json\/wp\/v2\/comments?post=15612"}],"version-history":[{"count":0,"href":"https:\/\/lapainteriordesign.com\/es\/wp-json\/wp\/v2\/pages\/15612\/revisions"}],"wp:featuredmedia":[{"embeddable":true,"href":"https:\/\/lapainteriordesign.com\/es\/wp-json\/wp\/v2\/media\/15610"}],"wp:attachment":[{"href":"https:\/\/lapainteriordesign.com\/es\/wp-json\/wp\/v2\/media?parent=15612"}],"curies":[{"name":"wp","href":"https:\/\/api.w.org\/{rel}","templated":true}]}}